{"id":10411,"date":"2024-04-10T11:53:28","date_gmt":"2024-04-10T09:53:28","guid":{"rendered":"https:\/\/turismosantjoan.es\/noticies\/"},"modified":"2024-04-10T14:09:36","modified_gmt":"2024-04-10T12:09:36","slug":"noticies","status":"publish","type":"page","link":"https:\/\/turismosantjoan.es\/ca\/noticies\/","title":{"rendered":"Not\u00edcies"},"content":{"rendered":"\t\t<div data-elementor-type=\"wp-page\" data-elementor-id=\"10411\" class=\"elementor elementor-10411 elementor-10410\" data-elementor-post-type=\"page\">\n\t\t\t\t\t\t<section class=\"elementor-section elementor-top-section elementor-element elementor-element-cbd6d3f elementor-section-boxed elementor-section-height-default elementor-section-height-default\" data-id=\"cbd6d3f\" data-element_type=\"section\" data-e-type=\"section\">\n\t\t\t\t\t\t<div class=\"elementor-container elementor-column-gap-default\">\n\t\t\t\t\t<div class=\"elementor-column elementor-col-100 elementor-top-column elementor-element elementor-element-357f282\" data-id=\"357f282\" data-element_type=\"column\" data-e-type=\"column\">\n\t\t\t<div class=\"elementor-widget-wrap elementor-element-populated\">\n\t\t\t\t\t\t<div class=\"elementor-element elementor-element-4d3d646 elementor-widget elementor-widget-heading\" data-id=\"4d3d646\" data-element_type=\"widget\" data-e-type=\"widget\" data-widget_type=\"heading.default\">\n\t\t\t\t<div class=\"elementor-widget-container\">\n\t\t\t\t\t<h2 class=\"elementor-heading-title elementor-size-default\">Not\u00edcies<\/h2>\t\t\t\t<\/div>\n\t\t\t\t<\/div>\n\t\t\t\t<div class=\"elementor-element elementor-element-1f8019a elementor-grid-3 elementor-grid-tablet-2 elementor-grid-mobile-1 elementor-posts--thumbnail-top elementor-card-shadow-yes elementor-posts__hover-gradient elementor-widget elementor-widget-posts\" data-id=\"1f8019a\" data-element_type=\"widget\" data-e-type=\"widget\" data-settings=\"{&quot;cards_columns&quot;:&quot;3&quot;,&quot;cards_columns_tablet&quot;:&quot;2&quot;,&quot;cards_columns_mobile&quot;:&quot;1&quot;,&quot;cards_row_gap&quot;:{&quot;unit&quot;:&quot;px&quot;,&quot;size&quot;:35,&quot;sizes&quot;:[]},&quot;cards_row_gap_tablet&quot;:{&quot;unit&quot;:&quot;px&quot;,&quot;size&quot;:&quot;&quot;,&quot;sizes&quot;:[]},&quot;cards_row_gap_mobile&quot;:{&quot;unit&quot;:&quot;px&quot;,&quot;size&quot;:&quot;&quot;,&quot;sizes&quot;:[]}}\" data-widget_type=\"posts.cards\">\n\t\t\t\t<div class=\"elementor-widget-container\">\n\t\t\t\t\t\t\t<div class=\"elementor-posts-container elementor-posts elementor-posts--skin-cards elementor-grid\" role=\"list\">\n\t\t\t\t<article class=\"elementor-post elementor-grid-item post-11272 post type-post status-publish format-standard has-post-thumbnail hentry category-turisme\" role=\"listitem\">\n\t\t\t<div class=\"elementor-post__card\">\n\t\t\t\t<a class=\"elementor-post__thumbnail__link\" href=\"https:\/\/turismosantjoan.es\/ca\/xvii-gala-anual-del-comerc-de-sant-joan-dalacant\/\" tabindex=\"-1\" ><div class=\"elementor-post__thumbnail\"><img fetchpriority=\"high\" decoding=\"async\" width=\"590\" height=\"393\" src=\"https:\/\/turismosantjoan.es\/wp-content\/uploads\/2025\/11\/571166023_1370249518250817_7159095189871470337_n.jpg\" class=\"attachment-full size-full wp-image-11271\" alt=\"\" srcset=\"https:\/\/turismosantjoan.es\/wp-content\/uploads\/2025\/11\/571166023_1370249518250817_7159095189871470337_n.jpg 590w, https:\/\/turismosantjoan.es\/wp-content\/uploads\/2025\/11\/571166023_1370249518250817_7159095189871470337_n-300x200.jpg 300w\" sizes=\"(max-width: 590px) 100vw, 590px\" \/><\/div><\/a>\n\t\t\t\t<div class=\"elementor-post__badge\">Turisme<\/div>\n\t\t\t\t<div class=\"elementor-post__text\">\n\t\t\t\t<h3 class=\"elementor-post__title\">\n\t\t\t<a href=\"https:\/\/turismosantjoan.es\/ca\/xvii-gala-anual-del-comerc-de-sant-joan-dalacant\/\" >\n\t\t\t\tXVII Gala anual del Comer\u00e7 de Sant Joan d&#8217;Alacant\t\t\t<\/a>\n\t\t<\/h3>\n\t\t\t\t<\/div>\n\t\t\t\t<div class=\"elementor-post__meta-data\">\n\t\t\t\t\t<span class=\"elementor-post-date\">\n\t\t\t06\/11\/2025\t\t<\/span>\n\t\t\t\t<\/div>\n\t\t\t\t\t<\/div>\n\t\t<\/article>\n\t\t\t\t<article class=\"elementor-post elementor-grid-item post-11219 post type-post status-publish format-standard has-post-thumbnail hentry category-turisme\" role=\"listitem\">\n\t\t\t<div class=\"elementor-post__card\">\n\t\t\t\t<a class=\"elementor-post__thumbnail__link\" href=\"https:\/\/turismosantjoan.es\/ca\/sant-joan-dalacant-presenta-el-seu-projecte-immersiu-gastronomic-de-tecnologia-avancada\/\" tabindex=\"-1\" ><div class=\"elementor-post__thumbnail\"><img decoding=\"async\" width=\"1024\" height=\"683\" src=\"https:\/\/turismosantjoan.es\/wp-content\/uploads\/2025\/10\/PRESENTACION-SANT-JOAN-EN-ALICANTE-GASTRONOMICA-2025-3-1024x683-1.jpeg\" class=\"attachment-full size-full wp-image-11202\" alt=\"\" srcset=\"https:\/\/turismosantjoan.es\/wp-content\/uploads\/2025\/10\/PRESENTACION-SANT-JOAN-EN-ALICANTE-GASTRONOMICA-2025-3-1024x683-1.jpeg 1024w, https:\/\/turismosantjoan.es\/wp-content\/uploads\/2025\/10\/PRESENTACION-SANT-JOAN-EN-ALICANTE-GASTRONOMICA-2025-3-1024x683-1-300x200.jpeg 300w, https:\/\/turismosantjoan.es\/wp-content\/uploads\/2025\/10\/PRESENTACION-SANT-JOAN-EN-ALICANTE-GASTRONOMICA-2025-3-1024x683-1-768x512.jpeg 768w\" sizes=\"(max-width: 1024px) 100vw, 1024px\" \/><\/div><\/a>\n\t\t\t\t<div class=\"elementor-post__badge\">Turisme<\/div>\n\t\t\t\t<div class=\"elementor-post__text\">\n\t\t\t\t<h3 class=\"elementor-post__title\">\n\t\t\t<a href=\"https:\/\/turismosantjoan.es\/ca\/sant-joan-dalacant-presenta-el-seu-projecte-immersiu-gastronomic-de-tecnologia-avancada\/\" >\n\t\t\t\tSant Joan d&#8217;Alacant presenta el seu Projecte Immersiu Gastron\u00f2mic de tecnologia avan\u00e7ada\t\t\t<\/a>\n\t\t<\/h3>\n\t\t\t\t<\/div>\n\t\t\t\t<div class=\"elementor-post__meta-data\">\n\t\t\t\t\t<span class=\"elementor-post-date\">\n\t\t\t14\/10\/2025\t\t<\/span>\n\t\t\t\t<\/div>\n\t\t\t\t\t<\/div>\n\t\t<\/article>\n\t\t\t\t<article class=\"elementor-post elementor-grid-item post-11198 post type-post status-publish format-standard has-post-thumbnail hentry category-turisme\" role=\"listitem\">\n\t\t\t<div class=\"elementor-post__card\">\n\t\t\t\t<a class=\"elementor-post__thumbnail__link\" href=\"https:\/\/turismosantjoan.es\/ca\/sant-joan-oferira-a-alacant-gastronomica-2025-degustacions-de-productes-tipics-i-exhibicions-dhostalers-locals\/\" tabindex=\"-1\" ><div class=\"elementor-post__thumbnail\"><img decoding=\"async\" width=\"2048\" height=\"1365\" src=\"https:\/\/turismosantjoan.es\/wp-content\/uploads\/2025\/10\/PRESENTACION-SANT-JOAN-EN-ALICANTE-GASTRONOMICA-2025-2-2048x1365-1.jpeg\" class=\"attachment-full size-full wp-image-11193\" alt=\"\" srcset=\"https:\/\/turismosantjoan.es\/wp-content\/uploads\/2025\/10\/PRESENTACION-SANT-JOAN-EN-ALICANTE-GASTRONOMICA-2025-2-2048x1365-1.jpeg 2048w, https:\/\/turismosantjoan.es\/wp-content\/uploads\/2025\/10\/PRESENTACION-SANT-JOAN-EN-ALICANTE-GASTRONOMICA-2025-2-2048x1365-1-300x200.jpeg 300w, https:\/\/turismosantjoan.es\/wp-content\/uploads\/2025\/10\/PRESENTACION-SANT-JOAN-EN-ALICANTE-GASTRONOMICA-2025-2-2048x1365-1-1024x683.jpeg 1024w, https:\/\/turismosantjoan.es\/wp-content\/uploads\/2025\/10\/PRESENTACION-SANT-JOAN-EN-ALICANTE-GASTRONOMICA-2025-2-2048x1365-1-768x512.jpeg 768w, https:\/\/turismosantjoan.es\/wp-content\/uploads\/2025\/10\/PRESENTACION-SANT-JOAN-EN-ALICANTE-GASTRONOMICA-2025-2-2048x1365-1-1536x1024.jpeg 1536w\" sizes=\"(max-width: 2048px) 100vw, 2048px\" \/><\/div><\/a>\n\t\t\t\t<div class=\"elementor-post__badge\">Turisme<\/div>\n\t\t\t\t<div class=\"elementor-post__text\">\n\t\t\t\t<h3 class=\"elementor-post__title\">\n\t\t\t<a href=\"https:\/\/turismosantjoan.es\/ca\/sant-joan-oferira-a-alacant-gastronomica-2025-degustacions-de-productes-tipics-i-exhibicions-dhostalers-locals\/\" >\n\t\t\t\tSant Joan oferir\u00e0 a Alacant Gastron\u00f2mica 2025 degustacions de productes t\u00edpics i exhibicions d&#8217;hostalers locals\t\t\t<\/a>\n\t\t<\/h3>\n\t\t\t\t<\/div>\n\t\t\t\t<div class=\"elementor-post__meta-data\">\n\t\t\t\t\t<span class=\"elementor-post-date\">\n\t\t\t01\/10\/2025\t\t<\/span>\n\t\t\t\t<\/div>\n\t\t\t\t\t<\/div>\n\t\t<\/article>\n\t\t\t\t<article class=\"elementor-post elementor-grid-item post-11162 post type-post status-publish format-standard has-post-thumbnail hentry category-turisme\" role=\"listitem\">\n\t\t\t<div class=\"elementor-post__card\">\n\t\t\t\t<a class=\"elementor-post__thumbnail__link\" href=\"https:\/\/turismosantjoan.es\/ca\/nou-recital-culinari-de-sant-joan-dalacant-en-fitur-2025\/\" tabindex=\"-1\" ><div class=\"elementor-post__thumbnail\"><img loading=\"lazy\" decoding=\"async\" width=\"1200\" height=\"1600\" src=\"https:\/\/turismosantjoan.es\/wp-content\/uploads\/2025\/02\/b5f78c64-2ba5-4f4e-a8bc-f6247733b353.jpg\" class=\"attachment-full size-full wp-image-11151\" alt=\"\" srcset=\"https:\/\/turismosantjoan.es\/wp-content\/uploads\/2025\/02\/b5f78c64-2ba5-4f4e-a8bc-f6247733b353.jpg 1200w, https:\/\/turismosantjoan.es\/wp-content\/uploads\/2025\/02\/b5f78c64-2ba5-4f4e-a8bc-f6247733b353-225x300.jpg 225w, https:\/\/turismosantjoan.es\/wp-content\/uploads\/2025\/02\/b5f78c64-2ba5-4f4e-a8bc-f6247733b353-768x1024.jpg 768w, https:\/\/turismosantjoan.es\/wp-content\/uploads\/2025\/02\/b5f78c64-2ba5-4f4e-a8bc-f6247733b353-1152x1536.jpg 1152w\" sizes=\"(max-width: 1200px) 100vw, 1200px\" \/><\/div><\/a>\n\t\t\t\t<div class=\"elementor-post__badge\">Turisme<\/div>\n\t\t\t\t<div class=\"elementor-post__text\">\n\t\t\t\t<h3 class=\"elementor-post__title\">\n\t\t\t<a href=\"https:\/\/turismosantjoan.es\/ca\/nou-recital-culinari-de-sant-joan-dalacant-en-fitur-2025\/\" >\n\t\t\t\tNou recital culinari de Sant Joan d&#8217;Alacant en FITUR 2025\t\t\t<\/a>\n\t\t<\/h3>\n\t\t\t\t<\/div>\n\t\t\t\t<div class=\"elementor-post__meta-data\">\n\t\t\t\t\t<span class=\"elementor-post-date\">\n\t\t\t04\/02\/2025\t\t<\/span>\n\t\t\t\t<\/div>\n\t\t\t\t\t<\/div>\n\t\t<\/article>\n\t\t\t\t<article class=\"elementor-post elementor-grid-item post-11147 post type-post status-publish format-standard has-post-thumbnail hentry category-turisme\" role=\"listitem\">\n\t\t\t<div class=\"elementor-post__card\">\n\t\t\t\t<a class=\"elementor-post__thumbnail__link\" href=\"https:\/\/turismosantjoan.es\/ca\/sant-joan-dalacant-en-la-fira-internacional-de-turisme-fitur\/\" tabindex=\"-1\" ><div class=\"elementor-post__thumbnail\"><img loading=\"lazy\" decoding=\"async\" width=\"2048\" height=\"1536\" src=\"https:\/\/turismosantjoan.es\/wp-content\/uploads\/2025\/02\/519d498b-834e-4a23-b959-4e071b0cbce7.jpg\" class=\"attachment-full size-full wp-image-11145\" alt=\"\" srcset=\"https:\/\/turismosantjoan.es\/wp-content\/uploads\/2025\/02\/519d498b-834e-4a23-b959-4e071b0cbce7.jpg 2048w, https:\/\/turismosantjoan.es\/wp-content\/uploads\/2025\/02\/519d498b-834e-4a23-b959-4e071b0cbce7-300x225.jpg 300w, https:\/\/turismosantjoan.es\/wp-content\/uploads\/2025\/02\/519d498b-834e-4a23-b959-4e071b0cbce7-1024x768.jpg 1024w, https:\/\/turismosantjoan.es\/wp-content\/uploads\/2025\/02\/519d498b-834e-4a23-b959-4e071b0cbce7-768x576.jpg 768w, https:\/\/turismosantjoan.es\/wp-content\/uploads\/2025\/02\/519d498b-834e-4a23-b959-4e071b0cbce7-1536x1152.jpg 1536w\" sizes=\"(max-width: 2048px) 100vw, 2048px\" \/><\/div><\/a>\n\t\t\t\t<div class=\"elementor-post__badge\">Turisme<\/div>\n\t\t\t\t<div class=\"elementor-post__text\">\n\t\t\t\t<h3 class=\"elementor-post__title\">\n\t\t\t<a href=\"https:\/\/turismosantjoan.es\/ca\/sant-joan-dalacant-en-la-fira-internacional-de-turisme-fitur\/\" >\n\t\t\t\tSant Joan d&#8217;Alacant en la Fira Internacional de Turisme (FITUR)\t\t\t<\/a>\n\t\t<\/h3>\n\t\t\t\t<\/div>\n\t\t\t\t<div class=\"elementor-post__meta-data\">\n\t\t\t\t\t<span class=\"elementor-post-date\">\n\t\t\t04\/02\/2025\t\t<\/span>\n\t\t\t\t<\/div>\n\t\t\t\t\t<\/div>\n\t\t<\/article>\n\t\t\t\t<article class=\"elementor-post elementor-grid-item post-11091 post type-post status-publish format-standard has-post-thumbnail hentry category-turisme\" role=\"listitem\">\n\t\t\t<div class=\"elementor-post__card\">\n\t\t\t\t<a class=\"elementor-post__thumbnail__link\" href=\"https:\/\/turismosantjoan.es\/ca\/sant-joan-dalacant-participa-en-alacant-gastronomica-2024\/\" tabindex=\"-1\" ><div class=\"elementor-post__thumbnail\"><img loading=\"lazy\" decoding=\"async\" width=\"2560\" height=\"1920\" src=\"https:\/\/turismosantjoan.es\/wp-content\/uploads\/2024\/10\/IMG_1905-scaled.jpg\" class=\"attachment-full size-full wp-image-11059\" alt=\"\" srcset=\"https:\/\/turismosantjoan.es\/wp-content\/uploads\/2024\/10\/IMG_1905-scaled.jpg 2560w, https:\/\/turismosantjoan.es\/wp-content\/uploads\/2024\/10\/IMG_1905-300x225.jpg 300w, https:\/\/turismosantjoan.es\/wp-content\/uploads\/2024\/10\/IMG_1905-1024x768.jpg 1024w, https:\/\/turismosantjoan.es\/wp-content\/uploads\/2024\/10\/IMG_1905-768x576.jpg 768w, https:\/\/turismosantjoan.es\/wp-content\/uploads\/2024\/10\/IMG_1905-1536x1152.jpg 1536w, https:\/\/turismosantjoan.es\/wp-content\/uploads\/2024\/10\/IMG_1905-2048x1536.jpg 2048w\" sizes=\"(max-width: 2560px) 100vw, 2560px\" \/><\/div><\/a>\n\t\t\t\t<div class=\"elementor-post__badge\">Turisme<\/div>\n\t\t\t\t<div class=\"elementor-post__text\">\n\t\t\t\t<h3 class=\"elementor-post__title\">\n\t\t\t<a href=\"https:\/\/turismosantjoan.es\/ca\/sant-joan-dalacant-participa-en-alacant-gastronomica-2024\/\" >\n\t\t\t\tSant Joan d&#8217;Alacant participa en Alacant Gastron\u00f2mica 2024\t\t\t<\/a>\n\t\t<\/h3>\n\t\t\t\t<\/div>\n\t\t\t\t<div class=\"elementor-post__meta-data\">\n\t\t\t\t\t<span class=\"elementor-post-date\">\n\t\t\t14\/10\/2024\t\t<\/span>\n\t\t\t\t<\/div>\n\t\t\t\t\t<\/div>\n\t\t<\/article>\n\t\t\t\t<article class=\"elementor-post elementor-grid-item post-11044 post type-post status-publish format-standard has-post-thumbnail hentry category-turisme\" role=\"listitem\">\n\t\t\t<div class=\"elementor-post__card\">\n\t\t\t\t<a class=\"elementor-post__thumbnail__link\" href=\"https:\/\/turismosantjoan.es\/ca\/sant-joan-dalacant-present-en-la-guia-de-destins-gastronomics-de-la-provincia-dalacant\/\" tabindex=\"-1\" ><div class=\"elementor-post__thumbnail\"><img loading=\"lazy\" decoding=\"async\" width=\"1000\" height=\"1000\" src=\"https:\/\/turismosantjoan.es\/wp-content\/uploads\/2024\/08\/Sant-Joan-Destino-Gastronomico-1.jpg\" class=\"attachment-full size-full wp-image-11036\" alt=\"\" srcset=\"https:\/\/turismosantjoan.es\/wp-content\/uploads\/2024\/08\/Sant-Joan-Destino-Gastronomico-1.jpg 1000w, https:\/\/turismosantjoan.es\/wp-content\/uploads\/2024\/08\/Sant-Joan-Destino-Gastronomico-1-300x300.jpg 300w, https:\/\/turismosantjoan.es\/wp-content\/uploads\/2024\/08\/Sant-Joan-Destino-Gastronomico-1-150x150.jpg 150w, https:\/\/turismosantjoan.es\/wp-content\/uploads\/2024\/08\/Sant-Joan-Destino-Gastronomico-1-768x768.jpg 768w\" sizes=\"(max-width: 1000px) 100vw, 1000px\" \/><\/div><\/a>\n\t\t\t\t<div class=\"elementor-post__badge\">Turisme<\/div>\n\t\t\t\t<div class=\"elementor-post__text\">\n\t\t\t\t<h3 class=\"elementor-post__title\">\n\t\t\t<a href=\"https:\/\/turismosantjoan.es\/ca\/sant-joan-dalacant-present-en-la-guia-de-destins-gastronomics-de-la-provincia-dalacant\/\" >\n\t\t\t\tSant Joan d&#8217;Alacant present en la Guia de Destins Gastron\u00f2mics de la Prov\u00edncia d&#8217;Alacant\t\t\t<\/a>\n\t\t<\/h3>\n\t\t\t\t<\/div>\n\t\t\t\t<div class=\"elementor-post__meta-data\">\n\t\t\t\t\t<span class=\"elementor-post-date\">\n\t\t\t09\/08\/2024\t\t<\/span>\n\t\t\t\t<\/div>\n\t\t\t\t\t<\/div>\n\t\t<\/article>\n\t\t\t\t<article class=\"elementor-post elementor-grid-item post-11020 post type-post status-publish format-standard has-post-thumbnail hentry category-turisme\" role=\"listitem\">\n\t\t\t<div class=\"elementor-post__card\">\n\t\t\t\t<a class=\"elementor-post__thumbnail__link\" href=\"https:\/\/turismosantjoan.es\/ca\/festival-nits-magiques-a-sant-joan-dalacant-en-col%c2%b7laboracio-amb-la-regidoria-de-turisme\/\" tabindex=\"-1\" ><div class=\"elementor-post__thumbnail\"><img loading=\"lazy\" decoding=\"async\" width=\"1440\" height=\"1079\" src=\"https:\/\/turismosantjoan.es\/wp-content\/uploads\/2024\/07\/2.jpg\" class=\"attachment-full size-full wp-image-11009\" alt=\"\" srcset=\"https:\/\/turismosantjoan.es\/wp-content\/uploads\/2024\/07\/2.jpg 1440w, https:\/\/turismosantjoan.es\/wp-content\/uploads\/2024\/07\/2-300x225.jpg 300w, https:\/\/turismosantjoan.es\/wp-content\/uploads\/2024\/07\/2-1024x767.jpg 1024w, https:\/\/turismosantjoan.es\/wp-content\/uploads\/2024\/07\/2-768x575.jpg 768w\" sizes=\"(max-width: 1440px) 100vw, 1440px\" \/><\/div><\/a>\n\t\t\t\t<div class=\"elementor-post__badge\">Turisme<\/div>\n\t\t\t\t<div class=\"elementor-post__text\">\n\t\t\t\t<h3 class=\"elementor-post__title\">\n\t\t\t<a href=\"https:\/\/turismosantjoan.es\/ca\/festival-nits-magiques-a-sant-joan-dalacant-en-col%c2%b7laboracio-amb-la-regidoria-de-turisme\/\" >\n\t\t\t\tFestival Nits M\u00e0giques a Sant Joan d&#8217;Alacant en col\u00b7laboraci\u00f3 amb la regidoria de Turisme\t\t\t<\/a>\n\t\t<\/h3>\n\t\t\t\t<\/div>\n\t\t\t\t<div class=\"elementor-post__meta-data\">\n\t\t\t\t\t<span class=\"elementor-post-date\">\n\t\t\t26\/07\/2024\t\t<\/span>\n\t\t\t\t<\/div>\n\t\t\t\t\t<\/div>\n\t\t<\/article>\n\t\t\t\t<article class=\"elementor-post elementor-grid-item post-10987 post type-post status-publish format-standard has-post-thumbnail hentry category-turisme\" role=\"listitem\">\n\t\t\t<div class=\"elementor-post__card\">\n\t\t\t\t<a class=\"elementor-post__thumbnail__link\" href=\"https:\/\/turismosantjoan.es\/ca\/la-regidoria-de-turisme-treballa-en-iniciatives-innovadores-a-traves-de-xarxes-socials-per-a-impulsar-el-desenrotllament-turistic-a-sant-joan-dalacant\/\" tabindex=\"-1\" ><div class=\"elementor-post__thumbnail\"><img loading=\"lazy\" decoding=\"async\" width=\"1440\" height=\"1800\" src=\"https:\/\/turismosantjoan.es\/wp-content\/uploads\/2024\/07\/4.jpg\" class=\"attachment-full size-full wp-image-10973\" alt=\"\" srcset=\"https:\/\/turismosantjoan.es\/wp-content\/uploads\/2024\/07\/4.jpg 1440w, https:\/\/turismosantjoan.es\/wp-content\/uploads\/2024\/07\/4-240x300.jpg 240w, https:\/\/turismosantjoan.es\/wp-content\/uploads\/2024\/07\/4-819x1024.jpg 819w, https:\/\/turismosantjoan.es\/wp-content\/uploads\/2024\/07\/4-768x960.jpg 768w, https:\/\/turismosantjoan.es\/wp-content\/uploads\/2024\/07\/4-1229x1536.jpg 1229w\" sizes=\"(max-width: 1440px) 100vw, 1440px\" \/><\/div><\/a>\n\t\t\t\t<div class=\"elementor-post__badge\">Turisme<\/div>\n\t\t\t\t<div class=\"elementor-post__text\">\n\t\t\t\t<h3 class=\"elementor-post__title\">\n\t\t\t<a href=\"https:\/\/turismosantjoan.es\/ca\/la-regidoria-de-turisme-treballa-en-iniciatives-innovadores-a-traves-de-xarxes-socials-per-a-impulsar-el-desenrotllament-turistic-a-sant-joan-dalacant\/\" >\n\t\t\t\tLa regidoria de Turisme treballa en iniciatives innovadores a trav\u00e9s de xarxes socials per a impulsar el desenrotllament tur\u00edstic a Sant Joan d\u00b4Alacant\t\t\t<\/a>\n\t\t<\/h3>\n\t\t\t\t<\/div>\n\t\t\t\t<div class=\"elementor-post__meta-data\">\n\t\t\t\t\t<span class=\"elementor-post-date\">\n\t\t\t26\/07\/2024\t\t<\/span>\n\t\t\t\t<\/div>\n\t\t\t\t\t<\/div>\n\t\t<\/article>\n\t\t\t\t<article class=\"elementor-post elementor-grid-item post-10941 post type-post status-publish format-standard has-post-thumbnail hentry category-turisme\" role=\"listitem\">\n\t\t\t<div class=\"elementor-post__card\">\n\t\t\t\t<a class=\"elementor-post__thumbnail__link\" href=\"https:\/\/turismosantjoan.es\/ca\/ix-feria-andaluza-en-sant-joan-dalacant-2024\/\" tabindex=\"-1\" ><div class=\"elementor-post__thumbnail\"><img loading=\"lazy\" decoding=\"async\" width=\"1599\" height=\"1066\" src=\"https:\/\/turismosantjoan.es\/wp-content\/uploads\/2024\/07\/Pregon-Feria-Andaluza-7.jpg\" class=\"attachment-full size-full wp-image-10909\" alt=\"\" srcset=\"https:\/\/turismosantjoan.es\/wp-content\/uploads\/2024\/07\/Pregon-Feria-Andaluza-7.jpg 1599w, https:\/\/turismosantjoan.es\/wp-content\/uploads\/2024\/07\/Pregon-Feria-Andaluza-7-300x200.jpg 300w, https:\/\/turismosantjoan.es\/wp-content\/uploads\/2024\/07\/Pregon-Feria-Andaluza-7-1024x683.jpg 1024w, https:\/\/turismosantjoan.es\/wp-content\/uploads\/2024\/07\/Pregon-Feria-Andaluza-7-768x512.jpg 768w, https:\/\/turismosantjoan.es\/wp-content\/uploads\/2024\/07\/Pregon-Feria-Andaluza-7-1536x1024.jpg 1536w\" sizes=\"(max-width: 1599px) 100vw, 1599px\" \/><\/div><\/a>\n\t\t\t\t<div class=\"elementor-post__badge\">Turisme<\/div>\n\t\t\t\t<div class=\"elementor-post__text\">\n\t\t\t\t<h3 class=\"elementor-post__title\">\n\t\t\t<a href=\"https:\/\/turismosantjoan.es\/ca\/ix-feria-andaluza-en-sant-joan-dalacant-2024\/\" >\n\t\t\t\tIX Feria Andaluza en Sant Joan d\u00b4Alacant 2024\t\t\t<\/a>\n\t\t<\/h3>\n\t\t\t\t<\/div>\n\t\t\t\t<div class=\"elementor-post__meta-data\">\n\t\t\t\t\t<span class=\"elementor-post-date\">\n\t\t\t05\/07\/2024\t\t<\/span>\n\t\t\t\t<\/div>\n\t\t\t\t\t<\/div>\n\t\t<\/article>\n\t\t\t\t<article class=\"elementor-post elementor-grid-item post-10903 post type-post status-publish format-standard has-post-thumbnail hentry category-turisme\" role=\"listitem\">\n\t\t\t<div class=\"elementor-post__card\">\n\t\t\t\t<a class=\"elementor-post__thumbnail__link\" href=\"https:\/\/turismosantjoan.es\/ca\/fogueres-de-sant-joan-dalacant-2024\/\" tabindex=\"-1\" ><div class=\"elementor-post__thumbnail\"><img loading=\"lazy\" decoding=\"async\" width=\"1620\" height=\"1080\" src=\"https:\/\/turismosantjoan.es\/wp-content\/uploads\/2024\/07\/448975708_987670419842064_3500990588781672130_n.jpg\" class=\"attachment-full size-full wp-image-10865\" alt=\"\" srcset=\"https:\/\/turismosantjoan.es\/wp-content\/uploads\/2024\/07\/448975708_987670419842064_3500990588781672130_n.jpg 1620w, https:\/\/turismosantjoan.es\/wp-content\/uploads\/2024\/07\/448975708_987670419842064_3500990588781672130_n-300x200.jpg 300w, https:\/\/turismosantjoan.es\/wp-content\/uploads\/2024\/07\/448975708_987670419842064_3500990588781672130_n-1024x683.jpg 1024w, https:\/\/turismosantjoan.es\/wp-content\/uploads\/2024\/07\/448975708_987670419842064_3500990588781672130_n-768x512.jpg 768w, https:\/\/turismosantjoan.es\/wp-content\/uploads\/2024\/07\/448975708_987670419842064_3500990588781672130_n-1536x1024.jpg 1536w\" sizes=\"(max-width: 1620px) 100vw, 1620px\" \/><\/div><\/a>\n\t\t\t\t<div class=\"elementor-post__badge\">Turisme<\/div>\n\t\t\t\t<div class=\"elementor-post__text\">\n\t\t\t\t<h3 class=\"elementor-post__title\">\n\t\t\t<a href=\"https:\/\/turismosantjoan.es\/ca\/fogueres-de-sant-joan-dalacant-2024\/\" >\n\t\t\t\tFogueres de Sant Joan d\u00b4Alacant 2024\t\t\t<\/a>\n\t\t<\/h3>\n\t\t\t\t<\/div>\n\t\t\t\t<div class=\"elementor-post__meta-data\">\n\t\t\t\t\t<span class=\"elementor-post-date\">\n\t\t\t05\/07\/2024\t\t<\/span>\n\t\t\t\t<\/div>\n\t\t\t\t\t<\/div>\n\t\t<\/article>\n\t\t\t\t<article class=\"elementor-post elementor-grid-item post-10861 post type-post status-publish format-standard has-post-thumbnail hentry category-turisme\" role=\"listitem\">\n\t\t\t<div class=\"elementor-post__card\">\n\t\t\t\t<a class=\"elementor-post__thumbnail__link\" href=\"https:\/\/turismosantjoan.es\/ca\/x-rallye-1000-curvas-en-sant-joan-dalacant\/\" tabindex=\"-1\" ><div class=\"elementor-post__thumbnail\"><img loading=\"lazy\" decoding=\"async\" width=\"1440\" height=\"1440\" src=\"https:\/\/turismosantjoan.es\/wp-content\/uploads\/2024\/07\/Rallye2024.jpg\" class=\"attachment-full size-full wp-image-10839\" alt=\"\" srcset=\"https:\/\/turismosantjoan.es\/wp-content\/uploads\/2024\/07\/Rallye2024.jpg 1440w, https:\/\/turismosantjoan.es\/wp-content\/uploads\/2024\/07\/Rallye2024-300x300.jpg 300w, https:\/\/turismosantjoan.es\/wp-content\/uploads\/2024\/07\/Rallye2024-1024x1024.jpg 1024w, https:\/\/turismosantjoan.es\/wp-content\/uploads\/2024\/07\/Rallye2024-150x150.jpg 150w, https:\/\/turismosantjoan.es\/wp-content\/uploads\/2024\/07\/Rallye2024-768x768.jpg 768w\" sizes=\"(max-width: 1440px) 100vw, 1440px\" \/><\/div><\/a>\n\t\t\t\t<div class=\"elementor-post__badge\">Turisme<\/div>\n\t\t\t\t<div class=\"elementor-post__text\">\n\t\t\t\t<h3 class=\"elementor-post__title\">\n\t\t\t<a href=\"https:\/\/turismosantjoan.es\/ca\/x-rallye-1000-curvas-en-sant-joan-dalacant\/\" >\n\t\t\t\tX Rallye 1000 Corbes a Sant Joan d\u00b4Alacant\t\t\t<\/a>\n\t\t<\/h3>\n\t\t\t\t<\/div>\n\t\t\t\t<div class=\"elementor-post__meta-data\">\n\t\t\t\t\t<span class=\"elementor-post-date\">\n\t\t\t05\/07\/2024\t\t<\/span>\n\t\t\t\t<\/div>\n\t\t\t\t\t<\/div>\n\t\t<\/article>\n\t\t\t\t<\/div>\n\t\t\n\t\t\t\t\t\t<\/div>\n\t\t\t\t<\/div>\n\t\t\t\t\t<\/div>\n\t\t<\/div>\n\t\t\t\t\t<\/div>\n\t\t<\/section>\n\t\t\t\t<\/div>\n\t\t","protected":false},"excerpt":{"rendered":"<p>Not\u00edcies<\/p>\n","protected":false},"author":1,"featured_media":0,"parent":0,"menu_order":0,"comment_status":"closed","ping_status":"closed","template":"","meta":{"footnotes":""},"class_list":["post-10411","page","type-page","status-publish","hentry"],"_links":{"self":[{"href":"https:\/\/turismosantjoan.es\/ca\/wp-json\/wp\/v2\/pages\/10411","targetHints":{"allow":["GET"]}}],"collection":[{"href":"https:\/\/turismosantjoan.es\/ca\/wp-json\/wp\/v2\/pages"}],"about":[{"href":"https:\/\/turismosantjoan.es\/ca\/wp-json\/wp\/v2\/types\/page"}],"author":[{"embeddable":true,"href":"https:\/\/turismosantjoan.es\/ca\/wp-json\/wp\/v2\/users\/1"}],"replies":[{"embeddable":true,"href":"https:\/\/turismosantjoan.es\/ca\/wp-json\/wp\/v2\/comments?post=10411"}],"version-history":[{"count":0,"href":"https:\/\/turismosantjoan.es\/ca\/wp-json\/wp\/v2\/pages\/10411\/revisions"}],"wp:attachment":[{"href":"https:\/\/turismosantjoan.es\/ca\/wp-json\/wp\/v2\/media?parent=10411"}],"curies":[{"name":"wp","href":"https:\/\/api.w.org\/{rel}","templated":true}]}}