{"id":21,"date":"2023-06-20T10:55:15","date_gmt":"2023-06-20T10:55:15","guid":{"rendered":"https:\/\/turismo-sj.developersasapglobalsolution.com\/home\/"},"modified":"2025-11-05T14:30:06","modified_gmt":"2025-11-05T13:30:06","slug":"home","status":"publish","type":"page","link":"https:\/\/turismosantjoan.es\/ca\/home\/","title":{"rendered":"Home"},"content":{"rendered":"\t\t<div data-elementor-type=\"wp-post\" data-elementor-id=\"21\" class=\"elementor elementor-21 elementor-7\" data-elementor-post-type=\"page\">\n\t\t\t\t\t\t<section class=\"elementor-section elementor-top-section elementor-element elementor-element-306199d elementor-section-boxed elementor-section-height-default elementor-section-height-default\" data-id=\"306199d\" data-element_type=\"section\" data-e-type=\"section\">\n\t\t\t\t\t\t<div class=\"elementor-container elementor-column-gap-default\">\n\t\t\t\t\t<div class=\"elementor-column elementor-col-100 elementor-top-column elementor-element elementor-element-2e5c471\" data-id=\"2e5c471\" data-element_type=\"column\" data-e-type=\"column\">\n\t\t\t<div class=\"elementor-widget-wrap elementor-element-populated\">\n\t\t\t\t\t\t<div class=\"elementor-element elementor-element-c8b4229 elementor-grid-3 elementor-grid-tablet-2 elementor-grid-mobile-1 elementor-posts--thumbnail-top elementor-posts--show-avatar elementor-card-shadow-yes elementor-posts__hover-gradient elementor-widget elementor-widget-posts\" data-id=\"c8b4229\" data-element_type=\"widget\" data-e-type=\"widget\" data-settings=\"{&quot;pagination_type&quot;:&quot;prev_next&quot;,&quot;cards_columns&quot;:&quot;3&quot;,&quot;cards_columns_tablet&quot;:&quot;2&quot;,&quot;cards_columns_mobile&quot;:&quot;1&quot;,&quot;cards_row_gap&quot;:{&quot;unit&quot;:&quot;px&quot;,&quot;size&quot;:35,&quot;sizes&quot;:[]},&quot;cards_row_gap_tablet&quot;:{&quot;unit&quot;:&quot;px&quot;,&quot;size&quot;:&quot;&quot;,&quot;sizes&quot;:[]},&quot;cards_row_gap_mobile&quot;:{&quot;unit&quot;:&quot;px&quot;,&quot;size&quot;:&quot;&quot;,&quot;sizes&quot;:[]}}\" data-widget_type=\"posts.cards\">\n\t\t\t\t<div class=\"elementor-widget-container\">\n\t\t\t\t\t\t\t<div class=\"elementor-posts-container elementor-posts elementor-posts--skin-cards elementor-grid\" role=\"list\">\n\t\t\t\t<article class=\"elementor-post elementor-grid-item post-11272 post type-post status-publish format-standard has-post-thumbnail hentry category-turisme\" role=\"listitem\">\n\t\t\t<div class=\"elementor-post__card\">\n\t\t\t\t<a class=\"elementor-post__thumbnail__link\" href=\"https:\/\/turismosantjoan.es\/ca\/xvii-gala-anual-del-comerc-de-sant-joan-dalacant\/\" tabindex=\"-1\" ><div class=\"elementor-post__thumbnail\"><img fetchpriority=\"high\" decoding=\"async\" width=\"300\" height=\"200\" src=\"https:\/\/turismosantjoan.es\/wp-content\/uploads\/2025\/11\/571166023_1370249518250817_7159095189871470337_n-300x200.jpg\" class=\"attachment-medium size-medium wp-image-11271\" alt=\"\" srcset=\"https:\/\/turismosantjoan.es\/wp-content\/uploads\/2025\/11\/571166023_1370249518250817_7159095189871470337_n-300x200.jpg 300w, https:\/\/turismosantjoan.es\/wp-content\/uploads\/2025\/11\/571166023_1370249518250817_7159095189871470337_n.jpg 590w\" sizes=\"(max-width: 300px) 100vw, 300px\" \/><\/div><\/a>\n\t\t\t\t<div class=\"elementor-post__badge\">Turisme<\/div>\n\t\t\t\t<div class=\"elementor-post__avatar\">\n\t\t\t<img alt='Mari Carmen Fern\u00e1ndez' src='https:\/\/secure.gravatar.com\/avatar\/5bf2e18485d073d333f6cab6d1604fe3b47d18588573abcc05688a96d428fe95?s=128&#038;d=mm&#038;r=g' srcset='https:\/\/secure.gravatar.com\/avatar\/5bf2e18485d073d333f6cab6d1604fe3b47d18588573abcc05688a96d428fe95?s=256&#038;d=mm&#038;r=g 2x' class='avatar avatar-128 photo' height='128' width='128' \/>\t\t<\/div>\n\t\t\t\t<div class=\"elementor-post__text\">\n\t\t\t\t<h3 class=\"elementor-post__title\">\n\t\t\t<a href=\"https:\/\/turismosantjoan.es\/ca\/xvii-gala-anual-del-comerc-de-sant-joan-dalacant\/\" >\n\t\t\t\tXVII Gala anual del Comer\u00e7 de Sant Joan d&#8217;Alacant\t\t\t<\/a>\n\t\t<\/h3>\n\t\t\t\t\t<div class=\"elementor-post__read-more-wrapper\">\n\t\t\n\t\t<a class=\"elementor-post__read-more\" href=\"https:\/\/turismosantjoan.es\/ca\/xvii-gala-anual-del-comerc-de-sant-joan-dalacant\/\" aria-label=\"Read more about XVII Gala anual del Comer\u00e7 de Sant Joan d&#8217;Alacant\" tabindex=\"-1\" >\n\t\t\tVer noticia \u00bb\t\t<\/a>\n\n\t\t\t\t\t<\/div>\n\t\t\t\t<\/div>\n\t\t\t\t\t<\/div>\n\t\t<\/article>\n\t\t\t\t<article class=\"elementor-post elementor-grid-item post-11219 post type-post status-publish format-standard has-post-thumbnail hentry category-turisme\" role=\"listitem\">\n\t\t\t<div class=\"elementor-post__card\">\n\t\t\t\t<a class=\"elementor-post__thumbnail__link\" href=\"https:\/\/turismosantjoan.es\/ca\/sant-joan-dalacant-presenta-el-seu-projecte-immersiu-gastronomic-de-tecnologia-avancada\/\" tabindex=\"-1\" ><div class=\"elementor-post__thumbnail\"><img decoding=\"async\" width=\"300\" height=\"200\" src=\"https:\/\/turismosantjoan.es\/wp-content\/uploads\/2025\/10\/PRESENTACION-SANT-JOAN-EN-ALICANTE-GASTRONOMICA-2025-3-1024x683-1-300x200.jpeg\" class=\"attachment-medium size-medium wp-image-11202\" alt=\"\" srcset=\"https:\/\/turismosantjoan.es\/wp-content\/uploads\/2025\/10\/PRESENTACION-SANT-JOAN-EN-ALICANTE-GASTRONOMICA-2025-3-1024x683-1-300x200.jpeg 300w, https:\/\/turismosantjoan.es\/wp-content\/uploads\/2025\/10\/PRESENTACION-SANT-JOAN-EN-ALICANTE-GASTRONOMICA-2025-3-1024x683-1-768x512.jpeg 768w, https:\/\/turismosantjoan.es\/wp-content\/uploads\/2025\/10\/PRESENTACION-SANT-JOAN-EN-ALICANTE-GASTRONOMICA-2025-3-1024x683-1.jpeg 1024w\" sizes=\"(max-width: 300px) 100vw, 300px\" \/><\/div><\/a>\n\t\t\t\t<div class=\"elementor-post__badge\">Turisme<\/div>\n\t\t\t\t<div class=\"elementor-post__avatar\">\n\t\t\t<img alt='Mari Carmen Fern\u00e1ndez' src='https:\/\/secure.gravatar.com\/avatar\/5bf2e18485d073d333f6cab6d1604fe3b47d18588573abcc05688a96d428fe95?s=128&#038;d=mm&#038;r=g' srcset='https:\/\/secure.gravatar.com\/avatar\/5bf2e18485d073d333f6cab6d1604fe3b47d18588573abcc05688a96d428fe95?s=256&#038;d=mm&#038;r=g 2x' class='avatar avatar-128 photo' height='128' width='128' \/>\t\t<\/div>\n\t\t\t\t<div class=\"elementor-post__text\">\n\t\t\t\t<h3 class=\"elementor-post__title\">\n\t\t\t<a href=\"https:\/\/turismosantjoan.es\/ca\/sant-joan-dalacant-presenta-el-seu-projecte-immersiu-gastronomic-de-tecnologia-avancada\/\" >\n\t\t\t\tSant Joan d&#8217;Alacant presenta el seu Projecte Immersiu Gastron\u00f2mic de tecnologia avan\u00e7ada\t\t\t<\/a>\n\t\t<\/h3>\n\t\t\t\t\t<div class=\"elementor-post__read-more-wrapper\">\n\t\t\n\t\t<a class=\"elementor-post__read-more\" href=\"https:\/\/turismosantjoan.es\/ca\/sant-joan-dalacant-presenta-el-seu-projecte-immersiu-gastronomic-de-tecnologia-avancada\/\" aria-label=\"Read more about Sant Joan d&#8217;Alacant presenta el seu Projecte Immersiu Gastron\u00f2mic de tecnologia avan\u00e7ada\" tabindex=\"-1\" >\n\t\t\tVer noticia \u00bb\t\t<\/a>\n\n\t\t\t\t\t<\/div>\n\t\t\t\t<\/div>\n\t\t\t\t\t<\/div>\n\t\t<\/article>\n\t\t\t\t<article class=\"elementor-post elementor-grid-item post-11198 post type-post status-publish format-standard has-post-thumbnail hentry category-turisme\" role=\"listitem\">\n\t\t\t<div class=\"elementor-post__card\">\n\t\t\t\t<a class=\"elementor-post__thumbnail__link\" href=\"https:\/\/turismosantjoan.es\/ca\/sant-joan-oferira-a-alacant-gastronomica-2025-degustacions-de-productes-tipics-i-exhibicions-dhostalers-locals\/\" tabindex=\"-1\" ><div class=\"elementor-post__thumbnail\"><img decoding=\"async\" width=\"300\" height=\"200\" src=\"https:\/\/turismosantjoan.es\/wp-content\/uploads\/2025\/10\/PRESENTACION-SANT-JOAN-EN-ALICANTE-GASTRONOMICA-2025-2-2048x1365-1-300x200.jpeg\" class=\"attachment-medium size-medium wp-image-11193\" alt=\"\" srcset=\"https:\/\/turismosantjoan.es\/wp-content\/uploads\/2025\/10\/PRESENTACION-SANT-JOAN-EN-ALICANTE-GASTRONOMICA-2025-2-2048x1365-1-300x200.jpeg 300w, https:\/\/turismosantjoan.es\/wp-content\/uploads\/2025\/10\/PRESENTACION-SANT-JOAN-EN-ALICANTE-GASTRONOMICA-2025-2-2048x1365-1-1024x683.jpeg 1024w, https:\/\/turismosantjoan.es\/wp-content\/uploads\/2025\/10\/PRESENTACION-SANT-JOAN-EN-ALICANTE-GASTRONOMICA-2025-2-2048x1365-1-768x512.jpeg 768w, https:\/\/turismosantjoan.es\/wp-content\/uploads\/2025\/10\/PRESENTACION-SANT-JOAN-EN-ALICANTE-GASTRONOMICA-2025-2-2048x1365-1-1536x1024.jpeg 1536w, https:\/\/turismosantjoan.es\/wp-content\/uploads\/2025\/10\/PRESENTACION-SANT-JOAN-EN-ALICANTE-GASTRONOMICA-2025-2-2048x1365-1.jpeg 2048w\" sizes=\"(max-width: 300px) 100vw, 300px\" \/><\/div><\/a>\n\t\t\t\t<div class=\"elementor-post__badge\">Turisme<\/div>\n\t\t\t\t<div class=\"elementor-post__avatar\">\n\t\t\t<img alt='Mari Carmen Fern\u00e1ndez' src='https:\/\/secure.gravatar.com\/avatar\/5bf2e18485d073d333f6cab6d1604fe3b47d18588573abcc05688a96d428fe95?s=128&#038;d=mm&#038;r=g' srcset='https:\/\/secure.gravatar.com\/avatar\/5bf2e18485d073d333f6cab6d1604fe3b47d18588573abcc05688a96d428fe95?s=256&#038;d=mm&#038;r=g 2x' class='avatar avatar-128 photo' height='128' width='128' \/>\t\t<\/div>\n\t\t\t\t<div class=\"elementor-post__text\">\n\t\t\t\t<h3 class=\"elementor-post__title\">\n\t\t\t<a href=\"https:\/\/turismosantjoan.es\/ca\/sant-joan-oferira-a-alacant-gastronomica-2025-degustacions-de-productes-tipics-i-exhibicions-dhostalers-locals\/\" >\n\t\t\t\tSant Joan oferir\u00e0 a Alacant Gastron\u00f2mica 2025 degustacions de productes t\u00edpics i exhibicions d&#8217;hostalers locals\t\t\t<\/a>\n\t\t<\/h3>\n\t\t\t\t\t<div class=\"elementor-post__read-more-wrapper\">\n\t\t\n\t\t<a class=\"elementor-post__read-more\" href=\"https:\/\/turismosantjoan.es\/ca\/sant-joan-oferira-a-alacant-gastronomica-2025-degustacions-de-productes-tipics-i-exhibicions-dhostalers-locals\/\" aria-label=\"Read more about Sant Joan oferir\u00e0 a Alacant Gastron\u00f2mica 2025 degustacions de productes t\u00edpics i exhibicions d&#8217;hostalers locals\" tabindex=\"-1\" >\n\t\t\tVer noticia \u00bb\t\t<\/a>\n\n\t\t\t\t\t<\/div>\n\t\t\t\t<\/div>\n\t\t\t\t\t<\/div>\n\t\t<\/article>\n\t\t\t\t<article class=\"elementor-post elementor-grid-item post-11162 post type-post status-publish format-standard has-post-thumbnail hentry category-turisme\" role=\"listitem\">\n\t\t\t<div class=\"elementor-post__card\">\n\t\t\t\t<a class=\"elementor-post__thumbnail__link\" href=\"https:\/\/turismosantjoan.es\/ca\/nou-recital-culinari-de-sant-joan-dalacant-en-fitur-2025\/\" tabindex=\"-1\" ><div class=\"elementor-post__thumbnail\"><img loading=\"lazy\" decoding=\"async\" width=\"225\" height=\"300\" src=\"https:\/\/turismosantjoan.es\/wp-content\/uploads\/2025\/02\/b5f78c64-2ba5-4f4e-a8bc-f6247733b353-225x300.jpg\" class=\"attachment-medium size-medium wp-image-11151\" alt=\"\" srcset=\"https:\/\/turismosantjoan.es\/wp-content\/uploads\/2025\/02\/b5f78c64-2ba5-4f4e-a8bc-f6247733b353-225x300.jpg 225w, https:\/\/turismosantjoan.es\/wp-content\/uploads\/2025\/02\/b5f78c64-2ba5-4f4e-a8bc-f6247733b353-768x1024.jpg 768w, https:\/\/turismosantjoan.es\/wp-content\/uploads\/2025\/02\/b5f78c64-2ba5-4f4e-a8bc-f6247733b353-1152x1536.jpg 1152w, https:\/\/turismosantjoan.es\/wp-content\/uploads\/2025\/02\/b5f78c64-2ba5-4f4e-a8bc-f6247733b353.jpg 1200w\" sizes=\"(max-width: 225px) 100vw, 225px\" \/><\/div><\/a>\n\t\t\t\t<div class=\"elementor-post__badge\">Turisme<\/div>\n\t\t\t\t<div class=\"elementor-post__avatar\">\n\t\t\t<img alt='Mari Carmen Fern\u00e1ndez' src='https:\/\/secure.gravatar.com\/avatar\/5bf2e18485d073d333f6cab6d1604fe3b47d18588573abcc05688a96d428fe95?s=128&#038;d=mm&#038;r=g' srcset='https:\/\/secure.gravatar.com\/avatar\/5bf2e18485d073d333f6cab6d1604fe3b47d18588573abcc05688a96d428fe95?s=256&#038;d=mm&#038;r=g 2x' class='avatar avatar-128 photo' height='128' width='128' \/>\t\t<\/div>\n\t\t\t\t<div class=\"elementor-post__text\">\n\t\t\t\t<h3 class=\"elementor-post__title\">\n\t\t\t<a href=\"https:\/\/turismosantjoan.es\/ca\/nou-recital-culinari-de-sant-joan-dalacant-en-fitur-2025\/\" >\n\t\t\t\tNou recital culinari de Sant Joan d&#8217;Alacant en FITUR 2025\t\t\t<\/a>\n\t\t<\/h3>\n\t\t\t\t\t<div class=\"elementor-post__read-more-wrapper\">\n\t\t\n\t\t<a class=\"elementor-post__read-more\" href=\"https:\/\/turismosantjoan.es\/ca\/nou-recital-culinari-de-sant-joan-dalacant-en-fitur-2025\/\" aria-label=\"Read more about Nou recital culinari de Sant Joan d&#8217;Alacant en FITUR 2025\" tabindex=\"-1\" >\n\t\t\tVer noticia \u00bb\t\t<\/a>\n\n\t\t\t\t\t<\/div>\n\t\t\t\t<\/div>\n\t\t\t\t\t<\/div>\n\t\t<\/article>\n\t\t\t\t<article class=\"elementor-post elementor-grid-item post-11147 post type-post status-publish format-standard has-post-thumbnail hentry category-turisme\" role=\"listitem\">\n\t\t\t<div class=\"elementor-post__card\">\n\t\t\t\t<a class=\"elementor-post__thumbnail__link\" href=\"https:\/\/turismosantjoan.es\/ca\/sant-joan-dalacant-en-la-fira-internacional-de-turisme-fitur\/\" tabindex=\"-1\" ><div class=\"elementor-post__thumbnail\"><img loading=\"lazy\" decoding=\"async\" width=\"300\" height=\"225\" src=\"https:\/\/turismosantjoan.es\/wp-content\/uploads\/2025\/02\/519d498b-834e-4a23-b959-4e071b0cbce7-300x225.jpg\" class=\"attachment-medium size-medium wp-image-11145\" alt=\"\" srcset=\"https:\/\/turismosantjoan.es\/wp-content\/uploads\/2025\/02\/519d498b-834e-4a23-b959-4e071b0cbce7-300x225.jpg 300w, https:\/\/turismosantjoan.es\/wp-content\/uploads\/2025\/02\/519d498b-834e-4a23-b959-4e071b0cbce7-1024x768.jpg 1024w, https:\/\/turismosantjoan.es\/wp-content\/uploads\/2025\/02\/519d498b-834e-4a23-b959-4e071b0cbce7-768x576.jpg 768w, https:\/\/turismosantjoan.es\/wp-content\/uploads\/2025\/02\/519d498b-834e-4a23-b959-4e071b0cbce7-1536x1152.jpg 1536w, https:\/\/turismosantjoan.es\/wp-content\/uploads\/2025\/02\/519d498b-834e-4a23-b959-4e071b0cbce7.jpg 2048w\" sizes=\"(max-width: 300px) 100vw, 300px\" \/><\/div><\/a>\n\t\t\t\t<div class=\"elementor-post__badge\">Turisme<\/div>\n\t\t\t\t<div class=\"elementor-post__avatar\">\n\t\t\t<img alt='Mari Carmen Fern\u00e1ndez' src='https:\/\/secure.gravatar.com\/avatar\/5bf2e18485d073d333f6cab6d1604fe3b47d18588573abcc05688a96d428fe95?s=128&#038;d=mm&#038;r=g' srcset='https:\/\/secure.gravatar.com\/avatar\/5bf2e18485d073d333f6cab6d1604fe3b47d18588573abcc05688a96d428fe95?s=256&#038;d=mm&#038;r=g 2x' class='avatar avatar-128 photo' height='128' width='128' \/>\t\t<\/div>\n\t\t\t\t<div class=\"elementor-post__text\">\n\t\t\t\t<h3 class=\"elementor-post__title\">\n\t\t\t<a href=\"https:\/\/turismosantjoan.es\/ca\/sant-joan-dalacant-en-la-fira-internacional-de-turisme-fitur\/\" >\n\t\t\t\tSant Joan d&#8217;Alacant en la Fira Internacional de Turisme (FITUR)\t\t\t<\/a>\n\t\t<\/h3>\n\t\t\t\t\t<div class=\"elementor-post__read-more-wrapper\">\n\t\t\n\t\t<a class=\"elementor-post__read-more\" href=\"https:\/\/turismosantjoan.es\/ca\/sant-joan-dalacant-en-la-fira-internacional-de-turisme-fitur\/\" aria-label=\"Read more about Sant Joan d&#8217;Alacant en la Fira Internacional de Turisme (FITUR)\" tabindex=\"-1\" >\n\t\t\tVer noticia \u00bb\t\t<\/a>\n\n\t\t\t\t\t<\/div>\n\t\t\t\t<\/div>\n\t\t\t\t\t<\/div>\n\t\t<\/article>\n\t\t\t\t<article class=\"elementor-post elementor-grid-item post-11091 post type-post status-publish format-standard has-post-thumbnail hentry category-turisme\" role=\"listitem\">\n\t\t\t<div class=\"elementor-post__card\">\n\t\t\t\t<a class=\"elementor-post__thumbnail__link\" href=\"https:\/\/turismosantjoan.es\/ca\/sant-joan-dalacant-participa-en-alacant-gastronomica-2024\/\" tabindex=\"-1\" ><div class=\"elementor-post__thumbnail\"><img loading=\"lazy\" decoding=\"async\" width=\"300\" height=\"225\" src=\"https:\/\/turismosantjoan.es\/wp-content\/uploads\/2024\/10\/IMG_1905-300x225.jpg\" class=\"attachment-medium size-medium wp-image-11059\" alt=\"\" srcset=\"https:\/\/turismosantjoan.es\/wp-content\/uploads\/2024\/10\/IMG_1905-300x225.jpg 300w, https:\/\/turismosantjoan.es\/wp-content\/uploads\/2024\/10\/IMG_1905-1024x768.jpg 1024w, https:\/\/turismosantjoan.es\/wp-content\/uploads\/2024\/10\/IMG_1905-768x576.jpg 768w, https:\/\/turismosantjoan.es\/wp-content\/uploads\/2024\/10\/IMG_1905-1536x1152.jpg 1536w, https:\/\/turismosantjoan.es\/wp-content\/uploads\/2024\/10\/IMG_1905-2048x1536.jpg 2048w\" sizes=\"(max-width: 300px) 100vw, 300px\" \/><\/div><\/a>\n\t\t\t\t<div class=\"elementor-post__badge\">Turisme<\/div>\n\t\t\t\t<div class=\"elementor-post__avatar\">\n\t\t\t<img alt='Mari Carmen Fern\u00e1ndez' src='https:\/\/secure.gravatar.com\/avatar\/5bf2e18485d073d333f6cab6d1604fe3b47d18588573abcc05688a96d428fe95?s=128&#038;d=mm&#038;r=g' srcset='https:\/\/secure.gravatar.com\/avatar\/5bf2e18485d073d333f6cab6d1604fe3b47d18588573abcc05688a96d428fe95?s=256&#038;d=mm&#038;r=g 2x' class='avatar avatar-128 photo' height='128' width='128' \/>\t\t<\/div>\n\t\t\t\t<div class=\"elementor-post__text\">\n\t\t\t\t<h3 class=\"elementor-post__title\">\n\t\t\t<a href=\"https:\/\/turismosantjoan.es\/ca\/sant-joan-dalacant-participa-en-alacant-gastronomica-2024\/\" >\n\t\t\t\tSant Joan d&#8217;Alacant participa en Alacant Gastron\u00f2mica 2024\t\t\t<\/a>\n\t\t<\/h3>\n\t\t\t\t\t<div class=\"elementor-post__read-more-wrapper\">\n\t\t\n\t\t<a class=\"elementor-post__read-more\" href=\"https:\/\/turismosantjoan.es\/ca\/sant-joan-dalacant-participa-en-alacant-gastronomica-2024\/\" aria-label=\"Read more about Sant Joan d&#8217;Alacant participa en Alacant Gastron\u00f2mica 2024\" tabindex=\"-1\" >\n\t\t\tVer noticia \u00bb\t\t<\/a>\n\n\t\t\t\t\t<\/div>\n\t\t\t\t<\/div>\n\t\t\t\t\t<\/div>\n\t\t<\/article>\n\t\t\t\t<\/div>\n\t\t\n\t\t\t\t<div class=\"e-load-more-anchor\" data-page=\"1\" data-max-page=\"5\" data-next-page=\"https:\/\/turismosantjoan.es\/ca\/wp-json\/wp\/v2\/pages\/21\/page\/2\/\"><\/div>\n\t\t\t\t<nav class=\"elementor-pagination\" aria-label=\"Pagination\">\n\t\t\t<span class=\"page-numbers prev\">\u00ab Anterior<\/span>\n<a class=\"page-numbers next\" href=\"https:\/\/turismosantjoan.es\/ca\/wp-json\/wp\/v2\/pages\/21\/page\/2\/\">Siguiente \u00bb<\/a>\t\t<\/nav>\n\t\t\t\t\t\t<\/div>\n\t\t\t\t<\/div>\n\t\t\t\t\t<\/div>\n\t\t<\/div>\n\t\t\t\t\t<\/div>\n\t\t<\/section>\n\t\t\t\t<\/div>\n\t\t","protected":false},"excerpt":{"rendered":"","protected":false},"author":1,"featured_media":0,"parent":0,"menu_order":0,"comment_status":"closed","ping_status":"closed","template":"","meta":{"footnotes":""},"class_list":["post-21","page","type-page","status-publish","hentry"],"_links":{"self":[{"href":"https:\/\/turismosantjoan.es\/ca\/wp-json\/wp\/v2\/pages\/21","targetHints":{"allow":["GET"]}}],"collection":[{"href":"https:\/\/turismosantjoan.es\/ca\/wp-json\/wp\/v2\/pages"}],"about":[{"href":"https:\/\/turismosantjoan.es\/ca\/wp-json\/wp\/v2\/types\/page"}],"author":[{"embeddable":true,"href":"https:\/\/turismosantjoan.es\/ca\/wp-json\/wp\/v2\/users\/1"}],"replies":[{"embeddable":true,"href":"https:\/\/turismosantjoan.es\/ca\/wp-json\/wp\/v2\/comments?post=21"}],"version-history":[{"count":0,"href":"https:\/\/turismosantjoan.es\/ca\/wp-json\/wp\/v2\/pages\/21\/revisions"}],"wp:attachment":[{"href":"https:\/\/turismosantjoan.es\/ca\/wp-json\/wp\/v2\/media?parent=21"}],"curies":[{"name":"wp","href":"https:\/\/api.w.org\/{rel}","templated":true}]}}