{"id":7173,"date":"2023-08-04T10:42:46","date_gmt":"2023-08-04T10:42:46","guid":{"rendered":"https:\/\/turismo-sj.developersasapglobalsolution.com\/9-doctubre\/"},"modified":"2023-09-15T09:04:01","modified_gmt":"2023-09-15T09:04:01","slug":"9-doctubre","status":"publish","type":"page","link":"https:\/\/turismosantjoan.es\/ca\/9-doctubre\/","title":{"rendered":"9 d\u2019Octubre"},"content":{"rendered":"\t\t<div data-elementor-type=\"wp-page\" data-elementor-id=\"7173\" class=\"elementor elementor-7173 elementor-4260\" data-elementor-post-type=\"page\">\n\t\t\t\t\t\t<section class=\"elementor-section elementor-top-section elementor-element elementor-element-6bc0ad9b elementor-section-boxed elementor-section-height-default elementor-section-height-default\" data-id=\"6bc0ad9b\" data-element_type=\"section\" data-e-type=\"section\" data-settings=\"{&quot;shape_divider_top&quot;:&quot;mountains&quot;,&quot;background_background&quot;:&quot;classic&quot;}\">\n\t\t\t\t\t<div class=\"elementor-shape elementor-shape-top\" aria-hidden=\"true\" data-negative=\"false\">\n\t\t\t<svg xmlns=\"http:\/\/www.w3.org\/2000\/svg\" viewBox=\"0 0 1000 100\" preserveAspectRatio=\"none\">\n\t<path class=\"elementor-shape-fill\" opacity=\"0.33\" d=\"M473,67.3c-203.9,88.3-263.1-34-320.3,0C66,119.1,0,59.7,0,59.7V0h1000v59.7 c0,0-62.1,26.1-94.9,29.3c-32.8,3.3-62.8-12.3-75.8-22.1C806,49.6,745.3,8.7,694.9,4.7S492.4,59,473,67.3z\"\/>\n\t<path class=\"elementor-shape-fill\" opacity=\"0.66\" d=\"M734,67.3c-45.5,0-77.2-23.2-129.1-39.1c-28.6-8.7-150.3-10.1-254,39.1 s-91.7-34.4-149.2,0C115.7,118.3,0,39.8,0,39.8V0h1000v36.5c0,0-28.2-18.5-92.1-18.5C810.2,18.1,775.7,67.3,734,67.3z\"\/>\n\t<path class=\"elementor-shape-fill\" d=\"M766.1,28.9c-200-57.5-266,65.5-395.1,19.5C242,1.8,242,5.4,184.8,20.6C128,35.8,132.3,44.9,89.9,52.5C28.6,63.7,0,0,0,0 h1000c0,0-9.9,40.9-83.6,48.1S829.6,47,766.1,28.9z\"\/>\n<\/svg>\t\t<\/div>\n\t\t\t\t\t<div class=\"elementor-container elementor-column-gap-no\">\n\t\t\t\t\t<div class=\"elementor-column elementor-col-100 elementor-top-column elementor-element elementor-element-48d1b7d8\" data-id=\"48d1b7d8\" data-element_type=\"column\" data-e-type=\"column\">\n\t\t\t<div class=\"elementor-widget-wrap elementor-element-populated\">\n\t\t\t\t\t\t<div class=\"elementor-element elementor-element-4a16b8e4 elementor-widget elementor-widget-heading\" data-id=\"4a16b8e4\" data-element_type=\"widget\" data-e-type=\"widget\" data-widget_type=\"heading.default\">\n\t\t\t\t<div class=\"elementor-widget-container\">\n\t\t\t\t\t<h1 class=\"elementor-heading-title elementor-size-xxl\">9 d\u2019Octubre<\/h1>\t\t\t\t<\/div>\n\t\t\t\t<\/div>\n\t\t\t\t\t<\/div>\n\t\t<\/div>\n\t\t\t\t\t<\/div>\n\t\t<\/section>\n\t\t\t\t<section class=\"elementor-section elementor-top-section elementor-element elementor-element-5d3a8b91 elementor-section-boxed elementor-section-height-default elementor-section-height-default\" data-id=\"5d3a8b91\" data-element_type=\"section\" data-e-type=\"section\">\n\t\t\t\t\t\t<div class=\"elementor-container elementor-column-gap-default\">\n\t\t\t\t\t<div class=\"elementor-column elementor-col-100 elementor-top-column elementor-element elementor-element-7507e694\" data-id=\"7507e694\" data-element_type=\"column\" data-e-type=\"column\">\n\t\t\t<div class=\"elementor-widget-wrap elementor-element-populated\">\n\t\t\t\t\t\t<div class=\"elementor-element elementor-element-51ace6a3 elementor-widget elementor-widget-text-editor\" data-id=\"51ace6a3\" data-element_type=\"widget\" data-e-type=\"widget\" data-widget_type=\"text-editor.default\">\n\t\t\t\t<div class=\"elementor-widget-container\">\n\t\t\t\t\t\t\t\t\t<div class=\"wpb_text_column wpb_content_element \"><div class=\"wpb_wrapper\"><p align=\"JUSTIFY\">El Nou d\u2019Octubre se celebra l\u2019aniversari de la conquesta de la ciutat de Val\u00e8ncia pel rei Jaume I el 1238, fet que va suposar la creaci\u00f3 del Regne de Val\u00e8ncia. Es tracta d\u2019una de les festes de fundaci\u00f3 de regnes m\u00e9s antigues existents encara avui dia, circumst\u00e0ncia que es deu a la seua adaptaci\u00f3 als constants canvis sociopol\u00edtics que ha viscut el territori valenci\u00e0 al llarg de la hist\u00f2ria.<\/p><p align=\"JUSTIFY\">A Sant Joan d\u2019Alacant la festa es va comen\u00e7ar a celebrar a partir de la transici\u00f3 amb actes culturals o reivindicatius per part d\u2019alguns ve\u00efns, associacions culturals i grups pol\u00edtics. Des de llavors, i com que es tracta d\u2019una diada festiva, no han faltat per a commemorar-la mercats de comer\u00e7 local i artesania, danses t\u00edpiques valencianes, esmorzars populars, cercaviles o concerts de m\u00fasica en valenci\u00e0. Un dels actes m\u00e9s esperats d\u2019aquesta data \u00e9s la presentaci\u00f3 del Llibre del Nou d\u2019Octubre sobre tem\u00e0tica local, una edici\u00f3 que va comen\u00e7ar a fer-se el 1997 amb una monografia sobre les reines i dames de les festes del Crist i que cada any dedica les seues p\u00e0gines a tractar sobre la hist\u00f2ria, els costums i les viv\u00e8ncies de personatges santjoaners.<\/p><\/div><\/div>\t\t\t\t\t\t\t\t<\/div>\n\t\t\t\t<\/div>\n\t\t\t\t<section class=\"elementor-section elementor-inner-section elementor-element elementor-element-186c77f elementor-section-boxed elementor-section-height-default elementor-section-height-default\" data-id=\"186c77f\" data-element_type=\"section\" data-e-type=\"section\">\n\t\t\t\t\t\t<div class=\"elementor-container elementor-column-gap-default\">\n\t\t\t\t\t<div class=\"elementor-column elementor-col-50 elementor-inner-column elementor-element elementor-element-ec15ab7\" data-id=\"ec15ab7\" data-element_type=\"column\" data-e-type=\"column\">\n\t\t\t<div class=\"elementor-widget-wrap elementor-element-populated\">\n\t\t\t\t\t\t<div class=\"elementor-element elementor-element-730810c elementor-widget elementor-widget-image\" data-id=\"730810c\" data-element_type=\"widget\" data-e-type=\"widget\" data-widget_type=\"image.default\">\n\t\t\t\t<div class=\"elementor-widget-container\">\n\t\t\t\t\t\t\t\t\t\t\t\t\t\t\t<img fetchpriority=\"high\" decoding=\"async\" width=\"800\" height=\"534\" src=\"https:\/\/turismosantjoan.es\/wp-content\/uploads\/2023\/09\/FOTO-DE-SUSTITUCION-1.1-BANDERA-1024x683.jpg\" class=\"attachment-large size-large wp-image-6211\" alt=\"\" srcset=\"https:\/\/turismosantjoan.es\/wp-content\/uploads\/2023\/09\/FOTO-DE-SUSTITUCION-1.1-BANDERA-1024x683.jpg 1024w, https:\/\/turismosantjoan.es\/wp-content\/uploads\/2023\/09\/FOTO-DE-SUSTITUCION-1.1-BANDERA-300x200.jpg 300w, https:\/\/turismosantjoan.es\/wp-content\/uploads\/2023\/09\/FOTO-DE-SUSTITUCION-1.1-BANDERA-768x512.jpg 768w, https:\/\/turismosantjoan.es\/wp-content\/uploads\/2023\/09\/FOTO-DE-SUSTITUCION-1.1-BANDERA-1536x1024.jpg 1536w, https:\/\/turismosantjoan.es\/wp-content\/uploads\/2023\/09\/FOTO-DE-SUSTITUCION-1.1-BANDERA.jpg 2048w\" sizes=\"(max-width: 800px) 100vw, 800px\" \/>\t\t\t\t\t\t\t\t\t\t\t\t\t\t\t<\/div>\n\t\t\t\t<\/div>\n\t\t\t\t\t<\/div>\n\t\t<\/div>\n\t\t\t\t<div class=\"elementor-column elementor-col-50 elementor-inner-column elementor-element elementor-element-74a2014\" data-id=\"74a2014\" data-element_type=\"column\" data-e-type=\"column\">\n\t\t\t<div class=\"elementor-widget-wrap elementor-element-populated\">\n\t\t\t\t\t\t<div class=\"elementor-element elementor-element-e358ef8 elementor-widget elementor-widget-image\" data-id=\"e358ef8\" data-element_type=\"widget\" data-e-type=\"widget\" data-widget_type=\"image.default\">\n\t\t\t\t<div class=\"elementor-widget-container\">\n\t\t\t\t\t\t\t\t\t\t\t\t\t\t\t<img decoding=\"async\" width=\"800\" height=\"534\" src=\"https:\/\/turismosantjoan.es\/wp-content\/uploads\/2023\/09\/FOTO-DE-SUSTITUCION-1.2-GENERALITAT-1024x683.jpg\" class=\"attachment-large size-large wp-image-6214\" alt=\"\" srcset=\"https:\/\/turismosantjoan.es\/wp-content\/uploads\/2023\/09\/FOTO-DE-SUSTITUCION-1.2-GENERALITAT-1024x683.jpg 1024w, https:\/\/turismosantjoan.es\/wp-content\/uploads\/2023\/09\/FOTO-DE-SUSTITUCION-1.2-GENERALITAT-300x200.jpg 300w, https:\/\/turismosantjoan.es\/wp-content\/uploads\/2023\/09\/FOTO-DE-SUSTITUCION-1.2-GENERALITAT-768x512.jpg 768w, https:\/\/turismosantjoan.es\/wp-content\/uploads\/2023\/09\/FOTO-DE-SUSTITUCION-1.2-GENERALITAT-1536x1024.jpg 1536w, https:\/\/turismosantjoan.es\/wp-content\/uploads\/2023\/09\/FOTO-DE-SUSTITUCION-1.2-GENERALITAT.jpg 2048w\" sizes=\"(max-width: 800px) 100vw, 800px\" \/>\t\t\t\t\t\t\t\t\t\t\t\t\t\t\t<\/div>\n\t\t\t\t<\/div>\n\t\t\t\t\t<\/div>\n\t\t<\/div>\n\t\t\t\t\t<\/div>\n\t\t<\/section>\n\t\t\t\t\t<\/div>\n\t\t<\/div>\n\t\t\t\t\t<\/div>\n\t\t<\/section>\n\t\t\t\t<section class=\"elementor-section elementor-top-section elementor-element elementor-element-620febf4 elementor-section-boxed elementor-section-height-default elementor-section-height-default\" data-id=\"620febf4\" data-element_type=\"section\" data-e-type=\"section\">\n\t\t\t\t\t\t<div class=\"elementor-container elementor-column-gap-default\">\n\t\t\t\t\t<div class=\"elementor-column elementor-col-100 elementor-top-column elementor-element elementor-element-7faea142\" data-id=\"7faea142\" data-element_type=\"column\" data-e-type=\"column\">\n\t\t\t<div class=\"elementor-widget-wrap elementor-element-populated\">\n\t\t\t\t\t\t<div class=\"elementor-element elementor-element-4baa0e70 elementor-widget elementor-widget-heading\" data-id=\"4baa0e70\" data-element_type=\"widget\" data-e-type=\"widget\" data-widget_type=\"heading.default\">\n\t\t\t\t<div class=\"elementor-widget-container\">\n\t\t\t\t\t<h2 class=\"elementor-heading-title elementor-size-default\">Sabies que\u2026?<\/h2>\t\t\t\t<\/div>\n\t\t\t\t<\/div>\n\t\t\t\t<div class=\"elementor-element elementor-element-28aaaf86 elementor-widget elementor-widget-text-editor\" data-id=\"28aaaf86\" data-element_type=\"widget\" data-e-type=\"widget\" data-widget_type=\"text-editor.default\">\n\t\t\t\t<div class=\"elementor-widget-container\">\n\t\t\t\t\t\t\t\t\t<p align=\"JUSTIFY\">La creaci\u00f3 del Regne de Val\u00e8ncia es va deure a una iniciativa del rei Jaume I que d\u2019aquesta manera volia evitar les susceptibilitats de catalans i aragonesos que havien participat en la conquesta d\u2019aquest territori als musulmans, i que pretenien tenir el control de les noves terres. El nou regne, dotat de lleis i institucions pr\u00f2pies, va quedar habitat d\u2019aquesta manera principalment per catalans, aragonesos i nombrosos musulmans que van continuar vivint en el regne fins que es va decretar l\u2019expulsi\u00f3 dels moriscos el 1609. Aquesta diversitat cultural va donar lloc a l\u2019exist\u00e8ncia de diverses lleng\u00fces, religions i relacions socioecon\u00f2miques en tot el territori. Un dels trets m\u00e9s notoris seria del predomini ling\u00fc\u00edstic aragon\u00e8s a l\u2019interior i catal\u00e0 al litoral, que en aquest cas rebria el nom propi de valenci\u00e0.<\/p><p align=\"JUSTIFY\">Al principi, el regne arribava pel sud fins a Xixona i Biar, segons es va establir en el Tractat d\u2019Almizra del 1245 entre les corones d\u2019Arag\u00f3 i de Castella, de manera que Alacant quedava dins del territori castell\u00e0, per\u00f2 al final del segle XIII, el rei Jaume II va travessar aquesta frontera per a arribar fins a M\u00farcia. Despr\u00e9s d\u2019un dur enfrontament amb els castellans, finalment es van establir les noves demarcacions amb la firma dels tractats d\u2019Elx i la Sent\u00e8ncia Arbitral de Torrellas, que van implicar la incorporaci\u00f3 el 1305 al Regne de Val\u00e8ncia dels territoris que s\u2019estenien fins a Oriola. Aix\u00ed, Alacant i, per tant, la seua horta, amb Sant Joan i Benimagrell al capdavant, passaven a formar part definitivament del Regne de Val\u00e8ncia.<\/p>\t\t\t\t\t\t\t\t<\/div>\n\t\t\t\t<\/div>\n\t\t\t\t<div class=\"elementor-element elementor-element-45539d6 elementor-widget elementor-widget-image\" data-id=\"45539d6\" data-element_type=\"widget\" data-e-type=\"widget\" data-widget_type=\"image.default\">\n\t\t\t\t<div class=\"elementor-widget-container\">\n\t\t\t\t\t\t\t\t\t\t\t\t\t\t\t<img decoding=\"async\" width=\"768\" height=\"512\" src=\"https:\/\/turismosantjoan.es\/wp-content\/uploads\/2023\/09\/FOTO-DE-SUSTITUCION-2.1-CASTELLERS-768x512.jpg\" class=\"attachment-medium_large size-medium_large wp-image-6217\" alt=\"\" srcset=\"https:\/\/turismosantjoan.es\/wp-content\/uploads\/2023\/09\/FOTO-DE-SUSTITUCION-2.1-CASTELLERS-768x512.jpg 768w, https:\/\/turismosantjoan.es\/wp-content\/uploads\/2023\/09\/FOTO-DE-SUSTITUCION-2.1-CASTELLERS-300x200.jpg 300w, https:\/\/turismosantjoan.es\/wp-content\/uploads\/2023\/09\/FOTO-DE-SUSTITUCION-2.1-CASTELLERS-1024x683.jpg 1024w, https:\/\/turismosantjoan.es\/wp-content\/uploads\/2023\/09\/FOTO-DE-SUSTITUCION-2.1-CASTELLERS-1536x1024.jpg 1536w, https:\/\/turismosantjoan.es\/wp-content\/uploads\/2023\/09\/FOTO-DE-SUSTITUCION-2.1-CASTELLERS-2048x1365.jpg 2048w\" sizes=\"(max-width: 768px) 100vw, 768px\" \/>\t\t\t\t\t\t\t\t\t\t\t\t\t\t\t<\/div>\n\t\t\t\t<\/div>\n\t\t\t\t<div class=\"elementor-element elementor-element-11c32ea elementor-widget elementor-widget-text-editor\" data-id=\"11c32ea\" data-element_type=\"widget\" data-e-type=\"widget\" data-widget_type=\"text-editor.default\">\n\t\t\t\t<div class=\"elementor-widget-container\">\n\t\t\t\t\t\t\t\t\t<p align=\"JUSTIFY\">El Regne de Val\u00e8ncia va mantenir la seua personalitat pol\u00edtica pr\u00f2pia fins als Decrets de Nova Planta del 1714, que van comportar la supressi\u00f3 de les lleis i institucions valencianes, igual que va succeir a Arag\u00f3, Balears i Catalunya, substitu\u00efdes des d\u2019aquest moment per les castellanes, en repres\u00e0lia per haver donat suport els territoris de la Corona d\u2019Arag\u00f3 durant la guerra de Successi\u00f3 als \u00c0ustria i no als Borb\u00f3, triomfadors en el conflicte. La data en qu\u00e8 es va consumar la derrota austriacista en la batalla d\u2019Almansa, el 25 d\u2019abril de 1707, va marcar el comen\u00e7ament de les repres\u00e0lies i va quedar immortalitzada en la mem\u00f2ria col\u00b7lectiva com un fet nefast en la dita: \u00abQuan el mal ve d\u2019Almansa, a tots alcan\u00e7a.\u00bb El 25 d\u2019Abril \u00e9s commemorat en l\u2019actualitat per diversos col\u00b7lectius culturals i pol\u00edtics, i per les Corts Valencianes, que celebren en aquesta data el seu dia.<\/p>\t\t\t\t\t\t\t\t<\/div>\n\t\t\t\t<\/div>\n\t\t\t\t<div class=\"elementor-element elementor-element-fafd114 elementor-widget elementor-widget-image\" data-id=\"fafd114\" data-element_type=\"widget\" data-e-type=\"widget\" data-widget_type=\"image.default\">\n\t\t\t\t<div class=\"elementor-widget-container\">\n\t\t\t\t\t\t\t\t\t\t\t\t\t\t\t<img loading=\"lazy\" decoding=\"async\" width=\"768\" height=\"524\" src=\"https:\/\/turismosantjoan.es\/wp-content\/uploads\/2023\/09\/FOTO-DE-SUSTITUCION-2.2-CORREFOCS-768x524.jpg\" class=\"attachment-medium_large size-medium_large wp-image-6220\" alt=\"\" srcset=\"https:\/\/turismosantjoan.es\/wp-content\/uploads\/2023\/09\/FOTO-DE-SUSTITUCION-2.2-CORREFOCS-768x524.jpg 768w, https:\/\/turismosantjoan.es\/wp-content\/uploads\/2023\/09\/FOTO-DE-SUSTITUCION-2.2-CORREFOCS-300x205.jpg 300w, https:\/\/turismosantjoan.es\/wp-content\/uploads\/2023\/09\/FOTO-DE-SUSTITUCION-2.2-CORREFOCS-1024x698.jpg 1024w, https:\/\/turismosantjoan.es\/wp-content\/uploads\/2023\/09\/FOTO-DE-SUSTITUCION-2.2-CORREFOCS-1536x1047.jpg 1536w, https:\/\/turismosantjoan.es\/wp-content\/uploads\/2023\/09\/FOTO-DE-SUSTITUCION-2.2-CORREFOCS-2048x1396.jpg 2048w\" sizes=\"(max-width: 768px) 100vw, 768px\" \/>\t\t\t\t\t\t\t\t\t\t\t\t\t\t\t<\/div>\n\t\t\t\t<\/div>\n\t\t\t\t<div class=\"elementor-element elementor-element-6380e44 elementor-widget elementor-widget-text-editor\" data-id=\"6380e44\" data-element_type=\"widget\" data-e-type=\"widget\" data-widget_type=\"text-editor.default\">\n\t\t\t\t<div class=\"elementor-widget-container\">\n\t\t\t\t\t\t\t\t\t<p>Premi 9 d\u2019Octubre XXII *Edici\u00f3 2016 que recullen els membres de <a href=\"http:\/\/aclloixa.blogspot.com.es\/\">l&#8217;Associaci\u00f3 Cultural Lloixa<\/a> pels seus 35 anys de vida i comprom\u00eds per la cultura santjoaner<\/p>\t\t\t\t\t\t\t\t<\/div>\n\t\t\t\t<\/div>\n\t\t\t\t<div class=\"elementor-element elementor-element-e25484e elementor-widget elementor-widget-text-editor\" data-id=\"e25484e\" data-element_type=\"widget\" data-e-type=\"widget\" data-widget_type=\"text-editor.default\">\n\t\t\t\t<div class=\"elementor-widget-container\">\n\t\t\t\t\t\t\t\t\t<p align=\"JUSTIFY\">El Regne de Val\u00e8ncia desapareixia formalment en el segle XVIII, si b\u00e9 aquest terme es va mantenir en la historiografia, les cr\u00f2niques i el record popular al costat del de Pa\u00eds Valenci\u00e0, en refer\u00e8ncia a una adscripci\u00f3 principalment geogr\u00e0fica i cultural, fins que en la transici\u00f3 es va recuperar l\u2019autogovern i es va crear i adoptar la denominaci\u00f3 de Comunitat Valenciana.<\/p><p align=\"JUSTIFY\">L\u2019estatut va recollir els s\u00edmbols oficials valencians: la bandera amb les armes de la Corona d\u2019Arag\u00f3, amb franges o barres roges i grogues i amb la corona al pal sobre franja blava; l\u2019escut del rei Pere el Ceremoni\u00f3s, amb les armes aragoneses i elm amb el drac; i l\u2019himne compost al principi del segle XX per Serrano i Thous. Altres grups reivindiquen tamb\u00e9 la m\u00fasica de la dansa de la Muixeranga d\u2019Algemes\u00ed, declarada Patrimoni de la Humanitat, com a himne valenci\u00e0.<\/p><p align=\"JUSTIFY\">El rei Jaume I (1208-1276) est\u00e0 considerat un dels personatges medievals m\u00e9s importants representant els valors cavallerescs de fe, valor i honor. La hist\u00f2ria de la seua vida est\u00e0 envoltada d\u2019un halo de misteri, gestes i proeses en qu\u00e8 es mesclen la realitat i la llegenda. A ell mateix se li atribueix l\u2019obra El llibre dels fets, que narra la seua vida i obra. A Sant Joan d\u2019Alacant se li va dedicar una important avinguda el 1983, que substitu\u00efa el nom de general Mola que havia portat fins a aquell moment.<\/p><p align=\"JUSTIFY\">Existeix una curiosa llegenda que situa el pas del rei per una alqueria de Sant Joan d&#8217;Alacant durant la seua estada en l&#8217;Horta d&#8217;Alacant; agra\u00eft el monarca per l&#8217;excel\u00b7lent tracte rebut pels seus habitants va decidir atorgar-los el franc d&#8217;impostos, de manera que l&#8217;habitatge va ser conegut des de llavors com la Hisenda d\u2019El Franc i el de Soler, alqueria situada en el cam\u00ed tradicional de l&#8217;Embarcador cap a la platja. El cronista de Sant Joan, Isidro Buades, va dedicar un simp\u00e0tic poema a aquesta llegenda titulat: \u2018El *Rei en Jaume *Primer en el *Franc i el de Soler\u2019.<\/p>\t\t\t\t\t\t\t\t<\/div>\n\t\t\t\t<\/div>\n\t\t\t\t\t<\/div>\n\t\t<\/div>\n\t\t\t\t\t<\/div>\n\t\t<\/section>\n\t\t\t\t<\/div>\n\t\t","protected":false},"excerpt":{"rendered":"<p>9 d\u2019Octubre El Nou d\u2019Octubre se celebra l\u2019aniversari de la conquesta de la ciutat de Val\u00e8ncia pel rei Jaume I el 1238, fet que va suposar la creaci\u00f3 del Regne de Val\u00e8ncia. Es tracta d\u2019una de les festes de fundaci\u00f3 de regnes m\u00e9s antigues existents encara avui dia, circumst\u00e0ncia que es deu a la seua [&hellip;]<\/p>\n","protected":false},"author":1,"featured_media":0,"parent":0,"menu_order":0,"comment_status":"closed","ping_status":"closed","template":"","meta":{"footnotes":""},"class_list":["post-7173","page","type-page","status-publish","hentry"],"_links":{"self":[{"href":"https:\/\/turismosantjoan.es\/ca\/wp-json\/wp\/v2\/pages\/7173","targetHints":{"allow":["GET"]}}],"collection":[{"href":"https:\/\/turismosantjoan.es\/ca\/wp-json\/wp\/v2\/pages"}],"about":[{"href":"https:\/\/turismosantjoan.es\/ca\/wp-json\/wp\/v2\/types\/page"}],"author":[{"embeddable":true,"href":"https:\/\/turismosantjoan.es\/ca\/wp-json\/wp\/v2\/users\/1"}],"replies":[{"embeddable":true,"href":"https:\/\/turismosantjoan.es\/ca\/wp-json\/wp\/v2\/comments?post=7173"}],"version-history":[{"count":0,"href":"https:\/\/turismosantjoan.es\/ca\/wp-json\/wp\/v2\/pages\/7173\/revisions"}],"wp:attachment":[{"href":"https:\/\/turismosantjoan.es\/ca\/wp-json\/wp\/v2\/media?parent=7173"}],"curies":[{"name":"wp","href":"https:\/\/api.w.org\/{rel}","templated":true}]}}