{"id":7181,"date":"2023-07-20T09:30:17","date_gmt":"2023-07-20T09:30:17","guid":{"rendered":"https:\/\/turismo-sj.developersasapglobalsolution.com\/agenda-cultura-setembre-i-octubre-2022\/"},"modified":"2023-11-23T09:04:52","modified_gmt":"2023-11-23T09:04:52","slug":"agenda-cultura-setembre-i-octubre-2022","status":"publish","type":"page","link":"https:\/\/turismosantjoan.es\/ca\/agenda-cultura-setembre-i-octubre-2022\/","title":{"rendered":"Agenda Cultural Setembre &#8211; Octubre 2023"},"content":{"rendered":"\t\t<div data-elementor-type=\"wp-page\" data-elementor-id=\"7181\" class=\"elementor elementor-7181 elementor-2184\" data-elementor-post-type=\"page\">\n\t\t\t\t\t\t<section class=\"elementor-section elementor-top-section elementor-element elementor-element-3f87ce1 elementor-section-boxed elementor-section-height-default elementor-section-height-default\" data-id=\"3f87ce1\" data-element_type=\"section\" data-e-type=\"section\">\n\t\t\t\t\t\t<div class=\"elementor-container elementor-column-gap-default\">\n\t\t\t\t\t<div class=\"elementor-column elementor-col-50 elementor-top-column elementor-element elementor-element-330c2b2\" data-id=\"330c2b2\" data-element_type=\"column\" data-e-type=\"column\">\n\t\t\t<div class=\"elementor-widget-wrap elementor-element-populated\">\n\t\t\t\t\t\t<div class=\"elementor-element elementor-element-00c1ed2 elementor-widget elementor-widget-text-editor\" data-id=\"00c1ed2\" data-element_type=\"widget\" data-e-type=\"widget\" data-widget_type=\"text-editor.default\">\n\t\t\t\t<div class=\"elementor-widget-container\">\n\t\t\t\t\t\t\t\t\t<p>Ja tens disponible <strong>l&#8217;Agenda Cultural per a setembre i octubre<\/strong>!!<\/p><p>Gaudeix de les m\u00faltiples activitats culturals que oferim a <strong>Sant Joan d&#8217;Alacant<\/strong> per a aquests mesos:<\/p><p><strong>Concerts de m\u00fasica \ud83c\udfb6<\/strong><\/p><p><strong>Cinema \ud83c\udfa5<\/strong><\/p><p><strong>Teatre \ud83c\udfad<\/strong><\/p><p><strong>Exposicions \ud83d\uddbc\ufe0f<\/strong><\/p><p><strong>Tallers \ud83d\udc83\ud83c\udffb\ud83e\udd16\ud83d\udce6<\/strong><\/p><p><strong>M\u00e0gia \ud83c\udfa9<\/strong><\/p><p>A qu\u00e8 est\u00e0s esperant? Descarrega-te-la amb nom\u00e9s un parell de clics \ud83d\udc47\ud83c\udffb<\/p><p><a href=\"https:\/\/turismosantjoan.es\/wp-content\/uploads\/2023\/11\/Septiembre-octubre-2023.pdf\" target=\"_blank\" rel=\"noopener\">Descarregar<\/a><\/p><p>\u00a0<\/p>\t\t\t\t\t\t\t\t<\/div>\n\t\t\t\t<\/div>\n\t\t\t\t\t<\/div>\n\t\t<\/div>\n\t\t\t\t<div class=\"elementor-column elementor-col-50 elementor-top-column elementor-element elementor-element-a6783f7\" data-id=\"a6783f7\" data-element_type=\"column\" data-e-type=\"column\">\n\t\t\t<div class=\"elementor-widget-wrap elementor-element-populated\">\n\t\t\t\t\t\t<div class=\"elementor-element elementor-element-331d1f8 elementor-widget elementor-widget-image\" data-id=\"331d1f8\" data-element_type=\"widget\" data-e-type=\"widget\" data-widget_type=\"image.default\">\n\t\t\t\t<div class=\"elementor-widget-container\">\n\t\t\t\t\t\t\t\t\t\t\t\t\t\t\t<img fetchpriority=\"high\" decoding=\"async\" width=\"722\" height=\"1024\" src=\"https:\/\/turismosantjoan.es\/wp-content\/uploads\/2023\/11\/REVISTA-web-1_1-722x1024.jpg\" class=\"attachment-large size-large wp-image-9294\" alt=\"\" srcset=\"https:\/\/turismosantjoan.es\/wp-content\/uploads\/2023\/11\/REVISTA-web-1_1-722x1024.jpg 722w, https:\/\/turismosantjoan.es\/wp-content\/uploads\/2023\/11\/REVISTA-web-1_1-211x300.jpg 211w, https:\/\/turismosantjoan.es\/wp-content\/uploads\/2023\/11\/REVISTA-web-1_1-768x1089.jpg 768w, https:\/\/turismosantjoan.es\/wp-content\/uploads\/2023\/11\/REVISTA-web-1_1-1083x1536.jpg 1083w, https:\/\/turismosantjoan.es\/wp-content\/uploads\/2023\/11\/REVISTA-web-1_1-1444x2048.jpg 1444w, https:\/\/turismosantjoan.es\/wp-content\/uploads\/2023\/11\/REVISTA-web-1_1.jpg 1749w\" sizes=\"(max-width: 722px) 100vw, 722px\" \/>\t\t\t\t\t\t\t\t\t\t\t\t\t\t\t<\/div>\n\t\t\t\t<\/div>\n\t\t\t\t\t<\/div>\n\t\t<\/div>\n\t\t\t\t\t<\/div>\n\t\t<\/section>\n\t\t\t\t<\/div>\n\t\t","protected":false},"excerpt":{"rendered":"<p>Ja tens disponible l&#8217;Agenda Cultural per a setembre i octubre!! Gaudeix de les m\u00faltiples activitats culturals que oferim a Sant Joan d&#8217;Alacant per a aquests mesos: Concerts de m\u00fasica \ud83c\udfb6 Cinema \ud83c\udfa5 Teatre \ud83c\udfad Exposicions \ud83d\uddbc\ufe0f Tallers \ud83d\udc83\ud83c\udffb\ud83e\udd16\ud83d\udce6 M\u00e0gia \ud83c\udfa9 A qu\u00e8 est\u00e0s esperant? Descarrega-te-la amb nom\u00e9s un parell de clics \ud83d\udc47\ud83c\udffb Descarregar \u00a0<\/p>\n","protected":false},"author":1,"featured_media":0,"parent":0,"menu_order":0,"comment_status":"closed","ping_status":"closed","template":"","meta":{"footnotes":""},"class_list":["post-7181","page","type-page","status-publish","hentry"],"_links":{"self":[{"href":"https:\/\/turismosantjoan.es\/ca\/wp-json\/wp\/v2\/pages\/7181","targetHints":{"allow":["GET"]}}],"collection":[{"href":"https:\/\/turismosantjoan.es\/ca\/wp-json\/wp\/v2\/pages"}],"about":[{"href":"https:\/\/turismosantjoan.es\/ca\/wp-json\/wp\/v2\/types\/page"}],"author":[{"embeddable":true,"href":"https:\/\/turismosantjoan.es\/ca\/wp-json\/wp\/v2\/users\/1"}],"replies":[{"embeddable":true,"href":"https:\/\/turismosantjoan.es\/ca\/wp-json\/wp\/v2\/comments?post=7181"}],"version-history":[{"count":0,"href":"https:\/\/turismosantjoan.es\/ca\/wp-json\/wp\/v2\/pages\/7181\/revisions"}],"wp:attachment":[{"href":"https:\/\/turismosantjoan.es\/ca\/wp-json\/wp\/v2\/media?parent=7181"}],"curies":[{"name":"wp","href":"https:\/\/api.w.org\/{rel}","templated":true}]}}