{"id":7188,"date":"2023-07-20T09:40:11","date_gmt":"2023-07-20T09:40:11","guid":{"rendered":"https:\/\/turismo-sj.developersasapglobalsolution.com\/agenda-cultural-maig-juny-2022\/"},"modified":"2023-11-23T10:05:21","modified_gmt":"2023-11-23T10:05:21","slug":"agenda-cultural-maig-juny-2022","status":"publish","type":"page","link":"https:\/\/turismosantjoan.es\/ca\/agenda-cultural-maig-juny-2022\/","title":{"rendered":"Agenda Cultural Maig- Juny 2023"},"content":{"rendered":"\t\t<div data-elementor-type=\"wp-page\" data-elementor-id=\"7188\" class=\"elementor elementor-7188 elementor-2220\" data-elementor-post-type=\"page\">\n\t\t\t\t\t\t<section class=\"elementor-section elementor-top-section elementor-element elementor-element-2ad3eb8 elementor-section-boxed elementor-section-height-default elementor-section-height-default\" data-id=\"2ad3eb8\" data-element_type=\"section\" data-e-type=\"section\">\n\t\t\t\t\t\t<div class=\"elementor-container elementor-column-gap-default\">\n\t\t\t\t\t<div class=\"elementor-column elementor-col-50 elementor-top-column elementor-element elementor-element-70522d0\" data-id=\"70522d0\" data-element_type=\"column\" data-e-type=\"column\">\n\t\t\t<div class=\"elementor-widget-wrap elementor-element-populated\">\n\t\t\t\t\t\t<div class=\"elementor-element elementor-element-6cb60dd elementor-widget elementor-widget-text-editor\" data-id=\"6cb60dd\" data-element_type=\"widget\" data-e-type=\"widget\" data-widget_type=\"text-editor.default\">\n\t\t\t\t<div class=\"elementor-widget-container\">\n\t\t\t\t\t\t\t\t\t<p>Ja est\u00e0 llesta l&#8217;agenda cultural de Maig-Juny i la pots <a href=\"https:\/\/www.santjoandalacant.es\/es\/cultura\/mayo-junio-1\">descarregar ac\u00ed<\/a>.<\/p><p>Gaudeix de les m\u00faltiples <strong>activitats culturals<\/strong> que oferim a Sant Joan d&#8217;Alacant per a aquests mesos.<\/p><p>A qu\u00e8 est\u00e0s esperant? Descarrega-te-la amb nom\u00e9s un parell de clics \ud83d\udc47\ud83c\udffb<br \/><a href=\"https:\/\/turismosantjoan.es\/wp-content\/uploads\/2023\/11\/mayo-junio-2023.pdf\" target=\"_blank\" rel=\"noopener\">Desc\u00e0rrega<\/a><br \/><br \/><\/p>\t\t\t\t\t\t\t\t<\/div>\n\t\t\t\t<\/div>\n\t\t\t\t\t<\/div>\n\t\t<\/div>\n\t\t\t\t<div class=\"elementor-column elementor-col-50 elementor-top-column elementor-element elementor-element-657a846\" data-id=\"657a846\" data-element_type=\"column\" data-e-type=\"column\">\n\t\t\t<div class=\"elementor-widget-wrap elementor-element-populated\">\n\t\t\t\t\t\t<div class=\"elementor-element elementor-element-0bb8f5d elementor-widget elementor-widget-image\" data-id=\"0bb8f5d\" data-element_type=\"widget\" data-e-type=\"widget\" data-widget_type=\"image.default\">\n\t\t\t\t<div class=\"elementor-widget-container\">\n\t\t\t\t\t\t\t\t\t\t\t\t\t\t\t<img fetchpriority=\"high\" decoding=\"async\" width=\"722\" height=\"1024\" src=\"https:\/\/turismosantjoan.es\/wp-content\/uploads\/2023\/11\/REVISTAok2_1-722x1024.jpg\" class=\"attachment-large size-large wp-image-9288\" alt=\"\" srcset=\"https:\/\/turismosantjoan.es\/wp-content\/uploads\/2023\/11\/REVISTAok2_1-722x1024.jpg 722w, https:\/\/turismosantjoan.es\/wp-content\/uploads\/2023\/11\/REVISTAok2_1-211x300.jpg 211w, https:\/\/turismosantjoan.es\/wp-content\/uploads\/2023\/11\/REVISTAok2_1-768x1089.jpg 768w, https:\/\/turismosantjoan.es\/wp-content\/uploads\/2023\/11\/REVISTAok2_1-1083x1536.jpg 1083w, https:\/\/turismosantjoan.es\/wp-content\/uploads\/2023\/11\/REVISTAok2_1-1444x2048.jpg 1444w, https:\/\/turismosantjoan.es\/wp-content\/uploads\/2023\/11\/REVISTAok2_1.jpg 1749w\" sizes=\"(max-width: 722px) 100vw, 722px\" \/>\t\t\t\t\t\t\t\t\t\t\t\t\t\t\t<\/div>\n\t\t\t\t<\/div>\n\t\t\t\t\t<\/div>\n\t\t<\/div>\n\t\t\t\t\t<\/div>\n\t\t<\/section>\n\t\t\t\t<\/div>\n\t\t","protected":false},"excerpt":{"rendered":"<p>Ja est\u00e0 llesta l&#8217;agenda cultural de Maig-Juny i la pots descarregar ac\u00ed. Gaudeix de les m\u00faltiples activitats culturals que oferim a Sant Joan d&#8217;Alacant per a aquests mesos. A qu\u00e8 est\u00e0s esperant? Descarrega-te-la amb nom\u00e9s un parell de clics \ud83d\udc47\ud83c\udffbDesc\u00e0rrega<\/p>\n","protected":false},"author":1,"featured_media":0,"parent":0,"menu_order":0,"comment_status":"closed","ping_status":"closed","template":"","meta":{"footnotes":""},"class_list":["post-7188","page","type-page","status-publish","hentry"],"_links":{"self":[{"href":"https:\/\/turismosantjoan.es\/ca\/wp-json\/wp\/v2\/pages\/7188","targetHints":{"allow":["GET"]}}],"collection":[{"href":"https:\/\/turismosantjoan.es\/ca\/wp-json\/wp\/v2\/pages"}],"about":[{"href":"https:\/\/turismosantjoan.es\/ca\/wp-json\/wp\/v2\/types\/page"}],"author":[{"embeddable":true,"href":"https:\/\/turismosantjoan.es\/ca\/wp-json\/wp\/v2\/users\/1"}],"replies":[{"embeddable":true,"href":"https:\/\/turismosantjoan.es\/ca\/wp-json\/wp\/v2\/comments?post=7188"}],"version-history":[{"count":0,"href":"https:\/\/turismosantjoan.es\/ca\/wp-json\/wp\/v2\/pages\/7188\/revisions"}],"wp:attachment":[{"href":"https:\/\/turismosantjoan.es\/ca\/wp-json\/wp\/v2\/media?parent=7188"}],"curies":[{"name":"wp","href":"https:\/\/api.w.org\/{rel}","templated":true}]}}