{"id":7192,"date":"2023-08-08T08:44:43","date_gmt":"2023-08-08T08:44:43","guid":{"rendered":"https:\/\/turismo-sj.developersasapglobalsolution.com\/arxiu-municipal\/"},"modified":"2023-09-15T09:32:45","modified_gmt":"2023-09-15T09:32:45","slug":"arxiu-municipal","status":"publish","type":"page","link":"https:\/\/turismosantjoan.es\/ca\/arxiu-municipal\/","title":{"rendered":"Arxiu Municipal"},"content":{"rendered":"\t\t<div data-elementor-type=\"wp-page\" data-elementor-id=\"7192\" class=\"elementor elementor-7192 elementor-4593\" data-elementor-post-type=\"page\">\n\t\t\t\t\t\t<section class=\"elementor-section elementor-top-section elementor-element elementor-element-6a31044d elementor-section-boxed elementor-section-height-default elementor-section-height-default\" data-id=\"6a31044d\" data-element_type=\"section\" data-e-type=\"section\" data-settings=\"{&quot;shape_divider_top&quot;:&quot;mountains&quot;,&quot;background_background&quot;:&quot;classic&quot;}\">\n\t\t\t\t\t<div class=\"elementor-shape elementor-shape-top\" aria-hidden=\"true\" data-negative=\"false\">\n\t\t\t<svg xmlns=\"http:\/\/www.w3.org\/2000\/svg\" viewBox=\"0 0 1000 100\" preserveAspectRatio=\"none\">\n\t<path class=\"elementor-shape-fill\" opacity=\"0.33\" d=\"M473,67.3c-203.9,88.3-263.1-34-320.3,0C66,119.1,0,59.7,0,59.7V0h1000v59.7 c0,0-62.1,26.1-94.9,29.3c-32.8,3.3-62.8-12.3-75.8-22.1C806,49.6,745.3,8.7,694.9,4.7S492.4,59,473,67.3z\"\/>\n\t<path class=\"elementor-shape-fill\" opacity=\"0.66\" d=\"M734,67.3c-45.5,0-77.2-23.2-129.1-39.1c-28.6-8.7-150.3-10.1-254,39.1 s-91.7-34.4-149.2,0C115.7,118.3,0,39.8,0,39.8V0h1000v36.5c0,0-28.2-18.5-92.1-18.5C810.2,18.1,775.7,67.3,734,67.3z\"\/>\n\t<path class=\"elementor-shape-fill\" d=\"M766.1,28.9c-200-57.5-266,65.5-395.1,19.5C242,1.8,242,5.4,184.8,20.6C128,35.8,132.3,44.9,89.9,52.5C28.6,63.7,0,0,0,0 h1000c0,0-9.9,40.9-83.6,48.1S829.6,47,766.1,28.9z\"\/>\n<\/svg>\t\t<\/div>\n\t\t\t\t\t<div class=\"elementor-container elementor-column-gap-no\">\n\t\t\t\t\t<div class=\"elementor-column elementor-col-100 elementor-top-column elementor-element elementor-element-45299998\" data-id=\"45299998\" data-element_type=\"column\" data-e-type=\"column\">\n\t\t\t<div class=\"elementor-widget-wrap elementor-element-populated\">\n\t\t\t\t\t\t<div class=\"elementor-element elementor-element-5083af24 elementor-widget elementor-widget-heading\" data-id=\"5083af24\" data-element_type=\"widget\" data-e-type=\"widget\" data-widget_type=\"heading.default\">\n\t\t\t\t<div class=\"elementor-widget-container\">\n\t\t\t\t\t<h1 class=\"elementor-heading-title elementor-size-xxl\">Arxiu Municipal<\/h1>\t\t\t\t<\/div>\n\t\t\t\t<\/div>\n\t\t\t\t\t<\/div>\n\t\t<\/div>\n\t\t\t\t\t<\/div>\n\t\t<\/section>\n\t\t\t\t<section class=\"elementor-section elementor-top-section elementor-element elementor-element-1a2f45a9 elementor-section-boxed elementor-section-height-default elementor-section-height-default\" data-id=\"1a2f45a9\" data-element_type=\"section\" data-e-type=\"section\">\n\t\t\t\t\t\t<div class=\"elementor-container elementor-column-gap-default\">\n\t\t\t\t\t<div class=\"elementor-column elementor-col-100 elementor-top-column elementor-element elementor-element-642832e3\" data-id=\"642832e3\" data-element_type=\"column\" data-e-type=\"column\">\n\t\t\t<div class=\"elementor-widget-wrap elementor-element-populated\">\n\t\t\t\t\t\t<div class=\"elementor-element elementor-element-4156ffb8 elementor-widget elementor-widget-google_maps\" data-id=\"4156ffb8\" data-element_type=\"widget\" data-e-type=\"widget\" data-widget_type=\"google_maps.default\">\n\t\t\t\t<div class=\"elementor-widget-container\">\n\t\t\t\t\t\t\t<div class=\"elementor-custom-embed\">\n\t\t\t<iframe loading=\"lazy\"\n\t\t\t\t\tsrc=\"https:\/\/maps.google.com\/maps?q=Avenida%20Rambla%20de%20la%20Llibertat%2C%2022%2C%2003550%20San%20Juan%20de%20Alicante%2C%20Alicante&#038;t=m&#038;z=15&#038;output=embed&#038;iwloc=near\"\n\t\t\t\t\ttitle=\"Avenida Rambla de la Llibertat, 22, 03550 San Juan de Alicante, Alicante\"\n\t\t\t\t\taria-label=\"Avenida Rambla de la Llibertat, 22, 03550 San Juan de Alicante, Alicante\"\n\t\t\t><\/iframe>\n\t\t<\/div>\n\t\t\t\t\t\t<\/div>\n\t\t\t\t<\/div>\n\t\t\t\t\t<\/div>\n\t\t<\/div>\n\t\t\t\t\t<\/div>\n\t\t<\/section>\n\t\t\t\t<section class=\"elementor-section elementor-top-section elementor-element elementor-element-2898ddc7 elementor-section-boxed elementor-section-height-default elementor-section-height-default\" data-id=\"2898ddc7\" data-element_type=\"section\" data-e-type=\"section\">\n\t\t\t\t\t\t<div class=\"elementor-container elementor-column-gap-default\">\n\t\t\t\t\t<div class=\"elementor-column elementor-col-100 elementor-top-column elementor-element elementor-element-702d96e0\" data-id=\"702d96e0\" data-element_type=\"column\" data-e-type=\"column\">\n\t\t\t<div class=\"elementor-widget-wrap elementor-element-populated\">\n\t\t\t\t\t\t<div class=\"elementor-element elementor-element-332b331 elementor-widget elementor-widget-text-editor\" data-id=\"332b331\" data-element_type=\"widget\" data-e-type=\"widget\" data-widget_type=\"text-editor.default\">\n\t\t\t\t<div class=\"elementor-widget-container\">\n\t\t\t\t\t\t\t\t\t<div class=\"wpb_text_column wpb_content_element \"><div class=\"wpb_wrapper\"><p align=\"JUSTIFY\">L\u2019estudi de les fonts documentals es considerava fins no fa molt de temps un reducte d\u2019erudits, un camp restringit a l\u2019\u00e0mbit cient\u00edfic i acad\u00e8mic que creava una barrera, m\u00e9s que f\u00edsica, interpretativa respecte del nostre passat. Afortunadament els arxius actuals estan oberts a p\u00fablic de tot tipus, circumst\u00e0ncia que ha afavorit un coneixement de la hist\u00f2ria m\u00e9s cr\u00edtic, poli\u00e8dric i transversal.<\/p><p align=\"JUSTIFY\">I aix\u00f2 \u00e9s aix\u00ed perqu\u00e8 la documentaci\u00f3 que custodien els arxius, principalment amb valor administratiu, \u00e9s capa\u00e7 d\u2019oferir diferents lectures i ser objecte d\u2019estudis variats. Un cens d&#8217;habitants del segle XIX ens ajuda a comprendre, no sols la demografia local i els nuclis familiars, sin\u00f3 tamb\u00e9 l&#8217;estratigrafia social, la seua distribuci\u00f3 en el nucli urb\u00e0, l&#8217;alfabetitzaci\u00f3, els sectors productius, etc. Un pressupost municipal que hui t\u00e9 valor econ\u00f2mic i administratiu, pot aix\u00ed mateix ser esmicolat en les seues partides i estudiat com una font antropol\u00f2gica en plasmar les tradicions, festejos o activitats del dia a dia, a m\u00e9s d&#8217;altres consideracions pol\u00edtiques i socials.<\/p><\/div><\/div>\t\t\t\t\t\t\t\t<\/div>\n\t\t\t\t<\/div>\n\t\t\t\t<div class=\"elementor-element elementor-element-e33d2b6 elementor-widget elementor-widget-image\" data-id=\"e33d2b6\" data-element_type=\"widget\" data-e-type=\"widget\" data-widget_type=\"image.default\">\n\t\t\t\t<div class=\"elementor-widget-container\">\n\t\t\t\t\t\t\t\t\t\t\t\t\t\t\t<img fetchpriority=\"high\" decoding=\"async\" width=\"800\" height=\"551\" src=\"https:\/\/turismosantjoan.es\/wp-content\/uploads\/2023\/07\/arte-y-cutlura-archivo-1162x800-1-1024x705.gif\" class=\"attachment-large size-large wp-image-1282\" alt=\"\" srcset=\"https:\/\/turismosantjoan.es\/wp-content\/uploads\/2023\/07\/arte-y-cutlura-archivo-1162x800-1-1024x705.gif 1024w, https:\/\/turismosantjoan.es\/wp-content\/uploads\/2023\/07\/arte-y-cutlura-archivo-1162x800-1-300x207.gif 300w, https:\/\/turismosantjoan.es\/wp-content\/uploads\/2023\/07\/arte-y-cutlura-archivo-1162x800-1-768x529.gif 768w\" sizes=\"(max-width: 800px) 100vw, 800px\" \/>\t\t\t\t\t\t\t\t\t\t\t\t\t\t\t<\/div>\n\t\t\t\t<\/div>\n\t\t\t\t<div class=\"elementor-element elementor-element-f85be75 elementor-widget elementor-widget-text-editor\" data-id=\"f85be75\" data-element_type=\"widget\" data-e-type=\"widget\" data-widget_type=\"text-editor.default\">\n\t\t\t\t<div class=\"elementor-widget-container\">\n\t\t\t\t\t\t\t\t\t<p>Pl\u00e0nol parcel\u00b7lari del Carrer de Sant Ant\u00f3n i Plaza *Maisonnave. 1897, AMSJA<\/p>\t\t\t\t\t\t\t\t<\/div>\n\t\t\t\t<\/div>\n\t\t\t\t<div class=\"elementor-element elementor-element-658d427 elementor-widget elementor-widget-text-editor\" data-id=\"658d427\" data-element_type=\"widget\" data-e-type=\"widget\" data-widget_type=\"text-editor.default\">\n\t\t\t\t<div class=\"elementor-widget-container\">\n\t\t\t\t\t\t\t\t\t<div class=\"wpb_text_column wpb_content_element \"><div class=\"wpb_wrapper\"><p align=\"JUSTIFY\">A les caracter\u00edstiques f\u00edsiques pr\u00f2pies del paper \u2013suport de la documentaci\u00f3 fins a la recent incorporaci\u00f3 del document electr\u00f2nic\u2013 i les atencions que requereix la seua conservaci\u00f3 pel que fa al control de la temperatura i la humitat relativa, cal afegir les vicissituds pr\u00f2pies de la hist\u00f2ria, com s\u00f3n guerres, plets o instal\u00b7lacions inadequades.<\/p><p align=\"JUSTIFY\">Aquests factors \u2013sense deixar de banda que la <strong>nostra vila, en temps passats Universitat de Sant Joan i Benimagrell, pertanyia a la ciutat d\u2019Alacant\u2013 han fet que el document m\u00e9s antic que conserva l\u2019AMSJA date del 1847<\/strong> Iniciant-se en la segona meitat del XIX les s\u00e8ries documentals relatives a impostos i exaccions, pressupostos, padrons d&#8217;habitants i actes del Cabildo o Ple.<\/p><p align=\"JUSTIFY\">L\u2019AMSJA disposa en l\u2019actualitat d\u2019unes modernes instal\u00b7lacions, entre les quals hi ha una \u00e0mplia sala de consulta amb biblioteca auxiliar especialitzada en tem\u00e0tica local i un espai expositiu propi en el qual es poden dur a terme activitats de difusi\u00f3 dels fons.<\/p><\/div><\/div>\t\t\t\t\t\t\t\t<\/div>\n\t\t\t\t<\/div>\n\t\t\t\t<section class=\"elementor-section elementor-inner-section elementor-element elementor-element-e2cfdc4 elementor-section-boxed elementor-section-height-default elementor-section-height-default\" data-id=\"e2cfdc4\" data-element_type=\"section\" data-e-type=\"section\">\n\t\t\t\t\t\t<div class=\"elementor-container elementor-column-gap-default\">\n\t\t\t\t\t<div class=\"elementor-column elementor-col-50 elementor-inner-column elementor-element elementor-element-1b6cf82\" data-id=\"1b6cf82\" data-element_type=\"column\" data-e-type=\"column\">\n\t\t\t<div class=\"elementor-widget-wrap elementor-element-populated\">\n\t\t\t\t\t\t<div class=\"elementor-element elementor-element-8c88dd6 elementor-widget elementor-widget-image\" data-id=\"8c88dd6\" data-element_type=\"widget\" data-e-type=\"widget\" data-widget_type=\"image.default\">\n\t\t\t\t<div class=\"elementor-widget-container\">\n\t\t\t\t\t\t\t\t\t\t\t\t\t\t\t<img decoding=\"async\" width=\"727\" height=\"1024\" src=\"https:\/\/turismosantjoan.es\/wp-content\/uploads\/2023\/07\/arte-y-cultura-cabildos-1870-727x1024.jpeg\" class=\"attachment-large size-large wp-image-1273\" alt=\"\" srcset=\"https:\/\/turismosantjoan.es\/wp-content\/uploads\/2023\/07\/arte-y-cultura-cabildos-1870-727x1024.jpeg 727w, https:\/\/turismosantjoan.es\/wp-content\/uploads\/2023\/07\/arte-y-cultura-cabildos-1870-213x300.jpeg 213w, https:\/\/turismosantjoan.es\/wp-content\/uploads\/2023\/07\/arte-y-cultura-cabildos-1870-768x1082.jpeg 768w, https:\/\/turismosantjoan.es\/wp-content\/uploads\/2023\/07\/arte-y-cultura-cabildos-1870-1090x1536.jpeg 1090w, https:\/\/turismosantjoan.es\/wp-content\/uploads\/2023\/07\/arte-y-cultura-cabildos-1870-1454x2048.jpeg 1454w, https:\/\/turismosantjoan.es\/wp-content\/uploads\/2023\/07\/arte-y-cultura-cabildos-1870.jpeg 1656w\" sizes=\"(max-width: 727px) 100vw, 727px\" \/>\t\t\t\t\t\t\t\t\t\t\t\t\t\t\t<\/div>\n\t\t\t\t<\/div>\n\t\t\t\t<div class=\"elementor-element elementor-element-9e41c29 elementor-widget elementor-widget-text-editor\" data-id=\"9e41c29\" data-element_type=\"widget\" data-e-type=\"widget\" data-widget_type=\"text-editor.default\">\n\t\t\t\t<div class=\"elementor-widget-container\">\n\t\t\t\t\t\t\t\t\t<p>Portada lliure \u00abActes del Cabildo\u00bb 1870. AMSJA<\/p>\t\t\t\t\t\t\t\t<\/div>\n\t\t\t\t<\/div>\n\t\t\t\t\t<\/div>\n\t\t<\/div>\n\t\t\t\t<div class=\"elementor-column elementor-col-50 elementor-inner-column elementor-element elementor-element-e2e8aec\" data-id=\"e2e8aec\" data-element_type=\"column\" data-e-type=\"column\">\n\t\t\t<div class=\"elementor-widget-wrap elementor-element-populated\">\n\t\t\t\t\t\t<div class=\"elementor-element elementor-element-2f0a61e elementor-widget elementor-widget-image\" data-id=\"2f0a61e\" data-element_type=\"widget\" data-e-type=\"widget\" data-widget_type=\"image.default\">\n\t\t\t\t<div class=\"elementor-widget-container\">\n\t\t\t\t\t\t\t\t\t\t\t\t\t\t\t<img decoding=\"async\" width=\"721\" height=\"1024\" src=\"https:\/\/turismosantjoan.es\/wp-content\/uploads\/2023\/07\/arte-y-cultura-libro-pasaportes-721x1024.jpeg\" class=\"attachment-large size-large wp-image-1276\" alt=\"\" srcset=\"https:\/\/turismosantjoan.es\/wp-content\/uploads\/2023\/07\/arte-y-cultura-libro-pasaportes-721x1024.jpeg 721w, https:\/\/turismosantjoan.es\/wp-content\/uploads\/2023\/07\/arte-y-cultura-libro-pasaportes-211x300.jpeg 211w, https:\/\/turismosantjoan.es\/wp-content\/uploads\/2023\/07\/arte-y-cultura-libro-pasaportes-768x1091.jpeg 768w, https:\/\/turismosantjoan.es\/wp-content\/uploads\/2023\/07\/arte-y-cultura-libro-pasaportes-1081x1536.jpeg 1081w, https:\/\/turismosantjoan.es\/wp-content\/uploads\/2023\/07\/arte-y-cultura-libro-pasaportes-1441x2048.jpeg 1441w, https:\/\/turismosantjoan.es\/wp-content\/uploads\/2023\/07\/arte-y-cultura-libro-pasaportes.jpeg 1656w\" sizes=\"(max-width: 721px) 100vw, 721px\" \/>\t\t\t\t\t\t\t\t\t\t\t\t\t\t\t<\/div>\n\t\t\t\t<\/div>\n\t\t\t\t<div class=\"elementor-element elementor-element-ce9c1b6 elementor-widget elementor-widget-text-editor\" data-id=\"ce9c1b6\" data-element_type=\"widget\" data-e-type=\"widget\" data-widget_type=\"text-editor.default\">\n\t\t\t\t<div class=\"elementor-widget-container\">\n\t\t\t\t\t\t\t\t\t<p>Llibre de Passaports 1847. AMSJA<\/p>\t\t\t\t\t\t\t\t<\/div>\n\t\t\t\t<\/div>\n\t\t\t\t\t<\/div>\n\t\t<\/div>\n\t\t\t\t\t<\/div>\n\t\t<\/section>\n\t\t\t\t\t<\/div>\n\t\t<\/div>\n\t\t\t\t\t<\/div>\n\t\t<\/section>\n\t\t\t\t<section class=\"elementor-section elementor-top-section elementor-element elementor-element-10c2f344 elementor-section-boxed elementor-section-height-default elementor-section-height-default\" data-id=\"10c2f344\" data-element_type=\"section\" data-e-type=\"section\">\n\t\t\t\t\t\t<div class=\"elementor-container elementor-column-gap-default\">\n\t\t\t\t\t<div class=\"elementor-column elementor-col-100 elementor-top-column elementor-element elementor-element-291298e8\" data-id=\"291298e8\" data-element_type=\"column\" data-e-type=\"column\">\n\t\t\t<div class=\"elementor-widget-wrap elementor-element-populated\">\n\t\t\t\t\t\t<div class=\"elementor-element elementor-element-e48c6f7 elementor-widget elementor-widget-heading\" data-id=\"e48c6f7\" data-element_type=\"widget\" data-e-type=\"widget\" data-widget_type=\"heading.default\">\n\t\t\t\t<div class=\"elementor-widget-container\">\n\t\t\t\t\t<h2 class=\"elementor-heading-title elementor-size-default\">Serveis<\/h2>\t\t\t\t<\/div>\n\t\t\t\t<\/div>\n\t\t\t\t<div class=\"elementor-element elementor-element-72910eef elementor-widget elementor-widget-text-editor\" data-id=\"72910eef\" data-element_type=\"widget\" data-e-type=\"widget\" data-widget_type=\"text-editor.default\">\n\t\t\t\t<div class=\"elementor-widget-container\">\n\t\t\t\t\t\t\t\t\t<p align=\"JUSTIFY\">Entre els serveis que ofereix als ciutadans, professionals i investigadors que vulguen aproximar-se a les fonts documentals, est\u00e0 l\u2019assessorament en la utilitzaci\u00f3 i estudi dels documents, l\u2019acc\u00e9s a la informaci\u00f3 i la conservaci\u00f3 preventiva dels suports, realitzaci\u00f3 de visites i tallers did\u00e0ctics, etc.<\/p><p align=\"JUSTIFY\">Com tot arxiu municipal, l\u2019AMSJA custodia el fons documental de la instituci\u00f3 a la qual pertany, els documents produ\u00efts i rebuts per l\u2019Ajuntament de Sant Joan d\u2019Alacant. Per\u00f2, a m\u00e9s, cont\u00e9 fons procedents d\u2019altres institucions locals com la Cambra Agr\u00e0ria, organitzacions pol\u00edtiques i sindicals del municipi, i tamb\u00e9 arxius de persones i fam\u00edlies que han volgut dipositar-hi els seus documents perqu\u00e8 qui vulga els puga estudiar.<\/p><p align=\"JUSTIFY\">Les prop de nou mil unitats d\u2019instal\u00b7laci\u00f3 documental que es guarden en l\u2019AMSJA formen una mena de mem\u00f2ria col\u00b7lectiva de la hist\u00f2ria de la nostra vila. Els documents ens poden parlar si volem escoltar-los i mereixen totes les nostres atencions perqu\u00e8 puguen continuar fent-ho a les noves generacions.<\/p>\t\t\t\t\t\t\t\t<\/div>\n\t\t\t\t<\/div>\n\t\t\t\t<div class=\"elementor-element elementor-element-eabc970 elementor-widget elementor-widget-image\" data-id=\"eabc970\" data-element_type=\"widget\" data-e-type=\"widget\" data-widget_type=\"image.default\">\n\t\t\t\t<div class=\"elementor-widget-container\">\n\t\t\t\t\t\t\t\t\t\t\t\t\t\t\t<img loading=\"lazy\" decoding=\"async\" width=\"800\" height=\"420\" src=\"https:\/\/turismosantjoan.es\/wp-content\/uploads\/2023\/07\/arte-y-cultura-telegrama-villa-1024x538.jpeg\" class=\"attachment-large size-large wp-image-1279\" alt=\"\" srcset=\"https:\/\/turismosantjoan.es\/wp-content\/uploads\/2023\/07\/arte-y-cultura-telegrama-villa-1024x538.jpeg 1024w, https:\/\/turismosantjoan.es\/wp-content\/uploads\/2023\/07\/arte-y-cultura-telegrama-villa-300x158.jpeg 300w, https:\/\/turismosantjoan.es\/wp-content\/uploads\/2023\/07\/arte-y-cultura-telegrama-villa-768x403.jpeg 768w, https:\/\/turismosantjoan.es\/wp-content\/uploads\/2023\/07\/arte-y-cultura-telegrama-villa-1536x807.jpeg 1536w, https:\/\/turismosantjoan.es\/wp-content\/uploads\/2023\/07\/arte-y-cultura-telegrama-villa.jpeg 1656w\" sizes=\"(max-width: 800px) 100vw, 800px\" \/>\t\t\t\t\t\t\t\t\t\t\t\t\t\t\t<\/div>\n\t\t\t\t<\/div>\n\t\t\t\t<div class=\"elementor-element elementor-element-1e42d2d elementor-widget elementor-widget-text-editor\" data-id=\"1e42d2d\" data-element_type=\"widget\" data-e-type=\"widget\" data-widget_type=\"text-editor.default\">\n\t\t\t\t<div class=\"elementor-widget-container\">\n\t\t\t\t\t\t\t\t\t<p>Telegrama concessi\u00f3 t\u00edtol Vila. 1885. AMSJA<\/p>\t\t\t\t\t\t\t\t<\/div>\n\t\t\t\t<\/div>\n\t\t\t\t\t<\/div>\n\t\t<\/div>\n\t\t\t\t\t<\/div>\n\t\t<\/section>\n\t\t\t\t<section class=\"elementor-section elementor-top-section elementor-element elementor-element-db85d78 elementor-section-boxed elementor-section-height-default elementor-section-height-default\" data-id=\"db85d78\" data-element_type=\"section\" data-e-type=\"section\">\n\t\t\t\t\t\t<div class=\"elementor-container elementor-column-gap-default\">\n\t\t\t\t\t<div class=\"elementor-column elementor-col-100 elementor-top-column elementor-element elementor-element-5ece12b\" data-id=\"5ece12b\" data-element_type=\"column\" data-e-type=\"column\">\n\t\t\t<div class=\"elementor-widget-wrap elementor-element-populated\">\n\t\t\t\t\t\t<div class=\"elementor-element elementor-element-d461b05 elementor-widget elementor-widget-heading\" data-id=\"d461b05\" data-element_type=\"widget\" data-e-type=\"widget\" data-widget_type=\"heading.default\">\n\t\t\t\t<div class=\"elementor-widget-container\">\n\t\t\t\t\t<h2 class=\"elementor-heading-title elementor-size-default\">Sabies que\u2026?<\/h2>\t\t\t\t<\/div>\n\t\t\t\t<\/div>\n\t\t\t\t<div class=\"elementor-element elementor-element-93ee71d elementor-widget elementor-widget-text-editor\" data-id=\"93ee71d\" data-element_type=\"widget\" data-e-type=\"widget\" data-widget_type=\"text-editor.default\">\n\t\t\t\t<div class=\"elementor-widget-container\">\n\t\t\t\t\t\t\t\t\t<p align=\"JUSTIFY\">Per a l\u2019estudi del nostre municipi <strong>un dels documents m\u00e9s antics i destacats \u00e9s el plet per homicidi entre sarra\u00efns conservat en l\u2019Arxiu de la Corona d\u2019Arag\u00f3. Aquest proc\u00e9s legal de 1315<\/strong>, amb els interrogatoris, declaracions i altres tr\u00e0mits, podria semblar un document \u00e0rid, per\u00f2 ha sigut una font clau per als estudis hist\u00f2rics, antropol\u00f2gics i de topon\u00edmia que se n\u2019han derivat i s\u2019ha revelat com la descripci\u00f3 m\u00e9s antiga coneguda de la gent que habitava aquesta zona de l\u2019horta, una font que ens aporta refer\u00e8ncies a l\u2019economia, creences i als estils de vida.<\/p>\t\t\t\t\t\t\t\t<\/div>\n\t\t\t\t<\/div>\n\t\t\t\t\t<\/div>\n\t\t<\/div>\n\t\t\t\t\t<\/div>\n\t\t<\/section>\n\t\t\t\t<\/div>\n\t\t","protected":false},"excerpt":{"rendered":"<p>Arxiu Municipal L\u2019estudi de les fonts documentals es considerava fins no fa molt de temps un reducte d\u2019erudits, un camp restringit a l\u2019\u00e0mbit cient\u00edfic i acad\u00e8mic que creava una barrera, m\u00e9s que f\u00edsica, interpretativa respecte del nostre passat. Afortunadament els arxius actuals estan oberts a p\u00fablic de tot tipus, circumst\u00e0ncia que ha afavorit un coneixement [&hellip;]<\/p>\n","protected":false},"author":1,"featured_media":0,"parent":0,"menu_order":0,"comment_status":"closed","ping_status":"closed","template":"","meta":{"footnotes":""},"class_list":["post-7192","page","type-page","status-publish","hentry"],"_links":{"self":[{"href":"https:\/\/turismosantjoan.es\/ca\/wp-json\/wp\/v2\/pages\/7192","targetHints":{"allow":["GET"]}}],"collection":[{"href":"https:\/\/turismosantjoan.es\/ca\/wp-json\/wp\/v2\/pages"}],"about":[{"href":"https:\/\/turismosantjoan.es\/ca\/wp-json\/wp\/v2\/types\/page"}],"author":[{"embeddable":true,"href":"https:\/\/turismosantjoan.es\/ca\/wp-json\/wp\/v2\/users\/1"}],"replies":[{"embeddable":true,"href":"https:\/\/turismosantjoan.es\/ca\/wp-json\/wp\/v2\/comments?post=7192"}],"version-history":[{"count":0,"href":"https:\/\/turismosantjoan.es\/ca\/wp-json\/wp\/v2\/pages\/7192\/revisions"}],"wp:attachment":[{"href":"https:\/\/turismosantjoan.es\/ca\/wp-json\/wp\/v2\/media?parent=7192"}],"curies":[{"name":"wp","href":"https:\/\/api.w.org\/{rel}","templated":true}]}}