{"id":7219,"date":"2023-08-07T10:55:56","date_gmt":"2023-08-07T10:55:56","guid":{"rendered":"https:\/\/turismo-sj.developersasapglobalsolution.com\/ocells-comuns\/"},"modified":"2023-09-15T11:01:39","modified_gmt":"2023-09-15T11:01:39","slug":"ocells-comuns","status":"publish","type":"page","link":"https:\/\/turismosantjoan.es\/ca\/ocells-comuns\/","title":{"rendered":"Ocells Comuns"},"content":{"rendered":"\t\t<div data-elementor-type=\"wp-page\" data-elementor-id=\"7219\" class=\"elementor elementor-7219 elementor-4450\" data-elementor-post-type=\"page\">\n\t\t\t\t\t\t<section class=\"elementor-section elementor-top-section elementor-element elementor-element-daf13a9 elementor-section-content-middle elementor-section-boxed elementor-section-height-default elementor-section-height-default\" data-id=\"daf13a9\" data-element_type=\"section\" data-e-type=\"section\" data-settings=\"{&quot;background_background&quot;:&quot;classic&quot;,&quot;shape_divider_bottom&quot;:&quot;mountains&quot;,&quot;shape_divider_top&quot;:&quot;mountains&quot;}\">\n\t\t\t\t\t\t\t<div class=\"elementor-background-overlay\"><\/div>\n\t\t\t\t\t\t<div class=\"elementor-shape elementor-shape-top\" aria-hidden=\"true\" data-negative=\"false\">\n\t\t\t<svg xmlns=\"http:\/\/www.w3.org\/2000\/svg\" viewBox=\"0 0 1000 100\" preserveAspectRatio=\"none\">\n\t<path class=\"elementor-shape-fill\" opacity=\"0.33\" d=\"M473,67.3c-203.9,88.3-263.1-34-320.3,0C66,119.1,0,59.7,0,59.7V0h1000v59.7 c0,0-62.1,26.1-94.9,29.3c-32.8,3.3-62.8-12.3-75.8-22.1C806,49.6,745.3,8.7,694.9,4.7S492.4,59,473,67.3z\"\/>\n\t<path class=\"elementor-shape-fill\" opacity=\"0.66\" d=\"M734,67.3c-45.5,0-77.2-23.2-129.1-39.1c-28.6-8.7-150.3-10.1-254,39.1 s-91.7-34.4-149.2,0C115.7,118.3,0,39.8,0,39.8V0h1000v36.5c0,0-28.2-18.5-92.1-18.5C810.2,18.1,775.7,67.3,734,67.3z\"\/>\n\t<path class=\"elementor-shape-fill\" d=\"M766.1,28.9c-200-57.5-266,65.5-395.1,19.5C242,1.8,242,5.4,184.8,20.6C128,35.8,132.3,44.9,89.9,52.5C28.6,63.7,0,0,0,0 h1000c0,0-9.9,40.9-83.6,48.1S829.6,47,766.1,28.9z\"\/>\n<\/svg>\t\t<\/div>\n\t\t\t\t<div class=\"elementor-shape elementor-shape-bottom\" aria-hidden=\"true\" data-negative=\"false\">\n\t\t\t<svg xmlns=\"http:\/\/www.w3.org\/2000\/svg\" viewBox=\"0 0 1000 100\" preserveAspectRatio=\"none\">\n\t<path class=\"elementor-shape-fill\" opacity=\"0.33\" d=\"M473,67.3c-203.9,88.3-263.1-34-320.3,0C66,119.1,0,59.7,0,59.7V0h1000v59.7 c0,0-62.1,26.1-94.9,29.3c-32.8,3.3-62.8-12.3-75.8-22.1C806,49.6,745.3,8.7,694.9,4.7S492.4,59,473,67.3z\"\/>\n\t<path class=\"elementor-shape-fill\" opacity=\"0.66\" d=\"M734,67.3c-45.5,0-77.2-23.2-129.1-39.1c-28.6-8.7-150.3-10.1-254,39.1 s-91.7-34.4-149.2,0C115.7,118.3,0,39.8,0,39.8V0h1000v36.5c0,0-28.2-18.5-92.1-18.5C810.2,18.1,775.7,67.3,734,67.3z\"\/>\n\t<path class=\"elementor-shape-fill\" d=\"M766.1,28.9c-200-57.5-266,65.5-395.1,19.5C242,1.8,242,5.4,184.8,20.6C128,35.8,132.3,44.9,89.9,52.5C28.6,63.7,0,0,0,0 h1000c0,0-9.9,40.9-83.6,48.1S829.6,47,766.1,28.9z\"\/>\n<\/svg>\t\t<\/div>\n\t\t\t\t\t<div class=\"elementor-container elementor-column-gap-no\">\n\t\t\t\t\t<div class=\"elementor-column elementor-col-100 elementor-top-column elementor-element elementor-element-6e72ab0\" data-id=\"6e72ab0\" data-element_type=\"column\" data-e-type=\"column\" data-settings=\"{&quot;background_background&quot;:&quot;classic&quot;}\">\n\t\t\t<div class=\"elementor-widget-wrap elementor-element-populated\">\n\t\t\t\t\t\t<section class=\"elementor-section elementor-inner-section elementor-element elementor-element-593df61 elementor-section-full_width elementor-section-height-default elementor-section-height-default\" data-id=\"593df61\" data-element_type=\"section\" data-e-type=\"section\">\n\t\t\t\t\t\t<div class=\"elementor-container elementor-column-gap-default\">\n\t\t\t\t\t<div class=\"elementor-column elementor-col-100 elementor-inner-column elementor-element elementor-element-c03c681\" data-id=\"c03c681\" data-element_type=\"column\" data-e-type=\"column\">\n\t\t\t<div class=\"elementor-widget-wrap elementor-element-populated\">\n\t\t\t\t\t\t<div class=\"elementor-element elementor-element-5591821 elementor-invisible elementor-widget elementor-widget-heading\" data-id=\"5591821\" data-element_type=\"widget\" data-e-type=\"widget\" data-settings=\"{&quot;_animation&quot;:&quot;fadeInUp&quot;,&quot;_animation_delay&quot;:100}\" data-widget_type=\"heading.default\">\n\t\t\t\t<div class=\"elementor-widget-container\">\n\t\t\t\t\t<h1 class=\"elementor-heading-title elementor-size-default\">OCELLS COMUNS<\/h1>\t\t\t\t<\/div>\n\t\t\t\t<\/div>\n\t\t\t\t\t<\/div>\n\t\t<\/div>\n\t\t\t\t\t<\/div>\n\t\t<\/section>\n\t\t\t\t\t<\/div>\n\t\t<\/div>\n\t\t\t\t\t<\/div>\n\t\t<\/section>\n\t\t\t\t<section class=\"elementor-section elementor-top-section elementor-element elementor-element-9eacac6 elementor-section-boxed elementor-section-height-default elementor-section-height-default\" data-id=\"9eacac6\" data-element_type=\"section\" data-e-type=\"section\">\n\t\t\t\t\t\t<div class=\"elementor-container elementor-column-gap-default\">\n\t\t\t\t\t<div class=\"elementor-column elementor-col-100 elementor-top-column elementor-element elementor-element-d4d2842\" data-id=\"d4d2842\" data-element_type=\"column\" data-e-type=\"column\">\n\t\t\t<div class=\"elementor-widget-wrap elementor-element-populated\">\n\t\t\t\t\t\t<div class=\"elementor-element elementor-element-e85d5a8 elementor-widget elementor-widget-text-editor\" data-id=\"e85d5a8\" data-element_type=\"widget\" data-e-type=\"widget\" data-widget_type=\"text-editor.default\">\n\t\t\t\t<div class=\"elementor-widget-container\">\n\t\t\t\t\t\t\t\t\t<p align=\"JUSTIFY\">L&#8217;\u00e0rea de <a href=\"http:\/\/www.santjoandalacant.es\/es\/regidoria\/medio-ambiente\">Medi Ambient<\/a> de l&#8217;Ajuntament de Sant Joan ha posat en marxa un projecte pioner per a la recuperaci\u00f3 <strong>d&#8217;ocells comuns<\/strong> que es compon de tres l\u00ednies d&#8217;actuaci\u00f3: <strong>la recuperaci\u00f3 de l&#8217;avi\u00f3 com\u00fa, la protecci\u00f3 d&#8217;ocells comuns, i l&#8217;educaci\u00f3 ambiental.<\/strong><\/p>\t\t\t\t\t\t\t\t<\/div>\n\t\t\t\t<\/div>\n\t\t\t\t<div class=\"elementor-element elementor-element-08b29a4 elementor-widget elementor-widget-text-editor\" data-id=\"08b29a4\" data-element_type=\"widget\" data-e-type=\"widget\" data-widget_type=\"text-editor.default\">\n\t\t\t\t<div class=\"elementor-widget-container\">\n\t\t\t\t\t\t\t\t\t<p><strong>Per qu\u00e8?<\/strong><\/p>\t\t\t\t\t\t\t\t<\/div>\n\t\t\t\t<\/div>\n\t\t\t\t<div class=\"elementor-element elementor-element-45fc997 elementor-widget elementor-widget-text-editor\" data-id=\"45fc997\" data-element_type=\"widget\" data-e-type=\"widget\" data-widget_type=\"text-editor.default\">\n\t\t\t\t<div class=\"elementor-widget-container\">\n\t\t\t\t\t\t\t\t\t<p align=\"JUSTIFY\">El terme municipal de Sant Joan d&#8217;Alacant es caracteritza per ser un territori de tradici\u00f3 rural, per la qual cosa la biodiversitat de les seues esp\u00e8cies vegetals i animals, est\u00e0 \u00edntimament relacionada amb el camp. Per\u00f2 a causa del gradual cessament de l&#8217;activitat agr\u00edcola i l&#8217;expansi\u00f3 urban\u00edstica dels \u00faltims anys, la poblaci\u00f3 d&#8217;animals, sobretot, s&#8217;ha vist minvada. \u00c9s per aix\u00f2, que s&#8217;ha posat en marxa una s\u00e8rie d&#8217;accions amb l&#8217;objectiu d&#8217;ajudar a la conservaci\u00f3 dels ocells caracter\u00edstics de la zona.<\/p><p align=\"JUSTIFY\">Des de Medi Ambient ha vist la necessitat d&#8217;harmonitzar l&#8217;espai urb\u00e0 amb la millora de les condicions ambientals que garantiren la perman\u00e8ncia d&#8217;esp\u00e8cies comunes, que tradicionalment nien en el municipi, contribuint aix\u00ed a restablir la biodiversitat caracter\u00edstica de la regi\u00f3.<\/p>\t\t\t\t\t\t\t\t<\/div>\n\t\t\t\t<\/div>\n\t\t\t\t<section class=\"elementor-section elementor-inner-section elementor-element elementor-element-b5e0937 elementor-section-boxed elementor-section-height-default elementor-section-height-default\" data-id=\"b5e0937\" data-element_type=\"section\" data-e-type=\"section\">\n\t\t\t\t\t\t<div class=\"elementor-container elementor-column-gap-default\">\n\t\t\t\t\t<div class=\"elementor-column elementor-col-50 elementor-inner-column elementor-element elementor-element-7ae7d4f\" data-id=\"7ae7d4f\" data-element_type=\"column\" data-e-type=\"column\">\n\t\t\t<div class=\"elementor-widget-wrap elementor-element-populated\">\n\t\t\t\t\t\t<div class=\"elementor-element elementor-element-ed8bbaf elementor-widget elementor-widget-image\" data-id=\"ed8bbaf\" data-element_type=\"widget\" data-e-type=\"widget\" data-widget_type=\"image.default\">\n\t\t\t\t<div class=\"elementor-widget-container\">\n\t\t\t\t\t\t\t\t\t\t\t\t\t\t\t<img fetchpriority=\"high\" decoding=\"async\" width=\"800\" height=\"534\" src=\"https:\/\/turismosantjoan.es\/wp-content\/uploads\/2023\/07\/patrimonio-natural-nidos-1200x800-1-1024x683.gif\" class=\"attachment-large size-large wp-image-570\" alt=\"\" srcset=\"https:\/\/turismosantjoan.es\/wp-content\/uploads\/2023\/07\/patrimonio-natural-nidos-1200x800-1-1024x683.gif 1024w, https:\/\/turismosantjoan.es\/wp-content\/uploads\/2023\/07\/patrimonio-natural-nidos-1200x800-1-300x200.gif 300w, https:\/\/turismosantjoan.es\/wp-content\/uploads\/2023\/07\/patrimonio-natural-nidos-1200x800-1-768x512.gif 768w\" sizes=\"(max-width: 800px) 100vw, 800px\" \/>\t\t\t\t\t\t\t\t\t\t\t\t\t\t\t<\/div>\n\t\t\t\t<\/div>\n\t\t\t\t<div class=\"elementor-element elementor-element-f1a0df7 elementor-widget elementor-widget-text-editor\" data-id=\"f1a0df7\" data-element_type=\"widget\" data-e-type=\"widget\" data-widget_type=\"text-editor.default\">\n\t\t\t\t<div class=\"elementor-widget-container\">\n\t\t\t\t\t\t\t\t\t<p>Nius d&#8217;avions comuns (Sant Joan d&#8217;Alacant)<\/p>\t\t\t\t\t\t\t\t<\/div>\n\t\t\t\t<\/div>\n\t\t\t\t\t<\/div>\n\t\t<\/div>\n\t\t\t\t<div class=\"elementor-column elementor-col-50 elementor-inner-column elementor-element elementor-element-83b121a\" data-id=\"83b121a\" data-element_type=\"column\" data-e-type=\"column\">\n\t\t\t<div class=\"elementor-widget-wrap elementor-element-populated\">\n\t\t\t\t\t\t<div class=\"elementor-element elementor-element-bdf3d7d elementor-widget elementor-widget-image\" data-id=\"bdf3d7d\" data-element_type=\"widget\" data-e-type=\"widget\" data-widget_type=\"image.default\">\n\t\t\t\t<div class=\"elementor-widget-container\">\n\t\t\t\t\t\t\t\t\t\t\t\t\t\t\t<img decoding=\"async\" width=\"800\" height=\"534\" src=\"https:\/\/turismosantjoan.es\/wp-content\/uploads\/2023\/08\/aves-1200x800-1-1024x683.gif\" class=\"attachment-large size-large wp-image-4453\" alt=\"\" srcset=\"https:\/\/turismosantjoan.es\/wp-content\/uploads\/2023\/08\/aves-1200x800-1-1024x683.gif 1024w, https:\/\/turismosantjoan.es\/wp-content\/uploads\/2023\/08\/aves-1200x800-1-300x200.gif 300w, https:\/\/turismosantjoan.es\/wp-content\/uploads\/2023\/08\/aves-1200x800-1-768x512.gif 768w\" sizes=\"(max-width: 800px) 100vw, 800px\" \/>\t\t\t\t\t\t\t\t\t\t\t\t\t\t\t<\/div>\n\t\t\t\t<\/div>\n\t\t\t\t<div class=\"elementor-element elementor-element-015a905 elementor-widget elementor-widget-text-editor\" data-id=\"015a905\" data-element_type=\"widget\" data-e-type=\"widget\" data-widget_type=\"text-editor.default\">\n\t\t\t\t<div class=\"elementor-widget-container\">\n\t\t\t\t\t\t\t\t\t<p>Nius d&#8217;avions comuns (Sant Joan d&#8217;Alacant)<\/p>\t\t\t\t\t\t\t\t<\/div>\n\t\t\t\t<\/div>\n\t\t\t\t\t<\/div>\n\t\t<\/div>\n\t\t\t\t\t<\/div>\n\t\t<\/section>\n\t\t\t\t<div class=\"elementor-element elementor-element-b834372 elementor-widget elementor-widget-text-editor\" data-id=\"b834372\" data-element_type=\"widget\" data-e-type=\"widget\" data-widget_type=\"text-editor.default\">\n\t\t\t\t<div class=\"elementor-widget-container\">\n\t\t\t\t\t\t\t\t\t<p><strong>Com?<\/strong><\/p>\t\t\t\t\t\t\t\t<\/div>\n\t\t\t\t<\/div>\n\t\t\t\t<div class=\"elementor-element elementor-element-6615c96 elementor-widget elementor-widget-text-editor\" data-id=\"6615c96\" data-element_type=\"widget\" data-e-type=\"widget\" data-widget_type=\"text-editor.default\">\n\t\t\t\t<div class=\"elementor-widget-container\">\n\t\t\t\t\t\t\t\t\t<p align=\"JUSTIFY\">Per a dur a terme aquest projecte, s&#8217;han agafat les tres l\u00ednies d&#8217;actuaci\u00f3 principals per a treballar els aspectes fonamentals de cadascuna d&#8217;elles. S&#8217;ha elaborat el Projecte Ambiental de Recuperaci\u00f3 de l&#8217;Avi\u00f3 Com\u00fa i l&#8217;experi\u00e8ncia d&#8217;un bi\u00f2leg per a la realitzaci\u00f3 del cens de l&#8217;ocell en el municipi.<\/p><p align=\"JUSTIFY\"><a href=\"https:\/\/turismosantjoan.es\/wp-content\/uploads\/2023\/08\/censo-avion-comun-sant-joan-dalacant.pdf\">cense-avi\u00f3-com\u00fa-sant-joan-dalacant<\/a><\/p>\t\t\t\t\t\t\t\t<\/div>\n\t\t\t\t<\/div>\n\t\t\t\t<div class=\"elementor-element elementor-element-9234a99 elementor-widget elementor-widget-text-editor\" data-id=\"9234a99\" data-element_type=\"widget\" data-e-type=\"widget\" data-widget_type=\"text-editor.default\">\n\t\t\t\t<div class=\"elementor-widget-container\">\n\t\t\t\t\t\t\t\t\t<p><strong>L&#8217;avi\u00f3 com\u00fa \u2013 Delichon urbicum (Northern House Martin)<\/strong><\/p>\t\t\t\t\t\t\t\t<\/div>\n\t\t\t\t<\/div>\n\t\t\t\t<div class=\"elementor-element elementor-element-af4a7ec elementor-widget elementor-widget-text-editor\" data-id=\"af4a7ec\" data-element_type=\"widget\" data-e-type=\"widget\" data-widget_type=\"text-editor.default\">\n\t\t\t\t<div class=\"elementor-widget-container\">\n\t\t\t\t\t\t\t\t\t<p align=\"JUSTIFY\">\u00c9s un ocell migrador originari d&#8217;Europa i \u00c0sia, que pertany a la fam\u00edlia de les oronetes, estesa pr\u00e0cticament per tota la Pen\u00ednsula Ib\u00e8rica. T\u00e9 un inconfusible <strong>plomatge bicolor, negre blav\u00f3s en les parts dorsals, a excepci\u00f3 del cridaner *obispillo blanc, i el blanc pur en les ventrals.<\/strong> Tamb\u00e9 existeixen falciots de *obispillo blanc, per\u00f2 les seues parts ventrals s\u00f3n m\u00e9s fosques.<\/p><p align=\"JUSTIFY\">\u00c9s un ocell xicotet d&#8217;uns 14 cm amb ales molt llargues i potes molt curtes, pic diminut i \u00e0mplies gargamella que viatja milers de quil\u00f2metres per a niar i tindre les seues cries en \u00e0rees on abunden els insectes voladors. Pel fet que pot menjar quasi 1.000 insectes al dia fa que es tracte d&#8217;una esp\u00e8cie insect\u00edvora que ajuda a controlar les plagues d&#8217;insectes en zones humides, sent aquest altre dels motius pels quals la seua conservaci\u00f3 \u00e9s elemental.<\/p><p align=\"JUSTIFY\">L&#8217;avi\u00f3 com\u00fa t\u00e9 un vol lent i *maniobrero. Es posa en cables i sol volar a major altura que les oronetes comunes. Aunque originalmente anidaba en los acantilados y cuevas, ahora las aves fijan sus nidos de barro sobre todo en aleros y balcones de edificios, en puentes y tambi\u00e9n en roquedos, a muy variable altitud.<br>El seu per\u00edode de migraci\u00f3 va des de febrer-mar\u00e7 que arriben a Europa fins a setembre-novembre, passant l&#8217;hivern en el sud d&#8217;\u00c0frica.<\/p><p align=\"JUSTIFY\"> <\/p>\t\t\t\t\t\t\t\t<\/div>\n\t\t\t\t<\/div>\n\t\t\t\t<div class=\"elementor-element elementor-element-18c7f5f elementor-widget elementor-widget-image\" data-id=\"18c7f5f\" data-element_type=\"widget\" data-e-type=\"widget\" data-widget_type=\"image.default\">\n\t\t\t\t<div class=\"elementor-widget-container\">\n\t\t\t\t\t\t\t\t\t\t\t\t\t\t\t<img decoding=\"async\" width=\"800\" height=\"534\" src=\"https:\/\/turismosantjoan.es\/wp-content\/uploads\/2023\/07\/patrimonio-natural-aves-comunes-1200x800-1-1024x683.jpeg\" class=\"attachment-large size-large wp-image-564\" alt=\"\" srcset=\"https:\/\/turismosantjoan.es\/wp-content\/uploads\/2023\/07\/patrimonio-natural-aves-comunes-1200x800-1-1024x683.jpeg 1024w, https:\/\/turismosantjoan.es\/wp-content\/uploads\/2023\/07\/patrimonio-natural-aves-comunes-1200x800-1-300x200.jpeg 300w, https:\/\/turismosantjoan.es\/wp-content\/uploads\/2023\/07\/patrimonio-natural-aves-comunes-1200x800-1-768x512.jpeg 768w, https:\/\/turismosantjoan.es\/wp-content\/uploads\/2023\/07\/patrimonio-natural-aves-comunes-1200x800-1.jpeg 1200w\" sizes=\"(max-width: 800px) 100vw, 800px\" \/>\t\t\t\t\t\t\t\t\t\t\t\t\t\t\t<\/div>\n\t\t\t\t<\/div>\n\t\t\t\t<div class=\"elementor-element elementor-element-425ee9f elementor-widget elementor-widget-text-editor\" data-id=\"425ee9f\" data-element_type=\"widget\" data-e-type=\"widget\" data-widget_type=\"text-editor.default\">\n\t\t\t\t<div class=\"elementor-widget-container\">\n\t\t\t\t\t\t\t\t\t<p>Caixa-niu per a assegurar la *perviviencia i reproducci\u00f3 dels ocells comuns a Sant Joan d&#8217;Alacant<\/p>\t\t\t\t\t\t\t\t<\/div>\n\t\t\t\t<\/div>\n\t\t\t\t<div class=\"elementor-element elementor-element-2d7a67e elementor-widget elementor-widget-text-editor\" data-id=\"2d7a67e\" data-element_type=\"widget\" data-e-type=\"widget\" data-widget_type=\"text-editor.default\">\n\t\t\t\t<div class=\"elementor-widget-container\">\n\t\t\t\t\t\t\t\t\t<p><strong>Sabies qu\u00e8\u2026?<\/strong><\/p>\t\t\t\t\t\t\t\t<\/div>\n\t\t\t\t<\/div>\n\t\t\t\t<div class=\"elementor-element elementor-element-68d88a5 elementor-widget elementor-widget-text-editor\" data-id=\"68d88a5\" data-element_type=\"widget\" data-e-type=\"widget\" data-widget_type=\"text-editor.default\">\n\t\t\t\t<div class=\"elementor-widget-container\">\n\t\t\t\t\t\t\t\t\t<p align=\"JUSTIFY\">Reclam: chirrp. \u00c9s una esp\u00e8cie molt greg\u00e0ria amb un cant m\u00e9s breu i menys variat que el de l&#8217;oroneta comuna, amb notes raspantes.<\/p><p align=\"JUSTIFY\">Practiquen la monog\u00e0mia. Normalment, la nidificaci\u00f3 es realitza en xicotetes col\u00f2nies. Els nius, constru\u00efts amb fang, tendeixen a estar pr\u00e0cticament tapats a excepci\u00f3 d&#8217;una xicoteta entrada en la part superior. S\u00f3n nius que difereixen dels de l&#8217;esp\u00e8cie comuna, esp\u00e8cie que els construeix a base de palla en interiors. Posen de 3 a 5 ous blancs de 19 mm., algunes vegades, amb un fi clapejat roig. Incuben tots dos progenitors durant 14 a 16 dies i l&#8217;eclosi\u00f3 \u00e9s sincr\u00f2nica.<\/p><p align=\"JUSTIFY\">No cria a Can\u00e0ries on \u00e9s com\u00fa en pas.<\/p><p align=\"JUSTIFY\">Pel fet que \u00e9s esp\u00e8cie \u00e9s molt freq\u00fcent en centres urbans -els exteriors dels edificis s\u00f3n els llocs m\u00e9s comuns on construeixen nius fets de fang-, la campanya ambiental de recuperaci\u00f3 d&#8217;aquesta esp\u00e8cie t\u00e9 com a principal acci\u00f3 la creaci\u00f3 de cinc zones de fang en diferents punts del municipi on es concentren aquests ocells que casualment <strong>han triat com la seua llar els centres educatius<\/strong> <a href=\"https:\/\/www.turismosantjoan.es\/?p=99993456\">CEIP Rajoletes<\/a> i <a href=\"https:\/\/www.turismosantjoan.es\/?p=99993438\">CEIP El Romero<\/a> i en la <a href=\"https:\/\/turismosantjoan.es\/el-monte-calvari\/\">Muntanya Calvari<\/a>, en la zona del <a href=\"https:\/\/turismosantjoan.es\/cementerio-de-sant-joan\/\">cementeri municipal<\/a>, per a facilitar aqueixa labor de construcci\u00f3.<\/p>\t\t\t\t\t\t\t\t<\/div>\n\t\t\t\t<\/div>\n\t\t\t\t<section class=\"elementor-section elementor-inner-section elementor-element elementor-element-effc13d elementor-section-boxed elementor-section-height-default elementor-section-height-default\" data-id=\"effc13d\" data-element_type=\"section\" data-e-type=\"section\">\n\t\t\t\t\t\t<div class=\"elementor-container elementor-column-gap-default\">\n\t\t\t\t\t<div class=\"elementor-column elementor-col-50 elementor-inner-column elementor-element elementor-element-f7dde71\" data-id=\"f7dde71\" data-element_type=\"column\" data-e-type=\"column\">\n\t\t\t<div class=\"elementor-widget-wrap elementor-element-populated\">\n\t\t\t\t\t\t<div class=\"elementor-element elementor-element-144b935 elementor-widget elementor-widget-image\" data-id=\"144b935\" data-element_type=\"widget\" data-e-type=\"widget\" data-widget_type=\"image.default\">\n\t\t\t\t<div class=\"elementor-widget-container\">\n\t\t\t\t\t\t\t\t\t\t\t\t\t\t\t<img loading=\"lazy\" decoding=\"async\" width=\"800\" height=\"534\" src=\"https:\/\/turismosantjoan.es\/wp-content\/uploads\/2023\/07\/patrimonio-natural-aves-comunes-1024x683.gif\" class=\"attachment-large size-large wp-image-567\" alt=\"\" srcset=\"https:\/\/turismosantjoan.es\/wp-content\/uploads\/2023\/07\/patrimonio-natural-aves-comunes-1024x683.gif 1024w, https:\/\/turismosantjoan.es\/wp-content\/uploads\/2023\/07\/patrimonio-natural-aves-comunes-300x200.gif 300w, https:\/\/turismosantjoan.es\/wp-content\/uploads\/2023\/07\/patrimonio-natural-aves-comunes-768x512.gif 768w\" sizes=\"(max-width: 800px) 100vw, 800px\" \/>\t\t\t\t\t\t\t\t\t\t\t\t\t\t\t<\/div>\n\t\t\t\t<\/div>\n\t\t\t\t\t<\/div>\n\t\t<\/div>\n\t\t\t\t<div class=\"elementor-column elementor-col-50 elementor-inner-column elementor-element elementor-element-f6e20b7\" data-id=\"f6e20b7\" data-element_type=\"column\" data-e-type=\"column\">\n\t\t\t<div class=\"elementor-widget-wrap elementor-element-populated\">\n\t\t\t\t\t\t<div class=\"elementor-element elementor-element-cecd5f1 elementor-widget elementor-widget-image\" data-id=\"cecd5f1\" data-element_type=\"widget\" data-e-type=\"widget\" data-widget_type=\"image.default\">\n\t\t\t\t<div class=\"elementor-widget-container\">\n\t\t\t\t\t\t\t\t\t\t\t\t\t\t\t<img loading=\"lazy\" decoding=\"async\" width=\"800\" height=\"534\" src=\"https:\/\/turismosantjoan.es\/wp-content\/uploads\/2023\/08\/p-1200x800-1-1024x683.gif\" class=\"attachment-large size-large wp-image-4459\" alt=\"\" srcset=\"https:\/\/turismosantjoan.es\/wp-content\/uploads\/2023\/08\/p-1200x800-1-1024x683.gif 1024w, https:\/\/turismosantjoan.es\/wp-content\/uploads\/2023\/08\/p-1200x800-1-300x200.gif 300w, https:\/\/turismosantjoan.es\/wp-content\/uploads\/2023\/08\/p-1200x800-1-768x512.gif 768w\" sizes=\"(max-width: 800px) 100vw, 800px\" \/>\t\t\t\t\t\t\t\t\t\t\t\t\t\t\t<\/div>\n\t\t\t\t<\/div>\n\t\t\t\t\t<\/div>\n\t\t<\/div>\n\t\t\t\t\t<\/div>\n\t\t<\/section>\n\t\t\t\t<div class=\"elementor-element elementor-element-dd24db3 elementor-widget elementor-widget-text-editor\" data-id=\"dd24db3\" data-element_type=\"widget\" data-e-type=\"widget\" data-widget_type=\"text-editor.default\">\n\t\t\t\t<div class=\"elementor-widget-container\">\n\t\t\t\t\t\t\t\t\t<p><strong>Conservaci\u00f3 de la Biodiversitat<\/strong><\/p>\t\t\t\t\t\t\t\t<\/div>\n\t\t\t\t<\/div>\n\t\t\t\t<div class=\"elementor-element elementor-element-dc90850 elementor-widget elementor-widget-text-editor\" data-id=\"dc90850\" data-element_type=\"widget\" data-e-type=\"widget\" data-widget_type=\"text-editor.default\">\n\t\t\t\t<div class=\"elementor-widget-container\">\n\t\t\t\t\t\t\t\t\t<p align=\"JUSTIFY\">A m\u00e9s d&#8217;aquesta aposta pel Projecte Ambiental de Recuperaci\u00f3 de l&#8217;Avi\u00f3 Com\u00fa, s&#8217;ha comen\u00e7at a treballar en la col\u00b7locaci\u00f3 de caixes-niu en els espais verds de Sant Joan, constru\u00efts a partir de palets reutilitzats, amb la finalitat d&#8217;atraure a esp\u00e8cies com el carboner com\u00fa o el teulad\u00ed. Aquests ocells comuns no estan exemptes de l&#8217;amena\u00e7a que suposa la falta de condicionament dels centres urbans.<\/p><p align=\"JUSTIFY\">La conservaci\u00f3 de la biodiversitat de Sant Joan d&#8217;Alacant \u00e9s un treball que no cobraria sentit si no s&#8217;amplia horitzons i es comen\u00e7a a conscienciar a la ciutadania que existeixen unes certes esp\u00e8cies que necessiten del nostre respecte i cura per a la seua superviv\u00e8ncia. \u00c9s per aix\u00f2, que aquesta campanya t\u00e9 un car\u00e0cter pedag\u00f2gic per\u00f2 tamb\u00e9 sostenible. Per a aix\u00f2 s&#8217;ha creat el programa + Sostenible + Sant Joan, amb iniciatives com Llars Verdes, Reforestaci\u00f3, Horts Urbans Ecol\u00f2gics, La Setmana de la Mobilitat, la Volta amb bici, La Green Week i la Mostra de Cinema de Medi Ambient.<\/p>\t\t\t\t\t\t\t\t<\/div>\n\t\t\t\t<\/div>\n\t\t\t\t\t<\/div>\n\t\t<\/div>\n\t\t\t\t\t<\/div>\n\t\t<\/section>\n\t\t\t\t<\/div>\n\t\t","protected":false},"excerpt":{"rendered":"<p>OCELLS COMUNS L&#8217;\u00e0rea de Medi Ambient de l&#8217;Ajuntament de Sant Joan ha posat en marxa un projecte pioner per a la recuperaci\u00f3 d&#8217;ocells comuns que es compon de tres l\u00ednies d&#8217;actuaci\u00f3: la recuperaci\u00f3 de l&#8217;avi\u00f3 com\u00fa, la protecci\u00f3 d&#8217;ocells comuns, i l&#8217;educaci\u00f3 ambiental. Per qu\u00e8? El terme municipal de Sant Joan d&#8217;Alacant es caracteritza per [&hellip;]<\/p>\n","protected":false},"author":1,"featured_media":0,"parent":0,"menu_order":0,"comment_status":"closed","ping_status":"closed","template":"","meta":{"footnotes":""},"class_list":["post-7219","page","type-page","status-publish","hentry"],"_links":{"self":[{"href":"https:\/\/turismosantjoan.es\/ca\/wp-json\/wp\/v2\/pages\/7219","targetHints":{"allow":["GET"]}}],"collection":[{"href":"https:\/\/turismosantjoan.es\/ca\/wp-json\/wp\/v2\/pages"}],"about":[{"href":"https:\/\/turismosantjoan.es\/ca\/wp-json\/wp\/v2\/types\/page"}],"author":[{"embeddable":true,"href":"https:\/\/turismosantjoan.es\/ca\/wp-json\/wp\/v2\/users\/1"}],"replies":[{"embeddable":true,"href":"https:\/\/turismosantjoan.es\/ca\/wp-json\/wp\/v2\/comments?post=7219"}],"version-history":[{"count":0,"href":"https:\/\/turismosantjoan.es\/ca\/wp-json\/wp\/v2\/pages\/7219\/revisions"}],"wp:attachment":[{"href":"https:\/\/turismosantjoan.es\/ca\/wp-json\/wp\/v2\/media?parent=7219"}],"curies":[{"name":"wp","href":"https:\/\/api.w.org\/{rel}","templated":true}]}}