{"id":7221,"date":"2023-08-08T08:37:58","date_gmt":"2023-08-08T08:37:58","guid":{"rendered":"https:\/\/turismo-sj.developersasapglobalsolution.com\/biblioteca-municipal\/"},"modified":"2023-09-15T11:12:13","modified_gmt":"2023-09-15T11:12:13","slug":"biblioteca-municipal","status":"publish","type":"page","link":"https:\/\/turismosantjoan.es\/ca\/biblioteca-municipal\/","title":{"rendered":"Biblioteca Municipal"},"content":{"rendered":"\t\t<div data-elementor-type=\"wp-page\" data-elementor-id=\"7221\" class=\"elementor elementor-7221 elementor-4574\" data-elementor-post-type=\"page\">\n\t\t\t\t\t\t<section class=\"elementor-section elementor-top-section elementor-element elementor-element-15ff3596 elementor-section-boxed elementor-section-height-default elementor-section-height-default\" data-id=\"15ff3596\" data-element_type=\"section\" data-e-type=\"section\" data-settings=\"{&quot;shape_divider_top&quot;:&quot;mountains&quot;,&quot;background_background&quot;:&quot;classic&quot;}\">\n\t\t\t\t\t<div class=\"elementor-shape elementor-shape-top\" aria-hidden=\"true\" data-negative=\"false\">\n\t\t\t<svg xmlns=\"http:\/\/www.w3.org\/2000\/svg\" viewBox=\"0 0 1000 100\" preserveAspectRatio=\"none\">\n\t<path class=\"elementor-shape-fill\" opacity=\"0.33\" d=\"M473,67.3c-203.9,88.3-263.1-34-320.3,0C66,119.1,0,59.7,0,59.7V0h1000v59.7 c0,0-62.1,26.1-94.9,29.3c-32.8,3.3-62.8-12.3-75.8-22.1C806,49.6,745.3,8.7,694.9,4.7S492.4,59,473,67.3z\"\/>\n\t<path class=\"elementor-shape-fill\" opacity=\"0.66\" d=\"M734,67.3c-45.5,0-77.2-23.2-129.1-39.1c-28.6-8.7-150.3-10.1-254,39.1 s-91.7-34.4-149.2,0C115.7,118.3,0,39.8,0,39.8V0h1000v36.5c0,0-28.2-18.5-92.1-18.5C810.2,18.1,775.7,67.3,734,67.3z\"\/>\n\t<path class=\"elementor-shape-fill\" d=\"M766.1,28.9c-200-57.5-266,65.5-395.1,19.5C242,1.8,242,5.4,184.8,20.6C128,35.8,132.3,44.9,89.9,52.5C28.6,63.7,0,0,0,0 h1000c0,0-9.9,40.9-83.6,48.1S829.6,47,766.1,28.9z\"\/>\n<\/svg>\t\t<\/div>\n\t\t\t\t\t<div class=\"elementor-container elementor-column-gap-no\">\n\t\t\t\t\t<div class=\"elementor-column elementor-col-100 elementor-top-column elementor-element elementor-element-62755739\" data-id=\"62755739\" data-element_type=\"column\" data-e-type=\"column\">\n\t\t\t<div class=\"elementor-widget-wrap elementor-element-populated\">\n\t\t\t\t\t\t<div class=\"elementor-element elementor-element-3e61b5fb elementor-widget elementor-widget-heading\" data-id=\"3e61b5fb\" data-element_type=\"widget\" data-e-type=\"widget\" data-widget_type=\"heading.default\">\n\t\t\t\t<div class=\"elementor-widget-container\">\n\t\t\t\t\t<h1 class=\"elementor-heading-title elementor-size-xxl\">Biblioteca Municipal<\/h1>\t\t\t\t<\/div>\n\t\t\t\t<\/div>\n\t\t\t\t\t<\/div>\n\t\t<\/div>\n\t\t\t\t\t<\/div>\n\t\t<\/section>\n\t\t\t\t<section class=\"elementor-section elementor-top-section elementor-element elementor-element-2ba4c574 elementor-section-boxed elementor-section-height-default elementor-section-height-default\" data-id=\"2ba4c574\" data-element_type=\"section\" data-e-type=\"section\">\n\t\t\t\t\t\t<div class=\"elementor-container elementor-column-gap-default\">\n\t\t\t\t\t<div class=\"elementor-column elementor-col-100 elementor-top-column elementor-element elementor-element-6e25502\" data-id=\"6e25502\" data-element_type=\"column\" data-e-type=\"column\">\n\t\t\t<div class=\"elementor-widget-wrap elementor-element-populated\">\n\t\t\t\t\t\t<div class=\"elementor-element elementor-element-72a1fb91 elementor-widget elementor-widget-google_maps\" data-id=\"72a1fb91\" data-element_type=\"widget\" data-e-type=\"widget\" data-widget_type=\"google_maps.default\">\n\t\t\t\t<div class=\"elementor-widget-container\">\n\t\t\t\t\t\t\t<div class=\"elementor-custom-embed\">\n\t\t\t<iframe loading=\"lazy\"\n\t\t\t\t\tsrc=\"https:\/\/maps.google.com\/maps?q=Avenida%20Rambla%20de%20la%20Llibertat%2C%2022%2C%2003550%20San%20Juan%20de%20Alicante%2C%20Alicante%20%20&#038;t=m&#038;z=15&#038;output=embed&#038;iwloc=near\"\n\t\t\t\t\ttitle=\"Avenida Rambla de la Llibertat, 22, 03550 San Juan de Alicante, Alicante  \"\n\t\t\t\t\taria-label=\"Avenida Rambla de la Llibertat, 22, 03550 San Juan de Alicante, Alicante  \"\n\t\t\t><\/iframe>\n\t\t<\/div>\n\t\t\t\t\t\t<\/div>\n\t\t\t\t<\/div>\n\t\t\t\t\t<\/div>\n\t\t<\/div>\n\t\t\t\t\t<\/div>\n\t\t<\/section>\n\t\t\t\t<section class=\"elementor-section elementor-top-section elementor-element elementor-element-24d6802c elementor-section-boxed elementor-section-height-default elementor-section-height-default\" data-id=\"24d6802c\" data-element_type=\"section\" data-e-type=\"section\">\n\t\t\t\t\t\t<div class=\"elementor-container elementor-column-gap-default\">\n\t\t\t\t\t<div class=\"elementor-column elementor-col-100 elementor-top-column elementor-element elementor-element-78db74dc\" data-id=\"78db74dc\" data-element_type=\"column\" data-e-type=\"column\">\n\t\t\t<div class=\"elementor-widget-wrap elementor-element-populated\">\n\t\t\t\t\t\t<div class=\"elementor-element elementor-element-3fee2508 elementor-widget elementor-widget-text-editor\" data-id=\"3fee2508\" data-element_type=\"widget\" data-e-type=\"widget\" data-widget_type=\"text-editor.default\">\n\t\t\t\t<div class=\"elementor-widget-container\">\n\t\t\t\t\t\t\t\t\t<div class=\"wpb_text_column wpb_content_element \"><div class=\"wpb_wrapper\"><p align=\"JUSTIFY\"><a href=\"http:\/\/www.bibliotecaspublicas.es\/santjoandalacant\/\">La Biblioteca Municipal de Sant Joan d&#8217;Alacant<\/a> ha tingut diverses seus fins a la seua recol\u00b7locaci\u00f3 definitiva en l&#8217;actual edifici del Centre Cultural. Va n\u00e0ixer al comen\u00e7ament de la d\u00e8cada dels setanta, on es va proposar en els baixos de l&#8217;Ajuntament, per\u00f2 finalment el projecte es va posposar.<\/p><p align=\"JUSTIFY\">Despr\u00e9s de deu llargs anys d&#8217;espera els fons de la Biblioteca es van instal\u00b7lar en un xicotet edifici en carrer del *Mercat, edifici que tamb\u00e9 acollia a les associacions culturals. Va comen\u00e7ar la seua marxa en aquell edifici de <strong>\u201cLa Cultural\u201d<\/strong>, cap a 1980, de la m\u00e0 del nostre primer bibliotecari Sr. Maximiliano Pastor. Per\u00f2 cinc anys despr\u00e9s es va decidir derrocar l&#8217;edifici, traslladant de nou tot el mobiliari i col\u00b7lecci\u00f3 documental a un local provisional del carrer 6 de Desembre. All\u00ed van dormir en l&#8217;oblit 4 o 5 anys.<\/p><p align=\"JUSTIFY\">En 1989 mitjan\u00e7ant un conveni amb la CAM, l&#8217;Ajuntament va reubicar la Biblioteca de manera provisional en un c\u00e8ntric local fins que es constru\u00efra el nou edifici de la Casa de Cultura, el projecte de la qual s&#8217;estava abordant. El 9 d&#8217;octubre de 1993 es va inaugurar amb moltes expectatives la nova Casa de <strong>Cultura al Carrer<\/strong> de la Mar. En les seues instal\u00b7lacions es tenia projectat la nova biblioteca, per\u00f2 la realitat \u00e9s que no satisfeia a l&#8217;ingent volum de llibres requerit i la quantitat de p\u00fablic que havia d&#8217;acollir.<\/p><p align=\"JUSTIFY\">Finalment, el 27 de mar\u00e7 de 2011, gr\u00e0cies al Pla d&#8217;Ajuda del Govern, s&#8217;inaugurava la <strong>Biblioteca de Sant Joan d&#8217;Alacant<\/strong> en el nou edifici denominat Centre Cultural Municipal, en l&#8217;Avinguda Rambla de la Llibertat, compartia espai amb <strong>l&#8217;Arxiu Municipal<\/strong>.<\/p><p align=\"JUSTIFY\">La Biblioteca P\u00fablica de Sant Joan d&#8217;Alacant est\u00e0 integrada en la <a href=\"http:\/\/www.bibliotecaspublicas.es\/index.jsp\">Xarxa Electr\u00f2nica de Lectura P\u00fablica Valenciana<\/a>.<\/p><\/div><\/div>\t\t\t\t\t\t\t\t<\/div>\n\t\t\t\t<\/div>\n\t\t\t\t\t<\/div>\n\t\t<\/div>\n\t\t\t\t\t<\/div>\n\t\t<\/section>\n\t\t\t\t<section class=\"elementor-section elementor-top-section elementor-element elementor-element-702c8ba0 elementor-section-boxed elementor-section-height-default elementor-section-height-default\" data-id=\"702c8ba0\" data-element_type=\"section\" data-e-type=\"section\">\n\t\t\t\t\t\t<div class=\"elementor-container elementor-column-gap-default\">\n\t\t\t\t\t<div class=\"elementor-column elementor-col-100 elementor-top-column elementor-element elementor-element-4463a73c\" data-id=\"4463a73c\" data-element_type=\"column\" data-e-type=\"column\">\n\t\t\t<div class=\"elementor-widget-wrap elementor-element-populated\">\n\t\t\t\t\t\t<div class=\"elementor-element elementor-element-64a47109 elementor-widget elementor-widget-heading\" data-id=\"64a47109\" data-element_type=\"widget\" data-e-type=\"widget\" data-widget_type=\"heading.default\">\n\t\t\t\t<div class=\"elementor-widget-container\">\n\t\t\t\t\t<h2 class=\"elementor-heading-title elementor-size-default\">Serveis<\/h2>\t\t\t\t<\/div>\n\t\t\t\t<\/div>\n\t\t\t\t<div class=\"elementor-element elementor-element-38abf437 elementor-widget elementor-widget-text-editor\" data-id=\"38abf437\" data-element_type=\"widget\" data-e-type=\"widget\" data-widget_type=\"text-editor.default\">\n\t\t\t\t<div class=\"elementor-widget-container\">\n\t\t\t\t\t\t\t\t\t<p align=\"JUSTIFY\">La Biblioteca Municipal de Sant Joan d&#8217;Alacant dependent del seu Ajuntament \u00e9s un servei p\u00fablic d&#8217;acc\u00e9s lliure i gratu\u00eft, a excepci\u00f3 del pr\u00e9stec interbibliotecari que pot generar algun cost per a l&#8217;usuari.<\/p><p align=\"JUSTIFY\"><strong>Consulta en Sala<\/strong>: ac\u00ed trobar\u00e0s un lloc tranquil i llumin\u00f3s per a poder buscar, descobrir, navegar i llegir.<\/p><p align=\"JUSTIFY\"><strong>Informaci\u00f3 i Refer\u00e8ncia<\/strong>: amb aquest servei ens ocupem *personalizadamente de les teues necessitats d&#8217;informaci\u00f3. Aquest servei at\u00e9n consultes d&#8217;informaci\u00f3 general (funcionament de la biblioteca, organitzaci\u00f3 de fons, \u00fas de cat\u00e0leg automatitzat) i car\u00e0cter espec\u00edfic (consultes bibliogr\u00e0fiques, obtenci\u00f3 de documents, informaci\u00f3 pr\u00e0ctica de car\u00e0cter variat, documentaci\u00f3 legislativa, etc.).<\/p><p align=\"JUSTIFY\"><strong>Pr\u00e9stec de Documents<\/strong>: amb aquest servei pots portar-te a casa documents de la Biblioteca durant un temps determinat, sempre que disposes de carnet de lector.<\/p><p align=\"JUSTIFY\"><strong>Pr\u00e9stec de Llibres Electr\u00f2nics a trav\u00e9s de E-*Biblio<\/strong>: eBiblio Comunitat Valenciana \u00e9s un servei de la Xarxa Electr\u00f2nica de Lectura P\u00fablica Valenciana que fa possible la lectura de llibres electr\u00f2nics a trav\u00e9s d&#8217;internet. E-Biblio posa a la disposici\u00f3 de la ciutadania una plataforma tecnol\u00f2gica, que li permet accedir al cat\u00e0leg i amprar les principals novetats editorials en format digital per a poder-les llegir en diferents dispositius: tauletes, tel\u00e8fons intel\u00b7ligents, ordinadors personals o lectors de llibres electr\u00f2nics.<\/p>\t\t\t\t\t\t\t\t<\/div>\n\t\t\t\t<\/div>\n\t\t\t\t<section class=\"elementor-section elementor-inner-section elementor-element elementor-element-0b4b740 elementor-section-boxed elementor-section-height-default elementor-section-height-default\" data-id=\"0b4b740\" data-element_type=\"section\" data-e-type=\"section\">\n\t\t\t\t\t\t<div class=\"elementor-container elementor-column-gap-default\">\n\t\t\t\t\t<div class=\"elementor-column elementor-col-50 elementor-inner-column elementor-element elementor-element-bf2d336\" data-id=\"bf2d336\" data-element_type=\"column\" data-e-type=\"column\">\n\t\t\t<div class=\"elementor-widget-wrap elementor-element-populated\">\n\t\t\t\t\t\t<div class=\"elementor-element elementor-element-c00e3e1 elementor-widget elementor-widget-image\" data-id=\"c00e3e1\" data-element_type=\"widget\" data-e-type=\"widget\" data-widget_type=\"image.default\">\n\t\t\t\t<div class=\"elementor-widget-container\">\n\t\t\t\t\t\t\t\t\t\t\t\t\t\t\t<img decoding=\"async\" src=\"https:\/\/turismosantjoan.es\/wp-content\/uploads\/elementor\/thumbs\/cab_biblioteca-qbwurb11nhfutbnd3uscqovmb3xv8715yy1vuno5s0.jpg\" title=\"cab_biblioteca\" alt=\"cab_biblioteca\" loading=\"lazy\" \/>\t\t\t\t\t\t\t\t\t\t\t\t\t\t\t<\/div>\n\t\t\t\t<\/div>\n\t\t\t\t<div class=\"elementor-element elementor-element-9b977f4 elementor-widget elementor-widget-text-editor\" data-id=\"9b977f4\" data-element_type=\"widget\" data-e-type=\"widget\" data-widget_type=\"text-editor.default\">\n\t\t\t\t<div class=\"elementor-widget-container\">\n\t\t\t\t\t\t\t\t\t<p>Propostes de lectura a la Biblioteca municipal Sant Joan d&#8217;Alacant<\/p>\t\t\t\t\t\t\t\t<\/div>\n\t\t\t\t<\/div>\n\t\t\t\t\t<\/div>\n\t\t<\/div>\n\t\t\t\t<div class=\"elementor-column elementor-col-50 elementor-inner-column elementor-element elementor-element-a1d11bd\" data-id=\"a1d11bd\" data-element_type=\"column\" data-e-type=\"column\">\n\t\t\t<div class=\"elementor-widget-wrap elementor-element-populated\">\n\t\t\t\t\t\t<div class=\"elementor-element elementor-element-bfd1398 elementor-widget elementor-widget-image\" data-id=\"bfd1398\" data-element_type=\"widget\" data-e-type=\"widget\" data-widget_type=\"image.default\">\n\t\t\t\t<div class=\"elementor-widget-container\">\n\t\t\t\t\t\t\t\t\t\t\t\t\t\t\t<img fetchpriority=\"high\" decoding=\"async\" width=\"800\" height=\"534\" src=\"https:\/\/turismosantjoan.es\/wp-content\/uploads\/2023\/09\/01_biblioteca.jpg\" class=\"attachment-large size-large wp-image-6472\" alt=\"\" srcset=\"https:\/\/turismosantjoan.es\/wp-content\/uploads\/2023\/09\/01_biblioteca.jpg 1000w, https:\/\/turismosantjoan.es\/wp-content\/uploads\/2023\/09\/01_biblioteca-300x200.jpg 300w, https:\/\/turismosantjoan.es\/wp-content\/uploads\/2023\/09\/01_biblioteca-768x512.jpg 768w\" sizes=\"(max-width: 800px) 100vw, 800px\" \/>\t\t\t\t\t\t\t\t\t\t\t\t\t\t\t<\/div>\n\t\t\t\t<\/div>\n\t\t\t\t<div class=\"elementor-element elementor-element-2b52072 elementor-widget elementor-widget-text-editor\" data-id=\"2b52072\" data-element_type=\"widget\" data-e-type=\"widget\" data-widget_type=\"text-editor.default\">\n\t\t\t\t<div class=\"elementor-widget-container\">\n\t\t\t\t\t\t\t\t\t<p>Interior de la biblioteca municipal de Sant Joan d&#8217;Alacant<\/p>\t\t\t\t\t\t\t\t<\/div>\n\t\t\t\t<\/div>\n\t\t\t\t\t<\/div>\n\t\t<\/div>\n\t\t\t\t\t<\/div>\n\t\t<\/section>\n\t\t\t\t<div class=\"elementor-element elementor-element-91873a2 elementor-widget elementor-widget-text-editor\" data-id=\"91873a2\" data-element_type=\"widget\" data-e-type=\"widget\" data-widget_type=\"text-editor.default\">\n\t\t\t\t<div class=\"elementor-widget-container\">\n\t\t\t\t\t\t\t\t\t<p align=\"JUSTIFY\"><strong>Pr\u00e9stec de E-readers o Lectors de Llibres Electr\u00f2nics:<\/strong> d&#8217;acord amb el nostre objectiu de brindar als ciutadans la possibilitat d&#8217;accedir a la informaci\u00f3 i el coneixement en tots els suports que les noves tecnologies ofereixen, la Biblioteca de Sant Joan d&#8217;Alacant posa en marxa el seu servei E-reader, que permet a totes les persones amb carnet d&#8217;adult de la Xarxa de Lectura P\u00fablica Valenciana, emportar-se en pr\u00e9stec un dispositiu lector de llibres electr\u00f2nics.<\/p><p align=\"JUSTIFY\"><strong>Pr\u00e9stec Interbibliotecari<\/strong>: podr\u00e0s obtindre d&#8217;una altra biblioteca qualsevol tipus de document que no estiga disponible en el nostre fons.<\/p><p align=\"JUSTIFY\"><strong>Pr\u00e9stec Col\u00b7lectiu<\/strong>: la biblioteca ofereix a entitat p\u00fablica, associaci\u00f3 o col\u00b7lectiu ciutad\u00e0 beneficiar-se d&#8217;un pr\u00e9stec especial de lots de documents per una duraci\u00f3 m\u00e0xima de 30 dies prorrogables una vegada.<\/p><p align=\"JUSTIFY\"><strong>Servei d&#8217;Internet i Ofim\u00e0tica<\/strong>: podr\u00e0s navegar per la Xarxa i utilitzar els programes d&#8217;ofim\u00e0tica de forma totalment gratu\u00efta. Per a aix\u00f2 comptes amb cinc ordinadors en la primera planta i un en la planta baixa, i connexi\u00f3 wifi en totes les depend\u00e8ncies de la Biblioteca.<\/p><p align=\"JUSTIFY\"><strong>Formaci\u00f3 d&#8217;Usuaris<\/strong>: la formaci\u00f3 d&#8217;usuaris ens permet ensenyar als nostres usuaris eines per a con\u00e9ixer i saber utilitzar la Biblioteca, els seus serveis i els seus recursos de cerca documental.<\/p><p align=\"JUSTIFY\"><strong>Activitats Culturals i d&#8217;Animaci\u00f3 a la Lectura<\/strong>: des de la Biblioteca tractem d&#8217;organitzar activitats que tinguen com a objectiu donar a con\u00e9ixer la biblioteca i fomentar el seu \u00fas com a centre p\u00fablic d&#8217;acc\u00e9s a la informaci\u00f3 i la cultura: Visites escolars, \u201cL&#8217;Hora del Conte\u201d, tallers\u2026.<\/p><p align=\"JUSTIFY\"><strong>Pregunte<\/strong>: les biblioteques responen: el sistema \u00abPregunte, les biblioteques responen\u00bb \u00e9s un servei d&#8217;informaci\u00f3 p\u00fablic en l\u00ednia, gestionat i at\u00e9s de manera cooperativa per biblioteques provincials i municipals de les diferents Comunitats Aut\u00f2nomes.<\/p>\t\t\t\t\t\t\t\t<\/div>\n\t\t\t\t<\/div>\n\t\t\t\t<div class=\"elementor-element elementor-element-e9d1115 elementor-widget elementor-widget-image\" data-id=\"e9d1115\" data-element_type=\"widget\" data-e-type=\"widget\" data-widget_type=\"image.default\">\n\t\t\t\t<div class=\"elementor-widget-container\">\n\t\t\t\t\t\t\t\t\t\t\t\t\t\t\t<img decoding=\"async\" width=\"593\" height=\"712\" src=\"https:\/\/turismosantjoan.es\/wp-content\/uploads\/2023\/07\/arte-y-cultura-perro-biblio-2.jpeg\" class=\"attachment-large size-large wp-image-1291\" alt=\"\" srcset=\"https:\/\/turismosantjoan.es\/wp-content\/uploads\/2023\/07\/arte-y-cultura-perro-biblio-2.jpeg 593w, https:\/\/turismosantjoan.es\/wp-content\/uploads\/2023\/07\/arte-y-cultura-perro-biblio-2-250x300.jpeg 250w\" sizes=\"(max-width: 593px) 100vw, 593px\" \/>\t\t\t\t\t\t\t\t\t\t\t\t\t\t\t<\/div>\n\t\t\t\t<\/div>\n\t\t\t\t<div class=\"elementor-element elementor-element-2a55f68 elementor-widget elementor-widget-text-editor\" data-id=\"2a55f68\" data-element_type=\"widget\" data-e-type=\"widget\" data-widget_type=\"text-editor.default\">\n\t\t\t\t<div class=\"elementor-widget-container\">\n\t\t\t\t\t\t\t\t\t<p>Activitat a la biblioteca municipal amb xiquets, gossos i lletres<\/p>\t\t\t\t\t\t\t\t<\/div>\n\t\t\t\t<\/div>\n\t\t\t\t\t<\/div>\n\t\t<\/div>\n\t\t\t\t\t<\/div>\n\t\t<\/section>\n\t\t\t\t<section class=\"elementor-section elementor-top-section elementor-element elementor-element-ab4260e elementor-section-boxed elementor-section-height-default elementor-section-height-default\" data-id=\"ab4260e\" data-element_type=\"section\" data-e-type=\"section\">\n\t\t\t\t\t\t<div class=\"elementor-container elementor-column-gap-default\">\n\t\t\t\t\t<div class=\"elementor-column elementor-col-100 elementor-top-column elementor-element elementor-element-e8e8adf\" data-id=\"e8e8adf\" data-element_type=\"column\" data-e-type=\"column\">\n\t\t\t<div class=\"elementor-widget-wrap elementor-element-populated\">\n\t\t\t\t\t\t<div class=\"elementor-element elementor-element-a846804 elementor-widget elementor-widget-heading\" data-id=\"a846804\" data-element_type=\"widget\" data-e-type=\"widget\" data-widget_type=\"heading.default\">\n\t\t\t\t<div class=\"elementor-widget-container\">\n\t\t\t\t\t<h2 class=\"elementor-heading-title elementor-size-default\">Sabies que\u2026?<\/h2>\t\t\t\t<\/div>\n\t\t\t\t<\/div>\n\t\t\t\t<div class=\"elementor-element elementor-element-b5a9e7b elementor-widget elementor-widget-text-editor\" data-id=\"b5a9e7b\" data-element_type=\"widget\" data-e-type=\"widget\" data-widget_type=\"text-editor.default\">\n\t\t\t\t<div class=\"elementor-widget-container\">\n\t\t\t\t\t\t\t\t\t<p align=\"JUSTIFY\">En el 2015 ens van visitar 54.787 persones.<br>A la Biblioteca disposem de 6 ordinadors d&#8217;\u00fas p\u00fablic i gratu\u00eft.<br>La Biblioteca \u00e9s tamb\u00e9 un laboratori.<br>A la Biblioteca compartim experi\u00e8ncies a trav\u00e9s del projecte \u201cQu\u00e8 saps\u201d?<br>A vegades ens visiten gossos ensinistrats per a llegir amb nosaltres.<br>En la zona infantil-juvenil els xiquets i xiquetes poden disfressar-se, pintar i fer manualitats.<br>Et pots emportar en pr\u00e9stec un lector de llibres electr\u00f2nics.<br>Com a curiositat, oferim un taller de bricolatge.<\/p>\t\t\t\t\t\t\t\t<\/div>\n\t\t\t\t<\/div>\n\t\t\t\t\t<\/div>\n\t\t<\/div>\n\t\t\t\t\t<\/div>\n\t\t<\/section>\n\t\t\t\t<\/div>\n\t\t","protected":false},"excerpt":{"rendered":"<p>Biblioteca Municipal La Biblioteca Municipal de Sant Joan d&#8217;Alacant ha tingut diverses seus fins a la seua recol\u00b7locaci\u00f3 definitiva en l&#8217;actual edifici del Centre Cultural. Va n\u00e0ixer al comen\u00e7ament de la d\u00e8cada dels setanta, on es va proposar en els baixos de l&#8217;Ajuntament, per\u00f2 finalment el projecte es va posposar. Despr\u00e9s de deu llargs anys [&hellip;]<\/p>\n","protected":false},"author":1,"featured_media":0,"parent":0,"menu_order":0,"comment_status":"closed","ping_status":"closed","template":"","meta":{"footnotes":""},"class_list":["post-7221","page","type-page","status-publish","hentry"],"_links":{"self":[{"href":"https:\/\/turismosantjoan.es\/ca\/wp-json\/wp\/v2\/pages\/7221","targetHints":{"allow":["GET"]}}],"collection":[{"href":"https:\/\/turismosantjoan.es\/ca\/wp-json\/wp\/v2\/pages"}],"about":[{"href":"https:\/\/turismosantjoan.es\/ca\/wp-json\/wp\/v2\/types\/page"}],"author":[{"embeddable":true,"href":"https:\/\/turismosantjoan.es\/ca\/wp-json\/wp\/v2\/users\/1"}],"replies":[{"embeddable":true,"href":"https:\/\/turismosantjoan.es\/ca\/wp-json\/wp\/v2\/comments?post=7221"}],"version-history":[{"count":0,"href":"https:\/\/turismosantjoan.es\/ca\/wp-json\/wp\/v2\/pages\/7221\/revisions"}],"wp:attachment":[{"href":"https:\/\/turismosantjoan.es\/ca\/wp-json\/wp\/v2\/media?parent=7221"}],"curies":[{"name":"wp","href":"https:\/\/api.w.org\/{rel}","templated":true}]}}