{"id":7225,"date":"2023-08-03T09:19:26","date_gmt":"2023-08-03T09:19:26","guid":{"rendered":"https:\/\/turismo-sj.developersasapglobalsolution.com\/carnestoltes\/"},"modified":"2023-09-15T11:27:00","modified_gmt":"2023-09-15T11:27:00","slug":"carnestoltes","status":"publish","type":"page","link":"https:\/\/turismosantjoan.es\/ca\/carnestoltes\/","title":{"rendered":"Carnestoltes"},"content":{"rendered":"\t\t<div data-elementor-type=\"wp-page\" data-elementor-id=\"7225\" class=\"elementor elementor-7225 elementor-4033\" data-elementor-post-type=\"page\">\n\t\t\t\t\t\t<section class=\"elementor-section elementor-top-section elementor-element elementor-element-6ba999c8 elementor-section-boxed elementor-section-height-default elementor-section-height-default\" data-id=\"6ba999c8\" data-element_type=\"section\" data-e-type=\"section\" data-settings=\"{&quot;shape_divider_top&quot;:&quot;mountains&quot;,&quot;background_background&quot;:&quot;classic&quot;}\">\n\t\t\t\t\t<div class=\"elementor-shape elementor-shape-top\" aria-hidden=\"true\" data-negative=\"false\">\n\t\t\t<svg xmlns=\"http:\/\/www.w3.org\/2000\/svg\" viewBox=\"0 0 1000 100\" preserveAspectRatio=\"none\">\n\t<path class=\"elementor-shape-fill\" opacity=\"0.33\" d=\"M473,67.3c-203.9,88.3-263.1-34-320.3,0C66,119.1,0,59.7,0,59.7V0h1000v59.7 c0,0-62.1,26.1-94.9,29.3c-32.8,3.3-62.8-12.3-75.8-22.1C806,49.6,745.3,8.7,694.9,4.7S492.4,59,473,67.3z\"\/>\n\t<path class=\"elementor-shape-fill\" opacity=\"0.66\" d=\"M734,67.3c-45.5,0-77.2-23.2-129.1-39.1c-28.6-8.7-150.3-10.1-254,39.1 s-91.7-34.4-149.2,0C115.7,118.3,0,39.8,0,39.8V0h1000v36.5c0,0-28.2-18.5-92.1-18.5C810.2,18.1,775.7,67.3,734,67.3z\"\/>\n\t<path class=\"elementor-shape-fill\" d=\"M766.1,28.9c-200-57.5-266,65.5-395.1,19.5C242,1.8,242,5.4,184.8,20.6C128,35.8,132.3,44.9,89.9,52.5C28.6,63.7,0,0,0,0 h1000c0,0-9.9,40.9-83.6,48.1S829.6,47,766.1,28.9z\"\/>\n<\/svg>\t\t<\/div>\n\t\t\t\t\t<div class=\"elementor-container elementor-column-gap-no\">\n\t\t\t\t\t<div class=\"elementor-column elementor-col-100 elementor-top-column elementor-element elementor-element-2a84a86\" data-id=\"2a84a86\" data-element_type=\"column\" data-e-type=\"column\">\n\t\t\t<div class=\"elementor-widget-wrap elementor-element-populated\">\n\t\t\t\t\t\t<div class=\"elementor-element elementor-element-d0f3b4f elementor-widget elementor-widget-heading\" data-id=\"d0f3b4f\" data-element_type=\"widget\" data-e-type=\"widget\" data-widget_type=\"heading.default\">\n\t\t\t\t<div class=\"elementor-widget-container\">\n\t\t\t\t\t<h1 class=\"elementor-heading-title elementor-size-xxl\">Carnestoltes<\/h1>\t\t\t\t<\/div>\n\t\t\t\t<\/div>\n\t\t\t\t\t<\/div>\n\t\t<\/div>\n\t\t\t\t\t<\/div>\n\t\t<\/section>\n\t\t\t\t<section class=\"elementor-section elementor-top-section elementor-element elementor-element-3332bf87 elementor-section-boxed elementor-section-height-default elementor-section-height-default\" data-id=\"3332bf87\" data-element_type=\"section\" data-e-type=\"section\">\n\t\t\t\t\t\t<div class=\"elementor-container elementor-column-gap-default\">\n\t\t\t\t\t<div class=\"elementor-column elementor-col-100 elementor-top-column elementor-element elementor-element-730098c2\" data-id=\"730098c2\" data-element_type=\"column\" data-e-type=\"column\">\n\t\t\t<div class=\"elementor-widget-wrap elementor-element-populated\">\n\t\t\t\t\t\t<div class=\"elementor-element elementor-element-314831fa elementor-widget elementor-widget-text-editor\" data-id=\"314831fa\" data-element_type=\"widget\" data-e-type=\"widget\" data-widget_type=\"text-editor.default\">\n\t\t\t\t<div class=\"elementor-widget-container\">\n\t\t\t\t\t\t\t\t\t<div class=\"wpb_text_column wpb_content_element \"><div class=\"wpb_wrapper\"><p align=\"JUSTIFY\">A Sant Joan d&#8217;Alacant, en la <b>Pla\u00e7a de la Ordana<\/b>, se celebra el <b>Dissabte Ramblero<\/b>, coincidint amb el calendari nacional en l&#8217;Avinguda Jaume I, s&#8217;instal\u00b7len des de primera hora de la tard Jocs Infantils per a gaudi dels m\u00e9s xicotets, tamb\u00e9 s&#8217;amenitza la vetlada amb animaci\u00f3, grups musicals i balls, que encoratgen al p\u00fablic assistent, trobada que dona cabuda a totes les edats, des dels m\u00e9s xicotets, joves i adults. L&#8217;ajuntament en col\u00b7laboraci\u00f3 amb les Associacions Festeres del municipi organitza el <b>\u201cConcurs de Disfresses\u201d<\/b> i posterior berenar als participants. Es col\u00b7loca una passarel\u00b7la on tots els assistents que ho desitgen i que acudeixen disfressats, poden desfilar i participar del concurs, premiant a aquelles disfresses m\u00e9s originals o divertits en funci\u00f3 de diverses categories diferents.<\/p><\/div><\/div>\t\t\t\t\t\t\t\t<\/div>\n\t\t\t\t<\/div>\n\t\t\t\t<section class=\"elementor-section elementor-inner-section elementor-element elementor-element-2f96ae7 elementor-section-boxed elementor-section-height-default elementor-section-height-default\" data-id=\"2f96ae7\" data-element_type=\"section\" data-e-type=\"section\">\n\t\t\t\t\t\t<div class=\"elementor-container elementor-column-gap-default\">\n\t\t\t\t\t<div class=\"elementor-column elementor-col-50 elementor-inner-column elementor-element elementor-element-f2da557\" data-id=\"f2da557\" data-element_type=\"column\" data-e-type=\"column\">\n\t\t\t<div class=\"elementor-widget-wrap elementor-element-populated\">\n\t\t\t\t\t\t<div class=\"elementor-element elementor-element-5e1b097 elementor-widget elementor-widget-image\" data-id=\"5e1b097\" data-element_type=\"widget\" data-e-type=\"widget\" data-widget_type=\"image.default\">\n\t\t\t\t<div class=\"elementor-widget-container\">\n\t\t\t\t\t\t\t\t\t\t\t\t\t\t\t<img fetchpriority=\"high\" decoding=\"async\" width=\"800\" height=\"534\" src=\"https:\/\/turismosantjoan.es\/wp-content\/uploads\/2023\/09\/FOTO-DE-SUSTITUCION-1-CARNAVAL1-1024x683.jpg\" class=\"attachment-large size-large wp-image-6033\" alt=\"\" srcset=\"https:\/\/turismosantjoan.es\/wp-content\/uploads\/2023\/09\/FOTO-DE-SUSTITUCION-1-CARNAVAL1-1024x683.jpg 1024w, https:\/\/turismosantjoan.es\/wp-content\/uploads\/2023\/09\/FOTO-DE-SUSTITUCION-1-CARNAVAL1-300x200.jpg 300w, https:\/\/turismosantjoan.es\/wp-content\/uploads\/2023\/09\/FOTO-DE-SUSTITUCION-1-CARNAVAL1-768x512.jpg 768w, https:\/\/turismosantjoan.es\/wp-content\/uploads\/2023\/09\/FOTO-DE-SUSTITUCION-1-CARNAVAL1-1536x1024.jpg 1536w, https:\/\/turismosantjoan.es\/wp-content\/uploads\/2023\/09\/FOTO-DE-SUSTITUCION-1-CARNAVAL1-2048x1365.jpg 2048w\" sizes=\"(max-width: 800px) 100vw, 800px\" \/>\t\t\t\t\t\t\t\t\t\t\t\t\t\t\t<\/div>\n\t\t\t\t<\/div>\n\t\t\t\t\t<\/div>\n\t\t<\/div>\n\t\t\t\t<div class=\"elementor-column elementor-col-50 elementor-inner-column elementor-element elementor-element-082b8a1\" data-id=\"082b8a1\" data-element_type=\"column\" data-e-type=\"column\">\n\t\t\t<div class=\"elementor-widget-wrap elementor-element-populated\">\n\t\t\t\t\t\t<div class=\"elementor-element elementor-element-d1cb995 elementor-widget elementor-widget-image\" data-id=\"d1cb995\" data-element_type=\"widget\" data-e-type=\"widget\" data-widget_type=\"image.default\">\n\t\t\t\t<div class=\"elementor-widget-container\">\n\t\t\t\t\t\t\t\t\t\t\t\t\t\t\t<img decoding=\"async\" width=\"800\" height=\"534\" src=\"https:\/\/turismosantjoan.es\/wp-content\/uploads\/2023\/09\/FOTO-DE-SUSTITUCION-2-CARNAVAL-2-1024x683.jpg\" class=\"attachment-large size-large wp-image-6036\" alt=\"\" srcset=\"https:\/\/turismosantjoan.es\/wp-content\/uploads\/2023\/09\/FOTO-DE-SUSTITUCION-2-CARNAVAL-2-1024x683.jpg 1024w, https:\/\/turismosantjoan.es\/wp-content\/uploads\/2023\/09\/FOTO-DE-SUSTITUCION-2-CARNAVAL-2-300x200.jpg 300w, https:\/\/turismosantjoan.es\/wp-content\/uploads\/2023\/09\/FOTO-DE-SUSTITUCION-2-CARNAVAL-2-768x512.jpg 768w, https:\/\/turismosantjoan.es\/wp-content\/uploads\/2023\/09\/FOTO-DE-SUSTITUCION-2-CARNAVAL-2-1536x1024.jpg 1536w, https:\/\/turismosantjoan.es\/wp-content\/uploads\/2023\/09\/FOTO-DE-SUSTITUCION-2-CARNAVAL-2-2048x1365.jpg 2048w\" sizes=\"(max-width: 800px) 100vw, 800px\" \/>\t\t\t\t\t\t\t\t\t\t\t\t\t\t\t<\/div>\n\t\t\t\t<\/div>\n\t\t\t\t\t<\/div>\n\t\t<\/div>\n\t\t\t\t\t<\/div>\n\t\t<\/section>\n\t\t\t\t<div class=\"elementor-element elementor-element-7685879 elementor-widget elementor-widget-text-editor\" data-id=\"7685879\" data-element_type=\"widget\" data-e-type=\"widget\" data-widget_type=\"text-editor.default\">\n\t\t\t\t<div class=\"elementor-widget-container\">\n\t\t\t\t\t\t\t\t\t<p align=\"justify\">Des de fa ja dos anys, el dissabte al mat\u00ed, s&#8217;ha comen\u00e7at a celebrar amb bon acolliment el <i><b>Mardi Grass<\/b><\/i>. Es tracta d&#8217;una desfilada pels carrers del centre del municipi amenitzat amb m\u00fasica en directe i balls. Aquest finalitza en la <b>Pla\u00e7a de la Ordana<\/b> on es reuneix tota la gent per a gaudir d&#8217;un concert en directe.<\/p><p align=\"justify\">Es tracta d&#8217;una de les festes m\u00e9s populars no sols a Sant Joan d&#8217;Alacant sin\u00f3 en tota la prov\u00edncia d&#8217;Alacant. Aquesta festivitat es dona cita any rere any omplint de fantasia i alegria els carrers del nostre municipi amb m\u00fasica, activitats i moltes disfresses. Des de l&#8217;Ajuntament de Sant Joan d&#8217;Alacant tractem de potenciar, cuidar i desenvolupar dia a dia aquest ric patrimoni immaterial perqu\u00e8 futures generacions puguen continuar celebrant i gaudint aquesta festivitat.<\/p>\t\t\t\t\t\t\t\t<\/div>\n\t\t\t\t<\/div>\n\t\t\t\t<div class=\"elementor-element elementor-element-f815f7a elementor-widget elementor-widget-image\" data-id=\"f815f7a\" data-element_type=\"widget\" data-e-type=\"widget\" data-widget_type=\"image.default\">\n\t\t\t\t<div class=\"elementor-widget-container\">\n\t\t\t\t\t\t\t\t\t\t\t\t\t\t\t<img decoding=\"async\" width=\"800\" height=\"534\" src=\"https:\/\/turismosantjoan.es\/wp-content\/uploads\/2023\/08\/Mardi-Gras-011-1200x800-2-1024x683.jpg\" class=\"attachment-large size-large wp-image-4041\" alt=\"\" srcset=\"https:\/\/turismosantjoan.es\/wp-content\/uploads\/2023\/08\/Mardi-Gras-011-1200x800-2-1024x683.jpg 1024w, https:\/\/turismosantjoan.es\/wp-content\/uploads\/2023\/08\/Mardi-Gras-011-1200x800-2-300x200.jpg 300w, https:\/\/turismosantjoan.es\/wp-content\/uploads\/2023\/08\/Mardi-Gras-011-1200x800-2-768x512.jpg 768w, https:\/\/turismosantjoan.es\/wp-content\/uploads\/2023\/08\/Mardi-Gras-011-1200x800-2.jpg 1200w\" sizes=\"(max-width: 800px) 100vw, 800px\" \/>\t\t\t\t\t\t\t\t\t\t\t\t\t\t\t<\/div>\n\t\t\t\t<\/div>\n\t\t\t\t\t<\/div>\n\t\t<\/div>\n\t\t\t\t\t<\/div>\n\t\t<\/section>\n\t\t\t\t<section class=\"elementor-section elementor-top-section elementor-element elementor-element-19978ee5 elementor-section-boxed elementor-section-height-default elementor-section-height-default\" data-id=\"19978ee5\" data-element_type=\"section\" data-e-type=\"section\">\n\t\t\t\t\t\t<div class=\"elementor-container elementor-column-gap-default\">\n\t\t\t\t\t<div class=\"elementor-column elementor-col-100 elementor-top-column elementor-element elementor-element-343d0ad3\" data-id=\"343d0ad3\" data-element_type=\"column\" data-e-type=\"column\">\n\t\t\t<div class=\"elementor-widget-wrap elementor-element-populated\">\n\t\t\t\t\t\t<div class=\"elementor-element elementor-element-5d21fd84 elementor-widget elementor-widget-heading\" data-id=\"5d21fd84\" data-element_type=\"widget\" data-e-type=\"widget\" data-widget_type=\"heading.default\">\n\t\t\t\t<div class=\"elementor-widget-container\">\n\t\t\t\t\t<h2 class=\"elementor-heading-title elementor-size-default\">Sabies que\u2026?<\/h2>\t\t\t\t<\/div>\n\t\t\t\t<\/div>\n\t\t\t\t<div class=\"elementor-element elementor-element-4daef19e elementor-widget elementor-widget-text-editor\" data-id=\"4daef19e\" data-element_type=\"widget\" data-e-type=\"widget\" data-widget_type=\"text-editor.default\">\n\t\t\t\t<div class=\"elementor-widget-container\">\n\t\t\t\t\t\t\t\t\t<p align=\"justify\">Aquesta festivitat es documenta des de l&#8217;Edat mitjana i ha anat adaptant-se a les diferents \u00e8poques, r\u00e8gims i situacions socioecon\u00f2miques de cada regi\u00f3 des dels seus or\u00edgens fins a la celebraci\u00f3 en la seua forma actual. Suposa una suma de diferents festes paganes associades a les celebracions cristianes, en aquest cas la Quaresma, perqu\u00e8 t\u00e9 lloc immediatament abans de la quaresma cristiana pel que la data de la seua celebraci\u00f3 pot variar entre febrer i mar\u00e7.<\/p><p align=\"justify\">La festa del carnestoltes combina elements com a disfresses, desfilades i festes a l&#8217;aire lliure sent un per\u00edode en el qual es relaxen les normes i hi ha una major permissivitat i fins i tot un cert descontrol.<\/p><p align=\"justify\">A Espanya, \u00e9s una festivitat amb una rica personalitat que ha quedat recollida en la literatura espanyola i altres arts localitzades en els diferents municipis del territori nacional. Amb una hist\u00f2ria i plantejament m\u00e9s recents s\u00f3n coneguts amb rang internacional els models gaditans i de Tenerife els qui gaudeixen de la categoria de Festa d&#8217;Inter\u00e9s Tur\u00edstic Internacional. En quasi tots els models de festa carnavalesca espanyola, tenen especial tradici\u00f3 el Dijous Lardero, denominat <i><b>Dijous de Gras<\/b><\/i> en terres alacantines, i el Dimecres de Cendra (celebrat 46 dies abans de Pasqua de Resurrecci\u00f3).<\/p>\t\t\t\t\t\t\t\t<\/div>\n\t\t\t\t<\/div>\n\t\t\t\t\t<\/div>\n\t\t<\/div>\n\t\t\t\t\t<\/div>\n\t\t<\/section>\n\t\t\t\t<\/div>\n\t\t","protected":false},"excerpt":{"rendered":"<p>Carnestoltes A Sant Joan d&#8217;Alacant, en la Pla\u00e7a de la Ordana, se celebra el Dissabte Ramblero, coincidint amb el calendari nacional en l&#8217;Avinguda Jaume I, s&#8217;instal\u00b7len des de primera hora de la tard Jocs Infantils per a gaudi dels m\u00e9s xicotets, tamb\u00e9 s&#8217;amenitza la vetlada amb animaci\u00f3, grups musicals i balls, que encoratgen al p\u00fablic [&hellip;]<\/p>\n","protected":false},"author":1,"featured_media":0,"parent":0,"menu_order":0,"comment_status":"closed","ping_status":"closed","template":"","meta":{"footnotes":""},"class_list":["post-7225","page","type-page","status-publish","hentry"],"_links":{"self":[{"href":"https:\/\/turismosantjoan.es\/ca\/wp-json\/wp\/v2\/pages\/7225","targetHints":{"allow":["GET"]}}],"collection":[{"href":"https:\/\/turismosantjoan.es\/ca\/wp-json\/wp\/v2\/pages"}],"about":[{"href":"https:\/\/turismosantjoan.es\/ca\/wp-json\/wp\/v2\/types\/page"}],"author":[{"embeddable":true,"href":"https:\/\/turismosantjoan.es\/ca\/wp-json\/wp\/v2\/users\/1"}],"replies":[{"embeddable":true,"href":"https:\/\/turismosantjoan.es\/ca\/wp-json\/wp\/v2\/comments?post=7225"}],"version-history":[{"count":0,"href":"https:\/\/turismosantjoan.es\/ca\/wp-json\/wp\/v2\/pages\/7225\/revisions"}],"wp:attachment":[{"href":"https:\/\/turismosantjoan.es\/ca\/wp-json\/wp\/v2\/media?parent=7225"}],"curies":[{"name":"wp","href":"https:\/\/api.w.org\/{rel}","templated":true}]}}