{"id":7231,"date":"2023-07-25T07:55:03","date_gmt":"2023-07-25T07:55:03","guid":{"rendered":"https:\/\/turismo-sj.developersasapglobalsolution.com\/casa-mossen-saez\/"},"modified":"2023-09-15T11:50:53","modified_gmt":"2023-09-15T11:50:53","slug":"casa-mossen-saez","status":"publish","type":"page","link":"https:\/\/turismosantjoan.es\/ca\/casa-mossen-saez\/","title":{"rendered":"Casa Moss\u00e9n S\u00e1ez"},"content":{"rendered":"\t\t<div data-elementor-type=\"wp-page\" data-elementor-id=\"7231\" class=\"elementor elementor-7231 elementor-3272\" data-elementor-post-type=\"page\">\n\t\t\t\t\t\t<section class=\"elementor-section elementor-top-section elementor-element elementor-element-f53bb24 elementor-section-boxed elementor-section-height-default elementor-section-height-default\" data-id=\"f53bb24\" data-element_type=\"section\" data-e-type=\"section\" data-settings=\"{&quot;shape_divider_top&quot;:&quot;mountains&quot;,&quot;background_background&quot;:&quot;classic&quot;}\">\n\t\t\t\t\t<div class=\"elementor-shape elementor-shape-top\" aria-hidden=\"true\" data-negative=\"false\">\n\t\t\t<svg xmlns=\"http:\/\/www.w3.org\/2000\/svg\" viewBox=\"0 0 1000 100\" preserveAspectRatio=\"none\">\n\t<path class=\"elementor-shape-fill\" opacity=\"0.33\" d=\"M473,67.3c-203.9,88.3-263.1-34-320.3,0C66,119.1,0,59.7,0,59.7V0h1000v59.7 c0,0-62.1,26.1-94.9,29.3c-32.8,3.3-62.8-12.3-75.8-22.1C806,49.6,745.3,8.7,694.9,4.7S492.4,59,473,67.3z\"\/>\n\t<path class=\"elementor-shape-fill\" opacity=\"0.66\" d=\"M734,67.3c-45.5,0-77.2-23.2-129.1-39.1c-28.6-8.7-150.3-10.1-254,39.1 s-91.7-34.4-149.2,0C115.7,118.3,0,39.8,0,39.8V0h1000v36.5c0,0-28.2-18.5-92.1-18.5C810.2,18.1,775.7,67.3,734,67.3z\"\/>\n\t<path class=\"elementor-shape-fill\" d=\"M766.1,28.9c-200-57.5-266,65.5-395.1,19.5C242,1.8,242,5.4,184.8,20.6C128,35.8,132.3,44.9,89.9,52.5C28.6,63.7,0,0,0,0 h1000c0,0-9.9,40.9-83.6,48.1S829.6,47,766.1,28.9z\"\/>\n<\/svg>\t\t<\/div>\n\t\t\t\t\t<div class=\"elementor-container elementor-column-gap-no\">\n\t\t\t\t\t<div class=\"elementor-column elementor-col-100 elementor-top-column elementor-element elementor-element-4be0887\" data-id=\"4be0887\" data-element_type=\"column\" data-e-type=\"column\">\n\t\t\t<div class=\"elementor-widget-wrap elementor-element-populated\">\n\t\t\t\t\t\t<div class=\"elementor-element elementor-element-301f0c9 elementor-widget elementor-widget-heading\" data-id=\"301f0c9\" data-element_type=\"widget\" data-e-type=\"widget\" data-widget_type=\"heading.default\">\n\t\t\t\t<div class=\"elementor-widget-container\">\n\t\t\t\t\t<h1 class=\"elementor-heading-title elementor-size-xxl\">Casa Moss\u00e9n S\u00e1ez<\/h1>\t\t\t\t<\/div>\n\t\t\t\t<\/div>\n\t\t\t\t\t<\/div>\n\t\t<\/div>\n\t\t\t\t\t<\/div>\n\t\t<\/section>\n\t\t\t\t<section class=\"elementor-section elementor-top-section elementor-element elementor-element-cc92391 elementor-section-boxed elementor-section-height-default elementor-section-height-default\" data-id=\"cc92391\" data-element_type=\"section\" data-e-type=\"section\">\n\t\t\t\t\t\t<div class=\"elementor-container elementor-column-gap-default\">\n\t\t\t\t\t<div class=\"elementor-column elementor-col-100 elementor-top-column elementor-element elementor-element-40354d0\" data-id=\"40354d0\" data-element_type=\"column\" data-e-type=\"column\">\n\t\t\t<div class=\"elementor-widget-wrap elementor-element-populated\">\n\t\t\t\t\t\t<div class=\"elementor-element elementor-element-582aa0d elementor-widget elementor-widget-google_maps\" data-id=\"582aa0d\" data-element_type=\"widget\" data-e-type=\"widget\" data-widget_type=\"google_maps.default\">\n\t\t\t\t<div class=\"elementor-widget-container\">\n\t\t\t\t\t\t\t<div class=\"elementor-custom-embed\">\n\t\t\t<iframe loading=\"lazy\"\n\t\t\t\t\tsrc=\"https:\/\/maps.google.com\/maps?q=38.398204%2C%20-0.422892&#038;t=m&#038;z=10&#038;output=embed&#038;iwloc=near\"\n\t\t\t\t\ttitle=\"38.398204, -0.422892\"\n\t\t\t\t\taria-label=\"38.398204, -0.422892\"\n\t\t\t><\/iframe>\n\t\t<\/div>\n\t\t\t\t\t\t<\/div>\n\t\t\t\t<\/div>\n\t\t\t\t\t<\/div>\n\t\t<\/div>\n\t\t\t\t\t<\/div>\n\t\t<\/section>\n\t\t\t\t<section class=\"elementor-section elementor-top-section elementor-element elementor-element-aa1c81c elementor-section-boxed elementor-section-height-default elementor-section-height-default\" data-id=\"aa1c81c\" data-element_type=\"section\" data-e-type=\"section\">\n\t\t\t\t\t\t<div class=\"elementor-container elementor-column-gap-default\">\n\t\t\t\t\t<div class=\"elementor-column elementor-col-100 elementor-top-column elementor-element elementor-element-969f7a8\" data-id=\"969f7a8\" data-element_type=\"column\" data-e-type=\"column\">\n\t\t\t<div class=\"elementor-widget-wrap elementor-element-populated\">\n\t\t\t\t\t\t<div class=\"elementor-element elementor-element-e20b231 elementor-widget elementor-widget-text-editor\" data-id=\"e20b231\" data-element_type=\"widget\" data-e-type=\"widget\" data-widget_type=\"text-editor.default\">\n\t\t\t\t<div class=\"elementor-widget-container\">\n\t\t\t\t\t\t\t\t\t<div class=\"wpb_text_column wpb_content_element \"><div class=\"wpb_wrapper\"><p align=\"JUSTIFY\">El <a href=\"https:\/\/www.turismosantjoan.es\/?page_id=99994527\"><strong>Cam\u00ed Reial de la Vila Joiosa al seu pas per Sant Joan<\/strong><\/a> es denomina corriol de Benimagrell. Els corriols s\u00f3n vies pecu\u00e0ries declarades b\u00e9ns de domini p\u00fablic. S&#8217;utilitzen per pastors i ramaders per a despla\u00e7ar el bestiar, procurant la seua alimentaci\u00f3 i cura. <a href=\"http:\/\/rua.ua.es\/dspace\/handle\/10045\/66648\">La Casa Moss\u00e9n S\u00e1ez<\/a> est\u00e0 situada en un entorn m\u00edtic, entre la <a href=\"https:\/\/www.turismosantjoan.es\/?page_id=99995405\">finca Caputxo<\/a> i l&#8217;enclavament de Quatre Camins. Quatre camins \u00e9s la intersecci\u00f3 del corriol de Benimagrell i el cam\u00ed del Campet. El recorregut encara travessa camps cultivats, durant quasi un quil\u00f2metre podem arribar a oblidar la desolaci\u00f3 a la qual ha quedat redu\u00efda el Camp d\u2019Alacant. A m\u00e9s volten la senda nombrosos closos resolts amb solucions molt imaginatives, en fusta, pedra, ciments esquerdejats, matisats amb buganvillas que fa les del\u00edcies dels caminantes. El tr\u00e0nsit rodat no sol ser molt freq\u00fcent pel que el passeig, acompanyat del cant dels ocells, resulta una experi\u00e8ncia regeneradora.<\/p><p align=\"JUSTIFY\">Pel que fa a la <a href=\"https:\/\/dialnet.unirioja.es\/servlet\/autor?codigo=98946\">casa Moss\u00e9n S\u00e1ez<\/a>, l&#8217;edificaci\u00f3 \u00e9s de planta rectangular. S&#8217;accedeix des d&#8217;un vest\u00edbul ampli, dividit en dues crugies per un arc que separa l&#8217;habitatge del colon i el celler. Conserva la cuina tradicional amb una campana de grans dimensions i l&#8217;escala d&#8217;acc\u00e9s a la planta noble, on se situen els diferents dormitoris. Les fa\u00e7anes principals tenen tractaments molt diferenciats. Mentre l&#8217;al\u00e7at que dona al corriol a penes presenta buits, el front que dona al migdia s&#8217;obri amb diversos finestrals i un balc\u00f3 en la planta superior. Una important pineda matisa la llum que dona a aqueixa fa\u00e7ana.<\/p><p align=\"JUSTIFY\">El vest\u00edbul t\u00e9 elements constructius ressenyables, com el paviment format per cants de pedra de riu, la imposta de l&#8217;arc d&#8217;ordre tosc\u00e0, l&#8217;ampit de l&#8217;escala o un pou amb brocal. Altres depend\u00e8ncies a destacar s\u00f3n un magatzem i el celler, una nau de sostre pla on encara es conserva en el seu interior un cup, \u00e9s a dir, la bassa on es trepitjava el ra\u00efm, i l&#8217;assecador a l&#8217;exterior, de tipus quadrat pavimentat de rajoles cer\u00e0miques disposades en espiga.<\/p><p align=\"JUSTIFY\">L&#8217;antiguitat de la construcci\u00f3 i els seus atractius elements vinculats a l&#8217;imaginari enol\u00f2gic, el teixit agrari que encara ocupa una gran extensi\u00f3 de territori, juntament amb la bellesa del cam\u00ed, fan d&#8217;aquest tram del corriol de *Benimagrell un de les fites de major inter\u00e9s paisatg\u00edstic de Sant Joan d&#8217;Alacant.<\/p><\/div><\/div>\t\t\t\t\t\t\t\t<\/div>\n\t\t\t\t<\/div>\n\t\t\t\t\t<\/div>\n\t\t<\/div>\n\t\t\t\t\t<\/div>\n\t\t<\/section>\n\t\t\t\t<\/div>\n\t\t","protected":false},"excerpt":{"rendered":"<p>Casa Moss\u00e9n S\u00e1ez El Cam\u00ed Reial de la Vila Joiosa al seu pas per Sant Joan es denomina corriol de Benimagrell. Els corriols s\u00f3n vies pecu\u00e0ries declarades b\u00e9ns de domini p\u00fablic. S&#8217;utilitzen per pastors i ramaders per a despla\u00e7ar el bestiar, procurant la seua alimentaci\u00f3 i cura. La Casa Moss\u00e9n S\u00e1ez est\u00e0 situada en un [&hellip;]<\/p>\n","protected":false},"author":1,"featured_media":0,"parent":0,"menu_order":0,"comment_status":"closed","ping_status":"closed","template":"","meta":{"footnotes":""},"class_list":["post-7231","page","type-page","status-publish","hentry"],"_links":{"self":[{"href":"https:\/\/turismosantjoan.es\/ca\/wp-json\/wp\/v2\/pages\/7231","targetHints":{"allow":["GET"]}}],"collection":[{"href":"https:\/\/turismosantjoan.es\/ca\/wp-json\/wp\/v2\/pages"}],"about":[{"href":"https:\/\/turismosantjoan.es\/ca\/wp-json\/wp\/v2\/types\/page"}],"author":[{"embeddable":true,"href":"https:\/\/turismosantjoan.es\/ca\/wp-json\/wp\/v2\/users\/1"}],"replies":[{"embeddable":true,"href":"https:\/\/turismosantjoan.es\/ca\/wp-json\/wp\/v2\/comments?post=7231"}],"version-history":[{"count":0,"href":"https:\/\/turismosantjoan.es\/ca\/wp-json\/wp\/v2\/pages\/7231\/revisions"}],"wp:attachment":[{"href":"https:\/\/turismosantjoan.es\/ca\/wp-json\/wp\/v2\/media?parent=7231"}],"curies":[{"name":"wp","href":"https:\/\/api.w.org\/{rel}","templated":true}]}}