{"id":7233,"date":"2023-07-25T08:07:52","date_gmt":"2023-07-25T08:07:52","guid":{"rendered":"https:\/\/turismo-sj.developersasapglobalsolution.com\/casa-ravel\/"},"modified":"2023-09-15T11:56:45","modified_gmt":"2023-09-15T11:56:45","slug":"casa-ravel","status":"publish","type":"page","link":"https:\/\/turismosantjoan.es\/ca\/casa-ravel\/","title":{"rendered":"Casa Ravel"},"content":{"rendered":"\t\t<div data-elementor-type=\"wp-page\" data-elementor-id=\"7233\" class=\"elementor elementor-7233 elementor-3314\" data-elementor-post-type=\"page\">\n\t\t\t\t\t\t<section class=\"elementor-section elementor-top-section elementor-element elementor-element-5e3e0cc4 elementor-section-boxed elementor-section-height-default elementor-section-height-default\" data-id=\"5e3e0cc4\" data-element_type=\"section\" data-e-type=\"section\" data-settings=\"{&quot;shape_divider_top&quot;:&quot;mountains&quot;,&quot;background_background&quot;:&quot;classic&quot;}\">\n\t\t\t\t\t<div class=\"elementor-shape elementor-shape-top\" aria-hidden=\"true\" data-negative=\"false\">\n\t\t\t<svg xmlns=\"http:\/\/www.w3.org\/2000\/svg\" viewBox=\"0 0 1000 100\" preserveAspectRatio=\"none\">\n\t<path class=\"elementor-shape-fill\" opacity=\"0.33\" d=\"M473,67.3c-203.9,88.3-263.1-34-320.3,0C66,119.1,0,59.7,0,59.7V0h1000v59.7 c0,0-62.1,26.1-94.9,29.3c-32.8,3.3-62.8-12.3-75.8-22.1C806,49.6,745.3,8.7,694.9,4.7S492.4,59,473,67.3z\"\/>\n\t<path class=\"elementor-shape-fill\" opacity=\"0.66\" d=\"M734,67.3c-45.5,0-77.2-23.2-129.1-39.1c-28.6-8.7-150.3-10.1-254,39.1 s-91.7-34.4-149.2,0C115.7,118.3,0,39.8,0,39.8V0h1000v36.5c0,0-28.2-18.5-92.1-18.5C810.2,18.1,775.7,67.3,734,67.3z\"\/>\n\t<path class=\"elementor-shape-fill\" d=\"M766.1,28.9c-200-57.5-266,65.5-395.1,19.5C242,1.8,242,5.4,184.8,20.6C128,35.8,132.3,44.9,89.9,52.5C28.6,63.7,0,0,0,0 h1000c0,0-9.9,40.9-83.6,48.1S829.6,47,766.1,28.9z\"\/>\n<\/svg>\t\t<\/div>\n\t\t\t\t\t<div class=\"elementor-container elementor-column-gap-no\">\n\t\t\t\t\t<div class=\"elementor-column elementor-col-100 elementor-top-column elementor-element elementor-element-7797696a\" data-id=\"7797696a\" data-element_type=\"column\" data-e-type=\"column\">\n\t\t\t<div class=\"elementor-widget-wrap elementor-element-populated\">\n\t\t\t\t\t\t<div class=\"elementor-element elementor-element-6567c4aa elementor-widget elementor-widget-heading\" data-id=\"6567c4aa\" data-element_type=\"widget\" data-e-type=\"widget\" data-widget_type=\"heading.default\">\n\t\t\t\t<div class=\"elementor-widget-container\">\n\t\t\t\t\t<h1 class=\"elementor-heading-title elementor-size-xxl\">Casa Ravel<\/h1>\t\t\t\t<\/div>\n\t\t\t\t<\/div>\n\t\t\t\t\t<\/div>\n\t\t<\/div>\n\t\t\t\t\t<\/div>\n\t\t<\/section>\n\t\t\t\t<section class=\"elementor-section elementor-top-section elementor-element elementor-element-57a49187 elementor-section-boxed elementor-section-height-default elementor-section-height-default\" data-id=\"57a49187\" data-element_type=\"section\" data-e-type=\"section\">\n\t\t\t\t\t\t<div class=\"elementor-container elementor-column-gap-default\">\n\t\t\t\t\t<div class=\"elementor-column elementor-col-100 elementor-top-column elementor-element elementor-element-5f092a4f\" data-id=\"5f092a4f\" data-element_type=\"column\" data-e-type=\"column\">\n\t\t\t<div class=\"elementor-widget-wrap elementor-element-populated\">\n\t\t\t\t\t\t<div class=\"elementor-element elementor-element-47285270 elementor-widget elementor-widget-google_maps\" data-id=\"47285270\" data-element_type=\"widget\" data-e-type=\"widget\" data-widget_type=\"google_maps.default\">\n\t\t\t\t<div class=\"elementor-widget-container\">\n\t\t\t\t\t\t\t<div class=\"elementor-custom-embed\">\n\t\t\t<iframe loading=\"lazy\"\n\t\t\t\t\tsrc=\"https:\/\/maps.google.com\/maps?q=Av.%20de%20Alicante%2C%2021A%2C%2003550%20San%20Juan%20de%20Alicante%2C%20Alicante%2C%20Espa%C3%B1a&#038;t=m&#038;z=10&#038;output=embed&#038;iwloc=near\"\n\t\t\t\t\ttitle=\"Av. de Alicante, 21A, 03550 San Juan de Alicante, Alicante, Espa\u00f1a\"\n\t\t\t\t\taria-label=\"Av. de Alicante, 21A, 03550 San Juan de Alicante, Alicante, Espa\u00f1a\"\n\t\t\t><\/iframe>\n\t\t<\/div>\n\t\t\t\t\t\t<\/div>\n\t\t\t\t<\/div>\n\t\t\t\t\t<\/div>\n\t\t<\/div>\n\t\t\t\t\t<\/div>\n\t\t<\/section>\n\t\t\t\t<section class=\"elementor-section elementor-top-section elementor-element elementor-element-65669a90 elementor-section-boxed elementor-section-height-default elementor-section-height-default\" data-id=\"65669a90\" data-element_type=\"section\" data-e-type=\"section\">\n\t\t\t\t\t\t<div class=\"elementor-container elementor-column-gap-default\">\n\t\t\t\t\t<div class=\"elementor-column elementor-col-100 elementor-top-column elementor-element elementor-element-7d3c3acc\" data-id=\"7d3c3acc\" data-element_type=\"column\" data-e-type=\"column\">\n\t\t\t<div class=\"elementor-widget-wrap elementor-element-populated\">\n\t\t\t\t\t\t<div class=\"elementor-element elementor-element-afa0dde elementor-widget elementor-widget-text-editor\" data-id=\"afa0dde\" data-element_type=\"widget\" data-e-type=\"widget\" data-widget_type=\"text-editor.default\">\n\t\t\t\t<div class=\"elementor-widget-container\">\n\t\t\t\t\t\t\t\t\t<p align=\"JUSTIFY\">La <a href=\"http:\/\/rua.ua.es\/dspace\/handle\/10045\/66648\">finca Ravel<\/a> \u00e9s una construcci\u00f3 amb forma de \u201cL\u201d. En la planta baixa es troba el vest\u00edbul de dues crugies adossades que es comuniquen per mitj\u00e0 d&#8217;un buit vertical de llinda, situant-se en la primera les estades del colon i en la segona, la cuina. L&#8217;escala est\u00e0 en una caixa independent a aquests espais. El celler es troba en el semisoterrani, \u00e9s rectangular i est\u00e0 coberta amb volta can\u00f3.<\/p><p align=\"JUSTIFY\">En la planta superior est\u00e0 <a href=\"https:\/\/dialnet.unirioja.es\/servlet\/autor?codigo=98946\">l&#8217;habitatge<\/a> del propietari amb les depend\u00e8ncies agrupades i orientades a llevant. Que dona a la fa\u00e7ana nord es troba una terrassa. Finalment, un cos a la cantonada nord-est sobre\u00efx per damunt del pis superior, conseq\u00fc\u00e8ncia d&#8217;una ampliaci\u00f3 de les depend\u00e8ncies.<\/p><p align=\"JUSTIFY\">Com a elements ornamentals, destaca el paviment cer\u00e0mic amb les dues \u201cSS\u201d dibuixades sobre el material encara cru del vest\u00edbul. Els paviments hidr\u00e0ulics de la planta principal s\u00f3n fruit de les reformes dutes a terme a principis del segle XX.<\/p><p align=\"JUSTIFY\">Tant a nord com a sud existeixen importants jardins que li han valgut el reconeixement de jardins singulars per part del Ajuntament de Sant Joan, on destaquen entre altres els pins, palmeres, xiprers i buganvillas.<\/p><p align=\"JUSTIFY\"><strong>Sabies que\u2026?<\/strong><\/p><p align=\"JUSTIFY\">En aquesta \u00e8poca va ser propietari <a href=\"http:\/\/rua.ua.es\/dspace\/handle\/10045\/3528\"><strong>Sr. Federico Leach Laussat<\/strong><\/a> d&#8217;origen suec per part de mare i avi, el c\u00f2nsol de Su\u00e8cia a Alacant <strong>D. Federico Cristierning<\/strong>. Sr. Federico Leach va ser <strong>accionista del Canal de l&#8217;Horta<\/strong>, va casar en primeres amb <strong>Sra. Mar\u00eda Aus\u00f3 Llopis<\/strong>. En segones n\u00fapcies va casar amb la seua cunyada<strong> Sra. Concepci\u00f3n Aus\u00f3 Llopis<\/strong>. Per contra, el seu pare <strong>Sr. Francisco Javier Laussat Claver\u00eda, va ser Vice-Consul de Fran\u00e7a a Alacant<\/strong> en 1832. Actualment, l&#8217;habitatge continua pertanyent a una branca d&#8217;aquesta fam\u00edlia.<\/p>\t\t\t\t\t\t\t\t<\/div>\n\t\t\t\t<\/div>\n\t\t\t\t\t<\/div>\n\t\t<\/div>\n\t\t\t\t\t<\/div>\n\t\t<\/section>\n\t\t\t\t<\/div>\n\t\t","protected":false},"excerpt":{"rendered":"<p>Casa Ravel La finca Ravel \u00e9s una construcci\u00f3 amb forma de \u201cL\u201d. En la planta baixa es troba el vest\u00edbul de dues crugies adossades que es comuniquen per mitj\u00e0 d&#8217;un buit vertical de llinda, situant-se en la primera les estades del colon i en la segona, la cuina. L&#8217;escala est\u00e0 en una caixa independent a [&hellip;]<\/p>\n","protected":false},"author":1,"featured_media":0,"parent":0,"menu_order":0,"comment_status":"closed","ping_status":"closed","template":"","meta":{"footnotes":""},"class_list":["post-7233","page","type-page","status-publish","hentry"],"_links":{"self":[{"href":"https:\/\/turismosantjoan.es\/ca\/wp-json\/wp\/v2\/pages\/7233","targetHints":{"allow":["GET"]}}],"collection":[{"href":"https:\/\/turismosantjoan.es\/ca\/wp-json\/wp\/v2\/pages"}],"about":[{"href":"https:\/\/turismosantjoan.es\/ca\/wp-json\/wp\/v2\/types\/page"}],"author":[{"embeddable":true,"href":"https:\/\/turismosantjoan.es\/ca\/wp-json\/wp\/v2\/users\/1"}],"replies":[{"embeddable":true,"href":"https:\/\/turismosantjoan.es\/ca\/wp-json\/wp\/v2\/comments?post=7233"}],"version-history":[{"count":0,"href":"https:\/\/turismosantjoan.es\/ca\/wp-json\/wp\/v2\/pages\/7233\/revisions"}],"wp:attachment":[{"href":"https:\/\/turismosantjoan.es\/ca\/wp-json\/wp\/v2\/media?parent=7233"}],"curies":[{"name":"wp","href":"https:\/\/api.w.org\/{rel}","templated":true}]}}