{"id":7237,"date":"2023-07-25T11:54:06","date_gmt":"2023-07-25T11:54:06","guid":{"rendered":"https:\/\/turismo-sj.developersasapglobalsolution.com\/cementeri-de-sant-joan\/"},"modified":"2023-09-15T12:14:15","modified_gmt":"2023-09-15T12:14:15","slug":"cementeri-de-sant-joan","status":"publish","type":"page","link":"https:\/\/turismosantjoan.es\/ca\/cementeri-de-sant-joan\/","title":{"rendered":"Cementeri de Sant Joan"},"content":{"rendered":"\t\t<div data-elementor-type=\"wp-page\" data-elementor-id=\"7237\" class=\"elementor elementor-7237 elementor-3894\" data-elementor-post-type=\"page\">\n\t\t\t\t\t\t<section class=\"elementor-section elementor-top-section elementor-element elementor-element-354945cc elementor-section-boxed elementor-section-height-default elementor-section-height-default\" data-id=\"354945cc\" data-element_type=\"section\" data-e-type=\"section\" data-settings=\"{&quot;shape_divider_top&quot;:&quot;mountains&quot;,&quot;background_background&quot;:&quot;classic&quot;}\">\n\t\t\t\t\t<div class=\"elementor-shape elementor-shape-top\" aria-hidden=\"true\" data-negative=\"false\">\n\t\t\t<svg xmlns=\"http:\/\/www.w3.org\/2000\/svg\" viewBox=\"0 0 1000 100\" preserveAspectRatio=\"none\">\n\t<path class=\"elementor-shape-fill\" opacity=\"0.33\" d=\"M473,67.3c-203.9,88.3-263.1-34-320.3,0C66,119.1,0,59.7,0,59.7V0h1000v59.7 c0,0-62.1,26.1-94.9,29.3c-32.8,3.3-62.8-12.3-75.8-22.1C806,49.6,745.3,8.7,694.9,4.7S492.4,59,473,67.3z\"\/>\n\t<path class=\"elementor-shape-fill\" opacity=\"0.66\" d=\"M734,67.3c-45.5,0-77.2-23.2-129.1-39.1c-28.6-8.7-150.3-10.1-254,39.1 s-91.7-34.4-149.2,0C115.7,118.3,0,39.8,0,39.8V0h1000v36.5c0,0-28.2-18.5-92.1-18.5C810.2,18.1,775.7,67.3,734,67.3z\"\/>\n\t<path class=\"elementor-shape-fill\" d=\"M766.1,28.9c-200-57.5-266,65.5-395.1,19.5C242,1.8,242,5.4,184.8,20.6C128,35.8,132.3,44.9,89.9,52.5C28.6,63.7,0,0,0,0 h1000c0,0-9.9,40.9-83.6,48.1S829.6,47,766.1,28.9z\"\/>\n<\/svg>\t\t<\/div>\n\t\t\t\t\t<div class=\"elementor-container elementor-column-gap-no\">\n\t\t\t\t\t<div class=\"elementor-column elementor-col-100 elementor-top-column elementor-element elementor-element-42c547f1\" data-id=\"42c547f1\" data-element_type=\"column\" data-e-type=\"column\">\n\t\t\t<div class=\"elementor-widget-wrap elementor-element-populated\">\n\t\t\t\t\t\t<div class=\"elementor-element elementor-element-7fb27c39 elementor-widget elementor-widget-heading\" data-id=\"7fb27c39\" data-element_type=\"widget\" data-e-type=\"widget\" data-widget_type=\"heading.default\">\n\t\t\t\t<div class=\"elementor-widget-container\">\n\t\t\t\t\t<h1 class=\"elementor-heading-title elementor-size-xxl\">Cementeri de Sant Joan<\/h1>\t\t\t\t<\/div>\n\t\t\t\t<\/div>\n\t\t\t\t\t<\/div>\n\t\t<\/div>\n\t\t\t\t\t<\/div>\n\t\t<\/section>\n\t\t\t\t<section class=\"elementor-section elementor-top-section elementor-element elementor-element-1611e26c elementor-section-boxed elementor-section-height-default elementor-section-height-default\" data-id=\"1611e26c\" data-element_type=\"section\" data-e-type=\"section\">\n\t\t\t\t\t\t<div class=\"elementor-container elementor-column-gap-default\">\n\t\t\t\t\t<div class=\"elementor-column elementor-col-100 elementor-top-column elementor-element elementor-element-3183867d\" data-id=\"3183867d\" data-element_type=\"column\" data-e-type=\"column\">\n\t\t\t<div class=\"elementor-widget-wrap elementor-element-populated\">\n\t\t\t\t\t\t<div class=\"elementor-element elementor-element-6be1336 elementor-widget elementor-widget-google_maps\" data-id=\"6be1336\" data-element_type=\"widget\" data-e-type=\"widget\" data-widget_type=\"google_maps.default\">\n\t\t\t\t<div class=\"elementor-widget-container\">\n\t\t\t\t\t\t\t<div class=\"elementor-custom-embed\">\n\t\t\t<iframe loading=\"lazy\"\n\t\t\t\t\tsrc=\"https:\/\/maps.google.com\/maps?q=Avinguda%20Tangel%2C%20s%2Fn%2C%2003550%20Sant%20Joan%20d%27Alacant%2C%20Alicante%2C%20Espa%C3%B1a&#038;t=m&#038;z=15&#038;output=embed&#038;iwloc=near\"\n\t\t\t\t\ttitle=\"Avinguda Tangel, s\/n, 03550 Sant Joan d&#039;Alacant, Alicante, Espa\u00f1a\"\n\t\t\t\t\taria-label=\"Avinguda Tangel, s\/n, 03550 Sant Joan d&#039;Alacant, Alicante, Espa\u00f1a\"\n\t\t\t><\/iframe>\n\t\t<\/div>\n\t\t\t\t\t\t<\/div>\n\t\t\t\t<\/div>\n\t\t\t\t\t<\/div>\n\t\t<\/div>\n\t\t\t\t\t<\/div>\n\t\t<\/section>\n\t\t\t\t<section class=\"elementor-section elementor-top-section elementor-element elementor-element-5f8b1dd3 elementor-section-boxed elementor-section-height-default elementor-section-height-default\" data-id=\"5f8b1dd3\" data-element_type=\"section\" data-e-type=\"section\">\n\t\t\t\t\t\t<div class=\"elementor-container elementor-column-gap-default\">\n\t\t\t\t\t<div class=\"elementor-column elementor-col-100 elementor-top-column elementor-element elementor-element-680ea88f\" data-id=\"680ea88f\" data-element_type=\"column\" data-e-type=\"column\">\n\t\t\t<div class=\"elementor-widget-wrap elementor-element-populated\">\n\t\t\t\t\t\t<div class=\"elementor-element elementor-element-4fc3fd62 elementor-widget elementor-widget-text-editor\" data-id=\"4fc3fd62\" data-element_type=\"widget\" data-e-type=\"widget\" data-widget_type=\"text-editor.default\">\n\t\t\t\t<div class=\"elementor-widget-container\">\n\t\t\t\t\t\t\t\t\t<p align=\"JUSTIFY\">El ritual funerari actual \u00e9s molt simplificat, per\u00f2 fins no fa molt temps era molt tradicional amb arrels molt antigues. Segons la posici\u00f3 econ\u00f2mica del difunt la celebraci\u00f3 seria diferent, reflectint-se especialment en el festeig f\u00fanebre presidit per una art\u00edstica carrossa decorada amb velluts amb serrells i bordons daurats i tirada per cavalls empenachados i engualdrapados en la qual es depositava el f\u00e8retre. Existia una dita popular que deia: \u2018quant m\u00e9s rics, m\u00e9s animals\u2019, que resumia amb un to sat\u00edric la diferenciaci\u00f3 social dels morts segons el nombre de cavalls que tiraven de la carrossa f\u00fanebre. Aquella desfilada l&#8217;obria la creu i darrere d&#8217;ell participaven el clergat i el poble, efectuant-se tres parades en el recorregut. Tamb\u00e9 podien fins i tot participar lacais amb espases i lliurees sobre els seus muscles escortant la carrossa.<\/p><p align=\"JUSTIFY\">No obstant aix\u00f2, en la majoria dels casos els enterraments eren de gent humil i per tant molt senzilla. Quan moria alg\u00fa es preparava en una estada de la casa la vetla amb el \u2018cos present\u2019 mentre les campanes comen\u00e7aven a anunciar al poble el dec\u00e9s. El mort era vetlat nit i dia a la casa a la qual assistien familiars, amics i curiosos, fins al moment del seu trasllat a l&#8217;esgl\u00e9sia per al funeral, quan acudien els sacerdots que iniciaven el respons. Des d&#8217;all\u00ed marxaven els homes cap a l&#8217;esgl\u00e9sia portant el f\u00e8retre, mentre que les dones romanien a la casa iniciant-se els resos que podien durar diversos dies. Despr\u00e9s de la cerim\u00f2nia f\u00fanebre, es tornava a organitzar el festeig des de <a href=\"https:\/\/www.turismosantjoan.es\/?page_id=99992944\">l&#8217;esgl\u00e9sia<\/a> <a href=\"https:\/\/www.turismosantjoan.es\/?page_id=99995417\">fins a la finca La Concepci\u00f3<\/a>, on es desfeia la comitiva i els assistents acomiadaven als familiars del difunt amb el condol. Des d&#8217;all\u00ed, els qui ho desitjaven continuaven fins al cementeri on el difunt era inhumat.<\/p><div id=\"gallery-1\" class=\"gallery galleryid-99995981 gallery-columns-2 gallery-size-full\"> <\/div>\t\t\t\t\t\t\t\t<\/div>\n\t\t\t\t<\/div>\n\t\t\t\t<section class=\"elementor-section elementor-inner-section elementor-element elementor-element-41a8e2a elementor-section-boxed elementor-section-height-default elementor-section-height-default\" data-id=\"41a8e2a\" data-element_type=\"section\" data-e-type=\"section\">\n\t\t\t\t\t\t<div class=\"elementor-container elementor-column-gap-default\">\n\t\t\t\t\t<div class=\"elementor-column elementor-col-50 elementor-inner-column elementor-element elementor-element-a924888\" data-id=\"a924888\" data-element_type=\"column\" data-e-type=\"column\">\n\t\t\t<div class=\"elementor-widget-wrap elementor-element-populated\">\n\t\t\t\t\t\t<div class=\"elementor-element elementor-element-72cdd79 elementor-widget elementor-widget-image\" data-id=\"72cdd79\" data-element_type=\"widget\" data-e-type=\"widget\" data-widget_type=\"image.default\">\n\t\t\t\t<div class=\"elementor-widget-container\">\n\t\t\t\t\t\t\t\t\t\t\t\t\t\t\t<img fetchpriority=\"high\" decoding=\"async\" width=\"768\" height=\"1024\" src=\"https:\/\/turismosantjoan.es\/wp-content\/uploads\/2023\/07\/cementerio-1-768x1024.gif\" class=\"attachment-large size-large wp-image-3897\" alt=\"\" srcset=\"https:\/\/turismosantjoan.es\/wp-content\/uploads\/2023\/07\/cementerio-1-768x1024.gif 768w, https:\/\/turismosantjoan.es\/wp-content\/uploads\/2023\/07\/cementerio-1-225x300.gif 225w, https:\/\/turismosantjoan.es\/wp-content\/uploads\/2023\/07\/cementerio-1-1152x1536.gif 1152w, https:\/\/turismosantjoan.es\/wp-content\/uploads\/2023\/07\/cementerio-1-1536x2048.gif 1536w\" sizes=\"(max-width: 768px) 100vw, 768px\" \/>\t\t\t\t\t\t\t\t\t\t\t\t\t\t\t<\/div>\n\t\t\t\t<\/div>\n\t\t\t\t<div class=\"elementor-element elementor-element-5665ce1 elementor-widget elementor-widget-text-editor\" data-id=\"5665ce1\" data-element_type=\"widget\" data-e-type=\"widget\" data-widget_type=\"text-editor.default\">\n\t\t\t\t<div class=\"elementor-widget-container\">\n\t\t\t\t\t\t\t\t\t<p>Corones mortu\u00f2ries a l&#8217;interior pante\u00f3 del segle XIX. Cementeri Sant Joan d&#8217;Alacant<\/p>\t\t\t\t\t\t\t\t<\/div>\n\t\t\t\t<\/div>\n\t\t\t\t\t<\/div>\n\t\t<\/div>\n\t\t\t\t<div class=\"elementor-column elementor-col-50 elementor-inner-column elementor-element elementor-element-af231a1\" data-id=\"af231a1\" data-element_type=\"column\" data-e-type=\"column\">\n\t\t\t<div class=\"elementor-widget-wrap elementor-element-populated\">\n\t\t\t\t\t\t<div class=\"elementor-element elementor-element-33183e2 elementor-widget elementor-widget-image\" data-id=\"33183e2\" data-element_type=\"widget\" data-e-type=\"widget\" data-widget_type=\"image.default\">\n\t\t\t\t<div class=\"elementor-widget-container\">\n\t\t\t\t\t\t\t\t\t\t\t\t\t\t\t<img decoding=\"async\" width=\"768\" height=\"1024\" src=\"https:\/\/turismosantjoan.es\/wp-content\/uploads\/2023\/07\/cementerio-2-768x1024.gif\" class=\"attachment-large size-large wp-image-3900\" alt=\"\" srcset=\"https:\/\/turismosantjoan.es\/wp-content\/uploads\/2023\/07\/cementerio-2-768x1024.gif 768w, https:\/\/turismosantjoan.es\/wp-content\/uploads\/2023\/07\/cementerio-2-225x300.gif 225w, https:\/\/turismosantjoan.es\/wp-content\/uploads\/2023\/07\/cementerio-2-1152x1536.gif 1152w, https:\/\/turismosantjoan.es\/wp-content\/uploads\/2023\/07\/cementerio-2-1536x2048.gif 1536w\" sizes=\"(max-width: 768px) 100vw, 768px\" \/>\t\t\t\t\t\t\t\t\t\t\t\t\t\t\t<\/div>\n\t\t\t\t<\/div>\n\t\t\t\t<div class=\"elementor-element elementor-element-9992a83 elementor-widget elementor-widget-text-editor\" data-id=\"9992a83\" data-element_type=\"widget\" data-e-type=\"widget\" data-widget_type=\"text-editor.default\">\n\t\t\t\t<div class=\"elementor-widget-container\">\n\t\t\t\t\t\t\t\t\t<p>Corona mortu\u00f2ria a l&#8217;interior de pante\u00f3 del segle XIX. Cementeri Sant Joan d&#8217;Alacant<\/p>\t\t\t\t\t\t\t\t<\/div>\n\t\t\t\t<\/div>\n\t\t\t\t\t<\/div>\n\t\t<\/div>\n\t\t\t\t\t<\/div>\n\t\t<\/section>\n\t\t\t\t<div class=\"elementor-element elementor-element-2faf21a elementor-widget elementor-widget-text-editor\" data-id=\"2faf21a\" data-element_type=\"widget\" data-e-type=\"widget\" data-widget_type=\"text-editor.default\">\n\t\t\t\t<div class=\"elementor-widget-container\">\n\t\t\t\t\t\t\t\t\t<p align=\"JUSTIFY\">Cas curi\u00f3s representa la lit\u00fargia dels \u2018mortitxolets\u2019, \u2018albaets\u2019 o xiquets morts. Era una celebraci\u00f3 trista que no obstant aix\u00f2, revestia d&#8217;un ritual festiu en tractar de simbolitzar-se la mort dels xicotets en puresa i innoc\u00e8ncia i el seu pas directe al cel, suposat motiu d&#8217;alegria. En el segle XIX especialment, i part del XX es va generalitzar aquest tipus de celebracions que inclo\u00efen danses i banquets entorn del ciri i enterrament dels xiquets, i el funeral a l&#8217;esgl\u00e9sia seguia una lit\u00fargia de goig en acci\u00f3 de gr\u00e0cies. Quan el festeig f\u00fanebre arribava a l&#8217;eixida del poble camine del cementeri, la f\u00f3rmula t\u00edpica a Sant Joan d&#8217;Alacant per a donar el condol era: \u2018Siga enhorabona\u2019, a manera de felicitaci\u00f3 per l&#8217;ascens de l&#8217;\u00e0nima del xiquet o xiqueta al cel, encara que puga sonar a broma i sarcasme.<\/p>\t\t\t\t\t\t\t\t<\/div>\n\t\t\t\t<\/div>\n\t\t\t\t<div class=\"elementor-element elementor-element-86c84d4 elementor-widget elementor-widget-text-editor\" data-id=\"86c84d4\" data-element_type=\"widget\" data-e-type=\"widget\" data-widget_type=\"text-editor.default\">\n\t\t\t\t<div class=\"elementor-widget-container\">\n\t\t\t\t\t\t\t\t\t<p><strong>Sabies qu\u00e8\u2026?<\/strong><\/p>\t\t\t\t\t\t\t\t<\/div>\n\t\t\t\t<\/div>\n\t\t\t\t<div class=\"elementor-element elementor-element-a66b0a7 elementor-widget elementor-widget-text-editor\" data-id=\"a66b0a7\" data-element_type=\"widget\" data-e-type=\"widget\" data-widget_type=\"text-editor.default\">\n\t\t\t\t<div class=\"elementor-widget-container\">\n\t\t\t\t\t\t\t\t\t<p align=\"JUSTIFY\">A Sant Joan d&#8217;Alacant coincidint amb la festa de <a href=\"https:\/\/www.turismosantjoan.es\/?page_id=99995823\">Tots Santosy<\/a> fidels difunts es va celebrar fins als anys seixanta el \u2018<strong>Quixalet<\/strong>\u2019. Consistia en un esmorzar per als escolans i campaners per a reposar forces del llarg treball que suposava romandre durant hores en el campanar i tocar els nombrosos tocs de difunts i \u00e0nimes que se succe\u00efen aqueixos dies. Com a mostra, el <a href=\"https:\/\/www.turismosantjoan.es\/?page_id=99995823\">dia 1 de novembre<\/a> els tocs transcorrien des de les cinc de la vesprada fins a \u00faltimes hores del dia, i el dia 2, dedicat a les \u00c0nimes, des de les quatre del mat\u00ed, quan comen\u00e7aven les misses. Els aliments o els diners amb el qual s&#8217;adquiria el menjar d&#8217;aquesta \u00e0gape procedien de la donaci\u00f3 dels ve\u00efns. A aquest efecte, uns dies abans del \u2019Quixalet\u2019, els escolans recorrien els carrers i finques del poble revestits amb sotana i *roquete portant cabassos i una campana que feien sonar en arribar per a avisar als habitants de la casa que anaven a recol\u00b7lectar per al \u2018Quixalet\u2019. El resultat final era una espl\u00e8ndida i suculent sopar en \u2018el quart *vell\u2019 de l&#8217;esgl\u00e9sia el dia 1, al qual seguia un esmorzar similar l&#8217;endem\u00e0, refrigeris en els quals mai faltaven xulles, llonganisses, botifarres i tomaca fregida regada amb un bon vi, als quals succe\u00efen les postres amb fruites i codonys. En teoria les donacions dels ve\u00efns eren una esp\u00e8cie de pagament als campaners i ajudants pel seu servei en fer sonar les campanes i aix\u00ed recordar als difunts i recordar a tots l&#8217;obligaci\u00f3 de resar i anar a missa aquests dies.<\/p>\t\t\t\t\t\t\t\t<\/div>\n\t\t\t\t<\/div>\n\t\t\t\t<section class=\"elementor-section elementor-inner-section elementor-element elementor-element-417627a elementor-section-boxed elementor-section-height-default elementor-section-height-default\" data-id=\"417627a\" data-element_type=\"section\" data-e-type=\"section\">\n\t\t\t\t\t\t<div class=\"elementor-container elementor-column-gap-default\">\n\t\t\t\t\t<div class=\"elementor-column elementor-col-50 elementor-inner-column elementor-element elementor-element-14cb27b\" data-id=\"14cb27b\" data-element_type=\"column\" data-e-type=\"column\">\n\t\t\t<div class=\"elementor-widget-wrap elementor-element-populated\">\n\t\t\t\t\t\t<div class=\"elementor-element elementor-element-a459d9a elementor-widget elementor-widget-image\" data-id=\"a459d9a\" data-element_type=\"widget\" data-e-type=\"widget\" data-widget_type=\"image.default\">\n\t\t\t\t<div class=\"elementor-widget-container\">\n\t\t\t\t\t\t\t\t\t\t\t\t\t\t\t<img decoding=\"async\" width=\"800\" height=\"534\" src=\"https:\/\/turismosantjoan.es\/wp-content\/uploads\/2023\/07\/cementerio-3-1024x683.gif\" class=\"attachment-large size-large wp-image-3903\" alt=\"\" srcset=\"https:\/\/turismosantjoan.es\/wp-content\/uploads\/2023\/07\/cementerio-3-1024x683.gif 1024w, https:\/\/turismosantjoan.es\/wp-content\/uploads\/2023\/07\/cementerio-3-300x200.gif 300w, https:\/\/turismosantjoan.es\/wp-content\/uploads\/2023\/07\/cementerio-3-768x512.gif 768w\" sizes=\"(max-width: 800px) 100vw, 800px\" \/>\t\t\t\t\t\t\t\t\t\t\t\t\t\t\t<\/div>\n\t\t\t\t<\/div>\n\t\t\t\t<div class=\"elementor-element elementor-element-35b6a5a elementor-widget elementor-widget-text-editor\" data-id=\"35b6a5a\" data-element_type=\"widget\" data-e-type=\"widget\" data-widget_type=\"text-editor.default\">\n\t\t\t\t<div class=\"elementor-widget-container\">\n\t\t\t\t\t\t\t\t\t<p>Porta de pante\u00f3 n\u00fam. 27. Cementeri de Sant Joan d&#8217;Alacant<\/p>\t\t\t\t\t\t\t\t<\/div>\n\t\t\t\t<\/div>\n\t\t\t\t\t<\/div>\n\t\t<\/div>\n\t\t\t\t<div class=\"elementor-column elementor-col-50 elementor-inner-column elementor-element elementor-element-da0873a\" data-id=\"da0873a\" data-element_type=\"column\" data-e-type=\"column\">\n\t\t\t<div class=\"elementor-widget-wrap elementor-element-populated\">\n\t\t\t\t\t\t<div class=\"elementor-element elementor-element-6a8a716 elementor-widget elementor-widget-image\" data-id=\"6a8a716\" data-element_type=\"widget\" data-e-type=\"widget\" data-widget_type=\"image.default\">\n\t\t\t\t<div class=\"elementor-widget-container\">\n\t\t\t\t\t\t\t\t\t\t\t\t\t\t\t<img loading=\"lazy\" decoding=\"async\" width=\"800\" height=\"534\" src=\"https:\/\/turismosantjoan.es\/wp-content\/uploads\/2023\/07\/cementerio-4-1024x683.gif\" class=\"attachment-large size-large wp-image-3906\" alt=\"\" srcset=\"https:\/\/turismosantjoan.es\/wp-content\/uploads\/2023\/07\/cementerio-4-1024x683.gif 1024w, https:\/\/turismosantjoan.es\/wp-content\/uploads\/2023\/07\/cementerio-4-300x200.gif 300w, https:\/\/turismosantjoan.es\/wp-content\/uploads\/2023\/07\/cementerio-4-768x512.gif 768w\" sizes=\"(max-width: 800px) 100vw, 800px\" \/>\t\t\t\t\t\t\t\t\t\t\t\t\t\t\t<\/div>\n\t\t\t\t<\/div>\n\t\t\t\t<div class=\"elementor-element elementor-element-3332ffd elementor-widget elementor-widget-text-editor\" data-id=\"3332ffd\" data-element_type=\"widget\" data-e-type=\"widget\" data-widget_type=\"text-editor.default\">\n\t\t\t\t<div class=\"elementor-widget-container\">\n\t\t\t\t\t\t\t\t\t<p>Porta de pante\u00f3 n\u00fam. 29. Cementeri de Sant Joan d&#8217;Alacant<\/p>\t\t\t\t\t\t\t\t<\/div>\n\t\t\t\t<\/div>\n\t\t\t\t\t<\/div>\n\t\t<\/div>\n\t\t\t\t\t<\/div>\n\t\t<\/section>\n\t\t\t\t<div class=\"elementor-element elementor-element-f5b9af5 elementor-widget elementor-widget-text-editor\" data-id=\"f5b9af5\" data-element_type=\"widget\" data-e-type=\"widget\" data-widget_type=\"text-editor.default\">\n\t\t\t\t<div class=\"elementor-widget-container\">\n\t\t\t\t\t\t\t\t\t<p align=\"JUSTIFY\">A l&#8217;esgl\u00e9sia se celebrava la lit\u00fargia pr\u00f2pia dels difunts amb la Novena d&#8217;\u00c0nimes. En l&#8217;altar major de la parr\u00f2quia es col\u00b7locava un t\u00famul funerari de quatre pisos amb teles negres en les quals apareixien brodats al\u00b7lusius a la mort amb calaveres i esquelets amb dalles, rellotges d&#8217;arena o frases mortu\u00f2ries. Aquella macabra baluerna que superava els 7 metres d&#8217;altura estava a m\u00e9s il\u00b7luminat amb torxes, ja que el temple romania en penombra, mentre s&#8217;entonaven cants f\u00fanebres i les campanes ta\u00f1\u00edan els tocs de difunts. Rematava el t\u00famul una gran creu blanca. Era un recurs perfecte per a atemorir a qualsevol, al que cal unir les malifetes dels bromistes, xiquets especialment, que s&#8217;amagaven sota les teles i feien sons d&#8217;ultratomba o movien els esquelets. En l&#8217;actualitat, aquests rituals han desaparegut de la celebraci\u00f3.<\/p>\t\t\t\t\t\t\t\t<\/div>\n\t\t\t\t<\/div>\n\t\t\t\t\t<\/div>\n\t\t<\/div>\n\t\t\t\t\t<\/div>\n\t\t<\/section>\n\t\t\t\t<\/div>\n\t\t","protected":false},"excerpt":{"rendered":"<p>Cementeri de Sant Joan El ritual funerari actual \u00e9s molt simplificat, per\u00f2 fins no fa molt temps era molt tradicional amb arrels molt antigues. Segons la posici\u00f3 econ\u00f2mica del difunt la celebraci\u00f3 seria diferent, reflectint-se especialment en el festeig f\u00fanebre presidit per una art\u00edstica carrossa decorada amb velluts amb serrells i bordons daurats i tirada [&hellip;]<\/p>\n","protected":false},"author":1,"featured_media":0,"parent":0,"menu_order":0,"comment_status":"closed","ping_status":"closed","template":"","meta":{"footnotes":""},"class_list":["post-7237","page","type-page","status-publish","hentry"],"_links":{"self":[{"href":"https:\/\/turismosantjoan.es\/ca\/wp-json\/wp\/v2\/pages\/7237","targetHints":{"allow":["GET"]}}],"collection":[{"href":"https:\/\/turismosantjoan.es\/ca\/wp-json\/wp\/v2\/pages"}],"about":[{"href":"https:\/\/turismosantjoan.es\/ca\/wp-json\/wp\/v2\/types\/page"}],"author":[{"embeddable":true,"href":"https:\/\/turismosantjoan.es\/ca\/wp-json\/wp\/v2\/users\/1"}],"replies":[{"embeddable":true,"href":"https:\/\/turismosantjoan.es\/ca\/wp-json\/wp\/v2\/comments?post=7237"}],"version-history":[{"count":0,"href":"https:\/\/turismosantjoan.es\/ca\/wp-json\/wp\/v2\/pages\/7237\/revisions"}],"wp:attachment":[{"href":"https:\/\/turismosantjoan.es\/ca\/wp-json\/wp\/v2\/media?parent=7237"}],"curies":[{"name":"wp","href":"https:\/\/api.w.org\/{rel}","templated":true}]}}