{"id":7243,"date":"2023-08-07T08:28:52","date_gmt":"2023-08-07T08:28:52","guid":{"rendered":"https:\/\/turismo-sj.developersasapglobalsolution.com\/cuina-tradicional\/"},"modified":"2024-01-23T09:31:05","modified_gmt":"2024-01-23T09:31:05","slug":"cuina-tradicional","status":"publish","type":"page","link":"https:\/\/turismosantjoan.es\/ca\/cuina-tradicional\/","title":{"rendered":"Cuina tradicional"},"content":{"rendered":"\t\t<div data-elementor-type=\"wp-page\" data-elementor-id=\"7243\" class=\"elementor elementor-7243 elementor-4357\" data-elementor-post-type=\"page\">\n\t\t\t\t\t\t<section class=\"elementor-section elementor-top-section elementor-element elementor-element-b28e584 elementor-section-content-middle elementor-section-boxed elementor-section-height-default elementor-section-height-default\" data-id=\"b28e584\" data-element_type=\"section\" data-e-type=\"section\" data-settings=\"{&quot;background_background&quot;:&quot;classic&quot;,&quot;shape_divider_bottom&quot;:&quot;mountains&quot;,&quot;shape_divider_top&quot;:&quot;mountains&quot;}\">\n\t\t\t\t\t\t\t<div class=\"elementor-background-overlay\"><\/div>\n\t\t\t\t\t\t<div class=\"elementor-shape elementor-shape-top\" aria-hidden=\"true\" data-negative=\"false\">\n\t\t\t<svg xmlns=\"http:\/\/www.w3.org\/2000\/svg\" viewBox=\"0 0 1000 100\" preserveAspectRatio=\"none\">\n\t<path class=\"elementor-shape-fill\" opacity=\"0.33\" d=\"M473,67.3c-203.9,88.3-263.1-34-320.3,0C66,119.1,0,59.7,0,59.7V0h1000v59.7 c0,0-62.1,26.1-94.9,29.3c-32.8,3.3-62.8-12.3-75.8-22.1C806,49.6,745.3,8.7,694.9,4.7S492.4,59,473,67.3z\"\/>\n\t<path class=\"elementor-shape-fill\" opacity=\"0.66\" d=\"M734,67.3c-45.5,0-77.2-23.2-129.1-39.1c-28.6-8.7-150.3-10.1-254,39.1 s-91.7-34.4-149.2,0C115.7,118.3,0,39.8,0,39.8V0h1000v36.5c0,0-28.2-18.5-92.1-18.5C810.2,18.1,775.7,67.3,734,67.3z\"\/>\n\t<path class=\"elementor-shape-fill\" d=\"M766.1,28.9c-200-57.5-266,65.5-395.1,19.5C242,1.8,242,5.4,184.8,20.6C128,35.8,132.3,44.9,89.9,52.5C28.6,63.7,0,0,0,0 h1000c0,0-9.9,40.9-83.6,48.1S829.6,47,766.1,28.9z\"\/>\n<\/svg>\t\t<\/div>\n\t\t\t\t<div class=\"elementor-shape elementor-shape-bottom\" aria-hidden=\"true\" data-negative=\"false\">\n\t\t\t<svg xmlns=\"http:\/\/www.w3.org\/2000\/svg\" viewBox=\"0 0 1000 100\" preserveAspectRatio=\"none\">\n\t<path class=\"elementor-shape-fill\" opacity=\"0.33\" d=\"M473,67.3c-203.9,88.3-263.1-34-320.3,0C66,119.1,0,59.7,0,59.7V0h1000v59.7 c0,0-62.1,26.1-94.9,29.3c-32.8,3.3-62.8-12.3-75.8-22.1C806,49.6,745.3,8.7,694.9,4.7S492.4,59,473,67.3z\"\/>\n\t<path class=\"elementor-shape-fill\" opacity=\"0.66\" d=\"M734,67.3c-45.5,0-77.2-23.2-129.1-39.1c-28.6-8.7-150.3-10.1-254,39.1 s-91.7-34.4-149.2,0C115.7,118.3,0,39.8,0,39.8V0h1000v36.5c0,0-28.2-18.5-92.1-18.5C810.2,18.1,775.7,67.3,734,67.3z\"\/>\n\t<path class=\"elementor-shape-fill\" d=\"M766.1,28.9c-200-57.5-266,65.5-395.1,19.5C242,1.8,242,5.4,184.8,20.6C128,35.8,132.3,44.9,89.9,52.5C28.6,63.7,0,0,0,0 h1000c0,0-9.9,40.9-83.6,48.1S829.6,47,766.1,28.9z\"\/>\n<\/svg>\t\t<\/div>\n\t\t\t\t\t<div class=\"elementor-container elementor-column-gap-no\">\n\t\t\t\t\t<div class=\"elementor-column elementor-col-100 elementor-top-column elementor-element elementor-element-8164ce7\" data-id=\"8164ce7\" data-element_type=\"column\" data-e-type=\"column\" data-settings=\"{&quot;background_background&quot;:&quot;classic&quot;}\">\n\t\t\t<div class=\"elementor-widget-wrap elementor-element-populated\">\n\t\t\t\t\t\t<section class=\"elementor-section elementor-inner-section elementor-element elementor-element-16f6af3 elementor-section-full_width elementor-section-height-default elementor-section-height-default\" data-id=\"16f6af3\" data-element_type=\"section\" data-e-type=\"section\">\n\t\t\t\t\t\t<div class=\"elementor-container elementor-column-gap-default\">\n\t\t\t\t\t<div class=\"elementor-column elementor-col-100 elementor-inner-column elementor-element elementor-element-23d7e60\" data-id=\"23d7e60\" data-element_type=\"column\" data-e-type=\"column\">\n\t\t\t<div class=\"elementor-widget-wrap elementor-element-populated\">\n\t\t\t\t\t\t<div class=\"elementor-element elementor-element-f07fcee elementor-invisible elementor-widget elementor-widget-heading\" data-id=\"f07fcee\" data-element_type=\"widget\" data-e-type=\"widget\" data-settings=\"{&quot;_animation&quot;:&quot;fadeInUp&quot;,&quot;_animation_delay&quot;:100}\" data-widget_type=\"heading.default\">\n\t\t\t\t<div class=\"elementor-widget-container\">\n\t\t\t\t\t<h1 class=\"elementor-heading-title elementor-size-default\">CUINA TRADICIONAL<\/h1>\t\t\t\t<\/div>\n\t\t\t\t<\/div>\n\t\t\t\t\t<\/div>\n\t\t<\/div>\n\t\t\t\t\t<\/div>\n\t\t<\/section>\n\t\t\t\t\t<\/div>\n\t\t<\/div>\n\t\t\t\t\t<\/div>\n\t\t<\/section>\n\t\t\t\t<section class=\"elementor-section elementor-top-section elementor-element elementor-element-0ff581f elementor-section-boxed elementor-section-height-default elementor-section-height-default\" data-id=\"0ff581f\" data-element_type=\"section\" data-e-type=\"section\">\n\t\t\t\t\t\t<div class=\"elementor-container elementor-column-gap-default\">\n\t\t\t\t\t<div class=\"elementor-column elementor-col-100 elementor-top-column elementor-element elementor-element-8f0f2fd\" data-id=\"8f0f2fd\" data-element_type=\"column\" data-e-type=\"column\">\n\t\t\t<div class=\"elementor-widget-wrap elementor-element-populated\">\n\t\t\t\t\t\t<div class=\"elementor-element elementor-element-45c9167 elementor-widget elementor-widget-text-editor\" data-id=\"45c9167\" data-element_type=\"widget\" data-e-type=\"widget\" data-widget_type=\"text-editor.default\">\n\t\t\t\t<div class=\"elementor-widget-container\">\n\t\t\t\t\t\t\t\t\t<p align=\"JUSTIFY\">La gastronomia t\u00edpica de Sant Joan d&#8217;Alacant est\u00e0 basada en els productes de la terra, l&#8217;Horta alacantina , la qual cosa la converteix en una combinaci\u00f3 de productes variats i saludables, ess\u00e8ncia de la dieta mediterr\u00e0nia. Durant el segle XVIII l&#8217;explotaci\u00f3 agr\u00edcola ser\u00e0 enfocada principalment a la producci\u00f3 vinatera, el *fondill\u00f3n, que era sense discussi\u00f3, la principal collita de la Comarca L&#8217;Alacant\u00ed fins a la seua pr\u00e0cticament desaparici\u00f3 per la *filoxera a la fi del segle XIX, moment pel qual, comen\u00e7a a despuntar els caldos de l&#8217;Alt i Mig Vinalop\u00f3. En la cuina tradicional <strong>l&#8217;arr\u00f2s \u00e9s el protagonista en quasi tots els plats<\/strong> destacant l&#8217;arr\u00f2s a l&#8217;alacantina, l&#8217;arr\u00f2s amb ceba i entre els plats de verdures, la olleta. El putxero amb tarongetes continua sent el plat de les grans celebracions.<\/p><p align=\"JUSTIFY\">La gastronomia santjoanera dona cabuda tamb\u00e9 als productes que el Mediterrani ens proporciona. Aix\u00ed, podem degustar plats com l&#8217;arr\u00f2s amb bruna, la borreta amb bacall\u00e0, el verat en escabetx i fins i tot, el past\u00eds de peix.<\/p><p align=\"JUSTIFY\">S\u00f3n tamb\u00e9 t\u00edpics les seues <strong>xarcuteries i carnisseries<\/strong> que ens ofereixen una selecci\u00f3 especialitzada de productes porcins com a pernils ib\u00e8rics, i en les quals tamb\u00e9 podem trobar gran varietat de formatges, salaons i conserves.<\/p>\t\t\t\t\t\t\t\t<\/div>\n\t\t\t\t<\/div>\n\t\t\t\t<div class=\"elementor-element elementor-element-df7642a elementor-arrows-position-inside elementor-pagination-position-outside elementor-widget elementor-widget-image-carousel\" data-id=\"df7642a\" data-element_type=\"widget\" data-e-type=\"widget\" data-settings=\"{&quot;slides_to_show&quot;:&quot;1&quot;,&quot;navigation&quot;:&quot;both&quot;,&quot;autoplay&quot;:&quot;yes&quot;,&quot;pause_on_hover&quot;:&quot;yes&quot;,&quot;pause_on_interaction&quot;:&quot;yes&quot;,&quot;autoplay_speed&quot;:5000,&quot;infinite&quot;:&quot;yes&quot;,&quot;effect&quot;:&quot;slide&quot;,&quot;speed&quot;:500}\" data-widget_type=\"image-carousel.default\">\n\t\t\t\t<div class=\"elementor-widget-container\">\n\t\t\t\t\t\t\t<div class=\"elementor-image-carousel-wrapper swiper\" role=\"region\" aria-roledescription=\"carousel\" aria-label=\"Image Carousel\" dir=\"ltr\">\n\t\t\t<div class=\"elementor-image-carousel swiper-wrapper\" aria-live=\"off\">\n\t\t\t\t\t\t\t\t<div class=\"swiper-slide\" role=\"group\" aria-roledescription=\"slide\" aria-label=\"1 of 4\"><figure class=\"swiper-slide-inner\"><img decoding=\"async\" class=\"swiper-slide-image\" src=\"https:\/\/turismosantjoan.es\/wp-content\/uploads\/elementor\/thumbs\/FOTO-CARRUSEL-0-scaled-qbwpx3lm3u9y0pqnmoepvqvtdqlqaqvpz598euxp5s.jpg\" alt=\"FOTO CARRUSEL 0\" \/><\/figure><\/div><div class=\"swiper-slide\" role=\"group\" aria-roledescription=\"slide\" aria-label=\"2 of 4\"><figure class=\"swiper-slide-inner\"><img decoding=\"async\" class=\"swiper-slide-image\" src=\"https:\/\/turismosantjoan.es\/wp-content\/uploads\/elementor\/thumbs\/FOTO-CARRUSEL-1-5-scaled-qbwpxc25tclix7ed9a2d06qyq7g180tb0b4lqcl5ls.jpg\" alt=\"FOTO CARRUSEL 1\" \/><\/figure><\/div><div class=\"swiper-slide\" role=\"group\" aria-roledescription=\"slide\" aria-label=\"3 of 4\"><figure class=\"swiper-slide-inner\"><img decoding=\"async\" class=\"swiper-slide-image\" src=\"https:\/\/turismosantjoan.es\/wp-content\/uploads\/elementor\/thumbs\/FOTO-CARRUSEL-2-6-qbwpxgrcriryj97jhu3hunk9p4svaibyoye14qe6qo.jpg\" alt=\"FOTO CARRUSEL 2\" \/><\/figure><\/div><div class=\"swiper-slide\" role=\"group\" aria-roledescription=\"slide\" aria-label=\"4 of 4\"><figure class=\"swiper-slide-inner\"><img decoding=\"async\" class=\"swiper-slide-image\" src=\"https:\/\/turismosantjoan.es\/wp-content\/uploads\/elementor\/thumbs\/FOTO-CARRUSEL-3-6-scaled-qbwpxmedwizogwzckwj99m519g12koycpqay0e5tpc.jpg\" alt=\"FOTO CARRUSEL 3\" \/><\/figure><\/div>\t\t\t<\/div>\n\t\t\t\t\t\t\t\t\t\t\t\t<div class=\"elementor-swiper-button elementor-swiper-button-prev\" role=\"button\" tabindex=\"0\">\n\t\t\t\t\t\t<i aria-hidden=\"true\" class=\"eicon-chevron-left\"><\/i>\t\t\t\t\t<\/div>\n\t\t\t\t\t<div class=\"elementor-swiper-button elementor-swiper-button-next\" role=\"button\" tabindex=\"0\">\n\t\t\t\t\t\t<i aria-hidden=\"true\" class=\"eicon-chevron-right\"><\/i>\t\t\t\t\t<\/div>\n\t\t\t\t\n\t\t\t\t\t\t\t\t\t<div class=\"swiper-pagination\"><\/div>\n\t\t\t\t\t\t\t\t\t<\/div>\n\t\t\t\t\t\t<\/div>\n\t\t\t\t<\/div>\n\t\t\t\t<div class=\"elementor-element elementor-element-14bd6ee elementor-widget elementor-widget-text-editor\" data-id=\"14bd6ee\" data-element_type=\"widget\" data-e-type=\"widget\" data-widget_type=\"text-editor.default\">\n\t\t\t\t<div class=\"elementor-widget-container\">\n\t\t\t\t\t\t\t\t\t<p align=\"justify\">Si parlem de <strong>dol\u00e7os<\/strong>, l&#8217;ametla \u00e9s un producte molt local, trobant-se en totes les postres: past\u00eds d&#8217;ametles, ametlats i quatre iguals. Un altre dels productes t\u00edpics dol\u00e7os realitzats en els <strong>obradors de Sant Joan d&#8217;Alacant i els de Benimagrell<\/strong> s\u00f3n els rotllos i la tonya, que amb xicotetes variacions, es converteix en les mones dels dies de Pasqua.<\/p><p align=\"justify\">Tamb\u00e9 s\u00f3n tradicionals les <strong>coques saladas <\/strong>como la coca de Sant Joan, la coca amb tonyina, la coca de sardines amb tomaques i pimentons i la coca amb molletes.<\/p><p align=\"justify\">Tots aquests exquisits productes i plats podem degustar-los en els nombrosos restaurants de Sant Joan d&#8217;Alacant que s&#8217;esforcen cada dia per oferir els millors serveis i garantir la satisfacci\u00f3 per a tots els paladars. D&#8217;aquesta manera, Sant Joan es converteix en parada obligada per a gaudir dels seus plats t\u00edpics i les seues especialitats en rebosteria.<\/p>\t\t\t\t\t\t\t\t<\/div>\n\t\t\t\t<\/div>\n\t\t\t\t\t<\/div>\n\t\t<\/div>\n\t\t\t\t\t<\/div>\n\t\t<\/section>\n\t\t\t\t<section class=\"elementor-section elementor-top-section elementor-element elementor-element-bf289be elementor-section-boxed elementor-section-height-default elementor-section-height-default\" data-id=\"bf289be\" data-element_type=\"section\" data-e-type=\"section\">\n\t\t\t\t\t\t<div class=\"elementor-container elementor-column-gap-default\">\n\t\t\t\t\t<div class=\"elementor-column elementor-col-50 elementor-top-column elementor-element elementor-element-119b173\" data-id=\"119b173\" data-element_type=\"column\" data-e-type=\"column\">\n\t\t\t<div class=\"elementor-widget-wrap elementor-element-populated\">\n\t\t\t\t\t\t<div class=\"elementor-element elementor-element-a1b562b elementor-widget__width-initial elementor-widget elementor-widget-image\" data-id=\"a1b562b\" data-element_type=\"widget\" data-e-type=\"widget\" data-widget_type=\"image.default\">\n\t\t\t\t<div class=\"elementor-widget-container\">\n\t\t\t\t\t\t\t\t\t\t\t\t\t\t\t<img decoding=\"async\" src=\"https:\/\/turismosantjoan.es\/wp-content\/uploads\/2024\/01\/IMAGEN-COCINA-TRADICIONAL-1.png\" title=\"IMAGEN-COCINA-TRADICIONAL.png\" alt=\"IMAGEN-COCINA-TRADICIONAL.png\" loading=\"lazy\" \/>\t\t\t\t\t\t\t\t\t\t\t\t\t\t\t<\/div>\n\t\t\t\t<\/div>\n\t\t\t\t\t<\/div>\n\t\t<\/div>\n\t\t\t\t<div class=\"elementor-column elementor-col-50 elementor-top-column elementor-element elementor-element-d6b16f9\" data-id=\"d6b16f9\" data-element_type=\"column\" data-e-type=\"column\">\n\t\t\t<div class=\"elementor-widget-wrap elementor-element-populated\">\n\t\t\t\t\t\t<div class=\"elementor-element elementor-element-571ec27 elementor-widget elementor-widget-heading\" data-id=\"571ec27\" data-element_type=\"widget\" data-e-type=\"widget\" data-widget_type=\"heading.default\">\n\t\t\t\t<div class=\"elementor-widget-container\">\n\t\t\t\t\t<h2 class=\"elementor-heading-title elementor-size-xl\">Cuina Tradicional<\/h2>\t\t\t\t<\/div>\n\t\t\t\t<\/div>\n\t\t\t\t<div class=\"elementor-element elementor-element-72aaa5e elementor-widget elementor-widget-text-editor\" data-id=\"72aaa5e\" data-element_type=\"widget\" data-e-type=\"widget\" data-widget_type=\"text-editor.default\">\n\t\t\t\t<div class=\"elementor-widget-container\">\n\t\t\t\t\t\t\t\t\t<p>La gastronomia t\u00edpica de Sant Joan d&#8217;Alacant est\u00e0 basada en els productes de la terra, l&#8217;Horta alacantina. Durant el segle XVIII l&#8217;explotaci\u00f3 agr\u00edcola ser\u00e0 enfocada principalment a la producci\u00f3 vinatera, el fondellol, que era sense discussi\u00f3, la principal collita de la Comarca L&#8217;Alacant\u00ed. En la cuina tradicional l&#8217;arr\u00f2s \u00e9s el protagonista en quasi tots els plats destacant l&#8217;arr\u00f2s a l&#8217;alacantina, l&#8217;arr\u00f2s amb ceba i entre els plats de verdures, la olleta. El putxero amb tarongetes continua sent el plat de les grans celebracions.<\/p><p><a href=\"https:\/\/turismosantjoan.es\/wp-content\/uploads\/2023\/07\/recetas-y-platos-tipicos.pdf\">RECEPTES I<\/a><\/p><p><a href=\"https:\/\/turismosantjoan.es\/wp-content\/uploads\/2023\/07\/RECETAS-II.pdf\">RECEPTES II<\/a><\/p>\t\t\t\t\t\t\t\t<\/div>\n\t\t\t\t<\/div>\n\t\t\t\t\t<\/div>\n\t\t<\/div>\n\t\t\t\t\t<\/div>\n\t\t<\/section>\n\t\t\t\t<\/div>\n\t\t","protected":false},"excerpt":{"rendered":"<p>CUINA TRADICIONAL La gastronomia t\u00edpica de Sant Joan d&#8217;Alacant est\u00e0 basada en els productes de la terra, l&#8217;Horta alacantina , la qual cosa la converteix en una combinaci\u00f3 de productes variats i saludables, ess\u00e8ncia de la dieta mediterr\u00e0nia. Durant el segle XVIII l&#8217;explotaci\u00f3 agr\u00edcola ser\u00e0 enfocada principalment a la producci\u00f3 vinatera, el *fondill\u00f3n, que era [&hellip;]<\/p>\n","protected":false},"author":1,"featured_media":0,"parent":0,"menu_order":0,"comment_status":"closed","ping_status":"closed","template":"","meta":{"footnotes":""},"class_list":["post-7243","page","type-page","status-publish","hentry"],"_links":{"self":[{"href":"https:\/\/turismosantjoan.es\/ca\/wp-json\/wp\/v2\/pages\/7243","targetHints":{"allow":["GET"]}}],"collection":[{"href":"https:\/\/turismosantjoan.es\/ca\/wp-json\/wp\/v2\/pages"}],"about":[{"href":"https:\/\/turismosantjoan.es\/ca\/wp-json\/wp\/v2\/types\/page"}],"author":[{"embeddable":true,"href":"https:\/\/turismosantjoan.es\/ca\/wp-json\/wp\/v2\/users\/1"}],"replies":[{"embeddable":true,"href":"https:\/\/turismosantjoan.es\/ca\/wp-json\/wp\/v2\/comments?post=7243"}],"version-history":[{"count":0,"href":"https:\/\/turismosantjoan.es\/ca\/wp-json\/wp\/v2\/pages\/7243\/revisions"}],"wp:attachment":[{"href":"https:\/\/turismosantjoan.es\/ca\/wp-json\/wp\/v2\/media?parent=7243"}],"curies":[{"name":"wp","href":"https:\/\/api.w.org\/{rel}","templated":true}]}}