{"id":7263,"date":"2023-08-03T10:33:48","date_gmt":"2023-08-03T10:33:48","guid":{"rendered":"https:\/\/turismo-sj.developersasapglobalsolution.com\/corpus-christi\/"},"modified":"2023-09-18T07:17:43","modified_gmt":"2023-09-18T07:17:43","slug":"corpus-christi","status":"publish","type":"page","link":"https:\/\/turismosantjoan.es\/ca\/corpus-christi\/","title":{"rendered":"Corpus Christi"},"content":{"rendered":"\t\t<div data-elementor-type=\"wp-page\" data-elementor-id=\"7263\" class=\"elementor elementor-7263 elementor-4137\" data-elementor-post-type=\"page\">\n\t\t\t\t\t\t<section class=\"elementor-section elementor-top-section elementor-element elementor-element-29fbc0b3 elementor-section-boxed elementor-section-height-default elementor-section-height-default\" data-id=\"29fbc0b3\" data-element_type=\"section\" data-e-type=\"section\" data-settings=\"{&quot;shape_divider_top&quot;:&quot;mountains&quot;,&quot;background_background&quot;:&quot;classic&quot;}\">\n\t\t\t\t\t<div class=\"elementor-shape elementor-shape-top\" aria-hidden=\"true\" data-negative=\"false\">\n\t\t\t<svg xmlns=\"http:\/\/www.w3.org\/2000\/svg\" viewBox=\"0 0 1000 100\" preserveAspectRatio=\"none\">\n\t<path class=\"elementor-shape-fill\" opacity=\"0.33\" d=\"M473,67.3c-203.9,88.3-263.1-34-320.3,0C66,119.1,0,59.7,0,59.7V0h1000v59.7 c0,0-62.1,26.1-94.9,29.3c-32.8,3.3-62.8-12.3-75.8-22.1C806,49.6,745.3,8.7,694.9,4.7S492.4,59,473,67.3z\"\/>\n\t<path class=\"elementor-shape-fill\" opacity=\"0.66\" d=\"M734,67.3c-45.5,0-77.2-23.2-129.1-39.1c-28.6-8.7-150.3-10.1-254,39.1 s-91.7-34.4-149.2,0C115.7,118.3,0,39.8,0,39.8V0h1000v36.5c0,0-28.2-18.5-92.1-18.5C810.2,18.1,775.7,67.3,734,67.3z\"\/>\n\t<path class=\"elementor-shape-fill\" d=\"M766.1,28.9c-200-57.5-266,65.5-395.1,19.5C242,1.8,242,5.4,184.8,20.6C128,35.8,132.3,44.9,89.9,52.5C28.6,63.7,0,0,0,0 h1000c0,0-9.9,40.9-83.6,48.1S829.6,47,766.1,28.9z\"\/>\n<\/svg>\t\t<\/div>\n\t\t\t\t\t<div class=\"elementor-container elementor-column-gap-no\">\n\t\t\t\t\t<div class=\"elementor-column elementor-col-100 elementor-top-column elementor-element elementor-element-5e40619b\" data-id=\"5e40619b\" data-element_type=\"column\" data-e-type=\"column\">\n\t\t\t<div class=\"elementor-widget-wrap elementor-element-populated\">\n\t\t\t\t\t\t<div class=\"elementor-element elementor-element-64202f52 elementor-widget elementor-widget-heading\" data-id=\"64202f52\" data-element_type=\"widget\" data-e-type=\"widget\" data-widget_type=\"heading.default\">\n\t\t\t\t<div class=\"elementor-widget-container\">\n\t\t\t\t\t<h1 class=\"elementor-heading-title elementor-size-xxl\">Corpus Christi<\/h1>\t\t\t\t<\/div>\n\t\t\t\t<\/div>\n\t\t\t\t\t<\/div>\n\t\t<\/div>\n\t\t\t\t\t<\/div>\n\t\t<\/section>\n\t\t\t\t<section class=\"elementor-section elementor-top-section elementor-element elementor-element-1550e321 elementor-section-boxed elementor-section-height-default elementor-section-height-default\" data-id=\"1550e321\" data-element_type=\"section\" data-e-type=\"section\">\n\t\t\t\t\t\t<div class=\"elementor-container elementor-column-gap-default\">\n\t\t\t\t\t<div class=\"elementor-column elementor-col-100 elementor-top-column elementor-element elementor-element-493eefb4\" data-id=\"493eefb4\" data-element_type=\"column\" data-e-type=\"column\">\n\t\t\t<div class=\"elementor-widget-wrap elementor-element-populated\">\n\t\t\t\t\t\t<div class=\"elementor-element elementor-element-4d835bf elementor-widget elementor-widget-text-editor\" data-id=\"4d835bf\" data-element_type=\"widget\" data-e-type=\"widget\" data-widget_type=\"text-editor.default\">\n\t\t\t\t<div class=\"elementor-widget-container\">\n\t\t\t\t\t\t\t\t\t<div class=\"wpb_text_column wpb_content_element \"><div class=\"wpb_wrapper\"><p align=\"JUSTIFY\">El Corpus Christi \u00e9s una de les celebracions populars m\u00e9s importants del calendari en gran part d&#8217;Europa i continua revestint en molts llocs de gran import\u00e0ncia. La festa va n\u00e0ixer en el segle XIII a Lieja gr\u00e0cies a la petici\u00f3 d&#8217;una dona, la beata Juliana, que havia contemplat diverses visions de Jesucrist demanant-li la celebraci\u00f3 d&#8217;una festa dedicada al seu cos.<\/p><p align=\"JUSTIFY\">El papa Urb\u00e0 V la va instituir en tota l&#8217;Esgl\u00e9sia el dijous posterior del diumenge seg\u00fcent de Pentecosta i va aconseguir gran import\u00e0ncia en el segle XIV en el Regne de Val\u00e8ncia. L&#8217;acte central de la festa es va centrar des del principi en la celebraci\u00f3 d&#8217;una process\u00f3 teof\u00f3rica en la qual participaven tots els gremis, associacions i estaments de les ciutats, viles i poblacions acompanyant al cos de Crist col\u00b7locat en art\u00edstiques cust\u00f2dies. Amb el pas del temps es van anar afegint molts trets populars devocionales i folkl\u00f2rics com a danses, personatges b\u00edblics o al\u00b7leg\u00f2rics del b\u00e9 i el mal com la moma, tarascas o dracs, carrosses art\u00edstiques i catifes de flors. En molts llocs va adquirir la categoria de festa principal de la ciutat com a Alacant o Val\u00e8ncia, on encara \u00e9s coneguda com la \u2018Festa Grossa\u2019.<\/p><p align=\"JUSTIFY\">A Sant Joan, fins a la Guerra Civil, la process\u00f3 va tindre aquest car\u00e0cter generalitzat. Despr\u00e9s de la missa major del dia del Corpus, un grup de persones principalment joves, traslladaven diverses imatges religioses des de l&#8217;esgl\u00e9sia fins a diverses cases amb patis o jardins on es preparaven i decoraven per a la process\u00f3 vespertina. Els ve\u00efns solien acudir a presenciar l&#8217;arranjament de les imatges i comentaven, moltes vegades amb sorna o broma, l&#8217;aspecte d&#8217;aquestes o la seua decoraci\u00f3 i adorn en flors, fruits de temporada com a bacores, albercocs, cireres o peres, o dolces com rollitos.<\/p><p align=\"JUSTIFY\">Entre les imatges participants es trobaven Sant Pere col\u00b7locat en una barca, sant Antoni Abat en una cistella de flors, el Xiquet Jes\u00fas de Praga o \u2018de la Bola\u2019 sota quatre arcs decorats amb cireres, Sant Joan Baptista situat en una llotja i adornat amb flors i bacores o Sant Vicent Ferrer, amb una branca d&#8217;albercocs en el seu dit. Uns altres com San Francisco de Paula estaven adornats amb peres i pomes. Entre les imatges destacava la de Santa Isabel coneguda com a \u2018Santa Guisabeleta\u2019 que era la menys agraciada i a la qual tots prenien amb broma i riures, generant-se un espectacle al seu pas.<\/p><\/div><\/div>\t\t\t\t\t\t\t\t<\/div>\n\t\t\t\t<\/div>\n\t\t\t\t<section class=\"elementor-section elementor-inner-section elementor-element elementor-element-6a78cc8 elementor-section-boxed elementor-section-height-default elementor-section-height-default\" data-id=\"6a78cc8\" data-element_type=\"section\" data-e-type=\"section\">\n\t\t\t\t\t\t<div class=\"elementor-container elementor-column-gap-default\">\n\t\t\t\t\t<div class=\"elementor-column elementor-col-50 elementor-inner-column elementor-element elementor-element-207b1e3\" data-id=\"207b1e3\" data-element_type=\"column\" data-e-type=\"column\">\n\t\t\t<div class=\"elementor-widget-wrap elementor-element-populated\">\n\t\t\t\t\t\t<div class=\"elementor-element elementor-element-3a79fc2 elementor-widget elementor-widget-image\" data-id=\"3a79fc2\" data-element_type=\"widget\" data-e-type=\"widget\" data-widget_type=\"image.default\">\n\t\t\t\t<div class=\"elementor-widget-container\">\n\t\t\t\t\t\t\t\t\t\t\t\t\t\t\t<img fetchpriority=\"high\" decoding=\"async\" width=\"800\" height=\"534\" src=\"https:\/\/turismosantjoan.es\/wp-content\/uploads\/2023\/08\/14-3-1200x800-1-1024x683.gif\" class=\"attachment-large size-large wp-image-4143\" alt=\"\" srcset=\"https:\/\/turismosantjoan.es\/wp-content\/uploads\/2023\/08\/14-3-1200x800-1-1024x683.gif 1024w, https:\/\/turismosantjoan.es\/wp-content\/uploads\/2023\/08\/14-3-1200x800-1-300x200.gif 300w, https:\/\/turismosantjoan.es\/wp-content\/uploads\/2023\/08\/14-3-1200x800-1-768x512.gif 768w\" sizes=\"(max-width: 800px) 100vw, 800px\" \/>\t\t\t\t\t\t\t\t\t\t\t\t\t\t\t<\/div>\n\t\t\t\t<\/div>\n\t\t\t\t\t<\/div>\n\t\t<\/div>\n\t\t\t\t<div class=\"elementor-column elementor-col-50 elementor-inner-column elementor-element elementor-element-cda1c86\" data-id=\"cda1c86\" data-element_type=\"column\" data-e-type=\"column\">\n\t\t\t<div class=\"elementor-widget-wrap elementor-element-populated\">\n\t\t\t\t\t\t<div class=\"elementor-element elementor-element-bcffce9 elementor-widget elementor-widget-image\" data-id=\"bcffce9\" data-element_type=\"widget\" data-e-type=\"widget\" data-widget_type=\"image.default\">\n\t\t\t\t<div class=\"elementor-widget-container\">\n\t\t\t\t\t\t\t\t\t\t\t\t\t\t\t<img decoding=\"async\" width=\"800\" height=\"534\" src=\"https:\/\/turismosantjoan.es\/wp-content\/uploads\/2023\/08\/12-3-1200x800-1-1024x683.gif\" class=\"attachment-large size-large wp-image-4140\" alt=\"\" srcset=\"https:\/\/turismosantjoan.es\/wp-content\/uploads\/2023\/08\/12-3-1200x800-1-1024x683.gif 1024w, https:\/\/turismosantjoan.es\/wp-content\/uploads\/2023\/08\/12-3-1200x800-1-300x200.gif 300w, https:\/\/turismosantjoan.es\/wp-content\/uploads\/2023\/08\/12-3-1200x800-1-768x512.gif 768w\" sizes=\"(max-width: 800px) 100vw, 800px\" \/>\t\t\t\t\t\t\t\t\t\t\t\t\t\t\t<\/div>\n\t\t\t\t<\/div>\n\t\t\t\t\t<\/div>\n\t\t<\/div>\n\t\t\t\t\t<\/div>\n\t\t<\/section>\n\t\t\t\t<div class=\"elementor-element elementor-element-50b02fc elementor-widget elementor-widget-text-editor\" data-id=\"50b02fc\" data-element_type=\"widget\" data-e-type=\"widget\" data-widget_type=\"text-editor.default\">\n\t\t\t\t<div class=\"elementor-widget-container\">\n\t\t\t\t\t\t\t\t\t<div class=\"wpb_text_column wpb_content_element \"><div class=\"wpb_wrapper\"><p align=\"JUSTIFY\">Abans de la process\u00f3, les imatges eren portades a l&#8217;esgl\u00e9sia des d&#8217;on partia tot el festeig clarament diferenciat en dues parts: la primera, la process\u00f3 de les imatges que era una mostra costumista, jocosa i divertida, quasi una cavalcada; la segona, la part purament religiosa en la qual participava la cust\u00f2dia sota pal\u00b7li, acompanyada per diversos fidels devots, les autoritats i la banda de m\u00fasica, moment en el qual el p\u00fablic es tornava respectu\u00f3s.<\/p><\/div><\/div>\t\t\t\t\t\t\t\t<\/div>\n\t\t\t\t<\/div>\n\t\t\t\t<div class=\"elementor-element elementor-element-179ce6a elementor-widget elementor-widget-image\" data-id=\"179ce6a\" data-element_type=\"widget\" data-e-type=\"widget\" data-widget_type=\"image.default\">\n\t\t\t\t<div class=\"elementor-widget-container\">\n\t\t\t\t\t\t\t\t\t\t\t\t\t\t\t<img decoding=\"async\" width=\"800\" height=\"534\" src=\"https:\/\/turismosantjoan.es\/wp-content\/uploads\/2023\/08\/fiestas-corpus-christi-1200x800-1-1024x683.gif\" class=\"attachment-large size-large wp-image-4146\" alt=\"\" srcset=\"https:\/\/turismosantjoan.es\/wp-content\/uploads\/2023\/08\/fiestas-corpus-christi-1200x800-1-1024x683.gif 1024w, https:\/\/turismosantjoan.es\/wp-content\/uploads\/2023\/08\/fiestas-corpus-christi-1200x800-1-300x200.gif 300w, https:\/\/turismosantjoan.es\/wp-content\/uploads\/2023\/08\/fiestas-corpus-christi-1200x800-1-768x512.gif 768w\" sizes=\"(max-width: 800px) 100vw, 800px\" \/>\t\t\t\t\t\t\t\t\t\t\t\t\t\t\t<\/div>\n\t\t\t\t<\/div>\n\t\t\t\t<div class=\"elementor-element elementor-element-97d3850 elementor-widget elementor-widget-text-editor\" data-id=\"97d3850\" data-element_type=\"widget\" data-e-type=\"widget\" data-widget_type=\"text-editor.default\">\n\t\t\t\t<div class=\"elementor-widget-container\">\n\t\t\t\t\t\t\t\t\t<p align=\"JUSTIFY\">El dia del Corpus suposava la inauguraci\u00f3 de la temporada estiuenca i acabada la process\u00f3, la corporaci\u00f3 convidava al p\u00fablic a un gelat fabricat amb la neu dels \u2018pous de neu\u2019 situats en la Carrasqueta. Seguidament tenia lloc una revetla i l&#8217;esgl\u00e9sia romania il\u00b7luminada amb fanalets d&#8217;oli col\u00b7locats en les cornises.<\/p><p align=\"JUSTIFY\">En l&#8217;actualitat la festa del Corpus a Sant Joan d&#8217;Alacant consisteix en la process\u00f3 pels carrers de la localitat en la qual participen els qui ho desitgen. En el festeig cobren un important protagonisme els xiquets que han pres la comuni\u00f3 en l&#8217;\u00faltim any. La process\u00f3 la tanca la cust\u00f2dia amb el cos de Crist que \u00e9s portada pel sacerdot sota un pal\u00b7li de huit vares portat per homes i dones. En el trajecte s&#8217;habiliten diversos altars decorats amb tapissos, flors i ornaments i realitzats pels ve\u00efns on es fan descansos que culminen amb la benedicci\u00f3, moment en el qual els xiquets llancen p\u00e8tals de flors al Sagrament. En l&#8217;acte participen diverses entitats festeres i musicals de Sant Joan.<\/p><p align=\"JUSTIFY\">En els \u00faltims anys tamb\u00e9 s&#8217;ha tractat de recuperar l&#8217;esplendor popular amb la pres\u00e8ncia de danses i catifes de flors en la festa. A m\u00e9s \u00e9s la primera celebraci\u00f3 de l&#8217;any en la qual tradicionalment els m\u00fasics de la banda de Sant Joan, com en molts altres llocs, adopten l&#8217;uniforme estiuenc.<\/p>\t\t\t\t\t\t\t\t<\/div>\n\t\t\t\t<\/div>\n\t\t\t\t\t<\/div>\n\t\t<\/div>\n\t\t\t\t\t<\/div>\n\t\t<\/section>\n\t\t\t\t<section class=\"elementor-section elementor-top-section elementor-element elementor-element-6738ed3f elementor-section-boxed elementor-section-height-default elementor-section-height-default\" data-id=\"6738ed3f\" data-element_type=\"section\" data-e-type=\"section\">\n\t\t\t\t\t\t<div class=\"elementor-container elementor-column-gap-default\">\n\t\t\t\t\t<div class=\"elementor-column elementor-col-100 elementor-top-column elementor-element elementor-element-4023a30\" data-id=\"4023a30\" data-element_type=\"column\" data-e-type=\"column\">\n\t\t\t<div class=\"elementor-widget-wrap elementor-element-populated\">\n\t\t\t\t\t\t<div class=\"elementor-element elementor-element-10ca317d elementor-widget elementor-widget-heading\" data-id=\"10ca317d\" data-element_type=\"widget\" data-e-type=\"widget\" data-widget_type=\"heading.default\">\n\t\t\t\t<div class=\"elementor-widget-container\">\n\t\t\t\t\t<h2 class=\"elementor-heading-title elementor-size-default\">Sabies que\u2026?<\/h2>\t\t\t\t<\/div>\n\t\t\t\t<\/div>\n\t\t\t\t<div class=\"elementor-element elementor-element-7bb940cc elementor-widget elementor-widget-text-editor\" data-id=\"7bb940cc\" data-element_type=\"widget\" data-e-type=\"widget\" data-widget_type=\"text-editor.default\">\n\t\t\t\t<div class=\"elementor-widget-container\">\n\t\t\t\t\t\t\t\t\t<p align=\"JUSTIFY\">L&#8217;horari de la celebraci\u00f3 de la process\u00f3 ha variat en funci\u00f3 de cada lloc. En els territoris de la Corona d&#8217;Arag\u00f3, la process\u00f3 se celebrava a la vesprada, mentre que en els territoris de Castella al mat\u00ed, costum que s&#8217;ha mantingut en l&#8217;actualitat.<\/p><p align=\"JUSTIFY\">En el Concili Vatic\u00e0 II, l&#8217;Esgl\u00e9sia va tractar de retornar la puresa a les celebracions religioses cristianes i va tractar de suprimir uns certs ritus o costums de la pietat popular que desviaven l&#8217;atenci\u00f3 de les q\u00fcestions fonamentals de la fe, la qual cosa en el cas del Corpus es traduiria a donar m\u00e9s import\u00e0ncia a l&#8217;Eucaristia, suprimint altres elements com a gegants i capgrossos, balls profans o personatges estrafolaris de la process\u00f3. En molts llocs aquesta mesura es va implantar de manera que les processons del Corpus van quedar redu\u00efdes a la part merament religiosa entorn del cos de Crist en la cust\u00f2dia, si b\u00e9 en els \u00faltims anys s&#8217;ha produ\u00eft un ressorgir dels antics elements tradicionals continguts en la desfilada com a danses i personatges que acompanyaven el festeig, entenent la seua import\u00e0ncia sociocultural, antropol\u00f2gica i patrimonial.<\/p>\t\t\t\t\t\t\t\t<\/div>\n\t\t\t\t<\/div>\n\t\t\t\t\t<\/div>\n\t\t<\/div>\n\t\t\t\t\t<\/div>\n\t\t<\/section>\n\t\t\t\t<\/div>\n\t\t","protected":false},"excerpt":{"rendered":"<p>Corpus Christi El Corpus Christi \u00e9s una de les celebracions populars m\u00e9s importants del calendari en gran part d&#8217;Europa i continua revestint en molts llocs de gran import\u00e0ncia. La festa va n\u00e0ixer en el segle XIII a Lieja gr\u00e0cies a la petici\u00f3 d&#8217;una dona, la beata Juliana, que havia contemplat diverses visions de Jesucrist demanant-li [&hellip;]<\/p>\n","protected":false},"author":1,"featured_media":0,"parent":0,"menu_order":0,"comment_status":"closed","ping_status":"closed","template":"","meta":{"footnotes":""},"class_list":["post-7263","page","type-page","status-publish","hentry"],"_links":{"self":[{"href":"https:\/\/turismosantjoan.es\/ca\/wp-json\/wp\/v2\/pages\/7263","targetHints":{"allow":["GET"]}}],"collection":[{"href":"https:\/\/turismosantjoan.es\/ca\/wp-json\/wp\/v2\/pages"}],"about":[{"href":"https:\/\/turismosantjoan.es\/ca\/wp-json\/wp\/v2\/types\/page"}],"author":[{"embeddable":true,"href":"https:\/\/turismosantjoan.es\/ca\/wp-json\/wp\/v2\/users\/1"}],"replies":[{"embeddable":true,"href":"https:\/\/turismosantjoan.es\/ca\/wp-json\/wp\/v2\/comments?post=7263"}],"version-history":[{"count":0,"href":"https:\/\/turismosantjoan.es\/ca\/wp-json\/wp\/v2\/pages\/7263\/revisions"}],"wp:attachment":[{"href":"https:\/\/turismosantjoan.es\/ca\/wp-json\/wp\/v2\/media?parent=7263"}],"curies":[{"name":"wp","href":"https:\/\/api.w.org\/{rel}","templated":true}]}}