{"id":7265,"date":"2023-08-03T10:09:34","date_gmt":"2023-08-03T10:09:34","guid":{"rendered":"https:\/\/turismo-sj.developersasapglobalsolution.com\/creus-de-maig\/"},"modified":"2023-09-18T07:29:01","modified_gmt":"2023-09-18T07:29:01","slug":"creus-de-maig","status":"publish","type":"page","link":"https:\/\/turismosantjoan.es\/ca\/creus-de-maig\/","title":{"rendered":"Creus de Maig"},"content":{"rendered":"\t\t<div data-elementor-type=\"wp-page\" data-elementor-id=\"7265\" class=\"elementor elementor-7265 elementor-4106\" data-elementor-post-type=\"page\">\n\t\t\t\t\t\t<section class=\"elementor-section elementor-top-section elementor-element elementor-element-40d65e57 elementor-section-boxed elementor-section-height-default elementor-section-height-default\" data-id=\"40d65e57\" data-element_type=\"section\" data-e-type=\"section\" data-settings=\"{&quot;shape_divider_top&quot;:&quot;mountains&quot;,&quot;background_background&quot;:&quot;classic&quot;}\">\n\t\t\t\t\t<div class=\"elementor-shape elementor-shape-top\" aria-hidden=\"true\" data-negative=\"false\">\n\t\t\t<svg xmlns=\"http:\/\/www.w3.org\/2000\/svg\" viewBox=\"0 0 1000 100\" preserveAspectRatio=\"none\">\n\t<path class=\"elementor-shape-fill\" opacity=\"0.33\" d=\"M473,67.3c-203.9,88.3-263.1-34-320.3,0C66,119.1,0,59.7,0,59.7V0h1000v59.7 c0,0-62.1,26.1-94.9,29.3c-32.8,3.3-62.8-12.3-75.8-22.1C806,49.6,745.3,8.7,694.9,4.7S492.4,59,473,67.3z\"\/>\n\t<path class=\"elementor-shape-fill\" opacity=\"0.66\" d=\"M734,67.3c-45.5,0-77.2-23.2-129.1-39.1c-28.6-8.7-150.3-10.1-254,39.1 s-91.7-34.4-149.2,0C115.7,118.3,0,39.8,0,39.8V0h1000v36.5c0,0-28.2-18.5-92.1-18.5C810.2,18.1,775.7,67.3,734,67.3z\"\/>\n\t<path class=\"elementor-shape-fill\" d=\"M766.1,28.9c-200-57.5-266,65.5-395.1,19.5C242,1.8,242,5.4,184.8,20.6C128,35.8,132.3,44.9,89.9,52.5C28.6,63.7,0,0,0,0 h1000c0,0-9.9,40.9-83.6,48.1S829.6,47,766.1,28.9z\"\/>\n<\/svg>\t\t<\/div>\n\t\t\t\t\t<div class=\"elementor-container elementor-column-gap-no\">\n\t\t\t\t\t<div class=\"elementor-column elementor-col-100 elementor-top-column elementor-element elementor-element-7a635dd6\" data-id=\"7a635dd6\" data-element_type=\"column\" data-e-type=\"column\">\n\t\t\t<div class=\"elementor-widget-wrap elementor-element-populated\">\n\t\t\t\t\t\t<div class=\"elementor-element elementor-element-1264b165 elementor-widget elementor-widget-heading\" data-id=\"1264b165\" data-element_type=\"widget\" data-e-type=\"widget\" data-widget_type=\"heading.default\">\n\t\t\t\t<div class=\"elementor-widget-container\">\n\t\t\t\t\t<h1 class=\"elementor-heading-title elementor-size-xxl\">Creus de Maig<\/h1>\t\t\t\t<\/div>\n\t\t\t\t<\/div>\n\t\t\t\t\t<\/div>\n\t\t<\/div>\n\t\t\t\t\t<\/div>\n\t\t<\/section>\n\t\t\t\t<section class=\"elementor-section elementor-top-section elementor-element elementor-element-1c4088e6 elementor-section-boxed elementor-section-height-default elementor-section-height-default\" data-id=\"1c4088e6\" data-element_type=\"section\" data-e-type=\"section\">\n\t\t\t\t\t\t<div class=\"elementor-container elementor-column-gap-default\">\n\t\t\t\t\t<div class=\"elementor-column elementor-col-100 elementor-top-column elementor-element elementor-element-5ab9b43b\" data-id=\"5ab9b43b\" data-element_type=\"column\" data-e-type=\"column\">\n\t\t\t<div class=\"elementor-widget-wrap elementor-element-populated\">\n\t\t\t\t\t\t<div class=\"elementor-element elementor-element-594162de elementor-widget elementor-widget-text-editor\" data-id=\"594162de\" data-element_type=\"widget\" data-e-type=\"widget\" data-widget_type=\"text-editor.default\">\n\t\t\t\t<div class=\"elementor-widget-container\">\n\t\t\t\t\t\t\t\t\t<div class=\"wpb_text_column wpb_content_element \"><div class=\"wpb_wrapper\"><p align=\"JUSTIFY\">La festa de la Invenci\u00f3 de la Santa Cruz se celebra el dia 3 de maig, en commemoraci\u00f3 de la troballa de les restes de la Creu de Crist, realitzat per Santa Elena, mare de l&#8217;emperador Constant\u00ed, que va ser qui va oficialitzar la religi\u00f3 cristiana en l&#8217;Imperi Rom\u00e0.<\/p><p align=\"JUSTIFY\">Aquesta commemoraci\u00f3 igual que moltes altres, es va associar a les tradicions paganes entorn dels arbres o els majos, que festejaven el ressorgir de la naturalesa a l&#8217;inici del mes en qu\u00e8 la primavera aconsegueix la seua m\u00e0xima esplendor. Entorn d&#8217;un arbre generalment el tronc del qual era tallat i traslladat al centre del poble i decorat, es cantava, menjava, bevia i festejava a la naturalesa. D&#8217;aqu\u00ed ve que en molts llocs es combinaren totes dues tradicions decorant les creus urbanes o de terme especialment amb flors, enramades i adorns fruiters, en una tradici\u00f3 mixta que ha arribat fins als nostres dies. En molts casos s&#8217;habiliten creus provisionals per a poder decorar-les als carrers, generant un espectacle colorista i ple d&#8217;alegria primaveral.<\/p><\/div><\/div>\t\t\t\t\t\t\t\t<\/div>\n\t\t\t\t<\/div>\n\t\t\t\t<div class=\"elementor-element elementor-element-31e5943 elementor-widget elementor-widget-text-editor\" data-id=\"31e5943\" data-element_type=\"widget\" data-e-type=\"widget\" data-widget_type=\"text-editor.default\">\n\t\t\t\t<div class=\"elementor-widget-container\">\n\t\t\t\t\t\t\t\t\t<div class=\"wpb_text_column wpb_content_element \"><div class=\"wpb_wrapper\"><p align=\"JUSTIFY\">A Sant Joan d&#8217;Alacant aquesta celebraci\u00f3 se celebrava tradicionalment en la Pla\u00e7a de la Creu, situada en el barri antic on existeix una creu met\u00e0l\u00b7lica sobre un alt pedestal de cadirat a manera de creu de terme. Generalment aquests senzills i devots monuments marcaven llocs concrets de la poblaci\u00f3 i habitualment, l&#8217;entrada o eixida dels municipis i poblacions. En <a href=\"https:\/\/turismosantjoan.es\/la-huerta-alicantina\/\">l&#8217;Horta d&#8217;Alacant<\/a> trobem tres en \u00e0mbit urb\u00e0: una l&#8217;esmentada en la pla\u00e7a de la Creu de Sant Joan, una altra enfront de <a href=\"https:\/\/turismosantjoan.es\/ermita-de-san-roque\/\">l&#8217;ermita de Benimagrell<\/a>, i una altra davant el <a href=\"https:\/\/turismosantjoan.es\/monasterio-de-la-santa-faz\/\">Monestir de la Santa Fa\u00e7<\/a>, aquesta \u00faltima totalment modificada i desvirtuada respecte al seu origen.<\/p><p align=\"JUSTIFY\">La festa tradicional de la Creu a Sant Joan consistia en balls t\u00edpics, il\u00b7luminaci\u00f3 i revetla en la pla\u00e7a, mentre la creu romania decorada i tenien lloc els actes religiosos de la celebraci\u00f3 a <a href=\"https:\/\/turismosantjoan.es\/iglesia-parroquial-san-juan-bautista\/\">l&#8217;esgl\u00e9sia<\/a> o en aquell pintoresc espai urb\u00e0. Es tractava d&#8217;una altra edici\u00f3 de les conegudes com \u2018festes del carrer\u2019 per\u00f2 en aquest cas en la simp\u00e0tica placeta. No obstant aix\u00f2, les festes de la Creu van anar decaient fins que van desapar\u00e9ixer en la segona meitat del segle XX.<\/p><p align=\"JUSTIFY\">Afortunadament van ser recuperades en 2009 per la <a href=\"http:\/\/casadeandaluciarafaelalberti.blogspot.com.es\/\">Casa d&#8217;Andalusia Rafael Alberti de Sant Joan<\/a> acabada de crear llavors, aportant una nova imatge de sabor cultural andal\u00fas, molt vinculat d&#8217;altra banda, a celebracions com la de la creu de maig.<\/p><\/div><\/div>\t\t\t\t\t\t\t\t<\/div>\n\t\t\t\t<\/div>\n\t\t\t\t<div class=\"elementor-element elementor-element-6e3e545 elementor-widget elementor-widget-text-editor\" data-id=\"6e3e545\" data-element_type=\"widget\" data-e-type=\"widget\" data-widget_type=\"text-editor.default\">\n\t\t\t\t<div class=\"elementor-widget-container\">\n\t\t\t\t\t\t\t\t\t<div class=\"wpb_text_column wpb_content_element \"><div class=\"wpb_wrapper\"><p align=\"JUSTIFY\">El diumenge posterior al 3 de maig, se celebra la festa. Des de la seu d&#8217;aquesta associaci\u00f3, situada en el carrer del Mercat, part la comitiva amb diverses persones abillades amb vestits regionals andalusos i valencians acompanyats per la m\u00fasica, generalment la colla Sargantana de dol\u00e7aina i tabalet. La pintoresca desfilada en el qual a m\u00e9s participen diverses associacions festeres i culturals, aix\u00ed com autoritats, es dirigeix en primer lloc a la pla\u00e7a de la Creu on la creu i el seu pedestal s\u00f3n decorats amb flors i enramada de murta, mentre es canta, s&#8217;escolta la m\u00fasica i es pren un xicotet refrigeri. Des d&#8217;all\u00ed, la comitiva parteix cap a Benimagrell on es realitza el mateix procediment amb la creu situada enfront de l&#8217;ermita de Sant Roque, acte al qual segueix un esmorzar popular i festiu per als assistents.<\/p><p align=\"JUSTIFY\">Es tracta d&#8217;una festa molt celebrada en tota la nostra geografia i tamb\u00e9 molt apreciada especialment en els barris pr\u00f2xims de la Creu d&#8217;Alacant, i el Ravalet de Mutxamel.<\/p><\/div><\/div>\t\t\t\t\t\t\t\t<\/div>\n\t\t\t\t<\/div>\n\t\t\t\t<div class=\"elementor-element elementor-element-9a712a5 elementor-arrows-position-inside elementor-pagination-position-outside elementor-widget elementor-widget-image-carousel\" data-id=\"9a712a5\" data-element_type=\"widget\" data-e-type=\"widget\" data-settings=\"{&quot;slides_to_show&quot;:&quot;1&quot;,&quot;navigation&quot;:&quot;both&quot;,&quot;autoplay&quot;:&quot;yes&quot;,&quot;pause_on_hover&quot;:&quot;yes&quot;,&quot;pause_on_interaction&quot;:&quot;yes&quot;,&quot;autoplay_speed&quot;:5000,&quot;infinite&quot;:&quot;yes&quot;,&quot;effect&quot;:&quot;slide&quot;,&quot;speed&quot;:500}\" data-widget_type=\"image-carousel.default\">\n\t\t\t\t<div class=\"elementor-widget-container\">\n\t\t\t\t\t\t\t<div class=\"elementor-image-carousel-wrapper swiper\" role=\"region\" aria-roledescription=\"carousel\" aria-label=\"Image Carousel\" dir=\"ltr\">\n\t\t\t<div class=\"elementor-image-carousel swiper-wrapper\" aria-live=\"off\">\n\t\t\t\t\t\t\t\t<div class=\"swiper-slide\" role=\"group\" aria-roledescription=\"slide\" aria-label=\"1 of 5\"><figure class=\"swiper-slide-inner\"><img decoding=\"async\" class=\"swiper-slide-image\" src=\"https:\/\/turismosantjoan.es\/wp-content\/uploads\/elementor\/thumbs\/FOTO-CARRUSEL-1-scaled-qbrl6dljn3y2yqyfcejig3496ue4b2yojvbkmzai6s.jpg\" alt=\"FOTO CARRUSEL 1\" \/><\/figure><\/div><div class=\"swiper-slide\" role=\"group\" aria-roledescription=\"slide\" aria-label=\"2 of 5\"><figure class=\"swiper-slide-inner\"><img decoding=\"async\" class=\"swiper-slide-image\" src=\"https:\/\/turismosantjoan.es\/wp-content\/uploads\/elementor\/thumbs\/FOTO-CARRUSEL-2-1-qbrl6mzxjgay6ukrtils50qv4p3sg1zzx5uffqwkgk.jpg\" alt=\"FOTO CARRUSEL 2\" \/><\/figure><\/div><div class=\"swiper-slide\" role=\"group\" aria-roledescription=\"slide\" aria-label=\"3 of 5\"><figure class=\"swiper-slide-inner\"><img decoding=\"async\" class=\"swiper-slide-image\" src=\"https:\/\/turismosantjoan.es\/wp-content\/uploads\/elementor\/thumbs\/FOTO-CARRUSEL-3-1-scaled-qbrl6uin24l8rq9ullusoyujvs2q5mtum72b9ylf2s.jpg\" alt=\"FOTO CARRUSEL 3\" \/><\/figure><\/div><div class=\"swiper-slide\" role=\"group\" aria-roledescription=\"slide\" aria-label=\"4 of 5\"><figure class=\"swiper-slide-inner\"><img decoding=\"async\" class=\"swiper-slide-image\" src=\"https:\/\/turismosantjoan.es\/wp-content\/uploads\/elementor\/thumbs\/FOTO-CARRUSEL-4-1-scaled-qbrl79k23h5txho05sctsv1xdy0lkshk09i2ydz4b8.jpg\" alt=\"FOTO CARRUSEL 4\" \/><\/figure><\/div><div class=\"swiper-slide\" role=\"group\" aria-roledescription=\"slide\" aria-label=\"5 of 5\"><figure class=\"swiper-slide-inner\"><img decoding=\"async\" class=\"swiper-slide-image\" src=\"https:\/\/turismosantjoan.es\/wp-content\/uploads\/elementor\/thumbs\/FOTO-CARRUSEL-5-1-qbrl7iyfztip5lacmwf3hsojbsq9privdk0xr5l6l0.jpg\" alt=\"FOTO CARRUSEL 5\" \/><\/figure><\/div>\t\t\t<\/div>\n\t\t\t\t\t\t\t\t\t\t\t\t<div class=\"elementor-swiper-button elementor-swiper-button-prev\" role=\"button\" tabindex=\"0\">\n\t\t\t\t\t\t<i aria-hidden=\"true\" class=\"eicon-chevron-left\"><\/i>\t\t\t\t\t<\/div>\n\t\t\t\t\t<div class=\"elementor-swiper-button elementor-swiper-button-next\" role=\"button\" tabindex=\"0\">\n\t\t\t\t\t\t<i aria-hidden=\"true\" class=\"eicon-chevron-right\"><\/i>\t\t\t\t\t<\/div>\n\t\t\t\t\n\t\t\t\t\t\t\t\t\t<div class=\"swiper-pagination\"><\/div>\n\t\t\t\t\t\t\t\t\t<\/div>\n\t\t\t\t\t\t<\/div>\n\t\t\t\t<\/div>\n\t\t\t\t\t<\/div>\n\t\t<\/div>\n\t\t\t\t\t<\/div>\n\t\t<\/section>\n\t\t\t\t<section class=\"elementor-section elementor-top-section elementor-element elementor-element-7ae0c59f elementor-section-boxed elementor-section-height-default elementor-section-height-default\" data-id=\"7ae0c59f\" data-element_type=\"section\" data-e-type=\"section\">\n\t\t\t\t\t\t<div class=\"elementor-container elementor-column-gap-default\">\n\t\t\t\t\t<div class=\"elementor-column elementor-col-100 elementor-top-column elementor-element elementor-element-182d744b\" data-id=\"182d744b\" data-element_type=\"column\" data-e-type=\"column\">\n\t\t\t<div class=\"elementor-widget-wrap elementor-element-populated\">\n\t\t\t\t\t\t<div class=\"elementor-element elementor-element-1e5f1d8b elementor-widget elementor-widget-heading\" data-id=\"1e5f1d8b\" data-element_type=\"widget\" data-e-type=\"widget\" data-widget_type=\"heading.default\">\n\t\t\t\t<div class=\"elementor-widget-container\">\n\t\t\t\t\t<h2 class=\"elementor-heading-title elementor-size-default\">Sabies que\u2026?<\/h2>\t\t\t\t<\/div>\n\t\t\t\t<\/div>\n\t\t\t\t<div class=\"elementor-element elementor-element-46ded005 elementor-widget elementor-widget-text-editor\" data-id=\"46ded005\" data-element_type=\"widget\" data-e-type=\"widget\" data-widget_type=\"text-editor.default\">\n\t\t\t\t<div class=\"elementor-widget-container\">\n\t\t\t\t\t\t\t\t\t<p align=\"JUSTIFY\">La festa de la Invenci\u00f3 de la Creu no t\u00e9 car\u00e0cter lit\u00fargic en l&#8217;actualitat i va ser suprimida en favor de la Festivitat de l&#8217;Exaltaci\u00f3 de la Santa Cruz, del 14 de setembre, que a Sant Joan \u00e9s el \u2018Dia del Crist\u2019 entorn del qual se celebren les festes majors.<\/p><p align=\"JUSTIFY\">La pla\u00e7a de la Creu era un lloc important de trobada social i cultural de Sant Joan ja que entre altres elements urbans, es trobava un dels pous de prove\u00efment p\u00fablic, posteriorment transformat en font despr\u00e9s de l&#8217;arribada de les aig\u00fces potables. Tamb\u00e9 es va instal\u00b7lar en segle XX, una gasolinera que donava servei als autom\u00f2bils que discorrien per la carretera de Val\u00e8ncia que travessava el carrer San Jos\u00e9-Major.<\/p><p align=\"JUSTIFY\">En aquesta pla\u00e7a a m\u00e9s residia estivalment el cronista de la ciutat d&#8217;Alacant del segle XIX, Sr. Rafael Viravens, habitatge que suposava un centre de trobada cultural i en la qual va sorgir la idea de fundar la banda de m\u00fasica de Sant Joan.<br>Al costat de les creus d&#8217;aquesta pla\u00e7a i de Benimagrell, van poder existir m\u00e9s creus de terme en el municipi com la situada als afores al final del carrer Sant Antoni, en un paratge encara conegut com \u2018La *Creueta\u2019 que tal vegada fa refer\u00e8ncia a l&#8217;establiment ac\u00ed d&#8217;una creu de terme.<\/p><p align=\"JUSTIFY\">Les creus de Sant Joan, Benimagrell i Santa Fa\u00e7 van ser destru\u00efdes durant la Guerra Civil i posteriorment reconstru\u00efdes.<\/p>\t\t\t\t\t\t\t\t<\/div>\n\t\t\t\t<\/div>\n\t\t\t\t\t<\/div>\n\t\t<\/div>\n\t\t\t\t\t<\/div>\n\t\t<\/section>\n\t\t\t\t<\/div>\n\t\t","protected":false},"excerpt":{"rendered":"<p>Creus de Maig La festa de la Invenci\u00f3 de la Santa Cruz se celebra el dia 3 de maig, en commemoraci\u00f3 de la troballa de les restes de la Creu de Crist, realitzat per Santa Elena, mare de l&#8217;emperador Constant\u00ed, que va ser qui va oficialitzar la religi\u00f3 cristiana en l&#8217;Imperi Rom\u00e0. Aquesta commemoraci\u00f3 igual [&hellip;]<\/p>\n","protected":false},"author":1,"featured_media":0,"parent":0,"menu_order":0,"comment_status":"closed","ping_status":"closed","template":"","meta":{"footnotes":""},"class_list":["post-7265","page","type-page","status-publish","hentry"],"_links":{"self":[{"href":"https:\/\/turismosantjoan.es\/ca\/wp-json\/wp\/v2\/pages\/7265","targetHints":{"allow":["GET"]}}],"collection":[{"href":"https:\/\/turismosantjoan.es\/ca\/wp-json\/wp\/v2\/pages"}],"about":[{"href":"https:\/\/turismosantjoan.es\/ca\/wp-json\/wp\/v2\/types\/page"}],"author":[{"embeddable":true,"href":"https:\/\/turismosantjoan.es\/ca\/wp-json\/wp\/v2\/users\/1"}],"replies":[{"embeddable":true,"href":"https:\/\/turismosantjoan.es\/ca\/wp-json\/wp\/v2\/comments?post=7265"}],"version-history":[{"count":0,"href":"https:\/\/turismosantjoan.es\/ca\/wp-json\/wp\/v2\/pages\/7265\/revisions"}],"wp:attachment":[{"href":"https:\/\/turismosantjoan.es\/ca\/wp-json\/wp\/v2\/media?parent=7265"}],"curies":[{"name":"wp","href":"https:\/\/api.w.org\/{rel}","templated":true}]}}