{"id":7273,"date":"2023-08-03T09:43:34","date_gmt":"2023-08-03T09:43:34","guid":{"rendered":"https:\/\/turismo-sj.developersasapglobalsolution.com\/el-cant-dels-dolores\/"},"modified":"2023-09-18T08:42:58","modified_gmt":"2023-09-18T08:42:58","slug":"el-cant-dels-dolores","status":"publish","type":"page","link":"https:\/\/turismosantjoan.es\/ca\/el-cant-dels-dolores\/","title":{"rendered":"El Cant dels Dolores"},"content":{"rendered":"\t\t<div data-elementor-type=\"wp-page\" data-elementor-id=\"7273\" class=\"elementor elementor-7273 elementor-4054\" data-elementor-post-type=\"page\">\n\t\t\t\t\t\t<section class=\"elementor-section elementor-top-section elementor-element elementor-element-74b93970 elementor-section-boxed elementor-section-height-default elementor-section-height-default\" data-id=\"74b93970\" data-element_type=\"section\" data-e-type=\"section\" data-settings=\"{&quot;shape_divider_top&quot;:&quot;mountains&quot;,&quot;background_background&quot;:&quot;classic&quot;}\">\n\t\t\t\t\t<div class=\"elementor-shape elementor-shape-top\" aria-hidden=\"true\" data-negative=\"false\">\n\t\t\t<svg xmlns=\"http:\/\/www.w3.org\/2000\/svg\" viewBox=\"0 0 1000 100\" preserveAspectRatio=\"none\">\n\t<path class=\"elementor-shape-fill\" opacity=\"0.33\" d=\"M473,67.3c-203.9,88.3-263.1-34-320.3,0C66,119.1,0,59.7,0,59.7V0h1000v59.7 c0,0-62.1,26.1-94.9,29.3c-32.8,3.3-62.8-12.3-75.8-22.1C806,49.6,745.3,8.7,694.9,4.7S492.4,59,473,67.3z\"\/>\n\t<path class=\"elementor-shape-fill\" opacity=\"0.66\" d=\"M734,67.3c-45.5,0-77.2-23.2-129.1-39.1c-28.6-8.7-150.3-10.1-254,39.1 s-91.7-34.4-149.2,0C115.7,118.3,0,39.8,0,39.8V0h1000v36.5c0,0-28.2-18.5-92.1-18.5C810.2,18.1,775.7,67.3,734,67.3z\"\/>\n\t<path class=\"elementor-shape-fill\" d=\"M766.1,28.9c-200-57.5-266,65.5-395.1,19.5C242,1.8,242,5.4,184.8,20.6C128,35.8,132.3,44.9,89.9,52.5C28.6,63.7,0,0,0,0 h1000c0,0-9.9,40.9-83.6,48.1S829.6,47,766.1,28.9z\"\/>\n<\/svg>\t\t<\/div>\n\t\t\t\t\t<div class=\"elementor-container elementor-column-gap-no\">\n\t\t\t\t\t<div class=\"elementor-column elementor-col-100 elementor-top-column elementor-element elementor-element-49223f08\" data-id=\"49223f08\" data-element_type=\"column\" data-e-type=\"column\">\n\t\t\t<div class=\"elementor-widget-wrap elementor-element-populated\">\n\t\t\t\t\t\t<div class=\"elementor-element elementor-element-7d51dccf elementor-widget elementor-widget-heading\" data-id=\"7d51dccf\" data-element_type=\"widget\" data-e-type=\"widget\" data-widget_type=\"heading.default\">\n\t\t\t\t<div class=\"elementor-widget-container\">\n\t\t\t\t\t<h1 class=\"elementor-heading-title elementor-size-xxl\">El Cant dels Dolores<\/h1>\t\t\t\t<\/div>\n\t\t\t\t<\/div>\n\t\t\t\t\t<\/div>\n\t\t<\/div>\n\t\t\t\t\t<\/div>\n\t\t<\/section>\n\t\t\t\t<section class=\"elementor-section elementor-top-section elementor-element elementor-element-2c5dcbde elementor-section-boxed elementor-section-height-default elementor-section-height-default\" data-id=\"2c5dcbde\" data-element_type=\"section\" data-e-type=\"section\">\n\t\t\t\t\t\t<div class=\"elementor-container elementor-column-gap-default\">\n\t\t\t\t\t<div class=\"elementor-column elementor-col-100 elementor-top-column elementor-element elementor-element-3c424687\" data-id=\"3c424687\" data-element_type=\"column\" data-e-type=\"column\">\n\t\t\t<div class=\"elementor-widget-wrap elementor-element-populated\">\n\t\t\t\t\t\t<div class=\"elementor-element elementor-element-7e084821 elementor-widget elementor-widget-text-editor\" data-id=\"7e084821\" data-element_type=\"widget\" data-e-type=\"widget\" data-widget_type=\"text-editor.default\">\n\t\t\t\t<div class=\"elementor-widget-container\">\n\t\t\t\t\t\t\t\t\t<div class=\"wpb_text_column wpb_content_element \"><div class=\"wpb_wrapper\"><p align=\"JUSTIFY\">El Cant dels Set Dolores de la Verge \u00e9s una obra musical polif\u00f2nica, que el mestre basc Sr. Juan Mar\u00eda Go\u00f1i L\u00f3pez de *Muna\u00edn va compondre a Sant Joan en 1883, i que m\u00e9s de 130 anys despr\u00e9s es continua cantant a l&#8217;Esgl\u00e9sia de <a href=\"https:\/\/turismosantjoan.es\/iglesia-parroquial-san-juan-bautista\/\">Sant Joan Baptista<\/a> el Dissabte de Passi\u00f3, com a inici oficial de la Setmana Santa santjoanera. Aquesta preg\u00e0ria de senzilles harmonies, combina la part religiosa amb la part hist\u00f2rica i cultural, ja que, amb el pas dels anys, s&#8217;ha convertit en el llegat m\u00e9s important de la m\u00fasica religiosa i popular de Sant Joan.<\/p><p align=\"JUSTIFY\">Cada Dissabte de Passi\u00f3, hores abans del Diumenge de Rams, la Junta Major de Confraries i Germanors convida a Canto dels Dolores als cantants de l&#8217;Orfe\u00f3 Sant Joan i als instrumentistes de la Societat Musical la Pau (en els \u00faltims anys han actuat un grup d&#8217;alumnes del Conservatori Professional de M\u00fasica \u2018Vila de Sant Joan\u2019). Prop d&#8217;un centenar d&#8217;int\u00e8rprets, que cada any s\u00f3n dirigits per un m\u00fasic o director convidat per la Junta Major, que ofereix la possibilitat de participar en la direcci\u00f3 d&#8217;aquesta preg\u00e0ria a un artista destacat.<\/p><\/div><\/div>\t\t\t\t\t\t\t\t<\/div>\n\t\t\t\t<\/div>\n\t\t\t\t<section class=\"elementor-section elementor-inner-section elementor-element elementor-element-9f52261 elementor-section-boxed elementor-section-height-default elementor-section-height-default\" data-id=\"9f52261\" data-element_type=\"section\" data-e-type=\"section\">\n\t\t\t\t\t\t<div class=\"elementor-container elementor-column-gap-default\">\n\t\t\t\t\t<div class=\"elementor-column elementor-col-50 elementor-inner-column elementor-element elementor-element-e4804a1\" data-id=\"e4804a1\" data-element_type=\"column\" data-e-type=\"column\">\n\t\t\t<div class=\"elementor-widget-wrap elementor-element-populated\">\n\t\t\t\t\t\t<div class=\"elementor-element elementor-element-acb1438 elementor-widget elementor-widget-image\" data-id=\"acb1438\" data-element_type=\"widget\" data-e-type=\"widget\" data-widget_type=\"image.default\">\n\t\t\t\t<div class=\"elementor-widget-container\">\n\t\t\t\t\t\t\t\t\t\t\t\t\t\t\t<img fetchpriority=\"high\" decoding=\"async\" width=\"800\" height=\"534\" src=\"https:\/\/turismosantjoan.es\/wp-content\/uploads\/2023\/09\/FOTO-DE-SUSTITUCION-1-OFRENDA-1024x683.jpg\" class=\"attachment-large size-large wp-image-6042\" alt=\"\" srcset=\"https:\/\/turismosantjoan.es\/wp-content\/uploads\/2023\/09\/FOTO-DE-SUSTITUCION-1-OFRENDA-1024x683.jpg 1024w, https:\/\/turismosantjoan.es\/wp-content\/uploads\/2023\/09\/FOTO-DE-SUSTITUCION-1-OFRENDA-300x200.jpg 300w, https:\/\/turismosantjoan.es\/wp-content\/uploads\/2023\/09\/FOTO-DE-SUSTITUCION-1-OFRENDA-768x512.jpg 768w, https:\/\/turismosantjoan.es\/wp-content\/uploads\/2023\/09\/FOTO-DE-SUSTITUCION-1-OFRENDA-1536x1024.jpg 1536w, https:\/\/turismosantjoan.es\/wp-content\/uploads\/2023\/09\/FOTO-DE-SUSTITUCION-1-OFRENDA-2048x1365.jpg 2048w\" sizes=\"(max-width: 800px) 100vw, 800px\" \/>\t\t\t\t\t\t\t\t\t\t\t\t\t\t\t<\/div>\n\t\t\t\t<\/div>\n\t\t\t\t\t<\/div>\n\t\t<\/div>\n\t\t\t\t<div class=\"elementor-column elementor-col-50 elementor-inner-column elementor-element elementor-element-9e56178\" data-id=\"9e56178\" data-element_type=\"column\" data-e-type=\"column\">\n\t\t\t<div class=\"elementor-widget-wrap elementor-element-populated\">\n\t\t\t\t\t\t<div class=\"elementor-element elementor-element-4186753 elementor-widget elementor-widget-image\" data-id=\"4186753\" data-element_type=\"widget\" data-e-type=\"widget\" data-widget_type=\"image.default\">\n\t\t\t\t<div class=\"elementor-widget-container\">\n\t\t\t\t\t\t\t\t\t\t\t\t\t\t\t<img decoding=\"async\" width=\"800\" height=\"534\" src=\"https:\/\/turismosantjoan.es\/wp-content\/uploads\/2023\/09\/FOTO-DE-SUSTITUCION-2-PARROQUIA-SAN-JUAN-BAUTISTA-1024x683.jpg\" class=\"attachment-large size-large wp-image-6045\" alt=\"\" srcset=\"https:\/\/turismosantjoan.es\/wp-content\/uploads\/2023\/09\/FOTO-DE-SUSTITUCION-2-PARROQUIA-SAN-JUAN-BAUTISTA-1024x683.jpg 1024w, https:\/\/turismosantjoan.es\/wp-content\/uploads\/2023\/09\/FOTO-DE-SUSTITUCION-2-PARROQUIA-SAN-JUAN-BAUTISTA-300x200.jpg 300w, https:\/\/turismosantjoan.es\/wp-content\/uploads\/2023\/09\/FOTO-DE-SUSTITUCION-2-PARROQUIA-SAN-JUAN-BAUTISTA-768x512.jpg 768w, https:\/\/turismosantjoan.es\/wp-content\/uploads\/2023\/09\/FOTO-DE-SUSTITUCION-2-PARROQUIA-SAN-JUAN-BAUTISTA-1536x1024.jpg 1536w, https:\/\/turismosantjoan.es\/wp-content\/uploads\/2023\/09\/FOTO-DE-SUSTITUCION-2-PARROQUIA-SAN-JUAN-BAUTISTA-2048x1365.jpg 2048w\" sizes=\"(max-width: 800px) 100vw, 800px\" \/>\t\t\t\t\t\t\t\t\t\t\t\t\t\t\t<\/div>\n\t\t\t\t<\/div>\n\t\t\t\t\t<\/div>\n\t\t<\/div>\n\t\t\t\t\t<\/div>\n\t\t<\/section>\n\t\t\t\t<div class=\"elementor-element elementor-element-cb07261 elementor-widget elementor-widget-text-editor\" data-id=\"cb07261\" data-element_type=\"widget\" data-e-type=\"widget\" data-widget_type=\"text-editor.default\">\n\t\t\t\t<div class=\"elementor-widget-container\">\n\t\t\t\t\t\t\t\t\t<div class=\"wpb_text_column wpb_content_element \"><div class=\"wpb_wrapper\"><p align=\"JUSTIFY\">Amb independ\u00e8ncia de qui siga el director, la qual cosa no canvia \u00e9s que els Dolores s&#8217;interpretaran abans de res el poble, i que com \u00e9s tradicional, des de fa m\u00e9s de cent anys, el \u2018sou\u2019 que se&#8217;ls pagar\u00e0 als m\u00fasics \u00e9s una dotzena d&#8217;ous. Aix\u00f2 s\u00ed, els sacerdots porten dues dotzenes.<\/p><p align=\"JUSTIFY\">Les dades sobre la primera representaci\u00f3 del Cant dels Dolores daten de finals del segle XIX. Originalment es cantaven \u2018a capella\u2019 i no es t\u00e9 certesa que qualsevol instrument o grup instrumental, del qual s&#8217;hagueren perdut les partitures, acompanyara a les veus, en concret, per veus greus. A trav\u00e9s de la informaci\u00f3 de l&#8217;Arxiu Parroquial, la imatge de la Verge Dolorosa es venera a la nostra esgl\u00e9sia a partir de 1830, la qual cosa suggeriria l&#8217;augment de la devoci\u00f3 per la tradici\u00f3 dels Dolores. Coneixem al poble dues composicions diferents realitzades pels mestres Sr. Francisco Senante *Laudes i Sr. Juan Mar\u00eda Go\u00f1i L\u00f3pez (1822-1884). La composici\u00f3 del mestre Senante \u00e9s probablement m\u00e9s antiga, per\u00f2 la que s&#8217;interpreta en l&#8217;actualitat \u00e9s la del mestre Go\u00f1i, compositor basc, natural de Salvatierra (\u00c0laba) que va viure a Sant Joan els anys finals de la seua vida i va ser director de la Banda Musical de Sant Joan des de 1877 fins a la seua mort (va morir precisament en 1884, possiblement poc despr\u00e9s d&#8217;estrenar el Cant dels Dolores en 1883).<\/p><\/div><\/div>\t\t\t\t\t\t\t\t<\/div>\n\t\t\t\t<\/div>\n\t\t\t\t<section class=\"elementor-section elementor-inner-section elementor-element elementor-element-a207231 elementor-section-boxed elementor-section-height-default elementor-section-height-default\" data-id=\"a207231\" data-element_type=\"section\" data-e-type=\"section\">\n\t\t\t\t\t\t<div class=\"elementor-container elementor-column-gap-default\">\n\t\t\t\t\t<div class=\"elementor-column elementor-col-50 elementor-inner-column elementor-element elementor-element-b8168c0\" data-id=\"b8168c0\" data-element_type=\"column\" data-e-type=\"column\">\n\t\t\t<div class=\"elementor-widget-wrap elementor-element-populated\">\n\t\t\t\t\t\t<div class=\"elementor-element elementor-element-036125f elementor-widget elementor-widget-image\" data-id=\"036125f\" data-element_type=\"widget\" data-e-type=\"widget\" data-widget_type=\"image.default\">\n\t\t\t\t<div class=\"elementor-widget-container\">\n\t\t\t\t\t\t\t\t\t\t\t\t\t\t\t<img decoding=\"async\" width=\"800\" height=\"534\" src=\"https:\/\/turismosantjoan.es\/wp-content\/uploads\/2023\/09\/FOTO-DE-SUSTITUCION-3-CORO-1024x683.jpg\" class=\"attachment-large size-large wp-image-6048\" alt=\"\" srcset=\"https:\/\/turismosantjoan.es\/wp-content\/uploads\/2023\/09\/FOTO-DE-SUSTITUCION-3-CORO-1024x683.jpg 1024w, https:\/\/turismosantjoan.es\/wp-content\/uploads\/2023\/09\/FOTO-DE-SUSTITUCION-3-CORO-300x200.jpg 300w, https:\/\/turismosantjoan.es\/wp-content\/uploads\/2023\/09\/FOTO-DE-SUSTITUCION-3-CORO-768x512.jpg 768w, https:\/\/turismosantjoan.es\/wp-content\/uploads\/2023\/09\/FOTO-DE-SUSTITUCION-3-CORO.jpg 1500w\" sizes=\"(max-width: 800px) 100vw, 800px\" \/>\t\t\t\t\t\t\t\t\t\t\t\t\t\t\t<\/div>\n\t\t\t\t<\/div>\n\t\t\t\t\t<\/div>\n\t\t<\/div>\n\t\t\t\t<div class=\"elementor-column elementor-col-50 elementor-inner-column elementor-element elementor-element-faf5f26\" data-id=\"faf5f26\" data-element_type=\"column\" data-e-type=\"column\">\n\t\t\t<div class=\"elementor-widget-wrap elementor-element-populated\">\n\t\t\t\t\t\t<div class=\"elementor-element elementor-element-d50224f elementor-widget elementor-widget-image\" data-id=\"d50224f\" data-element_type=\"widget\" data-e-type=\"widget\" data-widget_type=\"image.default\">\n\t\t\t\t<div class=\"elementor-widget-container\">\n\t\t\t\t\t\t\t\t\t\t\t\t\t\t\t<img loading=\"lazy\" decoding=\"async\" width=\"800\" height=\"534\" src=\"https:\/\/turismosantjoan.es\/wp-content\/uploads\/2023\/09\/FOTO-DE-SUSTITUCION-3-CORO2-1024x683.jpg\" class=\"attachment-large size-large wp-image-6051\" alt=\"\" srcset=\"https:\/\/turismosantjoan.es\/wp-content\/uploads\/2023\/09\/FOTO-DE-SUSTITUCION-3-CORO2-1024x683.jpg 1024w, https:\/\/turismosantjoan.es\/wp-content\/uploads\/2023\/09\/FOTO-DE-SUSTITUCION-3-CORO2-300x200.jpg 300w, https:\/\/turismosantjoan.es\/wp-content\/uploads\/2023\/09\/FOTO-DE-SUSTITUCION-3-CORO2-768x512.jpg 768w, https:\/\/turismosantjoan.es\/wp-content\/uploads\/2023\/09\/FOTO-DE-SUSTITUCION-3-CORO2-1536x1024.jpg 1536w, https:\/\/turismosantjoan.es\/wp-content\/uploads\/2023\/09\/FOTO-DE-SUSTITUCION-3-CORO2-2048x1365.jpg 2048w\" sizes=\"(max-width: 800px) 100vw, 800px\" \/>\t\t\t\t\t\t\t\t\t\t\t\t\t\t\t<\/div>\n\t\t\t\t<\/div>\n\t\t\t\t\t<\/div>\n\t\t<\/div>\n\t\t\t\t\t<\/div>\n\t\t<\/section>\n\t\t\t\t<div class=\"elementor-element elementor-element-281fd12 elementor-widget elementor-widget-text-editor\" data-id=\"281fd12\" data-element_type=\"widget\" data-e-type=\"widget\" data-widget_type=\"text-editor.default\">\n\t\t\t\t<div class=\"elementor-widget-container\">\n\t\t\t\t\t\t\t\t\t<div class=\"wpb_text_column wpb_content_element \"><div class=\"wpb_wrapper\"><p align=\"JUSTIFY\">Per tant, els Dolores es van interpretar des de la seua creaci\u00f3 fins a la d\u00e8cada dels setanta, a excepci\u00f3 dels anys de Guerra Civil, durant la Setmana de Passi\u00f3, pr\u00e8via a la Setmana Santa. En els anys 70 van deixar de sonar, per\u00f2 en 1994 la Junta de Confraries va impulsar la seua recuperaci\u00f3 recaptant el testimoniatge d&#8217;algunes persones com a Sra. Dolores Caturla Ant\u00f3n o Sr. Antonio Climent Ferr\u00e1ndiz, gr\u00e0cies als quals es va poder recuperar la part vocal. Aquest \u00faltim, llavors director de la banda de m\u00fasica, va realitzar la nova instrumentaci\u00f3 basada en l&#8217;original segons records i antigues partitures. Els Dolores van tornar a sonar el 22 de mar\u00e7 de 1997, Dissabte de Passi\u00f3, a l&#8217;Esgl\u00e9sia Parroquial amb la participaci\u00f3 de l&#8217;Orfe\u00f3 Sant Joan i la Societat Musical La Paz. En 2002, l&#8217;ex director de l&#8217;Orfe\u00f3 Sant Joan, Alberto Alcaraz Pastor va realitzar l&#8217;adaptaci\u00f3 a quatre veus mixtes i banda, que \u00e9s com s&#8217;interpreten en l&#8217;actualitat pel propi Orfe\u00f3 i una secci\u00f3 de la Societat Musical La Paz.<\/p><\/div><\/div>\t\t\t\t\t\t\t\t<\/div>\n\t\t\t\t<\/div>\n\t\t\t\t<div class=\"elementor-element elementor-element-f0b4462 elementor-widget elementor-widget-text-editor\" data-id=\"f0b4462\" data-element_type=\"widget\" data-e-type=\"widget\" data-widget_type=\"text-editor.default\">\n\t\t\t\t<div class=\"elementor-widget-container\">\n\t\t\t\t\t\t\t\t\t<p><a href=\"https:\/\/turismosantjoan.es\/wp-content\/uploads\/2023\/08\/letra-canto-de-los-dolores.pdf\">LLETRA CANTO DELS DOLORES<\/a><\/p>\t\t\t\t\t\t\t\t<\/div>\n\t\t\t\t<\/div>\n\t\t\t\t\t<\/div>\n\t\t<\/div>\n\t\t\t\t\t<\/div>\n\t\t<\/section>\n\t\t\t\t<section class=\"elementor-section elementor-top-section elementor-element elementor-element-21b539a5 elementor-section-boxed elementor-section-height-default elementor-section-height-default\" data-id=\"21b539a5\" data-element_type=\"section\" data-e-type=\"section\">\n\t\t\t\t\t\t<div class=\"elementor-container elementor-column-gap-default\">\n\t\t\t\t\t<div class=\"elementor-column elementor-col-100 elementor-top-column elementor-element elementor-element-e558675\" data-id=\"e558675\" data-element_type=\"column\" data-e-type=\"column\">\n\t\t\t<div class=\"elementor-widget-wrap elementor-element-populated\">\n\t\t\t\t\t\t<div class=\"elementor-element elementor-element-55b3513d elementor-widget elementor-widget-heading\" data-id=\"55b3513d\" data-element_type=\"widget\" data-e-type=\"widget\" data-widget_type=\"heading.default\">\n\t\t\t\t<div class=\"elementor-widget-container\">\n\t\t\t\t\t<h2 class=\"elementor-heading-title elementor-size-default\">Sabies que\u2026?<\/h2>\t\t\t\t<\/div>\n\t\t\t\t<\/div>\n\t\t\t\t<div class=\"elementor-element elementor-element-f09e9e9 elementor-widget elementor-widget-text-editor\" data-id=\"f09e9e9\" data-element_type=\"widget\" data-e-type=\"widget\" data-widget_type=\"text-editor.default\">\n\t\t\t\t<div class=\"elementor-widget-container\">\n\t\t\t\t\t\t\t\t\t<p align=\"JUSTIFY\">La devoci\u00f3 popular pels Dolores de la Verge s&#8217;inicia en tota la cristiandat entorn de l&#8217;Edat mitjana. Com a part de la devoci\u00f3 van apar\u00e9ixer uns cants associats que s&#8217;interpretaven durant la Quaresma i la Setmana Santa, al costat de la resta d&#8217;actes piadosos i devocionales, com eren els cultes i processons amb les imatges de la Passi\u00f3. En l&#8217;antic Regne de Val\u00e8ncia algunes dades situen aquests cants en el segle XVI. L&#8217;obra, originalment, presentava unes caracter\u00edstiques molt similars a les d&#8217;altres \u2018Dolores\u2019 a la Verge, enquadrats en la tradici\u00f3 mariana europea popular, \u00edntimament emparentada amb el Viacrucis, i l&#8217;origen del qual es troba en la baixa Edat mitjana. Amb una estructura predominantment *homof\u00f3nica, amb unes harmonies senzilles, carregades de lirisme i descrites en to menor, els elements de cada estaci\u00f3 (dolor) es troben descrits en la B\u00edblia (Evangelis) seguint els moments m\u00e9s dram\u00e0tics de la vida de Mar\u00eda. Els Set Dolores de la Mare de D\u00e9u estan basats en episodis b\u00edblics dels Evangelis: la profecia a Sime\u00f3n, la fugida a Egipte, la p\u00e8rdua de Jes\u00fas en el temple, la trobada amb Jes\u00fas camine del Calvari, Mar\u00eda al peu de la Creu, la mort de Jes\u00fas i la sepultura de Crist.<\/p>\t\t\t\t\t\t\t\t<\/div>\n\t\t\t\t<\/div>\n\t\t\t\t\t<\/div>\n\t\t<\/div>\n\t\t\t\t\t<\/div>\n\t\t<\/section>\n\t\t\t\t<\/div>\n\t\t","protected":false},"excerpt":{"rendered":"<p>El Cant dels Dolores El Cant dels Set Dolores de la Verge \u00e9s una obra musical polif\u00f2nica, que el mestre basc Sr. Juan Mar\u00eda Go\u00f1i L\u00f3pez de *Muna\u00edn va compondre a Sant Joan en 1883, i que m\u00e9s de 130 anys despr\u00e9s es continua cantant a l&#8217;Esgl\u00e9sia de Sant Joan Baptista el Dissabte de Passi\u00f3, [&hellip;]<\/p>\n","protected":false},"author":1,"featured_media":0,"parent":0,"menu_order":0,"comment_status":"closed","ping_status":"closed","template":"","meta":{"footnotes":""},"class_list":["post-7273","page","type-page","status-publish","hentry"],"_links":{"self":[{"href":"https:\/\/turismosantjoan.es\/ca\/wp-json\/wp\/v2\/pages\/7273","targetHints":{"allow":["GET"]}}],"collection":[{"href":"https:\/\/turismosantjoan.es\/ca\/wp-json\/wp\/v2\/pages"}],"about":[{"href":"https:\/\/turismosantjoan.es\/ca\/wp-json\/wp\/v2\/types\/page"}],"author":[{"embeddable":true,"href":"https:\/\/turismosantjoan.es\/ca\/wp-json\/wp\/v2\/users\/1"}],"replies":[{"embeddable":true,"href":"https:\/\/turismosantjoan.es\/ca\/wp-json\/wp\/v2\/comments?post=7273"}],"version-history":[{"count":0,"href":"https:\/\/turismosantjoan.es\/ca\/wp-json\/wp\/v2\/pages\/7273\/revisions"}],"wp:attachment":[{"href":"https:\/\/turismosantjoan.es\/ca\/wp-json\/wp\/v2\/media?parent=7273"}],"curies":[{"name":"wp","href":"https:\/\/api.w.org\/{rel}","templated":true}]}}