{"id":7277,"date":"2023-08-07T09:21:18","date_gmt":"2023-08-07T09:21:18","guid":{"rendered":"https:\/\/turismo-sj.developersasapglobalsolution.com\/la-muntanya-calvari\/"},"modified":"2023-09-18T08:53:28","modified_gmt":"2023-09-18T08:53:28","slug":"la-muntanya-calvari","status":"publish","type":"page","link":"https:\/\/turismosantjoan.es\/ca\/la-muntanya-calvari\/","title":{"rendered":"La muntanya Calvari"},"content":{"rendered":"\t\t<div data-elementor-type=\"wp-page\" data-elementor-id=\"7277\" class=\"elementor elementor-7277 elementor-4395\" data-elementor-post-type=\"page\">\n\t\t\t\t\t\t<section class=\"elementor-section elementor-top-section elementor-element elementor-element-589ddf9 elementor-section-content-middle elementor-section-boxed elementor-section-height-default elementor-section-height-default\" data-id=\"589ddf9\" data-element_type=\"section\" data-e-type=\"section\" data-settings=\"{&quot;background_background&quot;:&quot;classic&quot;,&quot;shape_divider_bottom&quot;:&quot;mountains&quot;,&quot;shape_divider_top&quot;:&quot;mountains&quot;}\">\n\t\t\t\t\t\t\t<div class=\"elementor-background-overlay\"><\/div>\n\t\t\t\t\t\t<div class=\"elementor-shape elementor-shape-top\" aria-hidden=\"true\" data-negative=\"false\">\n\t\t\t<svg xmlns=\"http:\/\/www.w3.org\/2000\/svg\" viewBox=\"0 0 1000 100\" preserveAspectRatio=\"none\">\n\t<path class=\"elementor-shape-fill\" opacity=\"0.33\" d=\"M473,67.3c-203.9,88.3-263.1-34-320.3,0C66,119.1,0,59.7,0,59.7V0h1000v59.7 c0,0-62.1,26.1-94.9,29.3c-32.8,3.3-62.8-12.3-75.8-22.1C806,49.6,745.3,8.7,694.9,4.7S492.4,59,473,67.3z\"\/>\n\t<path class=\"elementor-shape-fill\" opacity=\"0.66\" d=\"M734,67.3c-45.5,0-77.2-23.2-129.1-39.1c-28.6-8.7-150.3-10.1-254,39.1 s-91.7-34.4-149.2,0C115.7,118.3,0,39.8,0,39.8V0h1000v36.5c0,0-28.2-18.5-92.1-18.5C810.2,18.1,775.7,67.3,734,67.3z\"\/>\n\t<path class=\"elementor-shape-fill\" d=\"M766.1,28.9c-200-57.5-266,65.5-395.1,19.5C242,1.8,242,5.4,184.8,20.6C128,35.8,132.3,44.9,89.9,52.5C28.6,63.7,0,0,0,0 h1000c0,0-9.9,40.9-83.6,48.1S829.6,47,766.1,28.9z\"\/>\n<\/svg>\t\t<\/div>\n\t\t\t\t<div class=\"elementor-shape elementor-shape-bottom\" aria-hidden=\"true\" data-negative=\"false\">\n\t\t\t<svg xmlns=\"http:\/\/www.w3.org\/2000\/svg\" viewBox=\"0 0 1000 100\" preserveAspectRatio=\"none\">\n\t<path class=\"elementor-shape-fill\" opacity=\"0.33\" d=\"M473,67.3c-203.9,88.3-263.1-34-320.3,0C66,119.1,0,59.7,0,59.7V0h1000v59.7 c0,0-62.1,26.1-94.9,29.3c-32.8,3.3-62.8-12.3-75.8-22.1C806,49.6,745.3,8.7,694.9,4.7S492.4,59,473,67.3z\"\/>\n\t<path class=\"elementor-shape-fill\" opacity=\"0.66\" d=\"M734,67.3c-45.5,0-77.2-23.2-129.1-39.1c-28.6-8.7-150.3-10.1-254,39.1 s-91.7-34.4-149.2,0C115.7,118.3,0,39.8,0,39.8V0h1000v36.5c0,0-28.2-18.5-92.1-18.5C810.2,18.1,775.7,67.3,734,67.3z\"\/>\n\t<path class=\"elementor-shape-fill\" d=\"M766.1,28.9c-200-57.5-266,65.5-395.1,19.5C242,1.8,242,5.4,184.8,20.6C128,35.8,132.3,44.9,89.9,52.5C28.6,63.7,0,0,0,0 h1000c0,0-9.9,40.9-83.6,48.1S829.6,47,766.1,28.9z\"\/>\n<\/svg>\t\t<\/div>\n\t\t\t\t\t<div class=\"elementor-container elementor-column-gap-no\">\n\t\t\t\t\t<div class=\"elementor-column elementor-col-100 elementor-top-column elementor-element elementor-element-00b381a\" data-id=\"00b381a\" data-element_type=\"column\" data-e-type=\"column\" data-settings=\"{&quot;background_background&quot;:&quot;classic&quot;}\">\n\t\t\t<div class=\"elementor-widget-wrap elementor-element-populated\">\n\t\t\t\t\t\t<section class=\"elementor-section elementor-inner-section elementor-element elementor-element-1ad6df2 elementor-section-full_width elementor-section-height-default elementor-section-height-default\" data-id=\"1ad6df2\" data-element_type=\"section\" data-e-type=\"section\">\n\t\t\t\t\t\t<div class=\"elementor-container elementor-column-gap-default\">\n\t\t\t\t\t<div class=\"elementor-column elementor-col-100 elementor-inner-column elementor-element elementor-element-c841148\" data-id=\"c841148\" data-element_type=\"column\" data-e-type=\"column\">\n\t\t\t<div class=\"elementor-widget-wrap elementor-element-populated\">\n\t\t\t\t\t\t<div class=\"elementor-element elementor-element-3da6d2c elementor-invisible elementor-widget elementor-widget-heading\" data-id=\"3da6d2c\" data-element_type=\"widget\" data-e-type=\"widget\" data-settings=\"{&quot;_animation&quot;:&quot;fadeInUp&quot;,&quot;_animation_delay&quot;:100}\" data-widget_type=\"heading.default\">\n\t\t\t\t<div class=\"elementor-widget-container\">\n\t\t\t\t\t<h1 class=\"elementor-heading-title elementor-size-default\">LA MUNTANYA CALVARI<\/h1>\t\t\t\t<\/div>\n\t\t\t\t<\/div>\n\t\t\t\t\t<\/div>\n\t\t<\/div>\n\t\t\t\t\t<\/div>\n\t\t<\/section>\n\t\t\t\t\t<\/div>\n\t\t<\/div>\n\t\t\t\t\t<\/div>\n\t\t<\/section>\n\t\t\t\t<section class=\"elementor-section elementor-top-section elementor-element elementor-element-8b5911c elementor-section-boxed elementor-section-height-default elementor-section-height-default\" data-id=\"8b5911c\" data-element_type=\"section\" data-e-type=\"section\">\n\t\t\t\t\t\t<div class=\"elementor-container elementor-column-gap-default\">\n\t\t\t\t\t<div class=\"elementor-column elementor-col-100 elementor-top-column elementor-element elementor-element-6a4c18f\" data-id=\"6a4c18f\" data-element_type=\"column\" data-e-type=\"column\">\n\t\t\t<div class=\"elementor-widget-wrap elementor-element-populated\">\n\t\t\t\t\t\t<div class=\"elementor-element elementor-element-5c5ab1e elementor-widget elementor-widget-google_maps\" data-id=\"5c5ab1e\" data-element_type=\"widget\" data-e-type=\"widget\" data-widget_type=\"google_maps.default\">\n\t\t\t\t<div class=\"elementor-widget-container\">\n\t\t\t\t\t\t\t<div class=\"elementor-custom-embed\">\n\t\t\t<iframe loading=\"lazy\"\n\t\t\t\t\tsrc=\"https:\/\/maps.google.com\/maps?q=C.%20la%20Ermita%2C%2021%2C%2003550%20San%20Juan%20de%20Alicante%2C%20Alicante&#038;t=m&#038;z=15&#038;output=embed&#038;iwloc=near\"\n\t\t\t\t\ttitle=\"C. la Ermita, 21, 03550 San Juan de Alicante, Alicante\"\n\t\t\t\t\taria-label=\"C. la Ermita, 21, 03550 San Juan de Alicante, Alicante\"\n\t\t\t><\/iframe>\n\t\t<\/div>\n\t\t\t\t\t\t<\/div>\n\t\t\t\t<\/div>\n\t\t\t\t<div class=\"elementor-element elementor-element-0c21079 elementor-widget elementor-widget-text-editor\" data-id=\"0c21079\" data-element_type=\"widget\" data-e-type=\"widget\" data-widget_type=\"text-editor.default\">\n\t\t\t\t<div class=\"elementor-widget-container\">\n\t\t\t\t\t\t\t\t\t<p align=\"JUSTIFY\">En la vessant nord-est observem la <strong>serra Gelada, el Puig Campana, la serra d&#8217;Aitana o el Cabez\u00f3 d\u2019Or.<\/strong> Si girem la mirada cap a la vessant sud veurem la <strong>Serra Grossa o la muntanya Benacantil.<\/strong> El castell de Santa B\u00e0rbara, el <a href=\"https:\/\/turismosantjoan.es\/monasterio-de-la-santa-faz\/\">monestir de la Santa Fa\u00e7<\/a> o la <a href=\"https:\/\/turismosantjoan.es\/finca-el-de-conde-o-la-paz\/\">finca El del Comte o La Paz<\/a> s\u00f3n tamb\u00e9 visibles des d&#8217;aquest paratge.<\/p><p align=\"JUSTIFY\">El parc est\u00e0 condicionat com a \u00e0rea recreativa. Disposa de berenadors per a fer p\u00edcnic i gaudir de les vistes. Donada la seua orografia gran part del mateix no \u00e9s accessible a persones amb mobilitat redu\u00efda. La vegetaci\u00f3 del paratge \u00e9s arbustiva i compta amb una pineda en el seu extrem sud.<\/p><p align=\"JUSTIFY\">El pujol est\u00e0 coronat per <a href=\"https:\/\/turismosantjoan.es\/ermita-del-calvario\/\">l&#8217;ermita del Calvari<\/a>, una construcci\u00f3 del segle XVIII amb planta de creu grega coberta per una xicoteta c\u00fapula. El conjunt era el final d&#8217;un Viacrucis que s&#8217;al\u00e7ava ac\u00ed, existint diversos casetones amb panells cer\u00e0mics que recordaven les escenes del calvari. Des de sempre, el paratge va ser un lloc de visita dels habitants del poble que venien a passar el seu dia de descans, sobretot durant La Pasqua. Tamb\u00e9 era escenari de competicions infantils, on els xiquets jugaven a llan\u00e7ar pedres contra els xiquets de Mutxamel.<\/p><p align=\"JUSTIFY\">A m\u00e9s el lloc compta amb <strong>dos antics aljubs<\/strong>, un semienterrado en el vessant de la muntanya realitzada en pedra amb volta semicircular, i un altre situat dins del <a href=\"https:\/\/turismosantjoan.es\/ca\/cementeri-de-sant-joan\/\">cementeri municipal<\/a> tamb\u00e9 de pedra per\u00f2 arrebossat. El cementeri tamb\u00e9 \u00e9s un lloc d&#8217;inter\u00e9s, va ser inaugurat en 1883 i el seu interior alberga valuosos panteons del segle XIX pertanyents a les classes altes de Sant Joan i la seua Horta. La visita a la necr\u00f2poli est\u00e0 permesa per\u00f2 s&#8217;espera dels visitants que respecten la mem\u00f2ria dels difunts, quedant expressament prohibida la realitzaci\u00f3 de fotografies.<\/p><p align=\"JUSTIFY\">Aquest escenari va ser protagonista d&#8217;un fet hist\u00f2ric quan el 25 d&#8217;abril de 1812 les tropes espanyoles i franceses van combatre durant quatre hores. El conflicte va acabar resolent-se amb la retirada de les tropes espanyoles a Alacant.<\/p><p align=\"JUSTIFY\">A escassos metres de l&#8217;acc\u00e9s a la muntanya es troba <a href=\"https:\/\/www.turismosantjoan.es\/?page_id=99993400\">l&#8217;ermita de Santa Ana<\/a>, que data del segle XVI, una construcci\u00f3 singular amb fa\u00e7ana en cadirat, situada junt una bassa de reg. L&#8217;ermita est\u00e0 molt pr\u00f2xima la <a href=\"https:\/\/www.turismosantjoan.es\/?page_id=99993337\">casa i torre Salafranca<\/a>, tamb\u00e9 del segle XVI. Aquesta torre est\u00e0 declarat B\u00e9 d&#8217;Inter\u00e9s Cultural ja que pertany al conjunt de les Torres de l&#8217;Horta, que constitu\u00efa el sistema defensiu en \u00e8poca baixmedieval i modern, protegint el Camp d\u2019Alacant de les incursions barbaresques.<\/p><p align=\"JUSTIFY\">La muntanya Calvari \u00e9s un lloc fascinant on gaudir de la calma i l&#8217;assossec alhora que permet con\u00e9ixer una part important de la nostra hist\u00f2ria, ja que en ell apareixen els elements m\u00e9s caracter\u00edstics del nostre paisatge, l&#8217;Horta i les seues infraestructures de reg, les torres de defensa i cases pairals juntament amb els edificis religiosos, tot aix\u00f2 en un entorn forestal que ofereix unes excepcionals vistes de la prov\u00edncia d&#8217;Alacant.<\/p><p align=\"JUSTIFY\">Per a con\u00e9ixer m\u00e9s sobre aquest paisatge i la poblaci\u00f3 de <a href=\"http:\/\/www.turismosantjoan.es\/\">Sant Joan d&#8217;Alacant<\/a> pots continuar pel <a href=\"https:\/\/turismosantjoan.es\/ca\/camins-tradicionals\/\">Cam\u00ed del Seren\u00ed<\/a>-corresponent al carrer Pintor Sorolla- i que enlla\u00e7a amb l&#8217;antic cam\u00ed de Lloixa.<\/p>\t\t\t\t\t\t\t\t<\/div>\n\t\t\t\t<\/div>\n\t\t\t\t<div class=\"elementor-element elementor-element-79faa09 elementor-arrows-position-inside elementor-pagination-position-outside elementor-widget elementor-widget-image-carousel\" data-id=\"79faa09\" data-element_type=\"widget\" data-e-type=\"widget\" data-settings=\"{&quot;slides_to_show&quot;:&quot;1&quot;,&quot;navigation&quot;:&quot;both&quot;,&quot;autoplay&quot;:&quot;yes&quot;,&quot;pause_on_hover&quot;:&quot;yes&quot;,&quot;pause_on_interaction&quot;:&quot;yes&quot;,&quot;autoplay_speed&quot;:5000,&quot;infinite&quot;:&quot;yes&quot;,&quot;effect&quot;:&quot;slide&quot;,&quot;speed&quot;:500}\" data-widget_type=\"image-carousel.default\">\n\t\t\t\t<div class=\"elementor-widget-container\">\n\t\t\t\t\t\t\t<div class=\"elementor-image-carousel-wrapper swiper\" role=\"region\" aria-roledescription=\"carousel\" aria-label=\"Image Carousel\" dir=\"ltr\">\n\t\t\t<div class=\"elementor-image-carousel swiper-wrapper\" aria-live=\"off\">\n\t\t\t\t\t\t\t\t<div class=\"swiper-slide\" role=\"group\" aria-roledescription=\"slide\" aria-label=\"1 of 6\"><figure class=\"swiper-slide-inner\"><img decoding=\"async\" class=\"swiper-slide-image\" src=\"https:\/\/turismosantjoan.es\/wp-content\/uploads\/2023\/07\/Ermita-calvari-1000x550-2.gif\" alt=\"Ermita calvari-1000x550\" \/><\/figure><\/div><div class=\"swiper-slide\" role=\"group\" aria-roledescription=\"slide\" aria-label=\"2 of 6\"><figure class=\"swiper-slide-inner\"><img decoding=\"async\" class=\"swiper-slide-image\" src=\"https:\/\/turismosantjoan.es\/wp-content\/uploads\/2023\/07\/patrimonio-natural-Ermita-Calvari.gif\" alt=\"patrimonio natural Ermita-Calvari\" \/><\/figure><\/div><div class=\"swiper-slide\" role=\"group\" aria-roledescription=\"slide\" aria-label=\"3 of 6\"><figure class=\"swiper-slide-inner\"><img decoding=\"async\" class=\"swiper-slide-image\" src=\"https:\/\/turismosantjoan.es\/wp-content\/uploads\/2023\/07\/patrimonio-cultural-ermital-calvari.gif\" alt=\"patrimonio cultural ermital calvari\" \/><\/figure><\/div><div class=\"swiper-slide\" role=\"group\" aria-roledescription=\"slide\" aria-label=\"4 of 6\"><figure class=\"swiper-slide-inner\"><img decoding=\"async\" class=\"swiper-slide-image\" src=\"https:\/\/turismosantjoan.es\/wp-content\/uploads\/2023\/07\/patrimonio-cultural-MONTE-CALVARI-4.gif\" alt=\"patrimonio cultural MONTE-CALVARI-4\" \/><\/figure><\/div><div class=\"swiper-slide\" role=\"group\" aria-roledescription=\"slide\" aria-label=\"5 of 6\"><figure class=\"swiper-slide-inner\"><img decoding=\"async\" class=\"swiper-slide-image\" src=\"https:\/\/turismosantjoan.es\/wp-content\/uploads\/2023\/07\/ermita-calvari-1-1200x800-1.gif\" alt=\"ermita-calvari-1-1200x800\" \/><\/figure><\/div><div class=\"swiper-slide\" role=\"group\" aria-roledescription=\"slide\" aria-label=\"6 of 6\"><figure class=\"swiper-slide-inner\"><img decoding=\"async\" class=\"swiper-slide-image\" src=\"https:\/\/turismosantjoan.es\/wp-content\/uploads\/2023\/07\/ermita-calvari-1000x550-1.gif\" alt=\"ermita-calvari-1000x550\" \/><\/figure><\/div>\t\t\t<\/div>\n\t\t\t\t\t\t\t\t\t\t\t\t<div class=\"elementor-swiper-button elementor-swiper-button-prev\" role=\"button\" tabindex=\"0\">\n\t\t\t\t\t\t<i aria-hidden=\"true\" class=\"eicon-chevron-left\"><\/i>\t\t\t\t\t<\/div>\n\t\t\t\t\t<div class=\"elementor-swiper-button elementor-swiper-button-next\" role=\"button\" tabindex=\"0\">\n\t\t\t\t\t\t<i aria-hidden=\"true\" class=\"eicon-chevron-right\"><\/i>\t\t\t\t\t<\/div>\n\t\t\t\t\n\t\t\t\t\t\t\t\t\t<div class=\"swiper-pagination\"><\/div>\n\t\t\t\t\t\t\t\t\t<\/div>\n\t\t\t\t\t\t<\/div>\n\t\t\t\t<\/div>\n\t\t\t\t\t<\/div>\n\t\t<\/div>\n\t\t\t\t\t<\/div>\n\t\t<\/section>\n\t\t\t\t<\/div>\n\t\t","protected":false},"excerpt":{"rendered":"<p>LA MUNTANYA CALVARI En la vessant nord-est observem la serra Gelada, el Puig Campana, la serra d&#8217;Aitana o el Cabez\u00f3 d\u2019Or. Si girem la mirada cap a la vessant sud veurem la Serra Grossa o la muntanya Benacantil. El castell de Santa B\u00e0rbara, el monestir de la Santa Fa\u00e7 o la finca El del Comte [&hellip;]<\/p>\n","protected":false},"author":1,"featured_media":0,"parent":0,"menu_order":0,"comment_status":"closed","ping_status":"closed","template":"","meta":{"footnotes":""},"class_list":["post-7277","page","type-page","status-publish","hentry"],"_links":{"self":[{"href":"https:\/\/turismosantjoan.es\/ca\/wp-json\/wp\/v2\/pages\/7277","targetHints":{"allow":["GET"]}}],"collection":[{"href":"https:\/\/turismosantjoan.es\/ca\/wp-json\/wp\/v2\/pages"}],"about":[{"href":"https:\/\/turismosantjoan.es\/ca\/wp-json\/wp\/v2\/types\/page"}],"author":[{"embeddable":true,"href":"https:\/\/turismosantjoan.es\/ca\/wp-json\/wp\/v2\/users\/1"}],"replies":[{"embeddable":true,"href":"https:\/\/turismosantjoan.es\/ca\/wp-json\/wp\/v2\/comments?post=7277"}],"version-history":[{"count":0,"href":"https:\/\/turismosantjoan.es\/ca\/wp-json\/wp\/v2\/pages\/7277\/revisions"}],"wp:attachment":[{"href":"https:\/\/turismosantjoan.es\/ca\/wp-json\/wp\/v2\/media?parent=7277"}],"curies":[{"name":"wp","href":"https:\/\/api.w.org\/{rel}","templated":true}]}}