{"id":7279,"date":"2023-07-21T09:35:35","date_gmt":"2023-07-21T09:35:35","guid":{"rendered":"https:\/\/turismo-sj.developersasapglobalsolution.com\/el-tresor-de-sant-joan-dalacant\/"},"modified":"2023-09-18T09:01:04","modified_gmt":"2023-09-18T09:01:04","slug":"el-tresor-de-sant-joan-dalacant","status":"publish","type":"page","link":"https:\/\/turismosantjoan.es\/ca\/el-tresor-de-sant-joan-dalacant\/","title":{"rendered":"El Tresor de Sant Joan d&#8217;Alacant"},"content":{"rendered":"\t\t<div data-elementor-type=\"wp-page\" data-elementor-id=\"7279\" class=\"elementor elementor-7279 elementor-2590\" data-elementor-post-type=\"page\">\n\t\t\t\t\t\t<section class=\"elementor-section elementor-top-section elementor-element elementor-element-a160f52 elementor-section-boxed elementor-section-height-default elementor-section-height-default\" data-id=\"a160f52\" data-element_type=\"section\" data-e-type=\"section\" data-settings=\"{&quot;shape_divider_top&quot;:&quot;mountains&quot;,&quot;background_background&quot;:&quot;classic&quot;}\">\n\t\t\t\t\t<div class=\"elementor-shape elementor-shape-top\" aria-hidden=\"true\" data-negative=\"false\">\n\t\t\t<svg xmlns=\"http:\/\/www.w3.org\/2000\/svg\" viewBox=\"0 0 1000 100\" preserveAspectRatio=\"none\">\n\t<path class=\"elementor-shape-fill\" opacity=\"0.33\" d=\"M473,67.3c-203.9,88.3-263.1-34-320.3,0C66,119.1,0,59.7,0,59.7V0h1000v59.7 c0,0-62.1,26.1-94.9,29.3c-32.8,3.3-62.8-12.3-75.8-22.1C806,49.6,745.3,8.7,694.9,4.7S492.4,59,473,67.3z\"\/>\n\t<path class=\"elementor-shape-fill\" opacity=\"0.66\" d=\"M734,67.3c-45.5,0-77.2-23.2-129.1-39.1c-28.6-8.7-150.3-10.1-254,39.1 s-91.7-34.4-149.2,0C115.7,118.3,0,39.8,0,39.8V0h1000v36.5c0,0-28.2-18.5-92.1-18.5C810.2,18.1,775.7,67.3,734,67.3z\"\/>\n\t<path class=\"elementor-shape-fill\" d=\"M766.1,28.9c-200-57.5-266,65.5-395.1,19.5C242,1.8,242,5.4,184.8,20.6C128,35.8,132.3,44.9,89.9,52.5C28.6,63.7,0,0,0,0 h1000c0,0-9.9,40.9-83.6,48.1S829.6,47,766.1,28.9z\"\/>\n<\/svg>\t\t<\/div>\n\t\t\t\t\t<div class=\"elementor-container elementor-column-gap-no\">\n\t\t\t\t\t<div class=\"elementor-column elementor-col-100 elementor-top-column elementor-element elementor-element-80f9aea\" data-id=\"80f9aea\" data-element_type=\"column\" data-e-type=\"column\">\n\t\t\t<div class=\"elementor-widget-wrap elementor-element-populated\">\n\t\t\t\t\t\t<div class=\"elementor-element elementor-element-b218aaa elementor-widget elementor-widget-heading\" data-id=\"b218aaa\" data-element_type=\"widget\" data-e-type=\"widget\" data-widget_type=\"heading.default\">\n\t\t\t\t<div class=\"elementor-widget-container\">\n\t\t\t\t\t<h1 class=\"elementor-heading-title elementor-size-xxl\">El Tresor de Sant Joan d'Alacant<\/h1>\t\t\t\t<\/div>\n\t\t\t\t<\/div>\n\t\t\t\t\t<\/div>\n\t\t<\/div>\n\t\t\t\t\t<\/div>\n\t\t<\/section>\n\t\t\t\t<section class=\"elementor-section elementor-top-section elementor-element elementor-element-7fdb2ea elementor-section-boxed elementor-section-height-default elementor-section-height-default\" data-id=\"7fdb2ea\" data-element_type=\"section\" data-e-type=\"section\">\n\t\t\t\t\t\t<div class=\"elementor-container elementor-column-gap-default\">\n\t\t\t\t\t<div class=\"elementor-column elementor-col-100 elementor-top-column elementor-element elementor-element-79a7f17\" data-id=\"79a7f17\" data-element_type=\"column\" data-e-type=\"column\">\n\t\t\t<div class=\"elementor-widget-wrap elementor-element-populated\">\n\t\t\t\t\t\t<div class=\"elementor-element elementor-element-36a6aa7 elementor-widget elementor-widget-text-editor\" data-id=\"36a6aa7\" data-element_type=\"widget\" data-e-type=\"widget\" data-widget_type=\"text-editor.default\">\n\t\t\t\t<div class=\"elementor-widget-container\">\n\t\t\t\t\t\t\t\t\t<p>Aquest extraordinari <a href=\"http:\/\/www.marqalicante.com\/contenido\/publicaciones\/pub_122.pdf\">conjunt de monedes d&#8217;\u00e8poca contempor\u00e0nia<\/a> va ser trobat en el nostre municipi el 13 d&#8217;abril de 1963. \u00c9s el tresor d&#8217;aquestes caracter\u00edstiques m\u00e9s interessant i important de la prov\u00edncia d&#8217;Alacant per la riquesa i vistositat de les seues monedes, per l&#8217;espl\u00e8ndid estat de conservaci\u00f3 d&#8217;algunes d&#8217;elles i perqu\u00e8 \u00e9s una excel\u00b7lent mostra de la moneda d&#8217;or i, sobretot, de plata que hi havia en circulaci\u00f3 a la comarca de L&#8217;Alacant\u00ed durant el primer quart del segle XIX. Actualment, s&#8217;encarrega de la seua cust\u00f2dia el *MARQ (Museu Arqueol\u00f2gic Provincial d&#8217;Alacant).<\/p><p>Est\u00e0 format per 15 monedes d&#8217;or i 486 de plata, encunyades pels reis i pretendents al tron compresos entre Felip V (1700-1746) i l&#8217;arxiduc Carles (1701-1714) i el rei Ferran VII (1808-1833). Les m\u00e9s antigues es daten l&#8217;any 1708 i les m\u00e9s modernes s\u00f3n reals de 4 encunyats en 1823. El fet que aquests \u00faltims a penes mostren desgast, indica que van circular poc el que ens permet deduir que el tresor va ser amagat en 1823.<\/p><p align=\"JUSTIFY\">Gr\u00e0cies a la labor documental realitzada ens ha sigut possible con\u00e9ixer les circumst\u00e0ncies que van envoltar aquesta troballa. De vital import\u00e0ncia han sigut els expedients custodiats pel <a href=\"http:\/\/www.marqalicante.com\/\">MARQ<\/a>, l&#8217;expedient arxivat en l&#8217;Arxiu General de l&#8217;Administraci\u00f3 (AGA, Alcal\u00e1 de Henares) \u201cTroballa de monedes en finca de Sant Joan (Alacant) en finca de Sr. Vicente Ferrer Escriv\u00e1\u201d i les not\u00edcies de premsa de l&#8217;\u00e8poca. Tot aix\u00f2 completat amb entrevistes a les persones presents en el moment del descobriment o amb familiars seus.<\/p><p align=\"JUSTIFY\">Aix\u00ed, sabem que aquest tresor es va trobar a la casa situada en el n\u00famero 6 del carrer Col\u00f3n de Sant Joan d&#8217;Alacant quan s&#8217;estaven fent treballs de reforma per part de la persona que acabava de comprar l&#8217;habitatge. En aquell moment, estaven treballant el propietari de la casa, Vicente Ferrer Escriv\u00e1, Jos\u00e9 Sala Pastor i Francisco Gos\u00e1lbez Sala. Quan es disposaven a derrocar un mur de la casa, es va descobrir que en ell s&#8217;havia deixat un espai en el qual s&#8217;havia guardat una olla de cuina d&#8217;uns 20 cm de di\u00e0metre dins de la qual estaven guardades les monedes.<\/p><p align=\"JUSTIFY\">A les poques hores, Vicente Ferrer Escriv\u00e1, complint amb la legislaci\u00f3 vigent del moment, que establia que eren propietat de l&#8217;Estat les antiguitats trobades casualment, es va despla\u00e7ar a l&#8217;Ajuntament amb el conjunt de monedes i l&#8217;olla, que all\u00ed van quedar depositades i custodiades pr\u00e8via realitzaci\u00f3 d&#8217;un inventari. D&#8217;ac\u00ed, despr\u00e9s d&#8217;una s\u00e8rie d&#8217;informes, el 27 de juny del mateix any es va formalitzar l&#8217;Acta de dep\u00f2sit del conjunt en l&#8217;Excma. Diputaci\u00f3 Provincial d&#8217;Alacant. El 10 d&#8217;octubre es va designar a Manuel Jorge Aragoneses, llavors director del Museu Arqueol\u00f2gic de M\u00farcia, com a taxador procedint-se al recompte, catalogaci\u00f3 i valoraci\u00f3 del conjunt. Finalment, en 1967 l&#8217;Administraci\u00f3 va adquirir el tresor amb destinaci\u00f3 al Museu Arqueol\u00f2gic d&#8217;Alacant, reconeixent a Vicente Ferrer Escriv\u00e1 com a descobridor i propietari de la finca on es va trobar el conjunt.<\/p><p align=\"JUSTIFY\">L&#8217;estudi numism\u00e0tic realitzat i les dades obtingudes de les circumst\u00e0ncies de la troballa han perm\u00e9s extraure conclusions hist\u00f2riques de gran valor. Encara que haja passat m\u00e9s de mig segle, les dades obtingudes ens han perm\u00e9s reconstruir una microhist\u00f2ria sobre el perfil socioecon\u00f2mic de qui va amagar el tresor i que s&#8217;emmarca coherentment amb els esdeveniments viscuts a la comarca de L&#8217;Alacant\u00ed durant l&#8217;any 1823. Aquesta data ve marcada per l&#8217;entrada d&#8217;Espanya dels Cent Mil Fills de Sant Llu\u00eds i la fi del Trienni Liberal. Episodi va vindre acompanyat d&#8217;una repressi\u00f3 absolutista que van patir els liberals d&#8217;Alacant arran de la capitulaci\u00f3 de la ciutat davant les tropes absolutistes al novembre de 1823. \u00c9s del tot l\u00f2gic, en aquest ambient d&#8217;incertesa i inestabilitat, que el propietari original de les monedes volguera amagar-les.<\/p><p align=\"JUSTIFY\">En aquell moment, la poblaci\u00f3 de Sant Joan d&#8217;Alacant, el terme de la qual quedava dins de la coneguda com a Horta d&#8217;Alacant, basava la seua economia en l&#8217;agricultura. Despr\u00e9s de l&#8217;estudi dels documents, es va concloure que qui va ocultar el tresor va ser Antonio Quereda Ch\u00e1puli, natural de Sant Joan d&#8217;Alacant, propietari de la casa l&#8217;any en qu\u00e8 es va depositar el conjunt, jornaler i que va morir sense fer testament i sense hereus directes. Aquest tipus d&#8217;amagatall delata que degu\u00e9 construir-ho el propietari del tresor i de la casa, ja que estava convenientment preparat i pensat per a guardar, en lloc segur i durant anys, una acumulaci\u00f3 de riquesa amb la intenci\u00f3 de recuperar-ho m\u00e9s endavant. Per\u00f2 a la seua mort no va informar a ning\u00fa de la seua exist\u00e8ncia i all\u00ed va romandre ocult durant 140 anys fins que els seus descendents van vendre la casa en 1834 ignorant el que l&#8217;immoble amagava.<\/p><p align=\"JUSTIFY\">Aquesta troballa, encara mig segle despr\u00e9s, roman en la consci\u00e8ncia col\u00b7lectiva de Sant Joan d&#8217;Alacant ja que va ser un gran esdeveniment per al municipi donada la seua naturalesa i circumst\u00e0ncies. A m\u00e9s, es tracta d&#8217;un exemple d&#8217;actitud c\u00edvica i mod\u00e8lica de les persones que el van trobar permetent que el tresor arribara \u00edntegrament fins nosaltres preservant-se com un document excepcional de la hist\u00f2ria de Sant Joan i d&#8217;Alacant.<\/p>\t\t\t\t\t\t\t\t<\/div>\n\t\t\t\t<\/div>\n\t\t\t\t<section class=\"elementor-section elementor-inner-section elementor-element elementor-element-24b97cc elementor-section-boxed elementor-section-height-default elementor-section-height-default\" data-id=\"24b97cc\" data-element_type=\"section\" data-e-type=\"section\">\n\t\t\t\t\t\t<div class=\"elementor-container elementor-column-gap-default\">\n\t\t\t\t\t<div class=\"elementor-column elementor-col-50 elementor-inner-column elementor-element elementor-element-441bf8f\" data-id=\"441bf8f\" data-element_type=\"column\" data-e-type=\"column\">\n\t\t\t<div class=\"elementor-widget-wrap elementor-element-populated\">\n\t\t\t\t\t\t<div class=\"elementor-element elementor-element-adb9882 elementor-widget elementor-widget-image\" data-id=\"adb9882\" data-element_type=\"widget\" data-e-type=\"widget\" data-widget_type=\"image.default\">\n\t\t\t\t<div class=\"elementor-widget-container\">\n\t\t\t\t\t\t\t\t\t\t\t\t\t\t\t<img fetchpriority=\"high\" decoding=\"async\" width=\"800\" height=\"600\" src=\"https:\/\/turismosantjoan.es\/wp-content\/uploads\/2023\/07\/TESORILLO-DE-SANT-JOAN-1067x800-1-1024x768.jpg\" class=\"attachment-large size-large wp-image-380\" alt=\"\" srcset=\"https:\/\/turismosantjoan.es\/wp-content\/uploads\/2023\/07\/TESORILLO-DE-SANT-JOAN-1067x800-1-1024x768.jpg 1024w, https:\/\/turismosantjoan.es\/wp-content\/uploads\/2023\/07\/TESORILLO-DE-SANT-JOAN-1067x800-1-300x225.jpg 300w, https:\/\/turismosantjoan.es\/wp-content\/uploads\/2023\/07\/TESORILLO-DE-SANT-JOAN-1067x800-1-768x576.jpg 768w, https:\/\/turismosantjoan.es\/wp-content\/uploads\/2023\/07\/TESORILLO-DE-SANT-JOAN-1067x800-1.jpg 1067w\" sizes=\"(max-width: 800px) 100vw, 800px\" \/>\t\t\t\t\t\t\t\t\t\t\t\t\t\t\t<\/div>\n\t\t\t\t<\/div>\n\t\t\t\t<div class=\"elementor-element elementor-element-01626bc elementor-widget elementor-widget-text-editor\" data-id=\"01626bc\" data-element_type=\"widget\" data-e-type=\"widget\" data-widget_type=\"text-editor.default\">\n\t\t\t\t<div class=\"elementor-widget-container\">\n\t\t\t\t\t\t\t\t\t<p><i>Conjunt de les monedes del tresor de Sant Joan d&#8217;Alacant<\/i><\/p>\t\t\t\t\t\t\t\t<\/div>\n\t\t\t\t<\/div>\n\t\t\t\t\t<\/div>\n\t\t<\/div>\n\t\t\t\t<div class=\"elementor-column elementor-col-50 elementor-inner-column elementor-element elementor-element-7f9bf26\" data-id=\"7f9bf26\" data-element_type=\"column\" data-e-type=\"column\">\n\t\t\t<div class=\"elementor-widget-wrap elementor-element-populated\">\n\t\t\t\t\t\t<div class=\"elementor-element elementor-element-74f57dc elementor-widget elementor-widget-image\" data-id=\"74f57dc\" data-element_type=\"widget\" data-e-type=\"widget\" data-widget_type=\"image.default\">\n\t\t\t\t<div class=\"elementor-widget-container\">\n\t\t\t\t\t\t\t\t\t\t\t\t\t\t\t<img decoding=\"async\" width=\"800\" height=\"534\" src=\"https:\/\/turismosantjoan.es\/wp-content\/uploads\/2023\/07\/aves-comunes-1024x683-1.jpg\" class=\"attachment-large size-large wp-image-119\" alt=\"\" srcset=\"https:\/\/turismosantjoan.es\/wp-content\/uploads\/2023\/07\/aves-comunes-1024x683-1.jpg 1024w, https:\/\/turismosantjoan.es\/wp-content\/uploads\/2023\/07\/aves-comunes-1024x683-1-300x200.jpg 300w, https:\/\/turismosantjoan.es\/wp-content\/uploads\/2023\/07\/aves-comunes-1024x683-1-768x512.jpg 768w\" sizes=\"(max-width: 800px) 100vw, 800px\" \/>\t\t\t\t\t\t\t\t\t\t\t\t\t\t\t<\/div>\n\t\t\t\t<\/div>\n\t\t\t\t\t<\/div>\n\t\t<\/div>\n\t\t\t\t\t<\/div>\n\t\t<\/section>\n\t\t\t\t\t<\/div>\n\t\t<\/div>\n\t\t\t\t\t<\/div>\n\t\t<\/section>\n\t\t\t\t<\/div>\n\t\t","protected":false},"excerpt":{"rendered":"<p>El Tresor de Sant Joan d&#8217;Alacant Aquest extraordinari conjunt de monedes d&#8217;\u00e8poca contempor\u00e0nia va ser trobat en el nostre municipi el 13 d&#8217;abril de 1963. \u00c9s el tresor d&#8217;aquestes caracter\u00edstiques m\u00e9s interessant i important de la prov\u00edncia d&#8217;Alacant per la riquesa i vistositat de les seues monedes, per l&#8217;espl\u00e8ndid estat de conservaci\u00f3 d&#8217;algunes d&#8217;elles i [&hellip;]<\/p>\n","protected":false},"author":1,"featured_media":0,"parent":0,"menu_order":0,"comment_status":"closed","ping_status":"closed","template":"","meta":{"footnotes":""},"class_list":["post-7279","page","type-page","status-publish","hentry"],"_links":{"self":[{"href":"https:\/\/turismosantjoan.es\/ca\/wp-json\/wp\/v2\/pages\/7279","targetHints":{"allow":["GET"]}}],"collection":[{"href":"https:\/\/turismosantjoan.es\/ca\/wp-json\/wp\/v2\/pages"}],"about":[{"href":"https:\/\/turismosantjoan.es\/ca\/wp-json\/wp\/v2\/types\/page"}],"author":[{"embeddable":true,"href":"https:\/\/turismosantjoan.es\/ca\/wp-json\/wp\/v2\/users\/1"}],"replies":[{"embeddable":true,"href":"https:\/\/turismosantjoan.es\/ca\/wp-json\/wp\/v2\/comments?post=7279"}],"version-history":[{"count":0,"href":"https:\/\/turismosantjoan.es\/ca\/wp-json\/wp\/v2\/pages\/7279\/revisions"}],"wp:attachment":[{"href":"https:\/\/turismosantjoan.es\/ca\/wp-json\/wp\/v2\/media?parent=7279"}],"curies":[{"name":"wp","href":"https:\/\/api.w.org\/{rel}","templated":true}]}}