{"id":7281,"date":"2023-07-25T11:44:30","date_gmt":"2023-07-25T11:44:30","guid":{"rendered":"https:\/\/turismo-sj.developersasapglobalsolution.com\/ermita-de-fabraquer\/"},"modified":"2023-09-18T09:05:42","modified_gmt":"2023-09-18T09:05:42","slug":"ermita-de-fabraquer","status":"publish","type":"page","link":"https:\/\/turismosantjoan.es\/ca\/ermita-de-fabraquer\/","title":{"rendered":"Ermita de Fabraquer"},"content":{"rendered":"\t\t<div data-elementor-type=\"wp-page\" data-elementor-id=\"7281\" class=\"elementor elementor-7281 elementor-3871\" data-elementor-post-type=\"page\">\n\t\t\t\t\t\t<section class=\"elementor-section elementor-top-section elementor-element elementor-element-7933323e elementor-section-boxed elementor-section-height-default elementor-section-height-default\" data-id=\"7933323e\" data-element_type=\"section\" data-e-type=\"section\" data-settings=\"{&quot;shape_divider_top&quot;:&quot;mountains&quot;,&quot;background_background&quot;:&quot;classic&quot;}\">\n\t\t\t\t\t<div class=\"elementor-shape elementor-shape-top\" aria-hidden=\"true\" data-negative=\"false\">\n\t\t\t<svg xmlns=\"http:\/\/www.w3.org\/2000\/svg\" viewBox=\"0 0 1000 100\" preserveAspectRatio=\"none\">\n\t<path class=\"elementor-shape-fill\" opacity=\"0.33\" d=\"M473,67.3c-203.9,88.3-263.1-34-320.3,0C66,119.1,0,59.7,0,59.7V0h1000v59.7 c0,0-62.1,26.1-94.9,29.3c-32.8,3.3-62.8-12.3-75.8-22.1C806,49.6,745.3,8.7,694.9,4.7S492.4,59,473,67.3z\"\/>\n\t<path class=\"elementor-shape-fill\" opacity=\"0.66\" d=\"M734,67.3c-45.5,0-77.2-23.2-129.1-39.1c-28.6-8.7-150.3-10.1-254,39.1 s-91.7-34.4-149.2,0C115.7,118.3,0,39.8,0,39.8V0h1000v36.5c0,0-28.2-18.5-92.1-18.5C810.2,18.1,775.7,67.3,734,67.3z\"\/>\n\t<path class=\"elementor-shape-fill\" d=\"M766.1,28.9c-200-57.5-266,65.5-395.1,19.5C242,1.8,242,5.4,184.8,20.6C128,35.8,132.3,44.9,89.9,52.5C28.6,63.7,0,0,0,0 h1000c0,0-9.9,40.9-83.6,48.1S829.6,47,766.1,28.9z\"\/>\n<\/svg>\t\t<\/div>\n\t\t\t\t\t<div class=\"elementor-container elementor-column-gap-no\">\n\t\t\t\t\t<div class=\"elementor-column elementor-col-100 elementor-top-column elementor-element elementor-element-6c3675bd\" data-id=\"6c3675bd\" data-element_type=\"column\" data-e-type=\"column\">\n\t\t\t<div class=\"elementor-widget-wrap elementor-element-populated\">\n\t\t\t\t\t\t<div class=\"elementor-element elementor-element-45c8fad6 elementor-widget elementor-widget-heading\" data-id=\"45c8fad6\" data-element_type=\"widget\" data-e-type=\"widget\" data-widget_type=\"heading.default\">\n\t\t\t\t<div class=\"elementor-widget-container\">\n\t\t\t\t\t<h1 class=\"elementor-heading-title elementor-size-xxl\">Ermita de Fabraquer<\/h1>\t\t\t\t<\/div>\n\t\t\t\t<\/div>\n\t\t\t\t\t<\/div>\n\t\t<\/div>\n\t\t\t\t\t<\/div>\n\t\t<\/section>\n\t\t\t\t<section class=\"elementor-section elementor-top-section elementor-element elementor-element-5b1b09ee elementor-section-boxed elementor-section-height-default elementor-section-height-default\" data-id=\"5b1b09ee\" data-element_type=\"section\" data-e-type=\"section\">\n\t\t\t\t\t\t<div class=\"elementor-container elementor-column-gap-default\">\n\t\t\t\t\t<div class=\"elementor-column elementor-col-100 elementor-top-column elementor-element elementor-element-1fa9de12\" data-id=\"1fa9de12\" data-element_type=\"column\" data-e-type=\"column\">\n\t\t\t<div class=\"elementor-widget-wrap elementor-element-populated\">\n\t\t\t\t\t\t<div class=\"elementor-element elementor-element-7fdfe831 elementor-widget elementor-widget-google_maps\" data-id=\"7fdfe831\" data-element_type=\"widget\" data-e-type=\"widget\" data-widget_type=\"google_maps.default\">\n\t\t\t\t<div class=\"elementor-widget-container\">\n\t\t\t\t\t\t\t<div class=\"elementor-custom-embed\">\n\t\t\t<iframe loading=\"lazy\"\n\t\t\t\t\tsrc=\"https:\/\/maps.google.com\/maps?q=Cam.%20el%20de%20Marco%2C%2034%2C%2003550%20San%20Juan%20de%20Alicante%2C%20Alicante&#038;t=m&#038;z=15&#038;output=embed&#038;iwloc=near\"\n\t\t\t\t\ttitle=\"Cam. el de Marco, 34, 03550 San Juan de Alicante, Alicante\"\n\t\t\t\t\taria-label=\"Cam. el de Marco, 34, 03550 San Juan de Alicante, Alicante\"\n\t\t\t><\/iframe>\n\t\t<\/div>\n\t\t\t\t\t\t<\/div>\n\t\t\t\t<\/div>\n\t\t\t\t\t<\/div>\n\t\t<\/div>\n\t\t\t\t\t<\/div>\n\t\t<\/section>\n\t\t\t\t<section class=\"elementor-section elementor-top-section elementor-element elementor-element-62b3d6cc elementor-section-boxed elementor-section-height-default elementor-section-height-default\" data-id=\"62b3d6cc\" data-element_type=\"section\" data-e-type=\"section\">\n\t\t\t\t\t\t<div class=\"elementor-container elementor-column-gap-default\">\n\t\t\t\t\t<div class=\"elementor-column elementor-col-100 elementor-top-column elementor-element elementor-element-5bcbb76c\" data-id=\"5bcbb76c\" data-element_type=\"column\" data-e-type=\"column\">\n\t\t\t<div class=\"elementor-widget-wrap elementor-element-populated\">\n\t\t\t\t\t\t<div class=\"elementor-element elementor-element-4b226270 elementor-widget elementor-widget-text-editor\" data-id=\"4b226270\" data-element_type=\"widget\" data-e-type=\"widget\" data-widget_type=\"text-editor.default\">\n\t\t\t\t<div class=\"elementor-widget-container\">\n\t\t\t\t\t\t\t\t\t<p align=\"JUSTIFY\">L&#8217;ermita Fabraquer est\u00e0 dedicada a la <strong>Verge del Rosari<\/strong>, i celebra la seua festa anual el primer cap de setmana d&#8217;agost coincidint amb la festa de la partida. En l&#8217;altar major de l&#8217;ermita existeix un retaule de lloses cer\u00e0miques i les imatges de Crist crucificat, l&#8217;esmentada verge del Rosari i el Sagrat Cor.<\/p><p align=\"JUSTIFY\">Prop de l&#8217;enclavament trobem punts molt interessants com a <a href=\"https:\/\/www.turismosantjoan.es\/?page_id=99996360\">Vila Marco<\/a>. Es tracta d&#8217;una impressionant vila d&#8217;origen incert, l&#8217;actual configuraci\u00f3 del qual modernista \u00e9s fruit d&#8217;una reforma duta a terme en el segle XIX. El Ajuntament del Campello, consistori al qual pertany la vila, organitza visites guiades al seu jard\u00ed bot\u00e0nic, compost per una s\u00e8rie de jardins hist\u00f2rics que fan les del\u00edcies dels visitants. Si transitem pel paratge evitant les hores punta podem gaudir del cam\u00ed de Marco, un entorn que encara mant\u00e9 nombroses explotacions agr\u00e0ries, un viatge al passat on podem veure construccions com a Vila Herminia, que compta amb dues espl\u00e8ndides *araucarias de port monumental, o molt a prop Vila Rodrigo, que tamb\u00e9 posseeix la seua pr\u00f2pia ermita, i que alberga part de les instal\u00b7lacions del c\u00e0mping El Cavall Boig, que disposa de bar obert al p\u00fablic.<\/p><p align=\"JUSTIFY\">L&#8217;antiga ermita de Fabraquer era l&#8217;ermita que trobem hui en <a href=\"https:\/\/www.turismosantjoan.es\/?page_id=99991710\">la finca Abril<\/a>. Segons el cronista Montesinos va ser constru\u00efda en 1703. En aquella ermita va contraure matrimoni <strong>el poeta i escriptor Sr. Ram\u00f3n de Campoamor i Campoosorio i governador Civil d&#8217;Alacant, i la seua esposa Sra. Guillermina O\u2019*Gorman<\/strong>, dama pertanyent a una acomodada fam\u00edlia irlandesa establida a Alacant.<\/p><p align=\"JUSTIFY\">Malgrat estar una mica despla\u00e7ada del centre, els ve\u00efns acudien a ella per a celebrar els seus cultes i la festa a la Verge. No obstant aix\u00f2, l&#8217;ermita va acabar dins del tancat de la <a href=\"https:\/\/www.turismosantjoan.es\/?page_id=99991710\">finca Abril<\/a>, per la qual cosa els ve\u00efns van perdre el seu lloc de culte. Durant molts anys la barriada va mancar de cerim\u00f2nies per\u00f2 gr\u00e0cies a l&#8217;esfor\u00e7 dels ve\u00efns, es va poder construir la nova ermita de Fabraquer bene\u00efda en 1991.<\/p>\t\t\t\t\t\t\t\t<\/div>\n\t\t\t\t<\/div>\n\t\t\t\t<div class=\"elementor-element elementor-element-26d7420a elementor-arrows-position-inside elementor-pagination-position-outside elementor-widget elementor-widget-image-carousel\" data-id=\"26d7420a\" data-element_type=\"widget\" data-e-type=\"widget\" data-settings=\"{&quot;slides_to_show&quot;:&quot;1&quot;,&quot;navigation&quot;:&quot;both&quot;,&quot;autoplay&quot;:&quot;yes&quot;,&quot;pause_on_hover&quot;:&quot;yes&quot;,&quot;pause_on_interaction&quot;:&quot;yes&quot;,&quot;autoplay_speed&quot;:5000,&quot;infinite&quot;:&quot;yes&quot;,&quot;effect&quot;:&quot;slide&quot;,&quot;speed&quot;:500}\" data-widget_type=\"image-carousel.default\">\n\t\t\t\t<div class=\"elementor-widget-container\">\n\t\t\t\t\t\t\t<div class=\"elementor-image-carousel-wrapper swiper\" role=\"region\" aria-roledescription=\"carousel\" aria-label=\"Image Carousel\" dir=\"ltr\">\n\t\t\t<div class=\"elementor-image-carousel swiper-wrapper\" aria-live=\"off\">\n\t\t\t\t\t\t\t\t<div class=\"swiper-slide\" role=\"group\" aria-roledescription=\"slide\" aria-label=\"1 of 4\"><figure class=\"swiper-slide-inner\"><img decoding=\"async\" class=\"swiper-slide-image\" src=\"https:\/\/turismosantjoan.es\/wp-content\/uploads\/2023\/07\/ermita-fabraquer-1.gif\" alt=\"ermita-fabraquer 1\" \/><\/figure><\/div><div class=\"swiper-slide\" role=\"group\" aria-roledescription=\"slide\" aria-label=\"2 of 4\"><figure class=\"swiper-slide-inner\"><img decoding=\"async\" class=\"swiper-slide-image\" src=\"https:\/\/turismosantjoan.es\/wp-content\/uploads\/2023\/07\/ermita-fabraquer-2.gif\" alt=\"ermita-fabraquer 2\" \/><\/figure><\/div><div class=\"swiper-slide\" role=\"group\" aria-roledescription=\"slide\" aria-label=\"3 of 4\"><figure class=\"swiper-slide-inner\"><img decoding=\"async\" class=\"swiper-slide-image\" src=\"https:\/\/turismosantjoan.es\/wp-content\/uploads\/2023\/07\/ermita-fabraquer-3.gif\" alt=\"ermita-fabraquer 3\" \/><\/figure><\/div><div class=\"swiper-slide\" role=\"group\" aria-roledescription=\"slide\" aria-label=\"4 of 4\"><figure class=\"swiper-slide-inner\"><img decoding=\"async\" class=\"swiper-slide-image\" src=\"https:\/\/turismosantjoan.es\/wp-content\/uploads\/2023\/07\/ermita-fabraquer-4.gif\" alt=\"ermita-fabraquer 4\" \/><\/figure><\/div>\t\t\t<\/div>\n\t\t\t\t\t\t\t\t\t\t\t\t<div class=\"elementor-swiper-button elementor-swiper-button-prev\" role=\"button\" tabindex=\"0\">\n\t\t\t\t\t\t<i aria-hidden=\"true\" class=\"eicon-chevron-left\"><\/i>\t\t\t\t\t<\/div>\n\t\t\t\t\t<div class=\"elementor-swiper-button elementor-swiper-button-next\" role=\"button\" tabindex=\"0\">\n\t\t\t\t\t\t<i aria-hidden=\"true\" class=\"eicon-chevron-right\"><\/i>\t\t\t\t\t<\/div>\n\t\t\t\t\n\t\t\t\t\t\t\t\t\t<div class=\"swiper-pagination\"><\/div>\n\t\t\t\t\t\t\t\t\t<\/div>\n\t\t\t\t\t\t<\/div>\n\t\t\t\t<\/div>\n\t\t\t\t\t<\/div>\n\t\t<\/div>\n\t\t\t\t\t<\/div>\n\t\t<\/section>\n\t\t\t\t<\/div>\n\t\t","protected":false},"excerpt":{"rendered":"<p>Ermita de Fabraquer L&#8217;ermita Fabraquer est\u00e0 dedicada a la Verge del Rosari, i celebra la seua festa anual el primer cap de setmana d&#8217;agost coincidint amb la festa de la partida. En l&#8217;altar major de l&#8217;ermita existeix un retaule de lloses cer\u00e0miques i les imatges de Crist crucificat, l&#8217;esmentada verge del Rosari i el Sagrat [&hellip;]<\/p>\n","protected":false},"author":1,"featured_media":0,"parent":0,"menu_order":0,"comment_status":"closed","ping_status":"closed","template":"","meta":{"footnotes":""},"class_list":["post-7281","page","type-page","status-publish","hentry"],"_links":{"self":[{"href":"https:\/\/turismosantjoan.es\/ca\/wp-json\/wp\/v2\/pages\/7281","targetHints":{"allow":["GET"]}}],"collection":[{"href":"https:\/\/turismosantjoan.es\/ca\/wp-json\/wp\/v2\/pages"}],"about":[{"href":"https:\/\/turismosantjoan.es\/ca\/wp-json\/wp\/v2\/types\/page"}],"author":[{"embeddable":true,"href":"https:\/\/turismosantjoan.es\/ca\/wp-json\/wp\/v2\/users\/1"}],"replies":[{"embeddable":true,"href":"https:\/\/turismosantjoan.es\/ca\/wp-json\/wp\/v2\/comments?post=7281"}],"version-history":[{"count":0,"href":"https:\/\/turismosantjoan.es\/ca\/wp-json\/wp\/v2\/pages\/7281\/revisions"}],"wp:attachment":[{"href":"https:\/\/turismosantjoan.es\/ca\/wp-json\/wp\/v2\/media?parent=7281"}],"curies":[{"name":"wp","href":"https:\/\/api.w.org\/{rel}","templated":true}]}}