{"id":7283,"date":"2023-07-25T11:20:50","date_gmt":"2023-07-25T11:20:50","guid":{"rendered":"https:\/\/turismo-sj.developersasapglobalsolution.com\/ermita-de-sant-roque\/"},"modified":"2023-09-18T09:12:26","modified_gmt":"2023-09-18T09:12:26","slug":"ermita-de-sant-roque","status":"publish","type":"page","link":"https:\/\/turismosantjoan.es\/ca\/ermita-de-sant-roque\/","title":{"rendered":"Ermita de Sant Roque"},"content":{"rendered":"\t\t<div data-elementor-type=\"wp-page\" data-elementor-id=\"7283\" class=\"elementor elementor-7283 elementor-3809\" data-elementor-post-type=\"page\">\n\t\t\t\t\t\t<section class=\"elementor-section elementor-top-section elementor-element elementor-element-14c7f972 elementor-section-boxed elementor-section-height-default elementor-section-height-default\" data-id=\"14c7f972\" data-element_type=\"section\" data-e-type=\"section\" data-settings=\"{&quot;shape_divider_top&quot;:&quot;mountains&quot;,&quot;background_background&quot;:&quot;classic&quot;}\">\n\t\t\t\t\t<div class=\"elementor-shape elementor-shape-top\" aria-hidden=\"true\" data-negative=\"false\">\n\t\t\t<svg xmlns=\"http:\/\/www.w3.org\/2000\/svg\" viewBox=\"0 0 1000 100\" preserveAspectRatio=\"none\">\n\t<path class=\"elementor-shape-fill\" opacity=\"0.33\" d=\"M473,67.3c-203.9,88.3-263.1-34-320.3,0C66,119.1,0,59.7,0,59.7V0h1000v59.7 c0,0-62.1,26.1-94.9,29.3c-32.8,3.3-62.8-12.3-75.8-22.1C806,49.6,745.3,8.7,694.9,4.7S492.4,59,473,67.3z\"\/>\n\t<path class=\"elementor-shape-fill\" opacity=\"0.66\" d=\"M734,67.3c-45.5,0-77.2-23.2-129.1-39.1c-28.6-8.7-150.3-10.1-254,39.1 s-91.7-34.4-149.2,0C115.7,118.3,0,39.8,0,39.8V0h1000v36.5c0,0-28.2-18.5-92.1-18.5C810.2,18.1,775.7,67.3,734,67.3z\"\/>\n\t<path class=\"elementor-shape-fill\" d=\"M766.1,28.9c-200-57.5-266,65.5-395.1,19.5C242,1.8,242,5.4,184.8,20.6C128,35.8,132.3,44.9,89.9,52.5C28.6,63.7,0,0,0,0 h1000c0,0-9.9,40.9-83.6,48.1S829.6,47,766.1,28.9z\"\/>\n<\/svg>\t\t<\/div>\n\t\t\t\t\t<div class=\"elementor-container elementor-column-gap-no\">\n\t\t\t\t\t<div class=\"elementor-column elementor-col-100 elementor-top-column elementor-element elementor-element-60b45783\" data-id=\"60b45783\" data-element_type=\"column\" data-e-type=\"column\">\n\t\t\t<div class=\"elementor-widget-wrap elementor-element-populated\">\n\t\t\t\t\t\t<div class=\"elementor-element elementor-element-720c4696 elementor-widget elementor-widget-heading\" data-id=\"720c4696\" data-element_type=\"widget\" data-e-type=\"widget\" data-widget_type=\"heading.default\">\n\t\t\t\t<div class=\"elementor-widget-container\">\n\t\t\t\t\t<h1 class=\"elementor-heading-title elementor-size-xxl\">Ermita de Sant Roque<\/h1>\t\t\t\t<\/div>\n\t\t\t\t<\/div>\n\t\t\t\t\t<\/div>\n\t\t<\/div>\n\t\t\t\t\t<\/div>\n\t\t<\/section>\n\t\t\t\t<section class=\"elementor-section elementor-top-section elementor-element elementor-element-444643bb elementor-section-boxed elementor-section-height-default elementor-section-height-default\" data-id=\"444643bb\" data-element_type=\"section\" data-e-type=\"section\">\n\t\t\t\t\t\t<div class=\"elementor-container elementor-column-gap-default\">\n\t\t\t\t\t<div class=\"elementor-column elementor-col-100 elementor-top-column elementor-element elementor-element-41946855\" data-id=\"41946855\" data-element_type=\"column\" data-e-type=\"column\">\n\t\t\t<div class=\"elementor-widget-wrap elementor-element-populated\">\n\t\t\t\t\t\t<div class=\"elementor-element elementor-element-4c858a28 elementor-widget elementor-widget-google_maps\" data-id=\"4c858a28\" data-element_type=\"widget\" data-e-type=\"widget\" data-widget_type=\"google_maps.default\">\n\t\t\t\t<div class=\"elementor-widget-container\">\n\t\t\t\t\t\t\t<div class=\"elementor-custom-embed\">\n\t\t\t<iframe loading=\"lazy\"\n\t\t\t\t\tsrc=\"https:\/\/maps.google.com\/maps?q=Carrer%20Benimagrell%2C%2069%2C%2003550%20Sant%20Joan%20d%27Alacant%2C%20Alicante%2C%20Espa%C3%B1a&#038;t=m&#038;z=15&#038;output=embed&#038;iwloc=near\"\n\t\t\t\t\ttitle=\"Carrer Benimagrell, 69, 03550 Sant Joan d&#039;Alacant, Alicante, Espa\u00f1a\"\n\t\t\t\t\taria-label=\"Carrer Benimagrell, 69, 03550 Sant Joan d&#039;Alacant, Alicante, Espa\u00f1a\"\n\t\t\t><\/iframe>\n\t\t<\/div>\n\t\t\t\t\t\t<\/div>\n\t\t\t\t<\/div>\n\t\t\t\t\t<\/div>\n\t\t<\/div>\n\t\t\t\t\t<\/div>\n\t\t<\/section>\n\t\t\t\t<section class=\"elementor-section elementor-top-section elementor-element elementor-element-31957008 elementor-section-boxed elementor-section-height-default elementor-section-height-default\" data-id=\"31957008\" data-element_type=\"section\" data-e-type=\"section\">\n\t\t\t\t\t\t<div class=\"elementor-container elementor-column-gap-default\">\n\t\t\t\t\t<div class=\"elementor-column elementor-col-100 elementor-top-column elementor-element elementor-element-2b781a99\" data-id=\"2b781a99\" data-element_type=\"column\" data-e-type=\"column\">\n\t\t\t<div class=\"elementor-widget-wrap elementor-element-populated\">\n\t\t\t\t\t\t<div class=\"elementor-element elementor-element-4320a80c elementor-widget elementor-widget-text-editor\" data-id=\"4320a80c\" data-element_type=\"widget\" data-e-type=\"widget\" data-widget_type=\"text-editor.default\">\n\t\t\t\t<div class=\"elementor-widget-container\">\n\t\t\t\t\t\t\t\t\t<p align=\"JUSTIFY\"><a href=\"http:\/\/www.alicante.es\/es\/documentos\/cronica-ciudad-alicante-escrita-vicente-bendicho-1640\">Les cr\u00f2niques de Bendicho<\/a> donen fe d&#8217;un succ\u00e9s esdevingut en 1624. Pel que sembla s&#8217;escoltaven a les nits unes \u00abpalmadicas\u00bb atribu\u00efdes a Sant Roque. L&#8217;estrany fenomen va ser interpretat posteriorment pels habitants d&#8217;aquestes terres com el terrible anunciant de l&#8217;augment de la mortaldat infantil que tindria lloc poc temps despr\u00e9s.<\/p><p align=\"JUSTIFY\">Antany el Sant\u00edssim Crist de la Pau entrava en process\u00f3 fins a aquesta ermita, la jornada de Divendres Sant, davant la veneraci\u00f3 dels habitants de Benimagrell. La Santa Fa\u00e7 va visitar l&#8217;ermita en 1989.<\/p><p align=\"JUSTIFY\">En l&#8217;ermita reposen les restes de la filantropa <strong>Sra. Josefina Campos<\/strong> i el seu marido <strong>D. Jos\u00e9 Minguill\u00f3<\/strong>. En 1917, aquesta senyora va al\u00e7ar en la seua resid\u00e8ncia estival de Benimagrell un xicotet convent de Germanes Carmelites per a xiquetes amb pocs recursos. A m\u00e9s el conjunt comptava amb un col\u00b7legi i una capella dedicada a San Jos\u00e9. Despr\u00e9s de la seua mort, ella i el seu esp\u00f2s van ser sepultats en la capella del convent. L&#8217;any 1966, a causa de la construcci\u00f3 de la carretera N-332 es va demolir en immoble. Per aqueix motiu els cossos van ser exhumats i portats a l&#8217;ermita de Sant Roque, on van ser enterrats sense l\u00e0pida cap. Es dona la trista circumst\u00e0ncia que en el seu testament, la senyora Campos havia demanat que la seua sepultura fora senyalitzada amb lletres gravades perqu\u00e8 el temps no les destru\u00efra.<\/p>\t\t\t\t\t\t\t\t<\/div>\n\t\t\t\t<\/div>\n\t\t\t\t<div class=\"elementor-element elementor-element-76a27388 elementor-arrows-position-inside elementor-pagination-position-outside elementor-widget elementor-widget-image-carousel\" data-id=\"76a27388\" data-element_type=\"widget\" data-e-type=\"widget\" data-settings=\"{&quot;slides_to_show&quot;:&quot;1&quot;,&quot;navigation&quot;:&quot;both&quot;,&quot;autoplay&quot;:&quot;yes&quot;,&quot;pause_on_hover&quot;:&quot;yes&quot;,&quot;pause_on_interaction&quot;:&quot;yes&quot;,&quot;autoplay_speed&quot;:5000,&quot;infinite&quot;:&quot;yes&quot;,&quot;effect&quot;:&quot;slide&quot;,&quot;speed&quot;:500}\" data-widget_type=\"image-carousel.default\">\n\t\t\t\t<div class=\"elementor-widget-container\">\n\t\t\t\t\t\t\t<div class=\"elementor-image-carousel-wrapper swiper\" role=\"region\" aria-roledescription=\"carousel\" aria-label=\"Image Carousel\" dir=\"ltr\">\n\t\t\t<div class=\"elementor-image-carousel swiper-wrapper\" aria-live=\"off\">\n\t\t\t\t\t\t\t\t<div class=\"swiper-slide\" role=\"group\" aria-roledescription=\"slide\" aria-label=\"1 of 6\"><figure class=\"swiper-slide-inner\"><img decoding=\"async\" class=\"swiper-slide-image\" src=\"https:\/\/turismosantjoan.es\/wp-content\/uploads\/2023\/07\/Ermita-de-San-Roque-1.gif\" alt=\"Ermita de San Roque 1\" \/><\/figure><\/div><div class=\"swiper-slide\" role=\"group\" aria-roledescription=\"slide\" aria-label=\"2 of 6\"><figure class=\"swiper-slide-inner\"><img decoding=\"async\" class=\"swiper-slide-image\" src=\"https:\/\/turismosantjoan.es\/wp-content\/uploads\/2023\/07\/Ermita-de-San-Roque-2.gif\" alt=\"Ermita de San Roque 2\" \/><\/figure><\/div><div class=\"swiper-slide\" role=\"group\" aria-roledescription=\"slide\" aria-label=\"3 of 6\"><figure class=\"swiper-slide-inner\"><img decoding=\"async\" class=\"swiper-slide-image\" src=\"https:\/\/turismosantjoan.es\/wp-content\/uploads\/2023\/07\/Ermita-de-San-Roque-3.jpeg\" alt=\"Ermita de San Roque 3\" \/><\/figure><\/div><div class=\"swiper-slide\" role=\"group\" aria-roledescription=\"slide\" aria-label=\"4 of 6\"><figure class=\"swiper-slide-inner\"><img decoding=\"async\" class=\"swiper-slide-image\" src=\"https:\/\/turismosantjoan.es\/wp-content\/uploads\/2023\/07\/Ermita-de-San-Roque-4.gif\" alt=\"Ermita de San Roque 4\" \/><\/figure><\/div><div class=\"swiper-slide\" role=\"group\" aria-roledescription=\"slide\" aria-label=\"5 of 6\"><figure class=\"swiper-slide-inner\"><img decoding=\"async\" class=\"swiper-slide-image\" src=\"https:\/\/turismosantjoan.es\/wp-content\/uploads\/2023\/07\/Ermita-de-San-Roque-5.gif\" alt=\"Ermita de San Roque 5\" \/><\/figure><\/div><div class=\"swiper-slide\" role=\"group\" aria-roledescription=\"slide\" aria-label=\"6 of 6\"><figure class=\"swiper-slide-inner\"><img decoding=\"async\" class=\"swiper-slide-image\" src=\"https:\/\/turismosantjoan.es\/wp-content\/uploads\/2023\/07\/Ermita-de-San-Roque-7.gif\" alt=\"Ermita de San Roque 7\" \/><\/figure><\/div>\t\t\t<\/div>\n\t\t\t\t\t\t\t\t\t\t\t\t<div class=\"elementor-swiper-button elementor-swiper-button-prev\" role=\"button\" tabindex=\"0\">\n\t\t\t\t\t\t<i aria-hidden=\"true\" class=\"eicon-chevron-left\"><\/i>\t\t\t\t\t<\/div>\n\t\t\t\t\t<div class=\"elementor-swiper-button elementor-swiper-button-next\" role=\"button\" tabindex=\"0\">\n\t\t\t\t\t\t<i aria-hidden=\"true\" class=\"eicon-chevron-right\"><\/i>\t\t\t\t\t<\/div>\n\t\t\t\t\n\t\t\t\t\t\t\t\t\t<div class=\"swiper-pagination\"><\/div>\n\t\t\t\t\t\t\t\t\t<\/div>\n\t\t\t\t\t\t<\/div>\n\t\t\t\t<\/div>\n\t\t\t\t<div class=\"elementor-element elementor-element-532c9b9 elementor-widget elementor-widget-text-editor\" data-id=\"532c9b9\" data-element_type=\"widget\" data-e-type=\"widget\" data-widget_type=\"text-editor.default\">\n\t\t\t\t<div class=\"elementor-widget-container\">\n\t\t\t\t\t\t\t\t\t<p><strong>Sabies que\u2026?<\/strong><\/p>\t\t\t\t\t\t\t\t<\/div>\n\t\t\t\t<\/div>\n\t\t\t\t<div class=\"elementor-element elementor-element-14b311e elementor-widget elementor-widget-text-editor\" data-id=\"14b311e\" data-element_type=\"widget\" data-e-type=\"widget\" data-widget_type=\"text-editor.default\">\n\t\t\t\t<div class=\"elementor-widget-container\">\n\t\t\t\t\t\t\t\t\t<p align=\"JUSTIFY\">El temple est\u00e0 dedicat a <strong>Sant Roque<\/strong>, per\u00f2 antigament tamb\u00e9 compartia patronatge amb Sant Sebasti\u00e0. Alberga nombrosos elements interessants com a restes d&#8217;un fresc antic, la imatge del Crist de la Provisi\u00f3 i el cap d&#8217;una antiga imatge de San Jos\u00e9. Durant la Guerra Civil espanyola, la rel\u00edquia de San Jos\u00e9 va ser profanada mentre es trobava en el convent de les Germanes Carmelites, un convent pr\u00f2xim desaparegut en la d\u00e8cada dels seixanta del segle XX. A m\u00e9s l&#8217;ermita tenia un retaule daurat en el segle XVII que va renovar la <strong>fam\u00edlia Burgunyo<\/strong>, i interessants elements que es van perdre durant l&#8217;esmentada contesa.<\/p><p align=\"JUSTIFY\">L&#8217;edificaci\u00f3 presenta una sola nau principal. Est\u00e0 dividida en tres trams separats per grans arcs de cadirat i voltes de creueria, que recolzen sobre caps d&#8217;\u00e0ngels. Anagrames marians i la creu de Jaume I decoren les claus dels arcs.<\/p><p align=\"JUSTIFY\">La fa\u00e7ana de Sant Roque \u00e9s de tra\u00e7 senzill. Presenta una creu en relleu sobre la llinda de la porta, sobre el qual hi ha una obertura tancada per una vidriera moderna i una espadanya en la rematada amb campana. En 1716 es van realitzar obres en el temple com ens indica una inscripci\u00f3. Entre el segle XVIII i XIX es va afegir un cos lateral senzill en estil neocl\u00e0ssic. Ha rebut diverses reformes i restauracions, especialment en 1986 i 2012. Es pretenia amb aqueixes obres retornar a l&#8217;ermita al seu estat original. Enfront del temple existeix un mon\u00f2lit coronat per una creu met\u00e0l\u00b7lica, similar a la que podem trobar en la pla\u00e7a de la Creu. Al costat del monestir de la Santa Fa\u00e7 va existir una altra creu de similars caracter\u00edstiques.<\/p><p align=\"JUSTIFY\">Es creu que l&#8217;ermita de Sant Roque va poder ser dedicada despr\u00e9s de la conquesta cristiana a la Mare de D\u00e9u. Existeixen anagrames marians en les voltes que indiquen aquesta possibilitat. Refor\u00e7a aquesta hip\u00f2tesi el fet que la majoria de mesquites cristianitzades es consagraven a la Verge, ja que reis com Jaume I sentien gran devoci\u00f3 per Mar\u00eda.<\/p>\t\t\t\t\t\t\t\t<\/div>\n\t\t\t\t<\/div>\n\t\t\t\t\t<\/div>\n\t\t<\/div>\n\t\t\t\t\t<\/div>\n\t\t<\/section>\n\t\t\t\t<\/div>\n\t\t","protected":false},"excerpt":{"rendered":"<p>Ermita de Sant Roque Les cr\u00f2niques de Bendicho donen fe d&#8217;un succ\u00e9s esdevingut en 1624. Pel que sembla s&#8217;escoltaven a les nits unes \u00abpalmadicas\u00bb atribu\u00efdes a Sant Roque. L&#8217;estrany fenomen va ser interpretat posteriorment pels habitants d&#8217;aquestes terres com el terrible anunciant de l&#8217;augment de la mortaldat infantil que tindria lloc poc temps despr\u00e9s. Antany [&hellip;]<\/p>\n","protected":false},"author":1,"featured_media":0,"parent":0,"menu_order":0,"comment_status":"closed","ping_status":"closed","template":"","meta":{"footnotes":""},"class_list":["post-7283","page","type-page","status-publish","hentry"],"_links":{"self":[{"href":"https:\/\/turismosantjoan.es\/ca\/wp-json\/wp\/v2\/pages\/7283","targetHints":{"allow":["GET"]}}],"collection":[{"href":"https:\/\/turismosantjoan.es\/ca\/wp-json\/wp\/v2\/pages"}],"about":[{"href":"https:\/\/turismosantjoan.es\/ca\/wp-json\/wp\/v2\/types\/page"}],"author":[{"embeddable":true,"href":"https:\/\/turismosantjoan.es\/ca\/wp-json\/wp\/v2\/users\/1"}],"replies":[{"embeddable":true,"href":"https:\/\/turismosantjoan.es\/ca\/wp-json\/wp\/v2\/comments?post=7283"}],"version-history":[{"count":0,"href":"https:\/\/turismosantjoan.es\/ca\/wp-json\/wp\/v2\/pages\/7283\/revisions"}],"wp:attachment":[{"href":"https:\/\/turismosantjoan.es\/ca\/wp-json\/wp\/v2\/media?parent=7283"}],"curies":[{"name":"wp","href":"https:\/\/api.w.org\/{rel}","templated":true}]}}