{"id":7287,"date":"2023-07-25T11:38:53","date_gmt":"2023-07-25T11:38:53","guid":{"rendered":"https:\/\/turismo-sj.developersasapglobalsolution.com\/ermita-del-calvari\/"},"modified":"2023-09-18T09:20:11","modified_gmt":"2023-09-18T09:20:11","slug":"ermita-del-calvari","status":"publish","type":"page","link":"https:\/\/turismosantjoan.es\/ca\/ermita-del-calvari\/","title":{"rendered":"Ermita del Calvari"},"content":{"rendered":"\t\t<div data-elementor-type=\"wp-page\" data-elementor-id=\"7287\" class=\"elementor elementor-7287 elementor-3857\" data-elementor-post-type=\"page\">\n\t\t\t\t\t\t<section class=\"elementor-section elementor-top-section elementor-element elementor-element-606af871 elementor-section-boxed elementor-section-height-default elementor-section-height-default\" data-id=\"606af871\" data-element_type=\"section\" data-e-type=\"section\" data-settings=\"{&quot;shape_divider_top&quot;:&quot;mountains&quot;,&quot;background_background&quot;:&quot;classic&quot;}\">\n\t\t\t\t\t<div class=\"elementor-shape elementor-shape-top\" aria-hidden=\"true\" data-negative=\"false\">\n\t\t\t<svg xmlns=\"http:\/\/www.w3.org\/2000\/svg\" viewBox=\"0 0 1000 100\" preserveAspectRatio=\"none\">\n\t<path class=\"elementor-shape-fill\" opacity=\"0.33\" d=\"M473,67.3c-203.9,88.3-263.1-34-320.3,0C66,119.1,0,59.7,0,59.7V0h1000v59.7 c0,0-62.1,26.1-94.9,29.3c-32.8,3.3-62.8-12.3-75.8-22.1C806,49.6,745.3,8.7,694.9,4.7S492.4,59,473,67.3z\"\/>\n\t<path class=\"elementor-shape-fill\" opacity=\"0.66\" d=\"M734,67.3c-45.5,0-77.2-23.2-129.1-39.1c-28.6-8.7-150.3-10.1-254,39.1 s-91.7-34.4-149.2,0C115.7,118.3,0,39.8,0,39.8V0h1000v36.5c0,0-28.2-18.5-92.1-18.5C810.2,18.1,775.7,67.3,734,67.3z\"\/>\n\t<path class=\"elementor-shape-fill\" d=\"M766.1,28.9c-200-57.5-266,65.5-395.1,19.5C242,1.8,242,5.4,184.8,20.6C128,35.8,132.3,44.9,89.9,52.5C28.6,63.7,0,0,0,0 h1000c0,0-9.9,40.9-83.6,48.1S829.6,47,766.1,28.9z\"\/>\n<\/svg>\t\t<\/div>\n\t\t\t\t\t<div class=\"elementor-container elementor-column-gap-no\">\n\t\t\t\t\t<div class=\"elementor-column elementor-col-100 elementor-top-column elementor-element elementor-element-285e82a9\" data-id=\"285e82a9\" data-element_type=\"column\" data-e-type=\"column\">\n\t\t\t<div class=\"elementor-widget-wrap elementor-element-populated\">\n\t\t\t\t\t\t<div class=\"elementor-element elementor-element-33fff51b elementor-widget elementor-widget-heading\" data-id=\"33fff51b\" data-element_type=\"widget\" data-e-type=\"widget\" data-widget_type=\"heading.default\">\n\t\t\t\t<div class=\"elementor-widget-container\">\n\t\t\t\t\t<h1 class=\"elementor-heading-title elementor-size-xxl\">Ermita Calvari<\/h1>\t\t\t\t<\/div>\n\t\t\t\t<\/div>\n\t\t\t\t\t<\/div>\n\t\t<\/div>\n\t\t\t\t\t<\/div>\n\t\t<\/section>\n\t\t\t\t<section class=\"elementor-section elementor-top-section elementor-element elementor-element-1f212eca elementor-section-boxed elementor-section-height-default elementor-section-height-default\" data-id=\"1f212eca\" data-element_type=\"section\" data-e-type=\"section\">\n\t\t\t\t\t\t<div class=\"elementor-container elementor-column-gap-default\">\n\t\t\t\t\t<div class=\"elementor-column elementor-col-100 elementor-top-column elementor-element elementor-element-50c0ae8d\" data-id=\"50c0ae8d\" data-element_type=\"column\" data-e-type=\"column\">\n\t\t\t<div class=\"elementor-widget-wrap elementor-element-populated\">\n\t\t\t\t\t\t<div class=\"elementor-element elementor-element-47688c53 elementor-widget elementor-widget-google_maps\" data-id=\"47688c53\" data-element_type=\"widget\" data-e-type=\"widget\" data-widget_type=\"google_maps.default\">\n\t\t\t\t<div class=\"elementor-widget-container\">\n\t\t\t\t\t\t\t<div class=\"elementor-custom-embed\">\n\t\t\t<iframe loading=\"lazy\"\n\t\t\t\t\tsrc=\"https:\/\/maps.google.com\/maps?q=C.%20del%20Calvario%2C%2003550%20Sant%20Joan%20d%27Alacant%2C%20Alicante%2C%20Espa%C3%B1a&#038;t=m&#038;z=15&#038;output=embed&#038;iwloc=near\"\n\t\t\t\t\ttitle=\"C. del Calvario, 03550 Sant Joan d&#039;Alacant, Alicante, Espa\u00f1a\"\n\t\t\t\t\taria-label=\"C. del Calvario, 03550 Sant Joan d&#039;Alacant, Alicante, Espa\u00f1a\"\n\t\t\t><\/iframe>\n\t\t<\/div>\n\t\t\t\t\t\t<\/div>\n\t\t\t\t<\/div>\n\t\t\t\t\t<\/div>\n\t\t<\/div>\n\t\t\t\t\t<\/div>\n\t\t<\/section>\n\t\t\t\t<section class=\"elementor-section elementor-top-section elementor-element elementor-element-1e49f787 elementor-section-boxed elementor-section-height-default elementor-section-height-default\" data-id=\"1e49f787\" data-element_type=\"section\" data-e-type=\"section\">\n\t\t\t\t\t\t<div class=\"elementor-container elementor-column-gap-default\">\n\t\t\t\t\t<div class=\"elementor-column elementor-col-100 elementor-top-column elementor-element elementor-element-2e485e59\" data-id=\"2e485e59\" data-element_type=\"column\" data-e-type=\"column\">\n\t\t\t<div class=\"elementor-widget-wrap elementor-element-populated\">\n\t\t\t\t\t\t<div class=\"elementor-element elementor-element-599ae2ef elementor-widget elementor-widget-text-editor\" data-id=\"599ae2ef\" data-element_type=\"widget\" data-e-type=\"widget\" data-widget_type=\"text-editor.default\">\n\t\t\t\t<div class=\"elementor-widget-container\">\n\t\t\t\t\t\t\t\t\t<p align=\"JUSTIFY\">Durant el segle XIX, el pas de les tropes franceses per la prov\u00edncia va deixar nombroses cicatrius, tant en la nostra geografia f\u00edsica com en el nostre substrat emocional. Const\u00e0ncia d&#8217;aix\u00f2 deixa la placa empla\u00e7ada a l&#8217;interior de l&#8217;ermita Calvari, el text en valenci\u00e0 de la qual recorda els noms dels 29 ve\u00efns de Sant Joan d&#8217;Alacant, assassinats per les tropes napole\u00f2niques el 21 d&#8217;abril de 1812, durant la Guerra de la Independ\u00e8ncia. Aquell episodi tamb\u00e9 va acabar amb el saqueig de l&#8217;edificaci\u00f3 i la p\u00e8rdua d&#8217;imatges de gran valor.<\/p><p align=\"JUSTIFY\">Per\u00f2 l&#8217;ermita tamb\u00e9 va patir el seu calvari durant la Guerra Civil espanyola. En 1936 va ser assaltada, es van cremar les seues portes i van desapar\u00e9ixer els casetones del viacrucis. Afortunadament, abans de l&#8217;atac, els propietaris de l&#8217;ermita van rescatar les imatges de l&#8217;interior, portant-les a un lloc segur del cementeri. Una vegada va acabar la guerra, l&#8217;ermita va ser reparada i es van reconstruir els casetones.<\/p><p align=\"JUSTIFY\">En la d\u00e8cada dels seixanta l&#8217;ermita va travessar per un per\u00edode d&#8217;aband\u00f3 que va culminar amb una forta deterioraci\u00f3 de l&#8217;immoble i la desaparici\u00f3 dels casetones del viacrucis, per\u00f2 finalment l&#8217;any 2007 l&#8217;ajuntament va procedir a la seua restauraci\u00f3. Durant aquelles obres es va trobar un projectil de plom que data de la Guerra de la Independ\u00e8ncia. Finalment l&#8217;ermita es va inaugurar en 2009. L&#8217;any 2012 es va col\u00b7locar la placa en mem\u00f2ria dels santjoaners assassinats per les tropes napole\u00f2niques en 1812.<\/p><p align=\"JUSTIFY\">El conjunt monumental present en <a href=\"https:\/\/www.turismosantjoan.es\/?page_id=99992890\">la muntanya Calvari<\/a>, amb les seues ermites, aljubs, basses de reg, les seues vistes a les fites geogr\u00e0fiques alacantines, el cementeri i la torre de defensa, constitueix un dels focus d&#8217;atracci\u00f3 m\u00e9s importants de Sant Joan d&#8217;Alacant.<\/p>\t\t\t\t\t\t\t\t<\/div>\n\t\t\t\t<\/div>\n\t\t\t\t<div class=\"elementor-element elementor-element-f2e4bac elementor-arrows-position-inside elementor-pagination-position-outside elementor-widget elementor-widget-image-carousel\" data-id=\"f2e4bac\" data-element_type=\"widget\" data-e-type=\"widget\" data-settings=\"{&quot;slides_to_show&quot;:&quot;1&quot;,&quot;navigation&quot;:&quot;both&quot;,&quot;autoplay&quot;:&quot;yes&quot;,&quot;pause_on_hover&quot;:&quot;yes&quot;,&quot;pause_on_interaction&quot;:&quot;yes&quot;,&quot;autoplay_speed&quot;:5000,&quot;infinite&quot;:&quot;yes&quot;,&quot;effect&quot;:&quot;slide&quot;,&quot;speed&quot;:500}\" data-widget_type=\"image-carousel.default\">\n\t\t\t\t<div class=\"elementor-widget-container\">\n\t\t\t\t\t\t\t<div class=\"elementor-image-carousel-wrapper swiper\" role=\"region\" aria-roledescription=\"carousel\" aria-label=\"Image Carousel\" dir=\"ltr\">\n\t\t\t<div class=\"elementor-image-carousel swiper-wrapper\" aria-live=\"off\">\n\t\t\t\t\t\t\t\t<div class=\"swiper-slide\" role=\"group\" aria-roledescription=\"slide\" aria-label=\"1 of 6\"><figure class=\"swiper-slide-inner\"><img decoding=\"async\" class=\"swiper-slide-image\" src=\"https:\/\/turismosantjoan.es\/wp-content\/uploads\/2023\/07\/ermita-calvari-1-1200x800-1.gif\" alt=\"ermita-calvari-1-1200x800\" \/><\/figure><\/div><div class=\"swiper-slide\" role=\"group\" aria-roledescription=\"slide\" aria-label=\"2 of 6\"><figure class=\"swiper-slide-inner\"><img decoding=\"async\" class=\"swiper-slide-image\" src=\"https:\/\/turismosantjoan.es\/wp-content\/uploads\/2023\/07\/patrimonio-natural-Ermita-Calvari-2.gif\" alt=\"patrimonio natural Ermita-Calvari\" \/><\/figure><\/div><div class=\"swiper-slide\" role=\"group\" aria-roledescription=\"slide\" aria-label=\"3 of 6\"><figure class=\"swiper-slide-inner\"><img decoding=\"async\" class=\"swiper-slide-image\" src=\"https:\/\/turismosantjoan.es\/wp-content\/uploads\/2023\/07\/patrimonio-cultural-MONTE-CALVARI-4.gif\" alt=\"patrimonio cultural MONTE-CALVARI-4\" \/><\/figure><\/div><div class=\"swiper-slide\" role=\"group\" aria-roledescription=\"slide\" aria-label=\"4 of 6\"><figure class=\"swiper-slide-inner\"><img decoding=\"async\" class=\"swiper-slide-image\" src=\"https:\/\/turismosantjoan.es\/wp-content\/uploads\/2023\/07\/patrimonio-cultural-ermital-calvari.gif\" alt=\"patrimonio cultural ermital calvari\" \/><\/figure><\/div><div class=\"swiper-slide\" role=\"group\" aria-roledescription=\"slide\" aria-label=\"5 of 6\"><figure class=\"swiper-slide-inner\"><img decoding=\"async\" class=\"swiper-slide-image\" src=\"https:\/\/turismosantjoan.es\/wp-content\/uploads\/2023\/07\/ermita-calvari-1000x550-1.gif\" alt=\"ermita-calvari-1000x550\" \/><\/figure><\/div><div class=\"swiper-slide\" role=\"group\" aria-roledescription=\"slide\" aria-label=\"6 of 6\"><figure class=\"swiper-slide-inner\"><img decoding=\"async\" class=\"swiper-slide-image\" src=\"https:\/\/turismosantjoan.es\/wp-content\/uploads\/2023\/07\/Ermita-calvari-1000x550-2.gif\" alt=\"Ermita calvari-1000x550\" \/><\/figure><\/div>\t\t\t<\/div>\n\t\t\t\t\t\t\t\t\t\t\t\t<div class=\"elementor-swiper-button elementor-swiper-button-prev\" role=\"button\" tabindex=\"0\">\n\t\t\t\t\t\t<i aria-hidden=\"true\" class=\"eicon-chevron-left\"><\/i>\t\t\t\t\t<\/div>\n\t\t\t\t\t<div class=\"elementor-swiper-button elementor-swiper-button-next\" role=\"button\" tabindex=\"0\">\n\t\t\t\t\t\t<i aria-hidden=\"true\" class=\"eicon-chevron-right\"><\/i>\t\t\t\t\t<\/div>\n\t\t\t\t\n\t\t\t\t\t\t\t\t\t<div class=\"swiper-pagination\"><\/div>\n\t\t\t\t\t\t\t\t\t<\/div>\n\t\t\t\t\t\t<\/div>\n\t\t\t\t<\/div>\n\t\t\t\t\t<\/div>\n\t\t<\/div>\n\t\t\t\t\t<\/div>\n\t\t<\/section>\n\t\t\t\t<\/div>\n\t\t","protected":false},"excerpt":{"rendered":"<p>Ermita Calvari Durant el segle XIX, el pas de les tropes franceses per la prov\u00edncia va deixar nombroses cicatrius, tant en la nostra geografia f\u00edsica com en el nostre substrat emocional. Const\u00e0ncia d&#8217;aix\u00f2 deixa la placa empla\u00e7ada a l&#8217;interior de l&#8217;ermita Calvari, el text en valenci\u00e0 de la qual recorda els noms dels 29 ve\u00efns [&hellip;]<\/p>\n","protected":false},"author":1,"featured_media":0,"parent":0,"menu_order":0,"comment_status":"closed","ping_status":"closed","template":"","meta":{"footnotes":""},"class_list":["post-7287","page","type-page","status-publish","hentry"],"_links":{"self":[{"href":"https:\/\/turismosantjoan.es\/ca\/wp-json\/wp\/v2\/pages\/7287","targetHints":{"allow":["GET"]}}],"collection":[{"href":"https:\/\/turismosantjoan.es\/ca\/wp-json\/wp\/v2\/pages"}],"about":[{"href":"https:\/\/turismosantjoan.es\/ca\/wp-json\/wp\/v2\/types\/page"}],"author":[{"embeddable":true,"href":"https:\/\/turismosantjoan.es\/ca\/wp-json\/wp\/v2\/users\/1"}],"replies":[{"embeddable":true,"href":"https:\/\/turismosantjoan.es\/ca\/wp-json\/wp\/v2\/comments?post=7287"}],"version-history":[{"count":0,"href":"https:\/\/turismosantjoan.es\/ca\/wp-json\/wp\/v2\/pages\/7287\/revisions"}],"wp:attachment":[{"href":"https:\/\/turismosantjoan.es\/ca\/wp-json\/wp\/v2\/media?parent=7287"}],"curies":[{"name":"wp","href":"https:\/\/api.w.org\/{rel}","templated":true}]}}