{"id":7293,"date":"2023-08-31T09:48:24","date_gmt":"2023-08-31T09:48:24","guid":{"rendered":"https:\/\/turismo-sj.developersasapglobalsolution.com\/fuita-room\/"},"modified":"2023-09-18T09:36:30","modified_gmt":"2023-09-18T09:36:30","slug":"fuita-room","status":"publish","type":"page","link":"https:\/\/turismosantjoan.es\/ca\/fuita-room\/","title":{"rendered":"Fuita room"},"content":{"rendered":"\t\t<div data-elementor-type=\"wp-page\" data-elementor-id=\"7293\" class=\"elementor elementor-7293 elementor-5748\" data-elementor-post-type=\"page\">\n\t\t\t\t\t\t<section class=\"elementor-section elementor-top-section elementor-element elementor-element-fb1688f elementor-section-boxed elementor-section-height-default elementor-section-height-default\" data-id=\"fb1688f\" data-element_type=\"section\" data-e-type=\"section\">\n\t\t\t\t\t\t<div class=\"elementor-container elementor-column-gap-default\">\n\t\t\t\t\t<div class=\"elementor-column elementor-col-100 elementor-top-column elementor-element elementor-element-eb3bd11\" data-id=\"eb3bd11\" data-element_type=\"column\" data-e-type=\"column\">\n\t\t\t<div class=\"elementor-widget-wrap\">\n\t\t\t\t\t\t\t<\/div>\n\t\t<\/div>\n\t\t\t\t\t<\/div>\n\t\t<\/section>\n\t\t\t\t<section class=\"elementor-section elementor-top-section elementor-element elementor-element-ab9f726 elementor-section-boxed elementor-section-height-default elementor-section-height-default\" data-id=\"ab9f726\" data-element_type=\"section\" data-e-type=\"section\">\n\t\t\t\t\t\t<div class=\"elementor-container elementor-column-gap-default\">\n\t\t\t\t\t<div class=\"elementor-column elementor-col-100 elementor-top-column elementor-element elementor-element-49123fb\" data-id=\"49123fb\" data-element_type=\"column\" data-e-type=\"column\">\n\t\t\t<div class=\"elementor-widget-wrap elementor-element-populated\">\n\t\t\t\t\t\t<div class=\"elementor-element elementor-element-66fa0b6 elementor-widget elementor-widget-text-editor\" data-id=\"66fa0b6\" data-element_type=\"widget\" data-e-type=\"widget\" data-widget_type=\"text-editor.default\">\n\t\t\t\t<div class=\"elementor-widget-container\">\n\t\t\t\t\t\t\t\t\t<p style=\"font-weight: 400;\"><strong>INSTRUCCIONS SOBRE FUITA *ROOM L&#8217;INCRE\u00cfBLE CAS DEL TRESOR DE SANT JOAN.<\/strong><\/p>\t\t\t\t\t\t\t\t<\/div>\n\t\t\t\t<\/div>\n\t\t\t\t<div class=\"elementor-element elementor-element-e98d917 elementor-widget elementor-widget-image\" data-id=\"e98d917\" data-element_type=\"widget\" data-e-type=\"widget\" data-widget_type=\"image.default\">\n\t\t\t\t<div class=\"elementor-widget-container\">\n\t\t\t\t\t\t\t\t\t\t\t\t\t\t\t<img fetchpriority=\"high\" decoding=\"async\" width=\"800\" height=\"571\" src=\"https:\/\/turismosantjoan.es\/wp-content\/uploads\/2023\/09\/FOTO-DEL-CARTEL-Y-CODIGO-QR-PARA-EL-ESCAPE-ROOM-DEL-INCREIBLE-CASO-DEL-TESORO-DE-SANT-JOAN.jpg\" class=\"attachment-large size-large wp-image-6292\" alt=\"\" srcset=\"https:\/\/turismosantjoan.es\/wp-content\/uploads\/2023\/09\/FOTO-DEL-CARTEL-Y-CODIGO-QR-PARA-EL-ESCAPE-ROOM-DEL-INCREIBLE-CASO-DEL-TESORO-DE-SANT-JOAN.jpg 907w, https:\/\/turismosantjoan.es\/wp-content\/uploads\/2023\/09\/FOTO-DEL-CARTEL-Y-CODIGO-QR-PARA-EL-ESCAPE-ROOM-DEL-INCREIBLE-CASO-DEL-TESORO-DE-SANT-JOAN-300x214.jpg 300w, https:\/\/turismosantjoan.es\/wp-content\/uploads\/2023\/09\/FOTO-DEL-CARTEL-Y-CODIGO-QR-PARA-EL-ESCAPE-ROOM-DEL-INCREIBLE-CASO-DEL-TESORO-DE-SANT-JOAN-768x548.jpg 768w\" sizes=\"(max-width: 800px) 100vw, 800px\" \/>\t\t\t\t\t\t\t\t\t\t\t\t\t\t\t<\/div>\n\t\t\t\t<\/div>\n\t\t\t\t<div class=\"elementor-element elementor-element-0be000a elementor-widget elementor-widget-text-editor\" data-id=\"0be000a\" data-element_type=\"widget\" data-e-type=\"widget\" data-widget_type=\"text-editor.default\">\n\t\t\t\t<div class=\"elementor-widget-container\">\n\t\t\t\t\t\t\t\t\t<p style=\"font-weight: 400;\"><strong><u>LUGAR DE COMIENZO:<\/u><\/strong> JARDINES DE LA CONCEPCI\u00d3N, JUNTO AL PARKING DE COCHES.<\/p><p style=\"font-weight: 400;\"><strong><u>DURACI\u00d3<\/u><\/strong>: 1H30min \/ 2H<\/p><p style=\"font-weight: 400;\"><strong><u>AFORAMENT<\/u><\/strong>: NO HI HA<\/p><p style=\"font-weight: 400;\"><strong><u>RESUM DE L&#8217;ESDEVENIMENT<\/u><\/strong>: Aquest esdeveniment organitzat per la Regidoria de Turisme es basa en la realitzaci\u00f3 d&#8217;un recorregut a peu per la localitat. Dividit en 10 parades, es coneixer\u00e0 la hist\u00f2ria del nostre municipi, per\u00f2 en un entorn de joc, \u00e9s a dir superant proves, nivells i ajudant els protagonistes d&#8217;aquesta hist\u00f2ria a resoldre el cas del tresor de Sant Joan.<\/p><p style=\"font-weight: 400;\">Es tracta d&#8217;un recorregut f\u00e0cil i senzill de 3,1Km de tipus circular, que es pot realitzar amb xiquets i persones amb mobilitat redu\u00efda.<\/p><p style=\"font-weight: 400;\"><strong><u>INSTRUCCIONS DEL JOC<\/u><\/strong>: Ser\u00e0 necessari descarregar l&#8217;app gratu\u00efta izi.travel i buscar \u201cl&#8217;incre\u00efble cas del tresor de Sant Joan\u201d. Una vegada en el lloc de trobada s&#8217;hauran de seguir les instruccions que anir\u00e0 marcant el joc de manera autom\u00e0tica, que et faran avan\u00e7ar de parada en parada fins a arribar al punt final del recorregut i aconseguir resoldre el cas.<\/p><p style=\"font-weight: 400;\"><strong><u>RECOMANACIONS<\/u><\/strong>: Es recomana portar aigua, cal\u00e7at i roba c\u00f2moda, a m\u00e9s d&#8217;un tel\u00e8fon o Tauleta amb connexi\u00f3 a internet i bateria suficient per a la realitzaci\u00f3 del joc, ja que ser\u00e0 el tauler en tot moment.<\/p>\t\t\t\t\t\t\t\t<\/div>\n\t\t\t\t<\/div>\n\t\t\t\t\t<\/div>\n\t\t<\/div>\n\t\t\t\t\t<\/div>\n\t\t<\/section>\n\t\t\t\t<\/div>\n\t\t","protected":false},"excerpt":{"rendered":"<p>INSTRUCCIONS SOBRE FUITA *ROOM L&#8217;INCRE\u00cfBLE CAS DEL TRESOR DE SANT JOAN. LUGAR DE COMIENZO: JARDINES DE LA CONCEPCI\u00d3N, JUNTO AL PARKING DE COCHES. DURACI\u00d3: 1H30min \/ 2H AFORAMENT: NO HI HA RESUM DE L&#8217;ESDEVENIMENT: Aquest esdeveniment organitzat per la Regidoria de Turisme es basa en la realitzaci\u00f3 d&#8217;un recorregut a peu per la localitat. Dividit [&hellip;]<\/p>\n","protected":false},"author":1,"featured_media":0,"parent":0,"menu_order":0,"comment_status":"closed","ping_status":"closed","template":"","meta":{"footnotes":""},"class_list":["post-7293","page","type-page","status-publish","hentry"],"_links":{"self":[{"href":"https:\/\/turismosantjoan.es\/ca\/wp-json\/wp\/v2\/pages\/7293","targetHints":{"allow":["GET"]}}],"collection":[{"href":"https:\/\/turismosantjoan.es\/ca\/wp-json\/wp\/v2\/pages"}],"about":[{"href":"https:\/\/turismosantjoan.es\/ca\/wp-json\/wp\/v2\/types\/page"}],"author":[{"embeddable":true,"href":"https:\/\/turismosantjoan.es\/ca\/wp-json\/wp\/v2\/users\/1"}],"replies":[{"embeddable":true,"href":"https:\/\/turismosantjoan.es\/ca\/wp-json\/wp\/v2\/comments?post=7293"}],"version-history":[{"count":0,"href":"https:\/\/turismosantjoan.es\/ca\/wp-json\/wp\/v2\/pages\/7293\/revisions"}],"wp:attachment":[{"href":"https:\/\/turismosantjoan.es\/ca\/wp-json\/wp\/v2\/media?parent=7293"}],"curies":[{"name":"wp","href":"https:\/\/api.w.org\/{rel}","templated":true}]}}