{"id":7297,"date":"2023-08-04T10:30:42","date_gmt":"2023-08-04T10:30:42","guid":{"rendered":"https:\/\/turismo-sj.developersasapglobalsolution.com\/festes-de-benimagrell\/"},"modified":"2023-09-18T09:46:51","modified_gmt":"2023-09-18T09:46:51","slug":"festes-de-benimagrell","status":"publish","type":"page","link":"https:\/\/turismosantjoan.es\/ca\/festes-de-benimagrell\/","title":{"rendered":"Festes de Benimagrell"},"content":{"rendered":"\t\t<div data-elementor-type=\"wp-page\" data-elementor-id=\"7297\" class=\"elementor elementor-7297 elementor-4234\" data-elementor-post-type=\"page\">\n\t\t\t\t\t\t<section class=\"elementor-section elementor-top-section elementor-element elementor-element-7f7519e1 elementor-section-boxed elementor-section-height-default elementor-section-height-default\" data-id=\"7f7519e1\" data-element_type=\"section\" data-e-type=\"section\" data-settings=\"{&quot;shape_divider_top&quot;:&quot;mountains&quot;,&quot;background_background&quot;:&quot;classic&quot;}\">\n\t\t\t\t\t<div class=\"elementor-shape elementor-shape-top\" aria-hidden=\"true\" data-negative=\"false\">\n\t\t\t<svg xmlns=\"http:\/\/www.w3.org\/2000\/svg\" viewBox=\"0 0 1000 100\" preserveAspectRatio=\"none\">\n\t<path class=\"elementor-shape-fill\" opacity=\"0.33\" d=\"M473,67.3c-203.9,88.3-263.1-34-320.3,0C66,119.1,0,59.7,0,59.7V0h1000v59.7 c0,0-62.1,26.1-94.9,29.3c-32.8,3.3-62.8-12.3-75.8-22.1C806,49.6,745.3,8.7,694.9,4.7S492.4,59,473,67.3z\"\/>\n\t<path class=\"elementor-shape-fill\" opacity=\"0.66\" d=\"M734,67.3c-45.5,0-77.2-23.2-129.1-39.1c-28.6-8.7-150.3-10.1-254,39.1 s-91.7-34.4-149.2,0C115.7,118.3,0,39.8,0,39.8V0h1000v36.5c0,0-28.2-18.5-92.1-18.5C810.2,18.1,775.7,67.3,734,67.3z\"\/>\n\t<path class=\"elementor-shape-fill\" d=\"M766.1,28.9c-200-57.5-266,65.5-395.1,19.5C242,1.8,242,5.4,184.8,20.6C128,35.8,132.3,44.9,89.9,52.5C28.6,63.7,0,0,0,0 h1000c0,0-9.9,40.9-83.6,48.1S829.6,47,766.1,28.9z\"\/>\n<\/svg>\t\t<\/div>\n\t\t\t\t\t<div class=\"elementor-container elementor-column-gap-no\">\n\t\t\t\t\t<div class=\"elementor-column elementor-col-100 elementor-top-column elementor-element elementor-element-919a1f1\" data-id=\"919a1f1\" data-element_type=\"column\" data-e-type=\"column\">\n\t\t\t<div class=\"elementor-widget-wrap elementor-element-populated\">\n\t\t\t\t\t\t<div class=\"elementor-element elementor-element-68392980 elementor-widget elementor-widget-heading\" data-id=\"68392980\" data-element_type=\"widget\" data-e-type=\"widget\" data-widget_type=\"heading.default\">\n\t\t\t\t<div class=\"elementor-widget-container\">\n\t\t\t\t\t<h1 class=\"elementor-heading-title elementor-size-xxl\">Festes de Benimagrell<\/h1>\t\t\t\t<\/div>\n\t\t\t\t<\/div>\n\t\t\t\t\t<\/div>\n\t\t<\/div>\n\t\t\t\t\t<\/div>\n\t\t<\/section>\n\t\t\t\t<section class=\"elementor-section elementor-top-section elementor-element elementor-element-43ba42d0 elementor-section-boxed elementor-section-height-default elementor-section-height-default\" data-id=\"43ba42d0\" data-element_type=\"section\" data-e-type=\"section\">\n\t\t\t\t\t\t<div class=\"elementor-container elementor-column-gap-default\">\n\t\t\t\t\t<div class=\"elementor-column elementor-col-100 elementor-top-column elementor-element elementor-element-424b03be\" data-id=\"424b03be\" data-element_type=\"column\" data-e-type=\"column\">\n\t\t\t<div class=\"elementor-widget-wrap elementor-element-populated\">\n\t\t\t\t\t\t<div class=\"elementor-element elementor-element-1d68356c elementor-widget elementor-widget-text-editor\" data-id=\"1d68356c\" data-element_type=\"widget\" data-e-type=\"widget\" data-widget_type=\"text-editor.default\">\n\t\t\t\t<div class=\"elementor-widget-container\">\n\t\t\t\t\t\t\t\t\t<div class=\"wpb_text_column wpb_content_element \"><div class=\"wpb_wrapper\"><p align=\"JUSTIFY\">Se celebren en Benimagrell entorn de la festa del patr\u00f3, <strong>Sant Roque<\/strong>. S\u00f3n organitzades per la comissi\u00f3 de festes de Benimagrell en col\u00b7laboraci\u00f3 amb l&#8217;Ajuntament de Sant Joan. La festa coincideix habitualment amb la finalitat de setmana posterior a Sant Roque, el dia del qual \u00e9s el 16 d&#8217;agost i durant tot el cap de setmana, es van succeint les activitats festives de gran tradici\u00f3 popular.<\/p><\/div><\/div>\t\t\t\t\t\t\t\t<\/div>\n\t\t\t\t<\/div>\n\t\t\t\t<div class=\"elementor-element elementor-element-a178d9c elementor-arrows-position-inside elementor-pagination-position-outside elementor-widget elementor-widget-image-carousel\" data-id=\"a178d9c\" data-element_type=\"widget\" data-e-type=\"widget\" data-settings=\"{&quot;slides_to_show&quot;:&quot;1&quot;,&quot;navigation&quot;:&quot;both&quot;,&quot;autoplay&quot;:&quot;yes&quot;,&quot;pause_on_hover&quot;:&quot;yes&quot;,&quot;pause_on_interaction&quot;:&quot;yes&quot;,&quot;autoplay_speed&quot;:5000,&quot;infinite&quot;:&quot;yes&quot;,&quot;effect&quot;:&quot;slide&quot;,&quot;speed&quot;:500}\" data-widget_type=\"image-carousel.default\">\n\t\t\t\t<div class=\"elementor-widget-container\">\n\t\t\t\t\t\t\t<div class=\"elementor-image-carousel-wrapper swiper\" role=\"region\" aria-roledescription=\"carousel\" aria-label=\"Image Carousel\" dir=\"ltr\">\n\t\t\t<div class=\"elementor-image-carousel swiper-wrapper\" aria-live=\"off\">\n\t\t\t\t\t\t\t\t<div class=\"swiper-slide\" role=\"group\" aria-roledescription=\"slide\" aria-label=\"1 of 4\"><figure class=\"swiper-slide-inner\"><img decoding=\"async\" class=\"swiper-slide-image\" src=\"https:\/\/turismosantjoan.es\/wp-content\/uploads\/elementor\/thumbs\/FOTO-CARRUSEL-1-3-scaled-qbrm9gpxu3gbr06i3ss0mq1agnqldz4uxbxg27c5g4.jpg\" alt=\"FOTO CARRUSEL 1\" \/><\/figure><\/div><div class=\"swiper-slide\" role=\"group\" aria-roledescription=\"slide\" aria-label=\"2 of 4\"><figure class=\"swiper-slide-inner\"><img decoding=\"async\" class=\"swiper-slide-image\" src=\"https:\/\/turismosantjoan.es\/wp-content\/uploads\/elementor\/thumbs\/FOTO-CARRUSEL-2-4-scaled-qbrm9utiolzml5m0tgvf64h7dft3lfotz9pq9cr8us.jpg\" alt=\"FOTO CARRUSEL 2\" \/><\/figure><\/div><div class=\"swiper-slide\" role=\"group\" aria-roledescription=\"slide\" aria-label=\"3 of 4\"><figure class=\"swiper-slide-inner\"><img decoding=\"async\" class=\"swiper-slide-image\" src=\"https:\/\/turismosantjoan.es\/wp-content\/uploads\/elementor\/thumbs\/FOTO-CARRUSEL-3-4-scaled-qbrma7z9cahn3p2womk7515nou08l752p2uiz87qfo.jpg\" alt=\"FOTO CARRUSEL 3\" \/><\/figure><\/div><div class=\"swiper-slide\" role=\"group\" aria-roledescription=\"slide\" aria-label=\"4 of 4\"><figure class=\"swiper-slide-inner\"><img decoding=\"async\" class=\"swiper-slide-image\" src=\"https:\/\/turismosantjoan.es\/wp-content\/uploads\/elementor\/thumbs\/FOTO-CARRUSEL-4-4-scaled-qbrmal4zzyznm8jsjs8z3xu4087dkylbevzbp3o80k.jpg\" alt=\"FOTO CARRUSEL 4\" \/><\/figure><\/div>\t\t\t<\/div>\n\t\t\t\t\t\t\t\t\t\t\t\t<div class=\"elementor-swiper-button elementor-swiper-button-prev\" role=\"button\" tabindex=\"0\">\n\t\t\t\t\t\t<i aria-hidden=\"true\" class=\"eicon-chevron-left\"><\/i>\t\t\t\t\t<\/div>\n\t\t\t\t\t<div class=\"elementor-swiper-button elementor-swiper-button-next\" role=\"button\" tabindex=\"0\">\n\t\t\t\t\t\t<i aria-hidden=\"true\" class=\"eicon-chevron-right\"><\/i>\t\t\t\t\t<\/div>\n\t\t\t\t\n\t\t\t\t\t\t\t\t\t<div class=\"swiper-pagination\"><\/div>\n\t\t\t\t\t\t\t\t\t<\/div>\n\t\t\t\t\t\t<\/div>\n\t\t\t\t<\/div>\n\t\t\t\t<div class=\"elementor-element elementor-element-7a0ab32 elementor-widget elementor-widget-text-editor\" data-id=\"7a0ab32\" data-element_type=\"widget\" data-e-type=\"widget\" data-widget_type=\"text-editor.default\">\n\t\t\t\t<div class=\"elementor-widget-container\">\n\t\t\t\t\t\t\t\t\t<p>En l&#8217;actualitat els actes comencen la nit del dijous amb el preg\u00f3 anunciador pronunciat habitualment per alguna persona vinculada a Benimagrell, Sant Joan d&#8217;Alacant o la seua Horta. Seguidament es procedeix al tret anunciador de les <strong>Festes i correfocs pel carrer Benimagrell.<\/strong> El divendres a la vesprada est\u00e0 dedicada als m\u00e9s xicotets amb activitats i jocs organitzats per la pr\u00f2pia <strong><a href=\"http:\/\/vivesantjoan.es\/asociaciones\/comision-de-fiestas-de-sant-roc\/\">Comissi\u00f3 de Festes de Sant Roc<\/a><\/strong> i a la nit es realitza el <strong>Desfilada de Disfresses<\/strong> acompanyats per la Banda de la <strong><a href=\"https:\/\/www.turismosantjoan.es\/?page_id=99996860\">Societat Musical la Pau<\/a><\/strong> on ve\u00efns i visitants disfressats de tem\u00e0tiques variades recorren Benimagrell. A continuaci\u00f3 se celebra la <strong>Festa de l&#8217;Espuma<\/strong>. El dissabte s&#8217;inicia la jornada amb la celebraci\u00f3 del concurs de paelles, on associacions festeres i culturals del municipi, comparteix una vetlada de conviv\u00e8ncia i gaudeixen del plat t\u00edpic. A la nit la pla\u00e7a de Benimagrell s&#8217;inunda de gent per a gaudir de la <strong>\u00abRevista c\u00f2mica musical\u00bb<\/strong> que any rere any es programa amb gran aflu\u00e8ncia de p\u00fablic. En acabar la <strong>Disc m\u00f2bil<\/strong> i la festa continua.<\/p><p>La celebraci\u00f3 del diumenge s&#8217;inicia amb la despert\u00e0 anunciadora del dia gran de les celebracions. La missa solemne en l&#8217;ermita, cantada per <strong><a href=\"http:\/\/vivesantjoan.es\/asociaciones\/orfeon-san-juan\/\">l&#8217;Orfe\u00f3 Sant Joan<\/a><\/strong> ocupa el centre del mat\u00ed i posteriorment, se celebra l&#8217;ofrena, un acte colorista i festiu que recorre el carrer principal de Benimagrell i finalitza en la hist\u00f2rica <a href=\"https:\/\/turismosantjoan.es\/ca\/ermita-de-sant-roque\/\">ermita<\/a>. Per a finalitzar els actes matinals se serveix un esmorzar popular per als assistents. A la vesprada t\u00e9 lloc la process\u00f3 amb les imatges de la <strong>verge del Carmen i Sant Roque<\/strong>, una desfilada religiosa en el qual participen <strong>entitats festeres i culturals de Sant Joan<\/strong> i nombrosos ve\u00efns. Acabada la process\u00f3 t\u00e9 lloc un castell de focs artificials que posa punt i final a les celebracions.<\/p>\t\t\t\t\t\t\t\t<\/div>\n\t\t\t\t<\/div>\n\t\t\t\t\t<\/div>\n\t\t<\/div>\n\t\t\t\t\t<\/div>\n\t\t<\/section>\n\t\t\t\t<section class=\"elementor-section elementor-top-section elementor-element elementor-element-694e5a68 elementor-section-boxed elementor-section-height-default elementor-section-height-default\" data-id=\"694e5a68\" data-element_type=\"section\" data-e-type=\"section\">\n\t\t\t\t\t\t<div class=\"elementor-container elementor-column-gap-default\">\n\t\t\t\t\t<div class=\"elementor-column elementor-col-100 elementor-top-column elementor-element elementor-element-28583875\" data-id=\"28583875\" data-element_type=\"column\" data-e-type=\"column\">\n\t\t\t<div class=\"elementor-widget-wrap elementor-element-populated\">\n\t\t\t\t\t\t<div class=\"elementor-element elementor-element-799d9cd3 elementor-widget elementor-widget-heading\" data-id=\"799d9cd3\" data-element_type=\"widget\" data-e-type=\"widget\" data-widget_type=\"heading.default\">\n\t\t\t\t<div class=\"elementor-widget-container\">\n\t\t\t\t\t<h2 class=\"elementor-heading-title elementor-size-default\">Sabies que\u2026?<\/h2>\t\t\t\t<\/div>\n\t\t\t\t<\/div>\n\t\t\t\t<div class=\"elementor-element elementor-element-caf349e elementor-widget elementor-widget-text-editor\" data-id=\"caf349e\" data-element_type=\"widget\" data-e-type=\"widget\" data-widget_type=\"text-editor.default\">\n\t\t\t\t<div class=\"elementor-widget-container\">\n\t\t\t\t\t\t\t\t\t<p><strong><a href=\"https:\/\/turismosantjoan.es\/isidro-buades\/\">Isidro Buades Ripoll<\/a><\/strong> va publicar un llibre sobre els pregons de les festes de Benimagrell, recollint tots els pronunciats entre 1992 i 2002.<\/p><p>Durant molts anys es va celebrar el certamen de bandes de cornetes i tambors de Benimagrell coincidint amb les festes, comptant amb la participaci\u00f3 especial de la tradicional Banda de Cornetes i Tambors de Benimagrell, actualment desapareguda.<\/p><p>Sant Roque \u00e9s un dels sants m\u00e9s venerats en el m\u00f3n cat\u00f2lic durant el segle XV, nascut a Montpeller i va dedicar la seua vida al pelegrinatge. Des de la seua mort va ser invocat contra la pesta, igual que Sant Sebasti\u00e0, i tamb\u00e9 contra la filoxera, la terrible malaltia que afecta les vinyes, per tant va aconseguir gran veneraci\u00f3 en l&#8217;Edat Moderna i en ambients rurals com l&#8217;Horta alacantina. Se&#8217;l representa com un pelegr\u00ed, acompanyat per un gos que li acompanya i llepa les seues ferides.<\/p>\t\t\t\t\t\t\t\t<\/div>\n\t\t\t\t<\/div>\n\t\t\t\t\t<\/div>\n\t\t<\/div>\n\t\t\t\t\t<\/div>\n\t\t<\/section>\n\t\t\t\t<\/div>\n\t\t","protected":false},"excerpt":{"rendered":"<p>Festes de Benimagrell Se celebren en Benimagrell entorn de la festa del patr\u00f3, Sant Roque. S\u00f3n organitzades per la comissi\u00f3 de festes de Benimagrell en col\u00b7laboraci\u00f3 amb l&#8217;Ajuntament de Sant Joan. La festa coincideix habitualment amb la finalitat de setmana posterior a Sant Roque, el dia del qual \u00e9s el 16 d&#8217;agost i durant tot [&hellip;]<\/p>\n","protected":false},"author":1,"featured_media":0,"parent":0,"menu_order":0,"comment_status":"closed","ping_status":"closed","template":"","meta":{"footnotes":""},"class_list":["post-7297","page","type-page","status-publish","hentry"],"_links":{"self":[{"href":"https:\/\/turismosantjoan.es\/ca\/wp-json\/wp\/v2\/pages\/7297","targetHints":{"allow":["GET"]}}],"collection":[{"href":"https:\/\/turismosantjoan.es\/ca\/wp-json\/wp\/v2\/pages"}],"about":[{"href":"https:\/\/turismosantjoan.es\/ca\/wp-json\/wp\/v2\/types\/page"}],"author":[{"embeddable":true,"href":"https:\/\/turismosantjoan.es\/ca\/wp-json\/wp\/v2\/users\/1"}],"replies":[{"embeddable":true,"href":"https:\/\/turismosantjoan.es\/ca\/wp-json\/wp\/v2\/comments?post=7297"}],"version-history":[{"count":0,"href":"https:\/\/turismosantjoan.es\/ca\/wp-json\/wp\/v2\/pages\/7297\/revisions"}],"wp:attachment":[{"href":"https:\/\/turismosantjoan.es\/ca\/wp-json\/wp\/v2\/media?parent=7297"}],"curies":[{"name":"wp","href":"https:\/\/api.w.org\/{rel}","templated":true}]}}