{"id":7299,"date":"2023-08-04T10:24:48","date_gmt":"2023-08-04T10:24:48","guid":{"rendered":"https:\/\/turismo-sj.developersasapglobalsolution.com\/festes-de-fabraquer\/"},"modified":"2023-09-18T09:53:51","modified_gmt":"2023-09-18T09:53:51","slug":"festes-de-fabraquer","status":"publish","type":"page","link":"https:\/\/turismosantjoan.es\/ca\/festes-de-fabraquer\/","title":{"rendered":"Festes de Fabraquer"},"content":{"rendered":"\t\t<div data-elementor-type=\"wp-page\" data-elementor-id=\"7299\" class=\"elementor elementor-7299 elementor-4207\" data-elementor-post-type=\"page\">\n\t\t\t\t\t\t<section class=\"elementor-section elementor-top-section elementor-element elementor-element-4853a9f0 elementor-section-boxed elementor-section-height-default elementor-section-height-default\" data-id=\"4853a9f0\" data-element_type=\"section\" data-e-type=\"section\" data-settings=\"{&quot;shape_divider_top&quot;:&quot;mountains&quot;,&quot;background_background&quot;:&quot;classic&quot;}\">\n\t\t\t\t\t<div class=\"elementor-shape elementor-shape-top\" aria-hidden=\"true\" data-negative=\"false\">\n\t\t\t<svg xmlns=\"http:\/\/www.w3.org\/2000\/svg\" viewBox=\"0 0 1000 100\" preserveAspectRatio=\"none\">\n\t<path class=\"elementor-shape-fill\" opacity=\"0.33\" d=\"M473,67.3c-203.9,88.3-263.1-34-320.3,0C66,119.1,0,59.7,0,59.7V0h1000v59.7 c0,0-62.1,26.1-94.9,29.3c-32.8,3.3-62.8-12.3-75.8-22.1C806,49.6,745.3,8.7,694.9,4.7S492.4,59,473,67.3z\"\/>\n\t<path class=\"elementor-shape-fill\" opacity=\"0.66\" d=\"M734,67.3c-45.5,0-77.2-23.2-129.1-39.1c-28.6-8.7-150.3-10.1-254,39.1 s-91.7-34.4-149.2,0C115.7,118.3,0,39.8,0,39.8V0h1000v36.5c0,0-28.2-18.5-92.1-18.5C810.2,18.1,775.7,67.3,734,67.3z\"\/>\n\t<path class=\"elementor-shape-fill\" d=\"M766.1,28.9c-200-57.5-266,65.5-395.1,19.5C242,1.8,242,5.4,184.8,20.6C128,35.8,132.3,44.9,89.9,52.5C28.6,63.7,0,0,0,0 h1000c0,0-9.9,40.9-83.6,48.1S829.6,47,766.1,28.9z\"\/>\n<\/svg>\t\t<\/div>\n\t\t\t\t\t<div class=\"elementor-container elementor-column-gap-no\">\n\t\t\t\t\t<div class=\"elementor-column elementor-col-100 elementor-top-column elementor-element elementor-element-463dc89d\" data-id=\"463dc89d\" data-element_type=\"column\" data-e-type=\"column\">\n\t\t\t<div class=\"elementor-widget-wrap elementor-element-populated\">\n\t\t\t\t\t\t<div class=\"elementor-element elementor-element-4d1210b elementor-widget elementor-widget-heading\" data-id=\"4d1210b\" data-element_type=\"widget\" data-e-type=\"widget\" data-widget_type=\"heading.default\">\n\t\t\t\t<div class=\"elementor-widget-container\">\n\t\t\t\t\t<h1 class=\"elementor-heading-title elementor-size-xxl\">Festes de Fabraquer<\/h1>\t\t\t\t<\/div>\n\t\t\t\t<\/div>\n\t\t\t\t\t<\/div>\n\t\t<\/div>\n\t\t\t\t\t<\/div>\n\t\t<\/section>\n\t\t\t\t<section class=\"elementor-section elementor-top-section elementor-element elementor-element-46c1585 elementor-section-boxed elementor-section-height-default elementor-section-height-default\" data-id=\"46c1585\" data-element_type=\"section\" data-e-type=\"section\">\n\t\t\t\t\t\t<div class=\"elementor-container elementor-column-gap-default\">\n\t\t\t\t\t<div class=\"elementor-column elementor-col-100 elementor-top-column elementor-element elementor-element-7c280336\" data-id=\"7c280336\" data-element_type=\"column\" data-e-type=\"column\">\n\t\t\t<div class=\"elementor-widget-wrap elementor-element-populated\">\n\t\t\t\t\t\t<div class=\"elementor-element elementor-element-6541086d elementor-widget elementor-widget-text-editor\" data-id=\"6541086d\" data-element_type=\"widget\" data-e-type=\"widget\" data-widget_type=\"text-editor.default\">\n\t\t\t\t<div class=\"elementor-widget-container\">\n\t\t\t\t\t\t\t\t\t<p align=\"JUSTIFY\">Les festes de Fabraquer obrin el per\u00edode festiu fort que antecedeix a les <a href=\"https:\/\/www.turismosantjoan.es\/?page_id=99995493\">festes del Crist.<\/a> Se celebren en aquest pintoresc enclavament de l&#8217;horta el primer i segon cap de setmana d&#8217;agost en honor a la Verge del Rosari, organitzades per la comissi\u00f3 de festes de Fabraquer i la col\u00b7laboraci\u00f3 dels ajuntaments de Sant Joan d&#8217;Alacant i El Campello, ja que la partida es troba dividida entre tots dos municipis.<\/p>\t\t\t\t\t\t\t\t<\/div>\n\t\t\t\t<\/div>\n\t\t\t\t<div class=\"elementor-element elementor-element-affdcea elementor-arrows-position-inside elementor-pagination-position-outside elementor-widget elementor-widget-image-carousel\" data-id=\"affdcea\" data-element_type=\"widget\" data-e-type=\"widget\" data-settings=\"{&quot;slides_to_show&quot;:&quot;1&quot;,&quot;navigation&quot;:&quot;both&quot;,&quot;autoplay&quot;:&quot;yes&quot;,&quot;pause_on_hover&quot;:&quot;yes&quot;,&quot;pause_on_interaction&quot;:&quot;yes&quot;,&quot;autoplay_speed&quot;:5000,&quot;infinite&quot;:&quot;yes&quot;,&quot;effect&quot;:&quot;slide&quot;,&quot;speed&quot;:500}\" data-widget_type=\"image-carousel.default\">\n\t\t\t\t<div class=\"elementor-widget-container\">\n\t\t\t\t\t\t\t<div class=\"elementor-image-carousel-wrapper swiper\" role=\"region\" aria-roledescription=\"carousel\" aria-label=\"Image Carousel\" dir=\"ltr\">\n\t\t\t<div class=\"elementor-image-carousel swiper-wrapper\" aria-live=\"off\">\n\t\t\t\t\t\t\t\t<div class=\"swiper-slide\" role=\"group\" aria-roledescription=\"slide\" aria-label=\"1 of 2\"><figure class=\"swiper-slide-inner\"><img decoding=\"async\" class=\"swiper-slide-image\" src=\"https:\/\/turismosantjoan.es\/wp-content\/uploads\/elementor\/thumbs\/FOTO-DE-SUSTITUCION-1-ERMITA-DE-FABRAQUER-qbrlypgfmcq6vnt0x5dq3frdpwrdaofg435ec7acno.gif\" alt=\"FOTO DE SUSTITUCI\u00d3N 1 - ERMITA DE FABRAQUER\" \/><\/figure><\/div><div class=\"swiper-slide\" role=\"group\" aria-roledescription=\"slide\" aria-label=\"2 of 2\"><figure class=\"swiper-slide-inner\"><img decoding=\"async\" class=\"swiper-slide-image\" src=\"https:\/\/turismosantjoan.es\/wp-content\/uploads\/elementor\/thumbs\/FOTO-DE-SUSTITUCION-1.2-ERMITA-DE-FABRAQUER-qbrlyt7sdovc63nkb708det83g8u5gudglrc9b4rys.gif\" alt=\"FOTO DE SUSTITUCI\u00d3N 1.2 - ERMITA DE FABRAQUER\" \/><\/figure><\/div>\t\t\t<\/div>\n\t\t\t\t\t\t\t\t\t\t\t\t<div class=\"elementor-swiper-button elementor-swiper-button-prev\" role=\"button\" tabindex=\"0\">\n\t\t\t\t\t\t<i aria-hidden=\"true\" class=\"eicon-chevron-left\"><\/i>\t\t\t\t\t<\/div>\n\t\t\t\t\t<div class=\"elementor-swiper-button elementor-swiper-button-next\" role=\"button\" tabindex=\"0\">\n\t\t\t\t\t\t<i aria-hidden=\"true\" class=\"eicon-chevron-right\"><\/i>\t\t\t\t\t<\/div>\n\t\t\t\t\n\t\t\t\t\t\t\t\t\t<div class=\"swiper-pagination\"><\/div>\n\t\t\t\t\t\t\t\t\t<\/div>\n\t\t\t\t\t\t<\/div>\n\t\t\t\t<\/div>\n\t\t\t\t<div class=\"elementor-element elementor-element-6fb24f6 elementor-widget elementor-widget-text-editor\" data-id=\"6fb24f6\" data-element_type=\"widget\" data-e-type=\"widget\" data-widget_type=\"text-editor.default\">\n\t\t\t\t<div class=\"elementor-widget-container\">\n\t\t\t\t\t\t\t\t\t<p align=\"JUSTIFY\">Originalment les festes se celebraven entorn de l&#8217;ermita de la <a href=\"https:\/\/turismosantjoan.es\/finca-abril\/\">finca Abril<\/a> ja des del segle XIX, no obstant aix\u00f2, quan l&#8217;ermita va ser inclosa en la prop de la finca i tancada al p\u00fablic, els ve\u00efns van quedar sense lloc de culte i les seues festes van ser interrompudes.<\/p><p align=\"JUSTIFY\">No obstant aix\u00f2, en 1966 els ve\u00efns de Fabraquer van recuperar la seua festa gr\u00e0cies a l&#8217;entusiasme de tots que van decidir celebrar-les com antany. Es va crear una nova comissi\u00f3 de festes encarregada d&#8217;organitzar els actes. Les festes van tornar a rodar amb l&#8217;assist\u00e8ncia i participaci\u00f3 de nombrosos ve\u00efns de Sant Joan; fins i tot es va tallar en 1970 la nova imatge de la Verge del Rosari a c\u00e0rrec dels germans Blanco.<\/p>\t\t\t\t\t\t\t\t<\/div>\n\t\t\t\t<\/div>\n\t\t\t\t<div class=\"elementor-element elementor-element-18da0bf elementor-arrows-position-inside elementor-pagination-position-outside elementor-widget elementor-widget-image-carousel\" data-id=\"18da0bf\" data-element_type=\"widget\" data-e-type=\"widget\" data-settings=\"{&quot;slides_to_show&quot;:&quot;1&quot;,&quot;navigation&quot;:&quot;both&quot;,&quot;autoplay&quot;:&quot;yes&quot;,&quot;pause_on_hover&quot;:&quot;yes&quot;,&quot;pause_on_interaction&quot;:&quot;yes&quot;,&quot;autoplay_speed&quot;:5000,&quot;infinite&quot;:&quot;yes&quot;,&quot;effect&quot;:&quot;slide&quot;,&quot;speed&quot;:500}\" data-widget_type=\"image-carousel.default\">\n\t\t\t\t<div class=\"elementor-widget-container\">\n\t\t\t\t\t\t\t<div class=\"elementor-image-carousel-wrapper swiper\" role=\"region\" aria-roledescription=\"carousel\" aria-label=\"Image Carousel\" dir=\"ltr\">\n\t\t\t<div class=\"elementor-image-carousel swiper-wrapper\" aria-live=\"off\">\n\t\t\t\t\t\t\t\t<div class=\"swiper-slide\" role=\"group\" aria-roledescription=\"slide\" aria-label=\"1 of 5\"><figure class=\"swiper-slide-inner\"><img decoding=\"async\" class=\"swiper-slide-image\" src=\"https:\/\/turismosantjoan.es\/wp-content\/uploads\/elementor\/thumbs\/FOTO-CARRUSEL-3-3-scaled-qbrlxmx1u59fnnd066q0r7hhd41bj36gasehnuvhqs.jpg\" alt=\"FOTO CARRUSEL 3\" \/><\/figure><\/div><div class=\"swiper-slide\" role=\"group\" aria-roledescription=\"slide\" aria-label=\"2 of 5\"><figure class=\"swiper-slide-inner\"><img decoding=\"async\" class=\"swiper-slide-image\" src=\"https:\/\/turismosantjoan.es\/wp-content\/uploads\/elementor\/thumbs\/FOTO-CARRUSEL-1-2-scaled-qbrlx0cxa4ejx09rtwyz3d6f3v4iecow7oqu57sxw4.jpg\" alt=\"FOTO CARRUSEL 1\" \/><\/figure><\/div><div class=\"swiper-slide\" role=\"group\" aria-roledescription=\"slide\" aria-label=\"3 of 5\"><figure class=\"swiper-slide-inner\"><img decoding=\"async\" class=\"swiper-slide-image\" src=\"https:\/\/turismosantjoan.es\/wp-content\/uploads\/elementor\/thumbs\/FOTO-CARRUSEL-2-3-scaled-qbrlxap5daspgpur5jfvcskhn3pjr0txx3x6f9dlzo.jpg\" alt=\"FOTO CARRUSEL 2\" \/><\/figure><\/div><div class=\"swiper-slide\" role=\"group\" aria-roledescription=\"slide\" aria-label=\"4 of 5\"><figure class=\"swiper-slide-inner\"><img decoding=\"async\" class=\"swiper-slide-image\" src=\"https:\/\/turismosantjoan.es\/wp-content\/uploads\/elementor\/thumbs\/FOTO-CARRUSEL-4-3-scaled-qbrly02shtrg66tw1cesq45xoi8giump0ljadqbzbo.jpg\" alt=\"FOTO CARRUSEL 4\" \/><\/figure><\/div><div class=\"swiper-slide\" role=\"group\" aria-roledescription=\"slide\" aria-label=\"5 of 5\"><figure class=\"swiper-slide-inner\"><img decoding=\"async\" class=\"swiper-slide-image\" src=\"https:\/\/turismosantjoan.es\/wp-content\/uploads\/elementor\/thumbs\/FOTO-CARRUSEL-5-3-scaled-qbrlye6dccar0c9er0i79ilulaayqb6o2jbkkvr2qc.jpg\" alt=\"FOTO CARRUSEL 5\" \/><\/figure><\/div>\t\t\t<\/div>\n\t\t\t\t\t\t\t\t\t\t\t\t<div class=\"elementor-swiper-button elementor-swiper-button-prev\" role=\"button\" tabindex=\"0\">\n\t\t\t\t\t\t<i aria-hidden=\"true\" class=\"eicon-chevron-left\"><\/i>\t\t\t\t\t<\/div>\n\t\t\t\t\t<div class=\"elementor-swiper-button elementor-swiper-button-next\" role=\"button\" tabindex=\"0\">\n\t\t\t\t\t\t<i aria-hidden=\"true\" class=\"eicon-chevron-right\"><\/i>\t\t\t\t\t<\/div>\n\t\t\t\t\n\t\t\t\t\t\t\t\t\t<div class=\"swiper-pagination\"><\/div>\n\t\t\t\t\t\t\t\t\t<\/div>\n\t\t\t\t\t\t<\/div>\n\t\t\t\t<\/div>\n\t\t\t\t<div class=\"elementor-element elementor-element-eb079b9 elementor-widget elementor-widget-text-editor\" data-id=\"eb079b9\" data-element_type=\"widget\" data-e-type=\"widget\" data-widget_type=\"text-editor.default\">\n\t\t\t\t<div class=\"elementor-widget-container\">\n\t\t\t\t\t\t\t\t\t<p align=\"JUSTIFY\">No obstant aix\u00f2, malgrat els esfor\u00e7os, molt poc despr\u00e9s es va interrompre la festa, i va caldre esperar fins a 1981 per a recuperar-la, data des de la qual s&#8217;han celebrat fins ara afortunadament. En aquells anys els actes es van consolidar definitivament tenint com a escenaris principals, a m\u00e9s del <a href=\"https:\/\/turismosantjoan.es\/ca\/camins-tradicionals\/\">cam\u00ed de Marco<\/a>, l&#8217;ermita de la Merc\u00e8 i el poliesportiu municipal de Sant Joan.<\/p>\t\t\t\t\t\t\t\t<\/div>\n\t\t\t\t<\/div>\n\t\t\t\t<div class=\"elementor-element elementor-element-3cb9fb7 elementor-widget elementor-widget-image\" data-id=\"3cb9fb7\" data-element_type=\"widget\" data-e-type=\"widget\" data-widget_type=\"image.default\">\n\t\t\t\t<div class=\"elementor-widget-container\">\n\t\t\t\t\t\t\t\t\t\t\t\t\t\t\t<img fetchpriority=\"high\" decoding=\"async\" width=\"800\" height=\"545\" src=\"https:\/\/turismosantjoan.es\/wp-content\/uploads\/2023\/08\/Albora-Fabraquer-214-1173x800-1-1024x698.jpg\" class=\"attachment-large size-large wp-image-4219\" alt=\"\" srcset=\"https:\/\/turismosantjoan.es\/wp-content\/uploads\/2023\/08\/Albora-Fabraquer-214-1173x800-1-1024x698.jpg 1024w, https:\/\/turismosantjoan.es\/wp-content\/uploads\/2023\/08\/Albora-Fabraquer-214-1173x800-1-300x205.jpg 300w, https:\/\/turismosantjoan.es\/wp-content\/uploads\/2023\/08\/Albora-Fabraquer-214-1173x800-1-768x524.jpg 768w, https:\/\/turismosantjoan.es\/wp-content\/uploads\/2023\/08\/Albora-Fabraquer-214-1173x800-1.jpg 1173w\" sizes=\"(max-width: 800px) 100vw, 800px\" \/>\t\t\t\t\t\t\t\t\t\t\t\t\t\t\t<\/div>\n\t\t\t\t<\/div>\n\t\t\t\t<div class=\"elementor-element elementor-element-3ed3ebd elementor-widget elementor-widget-text-editor\" data-id=\"3ed3ebd\" data-element_type=\"widget\" data-e-type=\"widget\" data-widget_type=\"text-editor.default\">\n\t\t\t\t<div class=\"elementor-widget-container\">\n\t\t\t\t\t\t\t\t\t<p align=\"JUSTIFY\">En 1991 es va construir una nova ermita per part dels ve\u00efns per a poder celebrar all\u00ed el culte setmanal i, per descomptat, per a poder celebrar diversos actes de les festes. Des de llavors, \u00e9s un dels elements m\u00e9s t\u00edpics de Fabraquer i un dels seus edificis m\u00e9s representatius.<\/p><p align=\"JUSTIFY\">En l&#8217;actualitat els actes principals compten amb la proclamaci\u00f3 de les romeres, cercaviles, menjades de germanor, i els actes centrals com la romeria amb la Verge del Rosari pel cam\u00ed que travessa aquest enclavament de l&#8217;Horta, acte amb un clar sabor i tipisme de l&#8217;horta.<\/p>\t\t\t\t\t\t\t\t<\/div>\n\t\t\t\t<\/div>\n\t\t\t\t\t<\/div>\n\t\t<\/div>\n\t\t\t\t\t<\/div>\n\t\t<\/section>\n\t\t\t\t<\/div>\n\t\t","protected":false},"excerpt":{"rendered":"<p>Festes de Fabraquer Les festes de Fabraquer obrin el per\u00edode festiu fort que antecedeix a les festes del Crist. Se celebren en aquest pintoresc enclavament de l&#8217;horta el primer i segon cap de setmana d&#8217;agost en honor a la Verge del Rosari, organitzades per la comissi\u00f3 de festes de Fabraquer i la col\u00b7laboraci\u00f3 dels ajuntaments [&hellip;]<\/p>\n","protected":false},"author":1,"featured_media":0,"parent":0,"menu_order":0,"comment_status":"closed","ping_status":"closed","template":"","meta":{"footnotes":""},"class_list":["post-7299","page","type-page","status-publish","hentry"],"_links":{"self":[{"href":"https:\/\/turismosantjoan.es\/ca\/wp-json\/wp\/v2\/pages\/7299","targetHints":{"allow":["GET"]}}],"collection":[{"href":"https:\/\/turismosantjoan.es\/ca\/wp-json\/wp\/v2\/pages"}],"about":[{"href":"https:\/\/turismosantjoan.es\/ca\/wp-json\/wp\/v2\/types\/page"}],"author":[{"embeddable":true,"href":"https:\/\/turismosantjoan.es\/ca\/wp-json\/wp\/v2\/users\/1"}],"replies":[{"embeddable":true,"href":"https:\/\/turismosantjoan.es\/ca\/wp-json\/wp\/v2\/comments?post=7299"}],"version-history":[{"count":0,"href":"https:\/\/turismosantjoan.es\/ca\/wp-json\/wp\/v2\/pages\/7299\/revisions"}],"wp:attachment":[{"href":"https:\/\/turismosantjoan.es\/ca\/wp-json\/wp\/v2\/media?parent=7299"}],"curies":[{"name":"wp","href":"https:\/\/api.w.org\/{rel}","templated":true}]}}