{"id":7301,"date":"2023-08-04T10:13:42","date_gmt":"2023-08-04T10:13:42","guid":{"rendered":"https:\/\/turismo-sj.developersasapglobalsolution.com\/festes-de-salafranca\/"},"modified":"2023-09-18T09:57:10","modified_gmt":"2023-09-18T09:57:10","slug":"festes-de-salafranca","status":"publish","type":"page","link":"https:\/\/turismosantjoan.es\/ca\/festes-de-salafranca\/","title":{"rendered":"Festes de Salafranca"},"content":{"rendered":"\t\t<div data-elementor-type=\"wp-page\" data-elementor-id=\"7301\" class=\"elementor elementor-7301 elementor-4190\" data-elementor-post-type=\"page\">\n\t\t\t\t\t\t<section class=\"elementor-section elementor-top-section elementor-element elementor-element-38f26ddc elementor-section-boxed elementor-section-height-default elementor-section-height-default\" data-id=\"38f26ddc\" data-element_type=\"section\" data-e-type=\"section\" data-settings=\"{&quot;shape_divider_top&quot;:&quot;mountains&quot;,&quot;background_background&quot;:&quot;classic&quot;}\">\n\t\t\t\t\t<div class=\"elementor-shape elementor-shape-top\" aria-hidden=\"true\" data-negative=\"false\">\n\t\t\t<svg xmlns=\"http:\/\/www.w3.org\/2000\/svg\" viewBox=\"0 0 1000 100\" preserveAspectRatio=\"none\">\n\t<path class=\"elementor-shape-fill\" opacity=\"0.33\" d=\"M473,67.3c-203.9,88.3-263.1-34-320.3,0C66,119.1,0,59.7,0,59.7V0h1000v59.7 c0,0-62.1,26.1-94.9,29.3c-32.8,3.3-62.8-12.3-75.8-22.1C806,49.6,745.3,8.7,694.9,4.7S492.4,59,473,67.3z\"\/>\n\t<path class=\"elementor-shape-fill\" opacity=\"0.66\" d=\"M734,67.3c-45.5,0-77.2-23.2-129.1-39.1c-28.6-8.7-150.3-10.1-254,39.1 s-91.7-34.4-149.2,0C115.7,118.3,0,39.8,0,39.8V0h1000v36.5c0,0-28.2-18.5-92.1-18.5C810.2,18.1,775.7,67.3,734,67.3z\"\/>\n\t<path class=\"elementor-shape-fill\" d=\"M766.1,28.9c-200-57.5-266,65.5-395.1,19.5C242,1.8,242,5.4,184.8,20.6C128,35.8,132.3,44.9,89.9,52.5C28.6,63.7,0,0,0,0 h1000c0,0-9.9,40.9-83.6,48.1S829.6,47,766.1,28.9z\"\/>\n<\/svg>\t\t<\/div>\n\t\t\t\t\t<div class=\"elementor-container elementor-column-gap-no\">\n\t\t\t\t\t<div class=\"elementor-column elementor-col-100 elementor-top-column elementor-element elementor-element-6613219a\" data-id=\"6613219a\" data-element_type=\"column\" data-e-type=\"column\">\n\t\t\t<div class=\"elementor-widget-wrap elementor-element-populated\">\n\t\t\t\t\t\t<div class=\"elementor-element elementor-element-6dfa8fe7 elementor-widget elementor-widget-heading\" data-id=\"6dfa8fe7\" data-element_type=\"widget\" data-e-type=\"widget\" data-widget_type=\"heading.default\">\n\t\t\t\t<div class=\"elementor-widget-container\">\n\t\t\t\t\t<h1 class=\"elementor-heading-title elementor-size-xxl\">Festes de Salafranca<\/h1>\t\t\t\t<\/div>\n\t\t\t\t<\/div>\n\t\t\t\t\t<\/div>\n\t\t<\/div>\n\t\t\t\t\t<\/div>\n\t\t<\/section>\n\t\t\t\t<section class=\"elementor-section elementor-top-section elementor-element elementor-element-185a96c2 elementor-section-boxed elementor-section-height-default elementor-section-height-default\" data-id=\"185a96c2\" data-element_type=\"section\" data-e-type=\"section\">\n\t\t\t\t\t\t<div class=\"elementor-container elementor-column-gap-default\">\n\t\t\t\t\t<div class=\"elementor-column elementor-col-100 elementor-top-column elementor-element elementor-element-4bb7381d\" data-id=\"4bb7381d\" data-element_type=\"column\" data-e-type=\"column\">\n\t\t\t<div class=\"elementor-widget-wrap elementor-element-populated\">\n\t\t\t\t\t\t<div class=\"elementor-element elementor-element-b017ce1 elementor-widget elementor-widget-text-editor\" data-id=\"b017ce1\" data-element_type=\"widget\" data-e-type=\"widget\" data-widget_type=\"text-editor.default\">\n\t\t\t\t<div class=\"elementor-widget-container\">\n\t\t\t\t\t\t\t\t\t<div class=\"wpb_text_column wpb_content_element \"><div class=\"wpb_wrapper\"><p align=\"JUSTIFY\">Les festes de Santa Ana se celebren en Salafranca des de l&#8217;any 2001 el cap de setmana posterior al 26 de juliol, onom\u00e0stica de la santa. Les celebracions populars tenen lloc entorn de l&#8217;ermita hom\u00f2nima del segle XVII, que va ser cedida per la fam\u00edlia Sell\u00e9s a l&#8217;ajuntament de Sant Joan d&#8217;Alacant, procedint-se a la seua restauraci\u00f3 en els anys 90. Amb motiu de la seua inauguraci\u00f3 i benedicci\u00f3 en 2001, un grup de ve\u00efns d&#8217;aquesta barriada va decidir celebrar des de llavors una festa anual en honor de Santa Ana, convertint-la aix\u00ed en la festa de Salafranca. Aqueix any per primera vegada es va celebrar una romeria des de l&#8217;esgl\u00e9sia amb la nova imatge de Santa Ana que va ser portada sobre unes xicotetes andes fins a <a href=\"https:\/\/turismosantjoan.es\/ca\/ermita-de-santa-ana\/\">l&#8217;ermita<\/a>, acompanyada per molts ve\u00efns, m\u00fasica i representacions festeres. All\u00ed es va beneir l&#8217;ermita i seguidament despr\u00e9s d&#8217;una missa, es va servir un refrigeri estival als presents mentre la m\u00fasica i les danses t\u00edpiques acompanyaven i animaven l&#8217;acte.<\/p><p align=\"JUSTIFY\">Des de llavors va quedar institu\u00efda la festa i a poc a poc es van anar afegint alguns actes com el sopar de sobaquillo o \u201ccabasset\u201d.<\/p><\/div><\/div>\t\t\t\t\t\t\t\t<\/div>\n\t\t\t\t<\/div>\n\t\t\t\t<div class=\"elementor-element elementor-element-5f7db26 elementor-widget elementor-widget-image\" data-id=\"5f7db26\" data-element_type=\"widget\" data-e-type=\"widget\" data-widget_type=\"image.default\">\n\t\t\t\t<div class=\"elementor-widget-container\">\n\t\t\t\t\t\t\t\t\t\t\t\t\t\t\t<img fetchpriority=\"high\" decoding=\"async\" width=\"800\" height=\"533\" src=\"https:\/\/turismosantjoan.es\/wp-content\/uploads\/2023\/07\/ermita-santa-ana-1202x800-1-1024x682.gif\" class=\"attachment-large size-large wp-image-3650\" alt=\"\" srcset=\"https:\/\/turismosantjoan.es\/wp-content\/uploads\/2023\/07\/ermita-santa-ana-1202x800-1-1024x682.gif 1024w, https:\/\/turismosantjoan.es\/wp-content\/uploads\/2023\/07\/ermita-santa-ana-1202x800-1-300x200.gif 300w, https:\/\/turismosantjoan.es\/wp-content\/uploads\/2023\/07\/ermita-santa-ana-1202x800-1-768x511.gif 768w\" sizes=\"(max-width: 800px) 100vw, 800px\" \/>\t\t\t\t\t\t\t\t\t\t\t\t\t\t\t<\/div>\n\t\t\t\t<\/div>\n\t\t\t\t<div class=\"elementor-element elementor-element-2731b5d elementor-widget elementor-widget-text-editor\" data-id=\"2731b5d\" data-element_type=\"widget\" data-e-type=\"widget\" data-widget_type=\"text-editor.default\">\n\t\t\t\t<div class=\"elementor-widget-container\">\n\t\t\t\t\t\t\t\t\t<div class=\"wpb_text_column wpb_content_element \"><div class=\"wpb_wrapper\"><p align=\"JUSTIFY\">En l&#8217;actualitat, la celebraci\u00f3 consisteix en diversos actes com l&#8217;esmentat sopar en la nit pr\u00e8via a la festa, a la qual assisteixen ve\u00efns i festers de Salafranca, Sant Joan i altres llocs i en la qual no falta mai la m\u00fasica nocturna per a amenitzar i divertir als assistents. Tamb\u00e9 hi ha diversos jocs per als xiquets.<\/p><p align=\"JUSTIFY\">Per\u00f2 per descomptat l&#8217;acte central \u00e9s la romeria dominical que des de l&#8217;esgl\u00e9sia continua recorrent el cam\u00ed del cementeri i de Seren\u00ed per a arribar fins a l&#8217;ermita amb la imatge de Santa Ana acompanyada per la m\u00fasica, festers i ve\u00efns. Una vegada all\u00ed, i despr\u00e9s de la missa, se serveix el berenar-sopa estiuenca, tan adequada per a apagar la set de la sufocant calor estival.<\/p><\/div><\/div>\t\t\t\t\t\t\t\t<\/div>\n\t\t\t\t<\/div>\n\t\t\t\t<div class=\"elementor-element elementor-element-80f3ff9 elementor-widget elementor-widget-image\" data-id=\"80f3ff9\" data-element_type=\"widget\" data-e-type=\"widget\" data-widget_type=\"image.default\">\n\t\t\t\t<div class=\"elementor-widget-container\">\n\t\t\t\t\t\t\t\t\t\t\t\t\t\t\t<img decoding=\"async\" width=\"800\" height=\"534\" src=\"https:\/\/turismosantjoan.es\/wp-content\/uploads\/2023\/08\/salafranca-1200x800-1-1024x683.gif\" class=\"attachment-large size-large wp-image-4193\" alt=\"\" srcset=\"https:\/\/turismosantjoan.es\/wp-content\/uploads\/2023\/08\/salafranca-1200x800-1-1024x683.gif 1024w, https:\/\/turismosantjoan.es\/wp-content\/uploads\/2023\/08\/salafranca-1200x800-1-300x200.gif 300w, https:\/\/turismosantjoan.es\/wp-content\/uploads\/2023\/08\/salafranca-1200x800-1-768x512.gif 768w\" sizes=\"(max-width: 800px) 100vw, 800px\" \/>\t\t\t\t\t\t\t\t\t\t\t\t\t\t\t<\/div>\n\t\t\t\t<\/div>\n\t\t\t\t\t<\/div>\n\t\t<\/div>\n\t\t\t\t\t<\/div>\n\t\t<\/section>\n\t\t\t\t<section class=\"elementor-section elementor-top-section elementor-element elementor-element-773cbf89 elementor-section-boxed elementor-section-height-default elementor-section-height-default\" data-id=\"773cbf89\" data-element_type=\"section\" data-e-type=\"section\">\n\t\t\t\t\t\t<div class=\"elementor-container elementor-column-gap-default\">\n\t\t\t\t\t<div class=\"elementor-column elementor-col-100 elementor-top-column elementor-element elementor-element-5e45ca25\" data-id=\"5e45ca25\" data-element_type=\"column\" data-e-type=\"column\">\n\t\t\t<div class=\"elementor-widget-wrap elementor-element-populated\">\n\t\t\t\t\t\t<div class=\"elementor-element elementor-element-4de8141b elementor-widget elementor-widget-heading\" data-id=\"4de8141b\" data-element_type=\"widget\" data-e-type=\"widget\" data-widget_type=\"heading.default\">\n\t\t\t\t<div class=\"elementor-widget-container\">\n\t\t\t\t\t<h2 class=\"elementor-heading-title elementor-size-default\">Sabies que\u2026?<\/h2>\t\t\t\t<\/div>\n\t\t\t\t<\/div>\n\t\t\t\t<div class=\"elementor-element elementor-element-5eb40e06 elementor-widget elementor-widget-text-editor\" data-id=\"5eb40e06\" data-element_type=\"widget\" data-e-type=\"widget\" data-widget_type=\"text-editor.default\">\n\t\t\t\t<div class=\"elementor-widget-container\">\n\t\t\t\t\t\t\t\t\t<p align=\"JUSTIFY\">anta Ana \u00e9s la mare de la verge Mar\u00eda segons els Evangelis. Es desconeix molt sobre la seua vida per\u00f2 va aconseguir gran devoci\u00f3 en el m\u00f3n cristi\u00e0. Segons la tradici\u00f3 ella i el seu esp\u00f2s Sant Joaquim, no podien tindre descend\u00e8ncia davant la qual cosa va prometre que si el cel li concedia la gr\u00e0cia de tindre fills, els consagraria a la vida religiosa. Finalment d&#8217;ells va n\u00e0ixer la Mare de D\u00e9u, concebuda sense pecat original, segons la tradici\u00f3 cristiana i el dogma de l&#8217;Esgl\u00e9sia Cat\u00f2lica.<\/p><p align=\"JUSTIFY\">Se la representa com una dona a vegades d&#8217;avan\u00e7ada edat, portant de la m\u00e0 a la Mare de D\u00e9u representada com una xiqueta. La seua festa, el 26 de juliol, tamb\u00e9 recorda al seu esp\u00f2s Sant Joaquim. Alguns comissionats van proposar celebrar tamb\u00e9 a Sant Joaquim i van adquirir una imatge del sant per a portar-la en la festa.<\/p>\t\t\t\t\t\t\t\t<\/div>\n\t\t\t\t<\/div>\n\t\t\t\t\t<\/div>\n\t\t<\/div>\n\t\t\t\t\t<\/div>\n\t\t<\/section>\n\t\t\t\t<\/div>\n\t\t","protected":false},"excerpt":{"rendered":"<p>Festes de Salafranca Les festes de Santa Ana se celebren en Salafranca des de l&#8217;any 2001 el cap de setmana posterior al 26 de juliol, onom\u00e0stica de la santa. Les celebracions populars tenen lloc entorn de l&#8217;ermita hom\u00f2nima del segle XVII, que va ser cedida per la fam\u00edlia Sell\u00e9s a l&#8217;ajuntament de Sant Joan d&#8217;Alacant, [&hellip;]<\/p>\n","protected":false},"author":1,"featured_media":0,"parent":0,"menu_order":0,"comment_status":"closed","ping_status":"closed","template":"","meta":{"footnotes":""},"class_list":["post-7301","page","type-page","status-publish","hentry"],"_links":{"self":[{"href":"https:\/\/turismosantjoan.es\/ca\/wp-json\/wp\/v2\/pages\/7301","targetHints":{"allow":["GET"]}}],"collection":[{"href":"https:\/\/turismosantjoan.es\/ca\/wp-json\/wp\/v2\/pages"}],"about":[{"href":"https:\/\/turismosantjoan.es\/ca\/wp-json\/wp\/v2\/types\/page"}],"author":[{"embeddable":true,"href":"https:\/\/turismosantjoan.es\/ca\/wp-json\/wp\/v2\/users\/1"}],"replies":[{"embeddable":true,"href":"https:\/\/turismosantjoan.es\/ca\/wp-json\/wp\/v2\/comments?post=7301"}],"version-history":[{"count":0,"href":"https:\/\/turismosantjoan.es\/ca\/wp-json\/wp\/v2\/pages\/7301\/revisions"}],"wp:attachment":[{"href":"https:\/\/turismosantjoan.es\/ca\/wp-json\/wp\/v2\/media?parent=7301"}],"curies":[{"name":"wp","href":"https:\/\/api.w.org\/{rel}","templated":true}]}}