{"id":7303,"date":"2023-08-04T10:35:58","date_gmt":"2023-08-04T10:35:58","guid":{"rendered":"https:\/\/turismo-sj.developersasapglobalsolution.com\/festes-del-crist\/"},"modified":"2023-09-18T10:21:41","modified_gmt":"2023-09-18T10:21:41","slug":"festes-del-crist","status":"publish","type":"page","link":"https:\/\/turismosantjoan.es\/ca\/festes-del-crist\/","title":{"rendered":"Festes Del Crist"},"content":{"rendered":"\t\t<div data-elementor-type=\"wp-page\" data-elementor-id=\"7303\" class=\"elementor elementor-7303 elementor-4243\" data-elementor-post-type=\"page\">\n\t\t\t\t\t\t<section class=\"elementor-section elementor-top-section elementor-element elementor-element-cf7628 elementor-section-boxed elementor-section-height-default elementor-section-height-default\" data-id=\"cf7628\" data-element_type=\"section\" data-e-type=\"section\" data-settings=\"{&quot;shape_divider_top&quot;:&quot;mountains&quot;,&quot;background_background&quot;:&quot;classic&quot;}\">\n\t\t\t\t\t<div class=\"elementor-shape elementor-shape-top\" aria-hidden=\"true\" data-negative=\"false\">\n\t\t\t<svg xmlns=\"http:\/\/www.w3.org\/2000\/svg\" viewBox=\"0 0 1000 100\" preserveAspectRatio=\"none\">\n\t<path class=\"elementor-shape-fill\" opacity=\"0.33\" d=\"M473,67.3c-203.9,88.3-263.1-34-320.3,0C66,119.1,0,59.7,0,59.7V0h1000v59.7 c0,0-62.1,26.1-94.9,29.3c-32.8,3.3-62.8-12.3-75.8-22.1C806,49.6,745.3,8.7,694.9,4.7S492.4,59,473,67.3z\"\/>\n\t<path class=\"elementor-shape-fill\" opacity=\"0.66\" d=\"M734,67.3c-45.5,0-77.2-23.2-129.1-39.1c-28.6-8.7-150.3-10.1-254,39.1 s-91.7-34.4-149.2,0C115.7,118.3,0,39.8,0,39.8V0h1000v36.5c0,0-28.2-18.5-92.1-18.5C810.2,18.1,775.7,67.3,734,67.3z\"\/>\n\t<path class=\"elementor-shape-fill\" d=\"M766.1,28.9c-200-57.5-266,65.5-395.1,19.5C242,1.8,242,5.4,184.8,20.6C128,35.8,132.3,44.9,89.9,52.5C28.6,63.7,0,0,0,0 h1000c0,0-9.9,40.9-83.6,48.1S829.6,47,766.1,28.9z\"\/>\n<\/svg>\t\t<\/div>\n\t\t\t\t\t<div class=\"elementor-container elementor-column-gap-no\">\n\t\t\t\t\t<div class=\"elementor-column elementor-col-100 elementor-top-column elementor-element elementor-element-7f90bd71\" data-id=\"7f90bd71\" data-element_type=\"column\" data-e-type=\"column\">\n\t\t\t<div class=\"elementor-widget-wrap elementor-element-populated\">\n\t\t\t\t\t\t<div class=\"elementor-element elementor-element-3393d871 elementor-widget elementor-widget-heading\" data-id=\"3393d871\" data-element_type=\"widget\" data-e-type=\"widget\" data-widget_type=\"heading.default\">\n\t\t\t\t<div class=\"elementor-widget-container\">\n\t\t\t\t\t<h1 class=\"elementor-heading-title elementor-size-xxl\">Festes Del Crist<\/h1>\t\t\t\t<\/div>\n\t\t\t\t<\/div>\n\t\t\t\t\t<\/div>\n\t\t<\/div>\n\t\t\t\t\t<\/div>\n\t\t<\/section>\n\t\t\t\t<section class=\"elementor-section elementor-top-section elementor-element elementor-element-448ffd46 elementor-section-boxed elementor-section-height-default elementor-section-height-default\" data-id=\"448ffd46\" data-element_type=\"section\" data-e-type=\"section\">\n\t\t\t\t\t\t<div class=\"elementor-container elementor-column-gap-default\">\n\t\t\t\t\t<div class=\"elementor-column elementor-col-100 elementor-top-column elementor-element elementor-element-64553732\" data-id=\"64553732\" data-element_type=\"column\" data-e-type=\"column\">\n\t\t\t<div class=\"elementor-widget-wrap elementor-element-populated\">\n\t\t\t\t\t\t<div class=\"elementor-element elementor-element-675b40c elementor-widget elementor-widget-text-editor\" data-id=\"675b40c\" data-element_type=\"widget\" data-e-type=\"widget\" data-widget_type=\"text-editor.default\">\n\t\t\t\t<div class=\"elementor-widget-container\">\n\t\t\t\t\t\t\t\t\t<div class=\"wpb_text_column wpb_content_element \"><div class=\"wpb_wrapper\"><p align=\"JUSTIFY\"><strong>Les festes en honor al Sant\u00edssim Crist de la Pau s\u00f3n les Festes Majors de Sant Joan d&#8217;Alacant<\/strong>, que se celebren <strong>entre els dies 12 i 16 de setembre<\/strong> de cada any. El dia principal \u00e9s el 14 de setembre, conegut com el Dia del Crist.<\/p><p>Les Festes del Crist, s\u00f3n les Festes Majors de Sant Joan d&#8217;Alacant i es t\u00e9 const\u00e0ncia la seua celebraci\u00f3 des de fa diversos segles. A causa del seu passat hist\u00f2ric i la seua import\u00e0ncia com a festivitat en el municipi, aquest any 2023, la Generalitat ha atorgat a les Festes del Crist la declaraci\u00f3 de Festa d&#8217;Inter\u00e9s Tur\u00edstic Provincial de la Comunitat Valenciana, t\u00edtol m\u00e9s que merescut per a Sant Joan d&#8217;Alacant i tots els santjoaners.<\/p><p align=\"JUSTIFY\">La devoci\u00f3 al Crist de la Pau \u00e9s molt antiga. Les primeres dades sobre la imatge daten del segle XVII, encara que \u00e9s molt probable que la devoci\u00f3 a aquesta imatge fora m\u00e9s antiga. En 1600 l&#8217;II S\u00ednode d&#8217;Orihuela va concedir a Sant Joan la celebraci\u00f3 de la festa de la Precios\u00edssima Sang, 1 de juliol, amb car\u00e0cter de precepte, celebraci\u00f3 que sens dubte estaria vinculada al Crist, sent la data en la qual se celebrarien les antigues festes. Segons alguns cronistes, la festa es traslladaria al mes de setembre durant el segle XVIII, fixant-se en la festa de l&#8217;Exaltaci\u00f3 de la Santa Cruz que celebra l&#8217;Esgl\u00e9sia cat\u00f2lica el 14 de setembre. Entre els motius que s&#8217;addueixen, est\u00e0 la q\u00fcesti\u00f3 econ\u00f2mica perqu\u00e8 el mes de setembre el poble ja hauria finalitzat les tasques agr\u00edcoles i els ve\u00efns, a m\u00e9s de m\u00e9s temps, tindrien m\u00e9s diners per a poder celebrar-les. No obstant aix\u00f2, no sabem la data exacta en la qual es van traslladar a setembre.<\/p><\/div><\/div>\t\t\t\t\t\t\t\t<\/div>\n\t\t\t\t<\/div>\n\t\t\t\t<section class=\"elementor-section elementor-inner-section elementor-element elementor-element-b2d1f28 elementor-section-boxed elementor-section-height-default elementor-section-height-default\" data-id=\"b2d1f28\" data-element_type=\"section\" data-e-type=\"section\">\n\t\t\t\t\t\t<div class=\"elementor-container elementor-column-gap-default\">\n\t\t\t\t\t<div class=\"elementor-column elementor-col-50 elementor-inner-column elementor-element elementor-element-bb05db9\" data-id=\"bb05db9\" data-element_type=\"column\" data-e-type=\"column\">\n\t\t\t<div class=\"elementor-widget-wrap elementor-element-populated\">\n\t\t\t\t\t\t<div class=\"elementor-element elementor-element-93c68fe elementor-widget elementor-widget-image\" data-id=\"93c68fe\" data-element_type=\"widget\" data-e-type=\"widget\" data-widget_type=\"image.default\">\n\t\t\t\t<div class=\"elementor-widget-container\">\n\t\t\t\t\t\t\t\t\t\t\t\t\t\t\t<img fetchpriority=\"high\" decoding=\"async\" width=\"683\" height=\"1024\" src=\"https:\/\/turismosantjoan.es\/wp-content\/uploads\/2023\/08\/fiestas-del-cristo-5-683x1024.jpg\" class=\"attachment-large size-large wp-image-4252\" alt=\"\" srcset=\"https:\/\/turismosantjoan.es\/wp-content\/uploads\/2023\/08\/fiestas-del-cristo-5-683x1024.jpg 683w, https:\/\/turismosantjoan.es\/wp-content\/uploads\/2023\/08\/fiestas-del-cristo-5-200x300.jpg 200w, https:\/\/turismosantjoan.es\/wp-content\/uploads\/2023\/08\/fiestas-del-cristo-5-768x1152.jpg 768w, https:\/\/turismosantjoan.es\/wp-content\/uploads\/2023\/08\/fiestas-del-cristo-5-1024x1536.jpg 1024w, https:\/\/turismosantjoan.es\/wp-content\/uploads\/2023\/08\/fiestas-del-cristo-5-1365x2048.jpg 1365w, https:\/\/turismosantjoan.es\/wp-content\/uploads\/2023\/08\/fiestas-del-cristo-5.jpg 1656w\" sizes=\"(max-width: 683px) 100vw, 683px\" \/>\t\t\t\t\t\t\t\t\t\t\t\t\t\t\t<\/div>\n\t\t\t\t<\/div>\n\t\t\t\t\t<\/div>\n\t\t<\/div>\n\t\t\t\t<div class=\"elementor-column elementor-col-50 elementor-inner-column elementor-element elementor-element-2b78dd1\" data-id=\"2b78dd1\" data-element_type=\"column\" data-e-type=\"column\">\n\t\t\t<div class=\"elementor-widget-wrap elementor-element-populated\">\n\t\t\t\t\t\t<div class=\"elementor-element elementor-element-5e36e3b elementor-widget elementor-widget-image\" data-id=\"5e36e3b\" data-element_type=\"widget\" data-e-type=\"widget\" data-widget_type=\"image.default\">\n\t\t\t\t<div class=\"elementor-widget-container\">\n\t\t\t\t\t\t\t\t\t\t\t\t\t\t\t<img decoding=\"async\" src=\"https:\/\/turismosantjoan.es\/wp-content\/uploads\/elementor\/thumbs\/FESTES-SANT-JOAN-2-19-497-scaled-qbrmd9yl5ke5m43mh60hggdpu534f353zyqm8w5rsm.jpg\" title=\"FESTES SANT JOAN 2 19 497\" alt=\"FESTES SANT JOAN 2 19 497\" loading=\"lazy\" \/>\t\t\t\t\t\t\t\t\t\t\t\t\t\t\t<\/div>\n\t\t\t\t<\/div>\n\t\t\t\t\t<\/div>\n\t\t<\/div>\n\t\t\t\t\t<\/div>\n\t\t<\/section>\n\t\t\t\t<div class=\"elementor-element elementor-element-9dd54b4 elementor-widget elementor-widget-text-editor\" data-id=\"9dd54b4\" data-element_type=\"widget\" data-e-type=\"widget\" data-widget_type=\"text-editor.default\">\n\t\t\t\t<div class=\"elementor-widget-container\">\n\t\t\t\t\t\t\t\t\t<div class=\"wpb_text_column wpb_content_element \"><div class=\"wpb_wrapper\"><p align=\"JUSTIFY\">Els actes religiosos consistents en alborada, matines, tres misses majors, process\u00f3 i novenario van ocupar des de sempre un paper central en les celebracions, si b\u00e9 al llarg del temps els actes profans van anar ampliant-se amb altres diversions i activitats populars com a balls i revetles, focs artificials, solta de vaquillas i desfilades o cavalcades. En les festes era molt important la Pla\u00e7a Maisonnave. Acabada la Guerra Civil i amb un algun t\u00edmid antecedent anterior, es va incorporar a m\u00e9s la figura de la Reina de les Festes i la seua Cort d&#8217;Honor, dones que des de 1948 s\u00f3n els principals c\u00e0rrecs festers representants del municipi.<\/p><p align=\"JUSTIFY\">L&#8217;any 1982 van sorgir les primeres <strong>Penyes de les Festes<\/strong>, amb l&#8217;objectiu de recuperar el car\u00e0cter popular d&#8217;aquestes, en un moment en el qual la festa tradicional comen\u00e7ava a decaure i en altres pobles amb festes similars s&#8217;adoptaven els Moros i Cristians. Les \u2018penyas\u2019 van ocupar el carrer i van ajudar a fer de la festa una celebraci\u00f3 m\u00e9s participativa i variada.<br>En l&#8217;actualitat, i despr\u00e9s d&#8217;alguns actes previs com la <strong>Coronaci\u00f3 de les Reines i Dames i el Concurs de Paelles<\/strong>, la festa comen\u00e7a la nit del <strong>12 de setembre amb l&#8217;Entrada de Penyes<\/strong>. A l&#8217;Esgl\u00e9sia se celebra la *Alborada, mentre es descobreix la imatge del Crist de la Pau en l&#8217;altar major. Seguidament, es llig el <strong>Preg\u00f3 des de l&#8217;Ajuntament<\/strong>. Despr\u00e9s de la interpretaci\u00f3 dels himnes i el tret d&#8217;un castell de focs artificials, es donen per inaugurades les festes i la gent es trasllada a les penyes per a gaudir de l&#8217;ambient nocturn.<\/p><p align=\"JUSTIFY\"><strong>El dia 13 comen\u00e7a amb la \u2018despert\u00e0\u2019.<\/strong> T\u00e9 lloc la primera de les \u2018masclet\u00e0s\u2019 al migdia. A la vesprada t\u00e9 lloc l<strong>&#8216;Ofrena de Flores i Fruits al Sant\u00edssim Crist<\/strong>. En la portada de la capella es realitza un tap\u00eds floral entorn d&#8217;una imatge del Crist, mentre que els aliments s\u00f3n depositats en la capella, sent destinats a fins socials.<\/p><p align=\"JUSTIFY\">El dia 14 s&#8217;inicia amb una fragorosa \u2018despert\u00e0\u2019 de p\u00f3lvora, campanes i m\u00fasica. Al migdia, despr\u00e9s de la celebraci\u00f3 de la <strong>Missa Major cantada per <a href=\"http:\/\/vivesantjoan.es\/asociaciones\/orfeon-san-juan\/\">l&#8217;Orfe\u00f3 Sant Joan<\/a><\/strong>, t\u00e9 lloc la <strong>\u2018masclet\u00e0\u2019<\/strong>. A la vesprada, l&#8217;acte principal \u00e9s la Process\u00f3 amb la imatge del Sant\u00edssim Crist de la Pau que, en la seua carrossa triomfal, recorre diversos carrers acompanyada per milers de devots amb cera. En arribar a l&#8217;esgl\u00e9sia t\u00e9 lloc un espectacle d&#8217;imatge i so i es realitza <strong>la benedicci\u00f3 amb la imatge<\/strong>, un moment \u00fanic de fe, tradici\u00f3 i devoci\u00f3 dels santjoaners. A la nit, segueix la festa i es dispara un monumental castell de focs artificials.<\/p><p align=\"JUSTIFY\"><strong>El dia 15, a m\u00e9s de la \u2018*despert\u00e0\u2019 habitual, les cercaviles i la \u2018*masclet\u00e0\u2019 t\u00e9 lloc la Desfilada de Disfresses.<\/strong> A la vesprada se celebra el <strong>Concurs Infantil<\/strong> amb premis per a xiquetes i xiquets, i a la nit, la <strong>Gran Desfilada de Disfresses per a Majors<\/strong>, al qual segueix la festa nocturna en totes les penyes i rac\u00f3s.<\/p><p align=\"JUSTIFY\"><strong>El dia 16 segueix la festa<\/strong> amb l&#8217;ordre acostumat, i est\u00e0 reservat especialment a l&#8217;espectacular <strong>Desfilada de Carrosses<\/strong>. El dia conclou amb un monumental <strong>Castillo de Focs Artificials<\/strong>.<\/p><p align=\"JUSTIFY\">Els actes religiosos continuen entre <strong>los dies 17 i 25, quan t\u00e9 lloc la Novena en honor al Sant\u00edssim Crist de la Pau.<\/strong> Tots els dies de la novena es canten els Gojos al Sant\u00edssim Crist, un conjunt de cobles que conten la hist\u00f2ria, devoci\u00f3 i miracles de la imatge a Sant Joan. Existeixen dues composicions diferents dels gojos: una del segle XVII i una altra del segle XVIII. A m\u00e9s existeixen diversos himnes compostos en els segles XIX i XX.<\/p><\/div><\/div>\t\t\t\t\t\t\t\t<\/div>\n\t\t\t\t<\/div>\n\t\t\t\t<div class=\"elementor-element elementor-element-7469a32 elementor-arrows-position-inside elementor-pagination-position-outside elementor-widget elementor-widget-image-carousel\" data-id=\"7469a32\" data-element_type=\"widget\" data-e-type=\"widget\" data-settings=\"{&quot;slides_to_show&quot;:&quot;1&quot;,&quot;navigation&quot;:&quot;both&quot;,&quot;autoplay&quot;:&quot;yes&quot;,&quot;pause_on_hover&quot;:&quot;yes&quot;,&quot;pause_on_interaction&quot;:&quot;yes&quot;,&quot;autoplay_speed&quot;:5000,&quot;infinite&quot;:&quot;yes&quot;,&quot;effect&quot;:&quot;slide&quot;,&quot;speed&quot;:500}\" data-widget_type=\"image-carousel.default\">\n\t\t\t\t<div class=\"elementor-widget-container\">\n\t\t\t\t\t\t\t<div class=\"elementor-image-carousel-wrapper swiper\" role=\"region\" aria-roledescription=\"carousel\" aria-label=\"Image Carousel\" dir=\"ltr\">\n\t\t\t<div class=\"elementor-image-carousel swiper-wrapper\" aria-live=\"off\">\n\t\t\t\t\t\t\t\t<div class=\"swiper-slide\" role=\"group\" aria-roledescription=\"slide\" aria-label=\"1 of 6\"><figure class=\"swiper-slide-inner\"><img decoding=\"async\" class=\"swiper-slide-image\" src=\"https:\/\/turismosantjoan.es\/wp-content\/uploads\/elementor\/thumbs\/FOTO-CARRUSEL-1-4-qbrmdkaln32cds8562kg06snq5j7ygeptmcoen9cb8.jpg\" alt=\"FOTO CARRUSEL 1\" \/><\/figure><\/div><div class=\"swiper-slide\" role=\"group\" aria-roledescription=\"slide\" aria-label=\"2 of 6\"><figure class=\"swiper-slide-inner\"><img decoding=\"async\" class=\"swiper-slide-image\" src=\"https:\/\/turismosantjoan.es\/wp-content\/uploads\/elementor\/thumbs\/FOTO-CARRUSEL-2-5-qbrmdo1yef7ho82ok46ya5ui3p0ot8tn64ymbr3rmc.jpg\" alt=\"FOTO CARRUSEL 2\" \/><\/figure><\/div><div class=\"swiper-slide\" role=\"group\" aria-roledescription=\"slide\" aria-label=\"3 of 6\"><figure class=\"swiper-slide-inner\"><img decoding=\"async\" class=\"swiper-slide-image\" src=\"https:\/\/turismosantjoan.es\/wp-content\/uploads\/elementor\/thumbs\/FOTO-CARRUSEL-3-5-qbrmdqvgyxbcn1yl3netzn4vvumsgc4u6ix2rkzl3o.jpg\" alt=\"FOTO CARRUSEL 3\" \/><\/figure><\/div><div class=\"swiper-slide\" role=\"group\" aria-roledescription=\"slide\" aria-label=\"4 of 6\"><figure class=\"swiper-slide-inner\"><img decoding=\"async\" class=\"swiper-slide-image\" src=\"https:\/\/turismosantjoan.es\/wp-content\/uploads\/elementor\/thumbs\/FOTO-CARRUSEL-4-5-qbrmdumtq9ghxht4hp1c9m6q9e49b4jrj1j0oou0es.jpg\" alt=\"FOTO CARRUSEL 4\" \/><\/figure><\/div><div class=\"swiper-slide\" role=\"group\" aria-roledescription=\"slide\" aria-label=\"5 of 6\"><figure class=\"swiper-slide-inner\"><img decoding=\"async\" class=\"swiper-slide-image\" src=\"https:\/\/turismosantjoan.es\/wp-content\/uploads\/elementor\/thumbs\/FOTO-CARRUSEL-5-4-qbrmdxgcarkcwbp11897z3h41jqcy7uyjfhh4iptw4.jpg\" alt=\"FOTO CARRUSEL 5\" \/><\/figure><\/div><div class=\"swiper-slide\" role=\"group\" aria-roledescription=\"slide\" aria-label=\"6 of 6\"><figure class=\"swiper-slide-inner\"><img decoding=\"async\" class=\"swiper-slide-image\" src=\"https:\/\/turismosantjoan.es\/wp-content\/uploads\/elementor\/thumbs\/FOTO-CARRUSEL-6-2-scaled-qbrme417mltd5lfgyt3lyjtc78txg3l2wc1vhgg2ok.jpg\" alt=\"FOTO CARRUSEL 6\" \/><\/figure><\/div>\t\t\t<\/div>\n\t\t\t\t\t\t\t\t\t\t\t\t<div class=\"elementor-swiper-button elementor-swiper-button-prev\" role=\"button\" tabindex=\"0\">\n\t\t\t\t\t\t<i aria-hidden=\"true\" class=\"eicon-chevron-left\"><\/i>\t\t\t\t\t<\/div>\n\t\t\t\t\t<div class=\"elementor-swiper-button elementor-swiper-button-next\" role=\"button\" tabindex=\"0\">\n\t\t\t\t\t\t<i aria-hidden=\"true\" class=\"eicon-chevron-right\"><\/i>\t\t\t\t\t<\/div>\n\t\t\t\t\n\t\t\t\t\t\t\t\t\t<div class=\"swiper-pagination\"><\/div>\n\t\t\t\t\t\t\t\t\t<\/div>\n\t\t\t\t\t\t<\/div>\n\t\t\t\t<\/div>\n\t\t\t\t\t<\/div>\n\t\t<\/div>\n\t\t\t\t\t<\/div>\n\t\t<\/section>\n\t\t\t\t<section class=\"elementor-section elementor-top-section elementor-element elementor-element-54af6e0d elementor-section-boxed elementor-section-height-default elementor-section-height-default\" data-id=\"54af6e0d\" data-element_type=\"section\" data-e-type=\"section\">\n\t\t\t\t\t\t<div class=\"elementor-container elementor-column-gap-default\">\n\t\t\t\t\t<div class=\"elementor-column elementor-col-100 elementor-top-column elementor-element elementor-element-3179c92a\" data-id=\"3179c92a\" data-element_type=\"column\" data-e-type=\"column\">\n\t\t\t<div class=\"elementor-widget-wrap elementor-element-populated\">\n\t\t\t\t\t\t<div class=\"elementor-element elementor-element-24176849 elementor-widget elementor-widget-heading\" data-id=\"24176849\" data-element_type=\"widget\" data-e-type=\"widget\" data-widget_type=\"heading.default\">\n\t\t\t\t<div class=\"elementor-widget-container\">\n\t\t\t\t\t<h2 class=\"elementor-heading-title elementor-size-default\">Sabies que\u2026?<\/h2>\t\t\t\t<\/div>\n\t\t\t\t<\/div>\n\t\t\t\t<div class=\"elementor-element elementor-element-415253c elementor-widget elementor-widget-text-editor\" data-id=\"415253c\" data-element_type=\"widget\" data-e-type=\"widget\" data-widget_type=\"text-editor.default\">\n\t\t\t\t<div class=\"elementor-widget-container\">\n\t\t\t\t\t\t\t\t\t<p align=\"JUSTIFY\">La llegenda i tradici\u00f3 oral narren l&#8217;aparici\u00f3 de <strong>la imatge del Crist a Sant Joan d&#8217;Alacant<\/strong> en un moment indeterminat. Dos escultors pelegrins van passar pel poble i se&#8217;ls va encarregar una imatge d&#8217;un crucificat; passats pocs dies i davant el silenci regnant a la casa on estaven treballant, els ve\u00efns van entrar a l&#8217;immoble, comprovant que els pelegrins havien desaparegut sense deixar rastre i havien esculpit la imatge del Crist, davant el que el poble va considerar que aquests eren \u00e0ngels. Sembla ser que el t\u00edtol de la Pau va ser triat per insaculaci\u00f3n i des de l&#8217;origen d&#8217;aquesta devoci\u00f3 es van constar nombrosos miracles en molts llocs acreixent la devoci\u00f3 a la imatge.<\/p><p align=\"JUSTIFY\">Segons algunes cr\u00f2niques, en 1624 va tindre lloc el miracle de la multiplicaci\u00f3 dels pans i els peixos durant una peregrinaci\u00f3 pro-pluvia al Santuari de la Verge de les Virtuts de Villena, data posada en q\u00fcesti\u00f3 en algunes recents investigacions hist\u00f2riques. Es desconeix la data en qu\u00e8 seria esculpida l&#8217;antiga imatge per\u00f2 per les seues caracter\u00edstiques s&#8217;aproxima a altres pr\u00f2ximes datades en el segle XVI. A la imatge se li va afegir una capa a manera de tap\u00eds amb rics brodats amb els \u2018Armae Christie\u2019, aix\u00ed com una corona. Entre les diverses corones que va tindre la imatge, destaca la realitzada a principis del segle XX per <strong>l&#8217;escultor Ba\u00f1uls<\/strong>. <strong>La imatge processionava habitualment sota un sever pal\u00b7li de dom\u00e0s carmes\u00ed, precedida per dos fanals, per\u00f2 en 1886 es va construir una art\u00edstica carrossa processional. Tot va ser pastura de les flames al juliol de 1936, al comen\u00e7ament de la Guerra Civil.<\/strong>Acabada la contesa, en 1940, <strong>l&#8217;escultor valenci\u00e0 Sr. Jos\u00e9 Mar\u00eda Ponsoda Bravo<\/strong> va realitzar una nova imatge, i a principis de la d\u00e8cada dels cinquanta, es va recuperar la capa de solemnitats i la carrossa triomfal. En l&#8217;actualitat, aquesta mateixa imatge continua processionant tots els Divendres Sants, sobre un tron de metall platejat i daurat, portat en els muscles d&#8217;uns 40 confrares.<\/p><p align=\"JUSTIFY\">Una de les tradicions m\u00e9s originals i pintoresques actualment perduda era la del <strong>Ball de Torrent<\/strong>, una mostra del folklore t\u00edpic de l&#8217;Horta.<\/p><p align=\"JUSTIFY\">L&#8217;any 1885, les festes es van haver de retardar als dies 22, 23 i 24 de setembre, a causa d&#8217;una forta epid\u00e8mia de c\u00f2lera. Curiosament aqueix mateix any el rei Alfons XII va concedir a Sant Joan el t\u00edtol de vila.<\/p><p align=\"JUSTIFY\">En les festes de 1886 es va inaugurar la pla\u00e7a de bous de Sant Joan al final del carrer Sant Antoni, coincidint amb les obres de la pla\u00e7a de bous d&#8217;Alacant. No obstant aix\u00f2, la vida de l&#8217;edifici duraria poc. Es va constituir una societat taurina per a construir-la anomenada \u2018Sala Hermanos i companyia\u2019. En 1886 van torejar alguns destres coneguts com \u2018El Punteret\u2019, \u2018El D&#8217;\u00c9cija\u2019, \u2018Frascuelo\u2019 i \u2018El Meri\u2019. Per a l&#8217;any seg\u00fcent es va anunciar l&#8217;actuaci\u00f3 de Lagartijo. No obstant aix\u00f2, en 1888 es va dissoldre la societat per problemes econ\u00f2mics i organitzatius i, a la fi del segle XIX, seria derrocada. La zona, no obstant aix\u00f2, es continua dient la Pla\u00e7a de Bous. Queden algunes restes de la pla\u00e7a com un \u2018canet\u2019 conservat per la fam\u00edlia Banegas.<\/p><p align=\"JUSTIFY\">L&#8217;afici\u00f3 taurina de les festes \u00e9s molt coneguda i antiga. Algunes dades parlen de la seua celebraci\u00f3 des del segle XVII. Durant alguns anys va estar prohibida, per\u00f2 des de 1924 es va mantindre inalterada. Al llarg del segle XX va ser un dels atractius principals de la festa i en les corregudes i solta de vaquillas participava nombr\u00f3s p\u00fablic dels pobles circumdants aix\u00ed com alguns turistes estrangers.<\/p><p align=\"JUSTIFY\">En 1924 amb motiu de l&#8217;III Centenari del Miracle del Crist en les Virtuts de Villena es van celebrar unes festes especials amb la primera Desfilada de Carrosses i uns Jocs Florals amb Certamen Literari.<\/p><p align=\"JUSTIFY\"><strong>A l&#8217;arribada de la II Rep\u00fablica, l&#8217;any 1931 la process\u00f3 del Crist es va suprimir<\/strong>, i nom\u00e9s va tindre lloc la benedicci\u00f3 amb l&#8217;antiga imatge a la porta. La process\u00f3 es va tornar a celebrar en els anys 1934 i 1935, sent les \u00faltimes vegades en qu\u00e8 ho va fer l&#8217;antiga imatge del Crist, ja que en 1936 va ser destru\u00efda en l&#8217;assalt a l&#8217;esgl\u00e9sia. <strong>Durant la Guerra Civil no es van celebrar les festes<\/strong>, per\u00f2 acabada aquesta, en 1939 es van recuperar i es va portar una imatge d&#8217;un Crist de Cocentaina, probablement el Crist dels Llauradors, que havia prestat la Diputaci\u00f3 Provincial. En 1940, per fi es va recuperar la imatge.<\/p><blockquote><p align=\"JUSTIFY\"><strong>Durant molts anys, el Preg\u00f3 el va pronunciar Sr. Jos\u00e9 Mar\u00eda Torregrosa Juan.<\/strong> Tamb\u00e9 durant alguns anys van ser les Reines de les Festes d&#8217;anys anteriors les encarregades de fer-ho. En l&#8217;actualitat, \u00e9s algun ve\u00ed de la localitat el representant d&#8217;aquest honor.<\/p><p align=\"JUSTIFY\"> <\/p><\/blockquote><p align=\"JUSTIFY\">En 1998 es va celebrar d&#8217;una manera especial el 50 aniversari de les Reines i Dames de les festes i es va realitzar un acte d&#8217;Exaltaci\u00f3 amb l&#8217;assist\u00e8ncia de totes les que havien ostentat aquest c\u00e0rrec durant tots aquests anys.<\/p><p align=\"JUSTIFY\"><strong>En les festes de 2014 va comen\u00e7ar la celebraci\u00f3 del 75 aniversari de l&#8217;arribada de la nova imatge del Sant\u00edssim Crist de la Pau a Sant Joan d&#8217;Alacant amb la concessi\u00f3 de l&#8217;Any Jubilar entre el 14 se setembre d&#8217;aqueix any i el 25 de setembre de 2015. Al llarg d&#8217;aqueix any, el Sant\u00edssim Crist ha visitat enclavaments importants de l&#8217;Horta d&#8217;Alacant, aix\u00ed com diversos carrers i resid\u00e8ncies de Sant Joan.<\/strong><\/p>\t\t\t\t\t\t\t\t<\/div>\n\t\t\t\t<\/div>\n\t\t\t\t\t<\/div>\n\t\t<\/div>\n\t\t\t\t\t<\/div>\n\t\t<\/section>\n\t\t\t\t<\/div>\n\t\t","protected":false},"excerpt":{"rendered":"<p>Festes Del Crist Les festes en honor al Sant\u00edssim Crist de la Pau s\u00f3n les Festes Majors de Sant Joan d&#8217;Alacant, que se celebren entre els dies 12 i 16 de setembre de cada any. El dia principal \u00e9s el 14 de setembre, conegut com el Dia del Crist. Les Festes del Crist, s\u00f3n les [&hellip;]<\/p>\n","protected":false},"author":1,"featured_media":0,"parent":0,"menu_order":0,"comment_status":"closed","ping_status":"closed","template":"","meta":{"footnotes":""},"class_list":["post-7303","page","type-page","status-publish","hentry"],"_links":{"self":[{"href":"https:\/\/turismosantjoan.es\/ca\/wp-json\/wp\/v2\/pages\/7303","targetHints":{"allow":["GET"]}}],"collection":[{"href":"https:\/\/turismosantjoan.es\/ca\/wp-json\/wp\/v2\/pages"}],"about":[{"href":"https:\/\/turismosantjoan.es\/ca\/wp-json\/wp\/v2\/types\/page"}],"author":[{"embeddable":true,"href":"https:\/\/turismosantjoan.es\/ca\/wp-json\/wp\/v2\/users\/1"}],"replies":[{"embeddable":true,"href":"https:\/\/turismosantjoan.es\/ca\/wp-json\/wp\/v2\/comments?post=7303"}],"version-history":[{"count":0,"href":"https:\/\/turismosantjoan.es\/ca\/wp-json\/wp\/v2\/pages\/7303\/revisions"}],"wp:attachment":[{"href":"https:\/\/turismosantjoan.es\/ca\/wp-json\/wp\/v2\/media?parent=7303"}],"curies":[{"name":"wp","href":"https:\/\/api.w.org\/{rel}","templated":true}]}}