{"id":7307,"date":"2023-08-03T10:38:31","date_gmt":"2023-08-03T10:38:31","guid":{"rendered":"https:\/\/turismo-sj.developersasapglobalsolution.com\/festes-sant-antoni-de-padua\/"},"modified":"2023-09-18T10:46:21","modified_gmt":"2023-09-18T10:46:21","slug":"festes-sant-antoni-de-padua","status":"publish","type":"page","link":"https:\/\/turismosantjoan.es\/ca\/festes-sant-antoni-de-padua\/","title":{"rendered":"Festes Sant Antoni de P\u00e0dua"},"content":{"rendered":"\t\t<div data-elementor-type=\"wp-page\" data-elementor-id=\"7307\" class=\"elementor elementor-7307 elementor-4154\" data-elementor-post-type=\"page\">\n\t\t\t\t\t\t<section class=\"elementor-section elementor-top-section elementor-element elementor-element-2383f910 elementor-section-boxed elementor-section-height-default elementor-section-height-default\" data-id=\"2383f910\" data-element_type=\"section\" data-e-type=\"section\" data-settings=\"{&quot;shape_divider_top&quot;:&quot;mountains&quot;,&quot;background_background&quot;:&quot;classic&quot;}\">\n\t\t\t\t\t<div class=\"elementor-shape elementor-shape-top\" aria-hidden=\"true\" data-negative=\"false\">\n\t\t\t<svg xmlns=\"http:\/\/www.w3.org\/2000\/svg\" viewBox=\"0 0 1000 100\" preserveAspectRatio=\"none\">\n\t<path class=\"elementor-shape-fill\" opacity=\"0.33\" d=\"M473,67.3c-203.9,88.3-263.1-34-320.3,0C66,119.1,0,59.7,0,59.7V0h1000v59.7 c0,0-62.1,26.1-94.9,29.3c-32.8,3.3-62.8-12.3-75.8-22.1C806,49.6,745.3,8.7,694.9,4.7S492.4,59,473,67.3z\"\/>\n\t<path class=\"elementor-shape-fill\" opacity=\"0.66\" d=\"M734,67.3c-45.5,0-77.2-23.2-129.1-39.1c-28.6-8.7-150.3-10.1-254,39.1 s-91.7-34.4-149.2,0C115.7,118.3,0,39.8,0,39.8V0h1000v36.5c0,0-28.2-18.5-92.1-18.5C810.2,18.1,775.7,67.3,734,67.3z\"\/>\n\t<path class=\"elementor-shape-fill\" d=\"M766.1,28.9c-200-57.5-266,65.5-395.1,19.5C242,1.8,242,5.4,184.8,20.6C128,35.8,132.3,44.9,89.9,52.5C28.6,63.7,0,0,0,0 h1000c0,0-9.9,40.9-83.6,48.1S829.6,47,766.1,28.9z\"\/>\n<\/svg>\t\t<\/div>\n\t\t\t\t\t<div class=\"elementor-container elementor-column-gap-no\">\n\t\t\t\t\t<div class=\"elementor-column elementor-col-100 elementor-top-column elementor-element elementor-element-13f8bb0c\" data-id=\"13f8bb0c\" data-element_type=\"column\" data-e-type=\"column\">\n\t\t\t<div class=\"elementor-widget-wrap elementor-element-populated\">\n\t\t\t\t\t\t<div class=\"elementor-element elementor-element-3b123f38 elementor-widget elementor-widget-heading\" data-id=\"3b123f38\" data-element_type=\"widget\" data-e-type=\"widget\" data-widget_type=\"heading.default\">\n\t\t\t\t<div class=\"elementor-widget-container\">\n\t\t\t\t\t<h1 class=\"elementor-heading-title elementor-size-xxl\">Festes Sant Antoni de P\u00e0dua<\/h1>\t\t\t\t<\/div>\n\t\t\t\t<\/div>\n\t\t\t\t\t<\/div>\n\t\t<\/div>\n\t\t\t\t\t<\/div>\n\t\t<\/section>\n\t\t\t\t<section class=\"elementor-section elementor-top-section elementor-element elementor-element-58314207 elementor-section-boxed elementor-section-height-default elementor-section-height-default\" data-id=\"58314207\" data-element_type=\"section\" data-e-type=\"section\">\n\t\t\t\t\t\t<div class=\"elementor-container elementor-column-gap-default\">\n\t\t\t\t\t<div class=\"elementor-column elementor-col-100 elementor-top-column elementor-element elementor-element-4a71c13b\" data-id=\"4a71c13b\" data-element_type=\"column\" data-e-type=\"column\">\n\t\t\t<div class=\"elementor-widget-wrap elementor-element-populated\">\n\t\t\t\t\t\t<div class=\"elementor-element elementor-element-72e837d9 elementor-widget elementor-widget-text-editor\" data-id=\"72e837d9\" data-element_type=\"widget\" data-e-type=\"widget\" data-widget_type=\"text-editor.default\">\n\t\t\t\t<div class=\"elementor-widget-container\">\n\t\t\t\t\t\t\t\t\t<p align=\"JUSTIFY\">Les festes de Sant Antoni de P\u00e0dua se celebren en Santa Fa\u00e7, entorn de la festa del sant, el 13 de juny de cada any.<\/p><p align=\"JUSTIFY\">La devoci\u00f3 al sant arranca de la tradici\u00f3 franciscana entorn del convent de la Santa Fa\u00e7. Des de l&#8217;arribada de les clarisses en 1518 els sants principals que rebien culte eren els franciscans com a Santa Clara, Sant Diego d&#8217;Alcal\u00e1 o Sant Bonaventura, entre el mateix San Francisco evidentment. Sense que sapiem per qu\u00e8, el sant lisboeta va ser triat com a patr\u00f3 del xicotet poble i encara hui dia podem gaudir de la seua simp\u00e0tica festa que \u00e9s, al costat de la Romeria i Fira de la Santa Fa\u00e7, la principal celebraci\u00f3 de qu\u00e8 gaudeixen els ve\u00efns d&#8217;aquest entranyable enclavament, des d&#8217;una data incerta fins als nostres dies, excepte algunes excepcions com la Guerra Civil.<\/p><p align=\"JUSTIFY\">Tots els actes s\u00f3n organitzats per la Comissi\u00f3 de Festes de Sant Antoni de P\u00e0dua amb la col\u00b7laboraci\u00f3 dels Ajuntaments de Sant Joan i Alacant, en els termes municipals dels quals recordem est\u00e0 dividida Santa Fa\u00e7.<\/p><p align=\"JUSTIFY\">En l&#8217;actualitat se celebra sempre en cap de setmana de dijous a diumenge, utilitzant-se com a data per a fixar la festa el diumenge immediat al 13 de juny. Els actes i celebracions s\u00f3n anunciats amb el tradicional *Llibret repartit entre ve\u00efns i col\u00b7laboradors.<\/p>\t\t\t\t\t\t\t\t<\/div>\n\t\t\t\t<\/div>\n\t\t\t\t<section class=\"elementor-section elementor-inner-section elementor-element elementor-element-798ffc7 elementor-section-boxed elementor-section-height-default elementor-section-height-default\" data-id=\"798ffc7\" data-element_type=\"section\" data-e-type=\"section\">\n\t\t\t\t\t\t<div class=\"elementor-container elementor-column-gap-default\">\n\t\t\t\t\t<div class=\"elementor-column elementor-col-50 elementor-inner-column elementor-element elementor-element-13114a3\" data-id=\"13114a3\" data-element_type=\"column\" data-e-type=\"column\">\n\t\t\t<div class=\"elementor-widget-wrap elementor-element-populated\">\n\t\t\t\t\t\t<div class=\"elementor-element elementor-element-573446f elementor-widget elementor-widget-image\" data-id=\"573446f\" data-element_type=\"widget\" data-e-type=\"widget\" data-widget_type=\"image.default\">\n\t\t\t\t<div class=\"elementor-widget-container\">\n\t\t\t\t\t\t\t\t\t\t\t\t\t\t\t<img fetchpriority=\"high\" decoding=\"async\" width=\"800\" height=\"534\" src=\"https:\/\/turismosantjoan.es\/wp-content\/uploads\/2023\/08\/sant-antoni-del-porquet-1200x800-1-1024x683.gif\" class=\"attachment-large size-large wp-image-4160\" alt=\"\" srcset=\"https:\/\/turismosantjoan.es\/wp-content\/uploads\/2023\/08\/sant-antoni-del-porquet-1200x800-1-1024x683.gif 1024w, https:\/\/turismosantjoan.es\/wp-content\/uploads\/2023\/08\/sant-antoni-del-porquet-1200x800-1-300x200.gif 300w, https:\/\/turismosantjoan.es\/wp-content\/uploads\/2023\/08\/sant-antoni-del-porquet-1200x800-1-768x512.gif 768w\" sizes=\"(max-width: 800px) 100vw, 800px\" \/>\t\t\t\t\t\t\t\t\t\t\t\t\t\t\t<\/div>\n\t\t\t\t<\/div>\n\t\t\t\t\t<\/div>\n\t\t<\/div>\n\t\t\t\t<div class=\"elementor-column elementor-col-50 elementor-inner-column elementor-element elementor-element-5f3396f\" data-id=\"5f3396f\" data-element_type=\"column\" data-e-type=\"column\">\n\t\t\t<div class=\"elementor-widget-wrap elementor-element-populated\">\n\t\t\t\t\t\t<div class=\"elementor-element elementor-element-0fb907a elementor-widget elementor-widget-image\" data-id=\"0fb907a\" data-element_type=\"widget\" data-e-type=\"widget\" data-widget_type=\"image.default\">\n\t\t\t\t<div class=\"elementor-widget-container\">\n\t\t\t\t\t\t\t\t\t\t\t\t\t\t\t<img decoding=\"async\" width=\"800\" height=\"534\" src=\"https:\/\/turismosantjoan.es\/wp-content\/uploads\/2023\/08\/monasterio-santa-faz-1200x800-1-1024x683.gif\" class=\"attachment-large size-large wp-image-4157\" alt=\"\" srcset=\"https:\/\/turismosantjoan.es\/wp-content\/uploads\/2023\/08\/monasterio-santa-faz-1200x800-1-1024x683.gif 1024w, https:\/\/turismosantjoan.es\/wp-content\/uploads\/2023\/08\/monasterio-santa-faz-1200x800-1-300x200.gif 300w, https:\/\/turismosantjoan.es\/wp-content\/uploads\/2023\/08\/monasterio-santa-faz-1200x800-1-768x512.gif 768w\" sizes=\"(max-width: 800px) 100vw, 800px\" \/>\t\t\t\t\t\t\t\t\t\t\t\t\t\t\t<\/div>\n\t\t\t\t<\/div>\n\t\t\t\t\t<\/div>\n\t\t<\/div>\n\t\t\t\t\t<\/div>\n\t\t<\/section>\n\t\t\t\t<div class=\"elementor-element elementor-element-666d15e elementor-widget elementor-widget-text-editor\" data-id=\"666d15e\" data-element_type=\"widget\" data-e-type=\"widget\" data-widget_type=\"text-editor.default\">\n\t\t\t\t<div class=\"elementor-widget-container\">\n\t\t\t\t\t\t\t\t\t<p align=\"JUSTIFY\">La celebraci\u00f3 comen\u00e7a el dijous amb l&#8217;encesa de la il\u00b7luminaci\u00f3, cercaviles i tradicionalment tamb\u00e9 es repartia surra entre els ve\u00efns, els quals precedeixen al preg\u00f3 fester.<br>El divendres ja comen\u00e7a amb *despert\u00e0, si b\u00e9 els actes forts comencen a la nit amb els diferents espectacles musicals.<\/p><p align=\"JUSTIFY\">El dissabte t\u00e9 lloc el concurs de paelles, una de les cites m\u00e9s importants per als ve\u00efns que es reuneixen per a competir amb les seues del\u00edcies culin\u00e0ries. El menjar transcorre als carrers de la localitat entre la bona i sana harmonia. A la vesprada t\u00e9 lloc el concurs de disfresses, reservat especialment als m\u00e9s xicotets, si b\u00e9 han sigut moltes les vegades en qu\u00e8 els majors tamb\u00e9 han participat. A la nit segueix la festa amb diversos espectacles de m\u00fasica, diversions i varietats, com s&#8217;ha denominat tradicionalment. Fa molts anys que a m\u00e9s se celebra un sopar al carrer per als ve\u00efns i visitants ajudant a crear un clima festiu molt agradable.<\/p><p align=\"JUSTIFY\">No obstant aix\u00f2, els actes principals es reserven per al diumenge el dia dedicat al patr\u00f3. Comen\u00e7a el mat\u00ed amb la *despert\u00e0 en la qual prenen part la m\u00fasica i la p\u00f3lvora especialment. Poc despr\u00e9s t\u00e9 lloc l&#8217;ofrena de flors a Sant Antoni en la qual participen moltes persones i entitats festeres de Sant Joan i els voltants acompanyats per banda de m\u00fasica i *colla de *dol\u00e7aina. Una vegada la comitiva aconsegueix el temple on els rams de flors s\u00f3n depositats, comen\u00e7a la missa principal de les festes. Cal dir que en tots aquests actes adquireixen gran protagonisme els usuaris del Centre Sant Rafael, situat al costat de Santa Fa\u00e7.<\/p><p align=\"JUSTIFY\">Els actes matinals acaben amb la t\u00edpica masclet\u00e0. A la vesprada t\u00e9 lloc la process\u00f3 de Sant Antoni que molts anys \u00e9s unida a la del Corpus Christi i en la qual tamb\u00e9 participen gran nombre de persones. Els actes conclouen amb un tret d&#8217;un castell de focs artificials.<\/p>\t\t\t\t\t\t\t\t<\/div>\n\t\t\t\t<\/div>\n\t\t\t\t\t<\/div>\n\t\t<\/div>\n\t\t\t\t\t<\/div>\n\t\t<\/section>\n\t\t\t\t<section class=\"elementor-section elementor-top-section elementor-element elementor-element-7dd490c elementor-section-boxed elementor-section-height-default elementor-section-height-default\" data-id=\"7dd490c\" data-element_type=\"section\" data-e-type=\"section\">\n\t\t\t\t\t\t<div class=\"elementor-container elementor-column-gap-default\">\n\t\t\t\t\t<div class=\"elementor-column elementor-col-100 elementor-top-column elementor-element elementor-element-250f116\" data-id=\"250f116\" data-element_type=\"column\" data-e-type=\"column\">\n\t\t\t<div class=\"elementor-widget-wrap elementor-element-populated\">\n\t\t\t\t\t\t<div class=\"elementor-element elementor-element-fa74868 elementor-widget elementor-widget-heading\" data-id=\"fa74868\" data-element_type=\"widget\" data-e-type=\"widget\" data-widget_type=\"heading.default\">\n\t\t\t\t<div class=\"elementor-widget-container\">\n\t\t\t\t\t<h2 class=\"elementor-heading-title elementor-size-default\">Sabies que\u2026?<\/h2>\t\t\t\t<\/div>\n\t\t\t\t<\/div>\n\t\t\t\t<div class=\"elementor-element elementor-element-8ec9e8d elementor-widget elementor-widget-text-editor\" data-id=\"8ec9e8d\" data-element_type=\"widget\" data-e-type=\"widget\" data-widget_type=\"text-editor.default\">\n\t\t\t\t<div class=\"elementor-widget-container\">\n\t\t\t\t\t\t\t\t\t<p align=\"JUSTIFY\">Sant Antoni de P\u00e0dua \u00e9s el sant al qual s&#8217;acudeix per a uns certs casos impossibles, coses perdudes, empresonats i malalts. No obstant aix\u00f2, una de les seues ocupacions principals \u00e9s la de buscar nuvis o parelles als solters que li ho demanen.<\/p><p align=\"JUSTIFY\">Antigament la imatge del sant processionava sobre unes andes amb forma de barca, recordant el passatge de la seua vida en la qual va ser arrossegat pel corrent de la mar cap al seu dest\u00ed en contra de la seua voluntat.<\/p><p align=\"JUSTIFY\">En la fa\u00e7ana del monestir una de les quatre forn\u00edcules dels intercolumnios estava ocupada pel bust de Sant Antoni de P\u00e0dua, al costat de la d&#8217;altres sants franciscans. Aquestes est\u00e0tues van ser destru\u00efdes en la Guerra Civil.<\/p><p align=\"JUSTIFY\">Despr\u00e9s de la process\u00f3 en moltes ocasions la banda ha tocat alguna pe\u00e7a musical profana dedicada a les monges clarisses i el ve\u00efnat. En una ocasi\u00f3 es va escoltar fins i tot \u2018La panerola\u2019.<\/p><p align=\"JUSTIFY\">A causa de les dates en qu\u00e8 t\u00e9 lloc la festa, en nombroses ocasions ha coincidit amb per\u00edode post-electoral, de manera que els actes d&#8217;aquestes festes han sigut els primers en els quals han participat moltes autoritats recentment elegides en les eleccions democr\u00e0tiques.<\/p>\t\t\t\t\t\t\t\t<\/div>\n\t\t\t\t<\/div>\n\t\t\t\t\t<\/div>\n\t\t<\/div>\n\t\t\t\t\t<\/div>\n\t\t<\/section>\n\t\t\t\t<\/div>\n\t\t","protected":false},"excerpt":{"rendered":"<p>Festes Sant Antoni de P\u00e0dua Les festes de Sant Antoni de P\u00e0dua se celebren en Santa Fa\u00e7, entorn de la festa del sant, el 13 de juny de cada any. La devoci\u00f3 al sant arranca de la tradici\u00f3 franciscana entorn del convent de la Santa Fa\u00e7. Des de l&#8217;arribada de les clarisses en 1518 els [&hellip;]<\/p>\n","protected":false},"author":1,"featured_media":0,"parent":0,"menu_order":0,"comment_status":"closed","ping_status":"closed","template":"","meta":{"footnotes":""},"class_list":["post-7307","page","type-page","status-publish","hentry"],"_links":{"self":[{"href":"https:\/\/turismosantjoan.es\/ca\/wp-json\/wp\/v2\/pages\/7307","targetHints":{"allow":["GET"]}}],"collection":[{"href":"https:\/\/turismosantjoan.es\/ca\/wp-json\/wp\/v2\/pages"}],"about":[{"href":"https:\/\/turismosantjoan.es\/ca\/wp-json\/wp\/v2\/types\/page"}],"author":[{"embeddable":true,"href":"https:\/\/turismosantjoan.es\/ca\/wp-json\/wp\/v2\/users\/1"}],"replies":[{"embeddable":true,"href":"https:\/\/turismosantjoan.es\/ca\/wp-json\/wp\/v2\/comments?post=7307"}],"version-history":[{"count":0,"href":"https:\/\/turismosantjoan.es\/ca\/wp-json\/wp\/v2\/pages\/7307\/revisions"}],"wp:attachment":[{"href":"https:\/\/turismosantjoan.es\/ca\/wp-json\/wp\/v2\/media?parent=7307"}],"curies":[{"name":"wp","href":"https:\/\/api.w.org\/{rel}","templated":true}]}}