{"id":7309,"date":"2023-07-24T11:08:07","date_gmt":"2023-07-24T11:08:07","guid":{"rendered":"https:\/\/turismo-sj.developersasapglobalsolution.com\/finca-abril\/"},"modified":"2023-09-18T10:58:01","modified_gmt":"2023-09-18T10:58:01","slug":"finca-abril","status":"publish","type":"page","link":"https:\/\/turismosantjoan.es\/ca\/finca-abril\/","title":{"rendered":"Finca Abril"},"content":{"rendered":"\t\t<div data-elementor-type=\"wp-page\" data-elementor-id=\"7309\" class=\"elementor elementor-7309 elementor-3103\" data-elementor-post-type=\"page\">\n\t\t\t\t\t\t<section class=\"elementor-section elementor-top-section elementor-element elementor-element-e20d506 elementor-section-boxed elementor-section-height-default elementor-section-height-default\" data-id=\"e20d506\" data-element_type=\"section\" data-e-type=\"section\" data-settings=\"{&quot;shape_divider_top&quot;:&quot;mountains&quot;,&quot;background_background&quot;:&quot;classic&quot;}\">\n\t\t\t\t\t<div class=\"elementor-shape elementor-shape-top\" aria-hidden=\"true\" data-negative=\"false\">\n\t\t\t<svg xmlns=\"http:\/\/www.w3.org\/2000\/svg\" viewBox=\"0 0 1000 100\" preserveAspectRatio=\"none\">\n\t<path class=\"elementor-shape-fill\" opacity=\"0.33\" d=\"M473,67.3c-203.9,88.3-263.1-34-320.3,0C66,119.1,0,59.7,0,59.7V0h1000v59.7 c0,0-62.1,26.1-94.9,29.3c-32.8,3.3-62.8-12.3-75.8-22.1C806,49.6,745.3,8.7,694.9,4.7S492.4,59,473,67.3z\"\/>\n\t<path class=\"elementor-shape-fill\" opacity=\"0.66\" d=\"M734,67.3c-45.5,0-77.2-23.2-129.1-39.1c-28.6-8.7-150.3-10.1-254,39.1 s-91.7-34.4-149.2,0C115.7,118.3,0,39.8,0,39.8V0h1000v36.5c0,0-28.2-18.5-92.1-18.5C810.2,18.1,775.7,67.3,734,67.3z\"\/>\n\t<path class=\"elementor-shape-fill\" d=\"M766.1,28.9c-200-57.5-266,65.5-395.1,19.5C242,1.8,242,5.4,184.8,20.6C128,35.8,132.3,44.9,89.9,52.5C28.6,63.7,0,0,0,0 h1000c0,0-9.9,40.9-83.6,48.1S829.6,47,766.1,28.9z\"\/>\n<\/svg>\t\t<\/div>\n\t\t\t\t\t<div class=\"elementor-container elementor-column-gap-no\">\n\t\t\t\t\t<div class=\"elementor-column elementor-col-100 elementor-top-column elementor-element elementor-element-0fb13bf\" data-id=\"0fb13bf\" data-element_type=\"column\" data-e-type=\"column\">\n\t\t\t<div class=\"elementor-widget-wrap elementor-element-populated\">\n\t\t\t\t\t\t<div class=\"elementor-element elementor-element-db9b881 elementor-widget elementor-widget-heading\" data-id=\"db9b881\" data-element_type=\"widget\" data-e-type=\"widget\" data-widget_type=\"heading.default\">\n\t\t\t\t<div class=\"elementor-widget-container\">\n\t\t\t\t\t<h1 class=\"elementor-heading-title elementor-size-xxl\">Finca Abril<\/h1>\t\t\t\t<\/div>\n\t\t\t\t<\/div>\n\t\t\t\t\t<\/div>\n\t\t<\/div>\n\t\t\t\t\t<\/div>\n\t\t<\/section>\n\t\t\t\t<section class=\"elementor-section elementor-top-section elementor-element elementor-element-fe74883 elementor-section-boxed elementor-section-height-default elementor-section-height-default\" data-id=\"fe74883\" data-element_type=\"section\" data-e-type=\"section\">\n\t\t\t\t\t\t<div class=\"elementor-container elementor-column-gap-default\">\n\t\t\t\t\t<div class=\"elementor-column elementor-col-100 elementor-top-column elementor-element elementor-element-b4c7a97\" data-id=\"b4c7a97\" data-element_type=\"column\" data-e-type=\"column\">\n\t\t\t<div class=\"elementor-widget-wrap elementor-element-populated\">\n\t\t\t\t\t\t<div class=\"elementor-element elementor-element-0fb8291 elementor-widget elementor-widget-google_maps\" data-id=\"0fb8291\" data-element_type=\"widget\" data-e-type=\"widget\" data-widget_type=\"google_maps.default\">\n\t\t\t\t<div class=\"elementor-widget-container\">\n\t\t\t\t\t\t\t<div class=\"elementor-custom-embed\">\n\t\t\t<iframe loading=\"lazy\"\n\t\t\t\t\tsrc=\"https:\/\/maps.google.com\/maps?q=Carrer%20Sant%20Antoni%2C%20149%2C%20Bajo%2C%2003550%20Sant%20Joan%20d%27Alacant%2C%20Alicante&#038;t=m&#038;z=10&#038;output=embed&#038;iwloc=near\"\n\t\t\t\t\ttitle=\"Carrer Sant Antoni, 149, Bajo, 03550 Sant Joan d&#039;Alacant, Alicante\"\n\t\t\t\t\taria-label=\"Carrer Sant Antoni, 149, Bajo, 03550 Sant Joan d&#039;Alacant, Alicante\"\n\t\t\t><\/iframe>\n\t\t<\/div>\n\t\t\t\t\t\t<\/div>\n\t\t\t\t<\/div>\n\t\t\t\t\t<\/div>\n\t\t<\/div>\n\t\t\t\t\t<\/div>\n\t\t<\/section>\n\t\t\t\t<section class=\"elementor-section elementor-top-section elementor-element elementor-element-b90ae75 elementor-section-boxed elementor-section-height-default elementor-section-height-default\" data-id=\"b90ae75\" data-element_type=\"section\" data-e-type=\"section\">\n\t\t\t\t\t\t<div class=\"elementor-container elementor-column-gap-default\">\n\t\t\t\t\t<div class=\"elementor-column elementor-col-100 elementor-top-column elementor-element elementor-element-25c2a4f\" data-id=\"25c2a4f\" data-element_type=\"column\" data-e-type=\"column\">\n\t\t\t<div class=\"elementor-widget-wrap elementor-element-populated\">\n\t\t\t\t\t\t<div class=\"elementor-element elementor-element-09ac6c6 elementor-widget elementor-widget-text-editor\" data-id=\"09ac6c6\" data-element_type=\"widget\" data-e-type=\"widget\" data-widget_type=\"text-editor.default\">\n\t\t\t\t<div class=\"elementor-widget-container\">\n\t\t\t\t\t\t\t\t\t<p align=\"JUSTIFY\">Una majestuosa porta gran dona la benvinguda a habitants i visitants. A trav\u00e9s <a href=\"http:\/\/costacomunicaciones.es\/downloads\/8708\/download\/13953.pdf?cb=1b6492cb2e05eff5038a01614e9b575f\">d&#8217;un cam\u00ed empedrat<\/a>, envoltat de vegetaci\u00f3 espessa, accedim a l&#8217;atri en el qual es troba l&#8217;edifici principal i una xicoteta ermita del segle XVIII. La fa\u00e7ana de la casa \u00e9s un elenc d&#8217;elements t\u00edpicament huitcentistes, com mostren els seus sofisticats buits esquin\u00e7ats o la decoraci\u00f3 dels seus brancals i llindes. Per\u00f2 sens dubte els seus components m\u00e9s singulars s\u00f3n les cobertes inclinades, rematades en crester\u00eda cer\u00e0mica, en la qual destaca <a href=\"http:\/\/www.academia.edu\/17595632\/Un_paseo_por_la_arquitectura_residencial_del_siglo_XIX_de_Alicante\">una torre de fusta<\/a> llaurada i balc\u00f3 corregut, amb una coberta a quatre aig\u00fces revestida en zinc.<\/p><p align=\"JUSTIFY\"><a href=\"https:\/\/dialnet.unirioja.es\/servlet\/autor?codigo=98946\">L&#8217;habitatge<\/a> consta de tres altures amb grans finestrals i terrasses des de les quals gaudir dels jardins, de manera que el magn\u00edfic paisatge exterior participa de les depend\u00e8ncies interiors. Els jardins es conceben com un lloc d&#8217;assossec i delit. S&#8217;articulen mitjan\u00e7ant un conjunt de parterres delimitats pels camins i enfilades. P\u00e8rgoles de ferro formen una volta cont\u00ednua d&#8217;arbustos, acompanyades d&#8217;escultures i fonts. Existeixen nombrosos arbres monumentals entre els quals destaquen diversos exemplars centenaris: una araucaria, un fals pebre, un pi canari, un pi blanc, diversos pins pinyers, una buganvilla d&#8217;aproximadament 100 anys i un ficus de m\u00e9s de 130 anys. Tot aquest conjunt conforma un entorn que acaricia el visitant gr\u00e0cies al contrast dels seus clarobscurs, al so de l&#8217;aigua i dels ocells, a les aromes de la primavera i als espais ombrejats on protegir-se del sol durant les estacions de calor.<\/p><p align=\"JUSTIFY\">En la part oest se situen les cases del servei amb les seues singulars fa\u00e7anes acolorides en roig almagra i groc albero. L&#8217;ermita est\u00e0 empla\u00e7ada a l&#8217;est de la finca, estant consagrada a <strong>La nostra Senyora del Rosari.<\/strong> A mitjan segle XIX, van contraure matrimoni <strong>Sr. Ram\u00f3n de Campoamor i Campoosorio, governador Civil d&#8217;Alacant, i Sra. Guillermina O\u2019*Gorman<\/strong>, dama pertanyent a una acomodada fam\u00edlia irlandesa establida a Alacant. L&#8217;ermita no va quedar inclosa definitivament en la propietat fins als anys 40 del segle XX, encara hui es conserva la porta que bufona amb l&#8217;avinguda Miguel Hern\u00e1ndez.<\/p><p align=\"JUSTIFY\">La finca ha sigut testimoni d&#8217;importants esdeveniments de la hist\u00f2ria de Sant Joan, travessant per \u00e8poques d&#8217;esplendor i decad\u00e8ncia. Hui dia el conjunt es destina a la realitzaci\u00f3 d&#8217;esdeveniments i celebracions, anomenada <a href=\"http:\/\/jardinesdeabril.es\/\">Jardins d&#8217;Abril<\/a>, la qual cosa ofereix la possibilitat a qualsevol ciutad\u00e0 amb uns certs recursos de gaudir per unes hores dels plaers burgesos d&#8217;\u00e8poca huitcentista.<\/p>\t\t\t\t\t\t\t\t<\/div>\n\t\t\t\t<\/div>\n\t\t\t\t\t<\/div>\n\t\t<\/div>\n\t\t\t\t\t<\/div>\n\t\t<\/section>\n\t\t\t\t<section class=\"elementor-section elementor-top-section elementor-element elementor-element-d847470 elementor-section-boxed elementor-section-height-default elementor-section-height-default\" data-id=\"d847470\" data-element_type=\"section\" data-e-type=\"section\">\n\t\t\t\t\t\t<div class=\"elementor-container elementor-column-gap-default\">\n\t\t\t\t\t<div class=\"elementor-column elementor-col-100 elementor-top-column elementor-element elementor-element-3782716\" data-id=\"3782716\" data-element_type=\"column\" data-e-type=\"column\">\n\t\t\t<div class=\"elementor-widget-wrap elementor-element-populated\">\n\t\t\t\t\t\t<div class=\"elementor-element elementor-element-e0811e5 elementor-arrows-position-inside elementor-pagination-position-outside elementor-widget elementor-widget-image-carousel\" data-id=\"e0811e5\" data-element_type=\"widget\" data-e-type=\"widget\" data-settings=\"{&quot;slides_to_show&quot;:&quot;1&quot;,&quot;navigation&quot;:&quot;both&quot;,&quot;autoplay&quot;:&quot;yes&quot;,&quot;pause_on_hover&quot;:&quot;yes&quot;,&quot;pause_on_interaction&quot;:&quot;yes&quot;,&quot;autoplay_speed&quot;:5000,&quot;infinite&quot;:&quot;yes&quot;,&quot;effect&quot;:&quot;slide&quot;,&quot;speed&quot;:500}\" data-widget_type=\"image-carousel.default\">\n\t\t\t\t<div class=\"elementor-widget-container\">\n\t\t\t\t\t\t\t<div class=\"elementor-image-carousel-wrapper swiper\" role=\"region\" aria-roledescription=\"carousel\" aria-label=\"Image Carousel\" dir=\"ltr\">\n\t\t\t<div class=\"elementor-image-carousel swiper-wrapper\" aria-live=\"off\">\n\t\t\t\t\t\t\t\t<div class=\"swiper-slide\" role=\"group\" aria-roledescription=\"slide\" aria-label=\"1 of 6\"><figure class=\"swiper-slide-inner\"><img decoding=\"async\" class=\"swiper-slide-image\" src=\"https:\/\/turismosantjoan.es\/wp-content\/uploads\/2023\/07\/finca-abril-1.gif\" alt=\"finca abril 1\" \/><\/figure><\/div><div class=\"swiper-slide\" role=\"group\" aria-roledescription=\"slide\" aria-label=\"2 of 6\"><figure class=\"swiper-slide-inner\"><img decoding=\"async\" class=\"swiper-slide-image\" src=\"https:\/\/turismosantjoan.es\/wp-content\/uploads\/2023\/07\/finca-abril-2.gif\" alt=\"finca abril 2\" \/><\/figure><\/div><div class=\"swiper-slide\" role=\"group\" aria-roledescription=\"slide\" aria-label=\"3 of 6\"><figure class=\"swiper-slide-inner\"><img decoding=\"async\" class=\"swiper-slide-image\" src=\"https:\/\/turismosantjoan.es\/wp-content\/uploads\/2023\/07\/finca-abril-3.gif\" alt=\"finca abril 3\" \/><\/figure><\/div><div class=\"swiper-slide\" role=\"group\" aria-roledescription=\"slide\" aria-label=\"4 of 6\"><figure class=\"swiper-slide-inner\"><img decoding=\"async\" class=\"swiper-slide-image\" src=\"https:\/\/turismosantjoan.es\/wp-content\/uploads\/2023\/07\/finca-abril-4.gif\" alt=\"finca abril 4\" \/><\/figure><\/div><div class=\"swiper-slide\" role=\"group\" aria-roledescription=\"slide\" aria-label=\"5 of 6\"><figure class=\"swiper-slide-inner\"><img decoding=\"async\" class=\"swiper-slide-image\" src=\"https:\/\/turismosantjoan.es\/wp-content\/uploads\/2023\/07\/finca-abril-5.gif\" alt=\"finca abril 5\" \/><\/figure><\/div><div class=\"swiper-slide\" role=\"group\" aria-roledescription=\"slide\" aria-label=\"6 of 6\"><figure class=\"swiper-slide-inner\"><img decoding=\"async\" class=\"swiper-slide-image\" src=\"https:\/\/turismosantjoan.es\/wp-content\/uploads\/2023\/07\/finca-abril-6.gif\" alt=\"finca abril 6\" \/><\/figure><\/div>\t\t\t<\/div>\n\t\t\t\t\t\t\t\t\t\t\t\t<div class=\"elementor-swiper-button elementor-swiper-button-prev\" role=\"button\" tabindex=\"0\">\n\t\t\t\t\t\t<i aria-hidden=\"true\" class=\"eicon-chevron-left\"><\/i>\t\t\t\t\t<\/div>\n\t\t\t\t\t<div class=\"elementor-swiper-button elementor-swiper-button-next\" role=\"button\" tabindex=\"0\">\n\t\t\t\t\t\t<i aria-hidden=\"true\" class=\"eicon-chevron-right\"><\/i>\t\t\t\t\t<\/div>\n\t\t\t\t\n\t\t\t\t\t\t\t\t\t<div class=\"swiper-pagination\"><\/div>\n\t\t\t\t\t\t\t\t\t<\/div>\n\t\t\t\t\t\t<\/div>\n\t\t\t\t<\/div>\n\t\t\t\t\t<\/div>\n\t\t<\/div>\n\t\t\t\t\t<\/div>\n\t\t<\/section>\n\t\t\t\t<section class=\"elementor-section elementor-top-section elementor-element elementor-element-299e4b7 elementor-section-boxed elementor-section-height-default elementor-section-height-default\" data-id=\"299e4b7\" data-element_type=\"section\" data-e-type=\"section\">\n\t\t\t\t\t\t<div class=\"elementor-container elementor-column-gap-default\">\n\t\t\t\t\t<div class=\"elementor-column elementor-col-100 elementor-top-column elementor-element elementor-element-e7143a5\" data-id=\"e7143a5\" data-element_type=\"column\" data-e-type=\"column\">\n\t\t\t<div class=\"elementor-widget-wrap elementor-element-populated\">\n\t\t\t\t\t\t<div class=\"elementor-element elementor-element-ba54299 elementor-widget elementor-widget-heading\" data-id=\"ba54299\" data-element_type=\"widget\" data-e-type=\"widget\" data-widget_type=\"heading.default\">\n\t\t\t\t<div class=\"elementor-widget-container\">\n\t\t\t\t\t<h2 class=\"elementor-heading-title elementor-size-default\">Sabies que\u2026?<\/h2>\t\t\t\t<\/div>\n\t\t\t\t<\/div>\n\t\t\t\t<div class=\"elementor-element elementor-element-7c7db6e elementor-widget elementor-widget-text-editor\" data-id=\"7c7db6e\" data-element_type=\"widget\" data-e-type=\"widget\" data-widget_type=\"text-editor.default\">\n\t\t\t\t<div class=\"elementor-widget-container\">\n\t\t\t\t\t\t\t\t\t<p align=\"JUSTIFY\">Durant el segle XVIII finca Abril va pert\u00e0nyer inicialment al canonge D. Abril. La seua germana <strong>Sra. Margarita Abril<\/strong> va acabar heretant-la, i amb posterioritat ho va fer el seu fill <strong>Sr. Antonio Ferr\u00e1ndiz i Abril<\/strong>. Seguidament, en la primera meitat del XIX, van ser copropietaris de la mansi\u00f3 <strong>Sr. Jaime Maisonnave<\/strong>, c\u00e8lebre empresari vitivin\u00edcola i la seua esposa <strong>Sra. Leonor Cuyatar<\/strong>. En 1863 despr\u00e9s de la mort de la seua mare, hereta la finca el seu fill primog\u00e8nit, <strong><a href=\"http:\/\/rua.ua.es\/dspace\/handle\/10045\/3528\">Sr. Eleuterio *Maisonnave i *Cutayar<\/a><\/strong>, qui seria alcalde de l&#8217;Ajuntament d&#8217;Alacant entre 1869 i 1873. Despr\u00e9s de la seua defunci\u00f3 en 1890 la finca va ser venuda al seu amic <strong>Sr. Rafael Beltr\u00e1n Aus\u00f3<\/strong>, diputat a Corts, senador i advocat alacant\u00ed i m\u00e9s tard passaria al seu fill, <strong>Sr. Rafael Beltr\u00e1n de la Clau<\/strong>, qui havia nascut a la casa.<\/p><p align=\"JUSTIFY\">Comen\u00e7ada la Guerra Civil, la finca va ser requisada per la Rep\u00fablica per a instal\u00b7lar una col\u00f2nia infantil. El projecte dirigit des de Madrid per <strong>Sra. Dolores de Rivas Cherif<\/strong> <strong>-esposa del president del govern i president de la Segona Rep\u00fablica Espanyola, Sr. Manuel Aza\u00f1a D\u00edaz-<\/strong> consistia a evacuar i donar recer a xiquets madrilenys. Un d&#8217;ells, Lauro Olmo, va ser enviat al costat d&#8217;uns 70 xics a aquesta finca. Ac\u00ed van estar tutelats per diversos mestres procedents de les Missions Pedag\u00f2giques, com a Sr. Manuel Giner dels Rius, que els preparaven per a l&#8217;ingr\u00e9s en l&#8217;Institut d&#8217;Alacant.<\/p><p align=\"JUSTIFY\">En la d\u00e8cada dels 70, l&#8217;arquitecte municipal d&#8217;Alacant <strong><a href=\"http:\/\/www.manuserran.com\/index.php?option=com_content&amp;view=article&amp;id=1484:abril&amp;catid=257&amp;Itemid=465\">D. Miguel L\u00f3pez Gonz\u00e1lez<\/a><\/strong>, va dirigir les obres de remodelaci\u00f3. Des de fa uns anys la finca es reconverteix en espai de serveis per a \u00fas d&#8217;oci i esdeveniments, <a href=\"http:\/\/jardinesdeabril.es\/\">Jardins d&#8217;Abril<\/a>, la qual cosa ha perm\u00e9s al conjunt mantindre&#8217;s en un acceptable estat de conservaci\u00f3.<\/p>\t\t\t\t\t\t\t\t<\/div>\n\t\t\t\t<\/div>\n\t\t\t\t\t<\/div>\n\t\t<\/div>\n\t\t\t\t\t<\/div>\n\t\t<\/section>\n\t\t\t\t<\/div>\n\t\t","protected":false},"excerpt":{"rendered":"<p>Finca Abril Una majestuosa porta gran dona la benvinguda a habitants i visitants. A trav\u00e9s d&#8217;un cam\u00ed empedrat, envoltat de vegetaci\u00f3 espessa, accedim a l&#8217;atri en el qual es troba l&#8217;edifici principal i una xicoteta ermita del segle XVIII. La fa\u00e7ana de la casa \u00e9s un elenc d&#8217;elements t\u00edpicament huitcentistes, com mostren els seus sofisticats [&hellip;]<\/p>\n","protected":false},"author":1,"featured_media":0,"parent":0,"menu_order":0,"comment_status":"closed","ping_status":"closed","template":"","meta":{"footnotes":""},"class_list":["post-7309","page","type-page","status-publish","hentry"],"_links":{"self":[{"href":"https:\/\/turismosantjoan.es\/ca\/wp-json\/wp\/v2\/pages\/7309","targetHints":{"allow":["GET"]}}],"collection":[{"href":"https:\/\/turismosantjoan.es\/ca\/wp-json\/wp\/v2\/pages"}],"about":[{"href":"https:\/\/turismosantjoan.es\/ca\/wp-json\/wp\/v2\/types\/page"}],"author":[{"embeddable":true,"href":"https:\/\/turismosantjoan.es\/ca\/wp-json\/wp\/v2\/users\/1"}],"replies":[{"embeddable":true,"href":"https:\/\/turismosantjoan.es\/ca\/wp-json\/wp\/v2\/comments?post=7309"}],"version-history":[{"count":0,"href":"https:\/\/turismosantjoan.es\/ca\/wp-json\/wp\/v2\/pages\/7309\/revisions"}],"wp:attachment":[{"href":"https:\/\/turismosantjoan.es\/ca\/wp-json\/wp\/v2\/media?parent=7309"}],"curies":[{"name":"wp","href":"https:\/\/api.w.org\/{rel}","templated":true}]}}