{"id":7315,"date":"2023-07-24T11:43:30","date_gmt":"2023-07-24T11:43:30","guid":{"rendered":"https:\/\/turismo-sj.developersasapglobalsolution.com\/finca-el-de-conde-o-la-paz\/"},"modified":"2023-09-18T12:26:57","modified_gmt":"2023-09-18T12:26:57","slug":"finca-el-de-conde-o-la-paz","status":"publish","type":"page","link":"https:\/\/turismosantjoan.es\/ca\/finca-el-de-conde-o-la-paz\/","title":{"rendered":"Finca El de Conde o La Paz"},"content":{"rendered":"\t\t<div data-elementor-type=\"wp-page\" data-elementor-id=\"7315\" class=\"elementor elementor-7315 elementor-3203\" data-elementor-post-type=\"page\">\n\t\t\t\t\t\t<section class=\"elementor-section elementor-top-section elementor-element elementor-element-45ac099 elementor-section-boxed elementor-section-height-default elementor-section-height-default\" data-id=\"45ac099\" data-element_type=\"section\" data-e-type=\"section\" data-settings=\"{&quot;shape_divider_top&quot;:&quot;mountains&quot;,&quot;background_background&quot;:&quot;classic&quot;}\">\n\t\t\t\t\t<div class=\"elementor-shape elementor-shape-top\" aria-hidden=\"true\" data-negative=\"false\">\n\t\t\t<svg xmlns=\"http:\/\/www.w3.org\/2000\/svg\" viewBox=\"0 0 1000 100\" preserveAspectRatio=\"none\">\n\t<path class=\"elementor-shape-fill\" opacity=\"0.33\" d=\"M473,67.3c-203.9,88.3-263.1-34-320.3,0C66,119.1,0,59.7,0,59.7V0h1000v59.7 c0,0-62.1,26.1-94.9,29.3c-32.8,3.3-62.8-12.3-75.8-22.1C806,49.6,745.3,8.7,694.9,4.7S492.4,59,473,67.3z\"\/>\n\t<path class=\"elementor-shape-fill\" opacity=\"0.66\" d=\"M734,67.3c-45.5,0-77.2-23.2-129.1-39.1c-28.6-8.7-150.3-10.1-254,39.1 s-91.7-34.4-149.2,0C115.7,118.3,0,39.8,0,39.8V0h1000v36.5c0,0-28.2-18.5-92.1-18.5C810.2,18.1,775.7,67.3,734,67.3z\"\/>\n\t<path class=\"elementor-shape-fill\" d=\"M766.1,28.9c-200-57.5-266,65.5-395.1,19.5C242,1.8,242,5.4,184.8,20.6C128,35.8,132.3,44.9,89.9,52.5C28.6,63.7,0,0,0,0 h1000c0,0-9.9,40.9-83.6,48.1S829.6,47,766.1,28.9z\"\/>\n<\/svg>\t\t<\/div>\n\t\t\t\t\t<div class=\"elementor-container elementor-column-gap-no\">\n\t\t\t\t\t<div class=\"elementor-column elementor-col-100 elementor-top-column elementor-element elementor-element-9289999\" data-id=\"9289999\" data-element_type=\"column\" data-e-type=\"column\">\n\t\t\t<div class=\"elementor-widget-wrap elementor-element-populated\">\n\t\t\t\t\t\t<div class=\"elementor-element elementor-element-403cce2 elementor-widget elementor-widget-heading\" data-id=\"403cce2\" data-element_type=\"widget\" data-e-type=\"widget\" data-widget_type=\"heading.default\">\n\t\t\t\t<div class=\"elementor-widget-container\">\n\t\t\t\t\t<h1 class=\"elementor-heading-title elementor-size-xxl\">Finca El de Conde o La Paz<\/h1>\t\t\t\t<\/div>\n\t\t\t\t<\/div>\n\t\t\t\t\t<\/div>\n\t\t<\/div>\n\t\t\t\t\t<\/div>\n\t\t<\/section>\n\t\t\t\t<section class=\"elementor-section elementor-top-section elementor-element elementor-element-4d72b57 elementor-section-boxed elementor-section-height-default elementor-section-height-default\" data-id=\"4d72b57\" data-element_type=\"section\" data-e-type=\"section\">\n\t\t\t\t\t\t<div class=\"elementor-container elementor-column-gap-default\">\n\t\t\t\t\t<div class=\"elementor-column elementor-col-100 elementor-top-column elementor-element elementor-element-07e1ee2\" data-id=\"07e1ee2\" data-element_type=\"column\" data-e-type=\"column\">\n\t\t\t<div class=\"elementor-widget-wrap elementor-element-populated\">\n\t\t\t\t\t\t<div class=\"elementor-element elementor-element-315b990 elementor-widget elementor-widget-google_maps\" data-id=\"315b990\" data-element_type=\"widget\" data-e-type=\"widget\" data-widget_type=\"google_maps.default\">\n\t\t\t\t<div class=\"elementor-widget-container\">\n\t\t\t\t\t\t\t<div class=\"elementor-custom-embed\">\n\t\t\t<iframe loading=\"lazy\"\n\t\t\t\t\tsrc=\"https:\/\/maps.google.com\/maps?q=38.407857%2C%20-0.442467&#038;t=m&#038;z=10&#038;output=embed&#038;iwloc=near\"\n\t\t\t\t\ttitle=\"38.407857, -0.442467\"\n\t\t\t\t\taria-label=\"38.407857, -0.442467\"\n\t\t\t><\/iframe>\n\t\t<\/div>\n\t\t\t\t\t\t<\/div>\n\t\t\t\t<\/div>\n\t\t\t\t\t<\/div>\n\t\t<\/div>\n\t\t\t\t\t<\/div>\n\t\t<\/section>\n\t\t\t\t<section class=\"elementor-section elementor-top-section elementor-element elementor-element-01fd3bc elementor-section-boxed elementor-section-height-default elementor-section-height-default\" data-id=\"01fd3bc\" data-element_type=\"section\" data-e-type=\"section\">\n\t\t\t\t\t\t<div class=\"elementor-container elementor-column-gap-default\">\n\t\t\t\t\t<div class=\"elementor-column elementor-col-100 elementor-top-column elementor-element elementor-element-39cd9d6\" data-id=\"39cd9d6\" data-element_type=\"column\" data-e-type=\"column\">\n\t\t\t<div class=\"elementor-widget-wrap elementor-element-populated\">\n\t\t\t\t\t\t<div class=\"elementor-element elementor-element-77cbc42 elementor-widget elementor-widget-text-editor\" data-id=\"77cbc42\" data-element_type=\"widget\" data-e-type=\"widget\" data-widget_type=\"text-editor.default\">\n\t\t\t\t<div class=\"elementor-widget-container\">\n\t\t\t\t\t\t\t\t\t<p align=\"JUSTIFY\">En el cam\u00ed Vell o de Maigmona, entre Sant Joan i Mutxamel, trobem l&#8217;entrada a la finca El de Conde, delimitada per grans machones de ma\u00e7oneria revocats, imitant cadirat. Antany la s\u00e9quia Major creuava l&#8217;enclavament. Per a poder accedir a la casa calia travessar un pont de pedra. Hui dia ja no existeix el canal, i els escassos arbres que queden a penes malviuen al jard\u00ed arrasat. Aquell vergel abra\u00e7ava l&#8217;edificaci\u00f3 al sud i a l&#8217;est, permetent obrir els grans finestrals de llinda per a deixar passar la brisa entre els arbres del jard\u00ed mullat, apaivagant aix\u00ed els aires secs i c\u00e0lids del Xaloc o del mig dia. Ara seria necessari tirar les persianes per a refugiar-se de l&#8217;erm abrasador, si no fora perqu\u00e8 ja ning\u00fa habita la casa, i solament les parets alberguen el record d&#8217;aquells dies en qu\u00e8 els seus habitants donaven significat a aquesta terra de goig.<\/p><p align=\"JUSTIFY\">Aquell jard\u00ed era un dels m\u00e9s reconeguts de <a href=\"https:\/\/www.turismosantjoan.es\/?page_id=99994832\">l&#8217;Horta alacantina<\/a>, tenia una superf\u00edcie d&#8217;unes 25 *tah\u00fallas, m\u00e9s de dues hect\u00e0rees actuals. Des del reixat fins a la fa\u00e7ana principal de l&#8217;habitatge s&#8217;accedia a trav\u00e9s d&#8217;una esplanada rectangular, formada per una filera de grans xiprers que actuaven de barrera natural, separant-la del jard\u00ed situat a l&#8217;est. A l&#8217;oest, trobem una t\u00e0pia de ma\u00e7oneria al costat de la casa, configurant un cam\u00ed que condu\u00efa als estables.<\/p><p align=\"JUSTIFY\">La <a href=\"https:\/\/dialnet.unirioja.es\/servlet\/autor?codigo=98946\">fa\u00e7ana principal<\/a> neocl\u00e0ssica encara conserva la robusta porta emmarcada per carreus, juntament amb els finestrals ben ordenats i sim\u00e8trics. El porxo porticat t\u00e9 columnes j\u00f2niques que es prolonguen com a ampit en la planta primera, conformant la noble terrassa. L&#8217;edifique \u00e9s de color ocre, amb les l\u00ednies d&#8217;imposta, les motlures i el retancats de les obertures en un to m\u00e9s fosc. A l&#8217;interior de la casa s&#8217;accedeix a trav\u00e9s d&#8217;un vest\u00edbul rectangular de grans dimensions, dividit per tres arcs carpanells situats en paral\u00b7lel a la porta principal. Des del distribu\u00efdor s&#8217;obrin a banda i banda diverses avantsales i alcoves. Situada en el fons del vest\u00edbul trobem l&#8217;escala, que est\u00e0 il\u00b7luminada per una llanterna central de planta quadrada. La llanterna es pot veure des de l&#8217;exterior, es tracta de la torrassa amb coberta a quatre aig\u00fces de teula corba color verd maragda. La llum entra pels ventanucos, il\u00b7luminat el cos central de la casa.<\/p><p align=\"JUSTIFY\"><a href=\"https:\/\/dialnet.unirioja.es\/servlet\/autor?codigo=98946\">La fa\u00e7ana<\/a> aquest t\u00e9 una composici\u00f3 similar a la principal, per\u00f2 adossat al conjunt es troba un pati delimitat per una arcada. La arquer\u00eda connecta amb un altre cos edificat, sens dubte una de les majors sorpreses de la vila. Es tracta d&#8217;un xicotet teatre o sala de concerts que comptava amb acc\u00e9s independent al de la casa. Un gravat franc\u00e9s, del segle XIX, mostra els jardins, les fa\u00e7anes i el teatre, donant fe de l&#8217;esplendor d&#8217;aquells temps protagonitzats a les nits estiuenques, l&#8217;esbarjo i la diversi\u00f3. <\/p>\t\t\t\t\t\t\t\t<\/div>\n\t\t\t\t<\/div>\n\t\t\t\t<div class=\"elementor-element elementor-element-11af0e4 elementor-widget elementor-widget-image\" data-id=\"11af0e4\" data-element_type=\"widget\" data-e-type=\"widget\" data-widget_type=\"image.default\">\n\t\t\t\t<div class=\"elementor-widget-container\">\n\t\t\t\t\t\t\t\t\t\t\t\t\t\t\t<img fetchpriority=\"high\" decoding=\"async\" width=\"768\" height=\"576\" src=\"https:\/\/turismosantjoan.es\/wp-content\/uploads\/2023\/07\/villa-el-del-conde-768x576.jpeg\" class=\"attachment-medium_large size-medium_large wp-image-3206\" alt=\"\" srcset=\"https:\/\/turismosantjoan.es\/wp-content\/uploads\/2023\/07\/villa-el-del-conde-768x576.jpeg 768w, https:\/\/turismosantjoan.es\/wp-content\/uploads\/2023\/07\/villa-el-del-conde-300x225.jpeg 300w, https:\/\/turismosantjoan.es\/wp-content\/uploads\/2023\/07\/villa-el-del-conde-1024x768.jpeg 1024w, https:\/\/turismosantjoan.es\/wp-content\/uploads\/2023\/07\/villa-el-del-conde-1536x1152.jpeg 1536w, https:\/\/turismosantjoan.es\/wp-content\/uploads\/2023\/07\/villa-el-del-conde.jpeg 1950w\" sizes=\"(max-width: 768px) 100vw, 768px\" \/>\t\t\t\t\t\t\t\t\t\t\t\t\t\t\t<\/div>\n\t\t\t\t<\/div>\n\t\t\t\t<div class=\"elementor-element elementor-element-e73897f elementor-widget elementor-widget-text-editor\" data-id=\"e73897f\" data-element_type=\"widget\" data-e-type=\"widget\" data-widget_type=\"text-editor.default\">\n\t\t\t\t<div class=\"elementor-widget-container\">\n\t\t\t\t\t\t\t\t\t<p>Gravat franc\u00e9s de la Finca El de Conde o La Paz on s&#8217;aprecia, a m\u00e9s dels seus jardins, el teatre<\/p>\t\t\t\t\t\t\t\t<\/div>\n\t\t\t\t<\/div>\n\t\t\t\t<div class=\"elementor-element elementor-element-7a6b0e5 elementor-widget elementor-widget-text-editor\" data-id=\"7a6b0e5\" data-element_type=\"widget\" data-e-type=\"widget\" data-widget_type=\"text-editor.default\">\n\t\t\t\t<div class=\"elementor-widget-container\">\n\t\t\t\t\t\t\t\t\t<p align=\"JUSTIFY\">La vida en la finca es desenvolupava en cadascuna de les tres plantes de la casa. La fam\u00edlia gaudia com \u00e9s natural de les estades situades al migdia. La primera planta acollia les depend\u00e8ncies de conviv\u00e8ncia dom\u00e8stica i social. No \u00e9s estrany trobar un imponent sal\u00f3 en una edificaci\u00f3 d&#8217;aquestes caracter\u00edstiques, la qual cosa resulta menys habitual \u00e9s que la mansi\u00f3 dispose de gabinet o sala de gravador i de cartografia, decorades amb pintures, frescos i litografies. Aix\u00f2 ens dona una idea de la sensibilitat i solemnitat dels habitants de l&#8217;estatge. A m\u00e9s, en aquesta planta existia una xicoteta capella amb un retaule i un altar de marbre, les parets en color crema i el s\u00f2l tamb\u00e9 de marbre.<\/p><p align=\"JUSTIFY\">Per\u00f2 resulta impossible imaginar el dia a dia en la finca sense les persones dedicades al servei. Els criats s&#8217;encarregaven de posar a punt l&#8217;engranatge de la casa. Complaure als seus senyors implicava atendre les seues necessitats dom\u00e8stiques i representatives, la qual cosa suposava fer un esfor\u00e7 suplementari quan es rebien convidats, per als qui s&#8217;havien de condicionar algunes sales de la vila. Moltes de la feina de casa es desenvolupaven en l&#8217;ala nord de l&#8217;edifici, on se situava l&#8217;habitatge del guarda, els estables, magatzems, corrals i cotxeres.<\/p><p align=\"JUSTIFY\">Tamb\u00e9 al nord se situa la cuina de grans dimensions, a la qual es pot accedir per una escala de servei. El regiment d&#8217;empleats s&#8217;acomodava en la tercera planta, on es trobaven els seus dormitoris i estances. Hui ja ning\u00fa trau lluentor a la cristalleria dels senyors, o posa a punt l&#8217;aixovar. Els salons no traspuen les olors apetitoses de les menges que s&#8217;escapen de la cuina. Ni rastre dels cuidadors dels cavalls, jardiners, donzelles o servents. Tots gaudeixen d&#8217;un dia etern de festa. El Comte no est\u00e0 a casa. Tampoc ja ning\u00fa ho espera.<\/p>\t\t\t\t\t\t\t\t<\/div>\n\t\t\t\t<\/div>\n\t\t\t\t\t<\/div>\n\t\t<\/div>\n\t\t\t\t\t<\/div>\n\t\t<\/section>\n\t\t\t\t<section class=\"elementor-section elementor-top-section elementor-element elementor-element-195414b elementor-section-boxed elementor-section-height-default elementor-section-height-default\" data-id=\"195414b\" data-element_type=\"section\" data-e-type=\"section\">\n\t\t\t\t\t\t<div class=\"elementor-container elementor-column-gap-default\">\n\t\t\t\t\t<div class=\"elementor-column elementor-col-100 elementor-top-column elementor-element elementor-element-3515432\" data-id=\"3515432\" data-element_type=\"column\" data-e-type=\"column\">\n\t\t\t<div class=\"elementor-widget-wrap elementor-element-populated\">\n\t\t\t\t\t\t<div class=\"elementor-element elementor-element-b846245 elementor-arrows-position-inside elementor-pagination-position-outside elementor-widget elementor-widget-image-carousel\" data-id=\"b846245\" data-element_type=\"widget\" data-e-type=\"widget\" data-settings=\"{&quot;slides_to_show&quot;:&quot;1&quot;,&quot;navigation&quot;:&quot;both&quot;,&quot;autoplay&quot;:&quot;yes&quot;,&quot;pause_on_hover&quot;:&quot;yes&quot;,&quot;pause_on_interaction&quot;:&quot;yes&quot;,&quot;autoplay_speed&quot;:5000,&quot;infinite&quot;:&quot;yes&quot;,&quot;effect&quot;:&quot;slide&quot;,&quot;speed&quot;:500}\" data-widget_type=\"image-carousel.default\">\n\t\t\t\t<div class=\"elementor-widget-container\">\n\t\t\t\t\t\t\t<div class=\"elementor-image-carousel-wrapper swiper\" role=\"region\" aria-roledescription=\"carousel\" aria-label=\"Image Carousel\" dir=\"ltr\">\n\t\t\t<div class=\"elementor-image-carousel swiper-wrapper\" aria-live=\"off\">\n\t\t\t\t\t\t\t\t<div class=\"swiper-slide\" role=\"group\" aria-roledescription=\"slide\" aria-label=\"1 of 2\"><figure class=\"swiper-slide-inner\"><img decoding=\"async\" class=\"swiper-slide-image\" src=\"https:\/\/turismosantjoan.es\/wp-content\/uploads\/2023\/07\/finca-el-del-conde-1.gif\" alt=\"finca el del conde 1\" \/><\/figure><\/div><div class=\"swiper-slide\" role=\"group\" aria-roledescription=\"slide\" aria-label=\"2 of 2\"><figure class=\"swiper-slide-inner\"><img decoding=\"async\" class=\"swiper-slide-image\" src=\"https:\/\/turismosantjoan.es\/wp-content\/uploads\/2023\/07\/finca-el-del-conde-1024x683-1.jpg\" alt=\"finca-el-del-conde-1024x683\" \/><\/figure><\/div>\t\t\t<\/div>\n\t\t\t\t\t\t\t\t\t\t\t\t<div class=\"elementor-swiper-button elementor-swiper-button-prev\" role=\"button\" tabindex=\"0\">\n\t\t\t\t\t\t<i aria-hidden=\"true\" class=\"eicon-chevron-left\"><\/i>\t\t\t\t\t<\/div>\n\t\t\t\t\t<div class=\"elementor-swiper-button elementor-swiper-button-next\" role=\"button\" tabindex=\"0\">\n\t\t\t\t\t\t<i aria-hidden=\"true\" class=\"eicon-chevron-right\"><\/i>\t\t\t\t\t<\/div>\n\t\t\t\t\n\t\t\t\t\t\t\t\t\t<div class=\"swiper-pagination\"><\/div>\n\t\t\t\t\t\t\t\t\t<\/div>\n\t\t\t\t\t\t<\/div>\n\t\t\t\t<\/div>\n\t\t\t\t\t<\/div>\n\t\t<\/div>\n\t\t\t\t\t<\/div>\n\t\t<\/section>\n\t\t\t\t<section class=\"elementor-section elementor-top-section elementor-element elementor-element-e9dc667 elementor-section-boxed elementor-section-height-default elementor-section-height-default\" data-id=\"e9dc667\" data-element_type=\"section\" data-e-type=\"section\">\n\t\t\t\t\t\t<div class=\"elementor-container elementor-column-gap-default\">\n\t\t\t\t\t<div class=\"elementor-column elementor-col-100 elementor-top-column elementor-element elementor-element-827b548\" data-id=\"827b548\" data-element_type=\"column\" data-e-type=\"column\">\n\t\t\t<div class=\"elementor-widget-wrap elementor-element-populated\">\n\t\t\t\t\t\t<div class=\"elementor-element elementor-element-d4cba03 elementor-widget elementor-widget-heading\" data-id=\"d4cba03\" data-element_type=\"widget\" data-e-type=\"widget\" data-widget_type=\"heading.default\">\n\t\t\t\t<div class=\"elementor-widget-container\">\n\t\t\t\t\t<h2 class=\"elementor-heading-title elementor-size-default\">Sabies que\u2026?<\/h2>\t\t\t\t<\/div>\n\t\t\t\t<\/div>\n\t\t\t\t<div class=\"elementor-element elementor-element-0e21b75 elementor-widget elementor-widget-text-editor\" data-id=\"0e21b75\" data-element_type=\"widget\" data-e-type=\"widget\" data-widget_type=\"text-editor.default\">\n\t\t\t\t<div class=\"elementor-widget-container\">\n\t\t\t\t\t\t\t\t\t<p align=\"JUSTIFY\">L&#8217;edifici origin\u00e0riament va ser constru\u00eft en el segle XVI, encara que el seu aspecte actual \u00e9s conseq\u00fc\u00e8ncia de les remodelacions dutes a terme a mitjan segle XVIII, i els segles XIX i XX. Origin\u00e0riament es tractava d&#8217;una finca d&#8217;explotaci\u00f3 agr\u00e0ria, encara que despr\u00e9s es va convertir en una finca d&#8217;esbarjo.<\/p><p align=\"JUSTIFY\">Respecte a la propietat d&#8217;aquesta vila se sap que va pert\u00e0nyer a la fam\u00edlia nobili\u00e0ria dels <strong><a href=\"http:\/\/www.academia.edu\/17595632\/Un_paseo_por_la_arquitectura_residencial_del_siglo_XIX_de_Alicante\">Srs. Comtes de Casa Rojas i Marqu\u00e9s del Bosch<\/a><\/strong>. Els Rojas eren descendents castellans del solar burgal\u00e9s del lloc de Rojas, encara que aquesta branca procedeix d&#8217;aquells que es van assentar Jerez de la Frontera i Cadis, passant despr\u00e9s a Alacant i Val\u00e8ncia. Va ser <strong>Sr. Jos\u00e9 Pedro de Rojas i recanella, l&#8217;I Conde de Casa Rojas<\/strong> per Reial decret del 18 de desembre de 1789.<\/p><p align=\"JUSTIFY\">D&#8217;altra banda, la fam\u00edlia Bosch procedeix de Cocentaina, i abans de Catalunya. Despr\u00e9s de despuntar en la conquesta de X\u00e0tiva, es van establir a Alacant. El Marquesat de Bosch d&#8217;Ares va ser creat per Carles III el 28 de febrer de 1689.<\/p><p align=\"JUSTIFY\">Cap a 1924 la propietat pertanyia al <strong>Sr. Marqu\u00e9s d&#8217;Algorfa<\/strong>. La denominaci\u00f3 de la vila amb el sobrenom de \u201cLa Paz\u201d \u00e9s associada al benestar del qual es podia gaudir tant en la resid\u00e8ncia com als seus jardins.<\/p><p align=\"JUSTIFY\">Actualment la finca \u00e9s travessada per la parti\u00f3 dels termes municipals de Sant Joan d&#8217;Alacant i Mutxamel. L&#8217;Ajuntament de Sant Joan ha comen\u00e7at els tr\u00e0mits per a l&#8217;expropiaci\u00f3 de l&#8217;immoble i la seua futura conservaci\u00f3.<\/p>\t\t\t\t\t\t\t\t<\/div>\n\t\t\t\t<\/div>\n\t\t\t\t\t<\/div>\n\t\t<\/div>\n\t\t\t\t\t<\/div>\n\t\t<\/section>\n\t\t\t\t<\/div>\n\t\t","protected":false},"excerpt":{"rendered":"<p>Finca El de Conde o La Paz En el cam\u00ed Vell o de Maigmona, entre Sant Joan i Mutxamel, trobem l&#8217;entrada a la finca El de Conde, delimitada per grans machones de ma\u00e7oneria revocats, imitant cadirat. Antany la s\u00e9quia Major creuava l&#8217;enclavament. Per a poder accedir a la casa calia travessar un pont de pedra. [&hellip;]<\/p>\n","protected":false},"author":1,"featured_media":0,"parent":0,"menu_order":0,"comment_status":"closed","ping_status":"closed","template":"","meta":{"footnotes":""},"class_list":["post-7315","page","type-page","status-publish","hentry"],"_links":{"self":[{"href":"https:\/\/turismosantjoan.es\/ca\/wp-json\/wp\/v2\/pages\/7315","targetHints":{"allow":["GET"]}}],"collection":[{"href":"https:\/\/turismosantjoan.es\/ca\/wp-json\/wp\/v2\/pages"}],"about":[{"href":"https:\/\/turismosantjoan.es\/ca\/wp-json\/wp\/v2\/types\/page"}],"author":[{"embeddable":true,"href":"https:\/\/turismosantjoan.es\/ca\/wp-json\/wp\/v2\/users\/1"}],"replies":[{"embeddable":true,"href":"https:\/\/turismosantjoan.es\/ca\/wp-json\/wp\/v2\/comments?post=7315"}],"version-history":[{"count":0,"href":"https:\/\/turismosantjoan.es\/ca\/wp-json\/wp\/v2\/pages\/7315\/revisions"}],"wp:attachment":[{"href":"https:\/\/turismosantjoan.es\/ca\/wp-json\/wp\/v2\/media?parent=7315"}],"curies":[{"name":"wp","href":"https:\/\/api.w.org\/{rel}","templated":true}]}}