{"id":7327,"date":"2023-07-24T10:15:14","date_gmt":"2023-07-24T10:15:14","guid":{"rendered":"https:\/\/turismo-sj.developersasapglobalsolution.com\/finca-el-rellotge-2\/"},"modified":"2024-01-16T11:40:13","modified_gmt":"2024-01-16T11:40:13","slug":"finca-el-rellotge-2","status":"publish","type":"page","link":"https:\/\/turismosantjoan.es\/ca\/finca-el-rellotge-2\/","title":{"rendered":"Finca El Rellotge"},"content":{"rendered":"\t\t<div data-elementor-type=\"wp-page\" data-elementor-id=\"7327\" class=\"elementor elementor-7327 elementor-2913\" data-elementor-post-type=\"page\">\n\t\t\t\t\t\t<section class=\"elementor-section elementor-top-section elementor-element elementor-element-17f71ae elementor-section-boxed elementor-section-height-default elementor-section-height-default\" data-id=\"17f71ae\" data-element_type=\"section\" data-e-type=\"section\" data-settings=\"{&quot;shape_divider_top&quot;:&quot;mountains&quot;,&quot;background_background&quot;:&quot;classic&quot;}\">\n\t\t\t\t\t<div class=\"elementor-shape elementor-shape-top\" aria-hidden=\"true\" data-negative=\"false\">\n\t\t\t<svg xmlns=\"http:\/\/www.w3.org\/2000\/svg\" viewBox=\"0 0 1000 100\" preserveAspectRatio=\"none\">\n\t<path class=\"elementor-shape-fill\" opacity=\"0.33\" d=\"M473,67.3c-203.9,88.3-263.1-34-320.3,0C66,119.1,0,59.7,0,59.7V0h1000v59.7 c0,0-62.1,26.1-94.9,29.3c-32.8,3.3-62.8-12.3-75.8-22.1C806,49.6,745.3,8.7,694.9,4.7S492.4,59,473,67.3z\"\/>\n\t<path class=\"elementor-shape-fill\" opacity=\"0.66\" d=\"M734,67.3c-45.5,0-77.2-23.2-129.1-39.1c-28.6-8.7-150.3-10.1-254,39.1 s-91.7-34.4-149.2,0C115.7,118.3,0,39.8,0,39.8V0h1000v36.5c0,0-28.2-18.5-92.1-18.5C810.2,18.1,775.7,67.3,734,67.3z\"\/>\n\t<path class=\"elementor-shape-fill\" d=\"M766.1,28.9c-200-57.5-266,65.5-395.1,19.5C242,1.8,242,5.4,184.8,20.6C128,35.8,132.3,44.9,89.9,52.5C28.6,63.7,0,0,0,0 h1000c0,0-9.9,40.9-83.6,48.1S829.6,47,766.1,28.9z\"\/>\n<\/svg>\t\t<\/div>\n\t\t\t\t\t<div class=\"elementor-container elementor-column-gap-no\">\n\t\t\t\t\t<div class=\"elementor-column elementor-col-100 elementor-top-column elementor-element elementor-element-9c2646f\" data-id=\"9c2646f\" data-element_type=\"column\" data-e-type=\"column\">\n\t\t\t<div class=\"elementor-widget-wrap elementor-element-populated\">\n\t\t\t\t\t\t<div class=\"elementor-element elementor-element-f874f95 elementor-widget elementor-widget-heading\" data-id=\"f874f95\" data-element_type=\"widget\" data-e-type=\"widget\" data-widget_type=\"heading.default\">\n\t\t\t\t<div class=\"elementor-widget-container\">\n\t\t\t\t\t<h1 class=\"elementor-heading-title elementor-size-xxl\">Finca El Rellotge<\/h1>\t\t\t\t<\/div>\n\t\t\t\t<\/div>\n\t\t\t\t\t<\/div>\n\t\t<\/div>\n\t\t\t\t\t<\/div>\n\t\t<\/section>\n\t\t\t\t<section class=\"elementor-section elementor-top-section elementor-element elementor-element-7362267 elementor-section-boxed elementor-section-height-default elementor-section-height-default\" data-id=\"7362267\" data-element_type=\"section\" data-e-type=\"section\">\n\t\t\t\t\t\t<div class=\"elementor-container elementor-column-gap-default\">\n\t\t\t\t\t<div class=\"elementor-column elementor-col-100 elementor-top-column elementor-element elementor-element-552cc9b\" data-id=\"552cc9b\" data-element_type=\"column\" data-e-type=\"column\">\n\t\t\t<div class=\"elementor-widget-wrap elementor-element-populated\">\n\t\t\t\t\t\t<div class=\"elementor-element elementor-element-b0df3cc elementor-widget elementor-widget-google_maps\" data-id=\"b0df3cc\" data-element_type=\"widget\" data-e-type=\"widget\" data-widget_type=\"google_maps.default\">\n\t\t\t\t<div class=\"elementor-widget-container\">\n\t\t\t\t\t\t\t<div class=\"elementor-custom-embed\">\n\t\t\t<iframe loading=\"lazy\"\n\t\t\t\t\tsrc=\"https:\/\/maps.google.com\/maps?q=Casa%20del%20Reloj%2C%20C.%20Cervantes%2C%2019%2C%2003550%20Sant%20Joan%20d%27Alacant%2C%20Alicante&#038;t=m&#038;z=10&#038;output=embed&#038;iwloc=near\"\n\t\t\t\t\ttitle=\"Casa del Reloj, C. Cervantes, 19, 03550 Sant Joan d&#039;Alacant, Alicante\"\n\t\t\t\t\taria-label=\"Casa del Reloj, C. Cervantes, 19, 03550 Sant Joan d&#039;Alacant, Alicante\"\n\t\t\t><\/iframe>\n\t\t<\/div>\n\t\t\t\t\t\t<\/div>\n\t\t\t\t<\/div>\n\t\t\t\t\t<\/div>\n\t\t<\/div>\n\t\t\t\t\t<\/div>\n\t\t<\/section>\n\t\t\t\t<section class=\"elementor-section elementor-top-section elementor-element elementor-element-7bd58f7 elementor-section-boxed elementor-section-height-default elementor-section-height-default\" data-id=\"7bd58f7\" data-element_type=\"section\" data-e-type=\"section\">\n\t\t\t\t\t\t<div class=\"elementor-container elementor-column-gap-default\">\n\t\t\t\t\t<div class=\"elementor-column elementor-col-100 elementor-top-column elementor-element elementor-element-c9c93f5\" data-id=\"c9c93f5\" data-element_type=\"column\" data-e-type=\"column\">\n\t\t\t<div class=\"elementor-widget-wrap elementor-element-populated\">\n\t\t\t\t\t\t<div class=\"elementor-element elementor-element-8d6b8c3 elementor-widget elementor-widget-text-editor\" data-id=\"8d6b8c3\" data-element_type=\"widget\" data-e-type=\"widget\" data-widget_type=\"text-editor.default\">\n\t\t\t\t<div class=\"elementor-widget-container\">\n\t\t\t\t\t\t\t\t\t<p align=\"JUSTIFY\">Accedim al conjunt a trav\u00e9s de la seua peculiar entrada, composta per dos arcs que conformen passos diferenciats per a vianants i carruatges. El jard\u00ed es configura mitjan\u00e7ant caminadors i parterres geom\u00e8trics en els quals destaquen els pins canaris de gran port que tenen m\u00e9s de 135 anys d&#8217;antiguitat. Els bancs i la font de les granotes verdes procedeixen d&#8217;una important finca al nord-oest del municipi anomenada <a href=\"https:\/\/www.turismosantjoan.es\/?page_id=99995417\">La Concepci\u00f3<\/a>. Actualment es realitzen en aquest parc activitats a l&#8217;aire lliure com a concerts musicals, representacions teatrals, tallers i trobades tem\u00e0tiques. Antigament el paratge estava envoltat d&#8217;horts.<\/p><p align=\"JUSTIFY\"><a href=\"https:\/\/dialnet.unirioja.es\/servlet\/autor?codigo=98946\">L&#8217;edifici<\/a> es troba molt alterat ja que ha anat reformat en nombroses ocasions. En el seu interior trobem l&#8217;escala folrada en fusta visible des de la porta d&#8217;entrada. La fa\u00e7ana principal \u00e9s sim\u00e8trica, destacant els seus grans finestrals i els \u00f2culs que flanquegen l&#8217;entrada en la planta baixa. Les obertures estan revoltades de motlures molt austeres. Sobre una delicada cornisa se situa la coberta de dos vessants de teula plana.<\/p><p align=\"JUSTIFY\">A la fi del segle XIX va ser propietari <strong>Sr. Tom\u00e1s Coderch<\/strong> i en les primeres d\u00e8cades del segle XX la finca va passar a <strong>Sr. Antonio P\u00e9rez P\u00e9rez<\/strong>. Tamb\u00e9 ho va ser l&#8217;empresari <strong>Sr. Francisco Ram\u00f3n-Borja Gadea, casat amb Sra. M\u00aa Teresa Sempere Montoyo<\/strong>, que eren amos de diverses f\u00e0briques de cer\u00e0miques a Alacant i Sant Vicent del *Raspeig.<\/p><p align=\"JUSTIFY\">Durant la <strong>Guerra Civil<\/strong> la finca El Rellotge va ser confiscada i convertida en guarderia infantil i resid\u00e8ncia dels familiars del general <strong>Sr. Jos\u00e9 Miaja Menant<\/strong>. En aquest per\u00edode, cal destacar que el general va manar construir un refugi antiaeri, com tamb\u00e9 va oc\u00f3rrer en la ve\u00efna <a href=\"https:\/\/www.turismosantjoan.es\/?page_id=99991491\">finca Pedro Jos\u00e9<\/a>, un refugi de tipus t\u00fanel al qual s&#8217;accedia des dels jardins situats en les fa\u00e7anes nord i sud.<\/p><p align=\"JUSTIFY\">L&#8217;habitatge comptava amb una caseta per als amos, anomenada El Rac\u00f3, hui desapareguda. Va ser propietat del m\u00e8dic <strong>Sr. Pedro Ivorra Gos\u00e1lvez<\/strong>, juntament amb la seua esposa s&#8217;encarregaria de restaurar-la i vendre-la posteriorment, al c\u00e8lebre pintor <strong>Fernando Soria P\u00e9rez<\/strong>. All\u00ed va viure amb la seua esposa <strong>Innoc\u00e8ncia Gim\u00e9nez Berni<\/strong> i la seua filla, <strong>Beatriz Soria Gim\u00e9nez<\/strong>.<\/p><p align=\"JUSTIFY\">Des de maig de 2013 fins a setembre de 2017 la casa El Rellotge va albergar l&#8217;obra del pintor Fernando Soria l&#8217;exposici\u00f3 permanent del qual constava de 225 obres pict\u00f2riques, un tresor plagat de matisos de llum i color. En l&#8217;actualitat aquest edifici municipal est\u00e0 habilitat com a Centre de la Joventut.<\/p>\t\t\t\t\t\t\t\t<\/div>\n\t\t\t\t<\/div>\n\t\t\t\t\t<\/div>\n\t\t<\/div>\n\t\t\t\t\t<\/div>\n\t\t<\/section>\n\t\t\t\t<section class=\"elementor-section elementor-top-section elementor-element elementor-element-46e8bd5 elementor-section-boxed elementor-section-height-default elementor-section-height-default\" data-id=\"46e8bd5\" data-element_type=\"section\" data-e-type=\"section\">\n\t\t\t\t\t\t<div class=\"elementor-container elementor-column-gap-default\">\n\t\t\t\t\t<div class=\"elementor-column elementor-col-100 elementor-top-column elementor-element elementor-element-515f90f\" data-id=\"515f90f\" data-element_type=\"column\" data-e-type=\"column\">\n\t\t\t<div class=\"elementor-widget-wrap elementor-element-populated\">\n\t\t\t\t\t\t<div class=\"elementor-element elementor-element-4cfa43f elementor-arrows-position-inside elementor-pagination-position-outside elementor-widget elementor-widget-image-carousel\" data-id=\"4cfa43f\" data-element_type=\"widget\" data-e-type=\"widget\" data-settings=\"{&quot;slides_to_show&quot;:&quot;1&quot;,&quot;navigation&quot;:&quot;both&quot;,&quot;autoplay&quot;:&quot;yes&quot;,&quot;pause_on_hover&quot;:&quot;yes&quot;,&quot;pause_on_interaction&quot;:&quot;yes&quot;,&quot;autoplay_speed&quot;:5000,&quot;infinite&quot;:&quot;yes&quot;,&quot;effect&quot;:&quot;slide&quot;,&quot;speed&quot;:500}\" data-widget_type=\"image-carousel.default\">\n\t\t\t\t<div class=\"elementor-widget-container\">\n\t\t\t\t\t\t\t<div class=\"elementor-image-carousel-wrapper swiper\" role=\"region\" aria-roledescription=\"carousel\" aria-label=\"Image Carousel\" dir=\"ltr\">\n\t\t\t<div class=\"elementor-image-carousel swiper-wrapper\" aria-live=\"off\">\n\t\t\t\t\t\t\t\t<div class=\"swiper-slide\" role=\"group\" aria-roledescription=\"slide\" aria-label=\"1 of 7\"><figure class=\"swiper-slide-inner\"><img decoding=\"async\" class=\"swiper-slide-image\" src=\"https:\/\/turismosantjoan.es\/wp-content\/uploads\/2023\/07\/FOT-PRINCIPIAL-EL-RELOJ-1024x576-1.jpg\" alt=\"FOT-PRINCIPIAL-EL-RELOJ-1024x576\" \/><\/figure><\/div><div class=\"swiper-slide\" role=\"group\" aria-roledescription=\"slide\" aria-label=\"2 of 7\"><figure class=\"swiper-slide-inner\"><img decoding=\"async\" class=\"swiper-slide-image\" src=\"https:\/\/turismosantjoan.es\/wp-content\/uploads\/2023\/07\/finca-el-reloj-2.jpeg\" alt=\"finca el reloj 2\" \/><\/figure><\/div><div class=\"swiper-slide\" role=\"group\" aria-roledescription=\"slide\" aria-label=\"3 of 7\"><figure class=\"swiper-slide-inner\"><img decoding=\"async\" class=\"swiper-slide-image\" src=\"https:\/\/turismosantjoan.es\/wp-content\/uploads\/2023\/07\/finca-el-reloj-5.jpeg\" alt=\"finca el reloj 5\" \/><\/figure><\/div><div class=\"swiper-slide\" role=\"group\" aria-roledescription=\"slide\" aria-label=\"4 of 7\"><figure class=\"swiper-slide-inner\"><img decoding=\"async\" class=\"swiper-slide-image\" src=\"https:\/\/turismosantjoan.es\/wp-content\/uploads\/2023\/07\/finca-el-reloj-6.jpeg\" alt=\"finca el reloj 6\" \/><\/figure><\/div><div class=\"swiper-slide\" role=\"group\" aria-roledescription=\"slide\" aria-label=\"5 of 7\"><figure class=\"swiper-slide-inner\"><img decoding=\"async\" class=\"swiper-slide-image\" src=\"https:\/\/turismosantjoan.es\/wp-content\/uploads\/2023\/12\/finca-el-reloj-3-1024x683-1.webp\" alt=\"finca-el-reloj-3-1024x683\" \/><\/figure><\/div><div class=\"swiper-slide\" role=\"group\" aria-roledescription=\"slide\" aria-label=\"6 of 7\"><figure class=\"swiper-slide-inner\"><img decoding=\"async\" class=\"swiper-slide-image\" src=\"https:\/\/turismosantjoan.es\/wp-content\/uploads\/2023\/12\/finca-el-reloj-4-1024x683-1.gif\" alt=\"finca-el-reloj-4-1024x683\" \/><\/figure><\/div><div class=\"swiper-slide\" role=\"group\" aria-roledescription=\"slide\" aria-label=\"7 of 7\"><figure class=\"swiper-slide-inner\"><img decoding=\"async\" class=\"swiper-slide-image\" src=\"https:\/\/turismosantjoan.es\/wp-content\/uploads\/2023\/12\/EL-RELOJ-2-2-1024x681-1.gif\" alt=\"EL-RELOJ-2-2-1024x681-1\" \/><\/figure><\/div>\t\t\t<\/div>\n\t\t\t\t\t\t\t\t\t\t\t\t<div class=\"elementor-swiper-button elementor-swiper-button-prev\" role=\"button\" tabindex=\"0\">\n\t\t\t\t\t\t<i aria-hidden=\"true\" class=\"eicon-chevron-left\"><\/i>\t\t\t\t\t<\/div>\n\t\t\t\t\t<div class=\"elementor-swiper-button elementor-swiper-button-next\" role=\"button\" tabindex=\"0\">\n\t\t\t\t\t\t<i aria-hidden=\"true\" class=\"eicon-chevron-right\"><\/i>\t\t\t\t\t<\/div>\n\t\t\t\t\n\t\t\t\t\t\t\t\t\t<div class=\"swiper-pagination\"><\/div>\n\t\t\t\t\t\t\t\t\t<\/div>\n\t\t\t\t\t\t<\/div>\n\t\t\t\t<\/div>\n\t\t\t\t\t<\/div>\n\t\t<\/div>\n\t\t\t\t\t<\/div>\n\t\t<\/section>\n\t\t\t\t<\/div>\n\t\t","protected":false},"excerpt":{"rendered":"<p>Finca El Rellotge Accedim al conjunt a trav\u00e9s de la seua peculiar entrada, composta per dos arcs que conformen passos diferenciats per a vianants i carruatges. El jard\u00ed es configura mitjan\u00e7ant caminadors i parterres geom\u00e8trics en els quals destaquen els pins canaris de gran port que tenen m\u00e9s de 135 anys d&#8217;antiguitat. Els bancs i [&hellip;]<\/p>\n","protected":false},"author":1,"featured_media":0,"parent":0,"menu_order":0,"comment_status":"closed","ping_status":"closed","template":"","meta":{"footnotes":""},"class_list":["post-7327","page","type-page","status-publish","hentry"],"_links":{"self":[{"href":"https:\/\/turismosantjoan.es\/ca\/wp-json\/wp\/v2\/pages\/7327","targetHints":{"allow":["GET"]}}],"collection":[{"href":"https:\/\/turismosantjoan.es\/ca\/wp-json\/wp\/v2\/pages"}],"about":[{"href":"https:\/\/turismosantjoan.es\/ca\/wp-json\/wp\/v2\/types\/page"}],"author":[{"embeddable":true,"href":"https:\/\/turismosantjoan.es\/ca\/wp-json\/wp\/v2\/users\/1"}],"replies":[{"embeddable":true,"href":"https:\/\/turismosantjoan.es\/ca\/wp-json\/wp\/v2\/comments?post=7327"}],"version-history":[{"count":0,"href":"https:\/\/turismosantjoan.es\/ca\/wp-json\/wp\/v2\/pages\/7327\/revisions"}],"wp:attachment":[{"href":"https:\/\/turismosantjoan.es\/ca\/wp-json\/wp\/v2\/media?parent=7327"}],"curies":[{"name":"wp","href":"https:\/\/api.w.org\/{rel}","templated":true}]}}