{"id":7329,"date":"2023-07-25T09:10:35","date_gmt":"2023-07-25T09:10:35","guid":{"rendered":"https:\/\/turismo-sj.developersasapglobalsolution.com\/finca-la-concepcio\/"},"modified":"2023-09-18T13:03:45","modified_gmt":"2023-09-18T13:03:45","slug":"finca-la-concepcio","status":"publish","type":"page","link":"https:\/\/turismosantjoan.es\/ca\/finca-la-concepcio\/","title":{"rendered":"Finca La Concepci\u00f3"},"content":{"rendered":"\t\t<div data-elementor-type=\"wp-page\" data-elementor-id=\"7329\" class=\"elementor elementor-7329 elementor-3458\" data-elementor-post-type=\"page\">\n\t\t\t\t\t\t<section class=\"elementor-section elementor-top-section elementor-element elementor-element-17ffb861 elementor-section-boxed elementor-section-height-default elementor-section-height-default\" data-id=\"17ffb861\" data-element_type=\"section\" data-e-type=\"section\" data-settings=\"{&quot;shape_divider_top&quot;:&quot;mountains&quot;,&quot;background_background&quot;:&quot;classic&quot;}\">\n\t\t\t\t\t<div class=\"elementor-shape elementor-shape-top\" aria-hidden=\"true\" data-negative=\"false\">\n\t\t\t<svg xmlns=\"http:\/\/www.w3.org\/2000\/svg\" viewBox=\"0 0 1000 100\" preserveAspectRatio=\"none\">\n\t<path class=\"elementor-shape-fill\" opacity=\"0.33\" d=\"M473,67.3c-203.9,88.3-263.1-34-320.3,0C66,119.1,0,59.7,0,59.7V0h1000v59.7 c0,0-62.1,26.1-94.9,29.3c-32.8,3.3-62.8-12.3-75.8-22.1C806,49.6,745.3,8.7,694.9,4.7S492.4,59,473,67.3z\"\/>\n\t<path class=\"elementor-shape-fill\" opacity=\"0.66\" d=\"M734,67.3c-45.5,0-77.2-23.2-129.1-39.1c-28.6-8.7-150.3-10.1-254,39.1 s-91.7-34.4-149.2,0C115.7,118.3,0,39.8,0,39.8V0h1000v36.5c0,0-28.2-18.5-92.1-18.5C810.2,18.1,775.7,67.3,734,67.3z\"\/>\n\t<path class=\"elementor-shape-fill\" d=\"M766.1,28.9c-200-57.5-266,65.5-395.1,19.5C242,1.8,242,5.4,184.8,20.6C128,35.8,132.3,44.9,89.9,52.5C28.6,63.7,0,0,0,0 h1000c0,0-9.9,40.9-83.6,48.1S829.6,47,766.1,28.9z\"\/>\n<\/svg>\t\t<\/div>\n\t\t\t\t\t<div class=\"elementor-container elementor-column-gap-no\">\n\t\t\t\t\t<div class=\"elementor-column elementor-col-100 elementor-top-column elementor-element elementor-element-ee4acfd\" data-id=\"ee4acfd\" data-element_type=\"column\" data-e-type=\"column\">\n\t\t\t<div class=\"elementor-widget-wrap elementor-element-populated\">\n\t\t\t\t\t\t<div class=\"elementor-element elementor-element-4a05515d elementor-widget elementor-widget-heading\" data-id=\"4a05515d\" data-element_type=\"widget\" data-e-type=\"widget\" data-widget_type=\"heading.default\">\n\t\t\t\t<div class=\"elementor-widget-container\">\n\t\t\t\t\t<h1 class=\"elementor-heading-title elementor-size-xxl\">Finca La Concepci\u00f3<\/h1>\t\t\t\t<\/div>\n\t\t\t\t<\/div>\n\t\t\t\t\t<\/div>\n\t\t<\/div>\n\t\t\t\t\t<\/div>\n\t\t<\/section>\n\t\t\t\t<section class=\"elementor-section elementor-top-section elementor-element elementor-element-175709a5 elementor-section-boxed elementor-section-height-default elementor-section-height-default\" data-id=\"175709a5\" data-element_type=\"section\" data-e-type=\"section\">\n\t\t\t\t\t\t<div class=\"elementor-container elementor-column-gap-default\">\n\t\t\t\t\t<div class=\"elementor-column elementor-col-100 elementor-top-column elementor-element elementor-element-50f322d4\" data-id=\"50f322d4\" data-element_type=\"column\" data-e-type=\"column\">\n\t\t\t<div class=\"elementor-widget-wrap elementor-element-populated\">\n\t\t\t\t\t\t<div class=\"elementor-element elementor-element-3519f1f7 elementor-widget elementor-widget-google_maps\" data-id=\"3519f1f7\" data-element_type=\"widget\" data-e-type=\"widget\" data-widget_type=\"google_maps.default\">\n\t\t\t\t<div class=\"elementor-widget-container\">\n\t\t\t\t\t\t\t<div class=\"elementor-custom-embed\">\n\t\t\t<iframe loading=\"lazy\"\n\t\t\t\t\tsrc=\"https:\/\/maps.google.com\/maps?q=38.401363%2C%20-0.439844&#038;t=m&#038;z=10&#038;output=embed&#038;iwloc=near\"\n\t\t\t\t\ttitle=\"38.401363, -0.439844\"\n\t\t\t\t\taria-label=\"38.401363, -0.439844\"\n\t\t\t><\/iframe>\n\t\t<\/div>\n\t\t\t\t\t\t<\/div>\n\t\t\t\t<\/div>\n\t\t\t\t\t<\/div>\n\t\t<\/div>\n\t\t\t\t\t<\/div>\n\t\t<\/section>\n\t\t\t\t<section class=\"elementor-section elementor-top-section elementor-element elementor-element-26e47fe6 elementor-section-boxed elementor-section-height-default elementor-section-height-default\" data-id=\"26e47fe6\" data-element_type=\"section\" data-e-type=\"section\">\n\t\t\t\t\t\t<div class=\"elementor-container elementor-column-gap-default\">\n\t\t\t\t\t<div class=\"elementor-column elementor-col-100 elementor-top-column elementor-element elementor-element-37e26484\" data-id=\"37e26484\" data-element_type=\"column\" data-e-type=\"column\">\n\t\t\t<div class=\"elementor-widget-wrap elementor-element-populated\">\n\t\t\t\t\t\t<div class=\"elementor-element elementor-element-d76cfd elementor-widget elementor-widget-text-editor\" data-id=\"d76cfd\" data-element_type=\"widget\" data-e-type=\"widget\" data-widget_type=\"text-editor.default\">\n\t\t\t\t<div class=\"elementor-widget-container\">\n\t\t\t\t\t\t\t\t\t<p align=\"JUSTIFY\">Origin\u00e0riament <a href=\"http:\/\/rua.ua.es\/dspace\/handle\/10045\/66648\">La Concepci\u00f3<\/a> era un habitatge de cultiu. Actualment \u00e9s un edifici de planta quadrada i tres altures, amb usos ben diferenciats. La planta baixa es destinava a la vida social dels senyors, albergant els salons i la cuina; en la planta primera s&#8217;allotjaven els dormitoris i en l&#8217;\u00faltima existia una *cambra, actualment condicionada com a estada dom\u00e8stica. La casa va patir diferents transformacions durant el segle XIX, per\u00edode en qu\u00e8 aquest tipus d&#8217;habitatges solien reformar-se per a compatibilitzar els usos agraris amb els espais representatius propis de la classe noble i la nova burgesia. L&#8217;actual sal\u00f3, conformat per un gran espai, va anar origin\u00e0riament un vest\u00edbul t\u00edpic de les cases tradicionals de l&#8217;Horta. L&#8217;escala es desenvolupa en un espai aut\u00f2nom on destaca un aljub amb brocal.<\/p><p align=\"JUSTIFY\">Com a <a href=\"https:\/\/dialnet.unirioja.es\/servlet\/autor?codigo=98946\">elements ornamentals<\/a> cal esmentar els retancats dels buits verticals, compostos per motlures planes d&#8217;algeps. A nivell constructiu remarcar els paviments hidr\u00e0ulics del segle XIX, situats en la planta baixa, disposats en mosaic amb formes geom\u00e8triques. Tamb\u00e9 les fusteries de la planta superior que probablement daten dels \u00faltims anys del segle XVIII. Les cobertes de dos vessants s\u00f3n de teula corba.<\/p><p align=\"JUSTIFY\">En el seu moment s&#8217;accedia a la finca per una cancel\u00b7la amb machones de pedra ben treballats, en els quals es recolzen les portes de ferro. Actualment, el clos perimetral de la finca ha sigut eliminat, per la qual cosa l&#8217;element d&#8217;entrada ha quedat exempt.Una recent quina coberta amb bruc envolta aquesta edificaci\u00f3, catalogada com a B\u00e9 de Rellev\u00e0ncia Local.<\/p><p align=\"JUSTIFY\">Els jardins es configuren mitjan\u00e7ant una s\u00e8rie de parterres al voltant de les fa\u00e7anes nord, est i oest, amb pins de gran port, palmeres i un eucaliptus centenari. En el l\u00edmit aquest de la finca existeix un ficus de m\u00e9s de 100 anys, incl\u00f2s en el cat\u00e0leg municipal d&#8217;arbres protegits. <a href=\"https:\/\/www.turismosantjoan.es\/?page_id=99996032\">Els jardins de la finca Manzaneta<\/a> tamb\u00e9 formen part del magn\u00edfic parc p\u00fablic, que disposa d&#8217;un ampli p\u00e0rquing i gronxadors infantils.<\/p>\t\t\t\t\t\t\t\t<\/div>\n\t\t\t\t<\/div>\n\t\t\t\t<div class=\"elementor-element elementor-element-8b37a26 elementor-widget elementor-widget-text-editor\" data-id=\"8b37a26\" data-element_type=\"widget\" data-e-type=\"widget\" data-widget_type=\"text-editor.default\">\n\t\t\t\t<div class=\"elementor-widget-container\">\n\t\t\t\t\t\t\t\t\t<p><strong>Sabies que\u2026?<\/strong><\/p>\t\t\t\t\t\t\t\t<\/div>\n\t\t\t\t<\/div>\n\t\t\t\t<div class=\"elementor-element elementor-element-719bdf5 elementor-widget elementor-widget-text-editor\" data-id=\"719bdf5\" data-element_type=\"widget\" data-e-type=\"widget\" data-widget_type=\"text-editor.default\">\n\t\t\t\t<div class=\"elementor-widget-container\">\n\t\t\t\t\t\t\t\t\t<p align=\"JUSTIFY\">La finca Concepci\u00f3n va ser propietat de Sra. Concepci\u00f3n Pascual de Pobil Estell\u00e9s nascuda a Sant Joan en <a href=\"https:\/\/www.turismosantjoan.es\/?page_id=99995405\">la finca Capucho.<\/a> Filla del V Bar\u00f3 de Finestrat, Sr. Jos\u00e9 Mar\u00eda Pascual del *Pobil i Guzm\u00e1n (1777-1864), la seua mare es deia Sra. Esperanza Estell\u00e9s i Cervera. Es va casar en 1855 amb Sr. Juan Gallostra i Frau, Metge Militar, natural de La Garriga, no deixant descend\u00e8ncia.<\/p><p align=\"JUSTIFY\">Durant la Guerra Civil La Concepci\u00f3 es va destinar a Hospital de Sang de l&#8217;Aviaci\u00f3. En l&#8217;actualitat \u00e9s propietat d&#8217;una empresa que t\u00e9 com a objectiu convertir-la en un hostal.<\/p>\t\t\t\t\t\t\t\t<\/div>\n\t\t\t\t<\/div>\n\t\t\t\t\t<\/div>\n\t\t<\/div>\n\t\t\t\t\t<\/div>\n\t\t<\/section>\n\t\t\t\t<section class=\"elementor-section elementor-top-section elementor-element elementor-element-12f5b36f elementor-section-boxed elementor-section-height-default elementor-section-height-default\" data-id=\"12f5b36f\" data-element_type=\"section\" data-e-type=\"section\">\n\t\t\t\t\t\t<div class=\"elementor-container elementor-column-gap-default\">\n\t\t\t\t\t<div class=\"elementor-column elementor-col-100 elementor-top-column elementor-element elementor-element-2354f0f0\" data-id=\"2354f0f0\" data-element_type=\"column\" data-e-type=\"column\">\n\t\t\t<div class=\"elementor-widget-wrap elementor-element-populated\">\n\t\t\t\t\t\t<div class=\"elementor-element elementor-element-45de513e elementor-arrows-position-inside elementor-pagination-position-outside elementor-widget elementor-widget-image-carousel\" data-id=\"45de513e\" data-element_type=\"widget\" data-e-type=\"widget\" data-settings=\"{&quot;slides_to_show&quot;:&quot;1&quot;,&quot;navigation&quot;:&quot;both&quot;,&quot;autoplay&quot;:&quot;yes&quot;,&quot;pause_on_hover&quot;:&quot;yes&quot;,&quot;pause_on_interaction&quot;:&quot;yes&quot;,&quot;autoplay_speed&quot;:5000,&quot;infinite&quot;:&quot;yes&quot;,&quot;effect&quot;:&quot;slide&quot;,&quot;speed&quot;:500}\" data-widget_type=\"image-carousel.default\">\n\t\t\t\t<div class=\"elementor-widget-container\">\n\t\t\t\t\t\t\t<div class=\"elementor-image-carousel-wrapper swiper\" role=\"region\" aria-roledescription=\"carousel\" aria-label=\"Image Carousel\" dir=\"ltr\">\n\t\t\t<div class=\"elementor-image-carousel swiper-wrapper\" aria-live=\"off\">\n\t\t\t\t\t\t\t\t<div class=\"swiper-slide\" role=\"group\" aria-roledescription=\"slide\" aria-label=\"1 of 7\"><figure class=\"swiper-slide-inner\"><img decoding=\"async\" class=\"swiper-slide-image\" src=\"https:\/\/turismosantjoan.es\/wp-content\/uploads\/2023\/07\/finca-la-concepcion-1.jpeg\" alt=\"finca la-concepcion 1\" \/><\/figure><\/div><div class=\"swiper-slide\" role=\"group\" aria-roledescription=\"slide\" aria-label=\"2 of 7\"><figure class=\"swiper-slide-inner\"><img decoding=\"async\" class=\"swiper-slide-image\" src=\"https:\/\/turismosantjoan.es\/wp-content\/uploads\/2023\/07\/finca-la-concepcion-2.jpeg\" alt=\"finca la-concepcion 2\" \/><\/figure><\/div><div class=\"swiper-slide\" role=\"group\" aria-roledescription=\"slide\" aria-label=\"3 of 7\"><figure class=\"swiper-slide-inner\"><img decoding=\"async\" class=\"swiper-slide-image\" src=\"https:\/\/turismosantjoan.es\/wp-content\/uploads\/2023\/07\/finca-la-concepcion-3.jpeg\" alt=\"finca la-concepcion 3\" \/><\/figure><\/div><div class=\"swiper-slide\" role=\"group\" aria-roledescription=\"slide\" aria-label=\"4 of 7\"><figure class=\"swiper-slide-inner\"><img decoding=\"async\" class=\"swiper-slide-image\" src=\"https:\/\/turismosantjoan.es\/wp-content\/uploads\/2023\/07\/finca-la-concepcion-4.jpeg\" alt=\"finca la-concepcion 4\" \/><\/figure><\/div><div class=\"swiper-slide\" role=\"group\" aria-roledescription=\"slide\" aria-label=\"5 of 7\"><figure class=\"swiper-slide-inner\"><img decoding=\"async\" class=\"swiper-slide-image\" src=\"https:\/\/turismosantjoan.es\/wp-content\/uploads\/2023\/07\/finca-la-concepcion-5.jpeg\" alt=\"finca la-concepcion 5\" \/><\/figure><\/div><div class=\"swiper-slide\" role=\"group\" aria-roledescription=\"slide\" aria-label=\"6 of 7\"><figure class=\"swiper-slide-inner\"><img decoding=\"async\" class=\"swiper-slide-image\" src=\"https:\/\/turismosantjoan.es\/wp-content\/uploads\/2023\/07\/finca-la-concepcion-6.jpeg\" alt=\"finca la-concepcion 6\" \/><\/figure><\/div><div class=\"swiper-slide\" role=\"group\" aria-roledescription=\"slide\" aria-label=\"7 of 7\"><figure class=\"swiper-slide-inner\"><img decoding=\"async\" class=\"swiper-slide-image\" src=\"https:\/\/turismosantjoan.es\/wp-content\/uploads\/2023\/07\/finca-la-concepcion-7.jpeg\" alt=\"finca la-concepcion 7\" \/><\/figure><\/div>\t\t\t<\/div>\n\t\t\t\t\t\t\t\t\t\t\t\t<div class=\"elementor-swiper-button elementor-swiper-button-prev\" role=\"button\" tabindex=\"0\">\n\t\t\t\t\t\t<i aria-hidden=\"true\" class=\"eicon-chevron-left\"><\/i>\t\t\t\t\t<\/div>\n\t\t\t\t\t<div class=\"elementor-swiper-button elementor-swiper-button-next\" role=\"button\" tabindex=\"0\">\n\t\t\t\t\t\t<i aria-hidden=\"true\" class=\"eicon-chevron-right\"><\/i>\t\t\t\t\t<\/div>\n\t\t\t\t\n\t\t\t\t\t\t\t\t\t<div class=\"swiper-pagination\"><\/div>\n\t\t\t\t\t\t\t\t\t<\/div>\n\t\t\t\t\t\t<\/div>\n\t\t\t\t<\/div>\n\t\t\t\t\t<\/div>\n\t\t<\/div>\n\t\t\t\t\t<\/div>\n\t\t<\/section>\n\t\t\t\t<\/div>\n\t\t","protected":false},"excerpt":{"rendered":"<p>Finca La Concepci\u00f3 Origin\u00e0riament La Concepci\u00f3 era un habitatge de cultiu. Actualment \u00e9s un edifici de planta quadrada i tres altures, amb usos ben diferenciats. La planta baixa es destinava a la vida social dels senyors, albergant els salons i la cuina; en la planta primera s&#8217;allotjaven els dormitoris i en l&#8217;\u00faltima existia una *cambra, [&hellip;]<\/p>\n","protected":false},"author":1,"featured_media":0,"parent":0,"menu_order":0,"comment_status":"closed","ping_status":"closed","template":"","meta":{"footnotes":""},"class_list":["post-7329","page","type-page","status-publish","hentry"],"_links":{"self":[{"href":"https:\/\/turismosantjoan.es\/ca\/wp-json\/wp\/v2\/pages\/7329","targetHints":{"allow":["GET"]}}],"collection":[{"href":"https:\/\/turismosantjoan.es\/ca\/wp-json\/wp\/v2\/pages"}],"about":[{"href":"https:\/\/turismosantjoan.es\/ca\/wp-json\/wp\/v2\/types\/page"}],"author":[{"embeddable":true,"href":"https:\/\/turismosantjoan.es\/ca\/wp-json\/wp\/v2\/users\/1"}],"replies":[{"embeddable":true,"href":"https:\/\/turismosantjoan.es\/ca\/wp-json\/wp\/v2\/comments?post=7329"}],"version-history":[{"count":0,"href":"https:\/\/turismosantjoan.es\/ca\/wp-json\/wp\/v2\/pages\/7329\/revisions"}],"wp:attachment":[{"href":"https:\/\/turismosantjoan.es\/ca\/wp-json\/wp\/v2\/media?parent=7329"}],"curies":[{"name":"wp","href":"https:\/\/api.w.org\/{rel}","templated":true}]}}