{"id":7337,"date":"2023-07-25T08:01:11","date_gmt":"2023-07-25T08:01:11","guid":{"rendered":"https:\/\/turismo-sj.developersasapglobalsolution.com\/finca-la-provisio-o-candal\/"},"modified":"2023-09-18T14:55:47","modified_gmt":"2023-09-18T14:55:47","slug":"finca-la-provisio-o-candal","status":"publish","type":"page","link":"https:\/\/turismosantjoan.es\/ca\/finca-la-provisio-o-candal\/","title":{"rendered":"Finca La Provisi\u00f3 o Candal"},"content":{"rendered":"\t\t<div data-elementor-type=\"wp-page\" data-elementor-id=\"7337\" class=\"elementor elementor-7337 elementor-3283\" data-elementor-post-type=\"page\">\n\t\t\t\t\t\t<section class=\"elementor-section elementor-top-section elementor-element elementor-element-7c7b4bd elementor-section-boxed elementor-section-height-default elementor-section-height-default\" data-id=\"7c7b4bd\" data-element_type=\"section\" data-e-type=\"section\" data-settings=\"{&quot;shape_divider_top&quot;:&quot;mountains&quot;,&quot;background_background&quot;:&quot;classic&quot;}\">\n\t\t\t\t\t<div class=\"elementor-shape elementor-shape-top\" aria-hidden=\"true\" data-negative=\"false\">\n\t\t\t<svg xmlns=\"http:\/\/www.w3.org\/2000\/svg\" viewBox=\"0 0 1000 100\" preserveAspectRatio=\"none\">\n\t<path class=\"elementor-shape-fill\" opacity=\"0.33\" d=\"M473,67.3c-203.9,88.3-263.1-34-320.3,0C66,119.1,0,59.7,0,59.7V0h1000v59.7 c0,0-62.1,26.1-94.9,29.3c-32.8,3.3-62.8-12.3-75.8-22.1C806,49.6,745.3,8.7,694.9,4.7S492.4,59,473,67.3z\"\/>\n\t<path class=\"elementor-shape-fill\" opacity=\"0.66\" d=\"M734,67.3c-45.5,0-77.2-23.2-129.1-39.1c-28.6-8.7-150.3-10.1-254,39.1 s-91.7-34.4-149.2,0C115.7,118.3,0,39.8,0,39.8V0h1000v36.5c0,0-28.2-18.5-92.1-18.5C810.2,18.1,775.7,67.3,734,67.3z\"\/>\n\t<path class=\"elementor-shape-fill\" d=\"M766.1,28.9c-200-57.5-266,65.5-395.1,19.5C242,1.8,242,5.4,184.8,20.6C128,35.8,132.3,44.9,89.9,52.5C28.6,63.7,0,0,0,0 h1000c0,0-9.9,40.9-83.6,48.1S829.6,47,766.1,28.9z\"\/>\n<\/svg>\t\t<\/div>\n\t\t\t\t\t<div class=\"elementor-container elementor-column-gap-no\">\n\t\t\t\t\t<div class=\"elementor-column elementor-col-100 elementor-top-column elementor-element elementor-element-f80aa2b\" data-id=\"f80aa2b\" data-element_type=\"column\" data-e-type=\"column\">\n\t\t\t<div class=\"elementor-widget-wrap elementor-element-populated\">\n\t\t\t\t\t\t<div class=\"elementor-element elementor-element-48caffc elementor-widget elementor-widget-heading\" data-id=\"48caffc\" data-element_type=\"widget\" data-e-type=\"widget\" data-widget_type=\"heading.default\">\n\t\t\t\t<div class=\"elementor-widget-container\">\n\t\t\t\t\t<h1 class=\"elementor-heading-title elementor-size-xxl\">Finca La Provisi\u00f3 o Candal<\/h1>\t\t\t\t<\/div>\n\t\t\t\t<\/div>\n\t\t\t\t\t<\/div>\n\t\t<\/div>\n\t\t\t\t\t<\/div>\n\t\t<\/section>\n\t\t\t\t<section class=\"elementor-section elementor-top-section elementor-element elementor-element-4a29c5e elementor-section-boxed elementor-section-height-default elementor-section-height-default\" data-id=\"4a29c5e\" data-element_type=\"section\" data-e-type=\"section\">\n\t\t\t\t\t\t<div class=\"elementor-container elementor-column-gap-default\">\n\t\t\t\t\t<div class=\"elementor-column elementor-col-100 elementor-top-column elementor-element elementor-element-a2f9acd\" data-id=\"a2f9acd\" data-element_type=\"column\" data-e-type=\"column\">\n\t\t\t<div class=\"elementor-widget-wrap elementor-element-populated\">\n\t\t\t\t\t\t<div class=\"elementor-element elementor-element-66d9f3e elementor-widget elementor-widget-google_maps\" data-id=\"66d9f3e\" data-element_type=\"widget\" data-e-type=\"widget\" data-widget_type=\"google_maps.default\">\n\t\t\t\t<div class=\"elementor-widget-container\">\n\t\t\t\t\t\t\t<div class=\"elementor-custom-embed\">\n\t\t\t<iframe loading=\"lazy\"\n\t\t\t\t\tsrc=\"https:\/\/maps.google.com\/maps?q=38.387572%2C%20-0.424621&#038;t=m&#038;z=10&#038;output=embed&#038;iwloc=near\"\n\t\t\t\t\ttitle=\"38.387572, -0.424621\"\n\t\t\t\t\taria-label=\"38.387572, -0.424621\"\n\t\t\t><\/iframe>\n\t\t<\/div>\n\t\t\t\t\t\t<\/div>\n\t\t\t\t<\/div>\n\t\t\t\t\t<\/div>\n\t\t<\/div>\n\t\t\t\t\t<\/div>\n\t\t<\/section>\n\t\t\t\t<section class=\"elementor-section elementor-top-section elementor-element elementor-element-f63e819 elementor-section-boxed elementor-section-height-default elementor-section-height-default\" data-id=\"f63e819\" data-element_type=\"section\" data-e-type=\"section\">\n\t\t\t\t\t\t<div class=\"elementor-container elementor-column-gap-default\">\n\t\t\t\t\t<div class=\"elementor-column elementor-col-100 elementor-top-column elementor-element elementor-element-88d9a57\" data-id=\"88d9a57\" data-element_type=\"column\" data-e-type=\"column\">\n\t\t\t<div class=\"elementor-widget-wrap elementor-element-populated\">\n\t\t\t\t\t\t<div class=\"elementor-element elementor-element-adc2164 elementor-widget elementor-widget-text-editor\" data-id=\"adc2164\" data-element_type=\"widget\" data-e-type=\"widget\" data-widget_type=\"text-editor.default\">\n\t\t\t\t<div class=\"elementor-widget-container\">\n\t\t\t\t\t\t\t\t\t<div class=\"wpb_text_column wpb_content_element \"><div class=\"wpb_wrapper\"><p align=\"JUSTIFY\"><a href=\"http:\/\/rua.ua.es\/dspace\/handle\/10045\/66648\">La finca La Provisi\u00f3<\/a> o Candal est\u00e0 situada en la partida de la Condomina, envoltada de carrers que no porten a cap part, trobem aquesta finca del segle XVIII. A l&#8217;origen va ser una casa de cultiu t\u00edpic de l&#8217;Horta alacantina, per\u00f2 posteriorment va passar a convertir-se en un habitatge de car\u00e0cter residencial. Per aix\u00f2 van haver de realitzar-se nombroses reformes, sent l&#8217;\u00faltima en els anys huitanta del segle XX.<\/p><p align=\"JUSTIFY\">La casa es compon d&#8217;una s\u00e8rie de cossos que es van agregant al conjunt, amb diferents altures i cobertes depenent dels usos de cada pe\u00e7a. En la fa\u00e7ana principal destaca l&#8217;arc de mig punt que conforma l&#8217;acc\u00e9s. A l&#8217;oest es troba l&#8217;antic celler i l&#8217;assecador; la primera era una estada de dues naus, i el segon tenia dues altures, la \u201cfa\u00e7ana a ponent de les quals \u00e9s la de majors dimensions formant els seus tancaments en *riu-rau\u201d, com ens va descriure <a href=\"https:\/\/dialnet.unirioja.es\/servlet\/autor?codigo=98946\">l&#8217;arquitecte Santiago Varela<\/a>. De la casa destaquen les fusteries dieciochescas, els paviments hidr\u00e0ulics del vest\u00edbul i de l&#8217;escala, i alguna serralleria de segles passats.<\/p><p align=\"JUSTIFY\">Al sud-aquest i a l&#8217;oest existeix una important pineda que amaguen parcialment la casa. Des de l&#8217;avinguda de Capiscol els protagonistes s\u00f3n els pins, les palmeres, les jacarandas, els xiprers, una garrofera hist\u00f2rica, al costat de buganvillas, baladres i celestines que apunten sobre la vallita blanca de rasillas cer\u00e0miques. Abrigada per buganvillas encara existeix una entrada a la propietat, en la \u201cterra de ning\u00fa\u201d que ha quedat entre els l\u00edmits de la finca i una avinguda de recent creaci\u00f3 anomenada Conrado Albaladejo.<\/p><\/div><\/div>\t\t\t\t\t\t\t\t<\/div>\n\t\t\t\t<\/div>\n\t\t\t\t\t<\/div>\n\t\t<\/div>\n\t\t\t\t\t<\/div>\n\t\t<\/section>\n\t\t\t\t<\/div>\n\t\t","protected":false},"excerpt":{"rendered":"<p>Finca La Provisi\u00f3 o Candal La finca La Provisi\u00f3 o Candal est\u00e0 situada en la partida de la Condomina, envoltada de carrers que no porten a cap part, trobem aquesta finca del segle XVIII. A l&#8217;origen va ser una casa de cultiu t\u00edpic de l&#8217;Horta alacantina, per\u00f2 posteriorment va passar a convertir-se en un habitatge [&hellip;]<\/p>\n","protected":false},"author":1,"featured_media":0,"parent":0,"menu_order":0,"comment_status":"closed","ping_status":"closed","template":"","meta":{"footnotes":""},"class_list":["post-7337","page","type-page","status-publish","hentry"],"_links":{"self":[{"href":"https:\/\/turismosantjoan.es\/ca\/wp-json\/wp\/v2\/pages\/7337","targetHints":{"allow":["GET"]}}],"collection":[{"href":"https:\/\/turismosantjoan.es\/ca\/wp-json\/wp\/v2\/pages"}],"about":[{"href":"https:\/\/turismosantjoan.es\/ca\/wp-json\/wp\/v2\/types\/page"}],"author":[{"embeddable":true,"href":"https:\/\/turismosantjoan.es\/ca\/wp-json\/wp\/v2\/users\/1"}],"replies":[{"embeddable":true,"href":"https:\/\/turismosantjoan.es\/ca\/wp-json\/wp\/v2\/comments?post=7337"}],"version-history":[{"count":0,"href":"https:\/\/turismosantjoan.es\/ca\/wp-json\/wp\/v2\/pages\/7337\/revisions"}],"wp:attachment":[{"href":"https:\/\/turismosantjoan.es\/ca\/wp-json\/wp\/v2\/media?parent=7337"}],"curies":[{"name":"wp","href":"https:\/\/api.w.org\/{rel}","templated":true}]}}