{"id":7341,"date":"2023-07-24T11:24:05","date_gmt":"2023-07-24T11:24:05","guid":{"rendered":"https:\/\/turismo-sj.developersasapglobalsolution.com\/finca-aixo-de-bellon\/"},"modified":"2023-09-18T15:13:41","modified_gmt":"2023-09-18T15:13:41","slug":"finca-aixo-de-bellon","status":"publish","type":"page","link":"https:\/\/turismosantjoan.es\/ca\/finca-aixo-de-bellon\/","title":{"rendered":"Finca Aix\u00f2 de Bell\u00f3n"},"content":{"rendered":"\t\t<div data-elementor-type=\"wp-page\" data-elementor-id=\"7341\" class=\"elementor elementor-7341 elementor-3166\" data-elementor-post-type=\"page\">\n\t\t\t\t\t\t<section class=\"elementor-section elementor-top-section elementor-element elementor-element-8493842 elementor-section-boxed elementor-section-height-default elementor-section-height-default\" data-id=\"8493842\" data-element_type=\"section\" data-e-type=\"section\" data-settings=\"{&quot;shape_divider_top&quot;:&quot;mountains&quot;,&quot;background_background&quot;:&quot;classic&quot;}\">\n\t\t\t\t\t<div class=\"elementor-shape elementor-shape-top\" aria-hidden=\"true\" data-negative=\"false\">\n\t\t\t<svg xmlns=\"http:\/\/www.w3.org\/2000\/svg\" viewBox=\"0 0 1000 100\" preserveAspectRatio=\"none\">\n\t<path class=\"elementor-shape-fill\" opacity=\"0.33\" d=\"M473,67.3c-203.9,88.3-263.1-34-320.3,0C66,119.1,0,59.7,0,59.7V0h1000v59.7 c0,0-62.1,26.1-94.9,29.3c-32.8,3.3-62.8-12.3-75.8-22.1C806,49.6,745.3,8.7,694.9,4.7S492.4,59,473,67.3z\"\/>\n\t<path class=\"elementor-shape-fill\" opacity=\"0.66\" d=\"M734,67.3c-45.5,0-77.2-23.2-129.1-39.1c-28.6-8.7-150.3-10.1-254,39.1 s-91.7-34.4-149.2,0C115.7,118.3,0,39.8,0,39.8V0h1000v36.5c0,0-28.2-18.5-92.1-18.5C810.2,18.1,775.7,67.3,734,67.3z\"\/>\n\t<path class=\"elementor-shape-fill\" d=\"M766.1,28.9c-200-57.5-266,65.5-395.1,19.5C242,1.8,242,5.4,184.8,20.6C128,35.8,132.3,44.9,89.9,52.5C28.6,63.7,0,0,0,0 h1000c0,0-9.9,40.9-83.6,48.1S829.6,47,766.1,28.9z\"\/>\n<\/svg>\t\t<\/div>\n\t\t\t\t\t<div class=\"elementor-container elementor-column-gap-no\">\n\t\t\t\t\t<div class=\"elementor-column elementor-col-100 elementor-top-column elementor-element elementor-element-12f5168\" data-id=\"12f5168\" data-element_type=\"column\" data-e-type=\"column\">\n\t\t\t<div class=\"elementor-widget-wrap elementor-element-populated\">\n\t\t\t\t\t\t<div class=\"elementor-element elementor-element-a1aa2fb elementor-widget elementor-widget-heading\" data-id=\"a1aa2fb\" data-element_type=\"widget\" data-e-type=\"widget\" data-widget_type=\"heading.default\">\n\t\t\t\t<div class=\"elementor-widget-container\">\n\t\t\t\t\t<h1 class=\"elementor-heading-title elementor-size-xxl\">Finca Aix\u00f2 de Bell\u00f3n<\/h1>\t\t\t\t<\/div>\n\t\t\t\t<\/div>\n\t\t\t\t\t<\/div>\n\t\t<\/div>\n\t\t\t\t\t<\/div>\n\t\t<\/section>\n\t\t\t\t<section class=\"elementor-section elementor-top-section elementor-element elementor-element-ec1155f elementor-section-boxed elementor-section-height-default elementor-section-height-default\" data-id=\"ec1155f\" data-element_type=\"section\" data-e-type=\"section\">\n\t\t\t\t\t\t<div class=\"elementor-container elementor-column-gap-default\">\n\t\t\t\t\t<div class=\"elementor-column elementor-col-100 elementor-top-column elementor-element elementor-element-4cba080\" data-id=\"4cba080\" data-element_type=\"column\" data-e-type=\"column\">\n\t\t\t<div class=\"elementor-widget-wrap elementor-element-populated\">\n\t\t\t\t\t\t<div class=\"elementor-element elementor-element-ca160ee elementor-widget elementor-widget-google_maps\" data-id=\"ca160ee\" data-element_type=\"widget\" data-e-type=\"widget\" data-widget_type=\"google_maps.default\">\n\t\t\t\t<div class=\"elementor-widget-container\">\n\t\t\t\t\t\t\t<div class=\"elementor-custom-embed\">\n\t\t\t<iframe loading=\"lazy\"\n\t\t\t\t\tsrc=\"https:\/\/maps.google.com\/maps?q=38.416099%2C%20-0.426694&#038;t=m&#038;z=15&#038;output=embed&#038;iwloc=near\"\n\t\t\t\t\ttitle=\"38.416099, -0.426694\"\n\t\t\t\t\taria-label=\"38.416099, -0.426694\"\n\t\t\t><\/iframe>\n\t\t<\/div>\n\t\t\t\t\t\t<\/div>\n\t\t\t\t<\/div>\n\t\t\t\t\t<\/div>\n\t\t<\/div>\n\t\t\t\t\t<\/div>\n\t\t<\/section>\n\t\t\t\t<section class=\"elementor-section elementor-top-section elementor-element elementor-element-345e700 elementor-section-boxed elementor-section-height-default elementor-section-height-default\" data-id=\"345e700\" data-element_type=\"section\" data-e-type=\"section\">\n\t\t\t\t\t\t<div class=\"elementor-container elementor-column-gap-default\">\n\t\t\t\t\t<div class=\"elementor-column elementor-col-100 elementor-top-column elementor-element elementor-element-796a71b\" data-id=\"796a71b\" data-element_type=\"column\" data-e-type=\"column\">\n\t\t\t<div class=\"elementor-widget-wrap elementor-element-populated\">\n\t\t\t\t\t\t<div class=\"elementor-element elementor-element-d01993b elementor-widget elementor-widget-text-editor\" data-id=\"d01993b\" data-element_type=\"widget\" data-e-type=\"widget\" data-widget_type=\"text-editor.default\">\n\t\t\t\t<div class=\"elementor-widget-container\">\n\t\t\t\t\t\t\t\t\t<div class=\"wpb_text_column wpb_content_element \"><div class=\"wpb_wrapper\"><p align=\"JUSTIFY\">La casa <strong>d&#8217;Aix\u00f2 de Bell\u00f3n de Fora<\/strong> est\u00e0 al costat <a href=\"http:\/\/costacomunicaciones.es\/downloads\/8708\/download\/13953.pdf?cb=1b6492cb2e05eff5038a01614e9b575f\">del cam\u00ed de la Princesa<\/a>. L&#8217;edifici t\u00e9 dues parts constru\u00efdes en \u00e8poques diferents. La de major antiguitat es podria datar en el segle XVIII i la resta seria del segle XX. Les peces principals es troben al costat d&#8217;un pati al nord-oest, i enfront d&#8217;una pineda amb exemplars monumentals al sud-est. La pintura original en ocres vermell\u00f3s i groguenc ha sigut substitu\u00efda pel blanc amb motlures i retancats en ocre.<\/p><p align=\"JUSTIFY\">La casa <strong>Aix\u00f2 de Bell\u00f3n d&#8217;al mig<\/strong> data del segle XIX, \u00e9s una senzilla construcci\u00f3 color salm\u00f3 de dos pisos d&#8217;altura, coberta de dos vessants i pati posterior. Les obertures de la porta i les finestres acusen forta verticalitat. T\u00e9 un balconcito en la planta noble amb serralleria de forja. La fa\u00e7ana principal est\u00e0 abrigada per una arbrada de fals pebre que projecta ombra sobre el conjunt.<\/p><p align=\"JUSTIFY\"><strong>Aix\u00f2 de Bell\u00f3n de Dins<\/strong> \u00e9s una interessant construcci\u00f3 que conserva totes les caracter\u00edstiques de les cases agr\u00edcoles de <a href=\"https:\/\/www.turismosantjoan.es\/?page_id=99994832\">l&#8217;Horta alacantina<\/a>. <a href=\"http:\/\/costacomunicaciones.es\/downloads\/8708\/download\/13953.pdf?cb=1b6492cb2e05eff5038a01614e9b575f\">El conjunt<\/a> est\u00e0 format per un habitatge central de tres plantes que t\u00e9 adossades dues construccions als costats. La planta baixa est\u00e0 ocupada pel vest\u00edbul on destaca el paviment cer\u00e0mic caracteritzat per dos \u201cS\u201d, dibuixades sobre el material encara cru. L&#8217;escala t\u00e9 un ampit realitzat en ferro forjat. En la primera planta se situen les estades nobles disposades en la fa\u00e7ana principal, orientades a llevant i que donen al jard\u00ed. Els dormitoris se situen en els cossos laterals. En <a href=\"https:\/\/dialnet.unirioja.es\/servlet\/autor?codigo=98946\">la fa\u00e7ana principal<\/a> regeix la simetria, adequant a les diferents plantes els diferents buits revoltats en groc sobre fons blanc. Els buits s\u00f3n molt verticals en el pis principal, manifestant diversitat de solucions en les rematades superiors: d&#8217;arc rebaixat en el pis inferior, de llinda en el principal i en els cossos laterals, o de mig punt en la cambra.<\/p><p align=\"JUSTIFY\">Al costat de l&#8217;acc\u00e9s a la finca hi ha una xicoteta capella de planta rectangular. Tamb\u00e9 existeix un pou situat en el vest\u00edbul i enfront de la casa trobem el jard\u00ed, amb arbustos de diferents esp\u00e8cies i una arbreda composta per una garrofera de 250 anys, una buganvilla de 200 anys, un lledoner de quasi 100 anys i una pineda de Pinus halepensis, un Pinus pinea, dos Celtis australis i carias palmeres datileres. Es dona la circumst\u00e0ncia que les tres construccions s&#8217;orienten al sud-est enfront d&#8217;importants masses de vegetaci\u00f3 que conformen el jard\u00ed, projectant ombres sobre la fa\u00e7ana principal.<\/p><p align=\"JUSTIFY\">A principis d&#8217;aquest segle, es va construir el ramal de la via CV-800 que va acabar desvinculant definitivament Aix\u00f2 de Bell\u00f3n de Dins de les seues germanes de Fora i al mig. Si b\u00e9 la construcci\u00f3 d&#8217;aqueixa via ha sigut un important avan\u00e7 per al poble, en alleujar els problemes del tr\u00e0nsit, tamb\u00e9 ha suposat una fragmentaci\u00f3 definitiva de la finca Aix\u00f2 de Bell\u00f3n, consolidant la lenta per\u00f2 continuada desaparici\u00f3 d&#8217;un teixit agrari que no fa tantes d\u00e8cades donava sentit a aquestes construccions.<\/p><\/div><\/div>\t\t\t\t\t\t\t\t<\/div>\n\t\t\t\t<\/div>\n\t\t\t\t\t<\/div>\n\t\t<\/div>\n\t\t\t\t\t<\/div>\n\t\t<\/section>\n\t\t\t\t<\/div>\n\t\t","protected":false},"excerpt":{"rendered":"<p>Finca Aix\u00f2 de Bell\u00f3n La casa d&#8217;Aix\u00f2 de Bell\u00f3n de Fora est\u00e0 al costat del cam\u00ed de la Princesa. L&#8217;edifici t\u00e9 dues parts constru\u00efdes en \u00e8poques diferents. La de major antiguitat es podria datar en el segle XVIII i la resta seria del segle XX. Les peces principals es troben al costat d&#8217;un pati al [&hellip;]<\/p>\n","protected":false},"author":1,"featured_media":0,"parent":0,"menu_order":0,"comment_status":"closed","ping_status":"closed","template":"","meta":{"footnotes":""},"class_list":["post-7341","page","type-page","status-publish","hentry"],"_links":{"self":[{"href":"https:\/\/turismosantjoan.es\/ca\/wp-json\/wp\/v2\/pages\/7341","targetHints":{"allow":["GET"]}}],"collection":[{"href":"https:\/\/turismosantjoan.es\/ca\/wp-json\/wp\/v2\/pages"}],"about":[{"href":"https:\/\/turismosantjoan.es\/ca\/wp-json\/wp\/v2\/types\/page"}],"author":[{"embeddable":true,"href":"https:\/\/turismosantjoan.es\/ca\/wp-json\/wp\/v2\/users\/1"}],"replies":[{"embeddable":true,"href":"https:\/\/turismosantjoan.es\/ca\/wp-json\/wp\/v2\/comments?post=7341"}],"version-history":[{"count":0,"href":"https:\/\/turismosantjoan.es\/ca\/wp-json\/wp\/v2\/pages\/7341\/revisions"}],"wp:attachment":[{"href":"https:\/\/turismosantjoan.es\/ca\/wp-json\/wp\/v2\/media?parent=7341"}],"curies":[{"name":"wp","href":"https:\/\/api.w.org\/{rel}","templated":true}]}}