{"id":7343,"date":"2023-07-25T09:06:52","date_gmt":"2023-07-25T09:06:52","guid":{"rendered":"https:\/\/turismo-sj.developersasapglobalsolution.com\/finca-manzaneta\/"},"modified":"2023-09-18T15:25:00","modified_gmt":"2023-09-18T15:25:00","slug":"finca-manzaneta","status":"publish","type":"page","link":"https:\/\/turismosantjoan.es\/ca\/finca-manzaneta\/","title":{"rendered":"Finca Manzaneta"},"content":{"rendered":"\t\t<div data-elementor-type=\"wp-page\" data-elementor-id=\"7343\" class=\"elementor elementor-7343 elementor-3436\" data-elementor-post-type=\"page\">\n\t\t\t\t\t\t<section class=\"elementor-section elementor-top-section elementor-element elementor-element-db3dc28 elementor-section-boxed elementor-section-height-default elementor-section-height-default\" data-id=\"db3dc28\" data-element_type=\"section\" data-e-type=\"section\" data-settings=\"{&quot;shape_divider_top&quot;:&quot;mountains&quot;,&quot;background_background&quot;:&quot;classic&quot;}\">\n\t\t\t\t\t<div class=\"elementor-shape elementor-shape-top\" aria-hidden=\"true\" data-negative=\"false\">\n\t\t\t<svg xmlns=\"http:\/\/www.w3.org\/2000\/svg\" viewBox=\"0 0 1000 100\" preserveAspectRatio=\"none\">\n\t<path class=\"elementor-shape-fill\" opacity=\"0.33\" d=\"M473,67.3c-203.9,88.3-263.1-34-320.3,0C66,119.1,0,59.7,0,59.7V0h1000v59.7 c0,0-62.1,26.1-94.9,29.3c-32.8,3.3-62.8-12.3-75.8-22.1C806,49.6,745.3,8.7,694.9,4.7S492.4,59,473,67.3z\"\/>\n\t<path class=\"elementor-shape-fill\" opacity=\"0.66\" d=\"M734,67.3c-45.5,0-77.2-23.2-129.1-39.1c-28.6-8.7-150.3-10.1-254,39.1 s-91.7-34.4-149.2,0C115.7,118.3,0,39.8,0,39.8V0h1000v36.5c0,0-28.2-18.5-92.1-18.5C810.2,18.1,775.7,67.3,734,67.3z\"\/>\n\t<path class=\"elementor-shape-fill\" d=\"M766.1,28.9c-200-57.5-266,65.5-395.1,19.5C242,1.8,242,5.4,184.8,20.6C128,35.8,132.3,44.9,89.9,52.5C28.6,63.7,0,0,0,0 h1000c0,0-9.9,40.9-83.6,48.1S829.6,47,766.1,28.9z\"\/>\n<\/svg>\t\t<\/div>\n\t\t\t\t\t<div class=\"elementor-container elementor-column-gap-no\">\n\t\t\t\t\t<div class=\"elementor-column elementor-col-100 elementor-top-column elementor-element elementor-element-3192feef\" data-id=\"3192feef\" data-element_type=\"column\" data-e-type=\"column\">\n\t\t\t<div class=\"elementor-widget-wrap elementor-element-populated\">\n\t\t\t\t\t\t<div class=\"elementor-element elementor-element-7e01cbd1 elementor-widget elementor-widget-heading\" data-id=\"7e01cbd1\" data-element_type=\"widget\" data-e-type=\"widget\" data-widget_type=\"heading.default\">\n\t\t\t\t<div class=\"elementor-widget-container\">\n\t\t\t\t\t<h1 class=\"elementor-heading-title elementor-size-xxl\">Finca Manzaneta<\/h1>\t\t\t\t<\/div>\n\t\t\t\t<\/div>\n\t\t\t\t\t<\/div>\n\t\t<\/div>\n\t\t\t\t\t<\/div>\n\t\t<\/section>\n\t\t\t\t<section class=\"elementor-section elementor-top-section elementor-element elementor-element-1e7330c2 elementor-section-boxed elementor-section-height-default elementor-section-height-default\" data-id=\"1e7330c2\" data-element_type=\"section\" data-e-type=\"section\">\n\t\t\t\t\t\t<div class=\"elementor-container elementor-column-gap-default\">\n\t\t\t\t\t<div class=\"elementor-column elementor-col-100 elementor-top-column elementor-element elementor-element-7915df27\" data-id=\"7915df27\" data-element_type=\"column\" data-e-type=\"column\">\n\t\t\t<div class=\"elementor-widget-wrap elementor-element-populated\">\n\t\t\t\t\t\t<div class=\"elementor-element elementor-element-2b234333 elementor-widget elementor-widget-google_maps\" data-id=\"2b234333\" data-element_type=\"widget\" data-e-type=\"widget\" data-widget_type=\"google_maps.default\">\n\t\t\t\t<div class=\"elementor-widget-container\">\n\t\t\t\t\t\t\t<div class=\"elementor-custom-embed\">\n\t\t\t<iframe loading=\"lazy\"\n\t\t\t\t\tsrc=\"https:\/\/maps.google.com\/maps?q=C.%20Hern%C3%A1n%20Cort%C3%A9s%2C%2049%2C%2003550%20San%20Juan%20de%20Alicante%2C%20Alicante%2C%20Espa%C3%B1a&#038;t=m&#038;z=10&#038;output=embed&#038;iwloc=near\"\n\t\t\t\t\ttitle=\"C. Hern\u00e1n Cort\u00e9s, 49, 03550 San Juan de Alicante, Alicante, Espa\u00f1a\"\n\t\t\t\t\taria-label=\"C. Hern\u00e1n Cort\u00e9s, 49, 03550 San Juan de Alicante, Alicante, Espa\u00f1a\"\n\t\t\t><\/iframe>\n\t\t<\/div>\n\t\t\t\t\t\t<\/div>\n\t\t\t\t<\/div>\n\t\t\t\t\t<\/div>\n\t\t<\/div>\n\t\t\t\t\t<\/div>\n\t\t<\/section>\n\t\t\t\t<section class=\"elementor-section elementor-top-section elementor-element elementor-element-5ec673d6 elementor-section-boxed elementor-section-height-default elementor-section-height-default\" data-id=\"5ec673d6\" data-element_type=\"section\" data-e-type=\"section\">\n\t\t\t\t\t\t<div class=\"elementor-container elementor-column-gap-default\">\n\t\t\t\t\t<div class=\"elementor-column elementor-col-100 elementor-top-column elementor-element elementor-element-682f61d1\" data-id=\"682f61d1\" data-element_type=\"column\" data-e-type=\"column\">\n\t\t\t<div class=\"elementor-widget-wrap elementor-element-populated\">\n\t\t\t\t\t\t<div class=\"elementor-element elementor-element-48e31a09 elementor-widget elementor-widget-text-editor\" data-id=\"48e31a09\" data-element_type=\"widget\" data-e-type=\"widget\" data-widget_type=\"text-editor.default\">\n\t\t\t\t<div class=\"elementor-widget-container\">\n\t\t\t\t\t\t\t\t\t<p align=\"JUSTIFY\"><a href=\"http:\/\/rua.ua.es\/dspace\/handle\/10045\/66648\">El conjunt est\u00e0 compost<\/a> per diverses edificacions exemptes. <a href=\"http:\/\/www.academia.edu\/17595632\/Un_paseo_por_la_arquitectura_residencial_del_siglo_XIX_de_Alicante\">La construcci\u00f3 principal<\/a> alberga l&#8217;habitatge, que s&#8217;assentisca sobre un s\u00f2col. Est\u00e0 formada per un soterrani i dues plantes amb usos ben diferenciats. En la planta baixa es troben les estades destinades als usos socials, mentre que en la segona, trobem les alcoves on es desenvolupa la vida privada. En l&#8217;\u00faltima planta, entre les cintres de l&#8217;estructura que suporta la sostrada, es va habilitar una *cambra. Les cobertes, de teula plana i a quatre aig\u00fces, presenten forta inclinaci\u00f3.<\/p><p align=\"JUSTIFY\">L&#8217;aspecte exterior del casalot t\u00e9 una configuraci\u00f3 molt unit\u00e0ria, amb gran homogene\u00eftat en el treball de les seues fa\u00e7anes. La composici\u00f3 de la casa es desenvolupa a trav\u00e9s d&#8217;un prisma amb coberta a tres aig\u00fces. El volum se subdivideix adossant a les fa\u00e7anes nord, sud i est, sengles cossos a manera de mirador. A m\u00e9s la portada sud presenta un balc\u00f3 corregut.<\/p><p align=\"JUSTIFY\">A m\u00e9s, en la finca destaquen dues construccions menors. D&#8217;una banda podr\u00edem estar davant el que origin\u00e0riament va ser l&#8217;habitatge de l&#8217;amo, habilitada posteriorment com a casa de servei. Aquesta construcci\u00f3 t\u00e9 dues plantes amb paviments i fusteries t\u00edpiques de l&#8217;Horta tradicional, la qual cosa fa suposar un origen m\u00e9s antic. D&#8217;altra banda, trobem una xicoteta capella exempta d&#8217;estil neog\u00f2tic.<\/p><p align=\"JUSTIFY\">En el conjunt s&#8217;aprecia una important iconografia d&#8217;influ\u00e8ncia modernista, tal com mostra el tractament de les cobertes inclinades de teula plana, decorades amb una crester\u00eda t\u00edpica alacantina. Destaquen igualment els tapajunts i cobreixpersianes, els ampits dels balcons, les baranes de ferro colat i els retancats dels buits.<\/p><p align=\"JUSTIFY\"><strong>Sabies que\u2026?<\/strong><\/p><p align=\"JUSTIFY\">La finca Manzaneta va ser propietat de <strong>Sr. Antonio Campos i *Domenech (1809-1887) i la seua esposa Sra. Juana Carrera Bell\u00f3n.<\/strong> El fill de tots dos <strong>Sr. Guillermo<\/strong>, va ser cofundador de la primera societat el\u00e8ctrica alacantina denominada <a href=\"http:\/\/rua.ua.es\/dspace\/handle\/10045\/3528\"><strong>S<\/strong> <strong>ociedad Col\u00b7lectiva Prytz &amp; Campos creada en 1891.<\/strong><\/a> Juntament amb Sr. Hugo Prytz Carter -amo de la <a href=\"https:\/\/www.turismosantjoan.es\/?page_id=99995142\">Casa Prytz<\/a>\u2013 els qui van aportar a parts iguals un capital inicial de 100.000 pessetes. Aquest dispendi mostra el nivell socioecon\u00f2mic que tenien els esmentats apoderats. A partir de 1900, Sr. Guillermo Campos va viure en la finca Manzaneta al costat de la seua esposa <strong>Sra. Clementina Saludes Vasallo<\/strong>, la fam\u00edlia del qual posse\u00efa grans propietats urbanes i finques rurals en el barri dels \u00c0ngels d&#8217;Alacant.<\/p><p align=\"JUSTIFY\"><strong>Sra. Juana Carreras Bell\u00f3n<\/strong> va ser una dona d&#8217;una intensa labor ben\u00e8fica. En 1869, formava part de la Junta de Benefic\u00e8ncia. Des d&#8217;aqueixa instituci\u00f3, va influir per a millorar el funcionament de la Casa Provincial de Maternitat i Exp\u00f2sits d&#8217;Orfes i Desamparados d&#8217;Alacant. En les primeres d\u00e8cades del segle XX, la finca va pert\u00e0nyer a Sr. Guillermo Campos. Durant la Guerra Civil, va ser guarderia de la Fundaci\u00f3 Universit\u00e0ria Escolar (VA SER).<\/p><p align=\"JUSTIFY\">Del <a href=\"https:\/\/dialnet.unirioja.es\/servlet\/autor?codigo=98946\">jard\u00ed original<\/a> nom\u00e9s es conserva una xicoteta part. Est\u00e0 format per un caminador ocult entre estructures de ferro cobertes amb plantes enfiladisses. La resta de zones enjardinades constitueixen actualment un bell parc municipal, articulat per caminadors que conformen els parterres. Destaquen diversos bancs i jardineres cer\u00e0miques. Per\u00f2 sens dubte els elements m\u00e9s interessants del parc s\u00f3n els seus arbres monumentals, com el seu drague, els seus margallons i dos , que tenen m\u00e9s d&#8217;un segle d&#8217;antiguitat.ficus<\/p>\t\t\t\t\t\t\t\t<\/div>\n\t\t\t\t<\/div>\n\t\t\t\t\t<\/div>\n\t\t<\/div>\n\t\t\t\t\t<\/div>\n\t\t<\/section>\n\t\t\t\t<section class=\"elementor-section elementor-top-section elementor-element elementor-element-755a1eaf elementor-section-boxed elementor-section-height-default elementor-section-height-default\" data-id=\"755a1eaf\" data-element_type=\"section\" data-e-type=\"section\">\n\t\t\t\t\t\t<div class=\"elementor-container elementor-column-gap-default\">\n\t\t\t\t\t<div class=\"elementor-column elementor-col-100 elementor-top-column elementor-element elementor-element-35100d2\" data-id=\"35100d2\" data-element_type=\"column\" data-e-type=\"column\">\n\t\t\t<div class=\"elementor-widget-wrap elementor-element-populated\">\n\t\t\t\t\t\t<div class=\"elementor-element elementor-element-53c842e9 elementor-arrows-position-inside elementor-pagination-position-outside elementor-widget elementor-widget-image-carousel\" data-id=\"53c842e9\" data-element_type=\"widget\" data-e-type=\"widget\" data-settings=\"{&quot;slides_to_show&quot;:&quot;1&quot;,&quot;navigation&quot;:&quot;both&quot;,&quot;autoplay&quot;:&quot;yes&quot;,&quot;pause_on_hover&quot;:&quot;yes&quot;,&quot;pause_on_interaction&quot;:&quot;yes&quot;,&quot;autoplay_speed&quot;:5000,&quot;infinite&quot;:&quot;yes&quot;,&quot;effect&quot;:&quot;slide&quot;,&quot;speed&quot;:500}\" data-widget_type=\"image-carousel.default\">\n\t\t\t\t<div class=\"elementor-widget-container\">\n\t\t\t\t\t\t\t<div class=\"elementor-image-carousel-wrapper swiper\" role=\"region\" aria-roledescription=\"carousel\" aria-label=\"Image Carousel\" dir=\"ltr\">\n\t\t\t<div class=\"elementor-image-carousel swiper-wrapper\" aria-live=\"off\">\n\t\t\t\t\t\t\t\t<div class=\"swiper-slide\" role=\"group\" aria-roledescription=\"slide\" aria-label=\"1 of 6\"><figure class=\"swiper-slide-inner\"><img decoding=\"async\" class=\"swiper-slide-image\" src=\"https:\/\/turismosantjoan.es\/wp-content\/uploads\/2023\/07\/finca-manzaneta-1.jpeg\" alt=\"finca-manzaneta 1\" \/><\/figure><\/div><div class=\"swiper-slide\" role=\"group\" aria-roledescription=\"slide\" aria-label=\"2 of 6\"><figure class=\"swiper-slide-inner\"><img decoding=\"async\" class=\"swiper-slide-image\" src=\"https:\/\/turismosantjoan.es\/wp-content\/uploads\/2023\/07\/finca-manzaneta-2.jpeg\" alt=\"finca-manzaneta 2\" \/><\/figure><\/div><div class=\"swiper-slide\" role=\"group\" aria-roledescription=\"slide\" aria-label=\"3 of 6\"><figure class=\"swiper-slide-inner\"><img decoding=\"async\" class=\"swiper-slide-image\" src=\"https:\/\/turismosantjoan.es\/wp-content\/uploads\/2023\/07\/finca-manzaneta-3.jpeg\" alt=\"finca-manzaneta 3\" \/><\/figure><\/div><div class=\"swiper-slide\" role=\"group\" aria-roledescription=\"slide\" aria-label=\"4 of 6\"><figure class=\"swiper-slide-inner\"><img decoding=\"async\" class=\"swiper-slide-image\" src=\"https:\/\/turismosantjoan.es\/wp-content\/uploads\/2023\/07\/finca-manzaneta-4.jpeg\" alt=\"finca-manzaneta 4\" \/><\/figure><\/div><div class=\"swiper-slide\" role=\"group\" aria-roledescription=\"slide\" aria-label=\"5 of 6\"><figure class=\"swiper-slide-inner\"><img decoding=\"async\" class=\"swiper-slide-image\" src=\"https:\/\/turismosantjoan.es\/wp-content\/uploads\/2023\/07\/finca-manzaneta-5.gif\" alt=\"finca-manzaneta 5\" \/><\/figure><\/div><div class=\"swiper-slide\" role=\"group\" aria-roledescription=\"slide\" aria-label=\"6 of 6\"><figure class=\"swiper-slide-inner\"><img decoding=\"async\" class=\"swiper-slide-image\" src=\"https:\/\/turismosantjoan.es\/wp-content\/uploads\/2023\/07\/finca-manzaneta-6.gif\" alt=\"finca-manzaneta 6\" \/><\/figure><\/div>\t\t\t<\/div>\n\t\t\t\t\t\t\t\t\t\t\t\t<div class=\"elementor-swiper-button elementor-swiper-button-prev\" role=\"button\" tabindex=\"0\">\n\t\t\t\t\t\t<i aria-hidden=\"true\" class=\"eicon-chevron-left\"><\/i>\t\t\t\t\t<\/div>\n\t\t\t\t\t<div class=\"elementor-swiper-button elementor-swiper-button-next\" role=\"button\" tabindex=\"0\">\n\t\t\t\t\t\t<i aria-hidden=\"true\" class=\"eicon-chevron-right\"><\/i>\t\t\t\t\t<\/div>\n\t\t\t\t\n\t\t\t\t\t\t\t\t\t<div class=\"swiper-pagination\"><\/div>\n\t\t\t\t\t\t\t\t\t<\/div>\n\t\t\t\t\t\t<\/div>\n\t\t\t\t<\/div>\n\t\t\t\t\t<\/div>\n\t\t<\/div>\n\t\t\t\t\t<\/div>\n\t\t<\/section>\n\t\t\t\t<\/div>\n\t\t","protected":false},"excerpt":{"rendered":"<p>Finca Manzaneta El conjunt est\u00e0 compost per diverses edificacions exemptes. La construcci\u00f3 principal alberga l&#8217;habitatge, que s&#8217;assentisca sobre un s\u00f2col. Est\u00e0 formada per un soterrani i dues plantes amb usos ben diferenciats. En la planta baixa es troben les estades destinades als usos socials, mentre que en la segona, trobem les alcoves on es desenvolupa [&hellip;]<\/p>\n","protected":false},"author":1,"featured_media":0,"parent":0,"menu_order":0,"comment_status":"closed","ping_status":"closed","template":"","meta":{"footnotes":""},"class_list":["post-7343","page","type-page","status-publish","hentry"],"_links":{"self":[{"href":"https:\/\/turismosantjoan.es\/ca\/wp-json\/wp\/v2\/pages\/7343","targetHints":{"allow":["GET"]}}],"collection":[{"href":"https:\/\/turismosantjoan.es\/ca\/wp-json\/wp\/v2\/pages"}],"about":[{"href":"https:\/\/turismosantjoan.es\/ca\/wp-json\/wp\/v2\/types\/page"}],"author":[{"embeddable":true,"href":"https:\/\/turismosantjoan.es\/ca\/wp-json\/wp\/v2\/users\/1"}],"replies":[{"embeddable":true,"href":"https:\/\/turismosantjoan.es\/ca\/wp-json\/wp\/v2\/comments?post=7343"}],"version-history":[{"count":0,"href":"https:\/\/turismosantjoan.es\/ca\/wp-json\/wp\/v2\/pages\/7343\/revisions"}],"wp:attachment":[{"href":"https:\/\/turismosantjoan.es\/ca\/wp-json\/wp\/v2\/media?parent=7343"}],"curies":[{"name":"wp","href":"https:\/\/api.w.org\/{rel}","templated":true}]}}