{"id":7345,"date":"2023-07-25T09:46:37","date_gmt":"2023-07-25T09:46:37","guid":{"rendered":"https:\/\/turismo-sj.developersasapglobalsolution.com\/finca-morote\/"},"modified":"2023-09-18T15:31:53","modified_gmt":"2023-09-18T15:31:53","slug":"finca-morote","status":"publish","type":"page","link":"https:\/\/turismosantjoan.es\/ca\/finca-morote\/","title":{"rendered":"Finca Morote"},"content":{"rendered":"\t\t<div data-elementor-type=\"wp-page\" data-elementor-id=\"7345\" class=\"elementor elementor-7345 elementor-3593\" data-elementor-post-type=\"page\">\n\t\t\t\t\t\t<section class=\"elementor-section elementor-top-section elementor-element elementor-element-7c45d046 elementor-section-boxed elementor-section-height-default elementor-section-height-default\" data-id=\"7c45d046\" data-element_type=\"section\" data-e-type=\"section\" data-settings=\"{&quot;shape_divider_top&quot;:&quot;mountains&quot;,&quot;background_background&quot;:&quot;classic&quot;}\">\n\t\t\t\t\t<div class=\"elementor-shape elementor-shape-top\" aria-hidden=\"true\" data-negative=\"false\">\n\t\t\t<svg xmlns=\"http:\/\/www.w3.org\/2000\/svg\" viewBox=\"0 0 1000 100\" preserveAspectRatio=\"none\">\n\t<path class=\"elementor-shape-fill\" opacity=\"0.33\" d=\"M473,67.3c-203.9,88.3-263.1-34-320.3,0C66,119.1,0,59.7,0,59.7V0h1000v59.7 c0,0-62.1,26.1-94.9,29.3c-32.8,3.3-62.8-12.3-75.8-22.1C806,49.6,745.3,8.7,694.9,4.7S492.4,59,473,67.3z\"\/>\n\t<path class=\"elementor-shape-fill\" opacity=\"0.66\" d=\"M734,67.3c-45.5,0-77.2-23.2-129.1-39.1c-28.6-8.7-150.3-10.1-254,39.1 s-91.7-34.4-149.2,0C115.7,118.3,0,39.8,0,39.8V0h1000v36.5c0,0-28.2-18.5-92.1-18.5C810.2,18.1,775.7,67.3,734,67.3z\"\/>\n\t<path class=\"elementor-shape-fill\" d=\"M766.1,28.9c-200-57.5-266,65.5-395.1,19.5C242,1.8,242,5.4,184.8,20.6C128,35.8,132.3,44.9,89.9,52.5C28.6,63.7,0,0,0,0 h1000c0,0-9.9,40.9-83.6,48.1S829.6,47,766.1,28.9z\"\/>\n<\/svg>\t\t<\/div>\n\t\t\t\t\t<div class=\"elementor-container elementor-column-gap-no\">\n\t\t\t\t\t<div class=\"elementor-column elementor-col-100 elementor-top-column elementor-element elementor-element-332fec6d\" data-id=\"332fec6d\" data-element_type=\"column\" data-e-type=\"column\">\n\t\t\t<div class=\"elementor-widget-wrap elementor-element-populated\">\n\t\t\t\t\t\t<div class=\"elementor-element elementor-element-17b17235 elementor-widget elementor-widget-heading\" data-id=\"17b17235\" data-element_type=\"widget\" data-e-type=\"widget\" data-widget_type=\"heading.default\">\n\t\t\t\t<div class=\"elementor-widget-container\">\n\t\t\t\t\t<h1 class=\"elementor-heading-title elementor-size-xxl\">Finca Morote<\/h1>\t\t\t\t<\/div>\n\t\t\t\t<\/div>\n\t\t\t\t\t<\/div>\n\t\t<\/div>\n\t\t\t\t\t<\/div>\n\t\t<\/section>\n\t\t\t\t<section class=\"elementor-section elementor-top-section elementor-element elementor-element-5ea7e0f8 elementor-section-boxed elementor-section-height-default elementor-section-height-default\" data-id=\"5ea7e0f8\" data-element_type=\"section\" data-e-type=\"section\">\n\t\t\t\t\t\t<div class=\"elementor-container elementor-column-gap-default\">\n\t\t\t\t\t<div class=\"elementor-column elementor-col-100 elementor-top-column elementor-element elementor-element-614477cb\" data-id=\"614477cb\" data-element_type=\"column\" data-e-type=\"column\">\n\t\t\t<div class=\"elementor-widget-wrap elementor-element-populated\">\n\t\t\t\t\t\t<div class=\"elementor-element elementor-element-68d827bd elementor-widget elementor-widget-google_maps\" data-id=\"68d827bd\" data-element_type=\"widget\" data-e-type=\"widget\" data-widget_type=\"google_maps.default\">\n\t\t\t\t<div class=\"elementor-widget-container\">\n\t\t\t\t\t\t\t<div class=\"elementor-custom-embed\">\n\t\t\t<iframe loading=\"lazy\"\n\t\t\t\t\tsrc=\"https:\/\/maps.google.com\/maps?q=Partida%20de%20Orgegia%2C%20s%2Fn%2C%2003015%20Alicante%2C%20Espa%C3%B1a&#038;t=m&#038;z=10&#038;output=embed&#038;iwloc=near\"\n\t\t\t\t\ttitle=\"Partida de Orgegia, s\/n, 03015 Alicante, Espa\u00f1a\"\n\t\t\t\t\taria-label=\"Partida de Orgegia, s\/n, 03015 Alicante, Espa\u00f1a\"\n\t\t\t><\/iframe>\n\t\t<\/div>\n\t\t\t\t\t\t<\/div>\n\t\t\t\t<\/div>\n\t\t\t\t\t<\/div>\n\t\t<\/div>\n\t\t\t\t\t<\/div>\n\t\t<\/section>\n\t\t\t\t<section class=\"elementor-section elementor-top-section elementor-element elementor-element-36739f68 elementor-section-boxed elementor-section-height-default elementor-section-height-default\" data-id=\"36739f68\" data-element_type=\"section\" data-e-type=\"section\">\n\t\t\t\t\t\t<div class=\"elementor-container elementor-column-gap-default\">\n\t\t\t\t\t<div class=\"elementor-column elementor-col-100 elementor-top-column elementor-element elementor-element-475467e5\" data-id=\"475467e5\" data-element_type=\"column\" data-e-type=\"column\">\n\t\t\t<div class=\"elementor-widget-wrap elementor-element-populated\">\n\t\t\t\t\t\t<div class=\"elementor-element elementor-element-7df94c01 elementor-widget elementor-widget-text-editor\" data-id=\"7df94c01\" data-element_type=\"widget\" data-e-type=\"widget\" data-widget_type=\"text-editor.default\">\n\t\t\t\t<div class=\"elementor-widget-container\">\n\t\t\t\t\t\t\t\t\t<p align=\"JUSTIFY\"><a href=\"http:\/\/www.fincamorote.com\/\">La finca Morote<\/a>, \u00e9s una magn\u00edfica pe\u00e7a de l&#8217;arquitectura rural tradicional *ubicable en el tr\u00e0nsit dels segles XVII a XVIII, quan el seu ep\u00f2nim <strong>Sr. Pere Morote<\/strong>, va rebre de mans del Comte de Villafranqueza, el domini \u00fatil de les seues terres i una tanda d&#8217;aigua de la bassa d&#8217;origen isl\u00e0mic de la partida de Orgegia (Alacant) declara B\u00e9 de Rellev\u00e0ncia Local.<\/p><p align=\"JUSTIFY\">La finca Morote, constitueix en si mateixa un valu\u00f3s museu de l&#8217;antiga Horta d&#8217;Alacant. El cultiu que es treballa \u00e9s d&#8217;oliveres centen\u00e0ries, ametlers, cereals, vinyes de diferents varietats que es van recuperar de la zona i el cultiu hortofruct\u00edcola.<\/p><p align=\"JUSTIFY\">La <a href=\"http:\/\/www.alicante.es\/es\/publicaciones\/casas-y-torres-huerta-alicante\">finca Morote<\/a>, a m\u00e9s de les tradicionals depend\u00e8ncies de l&#8217;habitatge, existeix una variada col\u00b7lecci\u00f3 de ferramentes de cultiu i altres estris. Posseeix una moderna alm\u00e0ssera i una altra antiga en \u00fas, amb dos cups per al trepitjat del ra\u00efm i un celler amb botes de gran antiguitat, on es continua elaborant vi a partir de les varietats aut\u00f2ctones de ra\u00efm. Actualment el conjunt de la finca est\u00e0 declarada B\u00e9 de Rellev\u00e0ncia Local.<\/p><p align=\"JUSTIFY\">A principis del segle XX en plena crisi de la producci\u00f3 vit\u00edcola a conseq\u00fc\u00e8ncia de la plaga filoxera, la fam\u00edlia Morote va solucionar aquesta desgr\u00e0cia, salvant les vinyes d&#8217;aquesta finca gr\u00e0cies a l&#8217;adquisici\u00f3 a Castalla (Alacant) de ceps de vinyes h\u00edbrides sobre les quals es van empeltar les varietats aut\u00f2ctones, aconseguint protegir unes 20 varietats. La resta de vinyes de l&#8217;Horta alacantina van sucumbir a la plaga, perdent-se la totalitat de la producci\u00f3 de vi fondill\u00f3n. El curi\u00f3s va ser que en xicotetes vinyes del fondill\u00f3n en sec\u00e0 situades en la partida de la Condomina o en finques del Cap, que tal plaga no els va afectar.<\/p>\t\t\t\t\t\t\t\t<\/div>\n\t\t\t\t<\/div>\n\t\t\t\t<div class=\"elementor-element elementor-element-4af90e5 elementor-widget elementor-widget-text-editor\" data-id=\"4af90e5\" data-element_type=\"widget\" data-e-type=\"widget\" data-widget_type=\"text-editor.default\">\n\t\t\t\t<div class=\"elementor-widget-container\">\n\t\t\t\t\t\t\t\t\t<p><strong>Sabies qu\u00e8\u2026?<\/strong><\/p>\t\t\t\t\t\t\t\t<\/div>\n\t\t\t\t<\/div>\n\t\t\t\t<div class=\"elementor-element elementor-element-96bff3d elementor-widget elementor-widget-text-editor\" data-id=\"96bff3d\" data-element_type=\"widget\" data-e-type=\"widget\" data-widget_type=\"text-editor.default\">\n\t\t\t\t<div class=\"elementor-widget-container\">\n\t\t\t\t\t\t\t\t\t<p align=\"JUSTIFY\">La <a href=\"https:\/\/dialnet.unirioja.es\/servlet\/autor?codigo=98946\">finca Morote<\/a>, oasi de la cultura tradicional en un entorn sotm\u00e9s a fortes pressions desenvolupistes, \u00e9s l&#8217;expressi\u00f3 viva de la forma de vida tradicional que alimentava el sistema de regadiu de l&#8217;Horta alacantina, posant de manifest l&#8217;extraordinari valor d&#8217;aquest centenari sistema, i dels elements culturals a ell vinculats. Ressaltant tamb\u00e9 el seu valor mediambiental i natural.<\/p><p align=\"JUSTIFY\">S\u00f3n conegudes les diferents activitats agr\u00edcoles en el transcurs de trobades culturals i etnol\u00f2giques que desenvolupa els actuals propietaris en col\u00b7laboraci\u00f3 amb la Universitat d&#8217;Alacant; sent la seua base la trilogia mediterr\u00e0nia. La sembra amb arades tirades per cavalleries, la sega a m\u00e0, la trilla del cereal, la verema, la \u00abcalcigada\u00bb o trepitjat del ra\u00efm, l&#8217;elaboraci\u00f3 del vi o la posada en marxa de l&#8217;antiga alm\u00e0ssera (1690) per a l&#8217;obtenci\u00f3 d&#8217;oli tirada per una cavalleria, s\u00f3n activitats que ens retrotraurien a treballs de segles passats.<\/p>\t\t\t\t\t\t\t\t<\/div>\n\t\t\t\t<\/div>\n\t\t\t\t\t<\/div>\n\t\t<\/div>\n\t\t\t\t\t<\/div>\n\t\t<\/section>\n\t\t\t\t<section class=\"elementor-section elementor-top-section elementor-element elementor-element-239465eb elementor-section-boxed elementor-section-height-default elementor-section-height-default\" data-id=\"239465eb\" data-element_type=\"section\" data-e-type=\"section\">\n\t\t\t\t\t\t<div class=\"elementor-container elementor-column-gap-default\">\n\t\t\t\t\t<div class=\"elementor-column elementor-col-100 elementor-top-column elementor-element elementor-element-32bbce3c\" data-id=\"32bbce3c\" data-element_type=\"column\" data-e-type=\"column\">\n\t\t\t<div class=\"elementor-widget-wrap elementor-element-populated\">\n\t\t\t\t\t\t<div class=\"elementor-element elementor-element-77a405bf elementor-arrows-position-inside elementor-pagination-position-outside elementor-widget elementor-widget-image-carousel\" data-id=\"77a405bf\" data-element_type=\"widget\" data-e-type=\"widget\" data-settings=\"{&quot;slides_to_show&quot;:&quot;1&quot;,&quot;navigation&quot;:&quot;both&quot;,&quot;autoplay&quot;:&quot;yes&quot;,&quot;pause_on_hover&quot;:&quot;yes&quot;,&quot;pause_on_interaction&quot;:&quot;yes&quot;,&quot;autoplay_speed&quot;:5000,&quot;infinite&quot;:&quot;yes&quot;,&quot;effect&quot;:&quot;slide&quot;,&quot;speed&quot;:500}\" data-widget_type=\"image-carousel.default\">\n\t\t\t\t<div class=\"elementor-widget-container\">\n\t\t\t\t\t\t\t<div class=\"elementor-image-carousel-wrapper swiper\" role=\"region\" aria-roledescription=\"carousel\" aria-label=\"Image Carousel\" dir=\"ltr\">\n\t\t\t<div class=\"elementor-image-carousel swiper-wrapper\" aria-live=\"off\">\n\t\t\t\t\t\t\t\t<div class=\"swiper-slide\" role=\"group\" aria-roledescription=\"slide\" aria-label=\"1 of 9\"><figure class=\"swiper-slide-inner\"><img decoding=\"async\" class=\"swiper-slide-image\" src=\"https:\/\/turismosantjoan.es\/wp-content\/uploads\/2023\/07\/FINCA-MOROTE-1.gif\" alt=\"FINCA-MOROTE 1\" \/><\/figure><\/div><div class=\"swiper-slide\" role=\"group\" aria-roledescription=\"slide\" aria-label=\"2 of 9\"><figure class=\"swiper-slide-inner\"><img decoding=\"async\" class=\"swiper-slide-image\" src=\"https:\/\/turismosantjoan.es\/wp-content\/uploads\/2023\/07\/FINCA-MOROTE-2.gif\" alt=\"FINCA-MOROTE 2\" \/><\/figure><\/div><div class=\"swiper-slide\" role=\"group\" aria-roledescription=\"slide\" aria-label=\"3 of 9\"><figure class=\"swiper-slide-inner\"><img decoding=\"async\" class=\"swiper-slide-image\" src=\"https:\/\/turismosantjoan.es\/wp-content\/uploads\/2023\/07\/FINCA-MOROTE-3.gif\" alt=\"FINCA-MOROTE 3\" \/><\/figure><\/div><div class=\"swiper-slide\" role=\"group\" aria-roledescription=\"slide\" aria-label=\"4 of 9\"><figure class=\"swiper-slide-inner\"><img decoding=\"async\" class=\"swiper-slide-image\" src=\"https:\/\/turismosantjoan.es\/wp-content\/uploads\/2023\/07\/FINCA-MOROTE-4.jpeg\" alt=\"Digital StillCamera\" \/><\/figure><\/div><div class=\"swiper-slide\" role=\"group\" aria-roledescription=\"slide\" aria-label=\"5 of 9\"><figure class=\"swiper-slide-inner\"><img decoding=\"async\" class=\"swiper-slide-image\" src=\"https:\/\/turismosantjoan.es\/wp-content\/uploads\/2023\/07\/FINCA-MOROTE-5.gif\" alt=\"FINCA-MOROTE 5\" \/><\/figure><\/div><div class=\"swiper-slide\" role=\"group\" aria-roledescription=\"slide\" aria-label=\"6 of 9\"><figure class=\"swiper-slide-inner\"><img decoding=\"async\" class=\"swiper-slide-image\" src=\"https:\/\/turismosantjoan.es\/wp-content\/uploads\/2023\/07\/FINCA-MOROTE-6.gif\" alt=\"FINCA-MOROTE 6\" \/><\/figure><\/div><div class=\"swiper-slide\" role=\"group\" aria-roledescription=\"slide\" aria-label=\"7 of 9\"><figure class=\"swiper-slide-inner\"><img decoding=\"async\" class=\"swiper-slide-image\" src=\"https:\/\/turismosantjoan.es\/wp-content\/uploads\/2023\/07\/FINCA-MOROTE-7.gif\" alt=\"FINCA-MOROTE 7\" \/><\/figure><\/div><div class=\"swiper-slide\" role=\"group\" aria-roledescription=\"slide\" aria-label=\"8 of 9\"><figure class=\"swiper-slide-inner\"><img decoding=\"async\" class=\"swiper-slide-image\" src=\"https:\/\/turismosantjoan.es\/wp-content\/uploads\/2023\/07\/FINCA-MOROTE-8.gif\" alt=\"FINCA-MOROTE 8\" \/><\/figure><\/div><div class=\"swiper-slide\" role=\"group\" aria-roledescription=\"slide\" aria-label=\"9 of 9\"><figure class=\"swiper-slide-inner\"><img decoding=\"async\" class=\"swiper-slide-image\" src=\"https:\/\/turismosantjoan.es\/wp-content\/uploads\/2023\/07\/FINCA-MOROTE-9.gif\" alt=\"FINCA-MOROTE 9\" \/><\/figure><\/div>\t\t\t<\/div>\n\t\t\t\t\t\t\t\t\t\t\t\t<div class=\"elementor-swiper-button elementor-swiper-button-prev\" role=\"button\" tabindex=\"0\">\n\t\t\t\t\t\t<i aria-hidden=\"true\" class=\"eicon-chevron-left\"><\/i>\t\t\t\t\t<\/div>\n\t\t\t\t\t<div class=\"elementor-swiper-button elementor-swiper-button-next\" role=\"button\" tabindex=\"0\">\n\t\t\t\t\t\t<i aria-hidden=\"true\" class=\"eicon-chevron-right\"><\/i>\t\t\t\t\t<\/div>\n\t\t\t\t\n\t\t\t\t\t\t\t\t\t<div class=\"swiper-pagination\"><\/div>\n\t\t\t\t\t\t\t\t\t<\/div>\n\t\t\t\t\t\t<\/div>\n\t\t\t\t<\/div>\n\t\t\t\t\t<\/div>\n\t\t<\/div>\n\t\t\t\t\t<\/div>\n\t\t<\/section>\n\t\t\t\t<\/div>\n\t\t","protected":false},"excerpt":{"rendered":"<p>Finca Morote La finca Morote, \u00e9s una magn\u00edfica pe\u00e7a de l&#8217;arquitectura rural tradicional *ubicable en el tr\u00e0nsit dels segles XVII a XVIII, quan el seu ep\u00f2nim Sr. Pere Morote, va rebre de mans del Comte de Villafranqueza, el domini \u00fatil de les seues terres i una tanda d&#8217;aigua de la bassa d&#8217;origen isl\u00e0mic de la [&hellip;]<\/p>\n","protected":false},"author":1,"featured_media":0,"parent":0,"menu_order":0,"comment_status":"closed","ping_status":"closed","template":"","meta":{"footnotes":""},"class_list":["post-7345","page","type-page","status-publish","hentry"],"_links":{"self":[{"href":"https:\/\/turismosantjoan.es\/ca\/wp-json\/wp\/v2\/pages\/7345","targetHints":{"allow":["GET"]}}],"collection":[{"href":"https:\/\/turismosantjoan.es\/ca\/wp-json\/wp\/v2\/pages"}],"about":[{"href":"https:\/\/turismosantjoan.es\/ca\/wp-json\/wp\/v2\/types\/page"}],"author":[{"embeddable":true,"href":"https:\/\/turismosantjoan.es\/ca\/wp-json\/wp\/v2\/users\/1"}],"replies":[{"embeddable":true,"href":"https:\/\/turismosantjoan.es\/ca\/wp-json\/wp\/v2\/comments?post=7345"}],"version-history":[{"count":0,"href":"https:\/\/turismosantjoan.es\/ca\/wp-json\/wp\/v2\/pages\/7345\/revisions"}],"wp:attachment":[{"href":"https:\/\/turismosantjoan.es\/ca\/wp-json\/wp\/v2\/media?parent=7345"}],"curies":[{"name":"wp","href":"https:\/\/api.w.org\/{rel}","templated":true}]}}