{"id":7347,"date":"2023-07-25T09:00:28","date_gmt":"2023-07-25T09:00:28","guid":{"rendered":"https:\/\/turismo-sj.developersasapglobalsolution.com\/finca-natzaret\/"},"modified":"2023-09-18T15:46:18","modified_gmt":"2023-09-18T15:46:18","slug":"finca-natzaret","status":"publish","type":"page","link":"https:\/\/turismosantjoan.es\/ca\/finca-natzaret\/","title":{"rendered":"Finca Natzaret"},"content":{"rendered":"\t\t<div data-elementor-type=\"wp-page\" data-elementor-id=\"7347\" class=\"elementor elementor-7347 elementor-3425\" data-elementor-post-type=\"page\">\n\t\t\t\t\t\t<section class=\"elementor-section elementor-top-section elementor-element elementor-element-5a190d98 elementor-section-boxed elementor-section-height-default elementor-section-height-default\" data-id=\"5a190d98\" data-element_type=\"section\" data-e-type=\"section\" data-settings=\"{&quot;shape_divider_top&quot;:&quot;mountains&quot;,&quot;background_background&quot;:&quot;classic&quot;}\">\n\t\t\t\t\t<div class=\"elementor-shape elementor-shape-top\" aria-hidden=\"true\" data-negative=\"false\">\n\t\t\t<svg xmlns=\"http:\/\/www.w3.org\/2000\/svg\" viewBox=\"0 0 1000 100\" preserveAspectRatio=\"none\">\n\t<path class=\"elementor-shape-fill\" opacity=\"0.33\" d=\"M473,67.3c-203.9,88.3-263.1-34-320.3,0C66,119.1,0,59.7,0,59.7V0h1000v59.7 c0,0-62.1,26.1-94.9,29.3c-32.8,3.3-62.8-12.3-75.8-22.1C806,49.6,745.3,8.7,694.9,4.7S492.4,59,473,67.3z\"\/>\n\t<path class=\"elementor-shape-fill\" opacity=\"0.66\" d=\"M734,67.3c-45.5,0-77.2-23.2-129.1-39.1c-28.6-8.7-150.3-10.1-254,39.1 s-91.7-34.4-149.2,0C115.7,118.3,0,39.8,0,39.8V0h1000v36.5c0,0-28.2-18.5-92.1-18.5C810.2,18.1,775.7,67.3,734,67.3z\"\/>\n\t<path class=\"elementor-shape-fill\" d=\"M766.1,28.9c-200-57.5-266,65.5-395.1,19.5C242,1.8,242,5.4,184.8,20.6C128,35.8,132.3,44.9,89.9,52.5C28.6,63.7,0,0,0,0 h1000c0,0-9.9,40.9-83.6,48.1S829.6,47,766.1,28.9z\"\/>\n<\/svg>\t\t<\/div>\n\t\t\t\t\t<div class=\"elementor-container elementor-column-gap-no\">\n\t\t\t\t\t<div class=\"elementor-column elementor-col-100 elementor-top-column elementor-element elementor-element-55a05a36\" data-id=\"55a05a36\" data-element_type=\"column\" data-e-type=\"column\">\n\t\t\t<div class=\"elementor-widget-wrap elementor-element-populated\">\n\t\t\t\t\t\t<div class=\"elementor-element elementor-element-60e55d3f elementor-widget elementor-widget-heading\" data-id=\"60e55d3f\" data-element_type=\"widget\" data-e-type=\"widget\" data-widget_type=\"heading.default\">\n\t\t\t\t<div class=\"elementor-widget-container\">\n\t\t\t\t\t<h1 class=\"elementor-heading-title elementor-size-xxl\">Finca Natzaret<\/h1>\t\t\t\t<\/div>\n\t\t\t\t<\/div>\n\t\t\t\t\t<\/div>\n\t\t<\/div>\n\t\t\t\t\t<\/div>\n\t\t<\/section>\n\t\t\t\t<section class=\"elementor-section elementor-top-section elementor-element elementor-element-74b01514 elementor-section-boxed elementor-section-height-default elementor-section-height-default\" data-id=\"74b01514\" data-element_type=\"section\" data-e-type=\"section\">\n\t\t\t\t\t\t<div class=\"elementor-container elementor-column-gap-default\">\n\t\t\t\t\t<div class=\"elementor-column elementor-col-100 elementor-top-column elementor-element elementor-element-7f0acdf9\" data-id=\"7f0acdf9\" data-element_type=\"column\" data-e-type=\"column\">\n\t\t\t<div class=\"elementor-widget-wrap elementor-element-populated\">\n\t\t\t\t\t\t<div class=\"elementor-element elementor-element-1b382df5 elementor-widget elementor-widget-google_maps\" data-id=\"1b382df5\" data-element_type=\"widget\" data-e-type=\"widget\" data-widget_type=\"google_maps.default\">\n\t\t\t\t<div class=\"elementor-widget-container\">\n\t\t\t\t\t\t\t<div class=\"elementor-custom-embed\">\n\t\t\t<iframe loading=\"lazy\"\n\t\t\t\t\tsrc=\"https:\/\/maps.google.com\/maps?q=38.390612%2C%20-0.430349&#038;t=m&#038;z=10&#038;output=embed&#038;iwloc=near\"\n\t\t\t\t\ttitle=\"38.390612, -0.430349\"\n\t\t\t\t\taria-label=\"38.390612, -0.430349\"\n\t\t\t><\/iframe>\n\t\t<\/div>\n\t\t\t\t\t\t<\/div>\n\t\t\t\t<\/div>\n\t\t\t\t\t<\/div>\n\t\t<\/div>\n\t\t\t\t\t<\/div>\n\t\t<\/section>\n\t\t\t\t<section class=\"elementor-section elementor-top-section elementor-element elementor-element-1420317f elementor-section-boxed elementor-section-height-default elementor-section-height-default\" data-id=\"1420317f\" data-element_type=\"section\" data-e-type=\"section\">\n\t\t\t\t\t\t<div class=\"elementor-container elementor-column-gap-default\">\n\t\t\t\t\t<div class=\"elementor-column elementor-col-100 elementor-top-column elementor-element elementor-element-11e887ae\" data-id=\"11e887ae\" data-element_type=\"column\" data-e-type=\"column\">\n\t\t\t<div class=\"elementor-widget-wrap elementor-element-populated\">\n\t\t\t\t\t\t<div class=\"elementor-element elementor-element-684ded83 elementor-widget elementor-widget-text-editor\" data-id=\"684ded83\" data-element_type=\"widget\" data-e-type=\"widget\" data-widget_type=\"text-editor.default\">\n\t\t\t\t<div class=\"elementor-widget-container\">\n\t\t\t\t\t\t\t\t\t<p align=\"JUSTIFY\"><a href=\"http:\/\/rua.ua.es\/dspace\/handle\/10045\/66648\">Finca Natzaret<\/a> s&#8217;albira des d&#8217;un conglomerat de carrers pels quals ning\u00fa transita. La xarxa d&#8217;avingudes sense estrenar se superposa als tra\u00e7os agr\u00edcoles de la partida de Benimagrell, deixant veure les antigues plantacions d&#8217;olivars o les restes del <a href=\"https:\/\/www.turismosantjoan.es\/?page_id=99994527\"><strong>Cam\u00ed Real de la Vila Joiosa<\/strong><\/a>, on es troba l&#8217;entrada a la bella finca. A ella s&#8217;accedeix a trav\u00e9s d&#8217;una portada de cadirat amb un arc, rematat per un entaulament de llinda, sota un pinacle decorat amb volutes de diferents grand\u00e0ries. Una porta de forja verd i enfilades florals serveix de suport a les lletres \u201cNazareth\u201d, juntament amb un cartelito que ens recorda que est\u00e0 prohibit accedir a la propietat.<\/p><p align=\"JUSTIFY\">Malgrat que Natzaret es troba actualment abandonada, durant segles va simbolitzar l&#8217;oligarquia alacantina. Sabem que a mitjan segle XIX la seua propiet\u00e0ria era de <strong>Sra. Agripina Garc\u00eda de Ferr\u00e1ndiz<\/strong>, i al comen\u00e7ament del segle XX era el seu amo <strong>Sr. Juan Rubert Orts<\/strong>, qui va ser regidor de l&#8217;Ajuntament alacant\u00ed. Com a terratinent, va lluitar a m\u00e9s per l&#8217;arribada de les aig\u00fces Regs de Llevant a l&#8217;Horta. En el seu moment, el rector de Benimagrell va agrair a la fam\u00edlia Orts les reparacions realitzades en la ve\u00efna <a href=\"https:\/\/www.turismosantjoan.es\/?page_id=99993394\">ermita de Sant Roque<\/a>.<\/p><p align=\"JUSTIFY\">Les considerables dimensions de la construcci\u00f3 s\u00f3n una bona mostra de la import\u00e0ncia que va tindre la finca. Tamb\u00e9 destaca l&#8217;acc\u00e9s noble de l&#8217;habitatge que estava en el pis superior, i al qual s&#8217;accedia per una bella escala situada en la fa\u00e7ana sud, hui desapareguda. La hisenda estava associada a l&#8217;explotaci\u00f3 agr\u00edcola, per\u00f2 els diversos canvis d&#8217;usos van tindre com a conseq\u00fc\u00e8ncia nombroses reformes realitzades en el segle XVIII i en la segona meitat del segle XIX.<\/p><p align=\"JUSTIFY\">Protagonitza l&#8217;interior un ampli vest\u00edbul de dues crugies comunicades per un arc de mig punt. L&#8217;escala est\u00e0 disposada en aquest espai i el seu desembarcament t\u00e9 continu\u00eftat en una llarga galeria. Com a acabats destaca el paviment format per peces cer\u00e0miques de rajola, disposat en espiga, amb una \u00abdoble aqueix\u00bb gravada en la cara vista. Els ampits de l&#8217;escala es conformen mitjan\u00e7ant barana mixta de fusta i barres de ferro forjat en cuadradillo. La sostrada \u00e9s de llinda, i en el vest\u00edbul trobem un brocal constru\u00eft amb una pe\u00e7a de pedra. Existeix un celler en un semisoterrani adossat a la fa\u00e7ana sud.<\/p><p align=\"JUSTIFY\">Els al\u00e7ats estan revocades en morter. En ells es distingeixen les reformes esmentades, apreciant-se els gustos huitcentistes en els retancats dels buits amb motlures d&#8217;escaiola, encara que els balcons possiblement s\u00f3n del segle XVIII.<\/p><p align=\"JUSTIFY\">El jard\u00ed en molt mal estat se situa enfront de les fa\u00e7anes nord-oest i sud-est, destacant la seua pineda, tamb\u00e9 molt deteriorada. <a href=\"https:\/\/dialnet.unirioja.es\/servlet\/autor?codigo=98946\">L&#8217;arquitecte Sr. Santiago Varela<\/a> comptava en els anys huitanta que existia un grup de quatre bancs corbs disposats al voltant d&#8217;un enorme omb\u00fa. El omb\u00fa \u00e9s un arbre natiu de la Pampa argentina conegut amb el sobre nom de bellasombra. Hui els bancs semblen despullats del seu lloc original, ja que estan com deixats caure al costat del vell arbre. El pati nord-oest compta amb una enorme buganvilla, prop de la casa dels guardes. Aquest casalot de servei encara es troba habitat en l&#8217;actualitat. Crida l&#8217;atenci\u00f3 la pres\u00e8ncia de nombrosos \u00e0lbers blancs enfront de la fa\u00e7ana oest, un arbre de rivera que fa sospitar de la pres\u00e8ncia pr\u00f2xima d&#8217;aig\u00fces subterr\u00e0nies, ja que aparentment gaudeixen de bona salut.<\/p><p align=\"JUSTIFY\"><strong>En algun moment del segle passat, la finca Nazareth es va denominar Vila Dolores.<\/strong> Hui el barri de Nou Nazareth es troba atrapat entre dos mons; un agr\u00edcola que fa ja d\u00e8cades va deixar d&#8217;existir; un altre urb\u00e0 que no acaba d&#8217;arribar. Nom\u00e9s els fantasmes recorren els seus carrers poblats de mobiliari urb\u00e0, senyals de tr\u00e0nsit, fanals, escocells sense arbratge i carreteres d&#8217;asfalt cobertes de matolls. En els camps de Benimagrell ja no es cultiven ni vinyes, ni oliveres ni garroferes. Les seues terres esperen l&#8217;arribada dels nous ve\u00efns.<\/p>\t\t\t\t\t\t\t\t<\/div>\n\t\t\t\t<\/div>\n\t\t\t\t\t<\/div>\n\t\t<\/div>\n\t\t\t\t\t<\/div>\n\t\t<\/section>\n\t\t\t\t<section class=\"elementor-section elementor-top-section elementor-element elementor-element-6d378083 elementor-section-boxed elementor-section-height-default elementor-section-height-default\" data-id=\"6d378083\" data-element_type=\"section\" data-e-type=\"section\">\n\t\t\t\t\t\t<div class=\"elementor-container elementor-column-gap-default\">\n\t\t\t\t\t<div class=\"elementor-column elementor-col-100 elementor-top-column elementor-element elementor-element-1f91d686\" data-id=\"1f91d686\" data-element_type=\"column\" data-e-type=\"column\">\n\t\t\t<div class=\"elementor-widget-wrap elementor-element-populated\">\n\t\t\t\t\t\t<div class=\"elementor-element elementor-element-2954ca42 elementor-arrows-position-inside elementor-pagination-position-outside elementor-widget elementor-widget-image-carousel\" data-id=\"2954ca42\" data-element_type=\"widget\" data-e-type=\"widget\" data-settings=\"{&quot;slides_to_show&quot;:&quot;1&quot;,&quot;navigation&quot;:&quot;both&quot;,&quot;autoplay&quot;:&quot;yes&quot;,&quot;pause_on_hover&quot;:&quot;yes&quot;,&quot;pause_on_interaction&quot;:&quot;yes&quot;,&quot;autoplay_speed&quot;:5000,&quot;infinite&quot;:&quot;yes&quot;,&quot;effect&quot;:&quot;slide&quot;,&quot;speed&quot;:500}\" data-widget_type=\"image-carousel.default\">\n\t\t\t\t<div class=\"elementor-widget-container\">\n\t\t\t\t\t\t\t<div class=\"elementor-image-carousel-wrapper swiper\" role=\"region\" aria-roledescription=\"carousel\" aria-label=\"Image Carousel\" dir=\"ltr\">\n\t\t\t<div class=\"elementor-image-carousel swiper-wrapper\" aria-live=\"off\">\n\t\t\t\t\t\t\t\t<div class=\"swiper-slide\" role=\"group\" aria-roledescription=\"slide\" aria-label=\"1 of 1\"><figure class=\"swiper-slide-inner\"><img decoding=\"async\" class=\"swiper-slide-image\" src=\"https:\/\/turismosantjoan.es\/wp-content\/uploads\/2023\/07\/finca-nazaret.jpg\" alt=\"finca-nazaret\" \/><\/figure><\/div>\t\t\t<\/div>\n\t\t\t\t\t<\/div>\n\t\t\t\t\t\t<\/div>\n\t\t\t\t<\/div>\n\t\t\t\t\t<\/div>\n\t\t<\/div>\n\t\t\t\t\t<\/div>\n\t\t<\/section>\n\t\t\t\t<\/div>\n\t\t","protected":false},"excerpt":{"rendered":"<p>Finca Natzaret Finca Natzaret s&#8217;albira des d&#8217;un conglomerat de carrers pels quals ning\u00fa transita. La xarxa d&#8217;avingudes sense estrenar se superposa als tra\u00e7os agr\u00edcoles de la partida de Benimagrell, deixant veure les antigues plantacions d&#8217;olivars o les restes del Cam\u00ed Real de la Vila Joiosa, on es troba l&#8217;entrada a la bella finca. A ella [&hellip;]<\/p>\n","protected":false},"author":1,"featured_media":0,"parent":0,"menu_order":0,"comment_status":"closed","ping_status":"closed","template":"","meta":{"footnotes":""},"class_list":["post-7347","page","type-page","status-publish","hentry"],"_links":{"self":[{"href":"https:\/\/turismosantjoan.es\/ca\/wp-json\/wp\/v2\/pages\/7347","targetHints":{"allow":["GET"]}}],"collection":[{"href":"https:\/\/turismosantjoan.es\/ca\/wp-json\/wp\/v2\/pages"}],"about":[{"href":"https:\/\/turismosantjoan.es\/ca\/wp-json\/wp\/v2\/types\/page"}],"author":[{"embeddable":true,"href":"https:\/\/turismosantjoan.es\/ca\/wp-json\/wp\/v2\/users\/1"}],"replies":[{"embeddable":true,"href":"https:\/\/turismosantjoan.es\/ca\/wp-json\/wp\/v2\/comments?post=7347"}],"version-history":[{"count":0,"href":"https:\/\/turismosantjoan.es\/ca\/wp-json\/wp\/v2\/pages\/7347\/revisions"}],"wp:attachment":[{"href":"https:\/\/turismosantjoan.es\/ca\/wp-json\/wp\/v2\/media?parent=7347"}],"curies":[{"name":"wp","href":"https:\/\/api.w.org\/{rel}","templated":true}]}}