{"id":7349,"date":"2023-07-24T11:01:42","date_gmt":"2023-07-24T11:01:42","guid":{"rendered":"https:\/\/turismo-sj.developersasapglobalsolution.com\/finca-palmeretes\/"},"modified":"2023-09-18T15:57:44","modified_gmt":"2023-09-18T15:57:44","slug":"finca-palmeretes","status":"publish","type":"page","link":"https:\/\/turismosantjoan.es\/ca\/finca-palmeretes\/","title":{"rendered":"Finca Palmeretes"},"content":{"rendered":"\t\t<div data-elementor-type=\"wp-page\" data-elementor-id=\"7349\" class=\"elementor elementor-7349 elementor-3086\" data-elementor-post-type=\"page\">\n\t\t\t\t\t\t<section class=\"elementor-section elementor-top-section elementor-element elementor-element-ad11638 elementor-section-boxed elementor-section-height-default elementor-section-height-default\" data-id=\"ad11638\" data-element_type=\"section\" data-e-type=\"section\" data-settings=\"{&quot;shape_divider_top&quot;:&quot;mountains&quot;,&quot;background_background&quot;:&quot;classic&quot;}\">\n\t\t\t\t\t<div class=\"elementor-shape elementor-shape-top\" aria-hidden=\"true\" data-negative=\"false\">\n\t\t\t<svg xmlns=\"http:\/\/www.w3.org\/2000\/svg\" viewBox=\"0 0 1000 100\" preserveAspectRatio=\"none\">\n\t<path class=\"elementor-shape-fill\" opacity=\"0.33\" d=\"M473,67.3c-203.9,88.3-263.1-34-320.3,0C66,119.1,0,59.7,0,59.7V0h1000v59.7 c0,0-62.1,26.1-94.9,29.3c-32.8,3.3-62.8-12.3-75.8-22.1C806,49.6,745.3,8.7,694.9,4.7S492.4,59,473,67.3z\"\/>\n\t<path class=\"elementor-shape-fill\" opacity=\"0.66\" d=\"M734,67.3c-45.5,0-77.2-23.2-129.1-39.1c-28.6-8.7-150.3-10.1-254,39.1 s-91.7-34.4-149.2,0C115.7,118.3,0,39.8,0,39.8V0h1000v36.5c0,0-28.2-18.5-92.1-18.5C810.2,18.1,775.7,67.3,734,67.3z\"\/>\n\t<path class=\"elementor-shape-fill\" d=\"M766.1,28.9c-200-57.5-266,65.5-395.1,19.5C242,1.8,242,5.4,184.8,20.6C128,35.8,132.3,44.9,89.9,52.5C28.6,63.7,0,0,0,0 h1000c0,0-9.9,40.9-83.6,48.1S829.6,47,766.1,28.9z\"\/>\n<\/svg>\t\t<\/div>\n\t\t\t\t\t<div class=\"elementor-container elementor-column-gap-no\">\n\t\t\t\t\t<div class=\"elementor-column elementor-col-100 elementor-top-column elementor-element elementor-element-ee03056\" data-id=\"ee03056\" data-element_type=\"column\" data-e-type=\"column\">\n\t\t\t<div class=\"elementor-widget-wrap elementor-element-populated\">\n\t\t\t\t\t\t<div class=\"elementor-element elementor-element-db0f042 elementor-widget elementor-widget-heading\" data-id=\"db0f042\" data-element_type=\"widget\" data-e-type=\"widget\" data-widget_type=\"heading.default\">\n\t\t\t\t<div class=\"elementor-widget-container\">\n\t\t\t\t\t<h1 class=\"elementor-heading-title elementor-size-xxl\">Finca Palmeretes<\/h1>\t\t\t\t<\/div>\n\t\t\t\t<\/div>\n\t\t\t\t\t<\/div>\n\t\t<\/div>\n\t\t\t\t\t<\/div>\n\t\t<\/section>\n\t\t\t\t<section class=\"elementor-section elementor-top-section elementor-element elementor-element-27657e1 elementor-section-boxed elementor-section-height-default elementor-section-height-default\" data-id=\"27657e1\" data-element_type=\"section\" data-e-type=\"section\">\n\t\t\t\t\t\t<div class=\"elementor-container elementor-column-gap-default\">\n\t\t\t\t\t<div class=\"elementor-column elementor-col-100 elementor-top-column elementor-element elementor-element-c591b78\" data-id=\"c591b78\" data-element_type=\"column\" data-e-type=\"column\">\n\t\t\t<div class=\"elementor-widget-wrap elementor-element-populated\">\n\t\t\t\t\t\t<div class=\"elementor-element elementor-element-a38fc02 elementor-widget elementor-widget-google_maps\" data-id=\"a38fc02\" data-element_type=\"widget\" data-e-type=\"widget\" data-widget_type=\"google_maps.default\">\n\t\t\t\t<div class=\"elementor-widget-container\">\n\t\t\t\t\t\t\t<div class=\"elementor-custom-embed\">\n\t\t\t<iframe loading=\"lazy\"\n\t\t\t\t\tsrc=\"https:\/\/maps.google.com\/maps?q=%2038.404996%2C%20-0.428878&#038;t=m&#038;z=15&#038;output=embed&#038;iwloc=near\"\n\t\t\t\t\ttitle=\" 38.404996, -0.428878\"\n\t\t\t\t\taria-label=\" 38.404996, -0.428878\"\n\t\t\t><\/iframe>\n\t\t<\/div>\n\t\t\t\t\t\t<\/div>\n\t\t\t\t<\/div>\n\t\t\t\t\t<\/div>\n\t\t<\/div>\n\t\t\t\t\t<\/div>\n\t\t<\/section>\n\t\t\t\t<section class=\"elementor-section elementor-top-section elementor-element elementor-element-2ee1065 elementor-section-boxed elementor-section-height-default elementor-section-height-default\" data-id=\"2ee1065\" data-element_type=\"section\" data-e-type=\"section\">\n\t\t\t\t\t\t<div class=\"elementor-container elementor-column-gap-default\">\n\t\t\t\t\t<div class=\"elementor-column elementor-col-100 elementor-top-column elementor-element elementor-element-8b25d0d\" data-id=\"8b25d0d\" data-element_type=\"column\" data-e-type=\"column\">\n\t\t\t<div class=\"elementor-widget-wrap elementor-element-populated\">\n\t\t\t\t\t\t<div class=\"elementor-element elementor-element-63c930a elementor-widget elementor-widget-text-editor\" data-id=\"63c930a\" data-element_type=\"widget\" data-e-type=\"widget\" data-widget_type=\"text-editor.default\">\n\t\t\t\t<div class=\"elementor-widget-container\">\n\t\t\t\t\t\t\t\t\t<p align=\"JUSTIFY\">La <a href=\"http:\/\/rua.ua.es\/dspace\/handle\/10045\/66648\">finca Palmeretes <\/a>de planta quadrangular compta amb cos en forma de torre i una terrassa correguda al sud-est. La planta baixa adquireix forta personalitat gr\u00e0cies al seu porxo, erigit sobre esveltes columnetes de ferro colat que es prolonguen per a conformar els ampits de la terrassa. Les seues cobertes inclinades, amb crester\u00eda cer\u00e0mica, disposen de grans alers recolzats sobre fines m\u00e8nsules o canecillos de fusta. Els buits dels obertures i els l\u00ednies dels forjats \u00e9s matisen amb motius cer\u00e0mics. La fusteria compta amb delicades persianes de llibret, i quan la gelosia de fusta est\u00e0 desplegada, es projecten ombres espectaculars sobre la fa\u00e7ana. Tots aquests elements atorguen al conjunt arquitect\u00f2nic un sofisticat dinamisme visual.<\/p><p align=\"JUSTIFY\">L&#8217;habitatge disposa de dues plantes, una golfa d&#8217;escassa altura i un semisoterrani. Origin\u00e0riament l&#8217;habitatge no comptava amb banys ni cuina. Els aliments s&#8217;elaboraven en una edificaci\u00f3 contigua, tamb\u00e9 molt atractiva per\u00f2 de caracter\u00edstiques formals diferents a les de la resid\u00e8ncia. La posterior instal\u00b7laci\u00f3 dels quarts de banys va implicar una reestructuraci\u00f3 de l&#8217;edificaci\u00f3. Si anteriorment l&#8217;escala es vinculava al sal\u00f3 principal, aquesta va haver d&#8217;independitzar-se de les estades per a poder acollir els serveis higi\u00e8nics, una estan\u00e7a indispensable per als est\u00e0ndards del segle XX.<\/p><p align=\"JUSTIFY\">El conjunt es completa amb el que van ser bells jardins amb escultures, pinacles i arbratge monumental. <a href=\"https:\/\/dialnet.unirioja.es\/servlet\/autor?codigo=98946\">L&#8217;arquitecte Santiago Varela<\/a> va realitzar en la d\u00e8cada dels 80 la seg\u00fcent descripci\u00f3 dels seus jardins: \u201c[\u2026] redu\u00eft espai voltat amb tanques de canya, de forma quadrangular, solcat per multitud de passejos asim\u00e8trics, que desemboquen en racons amb escultures de ciment, entre els passejos es disposen parterres vorejats de tanques de aligustres, i plantats de vivaces, com el rigor\u00f3s heliotropo, herbes luisas, geranis, bruscos, i un sense fi d&#8217;arbustos. Entre el seu arbratge dominen la palmera datilera, les washingtonias, destacant un drague canari de gran grand\u00e0ria, un gegantesc ficus afectat per les sequera i una sequoya, entre altres, a m\u00e9s dels dos pins pinyers que ombregen la portada d&#8217;acc\u00e9s, diverses jacarandas, i una pineda de redu\u00efdes dimensions, en un lateral de la casa, a l&#8217;altre costat del cam\u00ed del Tenderel, ajunte l&#8217;esmentat conjunt, i enfront del seu acc\u00e9s principal, es troba <a href=\"http:\/\/www.manuserran.com\/index.php?option=com_content&amp;view=article&amp;id=724:ermita-de-les-palmeretes&amp;catid=257&amp;Itemid=465\">l&#8217;ermita de la finca<\/a>, envoltada per un aut\u00e8ntic palmerar de redu\u00efdes dimensions, i formant un conjunt bastant pintoresc [\u2026]\u201d.<\/p><p align=\"JUSTIFY\">En els \u00faltims anys <a href=\"http:\/\/www.alicantevivo.org\/2015\/10\/alicante-vivo-en-alacanti-tv-59-la.html\">el conjunt ha patit nombrosos saquejos i incendis<\/a>, juntament amb el robatori i destrossa de les escultures del jard\u00ed. La majoria de les portes i de les finestres han sigut for\u00e7ades, la llibreria desvalisada i alguns llibres han sigut cremats. La barana de la terrassa i escales ha desaparegut. El primer pis tamb\u00e9 va ser pastura de les flames. La finca, de titularitat privada, es troba a l&#8217;espera d&#8217;una actuaci\u00f3 integral que restaure la casa, l&#8217;ermita i els seus jardins.<\/p>\t\t\t\t\t\t\t\t<\/div>\n\t\t\t\t<\/div>\n\t\t\t\t\t<\/div>\n\t\t<\/div>\n\t\t\t\t\t<\/div>\n\t\t<\/section>\n\t\t\t\t<section class=\"elementor-section elementor-top-section elementor-element elementor-element-de65885 elementor-section-boxed elementor-section-height-default elementor-section-height-default\" data-id=\"de65885\" data-element_type=\"section\" data-e-type=\"section\">\n\t\t\t\t\t\t<div class=\"elementor-container elementor-column-gap-default\">\n\t\t\t\t\t<div class=\"elementor-column elementor-col-100 elementor-top-column elementor-element elementor-element-1b38128\" data-id=\"1b38128\" data-element_type=\"column\" data-e-type=\"column\">\n\t\t\t<div class=\"elementor-widget-wrap elementor-element-populated\">\n\t\t\t\t\t\t<div class=\"elementor-element elementor-element-5699451 elementor-arrows-position-inside elementor-pagination-position-outside elementor-widget elementor-widget-image-carousel\" data-id=\"5699451\" data-element_type=\"widget\" data-e-type=\"widget\" data-settings=\"{&quot;slides_to_show&quot;:&quot;1&quot;,&quot;navigation&quot;:&quot;both&quot;,&quot;autoplay&quot;:&quot;yes&quot;,&quot;pause_on_hover&quot;:&quot;yes&quot;,&quot;pause_on_interaction&quot;:&quot;yes&quot;,&quot;autoplay_speed&quot;:5000,&quot;infinite&quot;:&quot;yes&quot;,&quot;effect&quot;:&quot;slide&quot;,&quot;speed&quot;:500}\" data-widget_type=\"image-carousel.default\">\n\t\t\t\t<div class=\"elementor-widget-container\">\n\t\t\t\t\t\t\t<div class=\"elementor-image-carousel-wrapper swiper\" role=\"region\" aria-roledescription=\"carousel\" aria-label=\"Image Carousel\" dir=\"ltr\">\n\t\t\t<div class=\"elementor-image-carousel swiper-wrapper\" aria-live=\"off\">\n\t\t\t\t\t\t\t\t<div class=\"swiper-slide\" role=\"group\" aria-roledescription=\"slide\" aria-label=\"1 of 3\"><figure class=\"swiper-slide-inner\"><img decoding=\"async\" class=\"swiper-slide-image\" src=\"https:\/\/turismosantjoan.es\/wp-content\/uploads\/2023\/07\/villa-palmeretes-1.gif\" alt=\"villa palmeretes 1\" \/><\/figure><\/div><div class=\"swiper-slide\" role=\"group\" aria-roledescription=\"slide\" aria-label=\"2 of 3\"><figure class=\"swiper-slide-inner\"><img decoding=\"async\" class=\"swiper-slide-image\" src=\"https:\/\/turismosantjoan.es\/wp-content\/uploads\/2023\/07\/villa-palmeretes-2.jpeg\" alt=\"villa palmeretes 2\" \/><\/figure><\/div><div class=\"swiper-slide\" role=\"group\" aria-roledescription=\"slide\" aria-label=\"3 of 3\"><figure class=\"swiper-slide-inner\"><img decoding=\"async\" class=\"swiper-slide-image\" src=\"https:\/\/turismosantjoan.es\/wp-content\/uploads\/2023\/07\/villa-palmeretes-3.gif\" alt=\"villa palmeretes 3\" \/><\/figure><\/div>\t\t\t<\/div>\n\t\t\t\t\t\t\t\t\t\t\t\t<div class=\"elementor-swiper-button elementor-swiper-button-prev\" role=\"button\" tabindex=\"0\">\n\t\t\t\t\t\t<i aria-hidden=\"true\" class=\"eicon-chevron-left\"><\/i>\t\t\t\t\t<\/div>\n\t\t\t\t\t<div class=\"elementor-swiper-button elementor-swiper-button-next\" role=\"button\" tabindex=\"0\">\n\t\t\t\t\t\t<i aria-hidden=\"true\" class=\"eicon-chevron-right\"><\/i>\t\t\t\t\t<\/div>\n\t\t\t\t\n\t\t\t\t\t\t\t\t\t<div class=\"swiper-pagination\"><\/div>\n\t\t\t\t\t\t\t\t\t<\/div>\n\t\t\t\t\t\t<\/div>\n\t\t\t\t<\/div>\n\t\t\t\t\t<\/div>\n\t\t<\/div>\n\t\t\t\t\t<\/div>\n\t\t<\/section>\n\t\t\t\t<section class=\"elementor-section elementor-top-section elementor-element elementor-element-15e91b3 elementor-section-boxed elementor-section-height-default elementor-section-height-default\" data-id=\"15e91b3\" data-element_type=\"section\" data-e-type=\"section\">\n\t\t\t\t\t\t<div class=\"elementor-container elementor-column-gap-default\">\n\t\t\t\t\t<div class=\"elementor-column elementor-col-100 elementor-top-column elementor-element elementor-element-6042286\" data-id=\"6042286\" data-element_type=\"column\" data-e-type=\"column\">\n\t\t\t<div class=\"elementor-widget-wrap elementor-element-populated\">\n\t\t\t\t\t\t<div class=\"elementor-element elementor-element-e920a6a elementor-widget elementor-widget-heading\" data-id=\"e920a6a\" data-element_type=\"widget\" data-e-type=\"widget\" data-widget_type=\"heading.default\">\n\t\t\t\t<div class=\"elementor-widget-container\">\n\t\t\t\t\t<h2 class=\"elementor-heading-title elementor-size-default\">Sabies que\u2026?<\/h2>\t\t\t\t<\/div>\n\t\t\t\t<\/div>\n\t\t\t\t<div class=\"elementor-element elementor-element-1497989 elementor-widget elementor-widget-text-editor\" data-id=\"1497989\" data-element_type=\"widget\" data-e-type=\"widget\" data-widget_type=\"text-editor.default\">\n\t\t\t\t<div class=\"elementor-widget-container\">\n\t\t\t\t\t\t\t\t\t<p align=\"JUSTIFY\">Enfront de l&#8217;arc d&#8217;entrada a la finca, existeix una porta situada entre machones de pedra amb rematades de formes ecl\u00e8ctiques t\u00edpicament huitcentistes. Enfront d&#8217;ella, travessant el cam\u00ed, es troba la capella d&#8217;estil ecl\u00e8ctic i influ\u00e8ncia francesa. Va ser bene\u00efda en 1861 i est\u00e0 dedicada a la <strong>Verge dels Dolores<\/strong>. Origin\u00e0riament era un edifici exempt de planta quadrada, per\u00f2 una ampliaci\u00f3 posterior, va acabar conferint una terminaci\u00f3 rectangular. La coberta de l\u00e0mines de zinc en forma d&#8217;escates \u00e9s una volta tamb\u00e9 d&#8217;estil afrancesat amb una llanterna central circular.<\/p><p align=\"JUSTIFY\">Al comen\u00e7ament del segle passat el propietari era <strong>Sr. Alfredo Salvetti<\/strong>. La seua \u00faltima ocupant va ser <a href=\"http:\/\/www.manuserran.com\/index.php?option=com_content&amp;view=article&amp;id=724:ermita-de-les-palmeretes&amp;catid=257&amp;Itemid=465\"><strong>Sra. Ana Ballenilla Fajardo<\/strong><\/a>. Cada 15 de setembre Sra. Ana obria les portes de la seua ermita perqu\u00e8 la Comissi\u00f3 de Festes i els habitants del poble celebraren una missa oferida per Sr. Federico Sala, en honor a la Verge dels Dolores.<\/p>\t\t\t\t\t\t\t\t<\/div>\n\t\t\t\t<\/div>\n\t\t\t\t\t<\/div>\n\t\t<\/div>\n\t\t\t\t\t<\/div>\n\t\t<\/section>\n\t\t\t\t<\/div>\n\t\t","protected":false},"excerpt":{"rendered":"<p>Finca Palmeretes La finca Palmeretes de planta quadrangular compta amb cos en forma de torre i una terrassa correguda al sud-est. La planta baixa adquireix forta personalitat gr\u00e0cies al seu porxo, erigit sobre esveltes columnetes de ferro colat que es prolonguen per a conformar els ampits de la terrassa. Les seues cobertes inclinades, amb crester\u00eda [&hellip;]<\/p>\n","protected":false},"author":1,"featured_media":0,"parent":0,"menu_order":0,"comment_status":"closed","ping_status":"closed","template":"","meta":{"footnotes":""},"class_list":["post-7349","page","type-page","status-publish","hentry"],"_links":{"self":[{"href":"https:\/\/turismosantjoan.es\/ca\/wp-json\/wp\/v2\/pages\/7349","targetHints":{"allow":["GET"]}}],"collection":[{"href":"https:\/\/turismosantjoan.es\/ca\/wp-json\/wp\/v2\/pages"}],"about":[{"href":"https:\/\/turismosantjoan.es\/ca\/wp-json\/wp\/v2\/types\/page"}],"author":[{"embeddable":true,"href":"https:\/\/turismosantjoan.es\/ca\/wp-json\/wp\/v2\/users\/1"}],"replies":[{"embeddable":true,"href":"https:\/\/turismosantjoan.es\/ca\/wp-json\/wp\/v2\/comments?post=7349"}],"version-history":[{"count":0,"href":"https:\/\/turismosantjoan.es\/ca\/wp-json\/wp\/v2\/pages\/7349\/revisions"}],"wp:attachment":[{"href":"https:\/\/turismosantjoan.es\/ca\/wp-json\/wp\/v2\/media?parent=7349"}],"curies":[{"name":"wp","href":"https:\/\/api.w.org\/{rel}","templated":true}]}}