{"id":7353,"date":"2023-07-24T11:35:19","date_gmt":"2023-07-24T11:35:19","guid":{"rendered":"https:\/\/turismo-sj.developersasapglobalsolution.com\/finca-sant-eduardo-o-lampa\/"},"modified":"2023-09-18T16:06:28","modified_gmt":"2023-09-18T16:06:28","slug":"finca-sant-eduardo-o-lampa","status":"publish","type":"page","link":"https:\/\/turismosantjoan.es\/ca\/finca-sant-eduardo-o-lampa\/","title":{"rendered":"Finca Sant Eduardo o Lampa"},"content":{"rendered":"\t\t<div data-elementor-type=\"wp-page\" data-elementor-id=\"7353\" class=\"elementor elementor-7353 elementor-3181\" data-elementor-post-type=\"page\">\n\t\t\t\t\t\t<section class=\"elementor-section elementor-top-section elementor-element elementor-element-eeadea7 elementor-section-boxed elementor-section-height-default elementor-section-height-default\" data-id=\"eeadea7\" data-element_type=\"section\" data-e-type=\"section\" data-settings=\"{&quot;shape_divider_top&quot;:&quot;mountains&quot;,&quot;background_background&quot;:&quot;classic&quot;}\">\n\t\t\t\t\t<div class=\"elementor-shape elementor-shape-top\" aria-hidden=\"true\" data-negative=\"false\">\n\t\t\t<svg xmlns=\"http:\/\/www.w3.org\/2000\/svg\" viewBox=\"0 0 1000 100\" preserveAspectRatio=\"none\">\n\t<path class=\"elementor-shape-fill\" opacity=\"0.33\" d=\"M473,67.3c-203.9,88.3-263.1-34-320.3,0C66,119.1,0,59.7,0,59.7V0h1000v59.7 c0,0-62.1,26.1-94.9,29.3c-32.8,3.3-62.8-12.3-75.8-22.1C806,49.6,745.3,8.7,694.9,4.7S492.4,59,473,67.3z\"\/>\n\t<path class=\"elementor-shape-fill\" opacity=\"0.66\" d=\"M734,67.3c-45.5,0-77.2-23.2-129.1-39.1c-28.6-8.7-150.3-10.1-254,39.1 s-91.7-34.4-149.2,0C115.7,118.3,0,39.8,0,39.8V0h1000v36.5c0,0-28.2-18.5-92.1-18.5C810.2,18.1,775.7,67.3,734,67.3z\"\/>\n\t<path class=\"elementor-shape-fill\" d=\"M766.1,28.9c-200-57.5-266,65.5-395.1,19.5C242,1.8,242,5.4,184.8,20.6C128,35.8,132.3,44.9,89.9,52.5C28.6,63.7,0,0,0,0 h1000c0,0-9.9,40.9-83.6,48.1S829.6,47,766.1,28.9z\"\/>\n<\/svg>\t\t<\/div>\n\t\t\t\t\t<div class=\"elementor-container elementor-column-gap-no\">\n\t\t\t\t\t<div class=\"elementor-column elementor-col-100 elementor-top-column elementor-element elementor-element-dbb39b6\" data-id=\"dbb39b6\" data-element_type=\"column\" data-e-type=\"column\">\n\t\t\t<div class=\"elementor-widget-wrap elementor-element-populated\">\n\t\t\t\t\t\t<div class=\"elementor-element elementor-element-2f8cf63 elementor-widget elementor-widget-heading\" data-id=\"2f8cf63\" data-element_type=\"widget\" data-e-type=\"widget\" data-widget_type=\"heading.default\">\n\t\t\t\t<div class=\"elementor-widget-container\">\n\t\t\t\t\t<h1 class=\"elementor-heading-title elementor-size-xxl\">Finca Sant Eduardo o Lampa<\/h1>\t\t\t\t<\/div>\n\t\t\t\t<\/div>\n\t\t\t\t\t<\/div>\n\t\t<\/div>\n\t\t\t\t\t<\/div>\n\t\t<\/section>\n\t\t\t\t<section class=\"elementor-section elementor-top-section elementor-element elementor-element-656e769 elementor-section-boxed elementor-section-height-default elementor-section-height-default\" data-id=\"656e769\" data-element_type=\"section\" data-e-type=\"section\">\n\t\t\t\t\t\t<div class=\"elementor-container elementor-column-gap-default\">\n\t\t\t\t\t<div class=\"elementor-column elementor-col-100 elementor-top-column elementor-element elementor-element-45ad05a\" data-id=\"45ad05a\" data-element_type=\"column\" data-e-type=\"column\">\n\t\t\t<div class=\"elementor-widget-wrap elementor-element-populated\">\n\t\t\t\t\t\t<div class=\"elementor-element elementor-element-b9fa57e elementor-widget elementor-widget-google_maps\" data-id=\"b9fa57e\" data-element_type=\"widget\" data-e-type=\"widget\" data-widget_type=\"google_maps.default\">\n\t\t\t\t<div class=\"elementor-widget-container\">\n\t\t\t\t\t\t\t<div class=\"elementor-custom-embed\">\n\t\t\t<iframe loading=\"lazy\"\n\t\t\t\t\tsrc=\"https:\/\/maps.google.com\/maps?q=%2038.404901%2C%20-0.428157&#038;t=m&#038;z=15&#038;output=embed&#038;iwloc=near\"\n\t\t\t\t\ttitle=\" 38.404901, -0.428157\"\n\t\t\t\t\taria-label=\" 38.404901, -0.428157\"\n\t\t\t><\/iframe>\n\t\t<\/div>\n\t\t\t\t\t\t<\/div>\n\t\t\t\t<\/div>\n\t\t\t\t\t<\/div>\n\t\t<\/div>\n\t\t\t\t\t<\/div>\n\t\t<\/section>\n\t\t\t\t<section class=\"elementor-section elementor-top-section elementor-element elementor-element-7fe0a2d elementor-section-boxed elementor-section-height-default elementor-section-height-default\" data-id=\"7fe0a2d\" data-element_type=\"section\" data-e-type=\"section\">\n\t\t\t\t\t\t<div class=\"elementor-container elementor-column-gap-default\">\n\t\t\t\t\t<div class=\"elementor-column elementor-col-100 elementor-top-column elementor-element elementor-element-815adfb\" data-id=\"815adfb\" data-element_type=\"column\" data-e-type=\"column\">\n\t\t\t<div class=\"elementor-widget-wrap elementor-element-populated\">\n\t\t\t\t\t\t<div class=\"elementor-element elementor-element-8028d7d elementor-widget elementor-widget-text-editor\" data-id=\"8028d7d\" data-element_type=\"widget\" data-e-type=\"widget\" data-widget_type=\"text-editor.default\">\n\t\t\t\t<div class=\"elementor-widget-container\">\n\t\t\t\t\t\t\t\t\t<div class=\"wpb_text_column wpb_content_element \"><div class=\"wpb_wrapper\"><p align=\"JUSTIFY\"><a href=\"https:\/\/dialnet.unirioja.es\/servlet\/autor?codigo=98946\">Sant Eduardo<\/a> presenta una composici\u00f3 molt s\u00f2bria, amb una disposici\u00f3 de buits regulars en la fa\u00e7ana principal, orientada a llevant. En aqueixa fa\u00e7ana apunten tres balconcillos amb volada de pedra i barana en ferro forjat de cuadradillo. La rematada de la fa\u00e7ana est\u00e0 coronat per una cornisa amb motlures sobre la qual dona suport a la canal. En el lateral nord, observem la pres\u00e8ncia de la torrassa mentre en el lateral sud, existeix una terrassa en la planta de dormitoris. Destaca la coberta a tres aig\u00fces acabades en teula corba. La fa\u00e7ana de ponent recau a un cam\u00ed que separa la <a href=\"https:\/\/www.turismosantjoan.es\/?page_id=99993676\">finca Palmeretes<\/a>.<\/p><p align=\"JUSTIFY\"><a href=\"http:\/\/rua.ua.es\/dspace\/handle\/10045\/66648\">Finca Sant Eduardo<\/a> suposa la fi del <a href=\"https:\/\/www.turismosantjoan.es\/?page_id=99994527\">Cam\u00ed de Palmeretes<\/a>. Seguint la mateixa senda pel cam\u00ed del Campet, es travessaven els camps i l&#8217;enclavament de <strong>Cuatre Camins<\/strong> fins a arribar a la platja. Hist\u00f2ricament tots dos camins, juntament amb el que hui \u00e9s el carrer del Secretari Basilio Sala, tenien un \u00fanic apel\u00b7latiu, <strong>el Cam\u00ed de l&#8217;Alqueria del Canonge<\/strong>, que es prolongava fins a la <a href=\"https:\/\/www.turismosantjoan.es\/?page_id=99992696\"><strong>finca Ansaldo<\/strong><\/a>. El cam\u00ed continua sent practicable actualment gr\u00e0cies a una passarel\u00b7la per als vianants que travessa la carretera nacional. Est\u00e0 prevista la conversi\u00f3 de la N-332 en una avinguda urbana, l&#8217;avinguda Miguel Hern\u00e1ndez, que suposar\u00e0 l&#8217;eliminaci\u00f3 de les passarel\u00b7les i la creaci\u00f3 de passos adequats per a vianants i ciclistes, aix\u00ed com una millora integral de la imatge de la via. Quan s&#8217;aborde la reforma, es tornar\u00e0 a cosir el vincle entre Sant Joan i Fabraquer Sud. Amb aix\u00f2 Sant Joan d&#8217;Alacant recobrar\u00e0 la seua relaci\u00f3 amb el seu antic camp i amb el que un dia va ser la seua platja.<\/p><\/div><\/div>\t\t\t\t\t\t\t\t<\/div>\n\t\t\t\t<\/div>\n\t\t\t\t\t<\/div>\n\t\t<\/div>\n\t\t\t\t\t<\/div>\n\t\t<\/section>\n\t\t\t\t<\/div>\n\t\t","protected":false},"excerpt":{"rendered":"<p>Finca Sant Eduardo o Lampa Sant Eduardo presenta una composici\u00f3 molt s\u00f2bria, amb una disposici\u00f3 de buits regulars en la fa\u00e7ana principal, orientada a llevant. En aqueixa fa\u00e7ana apunten tres balconcillos amb volada de pedra i barana en ferro forjat de cuadradillo. La rematada de la fa\u00e7ana est\u00e0 coronat per una cornisa amb motlures sobre [&hellip;]<\/p>\n","protected":false},"author":1,"featured_media":0,"parent":0,"menu_order":0,"comment_status":"closed","ping_status":"closed","template":"","meta":{"footnotes":""},"class_list":["post-7353","page","type-page","status-publish","hentry"],"_links":{"self":[{"href":"https:\/\/turismosantjoan.es\/ca\/wp-json\/wp\/v2\/pages\/7353","targetHints":{"allow":["GET"]}}],"collection":[{"href":"https:\/\/turismosantjoan.es\/ca\/wp-json\/wp\/v2\/pages"}],"about":[{"href":"https:\/\/turismosantjoan.es\/ca\/wp-json\/wp\/v2\/types\/page"}],"author":[{"embeddable":true,"href":"https:\/\/turismosantjoan.es\/ca\/wp-json\/wp\/v2\/users\/1"}],"replies":[{"embeddable":true,"href":"https:\/\/turismosantjoan.es\/ca\/wp-json\/wp\/v2\/comments?post=7353"}],"version-history":[{"count":0,"href":"https:\/\/turismosantjoan.es\/ca\/wp-json\/wp\/v2\/pages\/7353\/revisions"}],"wp:attachment":[{"href":"https:\/\/turismosantjoan.es\/ca\/wp-json\/wp\/v2\/media?parent=7353"}],"curies":[{"name":"wp","href":"https:\/\/api.w.org\/{rel}","templated":true}]}}