{"id":7355,"date":"2023-07-24T10:25:58","date_gmt":"2023-07-24T10:25:58","guid":{"rendered":"https:\/\/turismo-sj.developersasapglobalsolution.com\/finca-san-jose\/"},"modified":"2023-09-18T16:08:46","modified_gmt":"2023-09-18T16:08:46","slug":"finca-san-jose","status":"publish","type":"page","link":"https:\/\/turismosantjoan.es\/ca\/finca-san-jose\/","title":{"rendered":"Finca San Jos\u00e9"},"content":{"rendered":"\t\t<div data-elementor-type=\"wp-page\" data-elementor-id=\"7355\" class=\"elementor elementor-7355 elementor-2942\" data-elementor-post-type=\"page\">\n\t\t\t\t\t\t<section class=\"elementor-section elementor-top-section elementor-element elementor-element-b28fb15 elementor-section-boxed elementor-section-height-default elementor-section-height-default\" data-id=\"b28fb15\" data-element_type=\"section\" data-e-type=\"section\" data-settings=\"{&quot;shape_divider_top&quot;:&quot;mountains&quot;,&quot;background_background&quot;:&quot;classic&quot;}\">\n\t\t\t\t\t<div class=\"elementor-shape elementor-shape-top\" aria-hidden=\"true\" data-negative=\"false\">\n\t\t\t<svg xmlns=\"http:\/\/www.w3.org\/2000\/svg\" viewBox=\"0 0 1000 100\" preserveAspectRatio=\"none\">\n\t<path class=\"elementor-shape-fill\" opacity=\"0.33\" d=\"M473,67.3c-203.9,88.3-263.1-34-320.3,0C66,119.1,0,59.7,0,59.7V0h1000v59.7 c0,0-62.1,26.1-94.9,29.3c-32.8,3.3-62.8-12.3-75.8-22.1C806,49.6,745.3,8.7,694.9,4.7S492.4,59,473,67.3z\"\/>\n\t<path class=\"elementor-shape-fill\" opacity=\"0.66\" d=\"M734,67.3c-45.5,0-77.2-23.2-129.1-39.1c-28.6-8.7-150.3-10.1-254,39.1 s-91.7-34.4-149.2,0C115.7,118.3,0,39.8,0,39.8V0h1000v36.5c0,0-28.2-18.5-92.1-18.5C810.2,18.1,775.7,67.3,734,67.3z\"\/>\n\t<path class=\"elementor-shape-fill\" d=\"M766.1,28.9c-200-57.5-266,65.5-395.1,19.5C242,1.8,242,5.4,184.8,20.6C128,35.8,132.3,44.9,89.9,52.5C28.6,63.7,0,0,0,0 h1000c0,0-9.9,40.9-83.6,48.1S829.6,47,766.1,28.9z\"\/>\n<\/svg>\t\t<\/div>\n\t\t\t\t\t<div class=\"elementor-container elementor-column-gap-no\">\n\t\t\t\t\t<div class=\"elementor-column elementor-col-100 elementor-top-column elementor-element elementor-element-a85665c\" data-id=\"a85665c\" data-element_type=\"column\" data-e-type=\"column\">\n\t\t\t<div class=\"elementor-widget-wrap elementor-element-populated\">\n\t\t\t\t\t\t<div class=\"elementor-element elementor-element-8ed408c elementor-widget elementor-widget-heading\" data-id=\"8ed408c\" data-element_type=\"widget\" data-e-type=\"widget\" data-widget_type=\"heading.default\">\n\t\t\t\t<div class=\"elementor-widget-container\">\n\t\t\t\t\t<h1 class=\"elementor-heading-title elementor-size-xxl\">Finca San Jos\u00e9<\/h1>\t\t\t\t<\/div>\n\t\t\t\t<\/div>\n\t\t\t\t\t<\/div>\n\t\t<\/div>\n\t\t\t\t\t<\/div>\n\t\t<\/section>\n\t\t\t\t<section class=\"elementor-section elementor-top-section elementor-element elementor-element-b963aa0 elementor-section-boxed elementor-section-height-default elementor-section-height-default\" data-id=\"b963aa0\" data-element_type=\"section\" data-e-type=\"section\">\n\t\t\t\t\t\t<div class=\"elementor-container elementor-column-gap-default\">\n\t\t\t\t\t<div class=\"elementor-column elementor-col-100 elementor-top-column elementor-element elementor-element-a15a9b9\" data-id=\"a15a9b9\" data-element_type=\"column\" data-e-type=\"column\">\n\t\t\t<div class=\"elementor-widget-wrap elementor-element-populated\">\n\t\t\t\t\t\t<div class=\"elementor-element elementor-element-ebcc59b elementor-widget elementor-widget-google_maps\" data-id=\"ebcc59b\" data-element_type=\"widget\" data-e-type=\"widget\" data-widget_type=\"google_maps.default\">\n\t\t\t\t<div class=\"elementor-widget-container\">\n\t\t\t\t\t\t\t<div class=\"elementor-custom-embed\">\n\t\t\t<iframe loading=\"lazy\"\n\t\t\t\t\tsrc=\"https:\/\/maps.google.com\/maps?q=P.%C2%BA%20la%20Maigmona%2C%2054%2C%2003550%20San%20Juan%20de%20Alicante%2C%20Alicante&#038;t=m&#038;z=10&#038;output=embed&#038;iwloc=near\"\n\t\t\t\t\ttitle=\"P.\u00ba la Maigmona, 54, 03550 San Juan de Alicante, Alicante\"\n\t\t\t\t\taria-label=\"P.\u00ba la Maigmona, 54, 03550 San Juan de Alicante, Alicante\"\n\t\t\t><\/iframe>\n\t\t<\/div>\n\t\t\t\t\t\t<\/div>\n\t\t\t\t<\/div>\n\t\t\t\t\t<\/div>\n\t\t<\/div>\n\t\t\t\t\t<\/div>\n\t\t<\/section>\n\t\t\t\t<section class=\"elementor-section elementor-top-section elementor-element elementor-element-8b9bdf8 elementor-section-boxed elementor-section-height-default elementor-section-height-default\" data-id=\"8b9bdf8\" data-element_type=\"section\" data-e-type=\"section\">\n\t\t\t\t\t\t<div class=\"elementor-container elementor-column-gap-default\">\n\t\t\t\t\t<div class=\"elementor-column elementor-col-100 elementor-top-column elementor-element elementor-element-f810cdb\" data-id=\"f810cdb\" data-element_type=\"column\" data-e-type=\"column\">\n\t\t\t<div class=\"elementor-widget-wrap elementor-element-populated\">\n\t\t\t\t\t\t<div class=\"elementor-element elementor-element-b9dd444 elementor-widget elementor-widget-text-editor\" data-id=\"b9dd444\" data-element_type=\"widget\" data-e-type=\"widget\" data-widget_type=\"text-editor.default\">\n\t\t\t\t<div class=\"elementor-widget-container\">\n\t\t\t\t\t\t\t\t\t<div class=\"wpb_text_column wpb_content_element \"><div class=\"wpb_wrapper\"><div class=\"wpb_text_column wpb_content_element \"><div class=\"wpb_wrapper\"><p align=\"JUSTIFY\"><a href=\"https:\/\/dialnet.unirioja.es\/servlet\/autor?codigo=98946\">La finca San Jos\u00e9<\/a> \u00e9s de planta quadrada, t\u00e9 una sola altura i la seua coberta \u00e9s a quatre aig\u00fces. Adossada, trobem una construcci\u00f3 destinada, possiblement, a \u00fas agr\u00edcola o a habitatge de servei amb coberta inclinada i un r\u00e0fec paral\u00b7lel a la fa\u00e7ana.<\/p><p align=\"JUSTIFY\">Les fa\u00e7anes de l&#8217;habitatge tenen una composici\u00f3 sim\u00e8trica i una disposici\u00f3 c\u00fabica, rematades per un r\u00e0fec corregut i per uns pinacles a les cantonades. Destaca un porxo en la fa\u00e7ana orientada al sud. A m\u00e9s, trobem elements ornamentals propis de finals del segle XIX com els retancats dels buits, el fals encoixinat marcant les nafres i els tendeles, la fusteria de fusta i els ampits de la terrassa prefabricats en formig\u00f3. En canvi, la fa\u00e7ana de l&#8217;altra construcci\u00f3 \u00e9s asim\u00e8trica.<\/p><\/div><\/div><div class=\"wpb_text_column wpb_content_element \"><div class=\"wpb_wrapper\"><p align=\"JUSTIFY\"><a href=\"http:\/\/rua.ua.es\/dspace\/handle\/10045\/66648\">Actualment, aquestes entrades han desaparegut<\/a>, potser, per la construcci\u00f3 del t\u00fanel de l&#8217;autovia que transcorre pel migdia de la finca. De la mateixa manera, el jard\u00ed ha corregut la mateixa sort, ja que era de grans dimensions i eren recorreguts per caminadors perimetrals i centrals marcats mitjan\u00e7ant p\u00e8rgoles de ferro.<\/p><\/div><\/div><\/div><\/div>\t\t\t\t\t\t\t\t<\/div>\n\t\t\t\t<\/div>\n\t\t\t\t\t<\/div>\n\t\t<\/div>\n\t\t\t\t\t<\/div>\n\t\t<\/section>\n\t\t\t\t<\/div>\n\t\t","protected":false},"excerpt":{"rendered":"<p>Finca San Jos\u00e9 La finca San Jos\u00e9 \u00e9s de planta quadrada, t\u00e9 una sola altura i la seua coberta \u00e9s a quatre aig\u00fces. Adossada, trobem una construcci\u00f3 destinada, possiblement, a \u00fas agr\u00edcola o a habitatge de servei amb coberta inclinada i un r\u00e0fec paral\u00b7lel a la fa\u00e7ana. Les fa\u00e7anes de l&#8217;habitatge tenen una composici\u00f3 sim\u00e8trica [&hellip;]<\/p>\n","protected":false},"author":1,"featured_media":0,"parent":0,"menu_order":0,"comment_status":"closed","ping_status":"closed","template":"","meta":{"footnotes":""},"class_list":["post-7355","page","type-page","status-publish","hentry"],"_links":{"self":[{"href":"https:\/\/turismosantjoan.es\/ca\/wp-json\/wp\/v2\/pages\/7355","targetHints":{"allow":["GET"]}}],"collection":[{"href":"https:\/\/turismosantjoan.es\/ca\/wp-json\/wp\/v2\/pages"}],"about":[{"href":"https:\/\/turismosantjoan.es\/ca\/wp-json\/wp\/v2\/types\/page"}],"author":[{"embeddable":true,"href":"https:\/\/turismosantjoan.es\/ca\/wp-json\/wp\/v2\/users\/1"}],"replies":[{"embeddable":true,"href":"https:\/\/turismosantjoan.es\/ca\/wp-json\/wp\/v2\/comments?post=7355"}],"version-history":[{"count":0,"href":"https:\/\/turismosantjoan.es\/ca\/wp-json\/wp\/v2\/pages\/7355\/revisions"}],"wp:attachment":[{"href":"https:\/\/turismosantjoan.es\/ca\/wp-json\/wp\/v2\/media?parent=7355"}],"curies":[{"name":"wp","href":"https:\/\/api.w.org\/{rel}","templated":true}]}}