{"id":7363,"date":"2023-08-03T10:42:46","date_gmt":"2023-08-03T10:42:46","guid":{"rendered":"https:\/\/turismo-sj.developersasapglobalsolution.com\/fogueres-de-sant-joan\/"},"modified":"2023-09-19T10:39:50","modified_gmt":"2023-09-19T10:39:50","slug":"fogueres-de-sant-joan","status":"publish","type":"page","link":"https:\/\/turismosantjoan.es\/ca\/fogueres-de-sant-joan\/","title":{"rendered":"Fogueres de Sant Joan"},"content":{"rendered":"\t\t<div data-elementor-type=\"wp-page\" data-elementor-id=\"7363\" class=\"elementor elementor-7363 elementor-4171\" data-elementor-post-type=\"page\">\n\t\t\t\t\t\t<section class=\"elementor-section elementor-top-section elementor-element elementor-element-3414e7ce elementor-section-boxed elementor-section-height-default elementor-section-height-default\" data-id=\"3414e7ce\" data-element_type=\"section\" data-e-type=\"section\" data-settings=\"{&quot;shape_divider_top&quot;:&quot;mountains&quot;,&quot;background_background&quot;:&quot;classic&quot;}\">\n\t\t\t\t\t<div class=\"elementor-shape elementor-shape-top\" aria-hidden=\"true\" data-negative=\"false\">\n\t\t\t<svg xmlns=\"http:\/\/www.w3.org\/2000\/svg\" viewBox=\"0 0 1000 100\" preserveAspectRatio=\"none\">\n\t<path class=\"elementor-shape-fill\" opacity=\"0.33\" d=\"M473,67.3c-203.9,88.3-263.1-34-320.3,0C66,119.1,0,59.7,0,59.7V0h1000v59.7 c0,0-62.1,26.1-94.9,29.3c-32.8,3.3-62.8-12.3-75.8-22.1C806,49.6,745.3,8.7,694.9,4.7S492.4,59,473,67.3z\"\/>\n\t<path class=\"elementor-shape-fill\" opacity=\"0.66\" d=\"M734,67.3c-45.5,0-77.2-23.2-129.1-39.1c-28.6-8.7-150.3-10.1-254,39.1 s-91.7-34.4-149.2,0C115.7,118.3,0,39.8,0,39.8V0h1000v36.5c0,0-28.2-18.5-92.1-18.5C810.2,18.1,775.7,67.3,734,67.3z\"\/>\n\t<path class=\"elementor-shape-fill\" d=\"M766.1,28.9c-200-57.5-266,65.5-395.1,19.5C242,1.8,242,5.4,184.8,20.6C128,35.8,132.3,44.9,89.9,52.5C28.6,63.7,0,0,0,0 h1000c0,0-9.9,40.9-83.6,48.1S829.6,47,766.1,28.9z\"\/>\n<\/svg>\t\t<\/div>\n\t\t\t\t\t<div class=\"elementor-container elementor-column-gap-no\">\n\t\t\t\t\t<div class=\"elementor-column elementor-col-100 elementor-top-column elementor-element elementor-element-76070d75\" data-id=\"76070d75\" data-element_type=\"column\" data-e-type=\"column\">\n\t\t\t<div class=\"elementor-widget-wrap elementor-element-populated\">\n\t\t\t\t\t\t<div class=\"elementor-element elementor-element-637d6cca elementor-widget elementor-widget-heading\" data-id=\"637d6cca\" data-element_type=\"widget\" data-e-type=\"widget\" data-widget_type=\"heading.default\">\n\t\t\t\t<div class=\"elementor-widget-container\">\n\t\t\t\t\t<h1 class=\"elementor-heading-title elementor-size-xxl\">Fogueres de Sant Joan<\/h1>\t\t\t\t<\/div>\n\t\t\t\t<\/div>\n\t\t\t\t\t<\/div>\n\t\t<\/div>\n\t\t\t\t\t<\/div>\n\t\t<\/section>\n\t\t\t\t<section class=\"elementor-section elementor-top-section elementor-element elementor-element-1a4e1fdd elementor-section-boxed elementor-section-height-default elementor-section-height-default\" data-id=\"1a4e1fdd\" data-element_type=\"section\" data-e-type=\"section\">\n\t\t\t\t\t\t<div class=\"elementor-container elementor-column-gap-default\">\n\t\t\t\t\t<div class=\"elementor-column elementor-col-100 elementor-top-column elementor-element elementor-element-62821b48\" data-id=\"62821b48\" data-element_type=\"column\" data-e-type=\"column\">\n\t\t\t<div class=\"elementor-widget-wrap elementor-element-populated\">\n\t\t\t\t\t\t<div class=\"elementor-element elementor-element-42864790 elementor-widget elementor-widget-text-editor\" data-id=\"42864790\" data-element_type=\"widget\" data-e-type=\"widget\" data-widget_type=\"text-editor.default\">\n\t\t\t\t<div class=\"elementor-widget-container\">\n\t\t\t\t\t\t\t\t\t<div class=\"wpb_text_column wpb_content_element \"><div class=\"wpb_wrapper\"><p align=\"JUSTIFY\">La festa dels Fogueres de Sant Joan s\u00f3n les Festes Patronals de Sant Joan d&#8217;Alacant, que se celebren anualment entre els dies 20 i 24 de juny en honor a Sant Joan Baptista, patr\u00f3 del municipi.<\/p><p align=\"JUSTIFY\">Aquesta festa t\u00e9 gran antiguitat a Sant Joan, ja que, des de la conquesta cristiana, la primera esgl\u00e9sia situada en la mesquita del per\u00edode isl\u00e0mic, va ser dedicada a Sant Joan Baptista i el poble va prendre aquest mateix nom. La import\u00e0ncia i devoci\u00f3 a Sant Joan Baptista ve de molt arrere, ja que en l&#8217;II S\u00ednode de la Di\u00f2cesi d&#8217;Orihuela celebrat en 1600 se li va concedir a la festa del 24 de juny el car\u00e0cter de precepte, al costat de la de la *Degollaci\u00f3n de Sant Joan del 29 d&#8217;agost.<\/p><p align=\"JUSTIFY\">La festa origin\u00e0ria se celebrava amb un car\u00e0cter popular i comptava amb els actes religiosos en honor al sant titular, entre els quals destacava la process\u00f3 i tamb\u00e9 altres actes profans t\u00edpics de les festes populars com a balls, jocs, cercaviles i altres diversions, centrant-se aquests especialment al carrer de la Mar, en la qual Sant Joan era considerat com a patr\u00f3 del carrer, adquirint per tant ac\u00ed la categoria de \u2018Sant de Carrer\u2019, a m\u00e9s de ser venerat per tot el poble.<\/p><p align=\"JUSTIFY\">A m\u00e9s en la nit de Sant Joan, entre el 23 i el 24 de juny, coincident amb el solstici d&#8217;estiu, els de l&#8217;horta cremaven en nombroses fogueres fusta i andr\u00f2mines velles simbolitzant el passe a la nova etapa estival, complint amb una tradici\u00f3 ancestral.<\/p><p align=\"JUSTIFY\">L&#8217;any 1928, a la ciutat d&#8217;Alacant, coincidint amb la festa de Sant Joan i prenent la idea de les fogueres tradicionals, van comen\u00e7ar a celebrar-se les actuals fogueres gr\u00e0cies a l&#8217;impuls de diversos entusiastes com a Sr. Jos\u00e9 Mar\u00eda Py. Es tractava d&#8217;uns monuments de fusta i cart\u00f3 formats per ninots, molt similars als de les falles de Val\u00e8ncia. Va ser l&#8217;enlairament de la festa oficial de la ciutat d&#8217;Alacant, la qual cosa al seu torn va provocar el declivi de les festes de Sant Joan, que es van mantindre t\u00edmidament amb els seus senzills actes festers.<\/p><p align=\"JUSTIFY\">No obstant aix\u00f2, en 1967 el costum alacant\u00ed de fogueres amb ninots va acabar arribant a Sant Joan. Aqueix any, alguns ve\u00efns van formar la Penya Taurina de Colom Linares, entre els quals es trobaven Sr. Jos\u00e9 Garc\u00eda G\u00e1lvez, president i \u00e0nima de la festa durant molts anys. Amb quantitat sobrant de la penya, van decidir costejar festa per al dia de Sant Joan i muntar una foguera de l&#8217;artista Sr. Ram\u00f3n Marco. Per a portar-la avant van comptar amb l&#8217;ajuda dels ve\u00efns del carrer Sant Antoni i la pla\u00e7a Maisonnave. Tamb\u00e9 es va nomenar una Bellea per a les festes, figura representativa d&#8217;indiscutible import\u00e0ncia en qualsevol comissi\u00f3 fogueril.<\/p><\/div><\/div>\t\t\t\t\t\t\t\t<\/div>\n\t\t\t\t<\/div>\n\t\t\t\t<div class=\"elementor-element elementor-element-c6447f2 elementor-arrows-position-inside elementor-pagination-position-outside elementor-widget elementor-widget-image-carousel\" data-id=\"c6447f2\" data-element_type=\"widget\" data-e-type=\"widget\" data-settings=\"{&quot;slides_to_show&quot;:&quot;1&quot;,&quot;navigation&quot;:&quot;both&quot;,&quot;autoplay&quot;:&quot;yes&quot;,&quot;pause_on_hover&quot;:&quot;yes&quot;,&quot;pause_on_interaction&quot;:&quot;yes&quot;,&quot;autoplay_speed&quot;:5000,&quot;infinite&quot;:&quot;yes&quot;,&quot;effect&quot;:&quot;slide&quot;,&quot;speed&quot;:500}\" data-widget_type=\"image-carousel.default\">\n\t\t\t\t<div class=\"elementor-widget-container\">\n\t\t\t\t\t\t\t<div class=\"elementor-image-carousel-wrapper swiper\" role=\"region\" aria-roledescription=\"carousel\" aria-label=\"Image Carousel\" dir=\"ltr\">\n\t\t\t<div class=\"elementor-image-carousel swiper-wrapper\" aria-live=\"off\">\n\t\t\t\t\t\t\t\t<div class=\"swiper-slide\" role=\"group\" aria-roledescription=\"slide\" aria-label=\"1 of 6\"><figure class=\"swiper-slide-inner\"><img decoding=\"async\" class=\"swiper-slide-image\" src=\"https:\/\/turismosantjoan.es\/wp-content\/uploads\/elementor\/thumbs\/FOTO-CARRUSEL-1-1-qbrll5m73c6di1hn1sicncv5exjvbrmr90ke9ldod0.jpg\" alt=\"FOTO CARRUSEL 1\" \/><\/figure><\/div><div class=\"swiper-slide\" role=\"group\" aria-roledescription=\"slide\" aria-label=\"2 of 6\"><figure class=\"swiper-slide-inner\"><img decoding=\"async\" class=\"swiper-slide-image\" src=\"https:\/\/turismosantjoan.es\/wp-content\/uploads\/elementor\/thumbs\/FOTO-CARRUSEL-2-2-scaled-qbrlld4wm0go2x6ptvrd7ayu60it1cgly1sa3t2iz8.jpg\" alt=\"FOTO CARRUSEL 2\" \/><\/figure><\/div><div class=\"swiper-slide\" role=\"group\" aria-roledescription=\"slide\" aria-label=\"3 of 6\"><figure class=\"swiper-slide-inner\"><img decoding=\"async\" class=\"swiper-slide-image\" src=\"https:\/\/turismosantjoan.es\/wp-content\/uploads\/elementor\/thumbs\/FOTO-CARRUSEL-3-2-scaled-qbrllknm4oqynsvslz0dr92ix3hqqxagn305y0rdlg.jpg\" alt=\"FOTO CARRUSEL 3\" \/><\/figure><\/div><div class=\"swiper-slide\" role=\"group\" aria-roledescription=\"slide\" aria-label=\"4 of 6\"><figure class=\"swiper-slide-inner\"><img decoding=\"async\" class=\"swiper-slide-image\" src=\"https:\/\/turismosantjoan.es\/wp-content\/uploads\/elementor\/thumbs\/FOTO-CARRUSEL-4-2-scaled-qbrllu20113tvwi5332ng6p4uy7evwbs0dj0qsdfv8.jpg\" alt=\"FOTO CARRUSEL 4\" \/><\/figure><\/div><div class=\"swiper-slide\" role=\"group\" aria-roledescription=\"slide\" aria-label=\"5 of 6\"><figure class=\"swiper-slide-inner\"><img decoding=\"async\" class=\"swiper-slide-image\" src=\"https:\/\/turismosantjoan.es\/wp-content\/uploads\/elementor\/thumbs\/FOTO-CARRUSEL-5-2-qbrlm4e847hzfm34epjjpm37e6sg8kgtpspd0ty3ys.jpg\" alt=\"FOTO CARRUSEL 5\" \/><\/figure><\/div><div class=\"swiper-slide\" role=\"group\" aria-roledescription=\"slide\" aria-label=\"6 of 6\"><figure class=\"swiper-slide-inner\"><img decoding=\"async\" class=\"swiper-slide-image\" src=\"https:\/\/turismosantjoan.es\/wp-content\/uploads\/elementor\/thumbs\/FOTO-CARRUSEL-6-1-scaled-qbrlm93f2dof1nwan9kok2wid45ab1zhefysf7r53o.jpg\" alt=\"FOTO CARRUSEL 6\" \/><\/figure><\/div>\t\t\t<\/div>\n\t\t\t\t\t\t\t\t\t\t\t\t<div class=\"elementor-swiper-button elementor-swiper-button-prev\" role=\"button\" tabindex=\"0\">\n\t\t\t\t\t\t<i aria-hidden=\"true\" class=\"eicon-chevron-left\"><\/i>\t\t\t\t\t<\/div>\n\t\t\t\t\t<div class=\"elementor-swiper-button elementor-swiper-button-next\" role=\"button\" tabindex=\"0\">\n\t\t\t\t\t\t<i aria-hidden=\"true\" class=\"eicon-chevron-right\"><\/i>\t\t\t\t\t<\/div>\n\t\t\t\t\n\t\t\t\t\t\t\t\t\t<div class=\"swiper-pagination\"><\/div>\n\t\t\t\t\t\t\t\t\t<\/div>\n\t\t\t\t\t\t<\/div>\n\t\t\t\t<\/div>\n\t\t\t\t<div class=\"elementor-element elementor-element-644cba8 elementor-widget elementor-widget-text-editor\" data-id=\"644cba8\" data-element_type=\"widget\" data-e-type=\"widget\" data-widget_type=\"text-editor.default\">\n\t\t\t\t<div class=\"elementor-widget-container\">\n\t\t\t\t\t\t\t\t\t<div class=\"wpb_text_column wpb_content_element \"><div class=\"wpb_wrapper\"><p align=\"JUSTIFY\">En 1969 es va formalitzar ja la foguera com a comissi\u00f3 festera i van comen\u00e7ar a desenvolupar-se aquestes festes amb tots els seus actes i caracter\u00edstics. Alguns anys despr\u00e9s, la foguera va comen\u00e7ar a ser constru\u00efda per la comissi\u00f3 juntament amb la foguera infantil que es va plantar durant molts anys en el mercat per l&#8217;afici\u00f3 dels ve\u00efns. Entre els anys 70 i 80, les fogueres del poble de sant Joan van viure els seus anys d&#8217;esplendor, generant-se una gran afici\u00f3 per part de molts ve\u00efns que plantaven monuments i barraques en nombroses zones. Alguns barris com Navarregui o Canyaret van destacar per ser especialment fogueriles. No obstant aix\u00f2, les festes de fogueres van decaure en favor de les festes del Crist i en l&#8217;actualitat existeix tan sols la comissi\u00f3 de la Foguera Plaza Maisonnave, l&#8217;originalment creada en 1969, la qual planta en l&#8217;actualitat tres fogueres: Plaza Maisonnave, major i infantil, i Plaza de la Constituci\u00f3.<\/p><p align=\"JUSTIFY\">Actualment els actes previs s&#8217;inicien amb la Presentaci\u00f3 del Llibret i l&#8217;Elecci\u00f3 i Coronaci\u00f3 de les Belleas i Dames Majors i Infantils de les festes, les quals visten el vestit adoptat per a aquesta celebraci\u00f3, igual que a la ciutat d&#8217;Alacant, indument\u00e0ria dissenyada per Sr. Tom\u00e1s Valc\u00e1rcel Deza despr\u00e9s de la Guerra Civil. Tamb\u00e9 es realitzen el Preg\u00f3 de Fogueres i la Cercavila del Foc, amb assist\u00e8ncia de comissions de la ciutat d&#8217;Alacant i la Bellea del Foc de la ciutat.<\/p><p align=\"JUSTIFY\">La festa comen\u00e7a el dia 20 de juny amb la plant\u00e0 de la foguera. Aquest dia \u00e9s t\u00edpic consumir coca amb tonyina i bacores, que s\u00f3n dues dels productes t\u00edpics dels dies de fogueres. La comissi\u00f3 de la Foguera planta tamb\u00e9 la barraca al costat del seu monument principal i all\u00ed es realitzen els menjars, sopars i la festa nocturna i di\u00fcrna d&#8217;aquests dies festers.<\/p><p align=\"JUSTIFY\">Al llarg d&#8217;aquests dies se succeeixen les despert\u00e0s, les cercaviles, i les visites de la comissi\u00f3 a diferents llocs del municipi, participant tamb\u00e9 en els actes que tenen lloc a la ciutat d&#8217;Alacant com l&#8217;Entrada de Bandes i l&#8217;Ofrena de Flores a la Verge del Remei, patrona de la ciutat.<\/p><p align=\"JUSTIFY\">El dia 23, vespra de Sant Joan, comencen els actes principals de les festes amb l&#8217;Ofrena vespertina de Flores i Fruits al sant, en la qual participen nombroses entitats festeres. El dia 23 a la nit, tradicional nit de Sant Joan, se celebra el sopar de sobaquillo i la foguera d&#8217;andr\u00f2mines velles a la vella usan\u00e7a, seguint la tradici\u00f3 dels de l&#8217;horta. Aquesta foguera es va recuperar fa anys per <a href=\"http:\/\/aclloixa.blogspot.com.es\/\">l&#8217;Associaci\u00f3 Cultural Lloixa<\/a> i reuneix un gran nombre de persones que s&#8217;acosten a gaudir del foc i l&#8217;aigua que llancen els bombers per a apagar les flames una vegada aquestes han aconseguit el seu zenit. Despr\u00e9s de la crema, cont\u00ednua la festa a la nit en el rac\u00f3 de la foguera.<\/p><p align=\"JUSTIFY\">El dia 24 comen\u00e7a amb la despert\u00e0 de p\u00f3lvora, m\u00fasica i campanes. Al migdia t\u00e9 lloc la Missa Major de Sant Joan i despr\u00e9s de, l&#8217;esmorzar tradicional d&#8217;aquest dia, es dispara la masclet\u00e0. A la vesprada, l&#8217;acte principal \u00e9s la process\u00f3 de Sant Joan que recorre els principals carrers del municipi acompanyada per ve\u00efns i devots. La imatge porta, habitualment nuada a una de les seues mans, un ram format per bacores, fent refer\u00e8ncia a la fruita t\u00edpica d&#8217;aquestes dates i al refrany tradicional valenci\u00e0: \u201cPer Sant Joan *bacores, verds o madures, per\u00f2 destrals\u201d.<\/p><p align=\"JUSTIFY\">A la nit, despr\u00e9s del sopar en el rac\u00f3, t\u00e9 lloc l&#8217;esperada crem\u00e0. Els ve\u00efns acompanyats de la banda de m\u00fasica recorren els carrers principals procedint-se a cremar els tres monuments fogueriles, no sense abans haver salvat els ninots indultats. Durant la crem\u00e0 mai falten els focs artificials, la ja habitual bany\u00e0 per a soc\u00f3rrer la calor de les flames i els sons de l&#8217;himne de fogueres del mestre Sr. Luis Torregrosa Garc\u00eda.<\/p><\/div><\/div>\t\t\t\t\t\t\t\t<\/div>\n\t\t\t\t<\/div>\n\t\t\t\t\t<\/div>\n\t\t<\/div>\n\t\t\t\t\t<\/div>\n\t\t<\/section>\n\t\t\t\t<section class=\"elementor-section elementor-top-section elementor-element elementor-element-5b995a27 elementor-section-boxed elementor-section-height-default elementor-section-height-default\" data-id=\"5b995a27\" data-element_type=\"section\" data-e-type=\"section\">\n\t\t\t\t\t\t<div class=\"elementor-container elementor-column-gap-default\">\n\t\t\t\t\t<div class=\"elementor-column elementor-col-100 elementor-top-column elementor-element elementor-element-733c4ed6\" data-id=\"733c4ed6\" data-element_type=\"column\" data-e-type=\"column\">\n\t\t\t<div class=\"elementor-widget-wrap elementor-element-populated\">\n\t\t\t\t\t\t<div class=\"elementor-element elementor-element-2c80a83d elementor-widget elementor-widget-heading\" data-id=\"2c80a83d\" data-element_type=\"widget\" data-e-type=\"widget\" data-widget_type=\"heading.default\">\n\t\t\t\t<div class=\"elementor-widget-container\">\n\t\t\t\t\t<h2 class=\"elementor-heading-title elementor-size-default\">Sabies que\u2026?<\/h2>\t\t\t\t<\/div>\n\t\t\t\t<\/div>\n\t\t\t\t<div class=\"elementor-element elementor-element-7667fca9 elementor-widget elementor-widget-text-editor\" data-id=\"7667fca9\" data-element_type=\"widget\" data-e-type=\"widget\" data-widget_type=\"text-editor.default\">\n\t\t\t\t<div class=\"elementor-widget-container\">\n\t\t\t\t\t\t\t\t\t<p align=\"JUSTIFY\">La festa de la Nit de Sant Joan, coincident amb el solstici d&#8217;estiu, \u00e9s una de les m\u00e9s esteses per tot el Mediterrani i part d&#8217;Europa. Se celebra especialment en tota la nostra geografia i revist d&#8217;un car\u00e0cter simb\u00f2lic i m\u00e0gic, en la qual s&#8217;uneixen l&#8217;aigua i el foc, oficiant-se entorn de tots dos elements nombrosos ritus. En les nostres pr\u00f2ximes platges especialment \u00e9s habitual trobar diversos grups d&#8217;amics i fam\u00edlies que acudeixen a sopar sobre l&#8217;arena i poc despr\u00e9s improvisen les seues fogueres entre les quals canten, salten, dansen i beuen.<\/p><p align=\"JUSTIFY\">Sant Joan Baptista, prevalc segon de Crist, \u00e9s l&#8217;\u00fanic sant l&#8217;onom\u00e0stica del qual se celebra el dia del seu naixement, 24 de juny, i no el de la seua mort, 29 d&#8217;agost. A Sant Joan d&#8217;Alacant tamb\u00e9 s&#8217;ha celebrat en moltes ocasions la data del martiri ja declarada de precepte per al nostre poble a principis del segle XVII. La coneguda festa de Sant Joan el Degollat inclo\u00efa vespres, missa solemne i process\u00f3 claustral amb l&#8217;art\u00edstica imatge del cap de Sant Joan col\u00b7locada sobre una safata de plata que realitzava el recorregut sota un xicotet pal\u00b7li encarnat portat per xiquets. A m\u00e9s es realitzaven danses populars en honor del sant. La festa va desapar\u00e9ixer amb la Guerra Civil i ja no es va recuperar fins a l&#8217;any 1999 quan es commemorava el bimilenario del naixement de Sant Joan Baptista. Des de llavors, s&#8217;ha celebrat en algunes ocasions.<\/p><p align=\"JUSTIFY\">La imatge principal de Sant Joan presideix l&#8217;altar major de l&#8217;esgl\u00e9sia des de la creaci\u00f3 del temple. Una de les quals va desapar\u00e9ixer en la Guerra Civil i que estava situada en el presbiteri va ser donada per Sr. Juan Maisonnave Cuyatar, el qual estiuejava en la finca Vila Marco mentre que el seu germ\u00e0, Sr. Eleuterio, vivia en la bella finca Abril. Despr\u00e9s de la guerra civil es va realitzar una gran per a l&#8217;altar major i una altra processional m\u00e9s xicoteta per a les quals l&#8217;escultor va precisar com a model a un xiquet i a un corder.<\/p>\t\t\t\t\t\t\t\t<\/div>\n\t\t\t\t<\/div>\n\t\t\t\t<div class=\"elementor-element elementor-element-9466d69 elementor-arrows-position-inside elementor-pagination-position-outside elementor-widget elementor-widget-image-carousel\" data-id=\"9466d69\" data-element_type=\"widget\" data-e-type=\"widget\" data-settings=\"{&quot;slides_to_show&quot;:&quot;1&quot;,&quot;navigation&quot;:&quot;both&quot;,&quot;autoplay&quot;:&quot;yes&quot;,&quot;pause_on_hover&quot;:&quot;yes&quot;,&quot;pause_on_interaction&quot;:&quot;yes&quot;,&quot;autoplay_speed&quot;:5000,&quot;infinite&quot;:&quot;yes&quot;,&quot;effect&quot;:&quot;slide&quot;,&quot;speed&quot;:500}\" data-widget_type=\"image-carousel.default\">\n\t\t\t\t<div class=\"elementor-widget-container\">\n\t\t\t\t\t\t\t<div class=\"elementor-image-carousel-wrapper swiper\" role=\"region\" aria-roledescription=\"carousel\" aria-label=\"Image Carousel\" dir=\"ltr\">\n\t\t\t<div class=\"elementor-image-carousel swiper-wrapper\" aria-live=\"off\">\n\t\t\t\t\t\t\t\t<div class=\"swiper-slide\" role=\"group\" aria-roledescription=\"slide\" aria-label=\"1 of 2\"><figure class=\"swiper-slide-inner\"><img decoding=\"async\" class=\"swiper-slide-image\" src=\"https:\/\/turismosantjoan.es\/wp-content\/uploads\/elementor\/thumbs\/FOTO-DE-SUSTITUCION-1-CREMA-DE-LES-FOGUERES-scaled-qbrlmgm4l1ypmjldfctp410747480mtc3h6o9ffzpw.jpg\" alt=\"FOTO DE SUSTITUCI\u00d3N 1 - CREM\u00c1 DE LES FOGUERES\" \/><\/figure><\/div><div class=\"swiper-slide\" role=\"group\" aria-roledescription=\"slide\" aria-label=\"2 of 2\"><figure class=\"swiper-slide-inner\"><img decoding=\"async\" class=\"swiper-slide-image\" src=\"https:\/\/turismosantjoan.es\/wp-content\/uploads\/elementor\/thumbs\/FOTO-DE-SUSTITUCION-2-CREMA-DE-LAS-FOGUERES--scaled-qbrlmuppfki0gp0w50x3nfg40z6q83db5eyygkv34k.jpg\" alt=\"FOTO DE SUSTITUCI\u00d3N 2 - CREM\u00c1 DE LAS FOGUERES\" \/><\/figure><\/div>\t\t\t<\/div>\n\t\t\t\t\t\t\t\t\t\t\t\t<div class=\"elementor-swiper-button elementor-swiper-button-prev\" role=\"button\" tabindex=\"0\">\n\t\t\t\t\t\t<i aria-hidden=\"true\" class=\"eicon-chevron-left\"><\/i>\t\t\t\t\t<\/div>\n\t\t\t\t\t<div class=\"elementor-swiper-button elementor-swiper-button-next\" role=\"button\" tabindex=\"0\">\n\t\t\t\t\t\t<i aria-hidden=\"true\" class=\"eicon-chevron-right\"><\/i>\t\t\t\t\t<\/div>\n\t\t\t\t\n\t\t\t\t\t\t\t\t\t<div class=\"swiper-pagination\"><\/div>\n\t\t\t\t\t\t\t\t\t<\/div>\n\t\t\t\t\t\t<\/div>\n\t\t\t\t<\/div>\n\t\t\t\t\t<\/div>\n\t\t<\/div>\n\t\t\t\t\t<\/div>\n\t\t<\/section>\n\t\t\t\t<\/div>\n\t\t","protected":false},"excerpt":{"rendered":"<p>Fogueres de Sant Joan La festa dels Fogueres de Sant Joan s\u00f3n les Festes Patronals de Sant Joan d&#8217;Alacant, que se celebren anualment entre els dies 20 i 24 de juny en honor a Sant Joan Baptista, patr\u00f3 del municipi. Aquesta festa t\u00e9 gran antiguitat a Sant Joan, ja que, des de la conquesta cristiana, [&hellip;]<\/p>\n","protected":false},"author":1,"featured_media":0,"parent":0,"menu_order":0,"comment_status":"closed","ping_status":"closed","template":"","meta":{"footnotes":""},"class_list":["post-7363","page","type-page","status-publish","hentry"],"_links":{"self":[{"href":"https:\/\/turismosantjoan.es\/ca\/wp-json\/wp\/v2\/pages\/7363","targetHints":{"allow":["GET"]}}],"collection":[{"href":"https:\/\/turismosantjoan.es\/ca\/wp-json\/wp\/v2\/pages"}],"about":[{"href":"https:\/\/turismosantjoan.es\/ca\/wp-json\/wp\/v2\/types\/page"}],"author":[{"embeddable":true,"href":"https:\/\/turismosantjoan.es\/ca\/wp-json\/wp\/v2\/users\/1"}],"replies":[{"embeddable":true,"href":"https:\/\/turismosantjoan.es\/ca\/wp-json\/wp\/v2\/comments?post=7363"}],"version-history":[{"count":0,"href":"https:\/\/turismosantjoan.es\/ca\/wp-json\/wp\/v2\/pages\/7363\/revisions"}],"wp:attachment":[{"href":"https:\/\/turismosantjoan.es\/ca\/wp-json\/wp\/v2\/media?parent=7363"}],"curies":[{"name":"wp","href":"https:\/\/api.w.org\/{rel}","templated":true}]}}