{"id":7365,"date":"2023-08-04T11:03:16","date_gmt":"2023-08-04T11:03:16","guid":{"rendered":"https:\/\/turismo-sj.developersasapglobalsolution.com\/halloween\/"},"modified":"2023-09-19T10:44:56","modified_gmt":"2023-09-19T10:44:56","slug":"halloween","status":"publish","type":"page","link":"https:\/\/turismosantjoan.es\/ca\/halloween\/","title":{"rendered":"Halloween"},"content":{"rendered":"\t\t<div data-elementor-type=\"wp-page\" data-elementor-id=\"7365\" class=\"elementor elementor-7365 elementor-4277\" data-elementor-post-type=\"page\">\n\t\t\t\t\t\t<section class=\"elementor-section elementor-top-section elementor-element elementor-element-7cec1dcc elementor-section-boxed elementor-section-height-default elementor-section-height-default\" data-id=\"7cec1dcc\" data-element_type=\"section\" data-e-type=\"section\" data-settings=\"{&quot;shape_divider_top&quot;:&quot;mountains&quot;,&quot;background_background&quot;:&quot;classic&quot;}\">\n\t\t\t\t\t<div class=\"elementor-shape elementor-shape-top\" aria-hidden=\"true\" data-negative=\"false\">\n\t\t\t<svg xmlns=\"http:\/\/www.w3.org\/2000\/svg\" viewBox=\"0 0 1000 100\" preserveAspectRatio=\"none\">\n\t<path class=\"elementor-shape-fill\" opacity=\"0.33\" d=\"M473,67.3c-203.9,88.3-263.1-34-320.3,0C66,119.1,0,59.7,0,59.7V0h1000v59.7 c0,0-62.1,26.1-94.9,29.3c-32.8,3.3-62.8-12.3-75.8-22.1C806,49.6,745.3,8.7,694.9,4.7S492.4,59,473,67.3z\"\/>\n\t<path class=\"elementor-shape-fill\" opacity=\"0.66\" d=\"M734,67.3c-45.5,0-77.2-23.2-129.1-39.1c-28.6-8.7-150.3-10.1-254,39.1 s-91.7-34.4-149.2,0C115.7,118.3,0,39.8,0,39.8V0h1000v36.5c0,0-28.2-18.5-92.1-18.5C810.2,18.1,775.7,67.3,734,67.3z\"\/>\n\t<path class=\"elementor-shape-fill\" d=\"M766.1,28.9c-200-57.5-266,65.5-395.1,19.5C242,1.8,242,5.4,184.8,20.6C128,35.8,132.3,44.9,89.9,52.5C28.6,63.7,0,0,0,0 h1000c0,0-9.9,40.9-83.6,48.1S829.6,47,766.1,28.9z\"\/>\n<\/svg>\t\t<\/div>\n\t\t\t\t\t<div class=\"elementor-container elementor-column-gap-no\">\n\t\t\t\t\t<div class=\"elementor-column elementor-col-100 elementor-top-column elementor-element elementor-element-2346e804\" data-id=\"2346e804\" data-element_type=\"column\" data-e-type=\"column\">\n\t\t\t<div class=\"elementor-widget-wrap elementor-element-populated\">\n\t\t\t\t\t\t<div class=\"elementor-element elementor-element-402b8922 elementor-widget elementor-widget-heading\" data-id=\"402b8922\" data-element_type=\"widget\" data-e-type=\"widget\" data-widget_type=\"heading.default\">\n\t\t\t\t<div class=\"elementor-widget-container\">\n\t\t\t\t\t<h1 class=\"elementor-heading-title elementor-size-xxl\">Halloween<\/h1>\t\t\t\t<\/div>\n\t\t\t\t<\/div>\n\t\t\t\t\t<\/div>\n\t\t<\/div>\n\t\t\t\t\t<\/div>\n\t\t<\/section>\n\t\t\t\t<section class=\"elementor-section elementor-top-section elementor-element elementor-element-115771dd elementor-section-boxed elementor-section-height-default elementor-section-height-default\" data-id=\"115771dd\" data-element_type=\"section\" data-e-type=\"section\">\n\t\t\t\t\t\t<div class=\"elementor-container elementor-column-gap-default\">\n\t\t\t\t\t<div class=\"elementor-column elementor-col-100 elementor-top-column elementor-element elementor-element-562d5b9a\" data-id=\"562d5b9a\" data-element_type=\"column\" data-e-type=\"column\">\n\t\t\t<div class=\"elementor-widget-wrap elementor-element-populated\">\n\t\t\t\t\t\t<div class=\"elementor-element elementor-element-cae549 elementor-widget elementor-widget-text-editor\" data-id=\"cae549\" data-element_type=\"widget\" data-e-type=\"widget\" data-widget_type=\"text-editor.default\">\n\t\t\t\t<div class=\"elementor-widget-container\">\n\t\t\t\t\t\t\t\t\t<div class=\"wpb_text_column wpb_content_element \"><div class=\"wpb_wrapper\"><p align=\"JUSTIFY\">La festa d&#8217;Halloween \u00e9s bastant recent en les nostres terres per\u00f2 es sincretiza amb la tradici\u00f3 cristiana de Tots els Sants i els fidels difunts. Com a gran part de les nostres celebracions, l&#8217;origen d&#8217;aquesta festivitat \u00e9s pag\u00e0 i va ser cristianitzada cap a l&#8217;any 1000.<\/p><p align=\"JUSTIFY\">Aquesta celebraci\u00f3 presenta cert paral\u00b7lelisme amb el \u2018Samhain\u2019 c\u00e8ltic, que era l&#8217;inici d&#8217;any per a aquesta cultura en el qual tamb\u00e9 s&#8217;invocava el record i pres\u00e8ncia dels esperits dels difunts. Els romans tamb\u00e9 tenien una festa en aquesta data: celebraven Pomona, la deessa dels arbres fruiters. En el m\u00f3n anglosax\u00f3 es difondria la tradici\u00f3 de All hallow even (vespra de Tots els Sants) i seria importada a Am\u00e8rica del Nord, d&#8217;on ens ha arribat principalment.<\/p><\/div><\/div>\t\t\t\t\t\t\t\t<\/div>\n\t\t\t\t<\/div>\n\t\t\t\t<section class=\"elementor-section elementor-inner-section elementor-element elementor-element-2b196ff elementor-section-boxed elementor-section-height-default elementor-section-height-default\" data-id=\"2b196ff\" data-element_type=\"section\" data-e-type=\"section\">\n\t\t\t\t\t\t<div class=\"elementor-container elementor-column-gap-default\">\n\t\t\t\t\t<div class=\"elementor-column elementor-col-50 elementor-inner-column elementor-element elementor-element-5c89028\" data-id=\"5c89028\" data-element_type=\"column\" data-e-type=\"column\">\n\t\t\t<div class=\"elementor-widget-wrap elementor-element-populated\">\n\t\t\t\t\t\t<div class=\"elementor-element elementor-element-71d5f29 elementor-widget elementor-widget-image\" data-id=\"71d5f29\" data-element_type=\"widget\" data-e-type=\"widget\" data-widget_type=\"image.default\">\n\t\t\t\t<div class=\"elementor-widget-container\">\n\t\t\t\t\t\t\t\t\t\t\t\t\t\t\t<img fetchpriority=\"high\" decoding=\"async\" width=\"800\" height=\"534\" src=\"https:\/\/turismosantjoan.es\/wp-content\/uploads\/2023\/08\/fiesta-de-halloween-1024x683.jpg\" class=\"attachment-large size-large wp-image-4283\" alt=\"\" srcset=\"https:\/\/turismosantjoan.es\/wp-content\/uploads\/2023\/08\/fiesta-de-halloween-1024x683.jpg 1024w, https:\/\/turismosantjoan.es\/wp-content\/uploads\/2023\/08\/fiesta-de-halloween-300x200.jpg 300w, https:\/\/turismosantjoan.es\/wp-content\/uploads\/2023\/08\/fiesta-de-halloween-768x512.jpg 768w, https:\/\/turismosantjoan.es\/wp-content\/uploads\/2023\/08\/fiesta-de-halloween-1536x1024.jpg 1536w, https:\/\/turismosantjoan.es\/wp-content\/uploads\/2023\/08\/fiesta-de-halloween.jpg 1656w\" sizes=\"(max-width: 800px) 100vw, 800px\" \/>\t\t\t\t\t\t\t\t\t\t\t\t\t\t\t<\/div>\n\t\t\t\t<\/div>\n\t\t\t\t\t<\/div>\n\t\t<\/div>\n\t\t\t\t<div class=\"elementor-column elementor-col-50 elementor-inner-column elementor-element elementor-element-1ba9dad\" data-id=\"1ba9dad\" data-element_type=\"column\" data-e-type=\"column\">\n\t\t\t<div class=\"elementor-widget-wrap elementor-element-populated\">\n\t\t\t\t\t\t<div class=\"elementor-element elementor-element-54dc50c elementor-widget elementor-widget-image\" data-id=\"54dc50c\" data-element_type=\"widget\" data-e-type=\"widget\" data-widget_type=\"image.default\">\n\t\t\t\t<div class=\"elementor-widget-container\">\n\t\t\t\t\t\t\t\t\t\t\t\t\t\t\t<img decoding=\"async\" width=\"800\" height=\"534\" src=\"https:\/\/turismosantjoan.es\/wp-content\/uploads\/2023\/08\/HALLOWEEN_definitiva-3-1-1024x683.jpg\" class=\"attachment-large size-large wp-image-4286\" alt=\"\" srcset=\"https:\/\/turismosantjoan.es\/wp-content\/uploads\/2023\/08\/HALLOWEEN_definitiva-3-1-1024x683.jpg 1024w, https:\/\/turismosantjoan.es\/wp-content\/uploads\/2023\/08\/HALLOWEEN_definitiva-3-1-300x200.jpg 300w, https:\/\/turismosantjoan.es\/wp-content\/uploads\/2023\/08\/HALLOWEEN_definitiva-3-1-768x512.jpg 768w, https:\/\/turismosantjoan.es\/wp-content\/uploads\/2023\/08\/HALLOWEEN_definitiva-3-1-1536x1024.jpg 1536w, https:\/\/turismosantjoan.es\/wp-content\/uploads\/2023\/08\/HALLOWEEN_definitiva-3-1.jpg 1656w\" sizes=\"(max-width: 800px) 100vw, 800px\" \/>\t\t\t\t\t\t\t\t\t\t\t\t\t\t\t<\/div>\n\t\t\t\t<\/div>\n\t\t\t\t\t<\/div>\n\t\t<\/div>\n\t\t\t\t\t<\/div>\n\t\t<\/section>\n\t\t\t\t<div class=\"elementor-element elementor-element-1cfc14f elementor-widget elementor-widget-text-editor\" data-id=\"1cfc14f\" data-element_type=\"widget\" data-e-type=\"widget\" data-widget_type=\"text-editor.default\">\n\t\t\t\t<div class=\"elementor-widget-container\">\n\t\t\t\t\t\t\t\t\t<div class=\"wpb_text_column wpb_content_element \"><div class=\"wpb_wrapper\"><p align=\"JUSTIFY\">En aquesta festa la carabassa va adquirir una gran import\u00e0ncia i representa la llegenda irlandesa d&#8217;un personatge malvat, Jack, que va rebre la llanterna del diable per a poder guiar-se pel m\u00e9s enll\u00e0 al no poder anar al cel ni a l&#8217;infern. Un altre costum associat a Halloween i d&#8217;un clar sabor infantil va ser la que els xiquets acudiren a les cases disfressats per a l&#8217;ocasi\u00f3 i demanar dol\u00e7os o regals a ve\u00efns entonant el conegut \u2019truque o tracte\u2019, \u00e9s a dir, o col\u00b7laboraci\u00f3 sota xantatge o repres\u00e0lia.<\/p><p align=\"JUSTIFY\">Podem distingir dues parts: la part festiva i laica d&#8217;Halloween en la vesprada del dia 31 d&#8217;octubre, i la part m\u00e9s religiosa de la festa tradicional cristiana, els dies 1 i 2 de novembre.<\/p><\/div><\/div>\t\t\t\t\t\t\t\t<\/div>\n\t\t\t\t<\/div>\n\t\t\t\t<div class=\"elementor-element elementor-element-d506fd5 elementor-widget elementor-widget-image\" data-id=\"d506fd5\" data-element_type=\"widget\" data-e-type=\"widget\" data-widget_type=\"image.default\">\n\t\t\t\t<div class=\"elementor-widget-container\">\n\t\t\t\t\t\t\t\t\t\t\t\t\t\t\t<img decoding=\"async\" width=\"768\" height=\"576\" src=\"https:\/\/turismosantjoan.es\/wp-content\/uploads\/2023\/09\/FOTO-DE-SUSTITUCION-1-HALLOWEEN-768x576.jpg\" class=\"attachment-medium_large size-medium_large wp-image-6227\" alt=\"\" srcset=\"https:\/\/turismosantjoan.es\/wp-content\/uploads\/2023\/09\/FOTO-DE-SUSTITUCION-1-HALLOWEEN-768x576.jpg 768w, https:\/\/turismosantjoan.es\/wp-content\/uploads\/2023\/09\/FOTO-DE-SUSTITUCION-1-HALLOWEEN-300x225.jpg 300w, https:\/\/turismosantjoan.es\/wp-content\/uploads\/2023\/09\/FOTO-DE-SUSTITUCION-1-HALLOWEEN-1024x768.jpg 1024w, https:\/\/turismosantjoan.es\/wp-content\/uploads\/2023\/09\/FOTO-DE-SUSTITUCION-1-HALLOWEEN-1536x1152.jpg 1536w, https:\/\/turismosantjoan.es\/wp-content\/uploads\/2023\/09\/FOTO-DE-SUSTITUCION-1-HALLOWEEN.jpg 2000w\" sizes=\"(max-width: 768px) 100vw, 768px\" \/>\t\t\t\t\t\t\t\t\t\t\t\t\t\t\t<\/div>\n\t\t\t\t<\/div>\n\t\t\t\t<div class=\"elementor-element elementor-element-9f2329b elementor-widget elementor-widget-text-editor\" data-id=\"9f2329b\" data-element_type=\"widget\" data-e-type=\"widget\" data-widget_type=\"text-editor.default\">\n\t\t\t\t<div class=\"elementor-widget-container\">\n\t\t\t\t\t\t\t\t\t<div class=\"wpb_text_column wpb_content_element \"><div class=\"wpb_wrapper\"><p align=\"JUSTIFY\">La festa d&#8217;Halloween se celebra des de fa alguns anys a Sant Joan d&#8217;Alacant. A la vesprada, tenen lloc algunes activitats per a xiquets, que acudeixen disfressats i poden gaudir amb el berenar, espectacle de marionetes, tallers i inflables. Tamb\u00e9 tenen lloc altres activitats per a joves i adults com a curts de por i balls terror\u00edfics. A la nit segueix la festa amb activitats en la qual els assistents disfressats de personatges terror\u00edfics acudeixen als actes programats com la \u2018carrera zombi\u2019 que atrau a nombr\u00f3s p\u00fablic i gaudeix d&#8217;aquesta terror\u00edfica i alhora divertida nit.<strong><br><\/strong><\/p><p align=\"JUSTIFY\">La part religiosa de la festa cristiana comen\u00e7a el dia 1 amb la visita habitual al cementeri municipal, on familiars i amics s&#8217;acosten per a depositar flors o veles als seus sers estimats o compartir records o viv\u00e8ncies. A la vesprada, t\u00e9 lloc una missa en el cementeri donant principi amb la vespra del dia de Difunts que acaba amb els primers \u2018tocs a mort\u2019 fins a la nit. L&#8217;endem\u00e0 \u00e9s el dia t\u00edpic d&#8217;acudir a l&#8217;esgl\u00e9sia a les misses de record dels difunts, a les quals acudeixen molts m\u00e9s que de costum per respecte, record, o fins i tot por a suposades repres\u00e0lies dels seus familiars morts si no es recorden d&#8217;ells.<\/p><\/div><\/div>\t\t\t\t\t\t\t\t<\/div>\n\t\t\t\t<\/div>\n\t\t\t\t\t<\/div>\n\t\t<\/div>\n\t\t\t\t\t<\/div>\n\t\t<\/section>\n\t\t\t\t<\/div>\n\t\t","protected":false},"excerpt":{"rendered":"<p>Halloween La festa d&#8217;Halloween \u00e9s bastant recent en les nostres terres per\u00f2 es sincretiza amb la tradici\u00f3 cristiana de Tots els Sants i els fidels difunts. Com a gran part de les nostres celebracions, l&#8217;origen d&#8217;aquesta festivitat \u00e9s pag\u00e0 i va ser cristianitzada cap a l&#8217;any 1000. Aquesta celebraci\u00f3 presenta cert paral\u00b7lelisme amb el \u2018Samhain\u2019 [&hellip;]<\/p>\n","protected":false},"author":1,"featured_media":0,"parent":0,"menu_order":0,"comment_status":"closed","ping_status":"closed","template":"","meta":{"footnotes":""},"class_list":["post-7365","page","type-page","status-publish","hentry"],"_links":{"self":[{"href":"https:\/\/turismosantjoan.es\/ca\/wp-json\/wp\/v2\/pages\/7365","targetHints":{"allow":["GET"]}}],"collection":[{"href":"https:\/\/turismosantjoan.es\/ca\/wp-json\/wp\/v2\/pages"}],"about":[{"href":"https:\/\/turismosantjoan.es\/ca\/wp-json\/wp\/v2\/types\/page"}],"author":[{"embeddable":true,"href":"https:\/\/turismosantjoan.es\/ca\/wp-json\/wp\/v2\/users\/1"}],"replies":[{"embeddable":true,"href":"https:\/\/turismosantjoan.es\/ca\/wp-json\/wp\/v2\/comments?post=7365"}],"version-history":[{"count":0,"href":"https:\/\/turismosantjoan.es\/ca\/wp-json\/wp\/v2\/pages\/7365\/revisions"}],"wp:attachment":[{"href":"https:\/\/turismosantjoan.es\/ca\/wp-json\/wp\/v2\/media?parent=7365"}],"curies":[{"name":"wp","href":"https:\/\/api.w.org\/{rel}","templated":true}]}}