{"id":7369,"date":"2023-07-25T10:56:48","date_gmt":"2023-07-25T10:56:48","guid":{"rendered":"https:\/\/turismo-sj.developersasapglobalsolution.com\/esglesia-parroquial-sant-joan-baptista\/"},"modified":"2023-09-19T11:39:53","modified_gmt":"2023-09-19T11:39:53","slug":"esglesia-parroquial-sant-joan-baptista","status":"publish","type":"page","link":"https:\/\/turismosantjoan.es\/ca\/esglesia-parroquial-sant-joan-baptista\/","title":{"rendered":"Esgl\u00e9sia Parroquial Sant Joan Baptista"},"content":{"rendered":"\t\t<div data-elementor-type=\"wp-page\" data-elementor-id=\"7369\" class=\"elementor elementor-7369 elementor-3668\" data-elementor-post-type=\"page\">\n\t\t\t\t\t\t<section class=\"elementor-section elementor-top-section elementor-element elementor-element-2401ee62 elementor-section-boxed elementor-section-height-default elementor-section-height-default\" data-id=\"2401ee62\" data-element_type=\"section\" data-e-type=\"section\" data-settings=\"{&quot;shape_divider_top&quot;:&quot;mountains&quot;,&quot;background_background&quot;:&quot;classic&quot;}\">\n\t\t\t\t\t<div class=\"elementor-shape elementor-shape-top\" aria-hidden=\"true\" data-negative=\"false\">\n\t\t\t<svg xmlns=\"http:\/\/www.w3.org\/2000\/svg\" viewBox=\"0 0 1000 100\" preserveAspectRatio=\"none\">\n\t<path class=\"elementor-shape-fill\" opacity=\"0.33\" d=\"M473,67.3c-203.9,88.3-263.1-34-320.3,0C66,119.1,0,59.7,0,59.7V0h1000v59.7 c0,0-62.1,26.1-94.9,29.3c-32.8,3.3-62.8-12.3-75.8-22.1C806,49.6,745.3,8.7,694.9,4.7S492.4,59,473,67.3z\"\/>\n\t<path class=\"elementor-shape-fill\" opacity=\"0.66\" d=\"M734,67.3c-45.5,0-77.2-23.2-129.1-39.1c-28.6-8.7-150.3-10.1-254,39.1 s-91.7-34.4-149.2,0C115.7,118.3,0,39.8,0,39.8V0h1000v36.5c0,0-28.2-18.5-92.1-18.5C810.2,18.1,775.7,67.3,734,67.3z\"\/>\n\t<path class=\"elementor-shape-fill\" d=\"M766.1,28.9c-200-57.5-266,65.5-395.1,19.5C242,1.8,242,5.4,184.8,20.6C128,35.8,132.3,44.9,89.9,52.5C28.6,63.7,0,0,0,0 h1000c0,0-9.9,40.9-83.6,48.1S829.6,47,766.1,28.9z\"\/>\n<\/svg>\t\t<\/div>\n\t\t\t\t\t<div class=\"elementor-container elementor-column-gap-no\">\n\t\t\t\t\t<div class=\"elementor-column elementor-col-100 elementor-top-column elementor-element elementor-element-2f95d421\" data-id=\"2f95d421\" data-element_type=\"column\" data-e-type=\"column\">\n\t\t\t<div class=\"elementor-widget-wrap elementor-element-populated\">\n\t\t\t\t\t\t<div class=\"elementor-element elementor-element-61c9379b elementor-widget elementor-widget-heading\" data-id=\"61c9379b\" data-element_type=\"widget\" data-e-type=\"widget\" data-widget_type=\"heading.default\">\n\t\t\t\t<div class=\"elementor-widget-container\">\n\t\t\t\t\t<h1 class=\"elementor-heading-title elementor-size-xxl\">Esgl\u00e9sia Parroquial Sant Joan Baptista<\/h1>\t\t\t\t<\/div>\n\t\t\t\t<\/div>\n\t\t\t\t\t<\/div>\n\t\t<\/div>\n\t\t\t\t\t<\/div>\n\t\t<\/section>\n\t\t\t\t<section class=\"elementor-section elementor-top-section elementor-element elementor-element-d069f22 elementor-section-boxed elementor-section-height-default elementor-section-height-default\" data-id=\"d069f22\" data-element_type=\"section\" data-e-type=\"section\">\n\t\t\t\t\t\t<div class=\"elementor-container elementor-column-gap-default\">\n\t\t\t\t\t<div class=\"elementor-column elementor-col-100 elementor-top-column elementor-element elementor-element-3a7098b3\" data-id=\"3a7098b3\" data-element_type=\"column\" data-e-type=\"column\">\n\t\t\t<div class=\"elementor-widget-wrap elementor-element-populated\">\n\t\t\t\t\t\t<div class=\"elementor-element elementor-element-28b14972 elementor-widget elementor-widget-google_maps\" data-id=\"28b14972\" data-element_type=\"widget\" data-e-type=\"widget\" data-widget_type=\"google_maps.default\">\n\t\t\t\t<div class=\"elementor-widget-container\">\n\t\t\t\t\t\t\t<div class=\"elementor-custom-embed\">\n\t\t\t<iframe loading=\"lazy\"\n\t\t\t\t\tsrc=\"https:\/\/maps.google.com\/maps?q=C%2F%20Major%2C%20s%2Fn%2C%2003550%20Sant%20Joan%20d%27Alacant%2C%20Alicante%2C%20Espa%C3%B1a&#038;t=m&#038;z=10&#038;output=embed&#038;iwloc=near\"\n\t\t\t\t\ttitle=\"C\/ Major, s\/n, 03550 Sant Joan d&#039;Alacant, Alicante, Espa\u00f1a\"\n\t\t\t\t\taria-label=\"C\/ Major, s\/n, 03550 Sant Joan d&#039;Alacant, Alicante, Espa\u00f1a\"\n\t\t\t><\/iframe>\n\t\t<\/div>\n\t\t\t\t\t\t<\/div>\n\t\t\t\t<\/div>\n\t\t\t\t\t<\/div>\n\t\t<\/div>\n\t\t\t\t\t<\/div>\n\t\t<\/section>\n\t\t\t\t<section class=\"elementor-section elementor-top-section elementor-element elementor-element-7a7abc04 elementor-section-boxed elementor-section-height-default elementor-section-height-default\" data-id=\"7a7abc04\" data-element_type=\"section\" data-e-type=\"section\">\n\t\t\t\t\t\t<div class=\"elementor-container elementor-column-gap-default\">\n\t\t\t\t\t<div class=\"elementor-column elementor-col-100 elementor-top-column elementor-element elementor-element-1dafc3d8\" data-id=\"1dafc3d8\" data-element_type=\"column\" data-e-type=\"column\">\n\t\t\t<div class=\"elementor-widget-wrap elementor-element-populated\">\n\t\t\t\t\t\t<div class=\"elementor-element elementor-element-7adab3c6 elementor-widget elementor-widget-text-editor\" data-id=\"7adab3c6\" data-element_type=\"widget\" data-e-type=\"widget\" data-widget_type=\"text-editor.default\">\n\t\t\t\t<div class=\"elementor-widget-container\">\n\t\t\t\t\t\t\t\t\t<p align=\"JUSTIFY\">En el segle XVII es van construir el retaule principal d&#8217;estil barroc i l&#8217;\u00f2rgan, que va ser ampliat en el segle XVIII. En el segle XIX es va derrocar la nau principal, donat la seua mal estat, i es va al\u00e7ar una nova nau juntament amb un absis, per\u00f2 es van conservar les dues capelles del segle XVIII. En aquest per\u00edode tamb\u00e9 es va escometre la remodelaci\u00f3 de la fa\u00e7ana principal amb els seus caracter\u00edstics campanars. La nova nau es va recular respecte la seua ubicaci\u00f3 original, la qual cosa va permetre crear un atri que allunyara la porta de l&#8217;esgl\u00e9sia de la s\u00e9quia major, ja que la crescuda del canal provocava cont\u00ednues inundacions en el temple. En 1909, <a href=\"https:\/\/www.turismosantjoan.es\/?page_id=99995142\">la senyora de Prytz<\/a>, <strong>Sra. Luisa Antoine Larrea<\/strong>, pertanyent a una de les fam\u00edlies m\u00e9s famoses del poble, va donar el reixat petri i reixat que durant molts anys confinava l&#8217;atri d&#8217;entrada. La fa\u00e7ana de l&#8217;esgl\u00e9sia s&#8217;ha convertit en un de les icones emblem\u00e0tiques de Sant Joan d&#8217;Alacant.<\/p>\t\t\t\t\t\t\t\t<\/div>\n\t\t\t\t<\/div>\n\t\t\t\t<div class=\"elementor-element elementor-element-d801e90 elementor-widget elementor-widget-image\" data-id=\"d801e90\" data-element_type=\"widget\" data-e-type=\"widget\" data-widget_type=\"image.default\">\n\t\t\t\t<div class=\"elementor-widget-container\">\n\t\t\t\t\t\t\t\t\t\t\t\t\t\t\t<img fetchpriority=\"high\" decoding=\"async\" width=\"768\" height=\"512\" src=\"https:\/\/turismosantjoan.es\/wp-content\/uploads\/2023\/07\/iglesia-parroquial-san-juan-bautista--768x512.gif\" class=\"attachment-medium_large size-medium_large wp-image-3671\" alt=\"\" srcset=\"https:\/\/turismosantjoan.es\/wp-content\/uploads\/2023\/07\/iglesia-parroquial-san-juan-bautista--768x512.gif 768w, https:\/\/turismosantjoan.es\/wp-content\/uploads\/2023\/07\/iglesia-parroquial-san-juan-bautista--300x200.gif 300w, https:\/\/turismosantjoan.es\/wp-content\/uploads\/2023\/07\/iglesia-parroquial-san-juan-bautista--1024x683.gif 1024w\" sizes=\"(max-width: 768px) 100vw, 768px\" \/>\t\t\t\t\t\t\t\t\t\t\t\t\t\t\t<\/div>\n\t\t\t\t<\/div>\n\t\t\t\t<div class=\"elementor-element elementor-element-55cdcd1 elementor-widget elementor-widget-text-editor\" data-id=\"55cdcd1\" data-element_type=\"widget\" data-e-type=\"widget\" data-widget_type=\"text-editor.default\">\n\t\t\t\t<div class=\"elementor-widget-container\">\n\t\t\t\t\t\t\t\t\t<p>Les reixes que queden visibles i que va sufragar la senyora de Prytz, Sra. Luisa Antoine Larrea<\/p>\t\t\t\t\t\t\t\t<\/div>\n\t\t\t\t<\/div>\n\t\t\t\t<div class=\"elementor-element elementor-element-ea8c071 elementor-widget elementor-widget-text-editor\" data-id=\"ea8c071\" data-element_type=\"widget\" data-e-type=\"widget\" data-widget_type=\"text-editor.default\">\n\t\t\t\t<div class=\"elementor-widget-container\">\n\t\t\t\t\t\t\t\t\t<p align=\"JUSTIFY\">En 1936, al comen\u00e7ament de la Guerra Civil espanyola, es va produir l&#8217;assalt de l&#8217;esgl\u00e9sia i van ser destru\u00efts els retaules, les campanes, les imatges i els objectes de culte. Entre les principals p\u00e8rdues estava la imatge del Sant\u00edssim Crist de la Pau, l&#8217;\u00f2rgan barroc, el retaule de la Verge del Rosari d&#8217;estil xorigueresc i l&#8217;arca on segons la tradici\u00f3, es va guardar la Santa Fa\u00e7 a la seua arribada a Sant Joan en el segle XV.<\/p><p align=\"JUSTIFY\">Acabada la guerra l&#8217;esgl\u00e9sia va ser reconstru\u00efda. En l&#8217;actualitat es conserven algunes peces d&#8217;inter\u00e9s com el retaule del Sant\u00edssim Crist del segle XVIII, el cambril amb frescos de Heliodoro Guill\u00e9n, el retaule de la Santa Fa\u00e7 (s. XVIII), el llen\u00e7 de la Sagrada Fam\u00edlia d&#8217;Antonio Villanueva (s. XVIII), i diversos ornaments sagrats entre els quals destaquen una cust\u00f2dia de plata *sobredorada datada en el segle XVII.<\/p>\t\t\t\t\t\t\t\t<\/div>\n\t\t\t\t<\/div>\n\t\t\t\t<div class=\"elementor-element elementor-element-ec37f74 elementor-widget elementor-widget-image\" data-id=\"ec37f74\" data-element_type=\"widget\" data-e-type=\"widget\" data-widget_type=\"image.default\">\n\t\t\t\t<div class=\"elementor-widget-container\">\n\t\t\t\t\t\t\t\t\t\t\t\t\t\t\t<img decoding=\"async\" width=\"768\" height=\"512\" src=\"https:\/\/turismosantjoan.es\/wp-content\/uploads\/2023\/07\/iglesia-San-Juan-Bautista-1200x800-1-768x512.gif\" class=\"attachment-medium_large size-medium_large wp-image-868\" alt=\"\" srcset=\"https:\/\/turismosantjoan.es\/wp-content\/uploads\/2023\/07\/iglesia-San-Juan-Bautista-1200x800-1-768x512.gif 768w, https:\/\/turismosantjoan.es\/wp-content\/uploads\/2023\/07\/iglesia-San-Juan-Bautista-1200x800-1-300x200.gif 300w, https:\/\/turismosantjoan.es\/wp-content\/uploads\/2023\/07\/iglesia-San-Juan-Bautista-1200x800-1-1024x683.gif 1024w\" sizes=\"(max-width: 768px) 100vw, 768px\" \/>\t\t\t\t\t\t\t\t\t\t\t\t\t\t\t<\/div>\n\t\t\t\t<\/div>\n\t\t\t\t<div class=\"elementor-element elementor-element-300a29a elementor-widget elementor-widget-text-editor\" data-id=\"300a29a\" data-element_type=\"widget\" data-e-type=\"widget\" data-widget_type=\"text-editor.default\">\n\t\t\t\t<div class=\"elementor-widget-container\">\n\t\t\t\t\t\t\t\t\t<p align=\"JUSTIFY\">En els anys 80 es van restaurar les fa\u00e7anes i nau central gr\u00e0cies a l&#8217;impuls del rector Sr. Carmelo D\u00e1vila. Les capelles es van restaurar a la fi dels noranta, i es va reformar l&#8217;atri, eliminant el reixat que va donar la fam\u00edlia Prytz Larrea. En una cantonada s&#8217;ha deixat com a testimoniatge una xicoteta porci\u00f3 d&#8217;aquella a prop.<\/p><p align=\"JUSTIFY\">L&#8217;Esgl\u00e9sia Parroquial de Sant Joan Baptista \u00e9s un dels elements patrimonials m\u00e9s importants de Sant Joan d&#8217;Alacant, un lloc \u00edntimament lligat a la mem\u00f2ria col\u00b7lectiva dels santjoaners i un referent per als amants del municipi.<\/p>\t\t\t\t\t\t\t\t<\/div>\n\t\t\t\t<\/div>\n\t\t\t\t\t<\/div>\n\t\t<\/div>\n\t\t\t\t\t<\/div>\n\t\t<\/section>\n\t\t\t\t<section class=\"elementor-section elementor-top-section elementor-element elementor-element-171b4fdf elementor-section-boxed elementor-section-height-default elementor-section-height-default\" data-id=\"171b4fdf\" data-element_type=\"section\" data-e-type=\"section\">\n\t\t\t\t\t\t<div class=\"elementor-container elementor-column-gap-default\">\n\t\t\t\t\t<div class=\"elementor-column elementor-col-100 elementor-top-column elementor-element elementor-element-4d122a50\" data-id=\"4d122a50\" data-element_type=\"column\" data-e-type=\"column\">\n\t\t\t<div class=\"elementor-widget-wrap elementor-element-populated\">\n\t\t\t\t\t\t<div class=\"elementor-element elementor-element-cbb077b elementor-arrows-position-inside elementor-pagination-position-outside elementor-widget elementor-widget-image-carousel\" data-id=\"cbb077b\" data-element_type=\"widget\" data-e-type=\"widget\" data-settings=\"{&quot;slides_to_show&quot;:&quot;1&quot;,&quot;navigation&quot;:&quot;both&quot;,&quot;autoplay&quot;:&quot;yes&quot;,&quot;pause_on_hover&quot;:&quot;yes&quot;,&quot;pause_on_interaction&quot;:&quot;yes&quot;,&quot;autoplay_speed&quot;:5000,&quot;infinite&quot;:&quot;yes&quot;,&quot;effect&quot;:&quot;slide&quot;,&quot;speed&quot;:500}\" data-widget_type=\"image-carousel.default\">\n\t\t\t\t<div class=\"elementor-widget-container\">\n\t\t\t\t\t\t\t<div class=\"elementor-image-carousel-wrapper swiper\" role=\"region\" aria-roledescription=\"carousel\" aria-label=\"Image Carousel\" dir=\"ltr\">\n\t\t\t<div class=\"elementor-image-carousel swiper-wrapper\" aria-live=\"off\">\n\t\t\t\t\t\t\t\t<div class=\"swiper-slide\" role=\"group\" aria-roledescription=\"slide\" aria-label=\"1 of 16\"><figure class=\"swiper-slide-inner\"><img decoding=\"async\" class=\"swiper-slide-image\" src=\"https:\/\/turismosantjoan.es\/wp-content\/uploads\/2023\/07\/iglesia-parroquial-san-juan-bautista-1-scaled.jpeg\" alt=\"iglesia parroquial san juan bautista 1\" \/><\/figure><\/div><div class=\"swiper-slide\" role=\"group\" aria-roledescription=\"slide\" aria-label=\"2 of 16\"><figure class=\"swiper-slide-inner\"><img decoding=\"async\" class=\"swiper-slide-image\" src=\"https:\/\/turismosantjoan.es\/wp-content\/uploads\/2023\/07\/iglesia-parroquial-san-juan-bautista-2.gif\" alt=\"iglesia parroquial san juan bautista 2\" \/><\/figure><\/div><div class=\"swiper-slide\" role=\"group\" aria-roledescription=\"slide\" aria-label=\"3 of 16\"><figure class=\"swiper-slide-inner\"><img decoding=\"async\" class=\"swiper-slide-image\" src=\"https:\/\/turismosantjoan.es\/wp-content\/uploads\/2023\/07\/iglesia-parroquial-san-juan-bautista-3.gif\" alt=\"iglesia parroquial san juan bautista 3\" \/><\/figure><\/div><div class=\"swiper-slide\" role=\"group\" aria-roledescription=\"slide\" aria-label=\"4 of 16\"><figure class=\"swiper-slide-inner\"><img decoding=\"async\" class=\"swiper-slide-image\" src=\"https:\/\/turismosantjoan.es\/wp-content\/uploads\/2023\/07\/iglesia-parroquial-san-juan-bautista-4.gif\" alt=\"iglesia parroquial san juan bautista 4\" \/><\/figure><\/div><div class=\"swiper-slide\" role=\"group\" aria-roledescription=\"slide\" aria-label=\"5 of 16\"><figure class=\"swiper-slide-inner\"><img decoding=\"async\" class=\"swiper-slide-image\" src=\"https:\/\/turismosantjoan.es\/wp-content\/uploads\/2023\/07\/iglesia-parroquial-san-juan-bautista-5.gif\" alt=\"iglesia parroquial san juan bautista 5\" \/><\/figure><\/div><div class=\"swiper-slide\" role=\"group\" aria-roledescription=\"slide\" aria-label=\"6 of 16\"><figure class=\"swiper-slide-inner\"><img decoding=\"async\" class=\"swiper-slide-image\" src=\"https:\/\/turismosantjoan.es\/wp-content\/uploads\/2023\/07\/iglesia-parroquial-san-juan-bautista-6.gif\" alt=\"iglesia parroquial san juan bautista 6\" \/><\/figure><\/div><div class=\"swiper-slide\" role=\"group\" aria-roledescription=\"slide\" aria-label=\"7 of 16\"><figure class=\"swiper-slide-inner\"><img decoding=\"async\" class=\"swiper-slide-image\" src=\"https:\/\/turismosantjoan.es\/wp-content\/uploads\/2023\/07\/iglesia-parroquial-san-juan-bautista-7.gif\" alt=\"iglesia parroquial san juan bautista 7\" \/><\/figure><\/div><div class=\"swiper-slide\" role=\"group\" aria-roledescription=\"slide\" aria-label=\"8 of 16\"><figure class=\"swiper-slide-inner\"><img decoding=\"async\" class=\"swiper-slide-image\" src=\"https:\/\/turismosantjoan.es\/wp-content\/uploads\/2023\/07\/iglesia-parroquial-san-juan-bautista-8.gif\" alt=\"iglesia parroquial san juan bautista 8\" \/><\/figure><\/div><div class=\"swiper-slide\" role=\"group\" aria-roledescription=\"slide\" aria-label=\"9 of 16\"><figure class=\"swiper-slide-inner\"><img decoding=\"async\" class=\"swiper-slide-image\" src=\"https:\/\/turismosantjoan.es\/wp-content\/uploads\/2023\/07\/iglesia-parroquial-san-juan-bautista-9.gif\" alt=\"iglesia parroquial san juan bautista 9\" \/><\/figure><\/div><div class=\"swiper-slide\" role=\"group\" aria-roledescription=\"slide\" aria-label=\"10 of 16\"><figure class=\"swiper-slide-inner\"><img decoding=\"async\" class=\"swiper-slide-image\" src=\"https:\/\/turismosantjoan.es\/wp-content\/uploads\/2023\/07\/iglesia-parroquial-san-juan-bautista-10.gif\" alt=\"iglesia parroquial san juan bautista 10\" \/><\/figure><\/div><div class=\"swiper-slide\" role=\"group\" aria-roledescription=\"slide\" aria-label=\"11 of 16\"><figure class=\"swiper-slide-inner\"><img decoding=\"async\" class=\"swiper-slide-image\" src=\"https:\/\/turismosantjoan.es\/wp-content\/uploads\/2023\/07\/iglesia-parroquial-san-juan-bautista-11.gif\" alt=\"iglesia parroquial san juan bautista 11\" \/><\/figure><\/div><div class=\"swiper-slide\" role=\"group\" aria-roledescription=\"slide\" aria-label=\"12 of 16\"><figure class=\"swiper-slide-inner\"><img decoding=\"async\" class=\"swiper-slide-image\" src=\"https:\/\/turismosantjoan.es\/wp-content\/uploads\/2023\/07\/iglesia-parroquial-san-juan-bautista-12.gif\" alt=\"iglesia parroquial san juan bautista 12\" \/><\/figure><\/div><div class=\"swiper-slide\" role=\"group\" aria-roledescription=\"slide\" aria-label=\"13 of 16\"><figure class=\"swiper-slide-inner\"><img decoding=\"async\" class=\"swiper-slide-image\" src=\"https:\/\/turismosantjoan.es\/wp-content\/uploads\/2023\/07\/iglesia-parroquial-san-juan-bautista-13.gif\" alt=\"iglesia parroquial san juan bautista 13\" \/><\/figure><\/div><div class=\"swiper-slide\" role=\"group\" aria-roledescription=\"slide\" aria-label=\"14 of 16\"><figure class=\"swiper-slide-inner\"><img decoding=\"async\" class=\"swiper-slide-image\" src=\"https:\/\/turismosantjoan.es\/wp-content\/uploads\/2023\/07\/iglesia-parroquial-san-juan-bautista-14.gif\" alt=\"iglesia parroquial san juan bautista 14\" \/><\/figure><\/div><div class=\"swiper-slide\" role=\"group\" aria-roledescription=\"slide\" aria-label=\"15 of 16\"><figure class=\"swiper-slide-inner\"><img decoding=\"async\" class=\"swiper-slide-image\" src=\"https:\/\/turismosantjoan.es\/wp-content\/uploads\/2023\/07\/iglesia-parroquial-san-juan-bautista-15.gif\" alt=\"iglesia parroquial san juan bautista 15\" \/><\/figure><\/div><div class=\"swiper-slide\" role=\"group\" aria-roledescription=\"slide\" aria-label=\"16 of 16\"><figure class=\"swiper-slide-inner\"><img decoding=\"async\" class=\"swiper-slide-image\" src=\"https:\/\/turismosantjoan.es\/wp-content\/uploads\/2023\/07\/iglesia-parroquial-san-juan-bautista-16.gif\" alt=\"iglesia parroquial san juan bautista 16\" \/><\/figure><\/div>\t\t\t<\/div>\n\t\t\t\t\t\t\t\t\t\t\t\t<div class=\"elementor-swiper-button elementor-swiper-button-prev\" role=\"button\" tabindex=\"0\">\n\t\t\t\t\t\t<i aria-hidden=\"true\" class=\"eicon-chevron-left\"><\/i>\t\t\t\t\t<\/div>\n\t\t\t\t\t<div class=\"elementor-swiper-button elementor-swiper-button-next\" role=\"button\" tabindex=\"0\">\n\t\t\t\t\t\t<i aria-hidden=\"true\" class=\"eicon-chevron-right\"><\/i>\t\t\t\t\t<\/div>\n\t\t\t\t\n\t\t\t\t\t\t\t\t\t<div class=\"swiper-pagination\"><\/div>\n\t\t\t\t\t\t\t\t\t<\/div>\n\t\t\t\t\t\t<\/div>\n\t\t\t\t<\/div>\n\t\t\t\t\t<\/div>\n\t\t<\/div>\n\t\t\t\t\t<\/div>\n\t\t<\/section>\n\t\t\t\t<\/div>\n\t\t","protected":false},"excerpt":{"rendered":"<p>Esgl\u00e9sia Parroquial Sant Joan Baptista En el segle XVII es van construir el retaule principal d&#8217;estil barroc i l&#8217;\u00f2rgan, que va ser ampliat en el segle XVIII. En el segle XIX es va derrocar la nau principal, donat la seua mal estat, i es va al\u00e7ar una nova nau juntament amb un absis, per\u00f2 es [&hellip;]<\/p>\n","protected":false},"author":1,"featured_media":0,"parent":0,"menu_order":0,"comment_status":"closed","ping_status":"closed","template":"","meta":{"footnotes":""},"class_list":["post-7369","page","type-page","status-publish","hentry"],"_links":{"self":[{"href":"https:\/\/turismosantjoan.es\/ca\/wp-json\/wp\/v2\/pages\/7369","targetHints":{"allow":["GET"]}}],"collection":[{"href":"https:\/\/turismosantjoan.es\/ca\/wp-json\/wp\/v2\/pages"}],"about":[{"href":"https:\/\/turismosantjoan.es\/ca\/wp-json\/wp\/v2\/types\/page"}],"author":[{"embeddable":true,"href":"https:\/\/turismosantjoan.es\/ca\/wp-json\/wp\/v2\/users\/1"}],"replies":[{"embeddable":true,"href":"https:\/\/turismosantjoan.es\/ca\/wp-json\/wp\/v2\/comments?post=7369"}],"version-history":[{"count":0,"href":"https:\/\/turismosantjoan.es\/ca\/wp-json\/wp\/v2\/pages\/7369\/revisions"}],"wp:attachment":[{"href":"https:\/\/turismosantjoan.es\/ca\/wp-json\/wp\/v2\/media?parent=7369"}],"curies":[{"name":"wp","href":"https:\/\/api.w.org\/{rel}","templated":true}]}}