{"id":7371,"date":"2023-08-04T11:13:57","date_gmt":"2023-08-04T11:13:57","guid":{"rendered":"https:\/\/turismo-sj.developersasapglobalsolution.com\/immaculada-concepcio\/"},"modified":"2023-09-19T11:56:42","modified_gmt":"2023-09-19T11:56:42","slug":"immaculada-concepcio","status":"publish","type":"page","link":"https:\/\/turismosantjoan.es\/ca\/immaculada-concepcio\/","title":{"rendered":"Immaculada Concepci\u00f3"},"content":{"rendered":"\t\t<div data-elementor-type=\"wp-page\" data-elementor-id=\"7371\" class=\"elementor elementor-7371 elementor-4306\" data-elementor-post-type=\"page\">\n\t\t\t\t\t\t<section class=\"elementor-section elementor-top-section elementor-element elementor-element-68abe1be elementor-section-boxed elementor-section-height-default elementor-section-height-default\" data-id=\"68abe1be\" data-element_type=\"section\" data-e-type=\"section\" data-settings=\"{&quot;shape_divider_top&quot;:&quot;mountains&quot;,&quot;background_background&quot;:&quot;classic&quot;}\">\n\t\t\t\t\t<div class=\"elementor-shape elementor-shape-top\" aria-hidden=\"true\" data-negative=\"false\">\n\t\t\t<svg xmlns=\"http:\/\/www.w3.org\/2000\/svg\" viewBox=\"0 0 1000 100\" preserveAspectRatio=\"none\">\n\t<path class=\"elementor-shape-fill\" opacity=\"0.33\" d=\"M473,67.3c-203.9,88.3-263.1-34-320.3,0C66,119.1,0,59.7,0,59.7V0h1000v59.7 c0,0-62.1,26.1-94.9,29.3c-32.8,3.3-62.8-12.3-75.8-22.1C806,49.6,745.3,8.7,694.9,4.7S492.4,59,473,67.3z\"\/>\n\t<path class=\"elementor-shape-fill\" opacity=\"0.66\" d=\"M734,67.3c-45.5,0-77.2-23.2-129.1-39.1c-28.6-8.7-150.3-10.1-254,39.1 s-91.7-34.4-149.2,0C115.7,118.3,0,39.8,0,39.8V0h1000v36.5c0,0-28.2-18.5-92.1-18.5C810.2,18.1,775.7,67.3,734,67.3z\"\/>\n\t<path class=\"elementor-shape-fill\" d=\"M766.1,28.9c-200-57.5-266,65.5-395.1,19.5C242,1.8,242,5.4,184.8,20.6C128,35.8,132.3,44.9,89.9,52.5C28.6,63.7,0,0,0,0 h1000c0,0-9.9,40.9-83.6,48.1S829.6,47,766.1,28.9z\"\/>\n<\/svg>\t\t<\/div>\n\t\t\t\t\t<div class=\"elementor-container elementor-column-gap-no\">\n\t\t\t\t\t<div class=\"elementor-column elementor-col-100 elementor-top-column elementor-element elementor-element-4cfde349\" data-id=\"4cfde349\" data-element_type=\"column\" data-e-type=\"column\">\n\t\t\t<div class=\"elementor-widget-wrap elementor-element-populated\">\n\t\t\t\t\t\t<div class=\"elementor-element elementor-element-56464266 elementor-widget elementor-widget-heading\" data-id=\"56464266\" data-element_type=\"widget\" data-e-type=\"widget\" data-widget_type=\"heading.default\">\n\t\t\t\t<div class=\"elementor-widget-container\">\n\t\t\t\t\t<h1 class=\"elementor-heading-title elementor-size-xxl\">Immaculada Concepci\u00f3<\/h1>\t\t\t\t<\/div>\n\t\t\t\t<\/div>\n\t\t\t\t\t<\/div>\n\t\t<\/div>\n\t\t\t\t\t<\/div>\n\t\t<\/section>\n\t\t\t\t<section class=\"elementor-section elementor-top-section elementor-element elementor-element-4eba7a2e elementor-section-boxed elementor-section-height-default elementor-section-height-default\" data-id=\"4eba7a2e\" data-element_type=\"section\" data-e-type=\"section\">\n\t\t\t\t\t\t<div class=\"elementor-container elementor-column-gap-default\">\n\t\t\t\t\t<div class=\"elementor-column elementor-col-100 elementor-top-column elementor-element elementor-element-167b0f6d\" data-id=\"167b0f6d\" data-element_type=\"column\" data-e-type=\"column\">\n\t\t\t<div class=\"elementor-widget-wrap elementor-element-populated\">\n\t\t\t\t\t\t<div class=\"elementor-element elementor-element-9cc8890 elementor-widget elementor-widget-text-editor\" data-id=\"9cc8890\" data-element_type=\"widget\" data-e-type=\"widget\" data-widget_type=\"text-editor.default\">\n\t\t\t\t<div class=\"elementor-widget-container\">\n\t\t\t\t\t\t\t\t\t<div class=\"wpb_text_column wpb_content_element \"><div class=\"wpb_wrapper\"><p align=\"JUSTIFY\">La festa de la Immaculada se celebra el 8 de desembre. Commemora segons el dogma de la religi\u00f3 cat\u00f2lica la puresa virginal i sense pecat de Mar\u00eda des del seu naixement. Aquesta celebraci\u00f3 va apar\u00e9ixer en el segle XII a Europa i es va generalitzar en el XIV, si b\u00e9 aquesta devoci\u00f3 no seria declarada Dogma de fe fins a 1854 pel papa Pius IX, en l&#8217;ambient del Concili Vatic\u00e0 I.<\/p><p align=\"JUSTIFY\">D&#8217;entre totes les festes marianes, la Immaculada aconseguiria especial inter\u00e9s en terres de la Corona d&#8217;Arag\u00f3 des de l&#8217;Edat mitjana, estenent-se a la resta d&#8217;Espanya. Entre els primers defensors del dogma va estar Ramon Llull que, al costat d&#8217;altres fil\u00f2sofs i religiosos, van anar desenvolupant aquesta idea religiosa i devoci\u00f3 mariana. De tots els regnes, el de Val\u00e8ncia va ser el m\u00e9s significat amb la Immaculada a partir del segle XIV. Temps despr\u00e9s, els jesu\u00eftes despr\u00e9s de la seua fundaci\u00f3 van apar\u00e9ixer com a promotors de la Immaculada i els reis de la monarquia hisp\u00e0nica van avivar la seua devoci\u00f3 en el segle XVII, la qual cosa va desembocar en 1674 privilegi especial d&#8217;Alexandre VII per a Espanya sobre la celebraci\u00f3 de la Immaculada. Aquesta continuada dedicaci\u00f3 va provocar que durant el regnat de Carles III fora declarada patrona d&#8217;Espanya.<\/p><\/div><\/div>\t\t\t\t\t\t\t\t<\/div>\n\t\t\t\t<\/div>\n\t\t\t\t<section class=\"elementor-section elementor-inner-section elementor-element elementor-element-c33aa4a elementor-section-boxed elementor-section-height-default elementor-section-height-default\" data-id=\"c33aa4a\" data-element_type=\"section\" data-e-type=\"section\">\n\t\t\t\t\t\t<div class=\"elementor-container elementor-column-gap-default\">\n\t\t\t\t\t<div class=\"elementor-column elementor-col-50 elementor-inner-column elementor-element elementor-element-371a6e1\" data-id=\"371a6e1\" data-element_type=\"column\" data-e-type=\"column\">\n\t\t\t<div class=\"elementor-widget-wrap elementor-element-populated\">\n\t\t\t\t\t\t<div class=\"elementor-element elementor-element-d45035a elementor-widget elementor-widget-image\" data-id=\"d45035a\" data-element_type=\"widget\" data-e-type=\"widget\" data-widget_type=\"image.default\">\n\t\t\t\t<div class=\"elementor-widget-container\">\n\t\t\t\t\t\t\t\t\t\t\t\t\t\t\t<img fetchpriority=\"high\" decoding=\"async\" width=\"800\" height=\"534\" src=\"https:\/\/turismosantjoan.es\/wp-content\/uploads\/2023\/08\/fiestas-inmaculada-2-1200x800-1-1024x683.gif\" class=\"attachment-large size-large wp-image-4312\" alt=\"\" srcset=\"https:\/\/turismosantjoan.es\/wp-content\/uploads\/2023\/08\/fiestas-inmaculada-2-1200x800-1-1024x683.gif 1024w, https:\/\/turismosantjoan.es\/wp-content\/uploads\/2023\/08\/fiestas-inmaculada-2-1200x800-1-300x200.gif 300w, https:\/\/turismosantjoan.es\/wp-content\/uploads\/2023\/08\/fiestas-inmaculada-2-1200x800-1-768x512.gif 768w\" sizes=\"(max-width: 800px) 100vw, 800px\" \/>\t\t\t\t\t\t\t\t\t\t\t\t\t\t\t<\/div>\n\t\t\t\t<\/div>\n\t\t\t\t\t<\/div>\n\t\t<\/div>\n\t\t\t\t<div class=\"elementor-column elementor-col-50 elementor-inner-column elementor-element elementor-element-f8161c5\" data-id=\"f8161c5\" data-element_type=\"column\" data-e-type=\"column\">\n\t\t\t<div class=\"elementor-widget-wrap elementor-element-populated\">\n\t\t\t\t\t\t<div class=\"elementor-element elementor-element-85da142 elementor-widget elementor-widget-image\" data-id=\"85da142\" data-element_type=\"widget\" data-e-type=\"widget\" data-widget_type=\"image.default\">\n\t\t\t\t<div class=\"elementor-widget-container\">\n\t\t\t\t\t\t\t\t\t\t\t\t\t\t\t<img decoding=\"async\" width=\"800\" height=\"534\" src=\"https:\/\/turismosantjoan.es\/wp-content\/uploads\/2023\/08\/fiestas-inmaculada-1-1200x800-1-1024x683.gif\" class=\"attachment-large size-large wp-image-4309\" alt=\"\" srcset=\"https:\/\/turismosantjoan.es\/wp-content\/uploads\/2023\/08\/fiestas-inmaculada-1-1200x800-1-1024x683.gif 1024w, https:\/\/turismosantjoan.es\/wp-content\/uploads\/2023\/08\/fiestas-inmaculada-1-1200x800-1-300x200.gif 300w, https:\/\/turismosantjoan.es\/wp-content\/uploads\/2023\/08\/fiestas-inmaculada-1-1200x800-1-768x512.gif 768w\" sizes=\"(max-width: 800px) 100vw, 800px\" \/>\t\t\t\t\t\t\t\t\t\t\t\t\t\t\t<\/div>\n\t\t\t\t<\/div>\n\t\t\t\t\t<\/div>\n\t\t<\/div>\n\t\t\t\t\t<\/div>\n\t\t<\/section>\n\t\t\t\t<div class=\"elementor-element elementor-element-8e8fb53 elementor-widget elementor-widget-text-editor\" data-id=\"8e8fb53\" data-element_type=\"widget\" data-e-type=\"widget\" data-widget_type=\"text-editor.default\">\n\t\t\t\t<div class=\"elementor-widget-container\">\n\t\t\t\t\t\t\t\t\t<div class=\"wpb_text_column wpb_content_element \"><div class=\"wpb_wrapper\"><p align=\"JUSTIFY\">En tota la geografia espanyola \u00e9s molt celebrada la festa d&#8217;aquesta verge el dia de la qual encara \u00e9s festiu en tot l&#8217;Estat, i en el qual fins no fa moltes d\u00e8cades se celebrava el Dia de la Mare. A Sant Joan d&#8217;Alacant desconeixem la data en qu\u00e8 va comen\u00e7ar a celebrar-se per\u00f2 sabem que la imatge de la Immaculada s&#8217;ha venerat en diferents altars de l&#8217;esgl\u00e9sia amb seguretat almenys des del segle XVII, la qual cosa fa possible que es festejara aquesta verge des d&#8217;antic. En el segle XIX quan es va construir l&#8217;actual esgl\u00e9sia es va dedicar una de les capelles d&#8217;aquesta a la Immaculada tallant-se una imatge de l&#8217;escultor Fons i un retaule neog\u00f2tic de Vicente Ba\u00f1uls, que van desapar\u00e9ixer en la Guerra Civil, sent substitu\u00efts tots dos per r\u00e8pliques similars en els anys 40. Probablement aquest va ser un dels moments de m\u00e9s auge d&#8217;aquesta devoci\u00f3 mariana que aniria en augment en anys successius fins que en 1913 es va crear a Sant Joan la Congregaci\u00f3 de les Filles de Mar\u00eda, una associaci\u00f3 formada per dones de totes les edats que s&#8217;encarregaven del culte a la verge i de preparar la festa de la Immaculada, entre els actes religiosos de la qual destacava la process\u00f3 vespertina, a m\u00e9s de la Novena i les misses.<\/p><p align=\"JUSTIFY\">En l&#8217;actualitat, la festa es continua celebrant el dia 8 i els dies previs amb la Novena. El dia 7 se celebra la vespra amb una vig\u00edlia i el dia de la Immaculada, t\u00e9 lloc al mat\u00ed, la missa solemne en la qual participa l&#8217;Orfe\u00f3 de Sant Joan i seguidament la process\u00f3 pels carrers del poble amb la imatge de la Immaculada sobre andes, acompanyada per diverses persones i la Societat Musical la Pau, i tot aix\u00f2, entre els sons t\u00edpics de la p\u00f3lvora i les campanes. En les celebracions s&#8217;utilitza el color blau t\u00edpic d&#8217;aquest dia que porten els sacerdots i diversos participants en les seues peces.<\/p><\/div><\/div>\t\t\t\t\t\t\t\t<\/div>\n\t\t\t\t<\/div>\n\t\t\t\t<div class=\"elementor-element elementor-element-daf2b51 elementor-widget elementor-widget-image\" data-id=\"daf2b51\" data-element_type=\"widget\" data-e-type=\"widget\" data-widget_type=\"image.default\">\n\t\t\t\t<div class=\"elementor-widget-container\">\n\t\t\t\t\t\t\t\t\t\t\t\t\t\t\t<img decoding=\"async\" width=\"800\" height=\"534\" src=\"https:\/\/turismosantjoan.es\/wp-content\/uploads\/2023\/08\/fiestas-inmaculada-1200x800-1-1024x683.gif\" class=\"attachment-large size-large wp-image-4315\" alt=\"\" srcset=\"https:\/\/turismosantjoan.es\/wp-content\/uploads\/2023\/08\/fiestas-inmaculada-1200x800-1-1024x683.gif 1024w, https:\/\/turismosantjoan.es\/wp-content\/uploads\/2023\/08\/fiestas-inmaculada-1200x800-1-300x200.gif 300w, https:\/\/turismosantjoan.es\/wp-content\/uploads\/2023\/08\/fiestas-inmaculada-1200x800-1-768x512.gif 768w\" sizes=\"(max-width: 800px) 100vw, 800px\" \/>\t\t\t\t\t\t\t\t\t\t\t\t\t\t\t<\/div>\n\t\t\t\t<\/div>\n\t\t\t\t<div class=\"elementor-element elementor-element-bb04af7 elementor-widget elementor-widget-text-editor\" data-id=\"bb04af7\" data-element_type=\"widget\" data-e-type=\"widget\" data-widget_type=\"text-editor.default\">\n\t\t\t\t<div class=\"elementor-widget-container\">\n\t\t\t\t\t\t\t\t\t<div class=\"wpb_text_column wpb_content_element \"><div class=\"wpb_wrapper\"><p align=\"JUSTIFY\">Coincidint a m\u00e9s que aquest dia \u00e9s festiu i en moltes ocasions suposa la continuaci\u00f3 a manera de pont del dia 6 de desembre, dia de la Constituci\u00f3, se solen celebrar altres actes populars com a mercats artesanals, mostres de comer\u00e7 i empreses locals o xicotetes fires amb actuacions culturals, activitats que marquen l&#8217;inici de les pr\u00f2ximes dates nadalenques amb el poble ja engalanat per a elles i l&#8217;enllumenat extraordinari recentment inaugurat.<\/p><\/div><\/div>\t\t\t\t\t\t\t\t<\/div>\n\t\t\t\t<\/div>\n\t\t\t\t\t<\/div>\n\t\t<\/div>\n\t\t\t\t\t<\/div>\n\t\t<\/section>\n\t\t\t\t<section class=\"elementor-section elementor-top-section elementor-element elementor-element-b24cff8 elementor-section-boxed elementor-section-height-default elementor-section-height-default\" data-id=\"b24cff8\" data-element_type=\"section\" data-e-type=\"section\">\n\t\t\t\t\t\t<div class=\"elementor-container elementor-column-gap-default\">\n\t\t\t\t\t<div class=\"elementor-column elementor-col-100 elementor-top-column elementor-element elementor-element-788928fa\" data-id=\"788928fa\" data-element_type=\"column\" data-e-type=\"column\">\n\t\t\t<div class=\"elementor-widget-wrap elementor-element-populated\">\n\t\t\t\t\t\t<div class=\"elementor-element elementor-element-4e4eebb1 elementor-widget elementor-widget-heading\" data-id=\"4e4eebb1\" data-element_type=\"widget\" data-e-type=\"widget\" data-widget_type=\"heading.default\">\n\t\t\t\t<div class=\"elementor-widget-container\">\n\t\t\t\t\t<h2 class=\"elementor-heading-title elementor-size-default\">Sabies que\u2026?<\/h2>\t\t\t\t<\/div>\n\t\t\t\t<\/div>\n\t\t\t\t<div class=\"elementor-element elementor-element-1d2ceac8 elementor-widget elementor-widget-text-editor\" data-id=\"1d2ceac8\" data-element_type=\"widget\" data-e-type=\"widget\" data-widget_type=\"text-editor.default\">\n\t\t\t\t<div class=\"elementor-widget-container\">\n\t\t\t\t\t\t\t\t\t<p align=\"JUSTIFY\">En la capella de la Immaculada de <a href=\"https:\/\/turismosantjoan.es\/ca\/esglesia-parroquial-sant-joan-baptista\/\">l&#8217;Esgl\u00e9sia Parr\u00f2quia<\/a>l es pot observar la l\u00e0pida sepulcral de la fam\u00edlia dels Torregrossa que resa: \u2018estes s\u00f3n els armes i la sepultura dels Torregrosses, que estaven a l&#8217;Esgl\u00e9sia Vella, Primers de la Conquesta\u2019 Aquesta fam\u00edlia va obtindre drets d&#8217;enterrament en la primitiva esgl\u00e9sia despr\u00e9s de la conquesta cristiana del segle XIII, per\u00f2 en construir-se el nou temple del segle XVII, les l\u00e0pides del temple van ser destru\u00efdes eliminant-se tot rastre d&#8217;aquelles. No obstant aix\u00f2, la fam\u00edlia Torregrossa va protestar per aquest fet iniciant-se un plet que va guanyar obligant el vicari general de la Di\u00f2cesi d&#8217;Orihuela a reposar la l\u00e0pida l&#8217;any 1631 que va ser col\u00b7locada en la capella de la Immaculada. En el segle XIX de nou la nau central de l&#8217;esgl\u00e9sia va ser demolida per a construir-se l&#8217;actual, per\u00f2 en aquesta ocasi\u00f3, la l\u00e0pida va ser respectada, sent traslladada al nou altar de la Immaculada, en un empla\u00e7ament diferent a l&#8217;anterior.<\/p><p align=\"JUSTIFY\">En la <a href=\"https:\/\/turismosantjoan.es\/ca\/finca-la-concepcio\/\">finca La Concepci\u00f3<\/a> de Sant Joan es van establir a la fi del segle XIX els Jesu\u00eftes, principals defensors de la devoci\u00f3 a la Immaculada Concepci\u00f3 de la Verge. En 1889 Sra. Concepci\u00f3n Pascual del Pobil Estell\u00e9s, va donar aquest habitatge i jardins annexos de la seua propietat a l&#8217;Orde Jesu\u00efta en qualitat de resid\u00e8ncia d&#8217;estiu a canvi que els religiosos dugueren a terme missions en l&#8217;Horta d&#8217;Alacant.<\/p><p align=\"JUSTIFY\">Al costat de la Immaculada es van celebrar altres festes marianes a Sant Joan d&#8217;Alacant actualment desaparegudes com l&#8217;Asunci\u00f3n de la Verge o la Verge del Rosari. <strong>L&#8217;Asunci\u00f3n<\/strong> celebrada el 15 d&#8217;agost recorda el Dogma de fe cat\u00f2lica d&#8217;assumpci\u00f3 en cos i \u00e0nima i coronaci\u00f3 de la Verge. Aquesta devoci\u00f3 era molt important des de l&#8217;Edat mitjana, i la majoria d&#8217;esgl\u00e9sies importants d&#8217;Europa estaven consagrades a ella. En l&#8217;antic Regne de Val\u00e8ncia va aconseguir gran rellev\u00e0ncia mostra de la qual \u00e9s l&#8217;actualment la celebraci\u00f3 del <a href=\"http:\/\/www.misteridelx.com\/es\/\">Misteri d\u00b4Elx<\/a>, declarat Patrimoni de la Humanitat, que \u00e9s una representaci\u00f3 sacra amb arrels medievals desenvolupada des dels segles XIII o XIV i evolucionada fins als nostres dies. En quasi tots llocs se celebraven processons en aquest dia. A Sant Joan d&#8217;Alacant se celebrava la process\u00f3 matinal amb la imatge jacent de la verge adornada per a aquesta ocasi\u00f3 amb els seus millors vestits i joies i envoltada de al\u00e1begas, plantes que s\u00f3n t\u00edpiques d&#8217;aquestes dates. En l&#8217;actualitat la imatge de la verge \u00e9s col\u00b7locada en l&#8217;altar major on \u00e9s visitada pels ve\u00efns, alguns dels quals continuen rivalitzant per veure quin dels seus al\u00e1begas \u00e9s la m\u00e9s gran i olorosa. Habitualment es pot contemplar en la capella de la verge del Rosari.<\/p><p align=\"JUSTIFY\">Una altra festa mariana important era la de la <strong>Verge del Rosari<\/strong>. Se celebrava al maig i octubre i consistia en misses a gran orquestra amb participaci\u00f3 de molts m\u00fasics i process\u00f3. La devoci\u00f3 per aquesta verge arranca en el segle XIII arran de l&#8217;aparici\u00f3 de la verge al sant Domingo de Guzm\u00e1n, i serien els dominics fundats per aquest els promotors d&#8217;ella. A Sant Joan d&#8217;Alacant es va construir una capella a l&#8217;esgl\u00e9sia a aquesta verge a c\u00e0rrec de la fam\u00edlia Vallebrera en el segle XVIII, en la qual es va instal\u00b7lar un art\u00edstic retaule xorigueresc i les seues sepultures familiars. Aquesta festa es va tractar de recuperar a la fi dels anys 90 arran de la restauraci\u00f3 de la capella del Rosari, no obstant aix\u00f2 l&#8217;intent va ser infructu\u00f3s, quedant la celebraci\u00f3 restringida a l&#8217;esgl\u00e9sia. Alguns van considerar que aquesta verge era l&#8217;antiga patrona de Sant Joan d&#8217;Alacant per\u00f2 aquesta afirmaci\u00f3 no t\u00e9 cap fonament hist\u00f2ric.<\/p>\t\t\t\t\t\t\t\t<\/div>\n\t\t\t\t<\/div>\n\t\t\t\t\t<\/div>\n\t\t<\/div>\n\t\t\t\t\t<\/div>\n\t\t<\/section>\n\t\t\t\t<\/div>\n\t\t","protected":false},"excerpt":{"rendered":"<p>Immaculada Concepci\u00f3 La festa de la Immaculada se celebra el 8 de desembre. Commemora segons el dogma de la religi\u00f3 cat\u00f2lica la puresa virginal i sense pecat de Mar\u00eda des del seu naixement. Aquesta celebraci\u00f3 va apar\u00e9ixer en el segle XII a Europa i es va generalitzar en el XIV, si b\u00e9 aquesta devoci\u00f3 no [&hellip;]<\/p>\n","protected":false},"author":1,"featured_media":0,"parent":0,"menu_order":0,"comment_status":"closed","ping_status":"closed","template":"","meta":{"footnotes":""},"class_list":["post-7371","page","type-page","status-publish","hentry"],"_links":{"self":[{"href":"https:\/\/turismosantjoan.es\/ca\/wp-json\/wp\/v2\/pages\/7371","targetHints":{"allow":["GET"]}}],"collection":[{"href":"https:\/\/turismosantjoan.es\/ca\/wp-json\/wp\/v2\/pages"}],"about":[{"href":"https:\/\/turismosantjoan.es\/ca\/wp-json\/wp\/v2\/types\/page"}],"author":[{"embeddable":true,"href":"https:\/\/turismosantjoan.es\/ca\/wp-json\/wp\/v2\/users\/1"}],"replies":[{"embeddable":true,"href":"https:\/\/turismosantjoan.es\/ca\/wp-json\/wp\/v2\/comments?post=7371"}],"version-history":[{"count":0,"href":"https:\/\/turismosantjoan.es\/ca\/wp-json\/wp\/v2\/pages\/7371\/revisions"}],"wp:attachment":[{"href":"https:\/\/turismosantjoan.es\/ca\/wp-json\/wp\/v2\/media?parent=7371"}],"curies":[{"name":"wp","href":"https:\/\/api.w.org\/{rel}","templated":true}]}}