{"id":7379,"date":"2023-08-07T10:04:44","date_gmt":"2023-08-07T10:04:44","guid":{"rendered":"https:\/\/turismo-sj.developersasapglobalsolution.com\/jardins-la-concepcio-i-manzaneta\/"},"modified":"2023-09-19T12:32:23","modified_gmt":"2023-09-19T12:32:23","slug":"jardins-la-concepcio-i-manzaneta","status":"publish","type":"page","link":"https:\/\/turismosantjoan.es\/ca\/jardins-la-concepcio-i-manzaneta\/","title":{"rendered":"Jardins La Concepci\u00f3 i Manzaneta"},"content":{"rendered":"\t\t<div data-elementor-type=\"wp-page\" data-elementor-id=\"7379\" class=\"elementor elementor-7379 elementor-4425\" data-elementor-post-type=\"page\">\n\t\t\t\t\t\t<section class=\"elementor-section elementor-top-section elementor-element elementor-element-8b7b9ca elementor-section-content-middle elementor-section-boxed elementor-section-height-default elementor-section-height-default\" data-id=\"8b7b9ca\" data-element_type=\"section\" data-e-type=\"section\" data-settings=\"{&quot;background_background&quot;:&quot;classic&quot;,&quot;shape_divider_bottom&quot;:&quot;mountains&quot;,&quot;shape_divider_top&quot;:&quot;mountains&quot;}\">\n\t\t\t\t\t\t\t<div class=\"elementor-background-overlay\"><\/div>\n\t\t\t\t\t\t<div class=\"elementor-shape elementor-shape-top\" aria-hidden=\"true\" data-negative=\"false\">\n\t\t\t<svg xmlns=\"http:\/\/www.w3.org\/2000\/svg\" viewBox=\"0 0 1000 100\" preserveAspectRatio=\"none\">\n\t<path class=\"elementor-shape-fill\" opacity=\"0.33\" d=\"M473,67.3c-203.9,88.3-263.1-34-320.3,0C66,119.1,0,59.7,0,59.7V0h1000v59.7 c0,0-62.1,26.1-94.9,29.3c-32.8,3.3-62.8-12.3-75.8-22.1C806,49.6,745.3,8.7,694.9,4.7S492.4,59,473,67.3z\"\/>\n\t<path class=\"elementor-shape-fill\" opacity=\"0.66\" d=\"M734,67.3c-45.5,0-77.2-23.2-129.1-39.1c-28.6-8.7-150.3-10.1-254,39.1 s-91.7-34.4-149.2,0C115.7,118.3,0,39.8,0,39.8V0h1000v36.5c0,0-28.2-18.5-92.1-18.5C810.2,18.1,775.7,67.3,734,67.3z\"\/>\n\t<path class=\"elementor-shape-fill\" d=\"M766.1,28.9c-200-57.5-266,65.5-395.1,19.5C242,1.8,242,5.4,184.8,20.6C128,35.8,132.3,44.9,89.9,52.5C28.6,63.7,0,0,0,0 h1000c0,0-9.9,40.9-83.6,48.1S829.6,47,766.1,28.9z\"\/>\n<\/svg>\t\t<\/div>\n\t\t\t\t<div class=\"elementor-shape elementor-shape-bottom\" aria-hidden=\"true\" data-negative=\"false\">\n\t\t\t<svg xmlns=\"http:\/\/www.w3.org\/2000\/svg\" viewBox=\"0 0 1000 100\" preserveAspectRatio=\"none\">\n\t<path class=\"elementor-shape-fill\" opacity=\"0.33\" d=\"M473,67.3c-203.9,88.3-263.1-34-320.3,0C66,119.1,0,59.7,0,59.7V0h1000v59.7 c0,0-62.1,26.1-94.9,29.3c-32.8,3.3-62.8-12.3-75.8-22.1C806,49.6,745.3,8.7,694.9,4.7S492.4,59,473,67.3z\"\/>\n\t<path class=\"elementor-shape-fill\" opacity=\"0.66\" d=\"M734,67.3c-45.5,0-77.2-23.2-129.1-39.1c-28.6-8.7-150.3-10.1-254,39.1 s-91.7-34.4-149.2,0C115.7,118.3,0,39.8,0,39.8V0h1000v36.5c0,0-28.2-18.5-92.1-18.5C810.2,18.1,775.7,67.3,734,67.3z\"\/>\n\t<path class=\"elementor-shape-fill\" d=\"M766.1,28.9c-200-57.5-266,65.5-395.1,19.5C242,1.8,242,5.4,184.8,20.6C128,35.8,132.3,44.9,89.9,52.5C28.6,63.7,0,0,0,0 h1000c0,0-9.9,40.9-83.6,48.1S829.6,47,766.1,28.9z\"\/>\n<\/svg>\t\t<\/div>\n\t\t\t\t\t<div class=\"elementor-container elementor-column-gap-no\">\n\t\t\t\t\t<div class=\"elementor-column elementor-col-100 elementor-top-column elementor-element elementor-element-c41cbb0\" data-id=\"c41cbb0\" data-element_type=\"column\" data-e-type=\"column\" data-settings=\"{&quot;background_background&quot;:&quot;classic&quot;}\">\n\t\t\t<div class=\"elementor-widget-wrap elementor-element-populated\">\n\t\t\t\t\t\t<section class=\"elementor-section elementor-inner-section elementor-element elementor-element-8830e7d elementor-section-full_width elementor-section-height-default elementor-section-height-default\" data-id=\"8830e7d\" data-element_type=\"section\" data-e-type=\"section\">\n\t\t\t\t\t\t<div class=\"elementor-container elementor-column-gap-default\">\n\t\t\t\t\t<div class=\"elementor-column elementor-col-100 elementor-inner-column elementor-element elementor-element-af04cc8\" data-id=\"af04cc8\" data-element_type=\"column\" data-e-type=\"column\">\n\t\t\t<div class=\"elementor-widget-wrap elementor-element-populated\">\n\t\t\t\t\t\t<div class=\"elementor-element elementor-element-9ae2786 elementor-invisible elementor-widget elementor-widget-heading\" data-id=\"9ae2786\" data-element_type=\"widget\" data-e-type=\"widget\" data-settings=\"{&quot;_animation&quot;:&quot;fadeInUp&quot;,&quot;_animation_delay&quot;:100}\" data-widget_type=\"heading.default\">\n\t\t\t\t<div class=\"elementor-widget-container\">\n\t\t\t\t\t<h1 class=\"elementor-heading-title elementor-size-default\">JARDINS LA CONCEPCI\u00d3 I MANZANETA<\/h1>\t\t\t\t<\/div>\n\t\t\t\t<\/div>\n\t\t\t\t\t<\/div>\n\t\t<\/div>\n\t\t\t\t\t<\/div>\n\t\t<\/section>\n\t\t\t\t\t<\/div>\n\t\t<\/div>\n\t\t\t\t\t<\/div>\n\t\t<\/section>\n\t\t\t\t<section class=\"elementor-section elementor-top-section elementor-element elementor-element-1d447ed elementor-section-boxed elementor-section-height-default elementor-section-height-default\" data-id=\"1d447ed\" data-element_type=\"section\" data-e-type=\"section\">\n\t\t\t\t\t\t<div class=\"elementor-container elementor-column-gap-default\">\n\t\t\t\t\t<div class=\"elementor-column elementor-col-100 elementor-top-column elementor-element elementor-element-7c1691d\" data-id=\"7c1691d\" data-element_type=\"column\" data-e-type=\"column\">\n\t\t\t<div class=\"elementor-widget-wrap elementor-element-populated\">\n\t\t\t\t\t\t<div class=\"elementor-element elementor-element-e79e034 elementor-widget elementor-widget-google_maps\" data-id=\"e79e034\" data-element_type=\"widget\" data-e-type=\"widget\" data-widget_type=\"google_maps.default\">\n\t\t\t\t<div class=\"elementor-widget-container\">\n\t\t\t\t\t\t\t<div class=\"elementor-custom-embed\">\n\t\t\t<iframe loading=\"lazy\"\n\t\t\t\t\tsrc=\"https:\/\/maps.google.com\/maps?q=C.%20Hern%C3%A1n%20Cort%C3%A9s%2C%2027%2C%2003550%20Sant%20Joan%20d%27Alacant%2C%20Alicante&#038;t=m&#038;z=15&#038;output=embed&#038;iwloc=near\"\n\t\t\t\t\ttitle=\"C. Hern\u00e1n Cort\u00e9s, 27, 03550 Sant Joan d&#039;Alacant, Alicante\"\n\t\t\t\t\taria-label=\"C. Hern\u00e1n Cort\u00e9s, 27, 03550 Sant Joan d&#039;Alacant, Alicante\"\n\t\t\t><\/iframe>\n\t\t<\/div>\n\t\t\t\t\t\t<\/div>\n\t\t\t\t<\/div>\n\t\t\t\t<div class=\"elementor-element elementor-element-c79c0fc elementor-widget elementor-widget-text-editor\" data-id=\"c79c0fc\" data-element_type=\"widget\" data-e-type=\"widget\" data-widget_type=\"text-editor.default\">\n\t\t\t\t<div class=\"elementor-widget-container\">\n\t\t\t\t\t\t\t\t\t<p align=\"JUSTIFY\">Els Jardins de la Concepci\u00f3 i Manzaneta s\u00f3n un d&#8217;aqueixos llocs en els quals el temps sembla haver-se detingut. Passejar per les seues sendes permet apuntar-nos a una finestra des de la qual podem observar un temps passat, en el qual arist\u00f2crates i classes altes s&#8217;assentaven en els camps d&#8217;Alacant buscant la calma i l&#8217;assossec, allunyant-se de la bulliciosa capital. El parc est\u00e0 format per dues estructures ben diferenciades. Una al nord del <strong>corriol de Sant Joan<\/strong>, que corresponia origin\u00e0riament amb els jardins de <a href=\"https:\/\/turismosantjoan.es\/ca\/finca-la-concepcio\/\">finca La Concepci\u00f3<\/a>, l&#8217;altra zona situada al sud del corriol, que pertanyia als jardins de la <a href=\"https:\/\/turismosantjoan.es\/ca\/finca-manzaneta\/\">finca Manzaneta<\/a>.<\/p>\t\t\t\t\t\t\t\t<\/div>\n\t\t\t\t<\/div>\n\t\t\t\t<section class=\"elementor-section elementor-inner-section elementor-element elementor-element-adbb25e elementor-section-boxed elementor-section-height-default elementor-section-height-default\" data-id=\"adbb25e\" data-element_type=\"section\" data-e-type=\"section\">\n\t\t\t\t\t\t<div class=\"elementor-container elementor-column-gap-default\">\n\t\t\t\t\t<div class=\"elementor-column elementor-col-50 elementor-inner-column elementor-element elementor-element-bba5fee\" data-id=\"bba5fee\" data-element_type=\"column\" data-e-type=\"column\">\n\t\t\t<div class=\"elementor-widget-wrap elementor-element-populated\">\n\t\t\t\t\t\t<div class=\"elementor-element elementor-element-e90f6a1 elementor-widget elementor-widget-image\" data-id=\"e90f6a1\" data-element_type=\"widget\" data-e-type=\"widget\" data-widget_type=\"image.default\">\n\t\t\t\t<div class=\"elementor-widget-container\">\n\t\t\t\t\t\t\t\t\t\t\t\t\t\t\t<img fetchpriority=\"high\" decoding=\"async\" width=\"800\" height=\"531\" src=\"https:\/\/turismosantjoan.es\/wp-content\/uploads\/2023\/07\/finca-la-concepcion-5-1024x680.jpeg\" class=\"attachment-large size-large wp-image-3479\" alt=\"\" srcset=\"https:\/\/turismosantjoan.es\/wp-content\/uploads\/2023\/07\/finca-la-concepcion-5-1024x680.jpeg 1024w, https:\/\/turismosantjoan.es\/wp-content\/uploads\/2023\/07\/finca-la-concepcion-5-300x199.jpeg 300w, https:\/\/turismosantjoan.es\/wp-content\/uploads\/2023\/07\/finca-la-concepcion-5-768x510.jpeg 768w, https:\/\/turismosantjoan.es\/wp-content\/uploads\/2023\/07\/finca-la-concepcion-5-1536x1020.jpeg 1536w, https:\/\/turismosantjoan.es\/wp-content\/uploads\/2023\/07\/finca-la-concepcion-5.jpeg 1656w\" sizes=\"(max-width: 800px) 100vw, 800px\" \/>\t\t\t\t\t\t\t\t\t\t\t\t\t\t\t<\/div>\n\t\t\t\t<\/div>\n\t\t\t\t<div class=\"elementor-element elementor-element-0aa3fb5 elementor-widget elementor-widget-text-editor\" data-id=\"0aa3fb5\" data-element_type=\"widget\" data-e-type=\"widget\" data-widget_type=\"text-editor.default\">\n\t\t\t\t<div class=\"elementor-widget-container\">\n\t\t\t\t\t\t\t\t\t<p>Finca La Concepci\u00f3. Fotografia Turisme Sant Joan.<\/p>\t\t\t\t\t\t\t\t<\/div>\n\t\t\t\t<\/div>\n\t\t\t\t\t<\/div>\n\t\t<\/div>\n\t\t\t\t<div class=\"elementor-column elementor-col-50 elementor-inner-column elementor-element elementor-element-e371e46\" data-id=\"e371e46\" data-element_type=\"column\" data-e-type=\"column\">\n\t\t\t<div class=\"elementor-widget-wrap elementor-element-populated\">\n\t\t\t\t\t\t<div class=\"elementor-element elementor-element-284c624 elementor-widget elementor-widget-image\" data-id=\"284c624\" data-element_type=\"widget\" data-e-type=\"widget\" data-widget_type=\"image.default\">\n\t\t\t\t<div class=\"elementor-widget-container\">\n\t\t\t\t\t\t\t\t\t\t\t\t\t\t\t<img decoding=\"async\" width=\"800\" height=\"534\" src=\"https:\/\/turismosantjoan.es\/wp-content\/uploads\/2023\/07\/finca-manzaneta-5-1024x683.gif\" class=\"attachment-large size-large wp-image-3453\" alt=\"\" srcset=\"https:\/\/turismosantjoan.es\/wp-content\/uploads\/2023\/07\/finca-manzaneta-5-1024x683.gif 1024w, https:\/\/turismosantjoan.es\/wp-content\/uploads\/2023\/07\/finca-manzaneta-5-300x200.gif 300w, https:\/\/turismosantjoan.es\/wp-content\/uploads\/2023\/07\/finca-manzaneta-5-768x512.gif 768w, https:\/\/turismosantjoan.es\/wp-content\/uploads\/2023\/07\/finca-manzaneta-5-1536x1024.gif 1536w\" sizes=\"(max-width: 800px) 100vw, 800px\" \/>\t\t\t\t\t\t\t\t\t\t\t\t\t\t\t<\/div>\n\t\t\t\t<\/div>\n\t\t\t\t<div class=\"elementor-element elementor-element-c12e473 elementor-widget elementor-widget-text-editor\" data-id=\"c12e473\" data-element_type=\"widget\" data-e-type=\"widget\" data-widget_type=\"text-editor.default\">\n\t\t\t\t<div class=\"elementor-widget-container\">\n\t\t\t\t\t\t\t\t\t<p>Finca Manzaneta. Fotografia Turisme Sant Joan.<\/p>\t\t\t\t\t\t\t\t<\/div>\n\t\t\t\t<\/div>\n\t\t\t\t\t<\/div>\n\t\t<\/div>\n\t\t\t\t\t<\/div>\n\t\t<\/section>\n\t\t\t\t<div class=\"elementor-element elementor-element-0e9fbec elementor-widget elementor-widget-text-editor\" data-id=\"0e9fbec\" data-element_type=\"widget\" data-e-type=\"widget\" data-widget_type=\"text-editor.default\">\n\t\t\t\t<div class=\"elementor-widget-container\">\n\t\t\t\t\t\t\t\t\t<p align=\"JUSTIFY\">Els jardins de la Concepci\u00f3 es caracteritzen per una s\u00e8rie de parterres poligonals originals als quals s&#8217;han afegit altres nous, envoltant les pinedes, olivars i xiprers, juntament amb algun exemplar d&#8217;eucaliptus i de castanyer d&#8217;\u00cdndies.<\/p><p align=\"JUSTIFY\">En el l\u00edmit d&#8217;aquest sector, enfront de la finca Manzaneta i al carrer Hern\u00e1n Cortes, trobem un exemplar de <strong>ficus macrophylla<\/strong> de m\u00e9s d&#8217;un segle d&#8217;antiguitat. Aquesta varietat \u00e9s origin\u00e0ria de la costa aquest d&#8217;Austr\u00e0lia, el seu nom com\u00fa \u00e9s <strong>Figuera de Badia Moreton<\/strong>. Es caracteritza pel seu tronc mass\u00eds i prominents contraforts en la base. Aquesta esp\u00e8cie deixa caure les arrels des de les branques, generant un tronc suplementari que contribueix a suportar el seu pesat brancatge. \u00c9s de fulla perenne, arribant a aconseguir els 60 metres d&#8217;altura.<\/p><p align=\"JUSTIFY\">Els jardins de Manzaneta estan compostos per parterres de diverses grand\u00e0ries, destacant nombrosos exemplars arboris centenaris, alguns d&#8217;ells protegits, com els seus <strong>dos ficus el\u00e0stica d&#8217;impressionant port i el seu drague<\/strong>, al costat de diverses <strong>iuques i margallons<\/strong>. Els ficus el\u00e0stica s\u00f3n una esp\u00e8cie de fulla perenne que procedeix del nord-est de l&#8217;\u00cdndia i del sud d&#8217;Indon\u00e8sia. Es caracteritzen per un tronc mass\u00eds que pot arribar a tindre 2 metres de di\u00e0metre, i una altura de 30 a 40 metres. Igual que els <strong>ficus macrophylla<\/strong>, desenvolupa arrels que ajuden a suportar el seu pesat brancatge, fortament horitzontal. Tamb\u00e9 mereix esment el drague d&#8217;espectacular port. Els dragos pertanyen al g\u00e8nere Dracanea. S\u00f3n una esp\u00e8cie subtropical molt comuna a Can\u00e0ries i a l&#8217;oest del Marroc. Es tracta d&#8217;una esp\u00e8cie de creixement lent, caracteritzada per una tija llisa que es va fent rug\u00f3s a mesura que envelleix. \u00c9s l&#8217;\u00fanica planta del m\u00f3n la saba del qual \u00e9s de color roig. Est\u00e0 coronada per una densa copa en forma de paraigua, amb gruixudes fulles, podent aconseguir m\u00e9s de 12 m d&#8217;altura.<\/p>\t\t\t\t\t\t\t\t<\/div>\n\t\t\t\t<\/div>\n\t\t\t\t<div class=\"elementor-element elementor-element-dfd2239 elementor-arrows-position-inside elementor-pagination-position-outside elementor-widget elementor-widget-image-carousel\" data-id=\"dfd2239\" data-element_type=\"widget\" data-e-type=\"widget\" data-settings=\"{&quot;slides_to_show&quot;:&quot;1&quot;,&quot;navigation&quot;:&quot;both&quot;,&quot;autoplay&quot;:&quot;yes&quot;,&quot;pause_on_hover&quot;:&quot;yes&quot;,&quot;pause_on_interaction&quot;:&quot;yes&quot;,&quot;autoplay_speed&quot;:5000,&quot;infinite&quot;:&quot;yes&quot;,&quot;effect&quot;:&quot;slide&quot;,&quot;speed&quot;:500}\" data-widget_type=\"image-carousel.default\">\n\t\t\t\t<div class=\"elementor-widget-container\">\n\t\t\t\t\t\t\t<div class=\"elementor-image-carousel-wrapper swiper\" role=\"region\" aria-roledescription=\"carousel\" aria-label=\"Image Carousel\" dir=\"ltr\">\n\t\t\t<div class=\"elementor-image-carousel swiper-wrapper swiper-image-stretch\" aria-live=\"off\">\n\t\t\t\t\t\t\t\t<div class=\"swiper-slide\" role=\"group\" aria-roledescription=\"slide\" aria-label=\"1 of 3\"><figure class=\"swiper-slide-inner\"><img decoding=\"async\" class=\"swiper-slide-image\" src=\"https:\/\/turismosantjoan.es\/wp-content\/uploads\/2023\/07\/finca-la-concepcion-7.jpeg\" alt=\"finca la-concepcion 7\" \/><\/figure><\/div><div class=\"swiper-slide\" role=\"group\" aria-roledescription=\"slide\" aria-label=\"2 of 3\"><figure class=\"swiper-slide-inner\"><img decoding=\"async\" class=\"swiper-slide-image\" src=\"https:\/\/turismosantjoan.es\/wp-content\/uploads\/2023\/07\/patrimonio-natural-Jardines-7.jpeg\" alt=\"patrimonio natural Jardines-7\" \/><\/figure><\/div><div class=\"swiper-slide\" role=\"group\" aria-roledescription=\"slide\" aria-label=\"3 of 3\"><figure class=\"swiper-slide-inner\"><img decoding=\"async\" class=\"swiper-slide-image\" src=\"https:\/\/turismosantjoan.es\/wp-content\/uploads\/2023\/07\/patrimonio-natural-Jardines-8.jpeg\" alt=\"patrimonio natural Jardines-8\" \/><\/figure><\/div>\t\t\t<\/div>\n\t\t\t\t\t\t\t\t\t\t\t\t<div class=\"elementor-swiper-button elementor-swiper-button-prev\" role=\"button\" tabindex=\"0\">\n\t\t\t\t\t\t<i aria-hidden=\"true\" class=\"eicon-chevron-left\"><\/i>\t\t\t\t\t<\/div>\n\t\t\t\t\t<div class=\"elementor-swiper-button elementor-swiper-button-next\" role=\"button\" tabindex=\"0\">\n\t\t\t\t\t\t<i aria-hidden=\"true\" class=\"eicon-chevron-right\"><\/i>\t\t\t\t\t<\/div>\n\t\t\t\t\n\t\t\t\t\t\t\t\t\t<div class=\"swiper-pagination\"><\/div>\n\t\t\t\t\t\t\t\t\t<\/div>\n\t\t\t\t\t\t<\/div>\n\t\t\t\t<\/div>\n\t\t\t\t<div class=\"elementor-element elementor-element-9fbd420 elementor-widget elementor-widget-text-editor\" data-id=\"9fbd420\" data-element_type=\"widget\" data-e-type=\"widget\" data-widget_type=\"text-editor.default\">\n\t\t\t\t<div class=\"elementor-widget-container\">\n\t\t\t\t\t\t\t\t\t<p align=\"JUSTIFY\">A m\u00e9s de la important vegetaci\u00f3 del parc, destaquen els <strong>bancs massissos i jardineres realitzades amb azulejer\u00eda de l&#8217;\u00e8poca huitcentista<\/strong>. Antigament existia una font de granotes verdes i bancs de la finca <a href=\"https:\/\/www.turismosantjoan.es\/?page_id=99995417\">La Concepci\u00f3<\/a>, que es troben hui reubicats als jardins de la ve\u00efna finca <a href=\"https:\/\/turismosantjoan.es\/ca\/finca-el-rellotge-2\/\">El Rellotge<\/a>.<\/p><p align=\"JUSTIFY\">Recentment s&#8217;ha constru\u00eft el Centre Municipal de Majors \u00bb Salvador Gos\u00e1lbez Alberola\u00bb al carrer San Miguel de Tarassona, i molt a prop existeixen uns horts urbans gestionats per l&#8217;Ajuntament.<\/p><p align=\"JUSTIFY\">Els Jardins de la Concepci\u00f3 i *Manzaneta s\u00f3n en l&#8217;actualitat un punt de trobada intergeneracional, nombrosos joves passen ac\u00ed la vesprada, alguns relaxadament, mentre que uns altres practiquen exercicis gimn\u00e0stics a l&#8217;aire lliure, davant la mirada de persones majors que venen a gaudir de les seues vesprades de festa i contemplar les postes de sol en un dels llocs m\u00e9s fascinants de Sant Joan d&#8217;Alacant.<\/p>\t\t\t\t\t\t\t\t<\/div>\n\t\t\t\t<\/div>\n\t\t\t\t<section class=\"elementor-section elementor-inner-section elementor-element elementor-element-8a0fa3e elementor-section-boxed elementor-section-height-default elementor-section-height-default\" data-id=\"8a0fa3e\" data-element_type=\"section\" data-e-type=\"section\">\n\t\t\t\t\t\t<div class=\"elementor-container elementor-column-gap-default\">\n\t\t\t\t\t<div class=\"elementor-column elementor-col-50 elementor-inner-column elementor-element elementor-element-ce71173\" data-id=\"ce71173\" data-element_type=\"column\" data-e-type=\"column\">\n\t\t\t<div class=\"elementor-widget-wrap elementor-element-populated\">\n\t\t\t\t\t\t<div class=\"elementor-element elementor-element-cb5e57f elementor-widget elementor-widget-image\" data-id=\"cb5e57f\" data-element_type=\"widget\" data-e-type=\"widget\" data-widget_type=\"image.default\">\n\t\t\t\t<div class=\"elementor-widget-container\">\n\t\t\t\t\t\t\t\t\t\t\t\t\t\t\t<img decoding=\"async\" width=\"800\" height=\"534\" src=\"https:\/\/turismosantjoan.es\/wp-content\/uploads\/2023\/08\/Jardines-9-1-1024x683.jpg\" class=\"attachment-large size-large wp-image-4435\" alt=\"\" srcset=\"https:\/\/turismosantjoan.es\/wp-content\/uploads\/2023\/08\/Jardines-9-1-1024x683.jpg 1024w, https:\/\/turismosantjoan.es\/wp-content\/uploads\/2023\/08\/Jardines-9-1-300x200.jpg 300w, https:\/\/turismosantjoan.es\/wp-content\/uploads\/2023\/08\/Jardines-9-1-768x512.jpg 768w, https:\/\/turismosantjoan.es\/wp-content\/uploads\/2023\/08\/Jardines-9-1-1536x1025.jpg 1536w, https:\/\/turismosantjoan.es\/wp-content\/uploads\/2023\/08\/Jardines-9-1.jpg 1656w\" sizes=\"(max-width: 800px) 100vw, 800px\" \/>\t\t\t\t\t\t\t\t\t\t\t\t\t\t\t<\/div>\n\t\t\t\t<\/div>\n\t\t\t\t<div class=\"elementor-element elementor-element-5b4773b elementor-widget elementor-widget-text-editor\" data-id=\"5b4773b\" data-element_type=\"widget\" data-e-type=\"widget\" data-widget_type=\"text-editor.default\">\n\t\t\t\t<div class=\"elementor-widget-container\">\n\t\t\t\t\t\t\t\t\t<p>Centre Municipal de Majors. Fotografia Turisme Sant Joan.<\/p>\t\t\t\t\t\t\t\t<\/div>\n\t\t\t\t<\/div>\n\t\t\t\t\t<\/div>\n\t\t<\/div>\n\t\t\t\t<div class=\"elementor-column elementor-col-50 elementor-inner-column elementor-element elementor-element-4bfae87\" data-id=\"4bfae87\" data-element_type=\"column\" data-e-type=\"column\">\n\t\t\t<div class=\"elementor-widget-wrap elementor-element-populated\">\n\t\t\t\t\t\t<div class=\"elementor-element elementor-element-143f523 elementor-widget elementor-widget-image\" data-id=\"143f523\" data-element_type=\"widget\" data-e-type=\"widget\" data-widget_type=\"image.default\">\n\t\t\t\t<div class=\"elementor-widget-container\">\n\t\t\t\t\t\t\t\t\t\t\t\t\t\t\t<img loading=\"lazy\" decoding=\"async\" width=\"800\" height=\"534\" src=\"https:\/\/turismosantjoan.es\/wp-content\/uploads\/2023\/08\/Jardines-10-1024x683.jpg\" class=\"attachment-large size-large wp-image-4432\" alt=\"\" srcset=\"https:\/\/turismosantjoan.es\/wp-content\/uploads\/2023\/08\/Jardines-10-1024x683.jpg 1024w, https:\/\/turismosantjoan.es\/wp-content\/uploads\/2023\/08\/Jardines-10-300x200.jpg 300w, https:\/\/turismosantjoan.es\/wp-content\/uploads\/2023\/08\/Jardines-10-768x512.jpg 768w, https:\/\/turismosantjoan.es\/wp-content\/uploads\/2023\/08\/Jardines-10-1536x1024.jpg 1536w, https:\/\/turismosantjoan.es\/wp-content\/uploads\/2023\/08\/Jardines-10.jpg 1656w\" sizes=\"(max-width: 800px) 100vw, 800px\" \/>\t\t\t\t\t\t\t\t\t\t\t\t\t\t\t<\/div>\n\t\t\t\t<\/div>\n\t\t\t\t<div class=\"elementor-element elementor-element-0c0d2a1 elementor-widget elementor-widget-text-editor\" data-id=\"0c0d2a1\" data-element_type=\"widget\" data-e-type=\"widget\" data-widget_type=\"text-editor.default\">\n\t\t\t\t<div class=\"elementor-widget-container\">\n\t\t\t\t\t\t\t\t\t<p>Hort Urb\u00e0. Fotografia Turisme Sant Joan.<\/p>\t\t\t\t\t\t\t\t<\/div>\n\t\t\t\t<\/div>\n\t\t\t\t\t<\/div>\n\t\t<\/div>\n\t\t\t\t\t<\/div>\n\t\t<\/section>\n\t\t\t\t\t<\/div>\n\t\t<\/div>\n\t\t\t\t\t<\/div>\n\t\t<\/section>\n\t\t\t\t<\/div>\n\t\t","protected":false},"excerpt":{"rendered":"<p>JARDINS LA CONCEPCI\u00d3 I MANZANETA Els Jardins de la Concepci\u00f3 i Manzaneta s\u00f3n un d&#8217;aqueixos llocs en els quals el temps sembla haver-se detingut. Passejar per les seues sendes permet apuntar-nos a una finestra des de la qual podem observar un temps passat, en el qual arist\u00f2crates i classes altes s&#8217;assentaven en els camps d&#8217;Alacant [&hellip;]<\/p>\n","protected":false},"author":1,"featured_media":0,"parent":0,"menu_order":0,"comment_status":"closed","ping_status":"closed","template":"","meta":{"footnotes":""},"class_list":["post-7379","page","type-page","status-publish","hentry"],"_links":{"self":[{"href":"https:\/\/turismosantjoan.es\/ca\/wp-json\/wp\/v2\/pages\/7379","targetHints":{"allow":["GET"]}}],"collection":[{"href":"https:\/\/turismosantjoan.es\/ca\/wp-json\/wp\/v2\/pages"}],"about":[{"href":"https:\/\/turismosantjoan.es\/ca\/wp-json\/wp\/v2\/types\/page"}],"author":[{"embeddable":true,"href":"https:\/\/turismosantjoan.es\/ca\/wp-json\/wp\/v2\/users\/1"}],"replies":[{"embeddable":true,"href":"https:\/\/turismosantjoan.es\/ca\/wp-json\/wp\/v2\/comments?post=7379"}],"version-history":[{"count":0,"href":"https:\/\/turismosantjoan.es\/ca\/wp-json\/wp\/v2\/pages\/7379\/revisions"}],"wp:attachment":[{"href":"https:\/\/turismosantjoan.es\/ca\/wp-json\/wp\/v2\/media?parent=7379"}],"curies":[{"name":"wp","href":"https:\/\/api.w.org\/{rel}","templated":true}]}}