{"id":7381,"date":"2023-08-04T11:36:04","date_gmt":"2023-08-04T11:36:04","guid":{"rendered":"https:\/\/turismo-sj.developersasapglobalsolution.com\/jocs-i-esports\/"},"modified":"2023-09-19T12:42:58","modified_gmt":"2023-09-19T12:42:58","slug":"jocs-i-esports","status":"publish","type":"page","link":"https:\/\/turismosantjoan.es\/ca\/jocs-i-esports\/","title":{"rendered":"Jocs i esports"},"content":{"rendered":"\t\t<div data-elementor-type=\"wp-page\" data-elementor-id=\"7381\" class=\"elementor elementor-7381 elementor-4334\" data-elementor-post-type=\"page\">\n\t\t\t\t\t\t<section class=\"elementor-section elementor-top-section elementor-element elementor-element-fd773a0 elementor-section-content-middle elementor-section-boxed elementor-section-height-default elementor-section-height-default\" data-id=\"fd773a0\" data-element_type=\"section\" data-e-type=\"section\" data-settings=\"{&quot;background_background&quot;:&quot;classic&quot;,&quot;shape_divider_bottom&quot;:&quot;mountains&quot;,&quot;shape_divider_top&quot;:&quot;mountains&quot;}\">\n\t\t\t\t\t\t\t<div class=\"elementor-background-overlay\"><\/div>\n\t\t\t\t\t\t<div class=\"elementor-shape elementor-shape-top\" aria-hidden=\"true\" data-negative=\"false\">\n\t\t\t<svg xmlns=\"http:\/\/www.w3.org\/2000\/svg\" viewBox=\"0 0 1000 100\" preserveAspectRatio=\"none\">\n\t<path class=\"elementor-shape-fill\" opacity=\"0.33\" d=\"M473,67.3c-203.9,88.3-263.1-34-320.3,0C66,119.1,0,59.7,0,59.7V0h1000v59.7 c0,0-62.1,26.1-94.9,29.3c-32.8,3.3-62.8-12.3-75.8-22.1C806,49.6,745.3,8.7,694.9,4.7S492.4,59,473,67.3z\"\/>\n\t<path class=\"elementor-shape-fill\" opacity=\"0.66\" d=\"M734,67.3c-45.5,0-77.2-23.2-129.1-39.1c-28.6-8.7-150.3-10.1-254,39.1 s-91.7-34.4-149.2,0C115.7,118.3,0,39.8,0,39.8V0h1000v36.5c0,0-28.2-18.5-92.1-18.5C810.2,18.1,775.7,67.3,734,67.3z\"\/>\n\t<path class=\"elementor-shape-fill\" d=\"M766.1,28.9c-200-57.5-266,65.5-395.1,19.5C242,1.8,242,5.4,184.8,20.6C128,35.8,132.3,44.9,89.9,52.5C28.6,63.7,0,0,0,0 h1000c0,0-9.9,40.9-83.6,48.1S829.6,47,766.1,28.9z\"\/>\n<\/svg>\t\t<\/div>\n\t\t\t\t<div class=\"elementor-shape elementor-shape-bottom\" aria-hidden=\"true\" data-negative=\"false\">\n\t\t\t<svg xmlns=\"http:\/\/www.w3.org\/2000\/svg\" viewBox=\"0 0 1000 100\" preserveAspectRatio=\"none\">\n\t<path class=\"elementor-shape-fill\" opacity=\"0.33\" d=\"M473,67.3c-203.9,88.3-263.1-34-320.3,0C66,119.1,0,59.7,0,59.7V0h1000v59.7 c0,0-62.1,26.1-94.9,29.3c-32.8,3.3-62.8-12.3-75.8-22.1C806,49.6,745.3,8.7,694.9,4.7S492.4,59,473,67.3z\"\/>\n\t<path class=\"elementor-shape-fill\" opacity=\"0.66\" d=\"M734,67.3c-45.5,0-77.2-23.2-129.1-39.1c-28.6-8.7-150.3-10.1-254,39.1 s-91.7-34.4-149.2,0C115.7,118.3,0,39.8,0,39.8V0h1000v36.5c0,0-28.2-18.5-92.1-18.5C810.2,18.1,775.7,67.3,734,67.3z\"\/>\n\t<path class=\"elementor-shape-fill\" d=\"M766.1,28.9c-200-57.5-266,65.5-395.1,19.5C242,1.8,242,5.4,184.8,20.6C128,35.8,132.3,44.9,89.9,52.5C28.6,63.7,0,0,0,0 h1000c0,0-9.9,40.9-83.6,48.1S829.6,47,766.1,28.9z\"\/>\n<\/svg>\t\t<\/div>\n\t\t\t\t\t<div class=\"elementor-container elementor-column-gap-no\">\n\t\t\t\t\t<div class=\"elementor-column elementor-col-100 elementor-top-column elementor-element elementor-element-ae1d2a4\" data-id=\"ae1d2a4\" data-element_type=\"column\" data-e-type=\"column\" data-settings=\"{&quot;background_background&quot;:&quot;classic&quot;}\">\n\t\t\t<div class=\"elementor-widget-wrap elementor-element-populated\">\n\t\t\t\t\t\t<section class=\"elementor-section elementor-inner-section elementor-element elementor-element-cef5e47 elementor-section-full_width elementor-section-height-default elementor-section-height-default\" data-id=\"cef5e47\" data-element_type=\"section\" data-e-type=\"section\">\n\t\t\t\t\t\t<div class=\"elementor-container elementor-column-gap-default\">\n\t\t\t\t\t<div class=\"elementor-column elementor-col-100 elementor-inner-column elementor-element elementor-element-e423dce\" data-id=\"e423dce\" data-element_type=\"column\" data-e-type=\"column\">\n\t\t\t<div class=\"elementor-widget-wrap elementor-element-populated\">\n\t\t\t\t\t\t<div class=\"elementor-element elementor-element-d4d5a5f elementor-invisible elementor-widget elementor-widget-heading\" data-id=\"d4d5a5f\" data-element_type=\"widget\" data-e-type=\"widget\" data-settings=\"{&quot;_animation&quot;:&quot;fadeInUp&quot;,&quot;_animation_delay&quot;:100}\" data-widget_type=\"heading.default\">\n\t\t\t\t<div class=\"elementor-widget-container\">\n\t\t\t\t\t<h1 class=\"elementor-heading-title elementor-size-default\">JOCS I ESPORTS<\/h1>\t\t\t\t<\/div>\n\t\t\t\t<\/div>\n\t\t\t\t\t<\/div>\n\t\t<\/div>\n\t\t\t\t\t<\/div>\n\t\t<\/section>\n\t\t\t\t\t<\/div>\n\t\t<\/div>\n\t\t\t\t\t<\/div>\n\t\t<\/section>\n\t\t\t\t<section class=\"elementor-section elementor-top-section elementor-element elementor-element-566a11a elementor-section-boxed elementor-section-height-default elementor-section-height-default\" data-id=\"566a11a\" data-element_type=\"section\" data-e-type=\"section\">\n\t\t\t\t\t\t<div class=\"elementor-container elementor-column-gap-default\">\n\t\t\t\t\t<div class=\"elementor-column elementor-col-100 elementor-top-column elementor-element elementor-element-605db20\" data-id=\"605db20\" data-element_type=\"column\" data-e-type=\"column\">\n\t\t\t<div class=\"elementor-widget-wrap elementor-element-populated\">\n\t\t\t\t\t\t<div class=\"elementor-element elementor-element-53184c5 elementor-widget elementor-widget-text-editor\" data-id=\"53184c5\" data-element_type=\"widget\" data-e-type=\"widget\" data-widget_type=\"text-editor.default\">\n\t\t\t\t<div class=\"elementor-widget-container\">\n\t\t\t\t\t\t\t\t\t<p>La pilota a Sant Joan<\/p>\t\t\t\t\t\t\t\t<\/div>\n\t\t\t\t<\/div>\n\t\t\t\t<div class=\"elementor-element elementor-element-6762c0e elementor-widget elementor-widget-text-editor\" data-id=\"6762c0e\" data-element_type=\"widget\" data-e-type=\"widget\" data-widget_type=\"text-editor.default\">\n\t\t\t\t<div class=\"elementor-widget-container\">\n\t\t\t\t\t\t\t\t\t<p>Recordem com a antics pilotaires <strong>Ximo Miralles, Vicente, Paco Navarro, Pepe del bar San Roc, Jaime Olcina, Julianet, Paquito l&#8217;\u00e0via, Vicente Caturla<\/strong>\u2026 Aficionats que cada vesprada deixaven el seu treball i es posaven el guant colpejant la pilota pels nostres carrers, carrers com la del Carmen, la de la Mar i fins i tot en Santa Fa\u00e7. Amb ells es va aconseguir legalitzar el <a href=\"http:\/\/vivesantjoan.es\/asociaciones\/club-de-pilota-benimagrell\/\">Club de Pilota Benimagrell<\/a>, entrant en la competici\u00f3 i consolidant tot el que hui dia altres jugadors defensen, perqu\u00e8 aquest esport continue portant el nom de la nostra localitat per diferents llocs.<\/p><p>Aquesta entitat esportiva va ser registrada oficialment com a club esportiu fa 32 anys. Malgrat aix\u00f2 es porta competint m\u00e9s de 55 anys en la nostra localitat. La primera lliga oficial disputada pel club, va ser la <a href=\"http:\/\/fedpival.es\/competicions\/torneig\/13\/17\">Lliga Auton\u00f2mica de Llargues i Palma <\/a>Trofeu Diputaci\u00f3 d\u2019Alacant, en la 3a categoria, competint contra altres localitats com Agost, Mutxamel, San Fulgencio o Tibi, entre moltes altres.<\/p>\t\t\t\t\t\t\t\t<\/div>\n\t\t\t\t<\/div>\n\t\t\t\t<div class=\"elementor-element elementor-element-75c60fa elementor-widget elementor-widget-image\" data-id=\"75c60fa\" data-element_type=\"widget\" data-e-type=\"widget\" data-widget_type=\"image.default\">\n\t\t\t\t<div class=\"elementor-widget-container\">\n\t\t\t\t\t\t\t\t\t\t\t\t\t\t\t<img fetchpriority=\"high\" decoding=\"async\" width=\"800\" height=\"533\" src=\"https:\/\/turismosantjoan.es\/wp-content\/uploads\/2023\/08\/pilota-valenciana-benimagrell.jpg\" class=\"attachment-large size-large wp-image-4337\" alt=\"\" srcset=\"https:\/\/turismosantjoan.es\/wp-content\/uploads\/2023\/08\/pilota-valenciana-benimagrell.jpg 960w, https:\/\/turismosantjoan.es\/wp-content\/uploads\/2023\/08\/pilota-valenciana-benimagrell-300x200.jpg 300w, https:\/\/turismosantjoan.es\/wp-content\/uploads\/2023\/08\/pilota-valenciana-benimagrell-768x512.jpg 768w\" sizes=\"(max-width: 800px) 100vw, 800px\" \/>\t\t\t\t\t\t\t\t\t\t\t\t\t\t\t<\/div>\n\t\t\t\t<\/div>\n\t\t\t\t<div class=\"elementor-element elementor-element-02a0a9c elementor-widget elementor-widget-text-editor\" data-id=\"02a0a9c\" data-element_type=\"widget\" data-e-type=\"widget\" data-widget_type=\"text-editor.default\">\n\t\t\t\t<div class=\"elementor-widget-container\">\n\t\t\t\t\t\t\t\t\t<p>Amb el pas dels anys, noves generacions s&#8217;han format i han competit per aquest club, destacant entre ells: <strong>Jaime, Pedro i Jos\u00e9 Olcina, Paco Terol, Felo Caturla o Jos\u00e9 Sala<\/strong>, entre altres. Tot aix\u00f2, va donar lloc al fet que en poc temps el <strong>Club de Pilota Benimagrell<\/strong> ascendira de categoria. Els seus primers triomfs va ser el campionat en tercera categoria i ascens a segona. Obtenint quatre campionats en 2a en les modalitats de Llargues i Palma. Amb la incorporaci\u00f3 de <strong>Daniel Sansano<\/strong>, servei de San Fulgencio, l&#8217;equip va ascendir a la 1a categoria, fent hist\u00f2ria en el club.<\/p>\t\t\t\t\t\t\t\t<\/div>\n\t\t\t\t<\/div>\n\t\t\t\t<section class=\"elementor-section elementor-inner-section elementor-element elementor-element-6be1a60 elementor-section-boxed elementor-section-height-default elementor-section-height-default\" data-id=\"6be1a60\" data-element_type=\"section\" data-e-type=\"section\">\n\t\t\t\t\t\t<div class=\"elementor-container elementor-column-gap-default\">\n\t\t\t\t\t<div class=\"elementor-column elementor-col-50 elementor-inner-column elementor-element elementor-element-1eba17b\" data-id=\"1eba17b\" data-element_type=\"column\" data-e-type=\"column\">\n\t\t\t<div class=\"elementor-widget-wrap elementor-element-populated\">\n\t\t\t\t\t\t<div class=\"elementor-element elementor-element-b1e8219 elementor-widget elementor-widget-image\" data-id=\"b1e8219\" data-element_type=\"widget\" data-e-type=\"widget\" data-widget_type=\"image.default\">\n\t\t\t\t<div class=\"elementor-widget-container\">\n\t\t\t\t\t\t\t\t\t\t\t\t\t\t\t<img decoding=\"async\" width=\"768\" height=\"610\" src=\"https:\/\/turismosantjoan.es\/wp-content\/uploads\/2023\/09\/FOTO-DE-SUSTITUCION-1-PILOTA-1-768x610.jpg\" class=\"attachment-medium_large size-medium_large wp-image-6255\" alt=\"\" srcset=\"https:\/\/turismosantjoan.es\/wp-content\/uploads\/2023\/09\/FOTO-DE-SUSTITUCION-1-PILOTA-1-768x610.jpg 768w, https:\/\/turismosantjoan.es\/wp-content\/uploads\/2023\/09\/FOTO-DE-SUSTITUCION-1-PILOTA-1-300x238.jpg 300w, https:\/\/turismosantjoan.es\/wp-content\/uploads\/2023\/09\/FOTO-DE-SUSTITUCION-1-PILOTA-1-1024x813.jpg 1024w, https:\/\/turismosantjoan.es\/wp-content\/uploads\/2023\/09\/FOTO-DE-SUSTITUCION-1-PILOTA-1.jpg 1065w\" sizes=\"(max-width: 768px) 100vw, 768px\" \/>\t\t\t\t\t\t\t\t\t\t\t\t\t\t\t<\/div>\n\t\t\t\t<\/div>\n\t\t\t\t<div class=\"elementor-element elementor-element-a1362e5 elementor-widget elementor-widget-text-editor\" data-id=\"a1362e5\" data-element_type=\"widget\" data-e-type=\"widget\" data-widget_type=\"text-editor.default\">\n\t\t\t\t<div class=\"elementor-widget-container\">\n\t\t\t\t\t\t\t\t\t<p style=\"text-align: center;\">Jugant en Benimagrell (Sant Joan d&#8217;Alacant)<\/p>\t\t\t\t\t\t\t\t<\/div>\n\t\t\t\t<\/div>\n\t\t\t\t\t<\/div>\n\t\t<\/div>\n\t\t\t\t<div class=\"elementor-column elementor-col-50 elementor-inner-column elementor-element elementor-element-c4068aa\" data-id=\"c4068aa\" data-element_type=\"column\" data-e-type=\"column\">\n\t\t\t<div class=\"elementor-widget-wrap elementor-element-populated\">\n\t\t\t\t\t\t<div class=\"elementor-element elementor-element-2ab7024 elementor-widget elementor-widget-image\" data-id=\"2ab7024\" data-element_type=\"widget\" data-e-type=\"widget\" data-widget_type=\"image.default\">\n\t\t\t\t<div class=\"elementor-widget-container\">\n\t\t\t\t\t\t\t\t\t\t\t\t\t\t\t<img decoding=\"async\" width=\"800\" height=\"533\" src=\"https:\/\/turismosantjoan.es\/wp-content\/uploads\/2023\/09\/FOTO-DE-SUSTITUCION-2-PILOTA-1024x682.jpg\" class=\"attachment-large size-large wp-image-6245\" alt=\"\" srcset=\"https:\/\/turismosantjoan.es\/wp-content\/uploads\/2023\/09\/FOTO-DE-SUSTITUCION-2-PILOTA-1024x682.jpg 1024w, https:\/\/turismosantjoan.es\/wp-content\/uploads\/2023\/09\/FOTO-DE-SUSTITUCION-2-PILOTA-300x200.jpg 300w, https:\/\/turismosantjoan.es\/wp-content\/uploads\/2023\/09\/FOTO-DE-SUSTITUCION-2-PILOTA-768x512.jpg 768w, https:\/\/turismosantjoan.es\/wp-content\/uploads\/2023\/09\/FOTO-DE-SUSTITUCION-2-PILOTA-1536x1023.jpg 1536w, https:\/\/turismosantjoan.es\/wp-content\/uploads\/2023\/09\/FOTO-DE-SUSTITUCION-2-PILOTA.jpg 1600w\" sizes=\"(max-width: 800px) 100vw, 800px\" \/>\t\t\t\t\t\t\t\t\t\t\t\t\t\t\t<\/div>\n\t\t\t\t<\/div>\n\t\t\t\t<div class=\"elementor-element elementor-element-f970ef3 elementor-widget elementor-widget-text-editor\" data-id=\"f970ef3\" data-element_type=\"widget\" data-e-type=\"widget\" data-widget_type=\"text-editor.default\">\n\t\t\t\t<div class=\"elementor-widget-container\">\n\t\t\t\t\t\t\t\t\t<p style=\"text-align: center;\">Escola de Pilota (Sant Joan d\u2019Alacant)<\/p>\t\t\t\t\t\t\t\t<\/div>\n\t\t\t\t<\/div>\n\t\t\t\t\t<\/div>\n\t\t<\/div>\n\t\t\t\t\t<\/div>\n\t\t<\/section>\n\t\t\t\t<div class=\"elementor-element elementor-element-bf1b16d elementor-widget elementor-widget-text-editor\" data-id=\"bf1b16d\" data-element_type=\"widget\" data-e-type=\"widget\" data-widget_type=\"text-editor.default\">\n\t\t\t\t<div class=\"elementor-widget-container\">\n\t\t\t\t\t\t\t\t\t<p>Tot aix\u00f2 ha donat lloc a joves promeses d&#8217;aquest esport, les quals es formen dia a dia en la <strong>Escola de Pilota<\/strong>, entitat que rep el suport de les seues governants e les institucions locals, destacant a Paco i D. Edmundo Seva. Aproximadament, al voltant de 22 alumnes es van integrar en el primer any, i actualment els xicotets i xicotetes pilotaires competeixen en els J<a href=\"http:\/\/www.ceice.gva.es\/web\/deporte\/jocs-esportius-de-la-comunitat-valenciana\">ocs Esportius de la Comunitat Valenciana.<\/a><\/p>\t\t\t\t\t\t\t\t<\/div>\n\t\t\t\t<\/div>\n\t\t\t\t<section class=\"elementor-section elementor-inner-section elementor-element elementor-element-bc5c9e0 elementor-section-boxed elementor-section-height-default elementor-section-height-default\" data-id=\"bc5c9e0\" data-element_type=\"section\" data-e-type=\"section\">\n\t\t\t\t\t\t<div class=\"elementor-container elementor-column-gap-default\">\n\t\t\t\t\t<div class=\"elementor-column elementor-col-50 elementor-inner-column elementor-element elementor-element-d4b05b3\" data-id=\"d4b05b3\" data-element_type=\"column\" data-e-type=\"column\">\n\t\t\t<div class=\"elementor-widget-wrap elementor-element-populated\">\n\t\t\t\t\t\t<div class=\"elementor-element elementor-element-f35a436 elementor-widget elementor-widget-image\" data-id=\"f35a436\" data-element_type=\"widget\" data-e-type=\"widget\" data-widget_type=\"image.default\">\n\t\t\t\t<div class=\"elementor-widget-container\">\n\t\t\t\t\t\t\t\t\t\t\t\t\t\t\t<img loading=\"lazy\" decoding=\"async\" width=\"800\" height=\"533\" src=\"https:\/\/turismosantjoan.es\/wp-content\/uploads\/2023\/09\/FOTO-DE-SUSTITUCION-4-PILOTA-1024x682.jpg\" class=\"attachment-large size-large wp-image-6251\" alt=\"\" srcset=\"https:\/\/turismosantjoan.es\/wp-content\/uploads\/2023\/09\/FOTO-DE-SUSTITUCION-4-PILOTA-1024x682.jpg 1024w, https:\/\/turismosantjoan.es\/wp-content\/uploads\/2023\/09\/FOTO-DE-SUSTITUCION-4-PILOTA-300x200.jpg 300w, https:\/\/turismosantjoan.es\/wp-content\/uploads\/2023\/09\/FOTO-DE-SUSTITUCION-4-PILOTA-768x512.jpg 768w, https:\/\/turismosantjoan.es\/wp-content\/uploads\/2023\/09\/FOTO-DE-SUSTITUCION-4-PILOTA-1536x1023.jpg 1536w, https:\/\/turismosantjoan.es\/wp-content\/uploads\/2023\/09\/FOTO-DE-SUSTITUCION-4-PILOTA.jpg 1600w\" sizes=\"(max-width: 800px) 100vw, 800px\" \/>\t\t\t\t\t\t\t\t\t\t\t\t\t\t\t<\/div>\n\t\t\t\t<\/div>\n\t\t\t\t\t<\/div>\n\t\t<\/div>\n\t\t\t\t<div class=\"elementor-column elementor-col-50 elementor-inner-column elementor-element elementor-element-4581eac\" data-id=\"4581eac\" data-element_type=\"column\" data-e-type=\"column\">\n\t\t\t<div class=\"elementor-widget-wrap elementor-element-populated\">\n\t\t\t\t\t\t<div class=\"elementor-element elementor-element-f8d4f82 elementor-widget elementor-widget-image\" data-id=\"f8d4f82\" data-element_type=\"widget\" data-e-type=\"widget\" data-widget_type=\"image.default\">\n\t\t\t\t<div class=\"elementor-widget-container\">\n\t\t\t\t\t\t\t\t\t\t\t\t\t\t\t<img loading=\"lazy\" decoding=\"async\" width=\"800\" height=\"533\" src=\"https:\/\/turismosantjoan.es\/wp-content\/uploads\/2023\/09\/FOTO-DE-SUSTITUCION-3-PILOTA-1024x682.jpg\" class=\"attachment-large size-large wp-image-6248\" alt=\"\" srcset=\"https:\/\/turismosantjoan.es\/wp-content\/uploads\/2023\/09\/FOTO-DE-SUSTITUCION-3-PILOTA-1024x682.jpg 1024w, https:\/\/turismosantjoan.es\/wp-content\/uploads\/2023\/09\/FOTO-DE-SUSTITUCION-3-PILOTA-300x200.jpg 300w, https:\/\/turismosantjoan.es\/wp-content\/uploads\/2023\/09\/FOTO-DE-SUSTITUCION-3-PILOTA-768x512.jpg 768w, https:\/\/turismosantjoan.es\/wp-content\/uploads\/2023\/09\/FOTO-DE-SUSTITUCION-3-PILOTA-1536x1023.jpg 1536w, https:\/\/turismosantjoan.es\/wp-content\/uploads\/2023\/09\/FOTO-DE-SUSTITUCION-3-PILOTA.jpg 1600w\" sizes=\"(max-width: 800px) 100vw, 800px\" \/>\t\t\t\t\t\t\t\t\t\t\t\t\t\t\t<\/div>\n\t\t\t\t<\/div>\n\t\t\t\t\t<\/div>\n\t\t<\/div>\n\t\t\t\t\t<\/div>\n\t\t<\/section>\n\t\t\t\t<div class=\"elementor-element elementor-element-411af00 elementor-widget elementor-widget-text-editor\" data-id=\"411af00\" data-element_type=\"widget\" data-e-type=\"widget\" data-widget_type=\"text-editor.default\">\n\t\t\t\t<div class=\"elementor-widget-container\">\n\t\t\t\t\t\t\t\t\t<p align=\"JUSTIFY\">Gran quantitat de santjoaners han col\u00b7laborat de l&#8217;una o l&#8217;altra forma perqu\u00e8 aquest club dia a dia continue creixent, podent continuar amb la seua labor i formant grans jugadors.<\/p><p align=\"JUSTIFY\">Entre les competicions que tenen lloc a la Comunitat Valenciana, com s\u00f3n la <a href=\"http:\/\/fedpival.es\/competicions\/torneig\/13\/17\">Lliga Auton\u00f2mica de Llargues i Palma Trofeu Diputaci\u00f3 d\u2019Alacant<\/a>, en la qual el nostre equip de primera de Llargues, va aconseguir quedar en segon lloc. Gr\u00e0cies a aqueix assoliment, el club va poder participar en la Coupe dones Champions, competici\u00f3 m\u00e9s important a nivell internacional de clubs, en la qual participen els equips campions belgues, holandesos, italians, francesos, bascos i valencians. Per al nostre equip va ser tot un honor poder representar al nostre Sant Joan d&#8217;Alacant en aquesta competici\u00f3, ja que mai abans en la hist\u00f2ria del Club de Pilota de Benimagrell havia succe\u00eft, i a m\u00e9s l&#8217;equip va aconseguir quedar <a href=\"http:\/\/fedpival.es\/cas\/noticias\/detalle\/3062\">subcampi\u00f3 en l&#8217;edici\u00f3 celebrada a Alfara del Patriarca (Val\u00e8ncia) en 2014<\/a>. A tot aix\u00f2 li segueixen un campionat de segona de palma i altres 5 subcampionats en primera categoria de llargues i <a href=\"http:\/\/fedpival.es\/competicions\/torneig\/13\/19\">perxa<\/a>, en els \u00faltims 5 anys.<\/p><p align=\"JUSTIFY\">Cada any el 9 d\u2019Octubre se celebra el <a href=\"http:\/\/www.santjoandalacant.es\/es\/node\/12387\">Memorial Jaime Olcina<\/a>, on els jugadors m\u00e9s destacats del moment acudeixen per a participar en aquest. Jaime va ser un gran impulsor de la pilota en Benimagrell, i a m\u00e9s compta amb un monument al Parc de Benimagrell.<\/p>\t\t\t\t\t\t\t\t<\/div>\n\t\t\t\t<\/div>\n\t\t\t\t<div class=\"elementor-element elementor-element-9fa0d0c elementor-widget elementor-widget-image\" data-id=\"9fa0d0c\" data-element_type=\"widget\" data-e-type=\"widget\" data-widget_type=\"image.default\">\n\t\t\t\t<div class=\"elementor-widget-container\">\n\t\t\t\t\t\t\t\t\t\t\t\t\t\t\t<img loading=\"lazy\" decoding=\"async\" width=\"800\" height=\"534\" src=\"https:\/\/turismosantjoan.es\/wp-content\/uploads\/2023\/08\/16-7-1200x800-1-1024x683.gif\" class=\"attachment-large size-large wp-image-4349\" alt=\"\" srcset=\"https:\/\/turismosantjoan.es\/wp-content\/uploads\/2023\/08\/16-7-1200x800-1-1024x683.gif 1024w, https:\/\/turismosantjoan.es\/wp-content\/uploads\/2023\/08\/16-7-1200x800-1-300x200.gif 300w, https:\/\/turismosantjoan.es\/wp-content\/uploads\/2023\/08\/16-7-1200x800-1-768x512.gif 768w\" sizes=\"(max-width: 800px) 100vw, 800px\" \/>\t\t\t\t\t\t\t\t\t\t\t\t\t\t\t<\/div>\n\t\t\t\t<\/div>\n\t\t\t\t<div class=\"elementor-element elementor-element-63c5546 elementor-widget elementor-widget-text-editor\" data-id=\"63c5546\" data-element_type=\"widget\" data-e-type=\"widget\" data-widget_type=\"text-editor.default\">\n\t\t\t\t<div class=\"elementor-widget-container\">\n\t\t\t\t\t\t\t\t\t<p>Monument Pilota Valenciana, Memorial Jaime Olcina, (Benimagrell, Sant Joan d&#8217;Alacant)<\/p>\t\t\t\t\t\t\t\t<\/div>\n\t\t\t\t<\/div>\n\t\t\t\t\t<\/div>\n\t\t<\/div>\n\t\t\t\t\t<\/div>\n\t\t<\/section>\n\t\t\t\t<\/div>\n\t\t","protected":false},"excerpt":{"rendered":"<p>JOCS I ESPORTS La pilota a Sant Joan Recordem com a antics pilotaires Ximo Miralles, Vicente, Paco Navarro, Pepe del bar San Roc, Jaime Olcina, Julianet, Paquito l&#8217;\u00e0via, Vicente Caturla\u2026 Aficionats que cada vesprada deixaven el seu treball i es posaven el guant colpejant la pilota pels nostres carrers, carrers com la del Carmen, la [&hellip;]<\/p>\n","protected":false},"author":1,"featured_media":0,"parent":0,"menu_order":0,"comment_status":"closed","ping_status":"closed","template":"","meta":{"footnotes":""},"class_list":["post-7381","page","type-page","status-publish","hentry"],"_links":{"self":[{"href":"https:\/\/turismosantjoan.es\/ca\/wp-json\/wp\/v2\/pages\/7381","targetHints":{"allow":["GET"]}}],"collection":[{"href":"https:\/\/turismosantjoan.es\/ca\/wp-json\/wp\/v2\/pages"}],"about":[{"href":"https:\/\/turismosantjoan.es\/ca\/wp-json\/wp\/v2\/types\/page"}],"author":[{"embeddable":true,"href":"https:\/\/turismosantjoan.es\/ca\/wp-json\/wp\/v2\/users\/1"}],"replies":[{"embeddable":true,"href":"https:\/\/turismosantjoan.es\/ca\/wp-json\/wp\/v2\/comments?post=7381"}],"version-history":[{"count":0,"href":"https:\/\/turismosantjoan.es\/ca\/wp-json\/wp\/v2\/pages\/7381\/revisions"}],"wp:attachment":[{"href":"https:\/\/turismosantjoan.es\/ca\/wp-json\/wp\/v2\/media?parent=7381"}],"curies":[{"name":"wp","href":"https:\/\/api.w.org\/{rel}","templated":true}]}}