{"id":7387,"date":"2023-07-21T10:03:03","date_gmt":"2023-07-21T10:03:03","guid":{"rendered":"https:\/\/turismo-sj.developersasapglobalsolution.com\/lhorta-alacantina\/"},"modified":"2023-09-19T12:53:22","modified_gmt":"2023-09-19T12:53:22","slug":"lhorta-alacantina","status":"publish","type":"page","link":"https:\/\/turismosantjoan.es\/ca\/lhorta-alacantina\/","title":{"rendered":"L&#8217;Horta Alacantina"},"content":{"rendered":"\t\t<div data-elementor-type=\"wp-page\" data-elementor-id=\"7387\" class=\"elementor elementor-7387 elementor-2638\" data-elementor-post-type=\"page\">\n\t\t\t\t\t\t<section class=\"elementor-section elementor-top-section elementor-element elementor-element-59df596 elementor-section-boxed elementor-section-height-default elementor-section-height-default\" data-id=\"59df596\" data-element_type=\"section\" data-e-type=\"section\" data-settings=\"{&quot;shape_divider_top&quot;:&quot;mountains&quot;,&quot;background_background&quot;:&quot;classic&quot;}\">\n\t\t\t\t\t<div class=\"elementor-shape elementor-shape-top\" aria-hidden=\"true\" data-negative=\"false\">\n\t\t\t<svg xmlns=\"http:\/\/www.w3.org\/2000\/svg\" viewBox=\"0 0 1000 100\" preserveAspectRatio=\"none\">\n\t<path class=\"elementor-shape-fill\" opacity=\"0.33\" d=\"M473,67.3c-203.9,88.3-263.1-34-320.3,0C66,119.1,0,59.7,0,59.7V0h1000v59.7 c0,0-62.1,26.1-94.9,29.3c-32.8,3.3-62.8-12.3-75.8-22.1C806,49.6,745.3,8.7,694.9,4.7S492.4,59,473,67.3z\"\/>\n\t<path class=\"elementor-shape-fill\" opacity=\"0.66\" d=\"M734,67.3c-45.5,0-77.2-23.2-129.1-39.1c-28.6-8.7-150.3-10.1-254,39.1 s-91.7-34.4-149.2,0C115.7,118.3,0,39.8,0,39.8V0h1000v36.5c0,0-28.2-18.5-92.1-18.5C810.2,18.1,775.7,67.3,734,67.3z\"\/>\n\t<path class=\"elementor-shape-fill\" d=\"M766.1,28.9c-200-57.5-266,65.5-395.1,19.5C242,1.8,242,5.4,184.8,20.6C128,35.8,132.3,44.9,89.9,52.5C28.6,63.7,0,0,0,0 h1000c0,0-9.9,40.9-83.6,48.1S829.6,47,766.1,28.9z\"\/>\n<\/svg>\t\t<\/div>\n\t\t\t\t\t<div class=\"elementor-container elementor-column-gap-no\">\n\t\t\t\t\t<div class=\"elementor-column elementor-col-100 elementor-top-column elementor-element elementor-element-a9f598c\" data-id=\"a9f598c\" data-element_type=\"column\" data-e-type=\"column\">\n\t\t\t<div class=\"elementor-widget-wrap elementor-element-populated\">\n\t\t\t\t\t\t<div class=\"elementor-element elementor-element-0b47c68 elementor-widget elementor-widget-heading\" data-id=\"0b47c68\" data-element_type=\"widget\" data-e-type=\"widget\" data-widget_type=\"heading.default\">\n\t\t\t\t<div class=\"elementor-widget-container\">\n\t\t\t\t\t<h1 class=\"elementor-heading-title elementor-size-xxl\">L'Horta Alacantina<\/h1>\t\t\t\t<\/div>\n\t\t\t\t<\/div>\n\t\t\t\t\t<\/div>\n\t\t<\/div>\n\t\t\t\t\t<\/div>\n\t\t<\/section>\n\t\t\t\t<section class=\"elementor-section elementor-top-section elementor-element elementor-element-939f107 elementor-section-boxed elementor-section-height-default elementor-section-height-default\" data-id=\"939f107\" data-element_type=\"section\" data-e-type=\"section\">\n\t\t\t\t\t\t<div class=\"elementor-container elementor-column-gap-default\">\n\t\t\t\t\t<div class=\"elementor-column elementor-col-100 elementor-top-column elementor-element elementor-element-6d61a3d\" data-id=\"6d61a3d\" data-element_type=\"column\" data-e-type=\"column\">\n\t\t\t<div class=\"elementor-widget-wrap elementor-element-populated\">\n\t\t\t\t\t\t<div class=\"elementor-element elementor-element-bbbdebf elementor-widget elementor-widget-text-editor\" data-id=\"bbbdebf\" data-element_type=\"widget\" data-e-type=\"widget\" data-widget_type=\"text-editor.default\">\n\t\t\t\t<div class=\"elementor-widget-container\">\n\t\t\t\t\t\t\t\t\t<p align=\"JUSTIFY\">La tradicional <a href=\"http:\/\/huertadealicante.es\/nuestra_historia.php\">Horta alacantina<\/a> compr\u00e9n els termes municipals d&#8217;Alacant, El Campello, Mutxamel i Sant Joan d&#8217;Alacant. Aquest singular espai f\u00e8rtil se situa en un pla litoral al NE del per\u00edmetre urb\u00e0 de la capital de la comarca de L&#8217;Alacant\u00ed, emmarcat al nord per les llomes de Xix\u00ed i les serres de Bonalba i Ballestera; al NW, amb els terrenys que enllacen amb els plans de Sant Vicent del Raspeig; a l&#8217;est per la costa de la platja de Sant Joan d&#8217;Alacant; al SW, pels pujols del Calvari, els Llomes del Garbinet i Lloma Redona, podent-se observar a l&#8217;oest de T\u00e1ngel les elevacions dels Llometes i al sud, una banda costanera formada per Serra Grossa, Cap dels Hortes i els Llometes del Far.<\/p><p align=\"JUSTIFY\">El riu Montnegre solca aquest paratge de calc\u00e0ries negres; \u00e9s definit com un riu-rambla. Aquesta inestabilitat, que es va mantindre fins als primers lustres del segle XIX, es pot identificar gr\u00e0cies a les rogacions ad petendam pluviam o pro pluvia i pro serenitate per a calmar i asserenar les aig\u00fces respectivament, als memorials i informes realitzats per a les inst\u00e0ncies pol\u00edtiques i a les dades procedents de l&#8217;an\u00e0lisi de les s\u00e8ries diezmales i de les fluctuacions dels preus dels productes agr\u00edcoles.<\/p><p align=\"JUSTIFY\">Per tant, aquesta societat agr\u00edcola ha estat, al llarg dels segles, lligada al cabal irregular del riu Montnegre i al sistema de reg que s&#8217;ha constru\u00eft i conservat al llarg d&#8217;aquestes cent\u00faries. Aquest sistema compr\u00e9n el pant\u00e0 de Tibi, i que tancava les seues comportes el 13 d&#8217;octubre de 1593; i els assuts situats en el terme municipal de Mutxamel: Els Fontetes, datat documentalment des de finals del segle XV i reconstru\u00eft a principis del segle XIX, Nou, obra aprovada el 21 de juny de 1377 pel rei Pere IV, encara que cap a 1578 el Consell alacant\u00ed va determinar un nou assut, i El Campello, existent des de finals del segle XVIII.<\/p><p align=\"JUSTIFY\">Aquest <a href=\"http:\/\/rua.ua.es\/dspace\/handle\/10045\/66648\">sistema de regadiu<\/a> va donar lloc a cultius variats on despuntaven les pereres i les figueres, les oliveres de la varietat dels grosales, vinyes, ametlers, garroferes, grans, barrilla, seda i altres produccions o la plantaci\u00f3 de moreres, palmeres, panissos i cigrons. En Benimagrell es va cultivar el c\u00e0nem, el lli i l&#8217;arr\u00f2s. Entre tots aquests productes, es troba el vi que va aconseguir el seu moment cim a la fi del segle despr\u00e9s de la signatura de diferents tractats comercials amb els gals, despr\u00e9s de ser delmats els seus cultius per la filoxera en 1877 i en 1882. Aquests tractats van tindre validesa per deu anys, per\u00f2 l&#8217;arribada de l&#8217;esmentada plaga a aquestes terres, el final de pacte en 1892, la recuperaci\u00f3 de les vinyes gal\u00b7les i la creixent producci\u00f3 algeriana van donar lloc al fet que apareguera una greu crisi en l&#8217;Horta alacantina.<\/p>\t\t\t\t\t\t\t\t<\/div>\n\t\t\t\t<\/div>\n\t\t\t\t<div class=\"elementor-element elementor-element-6362bc2 elementor-widget elementor-widget-image\" data-id=\"6362bc2\" data-element_type=\"widget\" data-e-type=\"widget\" data-widget_type=\"image.default\">\n\t\t\t\t<div class=\"elementor-widget-container\">\n\t\t\t\t\t\t\t\t\t\t\t\t\t\t\t<img decoding=\"async\" src=\"https:\/\/turismosantjoan.es\/wp-content\/uploads\/elementor\/thumbs\/FOTO-DE-SUSTITUCION-1-ARBOL-scaled-qbpz99890nkwjgdr5mw82b9m7ywxxg5xi7xpna6oi0.jpg\" title=\"OLYMPUS DIGITAL CAMERA\" alt=\"OLYMPUS DIGITAL CAMERA\" loading=\"lazy\" \/>\t\t\t\t\t\t\t\t\t\t\t\t\t\t\t<\/div>\n\t\t\t\t<\/div>\n\t\t\t\t\t<\/div>\n\t\t<\/div>\n\t\t\t\t\t<\/div>\n\t\t<\/section>\n\t\t\t\t<section class=\"elementor-section elementor-top-section elementor-element elementor-element-c0a8c72 elementor-section-boxed elementor-section-height-default elementor-section-height-default\" data-id=\"c0a8c72\" data-element_type=\"section\" data-e-type=\"section\">\n\t\t\t\t\t\t<div class=\"elementor-container elementor-column-gap-default\">\n\t\t\t\t\t<div class=\"elementor-column elementor-col-100 elementor-top-column elementor-element elementor-element-ee33975\" data-id=\"ee33975\" data-element_type=\"column\" data-e-type=\"column\">\n\t\t\t<div class=\"elementor-widget-wrap elementor-element-populated\">\n\t\t\t\t\t\t<div class=\"elementor-element elementor-element-7740834 elementor-widget elementor-widget-heading\" data-id=\"7740834\" data-element_type=\"widget\" data-e-type=\"widget\" data-widget_type=\"heading.default\">\n\t\t\t\t<div class=\"elementor-widget-container\">\n\t\t\t\t\t<h2 class=\"elementor-heading-title elementor-size-default\">Sabies que\u2026?<\/h2>\t\t\t\t<\/div>\n\t\t\t\t<\/div>\n\t\t\t\t<div class=\"elementor-element elementor-element-ca23e10 elementor-widget elementor-widget-text-editor\" data-id=\"ca23e10\" data-element_type=\"widget\" data-e-type=\"widget\" data-widget_type=\"text-editor.default\">\n\t\t\t\t<div class=\"elementor-widget-container\">\n\t\t\t\t\t\t\t\t\t<p align=\"JUSTIFY\">La riuada de 13 de novembre de 1697 va trencar uns maderos en el pant\u00e0 de Tibi i va obrir una bretxa de 10 x 8 metres a uns 30 metres del llit, encara que el Marqu\u00e9s Sr. Jorge Pr\u00f3spero Verboom -prestigi\u00f3s cap del cos d&#8217;enginyers militars creat per Felip V- creia que l&#8217;enorme bretxa era conseq\u00fc\u00e8ncia del sabotatge dut a terme pels propietaris de l&#8217;Aigua Vella.<\/p><p align=\"JUSTIFY\">Despr\u00e9s de la reparaci\u00f3, el 4 de desembre de 1738 es va tancar la porta gran perqu\u00e8 el pant\u00e0 poguera comen\u00e7ar a embassar de nou l&#8217;aigua i regular, d&#8217;aquesta manera, el reg en l&#8217;Horta d&#8217;Alacant.<\/p><p align=\"JUSTIFY\">La riuada de 17 d&#8217;agost de 1789 va trencar els assuts de Mutxamel i de Sant Joan d&#8217;Alacant i va inutilitzar la s\u00e9quia Major en emplenar-la amb els arrossegaments, segons l&#8217;informe del jutge administrador del pant\u00e0 Antonio Montenegro.<\/p><p align=\"JUSTIFY\">La riuada de 7 de setembre de 1793 va superar la terrassa del pant\u00e0 de Tibi uns tres metres arru\u00efnant el sobreeixidor i el pont. A la seua reparaci\u00f3 al\u00b7ludeix el mon\u00f2lit al costat del pont amb la inscripci\u00f3: \u201cCAROLVS IV \/ PATER PATRIE \/ PONTIS; VIAMQUE ROTIS \/ PROVEXIT \/ A. (NNO) D. OMINI) MDCCXCV\u201d. A m\u00e9s, va arrancar l&#8217;assut dels Fontetes i el seu casamata, va arrasar camps, camins i huit molins fariners van deixar de funcionar. La riuada d&#8217;11 d&#8217;abril de 1794, va destruir el Vaig moldre Nou i va amena\u00e7ar amb caure sobre la s\u00e9quia Major.<\/p>\t\t\t\t\t\t\t\t<\/div>\n\t\t\t\t<\/div>\n\t\t\t\t<section class=\"elementor-section elementor-inner-section elementor-element elementor-element-52f7d60 elementor-section-boxed elementor-section-height-default elementor-section-height-default\" data-id=\"52f7d60\" data-element_type=\"section\" data-e-type=\"section\">\n\t\t\t\t\t\t<div class=\"elementor-container elementor-column-gap-default\">\n\t\t\t\t\t<div class=\"elementor-column elementor-col-50 elementor-inner-column elementor-element elementor-element-7c8006f\" data-id=\"7c8006f\" data-element_type=\"column\" data-e-type=\"column\">\n\t\t\t<div class=\"elementor-widget-wrap elementor-element-populated\">\n\t\t\t\t\t\t<div class=\"elementor-element elementor-element-901926e elementor-widget elementor-widget-image\" data-id=\"901926e\" data-element_type=\"widget\" data-e-type=\"widget\" data-widget_type=\"image.default\">\n\t\t\t\t<div class=\"elementor-widget-container\">\n\t\t\t\t\t\t\t\t\t\t\t\t\t\t\t<img fetchpriority=\"high\" decoding=\"async\" width=\"800\" height=\"534\" src=\"https:\/\/turismosantjoan.es\/wp-content\/uploads\/2023\/07\/pantano-de-tibi-1024x683.jpg\" class=\"attachment-large size-large wp-image-389\" alt=\"\" srcset=\"https:\/\/turismosantjoan.es\/wp-content\/uploads\/2023\/07\/pantano-de-tibi-1024x683.jpg 1024w, https:\/\/turismosantjoan.es\/wp-content\/uploads\/2023\/07\/pantano-de-tibi-300x200.jpg 300w, https:\/\/turismosantjoan.es\/wp-content\/uploads\/2023\/07\/pantano-de-tibi-768x512.jpg 768w, https:\/\/turismosantjoan.es\/wp-content\/uploads\/2023\/07\/pantano-de-tibi-1536x1024.jpg 1536w, https:\/\/turismosantjoan.es\/wp-content\/uploads\/2023\/07\/pantano-de-tibi.jpg 1656w\" sizes=\"(max-width: 800px) 100vw, 800px\" \/>\t\t\t\t\t\t\t\t\t\t\t\t\t\t\t<\/div>\n\t\t\t\t<\/div>\n\t\t\t\t<div class=\"elementor-element elementor-element-510a8bf elementor-widget elementor-widget-text-editor\" data-id=\"510a8bf\" data-element_type=\"widget\" data-e-type=\"widget\" data-widget_type=\"text-editor.default\">\n\t\t\t\t<div class=\"elementor-widget-container\">\n\t\t\t\t\t\t\t\t\t<p>Pant\u00e0 de Tibi (Alacant)<\/p>\t\t\t\t\t\t\t\t<\/div>\n\t\t\t\t<\/div>\n\t\t\t\t\t<\/div>\n\t\t<\/div>\n\t\t\t\t<div class=\"elementor-column elementor-col-50 elementor-inner-column elementor-element elementor-element-a5d3153\" data-id=\"a5d3153\" data-element_type=\"column\" data-e-type=\"column\">\n\t\t\t<div class=\"elementor-widget-wrap elementor-element-populated\">\n\t\t\t\t\t\t<div class=\"elementor-element elementor-element-43b8750 elementor-widget elementor-widget-image\" data-id=\"43b8750\" data-element_type=\"widget\" data-e-type=\"widget\" data-widget_type=\"image.default\">\n\t\t\t\t<div class=\"elementor-widget-container\">\n\t\t\t\t\t\t\t\t\t\t\t\t\t\t\t<img decoding=\"async\" width=\"800\" height=\"448\" src=\"https:\/\/turismosantjoan.es\/wp-content\/uploads\/2023\/08\/FOTO-DE-SUSTITUCION-2-PARTIDOR-DEL-TORIL-2-1024x574.jpg\" class=\"attachment-large size-large wp-image-5851\" alt=\"\" srcset=\"https:\/\/turismosantjoan.es\/wp-content\/uploads\/2023\/08\/FOTO-DE-SUSTITUCION-2-PARTIDOR-DEL-TORIL-2-1024x574.jpg 1024w, https:\/\/turismosantjoan.es\/wp-content\/uploads\/2023\/08\/FOTO-DE-SUSTITUCION-2-PARTIDOR-DEL-TORIL-2-300x168.jpg 300w, https:\/\/turismosantjoan.es\/wp-content\/uploads\/2023\/08\/FOTO-DE-SUSTITUCION-2-PARTIDOR-DEL-TORIL-2-768x431.jpg 768w, https:\/\/turismosantjoan.es\/wp-content\/uploads\/2023\/08\/FOTO-DE-SUSTITUCION-2-PARTIDOR-DEL-TORIL-2-1536x862.jpg 1536w, https:\/\/turismosantjoan.es\/wp-content\/uploads\/2023\/08\/FOTO-DE-SUSTITUCION-2-PARTIDOR-DEL-TORIL-2.jpg 1815w\" sizes=\"(max-width: 800px) 100vw, 800px\" \/>\t\t\t\t\t\t\t\t\t\t\t\t\t\t\t<\/div>\n\t\t\t\t<\/div>\n\t\t\t\t\t<\/div>\n\t\t<\/div>\n\t\t\t\t\t<\/div>\n\t\t<\/section>\n\t\t\t\t\t<\/div>\n\t\t<\/div>\n\t\t\t\t\t<\/div>\n\t\t<\/section>\n\t\t\t\t<\/div>\n\t\t","protected":false},"excerpt":{"rendered":"<p>L&#8217;Horta Alacantina La tradicional Horta alacantina compr\u00e9n els termes municipals d&#8217;Alacant, El Campello, Mutxamel i Sant Joan d&#8217;Alacant. Aquest singular espai f\u00e8rtil se situa en un pla litoral al NE del per\u00edmetre urb\u00e0 de la capital de la comarca de L&#8217;Alacant\u00ed, emmarcat al nord per les llomes de Xix\u00ed i les serres de Bonalba i [&hellip;]<\/p>\n","protected":false},"author":1,"featured_media":0,"parent":0,"menu_order":0,"comment_status":"closed","ping_status":"closed","template":"","meta":{"footnotes":""},"class_list":["post-7387","page","type-page","status-publish","hentry"],"_links":{"self":[{"href":"https:\/\/turismosantjoan.es\/ca\/wp-json\/wp\/v2\/pages\/7387","targetHints":{"allow":["GET"]}}],"collection":[{"href":"https:\/\/turismosantjoan.es\/ca\/wp-json\/wp\/v2\/pages"}],"about":[{"href":"https:\/\/turismosantjoan.es\/ca\/wp-json\/wp\/v2\/types\/page"}],"author":[{"embeddable":true,"href":"https:\/\/turismosantjoan.es\/ca\/wp-json\/wp\/v2\/users\/1"}],"replies":[{"embeddable":true,"href":"https:\/\/turismosantjoan.es\/ca\/wp-json\/wp\/v2\/comments?post=7387"}],"version-history":[{"count":0,"href":"https:\/\/turismosantjoan.es\/ca\/wp-json\/wp\/v2\/pages\/7387\/revisions"}],"wp:attachment":[{"href":"https:\/\/turismosantjoan.es\/ca\/wp-json\/wp\/v2\/media?parent=7387"}],"curies":[{"name":"wp","href":"https:\/\/api.w.org\/{rel}","templated":true}]}}