{"id":7391,"date":"2023-08-03T10:25:37","date_gmt":"2023-08-03T10:25:37","guid":{"rendered":"https:\/\/turismo-sj.developersasapglobalsolution.com\/maria-auxiliadora\/"},"modified":"2023-09-19T14:18:57","modified_gmt":"2023-09-19T14:18:57","slug":"maria-auxiliadora","status":"publish","type":"page","link":"https:\/\/turismosantjoan.es\/ca\/maria-auxiliadora\/","title":{"rendered":"Mar\u00eda Auxiliadora"},"content":{"rendered":"\t\t<div data-elementor-type=\"wp-page\" data-elementor-id=\"7391\" class=\"elementor elementor-7391 elementor-4117\" data-elementor-post-type=\"page\">\n\t\t\t\t\t\t<section class=\"elementor-section elementor-top-section elementor-element elementor-element-fa83526 elementor-section-boxed elementor-section-height-default elementor-section-height-default\" data-id=\"fa83526\" data-element_type=\"section\" data-e-type=\"section\" data-settings=\"{&quot;shape_divider_top&quot;:&quot;mountains&quot;,&quot;background_background&quot;:&quot;classic&quot;}\">\n\t\t\t\t\t<div class=\"elementor-shape elementor-shape-top\" aria-hidden=\"true\" data-negative=\"false\">\n\t\t\t<svg xmlns=\"http:\/\/www.w3.org\/2000\/svg\" viewBox=\"0 0 1000 100\" preserveAspectRatio=\"none\">\n\t<path class=\"elementor-shape-fill\" opacity=\"0.33\" d=\"M473,67.3c-203.9,88.3-263.1-34-320.3,0C66,119.1,0,59.7,0,59.7V0h1000v59.7 c0,0-62.1,26.1-94.9,29.3c-32.8,3.3-62.8-12.3-75.8-22.1C806,49.6,745.3,8.7,694.9,4.7S492.4,59,473,67.3z\"\/>\n\t<path class=\"elementor-shape-fill\" opacity=\"0.66\" d=\"M734,67.3c-45.5,0-77.2-23.2-129.1-39.1c-28.6-8.7-150.3-10.1-254,39.1 s-91.7-34.4-149.2,0C115.7,118.3,0,39.8,0,39.8V0h1000v36.5c0,0-28.2-18.5-92.1-18.5C810.2,18.1,775.7,67.3,734,67.3z\"\/>\n\t<path class=\"elementor-shape-fill\" d=\"M766.1,28.9c-200-57.5-266,65.5-395.1,19.5C242,1.8,242,5.4,184.8,20.6C128,35.8,132.3,44.9,89.9,52.5C28.6,63.7,0,0,0,0 h1000c0,0-9.9,40.9-83.6,48.1S829.6,47,766.1,28.9z\"\/>\n<\/svg>\t\t<\/div>\n\t\t\t\t\t<div class=\"elementor-container elementor-column-gap-no\">\n\t\t\t\t\t<div class=\"elementor-column elementor-col-100 elementor-top-column elementor-element elementor-element-7225aef5\" data-id=\"7225aef5\" data-element_type=\"column\" data-e-type=\"column\">\n\t\t\t<div class=\"elementor-widget-wrap elementor-element-populated\">\n\t\t\t\t\t\t<div class=\"elementor-element elementor-element-4bc87cc0 elementor-widget elementor-widget-heading\" data-id=\"4bc87cc0\" data-element_type=\"widget\" data-e-type=\"widget\" data-widget_type=\"heading.default\">\n\t\t\t\t<div class=\"elementor-widget-container\">\n\t\t\t\t\t<h1 class=\"elementor-heading-title elementor-size-xxl\">Mar\u00eda Auxiliadora<\/h1>\t\t\t\t<\/div>\n\t\t\t\t<\/div>\n\t\t\t\t\t<\/div>\n\t\t<\/div>\n\t\t\t\t\t<\/div>\n\t\t<\/section>\n\t\t\t\t<section class=\"elementor-section elementor-top-section elementor-element elementor-element-8b3f3ba elementor-section-boxed elementor-section-height-default elementor-section-height-default\" data-id=\"8b3f3ba\" data-element_type=\"section\" data-e-type=\"section\">\n\t\t\t\t\t\t<div class=\"elementor-container elementor-column-gap-default\">\n\t\t\t\t\t<div class=\"elementor-column elementor-col-100 elementor-top-column elementor-element elementor-element-3b595e3c\" data-id=\"3b595e3c\" data-element_type=\"column\" data-e-type=\"column\">\n\t\t\t<div class=\"elementor-widget-wrap elementor-element-populated\">\n\t\t\t\t\t\t<div class=\"elementor-element elementor-element-6667f061 elementor-widget elementor-widget-text-editor\" data-id=\"6667f061\" data-element_type=\"widget\" data-e-type=\"widget\" data-widget_type=\"text-editor.default\">\n\t\t\t\t<div class=\"elementor-widget-container\">\n\t\t\t\t\t\t\t\t\t<p align=\"JUSTIFY\">La festa de Mar\u00eda Auxiliadora se celebra el 24 de maig. Es tracta d&#8217;una devoci\u00f3 i advocaci\u00f3 cristiana molt antiga que va arrancar en el segle III, gr\u00e0cies a l&#8217;influx d&#8217;alguns pares de l&#8217;Esgl\u00e9sia com Sant Joan Cris\u00f3stomo. La seua difusi\u00f3 va ser progressiva, especialment en l&#8217;ambient de situacions com la del Concili de Trento. No obstant aix\u00f2, la reformulaci\u00f3 de la devoci\u00f3 contempor\u00e0nia va sorgir arran de la s\u00faplica del papa Pius VII a la verge durant la captivitat al qual va estar sotm\u00e9s per Napole\u00f3. El pont\u00edfex va ser alliberat el 24 de maig de 1814 i aix\u00f2 va provocar que dedicara aquest dia a Mar\u00eda Auxiliadora. La propagaci\u00f3 d&#8217;aquesta advocaci\u00f3 mariana estaria molt prompte a c\u00e0rrec dels salesians fundats per Don Bosco que van crear en honor de la verge, esgl\u00e9sies, hospitals i escoles. La imatge de la verge es representa sempre amb el xiquet als seus bra\u00e7os, vestida amb els colors rosa i blau i portant els atributs reals com la corona i el ceptre real, segons la va imaginar el propi Do Bosco.<\/p>\t\t\t\t\t\t\t\t<\/div>\n\t\t\t\t<\/div>\n\t\t\t\t<section class=\"elementor-section elementor-inner-section elementor-element elementor-element-e95e9a0 elementor-section-boxed elementor-section-height-default elementor-section-height-default\" data-id=\"e95e9a0\" data-element_type=\"section\" data-e-type=\"section\">\n\t\t\t\t\t\t<div class=\"elementor-container elementor-column-gap-default\">\n\t\t\t\t\t<div class=\"elementor-column elementor-col-50 elementor-inner-column elementor-element elementor-element-5a46f5a\" data-id=\"5a46f5a\" data-element_type=\"column\" data-e-type=\"column\">\n\t\t\t<div class=\"elementor-widget-wrap elementor-element-populated\">\n\t\t\t\t\t\t<div class=\"elementor-element elementor-element-7941164 elementor-widget elementor-widget-image\" data-id=\"7941164\" data-element_type=\"widget\" data-e-type=\"widget\" data-widget_type=\"image.default\">\n\t\t\t\t<div class=\"elementor-widget-container\">\n\t\t\t\t\t\t\t\t\t\t\t\t\t\t\t<img fetchpriority=\"high\" decoding=\"async\" width=\"800\" height=\"534\" src=\"https:\/\/turismosantjoan.es\/wp-content\/uploads\/2023\/08\/maria-auxiliadora-02-2-1024x683.jpg\" class=\"attachment-large size-large wp-image-4121\" alt=\"\" srcset=\"https:\/\/turismosantjoan.es\/wp-content\/uploads\/2023\/08\/maria-auxiliadora-02-2-1024x683.jpg 1024w, https:\/\/turismosantjoan.es\/wp-content\/uploads\/2023\/08\/maria-auxiliadora-02-2-300x200.jpg 300w, https:\/\/turismosantjoan.es\/wp-content\/uploads\/2023\/08\/maria-auxiliadora-02-2-768x512.jpg 768w, https:\/\/turismosantjoan.es\/wp-content\/uploads\/2023\/08\/maria-auxiliadora-02-2-1536x1025.jpg 1536w, https:\/\/turismosantjoan.es\/wp-content\/uploads\/2023\/08\/maria-auxiliadora-02-2.jpg 1656w\" sizes=\"(max-width: 800px) 100vw, 800px\" \/>\t\t\t\t\t\t\t\t\t\t\t\t\t\t\t<\/div>\n\t\t\t\t<\/div>\n\t\t\t\t\t<\/div>\n\t\t<\/div>\n\t\t\t\t<div class=\"elementor-column elementor-col-50 elementor-inner-column elementor-element elementor-element-03af3d8\" data-id=\"03af3d8\" data-element_type=\"column\" data-e-type=\"column\">\n\t\t\t<div class=\"elementor-widget-wrap elementor-element-populated\">\n\t\t\t\t\t\t<div class=\"elementor-element elementor-element-c1ba971 elementor-widget elementor-widget-image\" data-id=\"c1ba971\" data-element_type=\"widget\" data-e-type=\"widget\" data-widget_type=\"image.default\">\n\t\t\t\t<div class=\"elementor-widget-container\">\n\t\t\t\t\t\t\t\t\t\t\t\t\t\t\t<img decoding=\"async\" width=\"800\" height=\"534\" src=\"https:\/\/turismosantjoan.es\/wp-content\/uploads\/2023\/09\/FOTO-DE-SUSTITUCION-1-PROCESION-MARIA-AUXILIADORA-1024x683.jpg\" class=\"attachment-large size-large wp-image-6101\" alt=\"\" srcset=\"https:\/\/turismosantjoan.es\/wp-content\/uploads\/2023\/09\/FOTO-DE-SUSTITUCION-1-PROCESION-MARIA-AUXILIADORA-1024x683.jpg 1024w, https:\/\/turismosantjoan.es\/wp-content\/uploads\/2023\/09\/FOTO-DE-SUSTITUCION-1-PROCESION-MARIA-AUXILIADORA-300x200.jpg 300w, https:\/\/turismosantjoan.es\/wp-content\/uploads\/2023\/09\/FOTO-DE-SUSTITUCION-1-PROCESION-MARIA-AUXILIADORA-768x512.jpg 768w, https:\/\/turismosantjoan.es\/wp-content\/uploads\/2023\/09\/FOTO-DE-SUSTITUCION-1-PROCESION-MARIA-AUXILIADORA-1536x1024.jpg 1536w, https:\/\/turismosantjoan.es\/wp-content\/uploads\/2023\/09\/FOTO-DE-SUSTITUCION-1-PROCESION-MARIA-AUXILIADORA-2048x1365.jpg 2048w\" sizes=\"(max-width: 800px) 100vw, 800px\" \/>\t\t\t\t\t\t\t\t\t\t\t\t\t\t\t<\/div>\n\t\t\t\t<\/div>\n\t\t\t\t\t<\/div>\n\t\t<\/div>\n\t\t\t\t\t<\/div>\n\t\t<\/section>\n\t\t\t\t<div class=\"elementor-element elementor-element-dc341a6 elementor-widget elementor-widget-text-editor\" data-id=\"dc341a6\" data-element_type=\"widget\" data-e-type=\"widget\" data-widget_type=\"text-editor.default\">\n\t\t\t\t<div class=\"elementor-widget-container\">\n\t\t\t\t\t\t\t\t\t<p align=\"JUSTIFY\">L&#8217;origen de la devoci\u00f3 a Sant Joan cal situar-lo en la figura de Sra. Eloisa Loiznaz que va establir el sistema de capelles domicili\u00e0ries en la vila, un procediment pel qual una xicoteta capella m\u00f2bil amb la imatge de la verge anava girant per les cases de diverses persones. Es coneix que almenys des de principis del segle XX existia aquest costum. No obstant aix\u00f2, no va ser fins a 1999 quan es va establir a Sant Joan d&#8217;Alacant una devoci\u00f3 m\u00e9s forta cap a Mar\u00eda Auxiliadora. En aquest any un grup de dones de Sant Joan van acordar crear una associaci\u00f3 al nostre poble a manera de filial ve\u00efna poblaci\u00f3 del Campello que existia des de molt de temps arrere. Per primera vegada es va celebrar la festa entorn de l&#8217;onom\u00e0stica de la verge amb epicentre en el barri de *Canyaret, on residien diverses d&#8217;aquestes persones promotores de la nova festa. En tot just poc temps, la festa va cr\u00e9ixer i es va consolidar, i en 2002 l&#8217;associaci\u00f3 es va independitzar de la del Campello. Coincidint amb aquest fet, es va batejar la pla\u00e7a existent en el barri com de Mar\u00eda Auxiliadora, instal\u00b7lant-se all\u00ed un xicotet *caset\u00f3n amb un mural cer\u00e0mic de la Verge. Poc despr\u00e9s es va realitzar una nova imatge que va ser col\u00b7locada en la capella del Rosari de <a href=\"https:\/\/turismosantjoan.es\/ca\/esglesia-parroquial-sant-joan-baptista\/\">l&#8217;Esgl\u00e9sia Parroquial<\/a>.<\/p>\t\t\t\t\t\t\t\t<\/div>\n\t\t\t\t<\/div>\n\t\t\t\t<div class=\"elementor-element elementor-element-fca79a8 elementor-widget elementor-widget-image\" data-id=\"fca79a8\" data-element_type=\"widget\" data-e-type=\"widget\" data-widget_type=\"image.default\">\n\t\t\t\t<div class=\"elementor-widget-container\">\n\t\t\t\t\t\t\t\t\t\t\t\t\t\t\t<img decoding=\"async\" width=\"768\" height=\"512\" src=\"https:\/\/turismosantjoan.es\/wp-content\/uploads\/2023\/09\/FOTO-DE-SUSTITUCION-2-PROCESION-MARIA-AUXILIADORA-768x512.jpg\" class=\"attachment-medium_large size-medium_large wp-image-6104\" alt=\"\" srcset=\"https:\/\/turismosantjoan.es\/wp-content\/uploads\/2023\/09\/FOTO-DE-SUSTITUCION-2-PROCESION-MARIA-AUXILIADORA-768x512.jpg 768w, https:\/\/turismosantjoan.es\/wp-content\/uploads\/2023\/09\/FOTO-DE-SUSTITUCION-2-PROCESION-MARIA-AUXILIADORA-300x200.jpg 300w, https:\/\/turismosantjoan.es\/wp-content\/uploads\/2023\/09\/FOTO-DE-SUSTITUCION-2-PROCESION-MARIA-AUXILIADORA-1024x683.jpg 1024w, https:\/\/turismosantjoan.es\/wp-content\/uploads\/2023\/09\/FOTO-DE-SUSTITUCION-2-PROCESION-MARIA-AUXILIADORA-1536x1024.jpg 1536w, https:\/\/turismosantjoan.es\/wp-content\/uploads\/2023\/09\/FOTO-DE-SUSTITUCION-2-PROCESION-MARIA-AUXILIADORA-2048x1365.jpg 2048w\" sizes=\"(max-width: 768px) 100vw, 768px\" \/>\t\t\t\t\t\t\t\t\t\t\t\t\t\t\t<\/div>\n\t\t\t\t<\/div>\n\t\t\t\t<div class=\"elementor-element elementor-element-b0b7c96 elementor-widget elementor-widget-text-editor\" data-id=\"b0b7c96\" data-element_type=\"widget\" data-e-type=\"widget\" data-widget_type=\"text-editor.default\">\n\t\t\t\t<div class=\"elementor-widget-container\">\n\t\t\t\t\t\t\t\t\t<p align=\"JUSTIFY\">En l&#8217;actualitat, la festa es prolonga durant el cap de setmana posterior al 24 de maig i consisteix en diversos actes que comencen amb l&#8217;enllumenat extraordinari del barri en la vesprada del divendres. No falten a les nits revetla i m\u00fasica en directe i durant el dia, cercaviles amb banda de m\u00fasica o \u2018*colla de *dol\u00e7aina i *tabalet\u2019. Els actes principals s\u00f3n els religiosos entre els quals destaca sobretot la romeria en la vesprada del diumenge, moment en el qual la verge recorre els carrers del barri de Canyaret, engalanades per a l&#8217;ocasi\u00f3 amb banderes, cobertores als balcons, tests, flors i murta o romer escampats per onsevulla. En l&#8217;acte no falta la m\u00fasica i l&#8217;acompanyament de fidels i devots de la verge al costat del suport de totes les entitats festeres de Sant Joan. L&#8217;acte finalitza amb el sorteig de la capella domicili\u00e0ria de la verge que com antany, continua visitant les cases de les persones que s&#8217;inscriuen per a poder fer-ho. La verge \u00e9s traslladada a l&#8217;habitatge i es disparen focs artificials que posen el fermall d&#8217;or a la celebraci\u00f3.<\/p>\t\t\t\t\t\t\t\t<\/div>\n\t\t\t\t<\/div>\n\t\t\t\t\t<\/div>\n\t\t<\/div>\n\t\t\t\t\t<\/div>\n\t\t<\/section>\n\t\t\t\t<\/div>\n\t\t","protected":false},"excerpt":{"rendered":"<p>Mar\u00eda Auxiliadora La festa de Mar\u00eda Auxiliadora se celebra el 24 de maig. Es tracta d&#8217;una devoci\u00f3 i advocaci\u00f3 cristiana molt antiga que va arrancar en el segle III, gr\u00e0cies a l&#8217;influx d&#8217;alguns pares de l&#8217;Esgl\u00e9sia com Sant Joan Cris\u00f3stomo. La seua difusi\u00f3 va ser progressiva, especialment en l&#8217;ambient de situacions com la del Concili [&hellip;]<\/p>\n","protected":false},"author":1,"featured_media":0,"parent":0,"menu_order":0,"comment_status":"closed","ping_status":"closed","template":"","meta":{"footnotes":""},"class_list":["post-7391","page","type-page","status-publish","hentry"],"_links":{"self":[{"href":"https:\/\/turismosantjoan.es\/ca\/wp-json\/wp\/v2\/pages\/7391","targetHints":{"allow":["GET"]}}],"collection":[{"href":"https:\/\/turismosantjoan.es\/ca\/wp-json\/wp\/v2\/pages"}],"about":[{"href":"https:\/\/turismosantjoan.es\/ca\/wp-json\/wp\/v2\/types\/page"}],"author":[{"embeddable":true,"href":"https:\/\/turismosantjoan.es\/ca\/wp-json\/wp\/v2\/users\/1"}],"replies":[{"embeddable":true,"href":"https:\/\/turismosantjoan.es\/ca\/wp-json\/wp\/v2\/comments?post=7391"}],"version-history":[{"count":0,"href":"https:\/\/turismosantjoan.es\/ca\/wp-json\/wp\/v2\/pages\/7391\/revisions"}],"wp:attachment":[{"href":"https:\/\/turismosantjoan.es\/ca\/wp-json\/wp\/v2\/media?parent=7391"}],"curies":[{"name":"wp","href":"https:\/\/api.w.org\/{rel}","templated":true}]}}