{"id":7395,"date":"2023-07-25T11:06:09","date_gmt":"2023-07-25T11:06:09","guid":{"rendered":"https:\/\/turismo-sj.developersasapglobalsolution.com\/monestir-de-la-santa-fac\/"},"modified":"2023-09-19T14:25:33","modified_gmt":"2023-09-19T14:25:33","slug":"monestir-de-la-santa-fac","status":"publish","type":"page","link":"https:\/\/turismosantjoan.es\/ca\/monestir-de-la-santa-fac\/","title":{"rendered":"Monestir de la Santa Fa\u00e7"},"content":{"rendered":"\t\t<div data-elementor-type=\"wp-page\" data-elementor-id=\"7395\" class=\"elementor elementor-7395 elementor-3740\" data-elementor-post-type=\"page\">\n\t\t\t\t\t\t<section class=\"elementor-section elementor-top-section elementor-element elementor-element-157475ae elementor-section-boxed elementor-section-height-default elementor-section-height-default\" data-id=\"157475ae\" data-element_type=\"section\" data-e-type=\"section\" data-settings=\"{&quot;shape_divider_top&quot;:&quot;mountains&quot;,&quot;background_background&quot;:&quot;classic&quot;}\">\n\t\t\t\t\t<div class=\"elementor-shape elementor-shape-top\" aria-hidden=\"true\" data-negative=\"false\">\n\t\t\t<svg xmlns=\"http:\/\/www.w3.org\/2000\/svg\" viewBox=\"0 0 1000 100\" preserveAspectRatio=\"none\">\n\t<path class=\"elementor-shape-fill\" opacity=\"0.33\" d=\"M473,67.3c-203.9,88.3-263.1-34-320.3,0C66,119.1,0,59.7,0,59.7V0h1000v59.7 c0,0-62.1,26.1-94.9,29.3c-32.8,3.3-62.8-12.3-75.8-22.1C806,49.6,745.3,8.7,694.9,4.7S492.4,59,473,67.3z\"\/>\n\t<path class=\"elementor-shape-fill\" opacity=\"0.66\" d=\"M734,67.3c-45.5,0-77.2-23.2-129.1-39.1c-28.6-8.7-150.3-10.1-254,39.1 s-91.7-34.4-149.2,0C115.7,118.3,0,39.8,0,39.8V0h1000v36.5c0,0-28.2-18.5-92.1-18.5C810.2,18.1,775.7,67.3,734,67.3z\"\/>\n\t<path class=\"elementor-shape-fill\" d=\"M766.1,28.9c-200-57.5-266,65.5-395.1,19.5C242,1.8,242,5.4,184.8,20.6C128,35.8,132.3,44.9,89.9,52.5C28.6,63.7,0,0,0,0 h1000c0,0-9.9,40.9-83.6,48.1S829.6,47,766.1,28.9z\"\/>\n<\/svg>\t\t<\/div>\n\t\t\t\t\t<div class=\"elementor-container elementor-column-gap-no\">\n\t\t\t\t\t<div class=\"elementor-column elementor-col-100 elementor-top-column elementor-element elementor-element-517634b4\" data-id=\"517634b4\" data-element_type=\"column\" data-e-type=\"column\">\n\t\t\t<div class=\"elementor-widget-wrap elementor-element-populated\">\n\t\t\t\t\t\t<div class=\"elementor-element elementor-element-7e161029 elementor-widget elementor-widget-heading\" data-id=\"7e161029\" data-element_type=\"widget\" data-e-type=\"widget\" data-widget_type=\"heading.default\">\n\t\t\t\t<div class=\"elementor-widget-container\">\n\t\t\t\t\t<h1 class=\"elementor-heading-title elementor-size-xxl\">Monestir de la Santa Fa\u00e7<\/h1>\t\t\t\t<\/div>\n\t\t\t\t<\/div>\n\t\t\t\t\t<\/div>\n\t\t<\/div>\n\t\t\t\t\t<\/div>\n\t\t<\/section>\n\t\t\t\t<section class=\"elementor-section elementor-top-section elementor-element elementor-element-4d6fb8ed elementor-section-boxed elementor-section-height-default elementor-section-height-default\" data-id=\"4d6fb8ed\" data-element_type=\"section\" data-e-type=\"section\">\n\t\t\t\t\t\t<div class=\"elementor-container elementor-column-gap-default\">\n\t\t\t\t\t<div class=\"elementor-column elementor-col-100 elementor-top-column elementor-element elementor-element-3ed3ed9d\" data-id=\"3ed3ed9d\" data-element_type=\"column\" data-e-type=\"column\">\n\t\t\t<div class=\"elementor-widget-wrap elementor-element-populated\">\n\t\t\t\t\t\t<div class=\"elementor-element elementor-element-23402e10 elementor-widget elementor-widget-google_maps\" data-id=\"23402e10\" data-element_type=\"widget\" data-e-type=\"widget\" data-widget_type=\"google_maps.default\">\n\t\t\t\t<div class=\"elementor-widget-container\">\n\t\t\t\t\t\t\t<div class=\"elementor-custom-embed\">\n\t\t\t<iframe loading=\"lazy\"\n\t\t\t\t\tsrc=\"https:\/\/maps.google.com\/maps?q=C.%20Mayor%2C%202%2C%2003559%20Santa%20Faz%2C%20Alicante&#038;t=m&#038;z=15&#038;output=embed&#038;iwloc=near\"\n\t\t\t\t\ttitle=\"C. Mayor, 2, 03559 Santa Faz, Alicante\"\n\t\t\t\t\taria-label=\"C. Mayor, 2, 03559 Santa Faz, Alicante\"\n\t\t\t><\/iframe>\n\t\t<\/div>\n\t\t\t\t\t\t<\/div>\n\t\t\t\t<\/div>\n\t\t\t\t\t<\/div>\n\t\t<\/div>\n\t\t\t\t\t<\/div>\n\t\t<\/section>\n\t\t\t\t<section class=\"elementor-section elementor-top-section elementor-element elementor-element-412c648 elementor-section-boxed elementor-section-height-default elementor-section-height-default\" data-id=\"412c648\" data-element_type=\"section\" data-e-type=\"section\">\n\t\t\t\t\t\t<div class=\"elementor-container elementor-column-gap-default\">\n\t\t\t\t\t<div class=\"elementor-column elementor-col-100 elementor-top-column elementor-element elementor-element-fd26c74\" data-id=\"fd26c74\" data-element_type=\"column\" data-e-type=\"column\">\n\t\t\t<div class=\"elementor-widget-wrap elementor-element-populated\">\n\t\t\t\t\t\t<div class=\"elementor-element elementor-element-65ecbd39 elementor-widget elementor-widget-text-editor\" data-id=\"65ecbd39\" data-element_type=\"widget\" data-e-type=\"widget\" data-widget_type=\"text-editor.default\">\n\t\t\t\t<div class=\"elementor-widget-container\">\n\t\t\t\t\t\t\t\t\t<p align=\"JUSTIFY\">El monestir de la Santa Fa\u00e7 est\u00e0 situat en el cor de la pedania de Santa Fa\u00e7, que es troba <strong>entre els termes municipals de Sant Joan i Alacant<\/strong>. Encara que el convent pertany administrativament a Alacant, est\u00e0 emmarcat en la jurisdicci\u00f3 de la parr\u00f2quia de Sant Joan i molt vinculat al nostre poble. El primer monestir es va construir a la fi del segle XV, per\u00f2 la configuraci\u00f3 actual data del segle XVIII, gr\u00e0cies a l&#8217;obra dels arquitectes D. Fra Francisco Cabezas i Sr. Jos\u00e9 Terol d&#8217;estil Barroc.<\/p><p align=\"JUSTIFY\">Segons compte la tradici\u00f3, la rel\u00edquia de la Santa Fa\u00e7 va arribar a Sant Joan, procedent de Roma, de la m\u00e0 de <strong>Moss\u00e9n Pedro Mena<\/strong>. En <a href=\"https:\/\/www.turismosantjoan.es\/?page_id=99994527\">Cam\u00ed de Lloixa<\/a>, mentre tenia lloc una preg\u00e0ria per a pregar les pluges que mitigaren la sequera, la rel\u00edquia va comen\u00e7ar a plorar. L&#8217;autentiqueu de les ll\u00e0grimes va ser verificada pel cavaller <a href=\"https:\/\/www.turismosantjoan.es\/?page_id=99993903\">Sr. Guillem Pascual<\/a>. Despr\u00e9s del succ\u00e9s van arribar les pluges i amb elles el reconeixement del miracle. M\u00e9s tard el mateix Sr. Guillem Pascual cediria els terrenys on es va empla\u00e7ar el santuari en record de l&#8217;esdeveniment.<\/p><p align=\"JUSTIFY\">En 1518 la cust\u00f2dia del temple va ser confiada a la germanes clarisses coletinas de Gandia. Al costat del monestir es van construir dues torres defensives per a protecci\u00f3 de les religioses i habitants del xicotet caseriu. Una d&#8217;elles, la torre de Santa Fa\u00e7, encara es conserva en l&#8217;actualitat. En 1590 es va construir l&#8217;antic retaule renaixentista, amb les imatges de sants franciscans, la Ver\u00f3nica i Sant Joan Baptista entre altres, aix\u00ed com escenes de miracles de la Santa Fa\u00e7.<\/p>\t\t\t\t\t\t\t\t<\/div>\n\t\t\t\t<\/div>\n\t\t\t\t<div class=\"elementor-element elementor-element-e57515a elementor-widget elementor-widget-image\" data-id=\"e57515a\" data-element_type=\"widget\" data-e-type=\"widget\" data-widget_type=\"image.default\">\n\t\t\t\t<div class=\"elementor-widget-container\">\n\t\t\t\t\t\t\t\t\t\t\t\t\t\t\t<img fetchpriority=\"high\" decoding=\"async\" width=\"768\" height=\"512\" src=\"https:\/\/turismosantjoan.es\/wp-content\/uploads\/2023\/07\/Plaza-Sant-Faz-768x512.jpg\" class=\"attachment-medium_large size-medium_large wp-image-3746\" alt=\"\" srcset=\"https:\/\/turismosantjoan.es\/wp-content\/uploads\/2023\/07\/Plaza-Sant-Faz-768x512.jpg 768w, https:\/\/turismosantjoan.es\/wp-content\/uploads\/2023\/07\/Plaza-Sant-Faz-300x200.jpg 300w, https:\/\/turismosantjoan.es\/wp-content\/uploads\/2023\/07\/Plaza-Sant-Faz-1024x683.jpg 1024w, https:\/\/turismosantjoan.es\/wp-content\/uploads\/2023\/07\/Plaza-Sant-Faz-1536x1024.jpg 1536w, https:\/\/turismosantjoan.es\/wp-content\/uploads\/2023\/07\/Plaza-Sant-Faz.jpg 1656w\" sizes=\"(max-width: 768px) 100vw, 768px\" \/>\t\t\t\t\t\t\t\t\t\t\t\t\t\t\t<\/div>\n\t\t\t\t<\/div>\n\t\t\t\t<div class=\"elementor-element elementor-element-d06580b elementor-widget elementor-widget-text-editor\" data-id=\"d06580b\" data-element_type=\"widget\" data-e-type=\"widget\" data-widget_type=\"text-editor.default\">\n\t\t\t\t<div class=\"elementor-widget-container\">\n\t\t\t\t\t\t\t\t\t<p>Pla\u00e7a Santa Fa\u00e7 (Alacant)<\/p>\t\t\t\t\t\t\t\t<\/div>\n\t\t\t\t<\/div>\n\t\t\t\t<div class=\"elementor-element elementor-element-a8ae558 elementor-widget elementor-widget-text-editor\" data-id=\"a8ae558\" data-element_type=\"widget\" data-e-type=\"widget\" data-widget_type=\"text-editor.default\">\n\t\t\t\t<div class=\"elementor-widget-container\">\n\t\t\t\t\t\t\t\t\t<p align=\"JUSTIFY\">En el segle XVII, el Consell de la ciutat d&#8217;Alacant va decidir construir un cambril per a albergar la rel\u00edquia de la Santa Fa\u00e7. En aquesta obra van participar els artistes Sr. Pere Joan Valero, Sr. Juan Conchillos i Sr. Jos\u00e9 Vilanova. La distribuci\u00f3 arquitect\u00f2nica i decorativa segueix la representaci\u00f3 cosmol\u00f2gica de la Passi\u00f3, presentant fets divins i humans utilitzant les figures del cercle, unitat, eternitat i infinitat de D\u00e9u, i el triangle, ess\u00e8ncia trinit\u00e0ria de D\u00e9u. Segons Hern\u00e1ndez Guardiola \u00e9s una de les obres m\u00e9s valuoses del barroc hisp\u00e0.<\/p>\t\t\t\t\t\t\t\t<\/div>\n\t\t\t\t<\/div>\n\t\t\t\t<div class=\"elementor-element elementor-element-7c0e5a2 elementor-widget elementor-widget-image\" data-id=\"7c0e5a2\" data-element_type=\"widget\" data-e-type=\"widget\" data-widget_type=\"image.default\">\n\t\t\t\t<div class=\"elementor-widget-container\">\n\t\t\t\t\t\t\t\t\t\t\t\t\t\t\t<img decoding=\"async\" width=\"768\" height=\"512\" src=\"https:\/\/turismosantjoan.es\/wp-content\/uploads\/2023\/07\/Santa-Faz-768x512.jpg\" class=\"attachment-medium_large size-medium_large wp-image-3749\" alt=\"\" srcset=\"https:\/\/turismosantjoan.es\/wp-content\/uploads\/2023\/07\/Santa-Faz-768x512.jpg 768w, https:\/\/turismosantjoan.es\/wp-content\/uploads\/2023\/07\/Santa-Faz-300x200.jpg 300w, https:\/\/turismosantjoan.es\/wp-content\/uploads\/2023\/07\/Santa-Faz-1024x683.jpg 1024w, https:\/\/turismosantjoan.es\/wp-content\/uploads\/2023\/07\/Santa-Faz-1536x1024.jpg 1536w, https:\/\/turismosantjoan.es\/wp-content\/uploads\/2023\/07\/Santa-Faz.jpg 1656w\" sizes=\"(max-width: 768px) 100vw, 768px\" \/>\t\t\t\t\t\t\t\t\t\t\t\t\t\t\t<\/div>\n\t\t\t\t<\/div>\n\t\t\t\t<div class=\"elementor-element elementor-element-0f422cc elementor-widget elementor-widget-text-editor\" data-id=\"0f422cc\" data-element_type=\"widget\" data-e-type=\"widget\" data-widget_type=\"text-editor.default\">\n\t\t\t\t<div class=\"elementor-widget-container\">\n\t\t\t\t\t\t\t\t\t<p>Santa Fa\u00e7<\/p>\t\t\t\t\t\t\t\t<\/div>\n\t\t\t\t<\/div>\n\t\t\t\t<div class=\"elementor-element elementor-element-fc7b078 elementor-widget elementor-widget-text-editor\" data-id=\"fc7b078\" data-element_type=\"widget\" data-e-type=\"widget\" data-widget_type=\"text-editor.default\">\n\t\t\t\t<div class=\"elementor-widget-container\">\n\t\t\t\t\t\t\t\t\t<p align=\"JUSTIFY\">El conjunt religi\u00f3s que veiem en l&#8217;actualitat, \u00e9s una construcci\u00f3 de planta de creu llatina coronada per c\u00fapula de teula vidriada blava, soluci\u00f3 t\u00edpica del barroc valenci\u00e0. Destaca la fa\u00e7ana de l&#8217;esgl\u00e9sia, l&#8217;\u00fanica de tres cossos de la di\u00f2cesi d&#8217;Orihuela-Alacant en la qual apareix en el timp\u00e0, una representaci\u00f3 del miracle de les Tres Fa\u00e7s de la Santa Fa\u00e7, mentre que en el segon cos, apareix l&#8217;escut de la ciutat, rematant el conjunt una forn\u00edcula amb la imatge de Sant Francesc d&#8217;Ass\u00eds.<\/p><p align=\"JUSTIFY\">Durant la Guerra Civil, el monestir va ser assaltat i destru\u00eft gran part dels seus objectes i imatges. La Santa Fa\u00e7 i el cambril es van salvar gr\u00e0cies a la intervenci\u00f3 d&#8217;alguns ve\u00efns com a <strong>Sr. Antonio Santamar\u00eda i Sr. Vicente Rocamora<\/strong>. Durant tota la guerra, la rel\u00edquia va estar guardada en la Diputaci\u00f3 Provincial, tornant a donar-li culte despr\u00e9s de tres anys en la <a href=\"https:\/\/www.turismosantjoan.es\/?page_id=99996360\">Finca Vila Marco<\/a>, on es va emportar de manera secreta per a celebrar un acte religi\u00f3s i venerar-se durant unes hores. Actualment, el monestir es troba en un excel\u00b7lent estat de conservaci\u00f3 i est\u00e0 en cam\u00ed la seua declaraci\u00f3 com a B\u00e9 d&#8217;Inter\u00e9s Cultural.<\/p>\t\t\t\t\t\t\t\t<\/div>\n\t\t\t\t<\/div>\n\t\t\t\t<div class=\"elementor-element elementor-element-5c81df24 elementor-arrows-position-inside elementor-pagination-position-outside elementor-widget elementor-widget-image-carousel\" data-id=\"5c81df24\" data-element_type=\"widget\" data-e-type=\"widget\" data-settings=\"{&quot;slides_to_show&quot;:&quot;1&quot;,&quot;navigation&quot;:&quot;both&quot;,&quot;autoplay&quot;:&quot;yes&quot;,&quot;pause_on_hover&quot;:&quot;yes&quot;,&quot;pause_on_interaction&quot;:&quot;yes&quot;,&quot;autoplay_speed&quot;:5000,&quot;infinite&quot;:&quot;yes&quot;,&quot;effect&quot;:&quot;slide&quot;,&quot;speed&quot;:500}\" data-widget_type=\"image-carousel.default\">\n\t\t\t\t<div class=\"elementor-widget-container\">\n\t\t\t\t\t\t\t<div class=\"elementor-image-carousel-wrapper swiper\" role=\"region\" aria-roledescription=\"carousel\" aria-label=\"Image Carousel\" dir=\"ltr\">\n\t\t\t<div class=\"elementor-image-carousel swiper-wrapper\" aria-live=\"off\">\n\t\t\t\t\t\t\t\t<div class=\"swiper-slide\" role=\"group\" aria-roledescription=\"slide\" aria-label=\"1 of 17\"><figure class=\"swiper-slide-inner\"><img decoding=\"async\" class=\"swiper-slide-image\" src=\"https:\/\/turismosantjoan.es\/wp-content\/uploads\/2023\/07\/Monasterio-de-La-Santa-Faz-1-scaled.jpeg\" alt=\"Monasterio de La Santa Faz 1\" \/><\/figure><\/div><div class=\"swiper-slide\" role=\"group\" aria-roledescription=\"slide\" aria-label=\"2 of 17\"><figure class=\"swiper-slide-inner\"><img decoding=\"async\" class=\"swiper-slide-image\" src=\"https:\/\/turismosantjoan.es\/wp-content\/uploads\/2023\/07\/Monasterio-de-La-Santa-Faz-2.gif\" alt=\"Monasterio de La Santa Faz 2\" \/><\/figure><\/div><div class=\"swiper-slide\" role=\"group\" aria-roledescription=\"slide\" aria-label=\"3 of 17\"><figure class=\"swiper-slide-inner\"><img decoding=\"async\" class=\"swiper-slide-image\" src=\"https:\/\/turismosantjoan.es\/wp-content\/uploads\/2023\/07\/Monasterio-de-La-Santa-Faz-2.jpeg\" alt=\"Monasterio de La Santa Faz 2\" \/><\/figure><\/div><div class=\"swiper-slide\" role=\"group\" aria-roledescription=\"slide\" aria-label=\"4 of 17\"><figure class=\"swiper-slide-inner\"><img decoding=\"async\" class=\"swiper-slide-image\" src=\"https:\/\/turismosantjoan.es\/wp-content\/uploads\/2023\/07\/Monasterio-de-La-Santa-Faz-3.gif\" alt=\"Monasterio de La Santa Faz 3\" \/><\/figure><\/div><div class=\"swiper-slide\" role=\"group\" aria-roledescription=\"slide\" aria-label=\"5 of 17\"><figure class=\"swiper-slide-inner\"><img decoding=\"async\" class=\"swiper-slide-image\" src=\"https:\/\/turismosantjoan.es\/wp-content\/uploads\/2023\/07\/Monasterio-de-La-Santa-Faz-4.gif\" alt=\"Monasterio de La Santa Faz 4\" \/><\/figure><\/div><div class=\"swiper-slide\" role=\"group\" aria-roledescription=\"slide\" aria-label=\"6 of 17\"><figure class=\"swiper-slide-inner\"><img decoding=\"async\" class=\"swiper-slide-image\" src=\"https:\/\/turismosantjoan.es\/wp-content\/uploads\/2023\/07\/Monasterio-de-La-Santa-Faz-5.gif\" alt=\"Monasterio de La Santa Faz 5\" \/><\/figure><\/div><div class=\"swiper-slide\" role=\"group\" aria-roledescription=\"slide\" aria-label=\"7 of 17\"><figure class=\"swiper-slide-inner\"><img decoding=\"async\" class=\"swiper-slide-image\" src=\"https:\/\/turismosantjoan.es\/wp-content\/uploads\/2023\/07\/Monasterio-de-La-Santa-Faz-6.gif\" alt=\"Monasterio de La Santa Faz 6\" \/><\/figure><\/div><div class=\"swiper-slide\" role=\"group\" aria-roledescription=\"slide\" aria-label=\"8 of 17\"><figure class=\"swiper-slide-inner\"><img decoding=\"async\" class=\"swiper-slide-image\" src=\"https:\/\/turismosantjoan.es\/wp-content\/uploads\/2023\/07\/Monasterio-de-La-Santa-Faz-7.jpeg\" alt=\"Monasterio de La Santa Faz 7\" \/><\/figure><\/div><div class=\"swiper-slide\" role=\"group\" aria-roledescription=\"slide\" aria-label=\"9 of 17\"><figure class=\"swiper-slide-inner\"><img decoding=\"async\" class=\"swiper-slide-image\" src=\"https:\/\/turismosantjoan.es\/wp-content\/uploads\/2023\/07\/Monasterio-de-La-Santa-Faz-8.gif\" alt=\"Monasterio de La Santa Faz 8\" \/><\/figure><\/div><div class=\"swiper-slide\" role=\"group\" aria-roledescription=\"slide\" aria-label=\"10 of 17\"><figure class=\"swiper-slide-inner\"><img decoding=\"async\" class=\"swiper-slide-image\" src=\"https:\/\/turismosantjoan.es\/wp-content\/uploads\/2023\/07\/Monasterio-de-La-Santa-Faz-9.gif\" alt=\"Monasterio de La Santa Faz 9\" \/><\/figure><\/div><div class=\"swiper-slide\" role=\"group\" aria-roledescription=\"slide\" aria-label=\"11 of 17\"><figure class=\"swiper-slide-inner\"><img decoding=\"async\" class=\"swiper-slide-image\" src=\"https:\/\/turismosantjoan.es\/wp-content\/uploads\/2023\/07\/Monasterio-de-La-Santa-Faz-10.gif\" alt=\"Monasterio de La Santa Faz 10\" \/><\/figure><\/div><div class=\"swiper-slide\" role=\"group\" aria-roledescription=\"slide\" aria-label=\"12 of 17\"><figure class=\"swiper-slide-inner\"><img decoding=\"async\" class=\"swiper-slide-image\" src=\"https:\/\/turismosantjoan.es\/wp-content\/uploads\/2023\/07\/Monasterio-de-La-Santa-Faz-11.gif\" alt=\"Monasterio de La Santa Faz 11\" \/><\/figure><\/div><div class=\"swiper-slide\" role=\"group\" aria-roledescription=\"slide\" aria-label=\"13 of 17\"><figure class=\"swiper-slide-inner\"><img decoding=\"async\" class=\"swiper-slide-image\" src=\"https:\/\/turismosantjoan.es\/wp-content\/uploads\/2023\/07\/Monasterio-de-La-Santa-Faz-12.gif\" alt=\"Monasterio de La Santa Faz 12\" \/><\/figure><\/div><div class=\"swiper-slide\" role=\"group\" aria-roledescription=\"slide\" aria-label=\"14 of 17\"><figure class=\"swiper-slide-inner\"><img decoding=\"async\" class=\"swiper-slide-image\" src=\"https:\/\/turismosantjoan.es\/wp-content\/uploads\/2023\/07\/Monasterio-de-La-Santa-Faz-13.gif\" alt=\"Monasterio de La Santa Faz 13\" \/><\/figure><\/div><div class=\"swiper-slide\" role=\"group\" aria-roledescription=\"slide\" aria-label=\"15 of 17\"><figure class=\"swiper-slide-inner\"><img decoding=\"async\" class=\"swiper-slide-image\" src=\"https:\/\/turismosantjoan.es\/wp-content\/uploads\/2023\/07\/Monasterio-de-La-Santa-Faz-14.gif\" alt=\"Monasterio de La Santa Faz 14\" \/><\/figure><\/div><div class=\"swiper-slide\" role=\"group\" aria-roledescription=\"slide\" aria-label=\"16 of 17\"><figure class=\"swiper-slide-inner\"><img decoding=\"async\" class=\"swiper-slide-image\" src=\"https:\/\/turismosantjoan.es\/wp-content\/uploads\/2023\/07\/Monasterio-de-La-Santa-Faz-15.gif\" alt=\"Monasterio de La Santa Faz 15\" \/><\/figure><\/div><div class=\"swiper-slide\" role=\"group\" aria-roledescription=\"slide\" aria-label=\"17 of 17\"><figure class=\"swiper-slide-inner\"><img decoding=\"async\" class=\"swiper-slide-image\" src=\"https:\/\/turismosantjoan.es\/wp-content\/uploads\/2023\/07\/Monasterio-de-La-Santa-Faz-16.gif\" alt=\"Monasterio de La Santa Faz 16\" \/><\/figure><\/div>\t\t\t<\/div>\n\t\t\t\t\t\t\t\t\t\t\t\t<div class=\"elementor-swiper-button elementor-swiper-button-prev\" role=\"button\" tabindex=\"0\">\n\t\t\t\t\t\t<i aria-hidden=\"true\" class=\"eicon-chevron-left\"><\/i>\t\t\t\t\t<\/div>\n\t\t\t\t\t<div class=\"elementor-swiper-button elementor-swiper-button-next\" role=\"button\" tabindex=\"0\">\n\t\t\t\t\t\t<i aria-hidden=\"true\" class=\"eicon-chevron-right\"><\/i>\t\t\t\t\t<\/div>\n\t\t\t\t\n\t\t\t\t\t\t\t\t\t<div class=\"swiper-pagination\"><\/div>\n\t\t\t\t\t\t\t\t\t<\/div>\n\t\t\t\t\t\t<\/div>\n\t\t\t\t<\/div>\n\t\t\t\t<div class=\"elementor-element elementor-element-8de0bed elementor-widget elementor-widget-text-editor\" data-id=\"8de0bed\" data-element_type=\"widget\" data-e-type=\"widget\" data-widget_type=\"text-editor.default\">\n\t\t\t\t<div class=\"elementor-widget-container\">\n\t\t\t\t\t\t\t\t\t<p><strong>Sabies que\u2026?<\/strong><\/p>\t\t\t\t\t\t\t\t<\/div>\n\t\t\t\t<\/div>\n\t\t\t\t<div class=\"elementor-element elementor-element-d30ecc1 elementor-widget elementor-widget-text-editor\" data-id=\"d30ecc1\" data-element_type=\"widget\" data-e-type=\"widget\" data-widget_type=\"text-editor.default\">\n\t\t\t\t<div class=\"elementor-widget-container\">\n\t\t\t\t\t\t\t\t\t<p align=\"JUSTIFY\">L&#8217;autenticitat de la rel\u00edquia i els seus fets miraculosos ha sigut molt debatuda i estudiada des del segle XV. En 1525 la Santa Seu va aprovar els miracles de la Santa Fa\u00e7 i el Res Propi, concedint-li culte. No obstant aix\u00f2 a partir del segle XVII i durant el XVIII amb l&#8217;auge de la Il\u00b7lustraci\u00f3 es va produir la coneguda Disputa il\u00b7lustrada de la Santa Fa\u00e7. Entre els qui van debatre sobre la Santa Fa\u00e7 es trobaven Sr. Gregorio Mayans o el Deg\u00e0 Mart\u00ed.<\/p><p align=\"JUSTIFY\">La Santa Fa\u00e7 ha sigut una rel\u00edquia pelegrina a la ciutat d&#8217;Alacant i l&#8217;Horta al llarg dels segles amb motiu d&#8217;epid\u00e8mies, guerres o celebracions. Els trasllats a Sant Joan han sigut constatats en diverses ocasions. Entre els m\u00e9s recents es troben els de l&#8217;IV centenari en 1889, un en 1913 per la sequera o el realitzat en 1989 amb motiu del V Centenari, efem\u00e8ride en la qual tamb\u00e9 va ser portada a Benimagrell i Mutxamel. <strong>L&#8217;\u00faltima vegada que La Santa Fa\u00e7 va visitar l&#8217;esgl\u00e9sia de Sant Joan Baptista va ser en 2014, amb motiu del 525 aniversari del miracle de la Ll\u00e0grima.<\/strong><\/p><p align=\"JUSTIFY\">La romeria de la Santa Fa\u00e7 se celebra anualment des del segle XVI, entre la ciutat d&#8217;Alacant i el caseriu. Inicialment, aquest acte tenia lloc el 17 de mar\u00e7 per\u00f2 en el segle XVIII es va traslladar definitivament al segon dijous de Pasqua, dia en qu\u00e8 es continua celebrant. En l&#8217;\u00faltima d\u00e8cada, l&#8217;esdeveniment s&#8217;est\u00e0 convertint en una data clau per a adolescents i universitaris, els qui aprofiten la peregrinaci\u00f3 per a celebrar l&#8217;\u00faltima gran festa del calendari, abans de la clausura que precedeix als ex\u00e0mens finals.<\/p>\t\t\t\t\t\t\t\t<\/div>\n\t\t\t\t<\/div>\n\t\t\t\t\t<\/div>\n\t\t<\/div>\n\t\t\t\t\t<\/div>\n\t\t<\/section>\n\t\t\t\t<\/div>\n\t\t","protected":false},"excerpt":{"rendered":"<p>Monestir de la Santa Fa\u00e7 El monestir de la Santa Fa\u00e7 est\u00e0 situat en el cor de la pedania de Santa Fa\u00e7, que es troba entre els termes municipals de Sant Joan i Alacant. Encara que el convent pertany administrativament a Alacant, est\u00e0 emmarcat en la jurisdicci\u00f3 de la parr\u00f2quia de Sant Joan i molt [&hellip;]<\/p>\n","protected":false},"author":1,"featured_media":0,"parent":0,"menu_order":0,"comment_status":"closed","ping_status":"closed","template":"","meta":{"footnotes":""},"class_list":["post-7395","page","type-page","status-publish","hentry"],"_links":{"self":[{"href":"https:\/\/turismosantjoan.es\/ca\/wp-json\/wp\/v2\/pages\/7395","targetHints":{"allow":["GET"]}}],"collection":[{"href":"https:\/\/turismosantjoan.es\/ca\/wp-json\/wp\/v2\/pages"}],"about":[{"href":"https:\/\/turismosantjoan.es\/ca\/wp-json\/wp\/v2\/types\/page"}],"author":[{"embeddable":true,"href":"https:\/\/turismosantjoan.es\/ca\/wp-json\/wp\/v2\/users\/1"}],"replies":[{"embeddable":true,"href":"https:\/\/turismosantjoan.es\/ca\/wp-json\/wp\/v2\/comments?post=7395"}],"version-history":[{"count":0,"href":"https:\/\/turismosantjoan.es\/ca\/wp-json\/wp\/v2\/pages\/7395\/revisions"}],"wp:attachment":[{"href":"https:\/\/turismosantjoan.es\/ca\/wp-json\/wp\/v2\/media?parent=7395"}],"curies":[{"name":"wp","href":"https:\/\/api.w.org\/{rel}","templated":true}]}}