{"id":7399,"date":"2023-08-04T11:31:35","date_gmt":"2023-08-04T11:31:35","guid":{"rendered":"https:\/\/turismo-sj.developersasapglobalsolution.com\/musica-a-sant-joan\/"},"modified":"2023-09-19T15:04:43","modified_gmt":"2023-09-19T15:04:43","slug":"musica-a-sant-joan","status":"publish","type":"page","link":"https:\/\/turismosantjoan.es\/ca\/musica-a-sant-joan\/","title":{"rendered":"M\u00fasica a Sant Joan"},"content":{"rendered":"\t\t<div data-elementor-type=\"wp-page\" data-elementor-id=\"7399\" class=\"elementor elementor-7399 elementor-4323\" data-elementor-post-type=\"page\">\n\t\t\t\t\t\t<section class=\"elementor-section elementor-top-section elementor-element elementor-element-8bdb79c elementor-section-content-middle elementor-section-boxed elementor-section-height-default elementor-section-height-default\" data-id=\"8bdb79c\" data-element_type=\"section\" data-e-type=\"section\" data-settings=\"{&quot;background_background&quot;:&quot;classic&quot;,&quot;shape_divider_bottom&quot;:&quot;mountains&quot;,&quot;shape_divider_top&quot;:&quot;mountains&quot;}\">\n\t\t\t\t\t\t\t<div class=\"elementor-background-overlay\"><\/div>\n\t\t\t\t\t\t<div class=\"elementor-shape elementor-shape-top\" aria-hidden=\"true\" data-negative=\"false\">\n\t\t\t<svg xmlns=\"http:\/\/www.w3.org\/2000\/svg\" viewBox=\"0 0 1000 100\" preserveAspectRatio=\"none\">\n\t<path class=\"elementor-shape-fill\" opacity=\"0.33\" d=\"M473,67.3c-203.9,88.3-263.1-34-320.3,0C66,119.1,0,59.7,0,59.7V0h1000v59.7 c0,0-62.1,26.1-94.9,29.3c-32.8,3.3-62.8-12.3-75.8-22.1C806,49.6,745.3,8.7,694.9,4.7S492.4,59,473,67.3z\"\/>\n\t<path class=\"elementor-shape-fill\" opacity=\"0.66\" d=\"M734,67.3c-45.5,0-77.2-23.2-129.1-39.1c-28.6-8.7-150.3-10.1-254,39.1 s-91.7-34.4-149.2,0C115.7,118.3,0,39.8,0,39.8V0h1000v36.5c0,0-28.2-18.5-92.1-18.5C810.2,18.1,775.7,67.3,734,67.3z\"\/>\n\t<path class=\"elementor-shape-fill\" d=\"M766.1,28.9c-200-57.5-266,65.5-395.1,19.5C242,1.8,242,5.4,184.8,20.6C128,35.8,132.3,44.9,89.9,52.5C28.6,63.7,0,0,0,0 h1000c0,0-9.9,40.9-83.6,48.1S829.6,47,766.1,28.9z\"\/>\n<\/svg>\t\t<\/div>\n\t\t\t\t<div class=\"elementor-shape elementor-shape-bottom\" aria-hidden=\"true\" data-negative=\"false\">\n\t\t\t<svg xmlns=\"http:\/\/www.w3.org\/2000\/svg\" viewBox=\"0 0 1000 100\" preserveAspectRatio=\"none\">\n\t<path class=\"elementor-shape-fill\" opacity=\"0.33\" d=\"M473,67.3c-203.9,88.3-263.1-34-320.3,0C66,119.1,0,59.7,0,59.7V0h1000v59.7 c0,0-62.1,26.1-94.9,29.3c-32.8,3.3-62.8-12.3-75.8-22.1C806,49.6,745.3,8.7,694.9,4.7S492.4,59,473,67.3z\"\/>\n\t<path class=\"elementor-shape-fill\" opacity=\"0.66\" d=\"M734,67.3c-45.5,0-77.2-23.2-129.1-39.1c-28.6-8.7-150.3-10.1-254,39.1 s-91.7-34.4-149.2,0C115.7,118.3,0,39.8,0,39.8V0h1000v36.5c0,0-28.2-18.5-92.1-18.5C810.2,18.1,775.7,67.3,734,67.3z\"\/>\n\t<path class=\"elementor-shape-fill\" d=\"M766.1,28.9c-200-57.5-266,65.5-395.1,19.5C242,1.8,242,5.4,184.8,20.6C128,35.8,132.3,44.9,89.9,52.5C28.6,63.7,0,0,0,0 h1000c0,0-9.9,40.9-83.6,48.1S829.6,47,766.1,28.9z\"\/>\n<\/svg>\t\t<\/div>\n\t\t\t\t\t<div class=\"elementor-container elementor-column-gap-no\">\n\t\t\t\t\t<div class=\"elementor-column elementor-col-100 elementor-top-column elementor-element elementor-element-81cf4fc\" data-id=\"81cf4fc\" data-element_type=\"column\" data-e-type=\"column\" data-settings=\"{&quot;background_background&quot;:&quot;classic&quot;}\">\n\t\t\t<div class=\"elementor-widget-wrap elementor-element-populated\">\n\t\t\t\t\t\t<section class=\"elementor-section elementor-inner-section elementor-element elementor-element-6a25365 elementor-section-full_width elementor-section-height-default elementor-section-height-default\" data-id=\"6a25365\" data-element_type=\"section\" data-e-type=\"section\">\n\t\t\t\t\t\t<div class=\"elementor-container elementor-column-gap-default\">\n\t\t\t\t\t<div class=\"elementor-column elementor-col-100 elementor-inner-column elementor-element elementor-element-51c776f\" data-id=\"51c776f\" data-element_type=\"column\" data-e-type=\"column\">\n\t\t\t<div class=\"elementor-widget-wrap elementor-element-populated\">\n\t\t\t\t\t\t<div class=\"elementor-element elementor-element-23efe43 elementor-invisible elementor-widget elementor-widget-heading\" data-id=\"23efe43\" data-element_type=\"widget\" data-e-type=\"widget\" data-settings=\"{&quot;_animation&quot;:&quot;fadeInUp&quot;,&quot;_animation_delay&quot;:100}\" data-widget_type=\"heading.default\">\n\t\t\t\t<div class=\"elementor-widget-container\">\n\t\t\t\t\t<h1 class=\"elementor-heading-title elementor-size-default\">M\u00daSICA A SANT JOAN<\/h1>\t\t\t\t<\/div>\n\t\t\t\t<\/div>\n\t\t\t\t\t<\/div>\n\t\t<\/div>\n\t\t\t\t\t<\/div>\n\t\t<\/section>\n\t\t\t\t\t<\/div>\n\t\t<\/div>\n\t\t\t\t\t<\/div>\n\t\t<\/section>\n\t\t\t\t<section class=\"elementor-section elementor-top-section elementor-element elementor-element-54abc25 elementor-section-boxed elementor-section-height-default elementor-section-height-default\" data-id=\"54abc25\" data-element_type=\"section\" data-e-type=\"section\">\n\t\t\t\t\t\t<div class=\"elementor-container elementor-column-gap-default\">\n\t\t\t\t\t<div class=\"elementor-column elementor-col-100 elementor-top-column elementor-element elementor-element-2f9e278\" data-id=\"2f9e278\" data-element_type=\"column\" data-e-type=\"column\">\n\t\t\t<div class=\"elementor-widget-wrap elementor-element-populated\">\n\t\t\t\t\t\t<div class=\"elementor-element elementor-element-bcf21ee elementor-widget elementor-widget-text-editor\" data-id=\"bcf21ee\" data-element_type=\"widget\" data-e-type=\"widget\" data-widget_type=\"text-editor.default\">\n\t\t\t\t<div class=\"elementor-widget-container\">\n\t\t\t\t\t\t\t\t\t<p><strong>L&#8217;Escola Elemental de M\u00fasica Maestro Climent<\/strong> i el Centre Professional autoritzat de M\u00fasica <strong>Vila de Sant Joan<\/strong> han consolidat una dotzena d&#8217;agrupacions art\u00edstiques estables i altres tants grups de cambra, destacant la banda de m\u00fasica, l&#8217;orquestra simf\u00f2nica i l&#8217;orfe\u00f3.<\/p><p><a href=\"http:\/\/www.musicasanjuan.com\/escuela\/\">L&#8217;Escola elemental de M\u00fasica Maestro Climent<\/a><\/p>\t\t\t\t\t\t\t\t<\/div>\n\t\t\t\t<\/div>\n\t\t\t\t<div class=\"elementor-element elementor-element-39df31c elementor-widget elementor-widget-image\" data-id=\"39df31c\" data-element_type=\"widget\" data-e-type=\"widget\" data-widget_type=\"image.default\">\n\t\t\t\t<div class=\"elementor-widget-container\">\n\t\t\t\t\t\t\t\t\t\t\t\t\t\t\t<img fetchpriority=\"high\" decoding=\"async\" width=\"800\" height=\"534\" src=\"https:\/\/turismosantjoan.es\/wp-content\/uploads\/2023\/08\/banda-musica-1200x800-1-1024x683.gif\" class=\"attachment-large size-large wp-image-4326\" alt=\"\" srcset=\"https:\/\/turismosantjoan.es\/wp-content\/uploads\/2023\/08\/banda-musica-1200x800-1-1024x683.gif 1024w, https:\/\/turismosantjoan.es\/wp-content\/uploads\/2023\/08\/banda-musica-1200x800-1-300x200.gif 300w, https:\/\/turismosantjoan.es\/wp-content\/uploads\/2023\/08\/banda-musica-1200x800-1-768x512.gif 768w\" sizes=\"(max-width: 800px) 100vw, 800px\" \/>\t\t\t\t\t\t\t\t\t\t\t\t\t\t\t<\/div>\n\t\t\t\t<\/div>\n\t\t\t\t<div class=\"elementor-element elementor-element-e39db65 elementor-widget elementor-widget-text-editor\" data-id=\"e39db65\" data-element_type=\"widget\" data-e-type=\"widget\" data-widget_type=\"text-editor.default\">\n\t\t\t\t<div class=\"elementor-widget-container\">\n\t\t\t\t\t\t\t\t\t<p>L&#8217;any 2001 es va crear l&#8217;escola elemental Maestro Climent amb la finalitat d&#8217;ensenyar m\u00fasica a totes aquelles persones interessades. Encara que va n\u00e0ixer amb la finalitat de promoure un ensenyament s\u00f2lid als aspirants a formar part de la banda, l&#8217;\u00e8xit i la demanda van ser tan aclaparadors que es van haver d&#8217;obrir altres l\u00ednies docents. En l&#8217;actualitat compta amb 38 professors amb experi\u00e8ncia i titulaci\u00f3 acreditada impartint un total de 23 assignatures. En el seu model educatiu la pr\u00e0ctica instrumental s&#8217;assaja a nivell grupal. Introdueix el folklore i el jazz en l&#8217;oferta acad\u00e8mica, aix\u00ed com avan\u00e7os tecnol\u00f2gics que permeten l&#8217;aprenentatge progressiu de la m\u00fasica.<\/p><p><a href=\"http:\/\/www.musicasanjuan.com\/conservatorio\/\">El centre professional de M\u00fasica Vila de Sant Joan<\/a><\/p>\t\t\t\t\t\t\t\t<\/div>\n\t\t\t\t<\/div>\n\t\t\t\t<section class=\"elementor-section elementor-inner-section elementor-element elementor-element-e5bd3a6 elementor-section-boxed elementor-section-height-default elementor-section-height-default\" data-id=\"e5bd3a6\" data-element_type=\"section\" data-e-type=\"section\">\n\t\t\t\t\t\t<div class=\"elementor-container elementor-column-gap-default\">\n\t\t\t\t\t<div class=\"elementor-column elementor-col-50 elementor-inner-column elementor-element elementor-element-3af0c25\" data-id=\"3af0c25\" data-element_type=\"column\" data-e-type=\"column\">\n\t\t\t<div class=\"elementor-widget-wrap elementor-element-populated\">\n\t\t\t\t\t\t<div class=\"elementor-element elementor-element-db00a68 elementor-widget elementor-widget-image\" data-id=\"db00a68\" data-element_type=\"widget\" data-e-type=\"widget\" data-widget_type=\"image.default\">\n\t\t\t\t<div class=\"elementor-widget-container\">\n\t\t\t\t\t\t\t\t\t\t\t\t\t\t\t<img decoding=\"async\" width=\"800\" height=\"534\" src=\"https:\/\/turismosantjoan.es\/wp-content\/uploads\/2023\/07\/banda-de-musica-1024x683.gif\" class=\"attachment-large size-large wp-image-476\" alt=\"\" srcset=\"https:\/\/turismosantjoan.es\/wp-content\/uploads\/2023\/07\/banda-de-musica-1024x683.gif 1024w, https:\/\/turismosantjoan.es\/wp-content\/uploads\/2023\/07\/banda-de-musica-300x200.gif 300w, https:\/\/turismosantjoan.es\/wp-content\/uploads\/2023\/07\/banda-de-musica-768x512.gif 768w\" sizes=\"(max-width: 800px) 100vw, 800px\" \/>\t\t\t\t\t\t\t\t\t\t\t\t\t\t\t<\/div>\n\t\t\t\t<\/div>\n\t\t\t\t\t<\/div>\n\t\t<\/div>\n\t\t\t\t<div class=\"elementor-column elementor-col-50 elementor-inner-column elementor-element elementor-element-022a58f\" data-id=\"022a58f\" data-element_type=\"column\" data-e-type=\"column\">\n\t\t\t<div class=\"elementor-widget-wrap elementor-element-populated\">\n\t\t\t\t\t\t<div class=\"elementor-element elementor-element-42c82ac elementor-widget elementor-widget-image\" data-id=\"42c82ac\" data-element_type=\"widget\" data-e-type=\"widget\" data-widget_type=\"image.default\">\n\t\t\t\t<div class=\"elementor-widget-container\">\n\t\t\t\t\t\t\t\t\t\t\t\t\t\t\t<img decoding=\"async\" width=\"800\" height=\"534\" src=\"https:\/\/turismosantjoan.es\/wp-content\/uploads\/2023\/08\/d-1-1200x800-1-1024x683.gif\" class=\"attachment-large size-large wp-image-4329\" alt=\"\" srcset=\"https:\/\/turismosantjoan.es\/wp-content\/uploads\/2023\/08\/d-1-1200x800-1-1024x683.gif 1024w, https:\/\/turismosantjoan.es\/wp-content\/uploads\/2023\/08\/d-1-1200x800-1-300x200.gif 300w, https:\/\/turismosantjoan.es\/wp-content\/uploads\/2023\/08\/d-1-1200x800-1-768x512.gif 768w\" sizes=\"(max-width: 800px) 100vw, 800px\" \/>\t\t\t\t\t\t\t\t\t\t\t\t\t\t\t<\/div>\n\t\t\t\t<\/div>\n\t\t\t\t\t<\/div>\n\t\t<\/div>\n\t\t\t\t\t<\/div>\n\t\t<\/section>\n\t\t\t\t<div class=\"elementor-element elementor-element-83253ee elementor-widget elementor-widget-text-editor\" data-id=\"83253ee\" data-element_type=\"widget\" data-e-type=\"widget\" data-widget_type=\"text-editor.default\">\n\t\t\t\t<div class=\"elementor-widget-container\">\n\t\t\t\t\t\t\t\t\t<p align=\"JUSTIFY\">La societat musical La Paz \u00e9s titular des de l&#8217;any 2010 del primer centre autoritzat d&#8217;ensenyament musical de cicle mitj\u00e0 de la prov\u00edncia d&#8217;Alacant, el conservatori conegut com a centre professional Vila de Sant Joan. Ac\u00ed els alumnes poden estudiar, examinar-se i obtindre una titulaci\u00f3 de grau professional oficial. Les especialitats instrumentals autoritzades per Educaci\u00f3 que ofereix s\u00f3n vent fusta (flauta travessera, obo\u00e9, clarinet, fagot i saxofon), vent metall (trompa, trompeta, tromb\u00f3 i tuba), corda fregada (viol\u00ed, viola, violoncel i contrabaix), percussi\u00f3 i piano.<\/p><p align=\"JUSTIFY\">Les assignatures impartides en el centre oficial de grau professional s\u00f3n les seg\u00fcents:<\/p><p align=\"JUSTIFY\">Instruments de Vent fusta: flauta travessera, obo\u00e9, clarinet, fagot i saxofon.<\/p><p align=\"JUSTIFY\">Instruments de Vent metall: trompa, trompeta, tromb\u00f3 i tuba<\/p><p align=\"JUSTIFY\">Instruments de Corda fregada: viol\u00ed, viola, violoncel i contrabaix<\/p><p align=\"JUSTIFY\">Percussi\u00f3<\/p><p align=\"JUSTIFY\">Piano<\/p>\t\t\t\t\t\t\t\t<\/div>\n\t\t\t\t<\/div>\n\t\t\t\t\t<\/div>\n\t\t<\/div>\n\t\t\t\t\t<\/div>\n\t\t<\/section>\n\t\t\t\t<\/div>\n\t\t","protected":false},"excerpt":{"rendered":"<p>M\u00daSICA A SANT JOAN L&#8217;Escola Elemental de M\u00fasica Maestro Climent i el Centre Professional autoritzat de M\u00fasica Vila de Sant Joan han consolidat una dotzena d&#8217;agrupacions art\u00edstiques estables i altres tants grups de cambra, destacant la banda de m\u00fasica, l&#8217;orquestra simf\u00f2nica i l&#8217;orfe\u00f3. L&#8217;Escola elemental de M\u00fasica Maestro Climent L&#8217;any 2001 es va crear l&#8217;escola [&hellip;]<\/p>\n","protected":false},"author":1,"featured_media":0,"parent":0,"menu_order":0,"comment_status":"closed","ping_status":"closed","template":"","meta":{"footnotes":""},"class_list":["post-7399","page","type-page","status-publish","hentry"],"_links":{"self":[{"href":"https:\/\/turismosantjoan.es\/ca\/wp-json\/wp\/v2\/pages\/7399","targetHints":{"allow":["GET"]}}],"collection":[{"href":"https:\/\/turismosantjoan.es\/ca\/wp-json\/wp\/v2\/pages"}],"about":[{"href":"https:\/\/turismosantjoan.es\/ca\/wp-json\/wp\/v2\/types\/page"}],"author":[{"embeddable":true,"href":"https:\/\/turismosantjoan.es\/ca\/wp-json\/wp\/v2\/users\/1"}],"replies":[{"embeddable":true,"href":"https:\/\/turismosantjoan.es\/ca\/wp-json\/wp\/v2\/comments?post=7399"}],"version-history":[{"count":0,"href":"https:\/\/turismosantjoan.es\/ca\/wp-json\/wp\/v2\/pages\/7399\/revisions"}],"wp:attachment":[{"href":"https:\/\/turismosantjoan.es\/ca\/wp-json\/wp\/v2\/media?parent=7399"}],"curies":[{"name":"wp","href":"https:\/\/api.w.org\/{rel}","templated":true}]}}