{"id":7401,"date":"2023-07-21T08:57:52","date_gmt":"2023-07-21T08:57:52","guid":{"rendered":"https:\/\/turismo-sj.developersasapglobalsolution.com\/la-nostra-arqueologia\/"},"modified":"2023-09-19T15:12:18","modified_gmt":"2023-09-19T15:12:18","slug":"la-nostra-arqueologia","status":"publish","type":"page","link":"https:\/\/turismosantjoan.es\/ca\/la-nostra-arqueologia\/","title":{"rendered":"La nostra arqueologia"},"content":{"rendered":"\t\t<div data-elementor-type=\"wp-page\" data-elementor-id=\"7401\" class=\"elementor elementor-7401 elementor-2523\" data-elementor-post-type=\"page\">\n\t\t\t\t\t\t<section class=\"elementor-section elementor-top-section elementor-element elementor-element-99f167a elementor-section-boxed elementor-section-height-default elementor-section-height-default\" data-id=\"99f167a\" data-element_type=\"section\" data-e-type=\"section\" data-settings=\"{&quot;shape_divider_top&quot;:&quot;mountains&quot;,&quot;background_background&quot;:&quot;classic&quot;}\">\n\t\t\t\t\t<div class=\"elementor-shape elementor-shape-top\" aria-hidden=\"true\" data-negative=\"false\">\n\t\t\t<svg xmlns=\"http:\/\/www.w3.org\/2000\/svg\" viewBox=\"0 0 1000 100\" preserveAspectRatio=\"none\">\n\t<path class=\"elementor-shape-fill\" opacity=\"0.33\" d=\"M473,67.3c-203.9,88.3-263.1-34-320.3,0C66,119.1,0,59.7,0,59.7V0h1000v59.7 c0,0-62.1,26.1-94.9,29.3c-32.8,3.3-62.8-12.3-75.8-22.1C806,49.6,745.3,8.7,694.9,4.7S492.4,59,473,67.3z\"\/>\n\t<path class=\"elementor-shape-fill\" opacity=\"0.66\" d=\"M734,67.3c-45.5,0-77.2-23.2-129.1-39.1c-28.6-8.7-150.3-10.1-254,39.1 s-91.7-34.4-149.2,0C115.7,118.3,0,39.8,0,39.8V0h1000v36.5c0,0-28.2-18.5-92.1-18.5C810.2,18.1,775.7,67.3,734,67.3z\"\/>\n\t<path class=\"elementor-shape-fill\" d=\"M766.1,28.9c-200-57.5-266,65.5-395.1,19.5C242,1.8,242,5.4,184.8,20.6C128,35.8,132.3,44.9,89.9,52.5C28.6,63.7,0,0,0,0 h1000c0,0-9.9,40.9-83.6,48.1S829.6,47,766.1,28.9z\"\/>\n<\/svg>\t\t<\/div>\n\t\t\t\t\t<div class=\"elementor-container elementor-column-gap-no\">\n\t\t\t\t\t<div class=\"elementor-column elementor-col-100 elementor-top-column elementor-element elementor-element-26c3a5a\" data-id=\"26c3a5a\" data-element_type=\"column\" data-e-type=\"column\">\n\t\t\t<div class=\"elementor-widget-wrap elementor-element-populated\">\n\t\t\t\t\t\t<div class=\"elementor-element elementor-element-5b370af elementor-widget elementor-widget-heading\" data-id=\"5b370af\" data-element_type=\"widget\" data-e-type=\"widget\" data-widget_type=\"heading.default\">\n\t\t\t\t<div class=\"elementor-widget-container\">\n\t\t\t\t\t<h1 class=\"elementor-heading-title elementor-size-xxl\">La nostra arqueologia<\/h1>\t\t\t\t<\/div>\n\t\t\t\t<\/div>\n\t\t\t\t\t<\/div>\n\t\t<\/div>\n\t\t\t\t\t<\/div>\n\t\t<\/section>\n\t\t\t\t<section class=\"elementor-section elementor-top-section elementor-element elementor-element-4d66f5b elementor-section-boxed elementor-section-height-default elementor-section-height-default\" data-id=\"4d66f5b\" data-element_type=\"section\" data-e-type=\"section\">\n\t\t\t\t\t\t<div class=\"elementor-container elementor-column-gap-default\">\n\t\t\t\t\t<div class=\"elementor-column elementor-col-50 elementor-top-column elementor-element elementor-element-70bef9e\" data-id=\"70bef9e\" data-element_type=\"column\" data-e-type=\"column\" data-settings=\"{&quot;background_background&quot;:&quot;classic&quot;}\">\n\t\t\t<div class=\"elementor-widget-wrap elementor-element-populated\">\n\t\t\t\t\t\t<div class=\"elementor-element elementor-element-0e121fb elementor-position-top elementor-widget elementor-widget-image-box\" data-id=\"0e121fb\" data-element_type=\"widget\" data-e-type=\"widget\" data-widget_type=\"image-box.default\">\n\t\t\t\t<div class=\"elementor-widget-container\">\n\t\t\t\t\t<div class=\"elementor-image-box-wrapper\"><figure class=\"elementor-image-box-img\"><img fetchpriority=\"high\" decoding=\"async\" width=\"662\" height=\"495\" src=\"https:\/\/turismosantjoan.es\/wp-content\/uploads\/2023\/08\/Imagen-1.png\" class=\"attachment-full size-full wp-image-5770\" alt=\"\" srcset=\"https:\/\/turismosantjoan.es\/wp-content\/uploads\/2023\/08\/Imagen-1.png 662w, https:\/\/turismosantjoan.es\/wp-content\/uploads\/2023\/08\/Imagen-1-300x224.png 300w\" sizes=\"(max-width: 662px) 100vw, 662px\" \/><\/figure><div class=\"elementor-image-box-content\"><h3 class=\"elementor-image-box-title\">Arqueologia en Alacant<\/h3><p class=\"elementor-image-box-description\">La Parr\u00f2quia de Sant Joan Baptista, el barri antic, les imponents Torres de l'Horta o les magn\u00edfiques finques senyorials i de cultiu, s\u00f3n nom\u00e9s un exemple del ric patrimoni de Sant Joan, per\u00f2 la pr\u00f2pia horta, amb el seu sistema de s\u00e9quies, ferramentes de cultiu, les t\u00e8cniques de treball emprades en el camp i les tradicions de les seues gents, tamb\u00e9 formen part d'aquest patrimoni material i immaterial i de la hist\u00f2ria de la localitat.<\/p><\/div><\/div>\t\t\t\t<\/div>\n\t\t\t\t<\/div>\n\t\t\t\t<div class=\"elementor-element elementor-element-ce58b5f elementor-mobile-align-justify elementor-align-center elementor-widget elementor-widget-button\" data-id=\"ce58b5f\" data-element_type=\"widget\" data-e-type=\"widget\" data-widget_type=\"button.default\">\n\t\t\t\t<div class=\"elementor-widget-container\">\n\t\t\t\t\t\t\t\t\t<div class=\"elementor-button-wrapper\">\n\t\t\t\t\t<a class=\"elementor-button elementor-button-link elementor-size-sm elementor-animation-push\" href=\"https:\/\/turismosantjoan.es\/ca\/arqueologia-en-alacant\/\">\n\t\t\t\t\t\t<span class=\"elementor-button-content-wrapper\">\n\t\t\t\t\t\t\t\t\t<span class=\"elementor-button-text\">Saber m\u00e9s<\/span>\n\t\t\t\t\t<\/span>\n\t\t\t\t\t<\/a>\n\t\t\t\t<\/div>\n\t\t\t\t\t\t\t\t<\/div>\n\t\t\t\t<\/div>\n\t\t\t\t\t<\/div>\n\t\t<\/div>\n\t\t\t\t<div class=\"elementor-column elementor-col-50 elementor-top-column elementor-element elementor-element-252b40a\" data-id=\"252b40a\" data-element_type=\"column\" data-e-type=\"column\" data-settings=\"{&quot;background_background&quot;:&quot;classic&quot;}\">\n\t\t\t<div class=\"elementor-widget-wrap elementor-element-populated\">\n\t\t\t\t\t\t<div class=\"elementor-element elementor-element-798efde elementor-position-top elementor-widget elementor-widget-image-box\" data-id=\"798efde\" data-element_type=\"widget\" data-e-type=\"widget\" data-widget_type=\"image-box.default\">\n\t\t\t\t<div class=\"elementor-widget-container\">\n\t\t\t\t\t<div class=\"elementor-image-box-wrapper\"><figure class=\"elementor-image-box-img\"><img decoding=\"async\" width=\"1067\" height=\"800\" src=\"https:\/\/turismosantjoan.es\/wp-content\/uploads\/2023\/07\/TESORILLO-DE-SANT-JOAN-1067x800-1.jpg\" class=\"attachment-full size-full wp-image-379\" alt=\"\" srcset=\"https:\/\/turismosantjoan.es\/wp-content\/uploads\/2023\/07\/TESORILLO-DE-SANT-JOAN-1067x800-1.jpg 1067w, https:\/\/turismosantjoan.es\/wp-content\/uploads\/2023\/07\/TESORILLO-DE-SANT-JOAN-1067x800-1-300x225.jpg 300w, https:\/\/turismosantjoan.es\/wp-content\/uploads\/2023\/07\/TESORILLO-DE-SANT-JOAN-1067x800-1-1024x768.jpg 1024w, https:\/\/turismosantjoan.es\/wp-content\/uploads\/2023\/07\/TESORILLO-DE-SANT-JOAN-1067x800-1-768x576.jpg 768w\" sizes=\"(max-width: 1067px) 100vw, 1067px\" \/><\/figure><div class=\"elementor-image-box-content\"><h3 class=\"elementor-image-box-title\">Tesoro de Sant Joan<\/h3><p class=\"elementor-image-box-description\">Aquest extraordinari conjunt de monedes d'\u00e8poca contempor\u00e0nia va ser trobat en el nostre municipi el 13 d'abril de 1963. \u00c9s el tresor d'aquestes caracter\u00edstiques m\u00e9s interessant i important de la prov\u00edncia d'Alacant per la riquesa i vistositat de les seues monedes, per l'espl\u00e8ndid estat de conservaci\u00f3 d'algunes d'elles i perqu\u00e8 \u00e9s una excel\u00b7lent mostra de la moneda d'or i, sobretot, de plata que hi havia en circulaci\u00f3 a la comarca de L'Alacant\u00ed durant el primer quart del segle XIX. Actualment, s'encarrega de la seua cust\u00f2dia el *MARQ (Museu Arqueol\u00f2gic Provincial d'Alacant).<\/p><\/div><\/div>\t\t\t\t<\/div>\n\t\t\t\t<\/div>\n\t\t\t\t<div class=\"elementor-element elementor-element-75d1324 elementor-mobile-align-justify elementor-align-center elementor-widget elementor-widget-button\" data-id=\"75d1324\" data-element_type=\"widget\" data-e-type=\"widget\" data-widget_type=\"button.default\">\n\t\t\t\t<div class=\"elementor-widget-container\">\n\t\t\t\t\t\t\t\t\t<div class=\"elementor-button-wrapper\">\n\t\t\t\t\t<a class=\"elementor-button elementor-button-link elementor-size-sm elementor-animation-push\" href=\"https:\/\/turismosantjoan.es\/ca\/el-tresor-de-sant-joan-dalacant\/\">\n\t\t\t\t\t\t<span class=\"elementor-button-content-wrapper\">\n\t\t\t\t\t\t\t\t\t<span class=\"elementor-button-text\">Saber m\u00e9s<\/span>\n\t\t\t\t\t<\/span>\n\t\t\t\t\t<\/a>\n\t\t\t\t<\/div>\n\t\t\t\t\t\t\t\t<\/div>\n\t\t\t\t<\/div>\n\t\t\t\t\t<\/div>\n\t\t<\/div>\n\t\t\t\t\t<\/div>\n\t\t<\/section>\n\t\t\t\t<section class=\"elementor-section elementor-top-section elementor-element elementor-element-72c5b31 elementor-section-boxed elementor-section-height-default elementor-section-height-default\" data-id=\"72c5b31\" data-element_type=\"section\" data-e-type=\"section\">\n\t\t\t\t\t\t<div class=\"elementor-container elementor-column-gap-default\">\n\t\t\t\t\t<div class=\"elementor-column elementor-col-50 elementor-top-column elementor-element elementor-element-a34957b\" data-id=\"a34957b\" data-element_type=\"column\" data-e-type=\"column\" data-settings=\"{&quot;background_background&quot;:&quot;classic&quot;}\">\n\t\t\t<div class=\"elementor-widget-wrap elementor-element-populated\">\n\t\t\t\t\t\t<div class=\"elementor-element elementor-element-79616b2 elementor-position-top elementor-widget elementor-widget-image-box\" data-id=\"79616b2\" data-element_type=\"widget\" data-e-type=\"widget\" data-widget_type=\"image-box.default\">\n\t\t\t\t<div class=\"elementor-widget-container\">\n\t\t\t\t\t<div class=\"elementor-image-box-wrapper\"><figure class=\"elementor-image-box-img\"><img decoding=\"async\" width=\"1656\" height=\"1179\" src=\"https:\/\/turismosantjoan.es\/wp-content\/uploads\/2023\/07\/refugioPedrojose.jpg\" class=\"attachment-full size-full wp-image-382\" alt=\"\" srcset=\"https:\/\/turismosantjoan.es\/wp-content\/uploads\/2023\/07\/refugioPedrojose.jpg 1656w, https:\/\/turismosantjoan.es\/wp-content\/uploads\/2023\/07\/refugioPedrojose-300x214.jpg 300w, https:\/\/turismosantjoan.es\/wp-content\/uploads\/2023\/07\/refugioPedrojose-1024x729.jpg 1024w, https:\/\/turismosantjoan.es\/wp-content\/uploads\/2023\/07\/refugioPedrojose-768x547.jpg 768w, https:\/\/turismosantjoan.es\/wp-content\/uploads\/2023\/07\/refugioPedrojose-1536x1094.jpg 1536w\" sizes=\"(max-width: 1656px) 100vw, 1656px\" \/><\/figure><div class=\"elementor-image-box-content\"><h3 class=\"elementor-image-box-title\">Refugi Pedro Jos\u00e9<\/h3><p class=\"elementor-image-box-description\">La finca Pedro Jos\u00e9 va ser constru\u00efda en l'\u00faltim ter\u00e7 del segle XIX i ha servit com a finca de l'horta de cort burgesa. En ella, ha viscut tres generacions de la fam\u00edlia Els Pi\u00f1olets. Una casa que ser\u00e0 heretada per les dones es convertir\u00e0 en l'habitatge familiar d'un reconegut militar. Al comen\u00e7ament de la Guerra Civil, ser\u00e0 confiscada pel llavors Tinent Coronel de Carabiners, Jos\u00e9 Mu\u00f1oz Vizca\u00edno. Ser\u00e0 llavors quan es construir\u00e0 en les entranyes d'aquesta, aproximadament a 7 metres de profunditat, un refugi antiaeri que ser\u00e0 protagonista del cap\u00edtol final del conflicte.\n\n<\/p><\/div><\/div>\t\t\t\t<\/div>\n\t\t\t\t<\/div>\n\t\t\t\t<div class=\"elementor-element elementor-element-b3a2128 elementor-mobile-align-justify elementor-align-center elementor-widget elementor-widget-button\" data-id=\"b3a2128\" data-element_type=\"widget\" data-e-type=\"widget\" data-widget_type=\"button.default\">\n\t\t\t\t<div class=\"elementor-widget-container\">\n\t\t\t\t\t\t\t\t\t<div class=\"elementor-button-wrapper\">\n\t\t\t\t\t<a class=\"elementor-button elementor-button-link elementor-size-sm elementor-animation-push\" href=\"https:\/\/turismosantjoan.es\/refugio-pedro-jose\/\">\n\t\t\t\t\t\t<span class=\"elementor-button-content-wrapper\">\n\t\t\t\t\t\t\t\t\t<span class=\"elementor-button-text\">Saber m\u00e9s<\/span>\n\t\t\t\t\t<\/span>\n\t\t\t\t\t<\/a>\n\t\t\t\t<\/div>\n\t\t\t\t\t\t\t\t<\/div>\n\t\t\t\t<\/div>\n\t\t\t\t\t<\/div>\n\t\t<\/div>\n\t\t\t\t<div class=\"elementor-column elementor-col-50 elementor-top-column elementor-element elementor-element-1a35761\" data-id=\"1a35761\" data-element_type=\"column\" data-e-type=\"column\" data-settings=\"{&quot;background_background&quot;:&quot;classic&quot;}\">\n\t\t\t<div class=\"elementor-widget-wrap elementor-element-populated\">\n\t\t\t\t\t\t<div class=\"elementor-element elementor-element-384db9a elementor-position-top elementor-widget elementor-widget-image-box\" data-id=\"384db9a\" data-element_type=\"widget\" data-e-type=\"widget\" data-widget_type=\"image-box.default\">\n\t\t\t\t<div class=\"elementor-widget-container\">\n\t\t\t\t\t<div class=\"elementor-image-box-wrapper\"><figure class=\"elementor-image-box-img\"><img loading=\"lazy\" decoding=\"async\" width=\"1024\" height=\"683\" src=\"https:\/\/turismosantjoan.es\/wp-content\/uploads\/2023\/07\/Partidor-del-Toril.jpeg\" class=\"attachment-full size-full wp-image-2526\" alt=\"\" srcset=\"https:\/\/turismosantjoan.es\/wp-content\/uploads\/2023\/07\/Partidor-del-Toril.jpeg 1024w, https:\/\/turismosantjoan.es\/wp-content\/uploads\/2023\/07\/Partidor-del-Toril-300x200.jpeg 300w, https:\/\/turismosantjoan.es\/wp-content\/uploads\/2023\/07\/Partidor-del-Toril-768x512.jpeg 768w\" sizes=\"(max-width: 1024px) 100vw, 1024px\" \/><\/figure><div class=\"elementor-image-box-content\"><h3 class=\"elementor-image-box-title\">Partidor del Toril<\/h3><p class=\"elementor-image-box-description\">El partidor del Toril (o Turil) \u2013 segons els autors locals deriva de l'\u00e0rab tura que vol dir canal- era un element clau en el sistema de regadiu. Constru\u00eft entre els segles XV i XVI, al costat probablement de la desapareguda torre defensiva de Juan Senia, permetia dividir en dues el cabal de la S\u00e9quia Major i crear una s\u00e9quia principal que continuava pel Carrer Major i la del Carmen com brazal de Sant Joan cap a Benimagrell i una altra secund\u00e0ria a l'esquerra denominada brazal de la Moleta cap a les terres de Fabraquer regades per les hijuelas de la Moleta de Dins i de Fora, entre altres. La forma original d'aquest partidor era m\u00e9s xicoteta i rectangular, amb una vora de carreus que suportaven la porta i el sistema que permetia dirigir l'aigua a un costat o a un altre; no obstant aix\u00f2, despr\u00e9s de les successives reformes urbanes el partidor va quedar modificat tal com podem veure'l hui dia.<\/p><\/div><\/div>\t\t\t\t<\/div>\n\t\t\t\t<\/div>\n\t\t\t\t<div class=\"elementor-element elementor-element-478717e elementor-mobile-align-justify elementor-align-center elementor-widget elementor-widget-button\" data-id=\"478717e\" data-element_type=\"widget\" data-e-type=\"widget\" data-widget_type=\"button.default\">\n\t\t\t\t<div class=\"elementor-widget-container\">\n\t\t\t\t\t\t\t\t\t<div class=\"elementor-button-wrapper\">\n\t\t\t\t\t<a class=\"elementor-button elementor-button-link elementor-size-sm elementor-animation-push\" href=\"https:\/\/turismosantjoan.es\/partidor-del-toril\/\">\n\t\t\t\t\t\t<span class=\"elementor-button-content-wrapper\">\n\t\t\t\t\t\t\t\t\t<span class=\"elementor-button-text\">Saber m\u00e9s<\/span>\n\t\t\t\t\t<\/span>\n\t\t\t\t\t<\/a>\n\t\t\t\t<\/div>\n\t\t\t\t\t\t\t\t<\/div>\n\t\t\t\t<\/div>\n\t\t\t\t\t<\/div>\n\t\t<\/div>\n\t\t\t\t\t<\/div>\n\t\t<\/section>\n\t\t\t\t<\/div>\n\t\t","protected":false},"excerpt":{"rendered":"<p>La nostra arqueologia Arqueologia en Alacant La Parr\u00f2quia de Sant Joan Baptista, el barri antic, les imponents Torres de l&#8217;Horta o les magn\u00edfiques finques senyorials i de cultiu, s\u00f3n nom\u00e9s un exemple del ric patrimoni de Sant Joan, per\u00f2 la pr\u00f2pia horta, amb el seu sistema de s\u00e9quies, ferramentes de cultiu, les t\u00e8cniques de treball [&hellip;]<\/p>\n","protected":false},"author":1,"featured_media":0,"parent":0,"menu_order":0,"comment_status":"closed","ping_status":"closed","template":"","meta":{"footnotes":""},"class_list":["post-7401","page","type-page","status-publish","hentry"],"_links":{"self":[{"href":"https:\/\/turismosantjoan.es\/ca\/wp-json\/wp\/v2\/pages\/7401","targetHints":{"allow":["GET"]}}],"collection":[{"href":"https:\/\/turismosantjoan.es\/ca\/wp-json\/wp\/v2\/pages"}],"about":[{"href":"https:\/\/turismosantjoan.es\/ca\/wp-json\/wp\/v2\/types\/page"}],"author":[{"embeddable":true,"href":"https:\/\/turismosantjoan.es\/ca\/wp-json\/wp\/v2\/users\/1"}],"replies":[{"embeddable":true,"href":"https:\/\/turismosantjoan.es\/ca\/wp-json\/wp\/v2\/comments?post=7401"}],"version-history":[{"count":0,"href":"https:\/\/turismosantjoan.es\/ca\/wp-json\/wp\/v2\/pages\/7401\/revisions"}],"wp:attachment":[{"href":"https:\/\/turismosantjoan.es\/ca\/wp-json\/wp\/v2\/media?parent=7401"}],"curies":[{"name":"wp","href":"https:\/\/api.w.org\/{rel}","templated":true}]}}